{"id":530535,"date":"2025-10-14T11:04:08","date_gmt":"2025-10-14T09:04:08","guid":{"rendered":"https:\/\/perle-in.com\/produit\/tapis-de-souris-pure-avec-additif-antibacterien\/"},"modified":"2025-10-14T22:31:08","modified_gmt":"2025-10-14T20:31:08","slug":"tapis-de-souris-pure-avec-additif-antibacterien","status":"publish","type":"product","link":"https:\/\/perle-in.com\/en\/product\/tapis-de-souris-pure-avec-additif-antibacterien\/","title":{"rendered":"Tapis de souris Pure avec additif antibact\u00e9rien"},"content":{"rendered":"","protected":false},"excerpt":{"rendered":"<p>Tapis de souris avec additif antibact\u00e9rien et base antid\u00e9rapante de 5\u00a0mm en gomme polym\u00e9ris\u00e9e de styr\u00e8ne-butadi\u00e8ne (SBR), maintenant le tapis de souris en place. L&#8217;additif est capable de r\u00e9duire efficacement la concentration des bact\u00e9ries pr\u00e9sentes sur les surfaces du mat\u00e9riau. Il est tr\u00e8s efficace pour emp\u00eacher la croissance des bact\u00e9ries et des champignons engendrant des odeurs d\u00e9sagr\u00e9ables, des taches et responsables de la d\u00e9gradation des produits textiles et plastiques. Test\u00e9 selon la norme ISO 20743:2013. <\/p>","protected":false},"featured_media":530527,"template":"","meta":{"_eb_attr":""},"product_brand":[],"product_cat":[840,667],"product_tag":[2751,2801,786,1075,1155],"class_list":{"0":"post-530535","1":"product","2":"type-product","3":"status-publish","4":"has-post-thumbnail","6":"product_cat-accessoires-pour-ordinateur","7":"product_cat-technologie","8":"product_tag-accessoires","9":"product_tag-be-safe-concept","10":"product_tag-ordinateur","11":"product_tag-souris","12":"product_tag-tapis","13":"pa_couleurs-blanc","14":"pa_matiere-tissu","16":"first","17":"instock","18":"sale","19":"shipping-taxable","20":"purchasable","21":"product-type-variable"},"yoast_head":"<!-- This site is optimized with the Yoast SEO plugin v27.4 - https:\/\/yoast.com\/product\/yoast-seo-wordpress\/ -->\n<title>Tapis de souris Pure avec additif antibact\u00e9rien - PERLE IN<\/title>\n<meta name=\"robots\" content=\"noindex, follow, max-snippet:-1, max-image-preview:large, max-video-preview:-1\" \/>\n<meta property=\"og:locale\" content=\"en_US\" \/>\n<meta property=\"og:type\" content=\"article\" \/>\n<meta property=\"og:title\" content=\"Tapis de souris Pure avec additif antibact\u00e9rien - PERLE IN\" \/>\n<meta property=\"og:description\" content=\"Tapis de souris avec additif antibact\u00e9rien et base antid\u00e9rapante de 5\u00a0mm en gomme polym\u00e9ris\u00e9e de styr\u00e8ne-butadi\u00e8ne (SBR), maintenant le tapis de souris en place. L&#039;additif est capable de r\u00e9duire efficacement la concentration des bact\u00e9ries pr\u00e9sentes sur les surfaces du mat\u00e9riau. Il est tr\u00e8s efficace pour emp\u00eacher la croissance des bact\u00e9ries et des champignons engendrant des odeurs d\u00e9sagr\u00e9ables, des taches et responsables de la d\u00e9gradation des produits textiles et plastiques. Test\u00e9 selon la norme ISO 20743:2013.\" \/>\n<meta property=\"og:url\" content=\"https:\/\/perle-in.com\/en\/product\/tapis-de-souris-pure-avec-additif-antibacterien\/\" \/>\n<meta property=\"og:site_name\" content=\"PERLE IN\" \/>\n<meta property=\"article:modified_time\" content=\"2025-10-14T20:31:08+00:00\" \/>\n<meta property=\"og:image\" content=\"https:\/\/perle-in.com\/wp-content\/uploads\/2025\/10\/12418301-1.jpg\" \/>\n\t<meta property=\"og:image:width\" content=\"1600\" \/>\n\t<meta property=\"og:image:height\" content=\"1600\" \/>\n\t<meta property=\"og:image:type\" content=\"image\/jpeg\" \/>\n<meta name=\"twitter:card\" content=\"summary_large_image\" \/>\n<script type=\"application\/ld+json\" class=\"yoast-schema-graph\">{\"@context\":\"https:\\\/\\\/schema.org\",\"@graph\":[{\"@type\":\"WebPage\",\"@id\":\"https:\\\/\\\/perle-in.com\\\/en\\\/product\\\/tapis-de-souris-pure-avec-additif-antibacterien\\\/\",\"url\":\"https:\\\/\\\/perle-in.com\\\/en\\\/product\\\/tapis-de-souris-pure-avec-additif-antibacterien\\\/\",\"name\":\"Tapis de souris Pure avec additif antibact\u00e9rien - PERLE IN\",\"isPartOf\":{\"@id\":\"https:\\\/\\\/perle-in.com\\\/#website\"},\"primaryImageOfPage\":{\"@id\":\"https:\\\/\\\/perle-in.com\\\/en\\\/product\\\/tapis-de-souris-pure-avec-additif-antibacterien\\\/#primaryimage\"},\"image\":{\"@id\":\"https:\\\/\\\/perle-in.com\\\/en\\\/product\\\/tapis-de-souris-pure-avec-additif-antibacterien\\\/#primaryimage\"},\"thumbnailUrl\":\"https:\\\/\\\/perle-in.com\\\/wp-content\\\/uploads\\\/2025\\\/10\\\/12418301-1.jpg\",\"datePublished\":\"2025-10-14T09:04:08+00:00\",\"dateModified\":\"2025-10-14T20:31:08+00:00\",\"breadcrumb\":{\"@id\":\"https:\\\/\\\/perle-in.com\\\/en\\\/product\\\/tapis-de-souris-pure-avec-additif-antibacterien\\\/#breadcrumb\"},\"inLanguage\":\"en-CA\",\"potentialAction\":[{\"@type\":\"ReadAction\",\"target\":[\"https:\\\/\\\/perle-in.com\\\/en\\\/product\\\/tapis-de-souris-pure-avec-additif-antibacterien\\\/\"]}]},{\"@type\":\"ImageObject\",\"inLanguage\":\"en-CA\",\"@id\":\"https:\\\/\\\/perle-in.com\\\/en\\\/product\\\/tapis-de-souris-pure-avec-additif-antibacterien\\\/#primaryimage\",\"url\":\"https:\\\/\\\/perle-in.com\\\/wp-content\\\/uploads\\\/2025\\\/10\\\/12418301-1.jpg\",\"contentUrl\":\"https:\\\/\\\/perle-in.com\\\/wp-content\\\/uploads\\\/2025\\\/10\\\/12418301-1.jpg\",\"width\":1600,\"height\":1600},{\"@type\":\"BreadcrumbList\",\"@id\":\"https:\\\/\\\/perle-in.com\\\/en\\\/product\\\/tapis-de-souris-pure-avec-additif-antibacterien\\\/#breadcrumb\",\"itemListElement\":[{\"@type\":\"ListItem\",\"position\":1,\"name\":\"Accueil\",\"item\":\"https:\\\/\\\/perle-in.com\\\/\"},{\"@type\":\"ListItem\",\"position\":2,\"name\":\"Boutique\",\"item\":\"https:\\\/\\\/perle-in.com\\\/boutique\\\/\"},{\"@type\":\"ListItem\",\"position\":3,\"name\":\"Tapis de souris Pure avec additif antibact\u00e9rien\"}]},{\"@type\":\"WebSite\",\"@id\":\"https:\\\/\\\/perle-in.com\\\/#website\",\"url\":\"https:\\\/\\\/perle-in.com\\\/\",\"name\":\"PERLE IN\",\"description\":\"\",\"publisher\":{\"@id\":\"https:\\\/\\\/perle-in.com\\\/#organization\"},\"potentialAction\":[{\"@type\":\"SearchAction\",\"target\":{\"@type\":\"EntryPoint\",\"urlTemplate\":\"https:\\\/\\\/perle-in.com\\\/?s={search_term_string}\"},\"query-input\":{\"@type\":\"PropertyValueSpecification\",\"valueRequired\":true,\"valueName\":\"search_term_string\"}}],\"inLanguage\":\"en-CA\"},{\"@type\":\"Organization\",\"@id\":\"https:\\\/\\\/perle-in.com\\\/#organization\",\"name\":\"PERLE IN\",\"url\":\"https:\\\/\\\/perle-in.com\\\/\",\"logo\":{\"@type\":\"ImageObject\",\"inLanguage\":\"en-CA\",\"@id\":\"https:\\\/\\\/perle-in.com\\\/#\\\/schema\\\/logo\\\/image\\\/\",\"url\":\"https:\\\/\\\/perle-in.com\\\/wp-content\\\/uploads\\\/2022\\\/12\\\/LOGO-PERLE-IN-COULEUR@3x.webp\",\"contentUrl\":\"https:\\\/\\\/perle-in.com\\\/wp-content\\\/uploads\\\/2022\\\/12\\\/LOGO-PERLE-IN-COULEUR@3x.webp\",\"width\":1600,\"height\":490,\"caption\":\"PERLE IN\"},\"image\":{\"@id\":\"https:\\\/\\\/perle-in.com\\\/#\\\/schema\\\/logo\\\/image\\\/\"}}]}<\/script>\n<!-- \/ Yoast SEO plugin. -->","yoast_head_json":{"title":"Tapis de souris Pure avec additif antibact\u00e9rien - PERLE IN","robots":{"index":"noindex","follow":"follow","max-snippet":"max-snippet:-1","max-image-preview":"max-image-preview:large","max-video-preview":"max-video-preview:-1"},"og_locale":"en_US","og_type":"article","og_title":"Tapis de souris Pure avec additif antibact\u00e9rien - PERLE IN","og_description":"Tapis de souris avec additif antibact\u00e9rien et base antid\u00e9rapante de 5\u00a0mm en gomme polym\u00e9ris\u00e9e de styr\u00e8ne-butadi\u00e8ne (SBR), maintenant le tapis de souris en place. L'additif est capable de r\u00e9duire efficacement la concentration des bact\u00e9ries pr\u00e9sentes sur les surfaces du mat\u00e9riau. Il est tr\u00e8s efficace pour emp\u00eacher la croissance des bact\u00e9ries et des champignons engendrant des odeurs d\u00e9sagr\u00e9ables, des taches et responsables de la d\u00e9gradation des produits textiles et plastiques. Test\u00e9 selon la norme ISO 20743:2013.","og_url":"https:\/\/perle-in.com\/en\/product\/tapis-de-souris-pure-avec-additif-antibacterien\/","og_site_name":"PERLE IN","article_modified_time":"2025-10-14T20:31:08+00:00","og_image":[{"width":1600,"height":1600,"url":"https:\/\/perle-in.com\/wp-content\/uploads\/2025\/10\/12418301-1.jpg","type":"image\/jpeg"}],"twitter_card":"summary_large_image","schema":{"@context":"https:\/\/schema.org","@graph":[{"@type":"WebPage","@id":"https:\/\/perle-in.com\/en\/product\/tapis-de-souris-pure-avec-additif-antibacterien\/","url":"https:\/\/perle-in.com\/en\/product\/tapis-de-souris-pure-avec-additif-antibacterien\/","name":"Tapis de souris Pure avec additif antibact\u00e9rien - PERLE IN","isPartOf":{"@id":"https:\/\/perle-in.com\/#website"},"primaryImageOfPage":{"@id":"https:\/\/perle-in.com\/en\/product\/tapis-de-souris-pure-avec-additif-antibacterien\/#primaryimage"},"image":{"@id":"https:\/\/perle-in.com\/en\/product\/tapis-de-souris-pure-avec-additif-antibacterien\/#primaryimage"},"thumbnailUrl":"https:\/\/perle-in.com\/wp-content\/uploads\/2025\/10\/12418301-1.jpg","datePublished":"2025-10-14T09:04:08+00:00","dateModified":"2025-10-14T20:31:08+00:00","breadcrumb":{"@id":"https:\/\/perle-in.com\/en\/product\/tapis-de-souris-pure-avec-additif-antibacterien\/#breadcrumb"},"inLanguage":"en-CA","potentialAction":[{"@type":"ReadAction","target":["https:\/\/perle-in.com\/en\/product\/tapis-de-souris-pure-avec-additif-antibacterien\/"]}]},{"@type":"ImageObject","inLanguage":"en-CA","@id":"https:\/\/perle-in.com\/en\/product\/tapis-de-souris-pure-avec-additif-antibacterien\/#primaryimage","url":"https:\/\/perle-in.com\/wp-content\/uploads\/2025\/10\/12418301-1.jpg","contentUrl":"https:\/\/perle-in.com\/wp-content\/uploads\/2025\/10\/12418301-1.jpg","width":1600,"height":1600},{"@type":"BreadcrumbList","@id":"https:\/\/perle-in.com\/en\/product\/tapis-de-souris-pure-avec-additif-antibacterien\/#breadcrumb","itemListElement":[{"@type":"ListItem","position":1,"name":"Accueil","item":"https:\/\/perle-in.com\/"},{"@type":"ListItem","position":2,"name":"Boutique","item":"https:\/\/perle-in.com\/boutique\/"},{"@type":"ListItem","position":3,"name":"Tapis de souris Pure avec additif antibact\u00e9rien"}]},{"@type":"WebSite","@id":"https:\/\/perle-in.com\/#website","url":"https:\/\/perle-in.com\/","name":"PERLE IN","description":"","publisher":{"@id":"https:\/\/perle-in.com\/#organization"},"potentialAction":[{"@type":"SearchAction","target":{"@type":"EntryPoint","urlTemplate":"https:\/\/perle-in.com\/?s={search_term_string}"},"query-input":{"@type":"PropertyValueSpecification","valueRequired":true,"valueName":"search_term_string"}}],"inLanguage":"en-CA"},{"@type":"Organization","@id":"https:\/\/perle-in.com\/#organization","name":"PERLE IN","url":"https:\/\/perle-in.com\/","logo":{"@type":"ImageObject","inLanguage":"en-CA","@id":"https:\/\/perle-in.com\/#\/schema\/logo\/image\/","url":"https:\/\/perle-in.com\/wp-content\/uploads\/2022\/12\/LOGO-PERLE-IN-COULEUR@3x.webp","contentUrl":"https:\/\/perle-in.com\/wp-content\/uploads\/2022\/12\/LOGO-PERLE-IN-COULEUR@3x.webp","width":1600,"height":490,"caption":"PERLE IN"},"image":{"@id":"https:\/\/perle-in.com\/#\/schema\/logo\/image\/"}}]}},"jetpack_sharing_enabled":true,"_links":{"self":[{"href":"https:\/\/perle-in.com\/en\/wp-json\/wp\/v2\/product\/530535","targetHints":{"allow":["GET"]}}],"collection":[{"href":"https:\/\/perle-in.com\/en\/wp-json\/wp\/v2\/product"}],"about":[{"href":"https:\/\/perle-in.com\/en\/wp-json\/wp\/v2\/types\/product"}],"version-history":[{"count":0,"href":"https:\/\/perle-in.com\/en\/wp-json\/wp\/v2\/product\/530535\/revisions"}],"wp:featuredmedia":[{"embeddable":true,"href":"https:\/\/perle-in.com\/en\/wp-json\/wp\/v2\/media\/530527"}],"wp:attachment":[{"href":"https:\/\/perle-in.com\/en\/wp-json\/wp\/v2\/media?parent=530535"}],"wp:term":[{"taxonomy":"product_brand","embeddable":true,"href":"https:\/\/perle-in.com\/en\/wp-json\/wp\/v2\/product_brand?post=530535"},{"taxonomy":"product_cat","embeddable":true,"href":"https:\/\/perle-in.com\/en\/wp-json\/wp\/v2\/product_cat?post=530535"},{"taxonomy":"product_tag","embeddable":true,"href":"https:\/\/perle-in.com\/en\/wp-json\/wp\/v2\/product_tag?post=530535"}],"curies":[{"name":"wp","href":"https:\/\/api.w.org\/{rel}","templated":true}]}}