{"id":530467,"date":"2025-10-14T10:43:24","date_gmt":"2025-10-14T08:43:24","guid":{"rendered":"https:\/\/perle-in.com\/produit\/serviette-de-sport-rafraichissante-en-pet-recycle-raquel-avec-pochette-80-x-30-cm\/"},"modified":"2025-10-14T10:43:27","modified_gmt":"2025-10-14T08:43:27","slug":"serviette-de-sport-rafraichissante-en-pet-recycle-raquel-avec-pochette-80-x-30-cm","status":"publish","type":"product","link":"https:\/\/perle-in.com\/en\/product\/serviette-de-sport-rafraichissante-en-pet-recycle-raquel-avec-pochette-80-x-30-cm\/","title":{"rendered":"Serviette de sport rafra\u00eechissante en PET recycl\u00e9 Raquel avec pochette 80 x 30 cm"},"content":{"rendered":"","protected":false},"excerpt":{"rendered":"<p>Serviette rafra\u00eechissante lavable \u00e0 absorption et s\u00e9chage rapides en PET recycl\u00e9. Livr\u00e9e dans une petite pochette \u00e0 fermeture en PET recycl\u00e9 pour faciliter le transport. Grande zone de marquage sur la pochette (dimensions 15\u00a0x\u00a011,5\u00a0cm). Marquage \u00e9galement possible sur la serviette rafra\u00eechissante elle-m\u00eame (dimensions 80\u00a0x\u00a030\u00a0cm).<\/p>","protected":false},"featured_media":530458,"template":"","meta":{"_eb_attr":""},"product_brand":[],"product_cat":[390,1243],"product_tag":[946,1672,1994,836,953,1800,1801,237],"class_list":{"0":"post-530467","1":"product","2":"type-product","3":"status-publish","4":"has-post-thumbnail","6":"product_cat-sant-et-hygine-personnelle","7":"product_cat-serviettes","8":"product_tag-green-concept","9":"product_tag-pet","10":"product_tag-rafraichissante","11":"product_tag-recycle","12":"product_tag-salle","13":"product_tag-serviette","14":"product_tag-serviettes","15":"product_tag-sports","16":"pa_couleurs-blanc","17":"pa_couleurs-bleu-royal","18":"pa_couleurs-noir","19":"pa_green-points-2793","20":"pa_matiere-plastique-recycle-pet","22":"first","23":"instock","24":"shipping-taxable","25":"purchasable","26":"product-type-variable"},"yoast_head":"<!-- This site is optimized with the Yoast SEO plugin v27.4 - https:\/\/yoast.com\/product\/yoast-seo-wordpress\/ -->\n<title>Serviette de sport rafra\u00eechissante en PET recycl\u00e9 Raquel avec pochette 80 x 30 cm - PERLE IN<\/title>\n<meta name=\"robots\" content=\"noindex, follow, max-snippet:-1, max-image-preview:large, max-video-preview:-1\" \/>\n<meta property=\"og:locale\" content=\"en_US\" \/>\n<meta property=\"og:type\" content=\"article\" \/>\n<meta property=\"og:title\" content=\"Serviette de sport rafra\u00eechissante en PET recycl\u00e9 Raquel avec pochette 80 x 30 cm - PERLE IN\" \/>\n<meta property=\"og:description\" content=\"Serviette rafra\u00eechissante lavable \u00e0 absorption et s\u00e9chage rapides en PET recycl\u00e9. Livr\u00e9e dans une petite pochette \u00e0 fermeture en PET recycl\u00e9 pour faciliter le transport. Grande zone de marquage sur la pochette (dimensions 15\u00a0x\u00a011,5\u00a0cm). Marquage \u00e9galement possible sur la serviette rafra\u00eechissante elle-m\u00eame (dimensions 80\u00a0x\u00a030\u00a0cm).\" \/>\n<meta property=\"og:url\" content=\"https:\/\/perle-in.com\/en\/product\/serviette-de-sport-rafraichissante-en-pet-recycle-raquel-avec-pochette-80-x-30-cm\/\" \/>\n<meta property=\"og:site_name\" content=\"PERLE IN\" \/>\n<meta property=\"article:modified_time\" content=\"2025-10-14T08:43:27+00:00\" \/>\n<meta property=\"og:image\" content=\"https:\/\/perle-in.com\/wp-content\/uploads\/2025\/10\/12500101-1.jpg\" \/>\n\t<meta property=\"og:image:width\" content=\"1600\" \/>\n\t<meta property=\"og:image:height\" content=\"1600\" \/>\n\t<meta property=\"og:image:type\" content=\"image\/jpeg\" \/>\n<meta name=\"twitter:card\" content=\"summary_large_image\" \/>\n<script type=\"application\/ld+json\" class=\"yoast-schema-graph\">{\"@context\":\"https:\\\/\\\/schema.org\",\"@graph\":[{\"@type\":\"WebPage\",\"@id\":\"https:\\\/\\\/perle-in.com\\\/produit\\\/serviette-de-sport-rafraichissante-en-pet-recycle-raquel-avec-pochette-80-x-30-cm\\\/\",\"url\":\"https:\\\/\\\/perle-in.com\\\/produit\\\/serviette-de-sport-rafraichissante-en-pet-recycle-raquel-avec-pochette-80-x-30-cm\\\/\",\"name\":\"Serviette de sport rafra\u00eechissante en PET recycl\u00e9 Raquel avec pochette 80 x 30 cm - PERLE IN\",\"isPartOf\":{\"@id\":\"https:\\\/\\\/perle-in.com\\\/#website\"},\"primaryImageOfPage\":{\"@id\":\"https:\\\/\\\/perle-in.com\\\/produit\\\/serviette-de-sport-rafraichissante-en-pet-recycle-raquel-avec-pochette-80-x-30-cm\\\/#primaryimage\"},\"image\":{\"@id\":\"https:\\\/\\\/perle-in.com\\\/produit\\\/serviette-de-sport-rafraichissante-en-pet-recycle-raquel-avec-pochette-80-x-30-cm\\\/#primaryimage\"},\"thumbnailUrl\":\"https:\\\/\\\/perle-in.com\\\/wp-content\\\/uploads\\\/2025\\\/10\\\/12500101-1.jpg\",\"datePublished\":\"2025-10-14T08:43:24+00:00\",\"dateModified\":\"2025-10-14T08:43:27+00:00\",\"breadcrumb\":{\"@id\":\"https:\\\/\\\/perle-in.com\\\/produit\\\/serviette-de-sport-rafraichissante-en-pet-recycle-raquel-avec-pochette-80-x-30-cm\\\/#breadcrumb\"},\"inLanguage\":\"en-CA\",\"potentialAction\":[{\"@type\":\"ReadAction\",\"target\":[\"https:\\\/\\\/perle-in.com\\\/produit\\\/serviette-de-sport-rafraichissante-en-pet-recycle-raquel-avec-pochette-80-x-30-cm\\\/\"]}]},{\"@type\":\"ImageObject\",\"inLanguage\":\"en-CA\",\"@id\":\"https:\\\/\\\/perle-in.com\\\/produit\\\/serviette-de-sport-rafraichissante-en-pet-recycle-raquel-avec-pochette-80-x-30-cm\\\/#primaryimage\",\"url\":\"https:\\\/\\\/perle-in.com\\\/wp-content\\\/uploads\\\/2025\\\/10\\\/12500101-1.jpg\",\"contentUrl\":\"https:\\\/\\\/perle-in.com\\\/wp-content\\\/uploads\\\/2025\\\/10\\\/12500101-1.jpg\",\"width\":1600,\"height\":1600},{\"@type\":\"BreadcrumbList\",\"@id\":\"https:\\\/\\\/perle-in.com\\\/produit\\\/serviette-de-sport-rafraichissante-en-pet-recycle-raquel-avec-pochette-80-x-30-cm\\\/#breadcrumb\",\"itemListElement\":[{\"@type\":\"ListItem\",\"position\":1,\"name\":\"Accueil\",\"item\":\"https:\\\/\\\/perle-in.com\\\/\"},{\"@type\":\"ListItem\",\"position\":2,\"name\":\"Boutique\",\"item\":\"https:\\\/\\\/perle-in.com\\\/boutique\\\/\"},{\"@type\":\"ListItem\",\"position\":3,\"name\":\"Serviette de sport rafra\u00eechissante en PET recycl\u00e9 Raquel avec pochette 80 x 30 cm\"}]},{\"@type\":\"WebSite\",\"@id\":\"https:\\\/\\\/perle-in.com\\\/#website\",\"url\":\"https:\\\/\\\/perle-in.com\\\/\",\"name\":\"PERLE IN\",\"description\":\"\",\"publisher\":{\"@id\":\"https:\\\/\\\/perle-in.com\\\/#organization\"},\"potentialAction\":[{\"@type\":\"SearchAction\",\"target\":{\"@type\":\"EntryPoint\",\"urlTemplate\":\"https:\\\/\\\/perle-in.com\\\/?s={search_term_string}\"},\"query-input\":{\"@type\":\"PropertyValueSpecification\",\"valueRequired\":true,\"valueName\":\"search_term_string\"}}],\"inLanguage\":\"en-CA\"},{\"@type\":\"Organization\",\"@id\":\"https:\\\/\\\/perle-in.com\\\/#organization\",\"name\":\"PERLE IN\",\"url\":\"https:\\\/\\\/perle-in.com\\\/\",\"logo\":{\"@type\":\"ImageObject\",\"inLanguage\":\"en-CA\",\"@id\":\"https:\\\/\\\/perle-in.com\\\/#\\\/schema\\\/logo\\\/image\\\/\",\"url\":\"https:\\\/\\\/perle-in.com\\\/wp-content\\\/uploads\\\/2022\\\/12\\\/LOGO-PERLE-IN-COULEUR@3x.webp\",\"contentUrl\":\"https:\\\/\\\/perle-in.com\\\/wp-content\\\/uploads\\\/2022\\\/12\\\/LOGO-PERLE-IN-COULEUR@3x.webp\",\"width\":1600,\"height\":490,\"caption\":\"PERLE IN\"},\"image\":{\"@id\":\"https:\\\/\\\/perle-in.com\\\/#\\\/schema\\\/logo\\\/image\\\/\"}}]}<\/script>\n<!-- \/ Yoast SEO plugin. -->","yoast_head_json":{"title":"Serviette de sport rafra\u00eechissante en PET recycl\u00e9 Raquel avec pochette 80 x 30 cm - PERLE IN","robots":{"index":"noindex","follow":"follow","max-snippet":"max-snippet:-1","max-image-preview":"max-image-preview:large","max-video-preview":"max-video-preview:-1"},"og_locale":"en_US","og_type":"article","og_title":"Serviette de sport rafra\u00eechissante en PET recycl\u00e9 Raquel avec pochette 80 x 30 cm - PERLE IN","og_description":"Serviette rafra\u00eechissante lavable \u00e0 absorption et s\u00e9chage rapides en PET recycl\u00e9. Livr\u00e9e dans une petite pochette \u00e0 fermeture en PET recycl\u00e9 pour faciliter le transport. Grande zone de marquage sur la pochette (dimensions 15\u00a0x\u00a011,5\u00a0cm). Marquage \u00e9galement possible sur la serviette rafra\u00eechissante elle-m\u00eame (dimensions 80\u00a0x\u00a030\u00a0cm).","og_url":"https:\/\/perle-in.com\/en\/product\/serviette-de-sport-rafraichissante-en-pet-recycle-raquel-avec-pochette-80-x-30-cm\/","og_site_name":"PERLE IN","article_modified_time":"2025-10-14T08:43:27+00:00","og_image":[{"width":1600,"height":1600,"url":"https:\/\/perle-in.com\/wp-content\/uploads\/2025\/10\/12500101-1.jpg","type":"image\/jpeg"}],"twitter_card":"summary_large_image","schema":{"@context":"https:\/\/schema.org","@graph":[{"@type":"WebPage","@id":"https:\/\/perle-in.com\/produit\/serviette-de-sport-rafraichissante-en-pet-recycle-raquel-avec-pochette-80-x-30-cm\/","url":"https:\/\/perle-in.com\/produit\/serviette-de-sport-rafraichissante-en-pet-recycle-raquel-avec-pochette-80-x-30-cm\/","name":"Serviette de sport rafra\u00eechissante en PET recycl\u00e9 Raquel avec pochette 80 x 30 cm - PERLE IN","isPartOf":{"@id":"https:\/\/perle-in.com\/#website"},"primaryImageOfPage":{"@id":"https:\/\/perle-in.com\/produit\/serviette-de-sport-rafraichissante-en-pet-recycle-raquel-avec-pochette-80-x-30-cm\/#primaryimage"},"image":{"@id":"https:\/\/perle-in.com\/produit\/serviette-de-sport-rafraichissante-en-pet-recycle-raquel-avec-pochette-80-x-30-cm\/#primaryimage"},"thumbnailUrl":"https:\/\/perle-in.com\/wp-content\/uploads\/2025\/10\/12500101-1.jpg","datePublished":"2025-10-14T08:43:24+00:00","dateModified":"2025-10-14T08:43:27+00:00","breadcrumb":{"@id":"https:\/\/perle-in.com\/produit\/serviette-de-sport-rafraichissante-en-pet-recycle-raquel-avec-pochette-80-x-30-cm\/#breadcrumb"},"inLanguage":"en-CA","potentialAction":[{"@type":"ReadAction","target":["https:\/\/perle-in.com\/produit\/serviette-de-sport-rafraichissante-en-pet-recycle-raquel-avec-pochette-80-x-30-cm\/"]}]},{"@type":"ImageObject","inLanguage":"en-CA","@id":"https:\/\/perle-in.com\/produit\/serviette-de-sport-rafraichissante-en-pet-recycle-raquel-avec-pochette-80-x-30-cm\/#primaryimage","url":"https:\/\/perle-in.com\/wp-content\/uploads\/2025\/10\/12500101-1.jpg","contentUrl":"https:\/\/perle-in.com\/wp-content\/uploads\/2025\/10\/12500101-1.jpg","width":1600,"height":1600},{"@type":"BreadcrumbList","@id":"https:\/\/perle-in.com\/produit\/serviette-de-sport-rafraichissante-en-pet-recycle-raquel-avec-pochette-80-x-30-cm\/#breadcrumb","itemListElement":[{"@type":"ListItem","position":1,"name":"Accueil","item":"https:\/\/perle-in.com\/"},{"@type":"ListItem","position":2,"name":"Boutique","item":"https:\/\/perle-in.com\/boutique\/"},{"@type":"ListItem","position":3,"name":"Serviette de sport rafra\u00eechissante en PET recycl\u00e9 Raquel avec pochette 80 x 30 cm"}]},{"@type":"WebSite","@id":"https:\/\/perle-in.com\/#website","url":"https:\/\/perle-in.com\/","name":"PERLE IN","description":"","publisher":{"@id":"https:\/\/perle-in.com\/#organization"},"potentialAction":[{"@type":"SearchAction","target":{"@type":"EntryPoint","urlTemplate":"https:\/\/perle-in.com\/?s={search_term_string}"},"query-input":{"@type":"PropertyValueSpecification","valueRequired":true,"valueName":"search_term_string"}}],"inLanguage":"en-CA"},{"@type":"Organization","@id":"https:\/\/perle-in.com\/#organization","name":"PERLE IN","url":"https:\/\/perle-in.com\/","logo":{"@type":"ImageObject","inLanguage":"en-CA","@id":"https:\/\/perle-in.com\/#\/schema\/logo\/image\/","url":"https:\/\/perle-in.com\/wp-content\/uploads\/2022\/12\/LOGO-PERLE-IN-COULEUR@3x.webp","contentUrl":"https:\/\/perle-in.com\/wp-content\/uploads\/2022\/12\/LOGO-PERLE-IN-COULEUR@3x.webp","width":1600,"height":490,"caption":"PERLE IN"},"image":{"@id":"https:\/\/perle-in.com\/#\/schema\/logo\/image\/"}}]}},"jetpack_sharing_enabled":true,"_links":{"self":[{"href":"https:\/\/perle-in.com\/en\/wp-json\/wp\/v2\/product\/530467","targetHints":{"allow":["GET"]}}],"collection":[{"href":"https:\/\/perle-in.com\/en\/wp-json\/wp\/v2\/product"}],"about":[{"href":"https:\/\/perle-in.com\/en\/wp-json\/wp\/v2\/types\/product"}],"version-history":[{"count":0,"href":"https:\/\/perle-in.com\/en\/wp-json\/wp\/v2\/product\/530467\/revisions"}],"wp:featuredmedia":[{"embeddable":true,"href":"https:\/\/perle-in.com\/en\/wp-json\/wp\/v2\/media\/530458"}],"wp:attachment":[{"href":"https:\/\/perle-in.com\/en\/wp-json\/wp\/v2\/media?parent=530467"}],"wp:term":[{"taxonomy":"product_brand","embeddable":true,"href":"https:\/\/perle-in.com\/en\/wp-json\/wp\/v2\/product_brand?post=530467"},{"taxonomy":"product_cat","embeddable":true,"href":"https:\/\/perle-in.com\/en\/wp-json\/wp\/v2\/product_cat?post=530467"},{"taxonomy":"product_tag","embeddable":true,"href":"https:\/\/perle-in.com\/en\/wp-json\/wp\/v2\/product_tag?post=530467"}],"curies":[{"name":"wp","href":"https:\/\/api.w.org\/{rel}","templated":true}]}}