{"id":530386,"date":"2025-10-14T10:35:48","date_gmt":"2025-10-14T08:35:48","guid":{"rendered":"https:\/\/perle-in.com\/produit\/bracelet-reflechissant-pour-smartphone-avec-etui-transparent-haile\/"},"modified":"2025-10-14T10:35:51","modified_gmt":"2025-10-14T08:35:51","slug":"bracelet-reflechissant-pour-smartphone-avec-etui-transparent-haile","status":"publish","type":"product","link":"https:\/\/perle-in.com\/en\/product\/bracelet-reflechissant-pour-smartphone-avec-etui-transparent-haile\/","title":{"rendered":"Bracelet r\u00e9fl\u00e9chissant pour smartphone avec \u00e9tui transparent Haile"},"content":{"rendered":"","protected":false},"excerpt":{"rendered":"<p>Bracelet r\u00e9glable avec fermeture \u00e0 boucle et \u00e9tui transparent pour prot\u00e9ger et utiliser votre smartphone pendant que vous courez ou pendant toute autre activit\u00e9. Convient \u00e0 plusieurs smartphones de grande taille tels que les iPhone X, 8, 7, 6, 5 et\/ou les Galaxy Note S9, S8, S7, S6. Les dimensions de la pochette pour t\u00e9l\u00e9phone sont de 8\u00a0x\u00a018\u00a0cm. La fen\u00eatre transparente est dot\u00e9e d&#8217;une bande r\u00e9fl\u00e9chissante pour une meilleure visibilit\u00e9 dans l&#8217;obscurit\u00e9. Le bracelet \u00e0 boucle peut \u00eatre ajust\u00e9 \u00e0 diff\u00e9rentes tailles. Inclut une pochette suppl\u00e9mentaire pour vos cl\u00e9s ou pi\u00e8ces de monnaie.<\/p>","protected":false},"featured_media":530380,"template":"","meta":{"_eb_attr":""},"product_brand":[],"product_cat":[668,667],"product_tag":[2751,440,1442,2783,686,1443,680,2782],"class_list":{"0":"post-530386","1":"product","2":"type-product","3":"status-publish","4":"has-post-thumbnail","6":"product_cat-accessoires-pour-telephone-et-tablette","7":"product_cat-technologie","8":"product_tag-accessoires","9":"product_tag-bracelet","10":"product_tag-iphone","11":"product_tag-jogging","12":"product_tag-reflechissant","13":"product_tag-samsung","14":"product_tag-smartphone","15":"product_tag-tour-de-bras","16":"pa_couleurs-noir","17":"pa_matiere-neoprene-pvc","19":"first","20":"instock","21":"shipping-taxable","22":"purchasable","23":"product-type-variable"},"yoast_head":"<!-- This site is optimized with the Yoast SEO plugin v27.4 - https:\/\/yoast.com\/product\/yoast-seo-wordpress\/ -->\n<title>Bracelet r\u00e9fl\u00e9chissant pour smartphone avec \u00e9tui transparent Haile - PERLE IN<\/title>\n<meta name=\"robots\" content=\"noindex, follow, max-snippet:-1, max-image-preview:large, max-video-preview:-1\" \/>\n<meta property=\"og:locale\" content=\"en_US\" \/>\n<meta property=\"og:type\" content=\"article\" \/>\n<meta property=\"og:title\" content=\"Bracelet r\u00e9fl\u00e9chissant pour smartphone avec \u00e9tui transparent Haile - PERLE IN\" \/>\n<meta property=\"og:description\" content=\"Bracelet r\u00e9glable avec fermeture \u00e0 boucle et \u00e9tui transparent pour prot\u00e9ger et utiliser votre smartphone pendant que vous courez ou pendant toute autre activit\u00e9. Convient \u00e0 plusieurs smartphones de grande taille tels que les iPhone X, 8, 7, 6, 5 et\/ou les Galaxy Note S9, S8, S7, S6. Les dimensions de la pochette pour t\u00e9l\u00e9phone sont de 8\u00a0x\u00a018\u00a0cm. La fen\u00eatre transparente est dot\u00e9e d&#039;une bande r\u00e9fl\u00e9chissante pour une meilleure visibilit\u00e9 dans l&#039;obscurit\u00e9. Le bracelet \u00e0 boucle peut \u00eatre ajust\u00e9 \u00e0 diff\u00e9rentes tailles. Inclut une pochette suppl\u00e9mentaire pour vos cl\u00e9s ou pi\u00e8ces de monnaie.\" \/>\n<meta property=\"og:url\" content=\"https:\/\/perle-in.com\/en\/product\/bracelet-reflechissant-pour-smartphone-avec-etui-transparent-haile\/\" \/>\n<meta property=\"og:site_name\" content=\"PERLE IN\" \/>\n<meta property=\"article:modified_time\" content=\"2025-10-14T08:35:51+00:00\" \/>\n<meta property=\"og:image\" content=\"https:\/\/perle-in.com\/wp-content\/uploads\/2025\/10\/12500090-1.jpg\" \/>\n\t<meta property=\"og:image:width\" content=\"1600\" \/>\n\t<meta property=\"og:image:height\" content=\"1600\" \/>\n\t<meta property=\"og:image:type\" content=\"image\/jpeg\" \/>\n<meta name=\"twitter:card\" content=\"summary_large_image\" \/>\n<script type=\"application\/ld+json\" class=\"yoast-schema-graph\">{\"@context\":\"https:\\\/\\\/schema.org\",\"@graph\":[{\"@type\":\"WebPage\",\"@id\":\"https:\\\/\\\/perle-in.com\\\/produit\\\/bracelet-reflechissant-pour-smartphone-avec-etui-transparent-haile\\\/\",\"url\":\"https:\\\/\\\/perle-in.com\\\/produit\\\/bracelet-reflechissant-pour-smartphone-avec-etui-transparent-haile\\\/\",\"name\":\"Bracelet r\u00e9fl\u00e9chissant pour smartphone avec \u00e9tui transparent Haile - PERLE IN\",\"isPartOf\":{\"@id\":\"https:\\\/\\\/perle-in.com\\\/#website\"},\"primaryImageOfPage\":{\"@id\":\"https:\\\/\\\/perle-in.com\\\/produit\\\/bracelet-reflechissant-pour-smartphone-avec-etui-transparent-haile\\\/#primaryimage\"},\"image\":{\"@id\":\"https:\\\/\\\/perle-in.com\\\/produit\\\/bracelet-reflechissant-pour-smartphone-avec-etui-transparent-haile\\\/#primaryimage\"},\"thumbnailUrl\":\"https:\\\/\\\/perle-in.com\\\/wp-content\\\/uploads\\\/2025\\\/10\\\/12500090-1.jpg\",\"datePublished\":\"2025-10-14T08:35:48+00:00\",\"dateModified\":\"2025-10-14T08:35:51+00:00\",\"breadcrumb\":{\"@id\":\"https:\\\/\\\/perle-in.com\\\/produit\\\/bracelet-reflechissant-pour-smartphone-avec-etui-transparent-haile\\\/#breadcrumb\"},\"inLanguage\":\"en-CA\",\"potentialAction\":[{\"@type\":\"ReadAction\",\"target\":[\"https:\\\/\\\/perle-in.com\\\/produit\\\/bracelet-reflechissant-pour-smartphone-avec-etui-transparent-haile\\\/\"]}]},{\"@type\":\"ImageObject\",\"inLanguage\":\"en-CA\",\"@id\":\"https:\\\/\\\/perle-in.com\\\/produit\\\/bracelet-reflechissant-pour-smartphone-avec-etui-transparent-haile\\\/#primaryimage\",\"url\":\"https:\\\/\\\/perle-in.com\\\/wp-content\\\/uploads\\\/2025\\\/10\\\/12500090-1.jpg\",\"contentUrl\":\"https:\\\/\\\/perle-in.com\\\/wp-content\\\/uploads\\\/2025\\\/10\\\/12500090-1.jpg\",\"width\":1600,\"height\":1600},{\"@type\":\"BreadcrumbList\",\"@id\":\"https:\\\/\\\/perle-in.com\\\/produit\\\/bracelet-reflechissant-pour-smartphone-avec-etui-transparent-haile\\\/#breadcrumb\",\"itemListElement\":[{\"@type\":\"ListItem\",\"position\":1,\"name\":\"Accueil\",\"item\":\"https:\\\/\\\/perle-in.com\\\/\"},{\"@type\":\"ListItem\",\"position\":2,\"name\":\"Boutique\",\"item\":\"https:\\\/\\\/perle-in.com\\\/boutique\\\/\"},{\"@type\":\"ListItem\",\"position\":3,\"name\":\"Bracelet r\u00e9fl\u00e9chissant pour smartphone avec \u00e9tui transparent Haile\"}]},{\"@type\":\"WebSite\",\"@id\":\"https:\\\/\\\/perle-in.com\\\/#website\",\"url\":\"https:\\\/\\\/perle-in.com\\\/\",\"name\":\"PERLE IN\",\"description\":\"\",\"publisher\":{\"@id\":\"https:\\\/\\\/perle-in.com\\\/#organization\"},\"potentialAction\":[{\"@type\":\"SearchAction\",\"target\":{\"@type\":\"EntryPoint\",\"urlTemplate\":\"https:\\\/\\\/perle-in.com\\\/?s={search_term_string}\"},\"query-input\":{\"@type\":\"PropertyValueSpecification\",\"valueRequired\":true,\"valueName\":\"search_term_string\"}}],\"inLanguage\":\"en-CA\"},{\"@type\":\"Organization\",\"@id\":\"https:\\\/\\\/perle-in.com\\\/#organization\",\"name\":\"PERLE IN\",\"url\":\"https:\\\/\\\/perle-in.com\\\/\",\"logo\":{\"@type\":\"ImageObject\",\"inLanguage\":\"en-CA\",\"@id\":\"https:\\\/\\\/perle-in.com\\\/#\\\/schema\\\/logo\\\/image\\\/\",\"url\":\"https:\\\/\\\/perle-in.com\\\/wp-content\\\/uploads\\\/2022\\\/12\\\/LOGO-PERLE-IN-COULEUR@3x.webp\",\"contentUrl\":\"https:\\\/\\\/perle-in.com\\\/wp-content\\\/uploads\\\/2022\\\/12\\\/LOGO-PERLE-IN-COULEUR@3x.webp\",\"width\":1600,\"height\":490,\"caption\":\"PERLE IN\"},\"image\":{\"@id\":\"https:\\\/\\\/perle-in.com\\\/#\\\/schema\\\/logo\\\/image\\\/\"}}]}<\/script>\n<!-- \/ Yoast SEO plugin. -->","yoast_head_json":{"title":"Bracelet r\u00e9fl\u00e9chissant pour smartphone avec \u00e9tui transparent Haile - PERLE IN","robots":{"index":"noindex","follow":"follow","max-snippet":"max-snippet:-1","max-image-preview":"max-image-preview:large","max-video-preview":"max-video-preview:-1"},"og_locale":"en_US","og_type":"article","og_title":"Bracelet r\u00e9fl\u00e9chissant pour smartphone avec \u00e9tui transparent Haile - PERLE IN","og_description":"Bracelet r\u00e9glable avec fermeture \u00e0 boucle et \u00e9tui transparent pour prot\u00e9ger et utiliser votre smartphone pendant que vous courez ou pendant toute autre activit\u00e9. Convient \u00e0 plusieurs smartphones de grande taille tels que les iPhone X, 8, 7, 6, 5 et\/ou les Galaxy Note S9, S8, S7, S6. Les dimensions de la pochette pour t\u00e9l\u00e9phone sont de 8\u00a0x\u00a018\u00a0cm. La fen\u00eatre transparente est dot\u00e9e d'une bande r\u00e9fl\u00e9chissante pour une meilleure visibilit\u00e9 dans l'obscurit\u00e9. Le bracelet \u00e0 boucle peut \u00eatre ajust\u00e9 \u00e0 diff\u00e9rentes tailles. Inclut une pochette suppl\u00e9mentaire pour vos cl\u00e9s ou pi\u00e8ces de monnaie.","og_url":"https:\/\/perle-in.com\/en\/product\/bracelet-reflechissant-pour-smartphone-avec-etui-transparent-haile\/","og_site_name":"PERLE IN","article_modified_time":"2025-10-14T08:35:51+00:00","og_image":[{"width":1600,"height":1600,"url":"https:\/\/perle-in.com\/wp-content\/uploads\/2025\/10\/12500090-1.jpg","type":"image\/jpeg"}],"twitter_card":"summary_large_image","schema":{"@context":"https:\/\/schema.org","@graph":[{"@type":"WebPage","@id":"https:\/\/perle-in.com\/produit\/bracelet-reflechissant-pour-smartphone-avec-etui-transparent-haile\/","url":"https:\/\/perle-in.com\/produit\/bracelet-reflechissant-pour-smartphone-avec-etui-transparent-haile\/","name":"Bracelet r\u00e9fl\u00e9chissant pour smartphone avec \u00e9tui transparent Haile - PERLE IN","isPartOf":{"@id":"https:\/\/perle-in.com\/#website"},"primaryImageOfPage":{"@id":"https:\/\/perle-in.com\/produit\/bracelet-reflechissant-pour-smartphone-avec-etui-transparent-haile\/#primaryimage"},"image":{"@id":"https:\/\/perle-in.com\/produit\/bracelet-reflechissant-pour-smartphone-avec-etui-transparent-haile\/#primaryimage"},"thumbnailUrl":"https:\/\/perle-in.com\/wp-content\/uploads\/2025\/10\/12500090-1.jpg","datePublished":"2025-10-14T08:35:48+00:00","dateModified":"2025-10-14T08:35:51+00:00","breadcrumb":{"@id":"https:\/\/perle-in.com\/produit\/bracelet-reflechissant-pour-smartphone-avec-etui-transparent-haile\/#breadcrumb"},"inLanguage":"en-CA","potentialAction":[{"@type":"ReadAction","target":["https:\/\/perle-in.com\/produit\/bracelet-reflechissant-pour-smartphone-avec-etui-transparent-haile\/"]}]},{"@type":"ImageObject","inLanguage":"en-CA","@id":"https:\/\/perle-in.com\/produit\/bracelet-reflechissant-pour-smartphone-avec-etui-transparent-haile\/#primaryimage","url":"https:\/\/perle-in.com\/wp-content\/uploads\/2025\/10\/12500090-1.jpg","contentUrl":"https:\/\/perle-in.com\/wp-content\/uploads\/2025\/10\/12500090-1.jpg","width":1600,"height":1600},{"@type":"BreadcrumbList","@id":"https:\/\/perle-in.com\/produit\/bracelet-reflechissant-pour-smartphone-avec-etui-transparent-haile\/#breadcrumb","itemListElement":[{"@type":"ListItem","position":1,"name":"Accueil","item":"https:\/\/perle-in.com\/"},{"@type":"ListItem","position":2,"name":"Boutique","item":"https:\/\/perle-in.com\/boutique\/"},{"@type":"ListItem","position":3,"name":"Bracelet r\u00e9fl\u00e9chissant pour smartphone avec \u00e9tui transparent Haile"}]},{"@type":"WebSite","@id":"https:\/\/perle-in.com\/#website","url":"https:\/\/perle-in.com\/","name":"PERLE IN","description":"","publisher":{"@id":"https:\/\/perle-in.com\/#organization"},"potentialAction":[{"@type":"SearchAction","target":{"@type":"EntryPoint","urlTemplate":"https:\/\/perle-in.com\/?s={search_term_string}"},"query-input":{"@type":"PropertyValueSpecification","valueRequired":true,"valueName":"search_term_string"}}],"inLanguage":"en-CA"},{"@type":"Organization","@id":"https:\/\/perle-in.com\/#organization","name":"PERLE IN","url":"https:\/\/perle-in.com\/","logo":{"@type":"ImageObject","inLanguage":"en-CA","@id":"https:\/\/perle-in.com\/#\/schema\/logo\/image\/","url":"https:\/\/perle-in.com\/wp-content\/uploads\/2022\/12\/LOGO-PERLE-IN-COULEUR@3x.webp","contentUrl":"https:\/\/perle-in.com\/wp-content\/uploads\/2022\/12\/LOGO-PERLE-IN-COULEUR@3x.webp","width":1600,"height":490,"caption":"PERLE IN"},"image":{"@id":"https:\/\/perle-in.com\/#\/schema\/logo\/image\/"}}]}},"jetpack_sharing_enabled":true,"_links":{"self":[{"href":"https:\/\/perle-in.com\/en\/wp-json\/wp\/v2\/product\/530386","targetHints":{"allow":["GET"]}}],"collection":[{"href":"https:\/\/perle-in.com\/en\/wp-json\/wp\/v2\/product"}],"about":[{"href":"https:\/\/perle-in.com\/en\/wp-json\/wp\/v2\/types\/product"}],"version-history":[{"count":0,"href":"https:\/\/perle-in.com\/en\/wp-json\/wp\/v2\/product\/530386\/revisions"}],"wp:featuredmedia":[{"embeddable":true,"href":"https:\/\/perle-in.com\/en\/wp-json\/wp\/v2\/media\/530380"}],"wp:attachment":[{"href":"https:\/\/perle-in.com\/en\/wp-json\/wp\/v2\/media?parent=530386"}],"wp:term":[{"taxonomy":"product_brand","embeddable":true,"href":"https:\/\/perle-in.com\/en\/wp-json\/wp\/v2\/product_brand?post=530386"},{"taxonomy":"product_cat","embeddable":true,"href":"https:\/\/perle-in.com\/en\/wp-json\/wp\/v2\/product_cat?post=530386"},{"taxonomy":"product_tag","embeddable":true,"href":"https:\/\/perle-in.com\/en\/wp-json\/wp\/v2\/product_tag?post=530386"}],"curies":[{"name":"wp","href":"https:\/\/api.w.org\/{rel}","templated":true}]}}