{"id":530293,"date":"2025-10-14T10:25:47","date_gmt":"2025-10-14T08:25:47","guid":{"rendered":"https:\/\/perle-in.com\/produit\/batterie-de-secours-haute-densite-odyssey-de-5-000-mah\/"},"modified":"2025-10-14T10:25:49","modified_gmt":"2025-10-14T08:25:49","slug":"batterie-de-secours-haute-densite-odyssey-de-5-000-mah","status":"publish","type":"product","link":"https:\/\/perle-in.com\/en\/product\/batterie-de-secours-haute-densite-odyssey-de-5-000-mah\/","title":{"rendered":"Batterie de secours haute densit\u00e9 Odyssey de 5 000 mAh"},"content":{"rendered":"","protected":false},"excerpt":{"rendered":"<p>Batterie de secours de poche avec une batterie haute densit\u00e9 de 5 000 mAh. Entr\u00e9e Type-C (5 V \/ 2 A), et double sortie USB-A (5 V \/ 2 A). C\u00e2ble de chargement en plastique TPE sans PVC inclus. Livr\u00e9e dans un coffret cadeau Avenue.<\/p>","protected":false},"featured_media":530283,"template":"","meta":{"_eb_attr":""},"product_brand":[],"product_cat":[811,667],"product_tag":[813,812,816,814,2763,947,2762,397],"class_list":{"0":"post-530293","1":"product","2":"type-product","3":"status-publish","4":"has-post-thumbnail","6":"product_cat-batteries-externes","7":"product_cat-technologie","8":"product_tag-batterie","9":"product_tag-batterie-de-secours","10":"product_tag-charge","11":"product_tag-chargement","12":"product_tag-haute-densite","13":"product_tag-powerbank","14":"product_tag-recharge","15":"product_tag-secours","16":"pa_couleurs-blanc","18":"first","19":"instock","20":"shipping-taxable","21":"purchasable","22":"product-type-variable"},"yoast_head":"<!-- This site is optimized with the Yoast SEO plugin v27.4 - https:\/\/yoast.com\/product\/yoast-seo-wordpress\/ -->\n<title>Batterie de secours haute densit\u00e9 Odyssey de 5 000 mAh - PERLE IN<\/title>\n<meta name=\"robots\" content=\"noindex, follow, max-snippet:-1, max-image-preview:large, max-video-preview:-1\" \/>\n<meta property=\"og:locale\" content=\"en_US\" \/>\n<meta property=\"og:type\" content=\"article\" \/>\n<meta property=\"og:title\" content=\"Batterie de secours haute densit\u00e9 Odyssey de 5 000 mAh - PERLE IN\" \/>\n<meta property=\"og:description\" content=\"Batterie de secours de poche avec une batterie haute densit\u00e9 de 5 000 mAh. Entr\u00e9e Type-C (5 V \/ 2 A), et double sortie USB-A (5 V \/ 2 A). C\u00e2ble de chargement en plastique TPE sans PVC inclus. Livr\u00e9e dans un coffret cadeau Avenue.\" \/>\n<meta property=\"og:url\" content=\"https:\/\/perle-in.com\/en\/product\/batterie-de-secours-haute-densite-odyssey-de-5-000-mah\/\" \/>\n<meta property=\"og:site_name\" content=\"PERLE IN\" \/>\n<meta property=\"article:modified_time\" content=\"2025-10-14T08:25:49+00:00\" \/>\n<meta property=\"og:image\" content=\"https:\/\/perle-in.com\/wp-content\/uploads\/2025\/10\/12416701-1.jpg\" \/>\n\t<meta property=\"og:image:width\" content=\"1600\" \/>\n\t<meta property=\"og:image:height\" content=\"1600\" \/>\n\t<meta property=\"og:image:type\" content=\"image\/jpeg\" \/>\n<meta name=\"twitter:card\" content=\"summary_large_image\" \/>\n<script type=\"application\/ld+json\" class=\"yoast-schema-graph\">{\"@context\":\"https:\\\/\\\/schema.org\",\"@graph\":[{\"@type\":\"WebPage\",\"@id\":\"https:\\\/\\\/perle-in.com\\\/produit\\\/batterie-de-secours-haute-densite-odyssey-de-5-000-mah\\\/\",\"url\":\"https:\\\/\\\/perle-in.com\\\/produit\\\/batterie-de-secours-haute-densite-odyssey-de-5-000-mah\\\/\",\"name\":\"Batterie de secours haute densit\u00e9 Odyssey de 5 000 mAh - PERLE IN\",\"isPartOf\":{\"@id\":\"https:\\\/\\\/perle-in.com\\\/#website\"},\"primaryImageOfPage\":{\"@id\":\"https:\\\/\\\/perle-in.com\\\/produit\\\/batterie-de-secours-haute-densite-odyssey-de-5-000-mah\\\/#primaryimage\"},\"image\":{\"@id\":\"https:\\\/\\\/perle-in.com\\\/produit\\\/batterie-de-secours-haute-densite-odyssey-de-5-000-mah\\\/#primaryimage\"},\"thumbnailUrl\":\"https:\\\/\\\/perle-in.com\\\/wp-content\\\/uploads\\\/2025\\\/10\\\/12416701-1.jpg\",\"datePublished\":\"2025-10-14T08:25:47+00:00\",\"dateModified\":\"2025-10-14T08:25:49+00:00\",\"breadcrumb\":{\"@id\":\"https:\\\/\\\/perle-in.com\\\/produit\\\/batterie-de-secours-haute-densite-odyssey-de-5-000-mah\\\/#breadcrumb\"},\"inLanguage\":\"en-CA\",\"potentialAction\":[{\"@type\":\"ReadAction\",\"target\":[\"https:\\\/\\\/perle-in.com\\\/produit\\\/batterie-de-secours-haute-densite-odyssey-de-5-000-mah\\\/\"]}]},{\"@type\":\"ImageObject\",\"inLanguage\":\"en-CA\",\"@id\":\"https:\\\/\\\/perle-in.com\\\/produit\\\/batterie-de-secours-haute-densite-odyssey-de-5-000-mah\\\/#primaryimage\",\"url\":\"https:\\\/\\\/perle-in.com\\\/wp-content\\\/uploads\\\/2025\\\/10\\\/12416701-1.jpg\",\"contentUrl\":\"https:\\\/\\\/perle-in.com\\\/wp-content\\\/uploads\\\/2025\\\/10\\\/12416701-1.jpg\",\"width\":1600,\"height\":1600},{\"@type\":\"BreadcrumbList\",\"@id\":\"https:\\\/\\\/perle-in.com\\\/produit\\\/batterie-de-secours-haute-densite-odyssey-de-5-000-mah\\\/#breadcrumb\",\"itemListElement\":[{\"@type\":\"ListItem\",\"position\":1,\"name\":\"Accueil\",\"item\":\"https:\\\/\\\/perle-in.com\\\/\"},{\"@type\":\"ListItem\",\"position\":2,\"name\":\"Boutique\",\"item\":\"https:\\\/\\\/perle-in.com\\\/boutique\\\/\"},{\"@type\":\"ListItem\",\"position\":3,\"name\":\"Batterie de secours haute densit\u00e9 Odyssey de 5 000 mAh\"}]},{\"@type\":\"WebSite\",\"@id\":\"https:\\\/\\\/perle-in.com\\\/#website\",\"url\":\"https:\\\/\\\/perle-in.com\\\/\",\"name\":\"PERLE IN\",\"description\":\"\",\"publisher\":{\"@id\":\"https:\\\/\\\/perle-in.com\\\/#organization\"},\"potentialAction\":[{\"@type\":\"SearchAction\",\"target\":{\"@type\":\"EntryPoint\",\"urlTemplate\":\"https:\\\/\\\/perle-in.com\\\/?s={search_term_string}\"},\"query-input\":{\"@type\":\"PropertyValueSpecification\",\"valueRequired\":true,\"valueName\":\"search_term_string\"}}],\"inLanguage\":\"en-CA\"},{\"@type\":\"Organization\",\"@id\":\"https:\\\/\\\/perle-in.com\\\/#organization\",\"name\":\"PERLE IN\",\"url\":\"https:\\\/\\\/perle-in.com\\\/\",\"logo\":{\"@type\":\"ImageObject\",\"inLanguage\":\"en-CA\",\"@id\":\"https:\\\/\\\/perle-in.com\\\/#\\\/schema\\\/logo\\\/image\\\/\",\"url\":\"https:\\\/\\\/perle-in.com\\\/wp-content\\\/uploads\\\/2022\\\/12\\\/LOGO-PERLE-IN-COULEUR@3x.webp\",\"contentUrl\":\"https:\\\/\\\/perle-in.com\\\/wp-content\\\/uploads\\\/2022\\\/12\\\/LOGO-PERLE-IN-COULEUR@3x.webp\",\"width\":1600,\"height\":490,\"caption\":\"PERLE IN\"},\"image\":{\"@id\":\"https:\\\/\\\/perle-in.com\\\/#\\\/schema\\\/logo\\\/image\\\/\"}}]}<\/script>\n<!-- \/ Yoast SEO plugin. -->","yoast_head_json":{"title":"Batterie de secours haute densit\u00e9 Odyssey de 5 000 mAh - PERLE IN","robots":{"index":"noindex","follow":"follow","max-snippet":"max-snippet:-1","max-image-preview":"max-image-preview:large","max-video-preview":"max-video-preview:-1"},"og_locale":"en_US","og_type":"article","og_title":"Batterie de secours haute densit\u00e9 Odyssey de 5 000 mAh - PERLE IN","og_description":"Batterie de secours de poche avec une batterie haute densit\u00e9 de 5 000 mAh. Entr\u00e9e Type-C (5 V \/ 2 A), et double sortie USB-A (5 V \/ 2 A). C\u00e2ble de chargement en plastique TPE sans PVC inclus. Livr\u00e9e dans un coffret cadeau Avenue.","og_url":"https:\/\/perle-in.com\/en\/product\/batterie-de-secours-haute-densite-odyssey-de-5-000-mah\/","og_site_name":"PERLE IN","article_modified_time":"2025-10-14T08:25:49+00:00","og_image":[{"width":1600,"height":1600,"url":"https:\/\/perle-in.com\/wp-content\/uploads\/2025\/10\/12416701-1.jpg","type":"image\/jpeg"}],"twitter_card":"summary_large_image","schema":{"@context":"https:\/\/schema.org","@graph":[{"@type":"WebPage","@id":"https:\/\/perle-in.com\/produit\/batterie-de-secours-haute-densite-odyssey-de-5-000-mah\/","url":"https:\/\/perle-in.com\/produit\/batterie-de-secours-haute-densite-odyssey-de-5-000-mah\/","name":"Batterie de secours haute densit\u00e9 Odyssey de 5 000 mAh - PERLE IN","isPartOf":{"@id":"https:\/\/perle-in.com\/#website"},"primaryImageOfPage":{"@id":"https:\/\/perle-in.com\/produit\/batterie-de-secours-haute-densite-odyssey-de-5-000-mah\/#primaryimage"},"image":{"@id":"https:\/\/perle-in.com\/produit\/batterie-de-secours-haute-densite-odyssey-de-5-000-mah\/#primaryimage"},"thumbnailUrl":"https:\/\/perle-in.com\/wp-content\/uploads\/2025\/10\/12416701-1.jpg","datePublished":"2025-10-14T08:25:47+00:00","dateModified":"2025-10-14T08:25:49+00:00","breadcrumb":{"@id":"https:\/\/perle-in.com\/produit\/batterie-de-secours-haute-densite-odyssey-de-5-000-mah\/#breadcrumb"},"inLanguage":"en-CA","potentialAction":[{"@type":"ReadAction","target":["https:\/\/perle-in.com\/produit\/batterie-de-secours-haute-densite-odyssey-de-5-000-mah\/"]}]},{"@type":"ImageObject","inLanguage":"en-CA","@id":"https:\/\/perle-in.com\/produit\/batterie-de-secours-haute-densite-odyssey-de-5-000-mah\/#primaryimage","url":"https:\/\/perle-in.com\/wp-content\/uploads\/2025\/10\/12416701-1.jpg","contentUrl":"https:\/\/perle-in.com\/wp-content\/uploads\/2025\/10\/12416701-1.jpg","width":1600,"height":1600},{"@type":"BreadcrumbList","@id":"https:\/\/perle-in.com\/produit\/batterie-de-secours-haute-densite-odyssey-de-5-000-mah\/#breadcrumb","itemListElement":[{"@type":"ListItem","position":1,"name":"Accueil","item":"https:\/\/perle-in.com\/"},{"@type":"ListItem","position":2,"name":"Boutique","item":"https:\/\/perle-in.com\/boutique\/"},{"@type":"ListItem","position":3,"name":"Batterie de secours haute densit\u00e9 Odyssey de 5 000 mAh"}]},{"@type":"WebSite","@id":"https:\/\/perle-in.com\/#website","url":"https:\/\/perle-in.com\/","name":"PERLE IN","description":"","publisher":{"@id":"https:\/\/perle-in.com\/#organization"},"potentialAction":[{"@type":"SearchAction","target":{"@type":"EntryPoint","urlTemplate":"https:\/\/perle-in.com\/?s={search_term_string}"},"query-input":{"@type":"PropertyValueSpecification","valueRequired":true,"valueName":"search_term_string"}}],"inLanguage":"en-CA"},{"@type":"Organization","@id":"https:\/\/perle-in.com\/#organization","name":"PERLE IN","url":"https:\/\/perle-in.com\/","logo":{"@type":"ImageObject","inLanguage":"en-CA","@id":"https:\/\/perle-in.com\/#\/schema\/logo\/image\/","url":"https:\/\/perle-in.com\/wp-content\/uploads\/2022\/12\/LOGO-PERLE-IN-COULEUR@3x.webp","contentUrl":"https:\/\/perle-in.com\/wp-content\/uploads\/2022\/12\/LOGO-PERLE-IN-COULEUR@3x.webp","width":1600,"height":490,"caption":"PERLE IN"},"image":{"@id":"https:\/\/perle-in.com\/#\/schema\/logo\/image\/"}}]}},"jetpack_sharing_enabled":true,"_links":{"self":[{"href":"https:\/\/perle-in.com\/en\/wp-json\/wp\/v2\/product\/530293","targetHints":{"allow":["GET"]}}],"collection":[{"href":"https:\/\/perle-in.com\/en\/wp-json\/wp\/v2\/product"}],"about":[{"href":"https:\/\/perle-in.com\/en\/wp-json\/wp\/v2\/types\/product"}],"version-history":[{"count":0,"href":"https:\/\/perle-in.com\/en\/wp-json\/wp\/v2\/product\/530293\/revisions"}],"wp:featuredmedia":[{"embeddable":true,"href":"https:\/\/perle-in.com\/en\/wp-json\/wp\/v2\/media\/530283"}],"wp:attachment":[{"href":"https:\/\/perle-in.com\/en\/wp-json\/wp\/v2\/media?parent=530293"}],"wp:term":[{"taxonomy":"product_brand","embeddable":true,"href":"https:\/\/perle-in.com\/en\/wp-json\/wp\/v2\/product_brand?post=530293"},{"taxonomy":"product_cat","embeddable":true,"href":"https:\/\/perle-in.com\/en\/wp-json\/wp\/v2\/product_cat?post=530293"},{"taxonomy":"product_tag","embeddable":true,"href":"https:\/\/perle-in.com\/en\/wp-json\/wp\/v2\/product_tag?post=530293"}],"curies":[{"name":"wp","href":"https:\/\/api.w.org\/{rel}","templated":true}]}}