{"id":530280,"date":"2025-10-14T10:24:33","date_gmt":"2025-10-14T08:24:33","guid":{"rendered":"https:\/\/perle-in.com\/produit\/ecouteurs-true-wireless-a-appariement-automatique-braavos-2\/"},"modified":"2025-10-14T10:24:36","modified_gmt":"2025-10-14T08:24:36","slug":"ecouteurs-true-wireless-a-appariement-automatique-braavos-2","status":"publish","type":"product","link":"https:\/\/perle-in.com\/en\/product\/ecouteurs-true-wireless-a-appariement-automatique-braavos-2\/","title":{"rendered":"\u00c9couteurs True\u00a0Wireless \u00e0 appariement automatique Braavos\u00a02"},"content":{"rendered":"","protected":false},"excerpt":{"rendered":"<p>Les \u00e9couteurs True\u00a0Wireless \u00e0 appariement automatique sont une version am\u00e9lior\u00e9e, avec une qualit\u00e9 sonore et une taille accrues, ainsi qu&#8217;une charge sans fil de la batterie. Ils sont dot\u00e9s de la technologie Bluetooth\u00ae\u00a05.1, de l&#8217;appariement automatique, de l&#8217;allumage automatique, de commandes musicales int\u00e9gr\u00e9es et de deux microphones pour une utilisation mains libres. Une fois que les \u00e9couteurs sont retir\u00e9s du bo\u00eetier, ils s&#8217;allument et se synchronisent ensemble automatiquement. Finis les soucis de synchronisation des \u00e9couteurs\u00a0! Le bo\u00eetier sert \u00e9galement de batterie de secours pour les \u00e9couteurs et peut \u00eatre charg\u00e9 avec le c\u00e2ble de type C inclus. Une fois que la batterie 400\u00a0mAh du bo\u00eetier est charg\u00e9e, elle chargera les \u00e9couteurs 3\u00a0fois de 0 \u00e0 100\u00a0%. Avec plus de 6\u00a0heures de lecture au volume maximum sur une seule charge, ces \u00e9couteurs sont un must pour tout voyageur. Ces \u00e9couteurs ergonomiques restent en place lors de vos d\u00e9placements. Il faut 1,5\u00a0heure pour charger les \u00e9couteurs de 0 \u00e0 100\u00a0%. Le bo\u00eetier peut \u00eatre charg\u00e9 en moins d\u20191,5\u00a0heure. Compatible avec Siri et Google Assistant. Port\u00e9e de fonctionnement du Bluetooth\u00ae de 10\u00a0m\u00e8tres. Livr\u00e9 dans un coffret cadeau de qualit\u00e9.<\/p>","protected":false},"featured_media":530268,"template":"","meta":{"_eb_attr":""},"product_brand":[],"product_cat":[1132,667],"product_tag":[818,1589,1588,1587,1586,1585,1584,1133,826,2685,822,1652,1653,1019,2761],"class_list":{"0":"post-530280","1":"product","2":"type-product","3":"status-publish","4":"has-post-thumbnail","6":"product_cat-ecouteurs","7":"product_cat-technologie","8":"product_tag-bluetooth","9":"product_tag-color-lab","10":"product_tag-colorlab","11":"product_tag-colorlab22","12":"product_tag-colour-lab","13":"product_tag-colourlab","14":"product_tag-colourlab22","15":"product_tag-ecouteur","16":"product_tag-ecouteurs","17":"product_tag-induction","18":"product_tag-musique","19":"product_tag-oreillette","20":"product_tag-oreillettes","21":"product_tag-sans-fil","22":"product_tag-wireless","23":"pa_couleurs-blanc","24":"pa_couleurs-noir","26":"first","27":"instock","28":"shipping-taxable","29":"purchasable","30":"product-type-variable"},"yoast_head":"<!-- This site is optimized with the Yoast SEO plugin v27.4 - https:\/\/yoast.com\/product\/yoast-seo-wordpress\/ -->\n<title>\u00c9couteurs True\u00a0Wireless \u00e0 appariement automatique Braavos\u00a02 - PERLE IN<\/title>\n<meta name=\"robots\" content=\"noindex, follow, max-snippet:-1, max-image-preview:large, max-video-preview:-1\" \/>\n<meta property=\"og:locale\" content=\"en_US\" \/>\n<meta property=\"og:type\" content=\"article\" \/>\n<meta property=\"og:title\" content=\"\u00c9couteurs True\u00a0Wireless \u00e0 appariement automatique Braavos\u00a02 - PERLE IN\" \/>\n<meta property=\"og:description\" content=\"Les \u00e9couteurs True\u00a0Wireless \u00e0 appariement automatique sont une version am\u00e9lior\u00e9e, avec une qualit\u00e9 sonore et une taille accrues, ainsi qu&#039;une charge sans fil de la batterie. Ils sont dot\u00e9s de la technologie Bluetooth\u00ae\u00a05.1, de l&#039;appariement automatique, de l&#039;allumage automatique, de commandes musicales int\u00e9gr\u00e9es et de deux microphones pour une utilisation mains libres. Une fois que les \u00e9couteurs sont retir\u00e9s du bo\u00eetier, ils s&#039;allument et se synchronisent ensemble automatiquement. Finis les soucis de synchronisation des \u00e9couteurs\u00a0! Le bo\u00eetier sert \u00e9galement de batterie de secours pour les \u00e9couteurs et peut \u00eatre charg\u00e9 avec le c\u00e2ble de type C inclus. Une fois que la batterie 400\u00a0mAh du bo\u00eetier est charg\u00e9e, elle chargera les \u00e9couteurs 3\u00a0fois de 0 \u00e0 100\u00a0%. Avec plus de 6\u00a0heures de lecture au volume maximum sur une seule charge, ces \u00e9couteurs sont un must pour tout voyageur. Ces \u00e9couteurs ergonomiques restent en place lors de vos d\u00e9placements. Il faut 1,5\u00a0heure pour charger les \u00e9couteurs de 0 \u00e0 100\u00a0%. Le bo\u00eetier peut \u00eatre charg\u00e9 en moins d\u20191,5\u00a0heure. Compatible avec Siri et Google Assistant. Port\u00e9e de fonctionnement du Bluetooth\u00ae de 10\u00a0m\u00e8tres. Livr\u00e9 dans un coffret cadeau de qualit\u00e9.\" \/>\n<meta property=\"og:url\" content=\"https:\/\/perle-in.com\/en\/product\/ecouteurs-true-wireless-a-appariement-automatique-braavos-2\/\" \/>\n<meta property=\"og:site_name\" content=\"PERLE IN\" \/>\n<meta property=\"article:modified_time\" content=\"2025-10-14T08:24:36+00:00\" \/>\n<meta property=\"og:image\" content=\"https:\/\/perle-in.com\/wp-content\/uploads\/2025\/10\/12416001-1.jpg\" \/>\n\t<meta property=\"og:image:width\" content=\"1600\" \/>\n\t<meta property=\"og:image:height\" content=\"1600\" \/>\n\t<meta property=\"og:image:type\" content=\"image\/jpeg\" \/>\n<meta name=\"twitter:card\" content=\"summary_large_image\" \/>\n<script type=\"application\/ld+json\" class=\"yoast-schema-graph\">{\"@context\":\"https:\\\/\\\/schema.org\",\"@graph\":[{\"@type\":\"WebPage\",\"@id\":\"https:\\\/\\\/perle-in.com\\\/en\\\/product\\\/ecouteurs-true-wireless-a-appariement-automatique-braavos-2\\\/\",\"url\":\"https:\\\/\\\/perle-in.com\\\/en\\\/product\\\/ecouteurs-true-wireless-a-appariement-automatique-braavos-2\\\/\",\"name\":\"\u00c9couteurs True\u00a0Wireless \u00e0 appariement automatique Braavos\u00a02 - PERLE IN\",\"isPartOf\":{\"@id\":\"https:\\\/\\\/perle-in.com\\\/#website\"},\"primaryImageOfPage\":{\"@id\":\"https:\\\/\\\/perle-in.com\\\/en\\\/product\\\/ecouteurs-true-wireless-a-appariement-automatique-braavos-2\\\/#primaryimage\"},\"image\":{\"@id\":\"https:\\\/\\\/perle-in.com\\\/en\\\/product\\\/ecouteurs-true-wireless-a-appariement-automatique-braavos-2\\\/#primaryimage\"},\"thumbnailUrl\":\"https:\\\/\\\/perle-in.com\\\/wp-content\\\/uploads\\\/2025\\\/10\\\/12416001-1.jpg\",\"datePublished\":\"2025-10-14T08:24:33+00:00\",\"dateModified\":\"2025-10-14T08:24:36+00:00\",\"breadcrumb\":{\"@id\":\"https:\\\/\\\/perle-in.com\\\/en\\\/product\\\/ecouteurs-true-wireless-a-appariement-automatique-braavos-2\\\/#breadcrumb\"},\"inLanguage\":\"en-CA\",\"potentialAction\":[{\"@type\":\"ReadAction\",\"target\":[\"https:\\\/\\\/perle-in.com\\\/en\\\/product\\\/ecouteurs-true-wireless-a-appariement-automatique-braavos-2\\\/\"]}]},{\"@type\":\"ImageObject\",\"inLanguage\":\"en-CA\",\"@id\":\"https:\\\/\\\/perle-in.com\\\/en\\\/product\\\/ecouteurs-true-wireless-a-appariement-automatique-braavos-2\\\/#primaryimage\",\"url\":\"https:\\\/\\\/perle-in.com\\\/wp-content\\\/uploads\\\/2025\\\/10\\\/12416001-1.jpg\",\"contentUrl\":\"https:\\\/\\\/perle-in.com\\\/wp-content\\\/uploads\\\/2025\\\/10\\\/12416001-1.jpg\",\"width\":1600,\"height\":1600},{\"@type\":\"BreadcrumbList\",\"@id\":\"https:\\\/\\\/perle-in.com\\\/en\\\/product\\\/ecouteurs-true-wireless-a-appariement-automatique-braavos-2\\\/#breadcrumb\",\"itemListElement\":[{\"@type\":\"ListItem\",\"position\":1,\"name\":\"Accueil\",\"item\":\"https:\\\/\\\/perle-in.com\\\/\"},{\"@type\":\"ListItem\",\"position\":2,\"name\":\"Boutique\",\"item\":\"https:\\\/\\\/perle-in.com\\\/boutique\\\/\"},{\"@type\":\"ListItem\",\"position\":3,\"name\":\"\u00c9couteurs True\u00a0Wireless \u00e0 appariement automatique Braavos\u00a02\"}]},{\"@type\":\"WebSite\",\"@id\":\"https:\\\/\\\/perle-in.com\\\/#website\",\"url\":\"https:\\\/\\\/perle-in.com\\\/\",\"name\":\"PERLE IN\",\"description\":\"\",\"publisher\":{\"@id\":\"https:\\\/\\\/perle-in.com\\\/#organization\"},\"potentialAction\":[{\"@type\":\"SearchAction\",\"target\":{\"@type\":\"EntryPoint\",\"urlTemplate\":\"https:\\\/\\\/perle-in.com\\\/?s={search_term_string}\"},\"query-input\":{\"@type\":\"PropertyValueSpecification\",\"valueRequired\":true,\"valueName\":\"search_term_string\"}}],\"inLanguage\":\"en-CA\"},{\"@type\":\"Organization\",\"@id\":\"https:\\\/\\\/perle-in.com\\\/#organization\",\"name\":\"PERLE IN\",\"url\":\"https:\\\/\\\/perle-in.com\\\/\",\"logo\":{\"@type\":\"ImageObject\",\"inLanguage\":\"en-CA\",\"@id\":\"https:\\\/\\\/perle-in.com\\\/#\\\/schema\\\/logo\\\/image\\\/\",\"url\":\"https:\\\/\\\/perle-in.com\\\/wp-content\\\/uploads\\\/2022\\\/12\\\/LOGO-PERLE-IN-COULEUR@3x.webp\",\"contentUrl\":\"https:\\\/\\\/perle-in.com\\\/wp-content\\\/uploads\\\/2022\\\/12\\\/LOGO-PERLE-IN-COULEUR@3x.webp\",\"width\":1600,\"height\":490,\"caption\":\"PERLE IN\"},\"image\":{\"@id\":\"https:\\\/\\\/perle-in.com\\\/#\\\/schema\\\/logo\\\/image\\\/\"}}]}<\/script>\n<!-- \/ Yoast SEO plugin. -->","yoast_head_json":{"title":"\u00c9couteurs True\u00a0Wireless \u00e0 appariement automatique Braavos\u00a02 - PERLE IN","robots":{"index":"noindex","follow":"follow","max-snippet":"max-snippet:-1","max-image-preview":"max-image-preview:large","max-video-preview":"max-video-preview:-1"},"og_locale":"en_US","og_type":"article","og_title":"\u00c9couteurs True\u00a0Wireless \u00e0 appariement automatique Braavos\u00a02 - PERLE IN","og_description":"Les \u00e9couteurs True\u00a0Wireless \u00e0 appariement automatique sont une version am\u00e9lior\u00e9e, avec une qualit\u00e9 sonore et une taille accrues, ainsi qu'une charge sans fil de la batterie. Ils sont dot\u00e9s de la technologie Bluetooth\u00ae\u00a05.1, de l'appariement automatique, de l'allumage automatique, de commandes musicales int\u00e9gr\u00e9es et de deux microphones pour une utilisation mains libres. Une fois que les \u00e9couteurs sont retir\u00e9s du bo\u00eetier, ils s'allument et se synchronisent ensemble automatiquement. Finis les soucis de synchronisation des \u00e9couteurs\u00a0! Le bo\u00eetier sert \u00e9galement de batterie de secours pour les \u00e9couteurs et peut \u00eatre charg\u00e9 avec le c\u00e2ble de type C inclus. Une fois que la batterie 400\u00a0mAh du bo\u00eetier est charg\u00e9e, elle chargera les \u00e9couteurs 3\u00a0fois de 0 \u00e0 100\u00a0%. Avec plus de 6\u00a0heures de lecture au volume maximum sur une seule charge, ces \u00e9couteurs sont un must pour tout voyageur. Ces \u00e9couteurs ergonomiques restent en place lors de vos d\u00e9placements. Il faut 1,5\u00a0heure pour charger les \u00e9couteurs de 0 \u00e0 100\u00a0%. Le bo\u00eetier peut \u00eatre charg\u00e9 en moins d\u20191,5\u00a0heure. Compatible avec Siri et Google Assistant. Port\u00e9e de fonctionnement du Bluetooth\u00ae de 10\u00a0m\u00e8tres. Livr\u00e9 dans un coffret cadeau de qualit\u00e9.","og_url":"https:\/\/perle-in.com\/en\/product\/ecouteurs-true-wireless-a-appariement-automatique-braavos-2\/","og_site_name":"PERLE IN","article_modified_time":"2025-10-14T08:24:36+00:00","og_image":[{"width":1600,"height":1600,"url":"https:\/\/perle-in.com\/wp-content\/uploads\/2025\/10\/12416001-1.jpg","type":"image\/jpeg"}],"twitter_card":"summary_large_image","schema":{"@context":"https:\/\/schema.org","@graph":[{"@type":"WebPage","@id":"https:\/\/perle-in.com\/en\/product\/ecouteurs-true-wireless-a-appariement-automatique-braavos-2\/","url":"https:\/\/perle-in.com\/en\/product\/ecouteurs-true-wireless-a-appariement-automatique-braavos-2\/","name":"\u00c9couteurs True\u00a0Wireless \u00e0 appariement automatique Braavos\u00a02 - PERLE IN","isPartOf":{"@id":"https:\/\/perle-in.com\/#website"},"primaryImageOfPage":{"@id":"https:\/\/perle-in.com\/en\/product\/ecouteurs-true-wireless-a-appariement-automatique-braavos-2\/#primaryimage"},"image":{"@id":"https:\/\/perle-in.com\/en\/product\/ecouteurs-true-wireless-a-appariement-automatique-braavos-2\/#primaryimage"},"thumbnailUrl":"https:\/\/perle-in.com\/wp-content\/uploads\/2025\/10\/12416001-1.jpg","datePublished":"2025-10-14T08:24:33+00:00","dateModified":"2025-10-14T08:24:36+00:00","breadcrumb":{"@id":"https:\/\/perle-in.com\/en\/product\/ecouteurs-true-wireless-a-appariement-automatique-braavos-2\/#breadcrumb"},"inLanguage":"en-CA","potentialAction":[{"@type":"ReadAction","target":["https:\/\/perle-in.com\/en\/product\/ecouteurs-true-wireless-a-appariement-automatique-braavos-2\/"]}]},{"@type":"ImageObject","inLanguage":"en-CA","@id":"https:\/\/perle-in.com\/en\/product\/ecouteurs-true-wireless-a-appariement-automatique-braavos-2\/#primaryimage","url":"https:\/\/perle-in.com\/wp-content\/uploads\/2025\/10\/12416001-1.jpg","contentUrl":"https:\/\/perle-in.com\/wp-content\/uploads\/2025\/10\/12416001-1.jpg","width":1600,"height":1600},{"@type":"BreadcrumbList","@id":"https:\/\/perle-in.com\/en\/product\/ecouteurs-true-wireless-a-appariement-automatique-braavos-2\/#breadcrumb","itemListElement":[{"@type":"ListItem","position":1,"name":"Accueil","item":"https:\/\/perle-in.com\/"},{"@type":"ListItem","position":2,"name":"Boutique","item":"https:\/\/perle-in.com\/boutique\/"},{"@type":"ListItem","position":3,"name":"\u00c9couteurs True\u00a0Wireless \u00e0 appariement automatique Braavos\u00a02"}]},{"@type":"WebSite","@id":"https:\/\/perle-in.com\/#website","url":"https:\/\/perle-in.com\/","name":"PERLE IN","description":"","publisher":{"@id":"https:\/\/perle-in.com\/#organization"},"potentialAction":[{"@type":"SearchAction","target":{"@type":"EntryPoint","urlTemplate":"https:\/\/perle-in.com\/?s={search_term_string}"},"query-input":{"@type":"PropertyValueSpecification","valueRequired":true,"valueName":"search_term_string"}}],"inLanguage":"en-CA"},{"@type":"Organization","@id":"https:\/\/perle-in.com\/#organization","name":"PERLE IN","url":"https:\/\/perle-in.com\/","logo":{"@type":"ImageObject","inLanguage":"en-CA","@id":"https:\/\/perle-in.com\/#\/schema\/logo\/image\/","url":"https:\/\/perle-in.com\/wp-content\/uploads\/2022\/12\/LOGO-PERLE-IN-COULEUR@3x.webp","contentUrl":"https:\/\/perle-in.com\/wp-content\/uploads\/2022\/12\/LOGO-PERLE-IN-COULEUR@3x.webp","width":1600,"height":490,"caption":"PERLE IN"},"image":{"@id":"https:\/\/perle-in.com\/#\/schema\/logo\/image\/"}}]}},"jetpack_sharing_enabled":true,"_links":{"self":[{"href":"https:\/\/perle-in.com\/en\/wp-json\/wp\/v2\/product\/530280","targetHints":{"allow":["GET"]}}],"collection":[{"href":"https:\/\/perle-in.com\/en\/wp-json\/wp\/v2\/product"}],"about":[{"href":"https:\/\/perle-in.com\/en\/wp-json\/wp\/v2\/types\/product"}],"version-history":[{"count":0,"href":"https:\/\/perle-in.com\/en\/wp-json\/wp\/v2\/product\/530280\/revisions"}],"wp:featuredmedia":[{"embeddable":true,"href":"https:\/\/perle-in.com\/en\/wp-json\/wp\/v2\/media\/530268"}],"wp:attachment":[{"href":"https:\/\/perle-in.com\/en\/wp-json\/wp\/v2\/media?parent=530280"}],"wp:term":[{"taxonomy":"product_brand","embeddable":true,"href":"https:\/\/perle-in.com\/en\/wp-json\/wp\/v2\/product_brand?post=530280"},{"taxonomy":"product_cat","embeddable":true,"href":"https:\/\/perle-in.com\/en\/wp-json\/wp\/v2\/product_cat?post=530280"},{"taxonomy":"product_tag","embeddable":true,"href":"https:\/\/perle-in.com\/en\/wp-json\/wp\/v2\/product_tag?post=530280"}],"curies":[{"name":"wp","href":"https:\/\/api.w.org\/{rel}","templated":true}]}}