{"id":530203,"date":"2025-10-14T10:18:48","date_gmt":"2025-10-14T08:18:48","guid":{"rendered":"https:\/\/perle-in.com\/produit\/bouteille-shaker-h2o-active-bop-500-ml\/"},"modified":"2025-10-14T10:19:12","modified_gmt":"2025-10-14T08:19:12","slug":"bouteille-shaker-h2o-active-bop-500-ml","status":"publish","type":"product","link":"https:\/\/perle-in.com\/en\/product\/bouteille-shaker-h2o-active-bop-500-ml\/","title":{"rendered":"Bouteille shaker H2O Active\u00ae Bop 500\u00a0ml"},"content":{"rendered":"","protected":false},"excerpt":{"rendered":"<p>Bouteille de sport \u00e0 simple paroi avec boule de shaker pour assurer un m\u00e9lange homog\u00e8ne des boissons prot\u00e9in\u00e9es. Dispose d\u2019un couvercle antifuite avec fermeture \u00e0 clapet et d&#8217;une conception antid\u00e9rapante. Capacit\u00e9 de 500\u00a0ml. Fabriqu\u00e9e au Royaume-Uni. Emball\u00e9e dans un sac en plastique PE recycl\u00e9. Sans BPA.<\/p>","protected":false},"featured_media":530189,"template":"","meta":{"_eb_attr":""},"product_brand":[],"product_cat":[202,173],"product_tag":[177,178,315,175,176,274,192,193,2742,2740,2741,203],"class_list":{"0":"post-530203","1":"product","2":"type-product","3":"status-publish","4":"has-post-thumbnail","6":"product_cat-bouteilles-de-sport","7":"product_cat-drinkware","8":"product_tag-bidon","9":"product_tag-bidons","10":"product_tag-boisson","11":"product_tag-bouteille","12":"product_tag-bouteilles","13":"product_tag-eau","14":"product_tag-gourde","15":"product_tag-gourdes","16":"product_tag-proteine","17":"product_tag-shaker","18":"product_tag-shakers","19":"product_tag-sport","20":"pa_couleurs-blanc-translucide","21":"pa_couleurs-bleu-translucide-2","22":"pa_couleurs-bleu-aqua-translucide","23":"pa_couleurs-citron-vert-translucide","24":"pa_couleurs-jaune-translucide-2","25":"pa_couleurs-noir-translucide-2","26":"pa_couleurs-orange-translucide","27":"pa_couleurs-rouge-translucide-2","28":"pa_couleurs-violet-translucide","29":"pa_green-points-2036","30":"pa_matiere-plastique-pet-plastique-pp-plastique-pp","31":"pa_pays-d-origine-angleterre","33":"first","34":"instock","35":"shipping-taxable","36":"purchasable","37":"product-type-variable"},"yoast_head":"<!-- This site is optimized with the Yoast SEO plugin v27.4 - https:\/\/yoast.com\/product\/yoast-seo-wordpress\/ -->\n<title>Bouteille shaker H2O Active\u00ae Bop 500\u00a0ml - PERLE IN<\/title>\n<meta name=\"robots\" content=\"noindex, follow, max-snippet:-1, max-image-preview:large, max-video-preview:-1\" \/>\n<meta property=\"og:locale\" content=\"en_US\" \/>\n<meta property=\"og:type\" content=\"article\" \/>\n<meta property=\"og:title\" content=\"Bouteille shaker H2O Active\u00ae Bop 500\u00a0ml - PERLE IN\" \/>\n<meta property=\"og:description\" content=\"Bouteille de sport \u00e0 simple paroi avec boule de shaker pour assurer un m\u00e9lange homog\u00e8ne des boissons prot\u00e9in\u00e9es. Dispose d\u2019un couvercle antifuite avec fermeture \u00e0 clapet et d&#039;une conception antid\u00e9rapante. Capacit\u00e9 de 500\u00a0ml. Fabriqu\u00e9e au Royaume-Uni. Emball\u00e9e dans un sac en plastique PE recycl\u00e9. Sans BPA.\" \/>\n<meta property=\"og:url\" content=\"https:\/\/perle-in.com\/en\/product\/bouteille-shaker-h2o-active-bop-500-ml\/\" \/>\n<meta property=\"og:site_name\" content=\"PERLE IN\" \/>\n<meta property=\"article:modified_time\" content=\"2025-10-14T08:19:12+00:00\" \/>\n<meta property=\"og:image\" content=\"https:\/\/perle-in.com\/wp-content\/uploads\/2025\/10\/21070401-1.jpg\" \/>\n\t<meta property=\"og:image:width\" content=\"1600\" \/>\n\t<meta property=\"og:image:height\" content=\"1600\" \/>\n\t<meta property=\"og:image:type\" content=\"image\/jpeg\" \/>\n<meta name=\"twitter:card\" content=\"summary_large_image\" \/>\n<script type=\"application\/ld+json\" class=\"yoast-schema-graph\">{\"@context\":\"https:\\\/\\\/schema.org\",\"@graph\":[{\"@type\":\"WebPage\",\"@id\":\"https:\\\/\\\/perle-in.com\\\/produit\\\/bouteille-shaker-h2o-active-bop-500-ml\\\/\",\"url\":\"https:\\\/\\\/perle-in.com\\\/produit\\\/bouteille-shaker-h2o-active-bop-500-ml\\\/\",\"name\":\"Bouteille shaker H2O Active\u00ae Bop 500\u00a0ml - PERLE IN\",\"isPartOf\":{\"@id\":\"https:\\\/\\\/perle-in.com\\\/#website\"},\"primaryImageOfPage\":{\"@id\":\"https:\\\/\\\/perle-in.com\\\/produit\\\/bouteille-shaker-h2o-active-bop-500-ml\\\/#primaryimage\"},\"image\":{\"@id\":\"https:\\\/\\\/perle-in.com\\\/produit\\\/bouteille-shaker-h2o-active-bop-500-ml\\\/#primaryimage\"},\"thumbnailUrl\":\"https:\\\/\\\/perle-in.com\\\/wp-content\\\/uploads\\\/2025\\\/10\\\/21070401-1.jpg\",\"datePublished\":\"2025-10-14T08:18:48+00:00\",\"dateModified\":\"2025-10-14T08:19:12+00:00\",\"breadcrumb\":{\"@id\":\"https:\\\/\\\/perle-in.com\\\/produit\\\/bouteille-shaker-h2o-active-bop-500-ml\\\/#breadcrumb\"},\"inLanguage\":\"en-CA\",\"potentialAction\":[{\"@type\":\"ReadAction\",\"target\":[\"https:\\\/\\\/perle-in.com\\\/produit\\\/bouteille-shaker-h2o-active-bop-500-ml\\\/\"]}]},{\"@type\":\"ImageObject\",\"inLanguage\":\"en-CA\",\"@id\":\"https:\\\/\\\/perle-in.com\\\/produit\\\/bouteille-shaker-h2o-active-bop-500-ml\\\/#primaryimage\",\"url\":\"https:\\\/\\\/perle-in.com\\\/wp-content\\\/uploads\\\/2025\\\/10\\\/21070401-1.jpg\",\"contentUrl\":\"https:\\\/\\\/perle-in.com\\\/wp-content\\\/uploads\\\/2025\\\/10\\\/21070401-1.jpg\",\"width\":1600,\"height\":1600},{\"@type\":\"BreadcrumbList\",\"@id\":\"https:\\\/\\\/perle-in.com\\\/produit\\\/bouteille-shaker-h2o-active-bop-500-ml\\\/#breadcrumb\",\"itemListElement\":[{\"@type\":\"ListItem\",\"position\":1,\"name\":\"Accueil\",\"item\":\"https:\\\/\\\/perle-in.com\\\/\"},{\"@type\":\"ListItem\",\"position\":2,\"name\":\"Boutique\",\"item\":\"https:\\\/\\\/perle-in.com\\\/boutique\\\/\"},{\"@type\":\"ListItem\",\"position\":3,\"name\":\"Bouteille shaker H2O Active\u00ae Bop 500\u00a0ml\"}]},{\"@type\":\"WebSite\",\"@id\":\"https:\\\/\\\/perle-in.com\\\/#website\",\"url\":\"https:\\\/\\\/perle-in.com\\\/\",\"name\":\"PERLE IN\",\"description\":\"\",\"publisher\":{\"@id\":\"https:\\\/\\\/perle-in.com\\\/#organization\"},\"potentialAction\":[{\"@type\":\"SearchAction\",\"target\":{\"@type\":\"EntryPoint\",\"urlTemplate\":\"https:\\\/\\\/perle-in.com\\\/?s={search_term_string}\"},\"query-input\":{\"@type\":\"PropertyValueSpecification\",\"valueRequired\":true,\"valueName\":\"search_term_string\"}}],\"inLanguage\":\"en-CA\"},{\"@type\":\"Organization\",\"@id\":\"https:\\\/\\\/perle-in.com\\\/#organization\",\"name\":\"PERLE IN\",\"url\":\"https:\\\/\\\/perle-in.com\\\/\",\"logo\":{\"@type\":\"ImageObject\",\"inLanguage\":\"en-CA\",\"@id\":\"https:\\\/\\\/perle-in.com\\\/#\\\/schema\\\/logo\\\/image\\\/\",\"url\":\"https:\\\/\\\/perle-in.com\\\/wp-content\\\/uploads\\\/2022\\\/12\\\/LOGO-PERLE-IN-COULEUR@3x.webp\",\"contentUrl\":\"https:\\\/\\\/perle-in.com\\\/wp-content\\\/uploads\\\/2022\\\/12\\\/LOGO-PERLE-IN-COULEUR@3x.webp\",\"width\":1600,\"height\":490,\"caption\":\"PERLE IN\"},\"image\":{\"@id\":\"https:\\\/\\\/perle-in.com\\\/#\\\/schema\\\/logo\\\/image\\\/\"}}]}<\/script>\n<!-- \/ Yoast SEO plugin. -->","yoast_head_json":{"title":"Bouteille shaker H2O Active\u00ae Bop 500\u00a0ml - PERLE IN","robots":{"index":"noindex","follow":"follow","max-snippet":"max-snippet:-1","max-image-preview":"max-image-preview:large","max-video-preview":"max-video-preview:-1"},"og_locale":"en_US","og_type":"article","og_title":"Bouteille shaker H2O Active\u00ae Bop 500\u00a0ml - PERLE IN","og_description":"Bouteille de sport \u00e0 simple paroi avec boule de shaker pour assurer un m\u00e9lange homog\u00e8ne des boissons prot\u00e9in\u00e9es. Dispose d\u2019un couvercle antifuite avec fermeture \u00e0 clapet et d'une conception antid\u00e9rapante. Capacit\u00e9 de 500\u00a0ml. Fabriqu\u00e9e au Royaume-Uni. Emball\u00e9e dans un sac en plastique PE recycl\u00e9. Sans BPA.","og_url":"https:\/\/perle-in.com\/en\/product\/bouteille-shaker-h2o-active-bop-500-ml\/","og_site_name":"PERLE IN","article_modified_time":"2025-10-14T08:19:12+00:00","og_image":[{"width":1600,"height":1600,"url":"https:\/\/perle-in.com\/wp-content\/uploads\/2025\/10\/21070401-1.jpg","type":"image\/jpeg"}],"twitter_card":"summary_large_image","schema":{"@context":"https:\/\/schema.org","@graph":[{"@type":"WebPage","@id":"https:\/\/perle-in.com\/produit\/bouteille-shaker-h2o-active-bop-500-ml\/","url":"https:\/\/perle-in.com\/produit\/bouteille-shaker-h2o-active-bop-500-ml\/","name":"Bouteille shaker H2O Active\u00ae Bop 500\u00a0ml - PERLE IN","isPartOf":{"@id":"https:\/\/perle-in.com\/#website"},"primaryImageOfPage":{"@id":"https:\/\/perle-in.com\/produit\/bouteille-shaker-h2o-active-bop-500-ml\/#primaryimage"},"image":{"@id":"https:\/\/perle-in.com\/produit\/bouteille-shaker-h2o-active-bop-500-ml\/#primaryimage"},"thumbnailUrl":"https:\/\/perle-in.com\/wp-content\/uploads\/2025\/10\/21070401-1.jpg","datePublished":"2025-10-14T08:18:48+00:00","dateModified":"2025-10-14T08:19:12+00:00","breadcrumb":{"@id":"https:\/\/perle-in.com\/produit\/bouteille-shaker-h2o-active-bop-500-ml\/#breadcrumb"},"inLanguage":"en-CA","potentialAction":[{"@type":"ReadAction","target":["https:\/\/perle-in.com\/produit\/bouteille-shaker-h2o-active-bop-500-ml\/"]}]},{"@type":"ImageObject","inLanguage":"en-CA","@id":"https:\/\/perle-in.com\/produit\/bouteille-shaker-h2o-active-bop-500-ml\/#primaryimage","url":"https:\/\/perle-in.com\/wp-content\/uploads\/2025\/10\/21070401-1.jpg","contentUrl":"https:\/\/perle-in.com\/wp-content\/uploads\/2025\/10\/21070401-1.jpg","width":1600,"height":1600},{"@type":"BreadcrumbList","@id":"https:\/\/perle-in.com\/produit\/bouteille-shaker-h2o-active-bop-500-ml\/#breadcrumb","itemListElement":[{"@type":"ListItem","position":1,"name":"Accueil","item":"https:\/\/perle-in.com\/"},{"@type":"ListItem","position":2,"name":"Boutique","item":"https:\/\/perle-in.com\/boutique\/"},{"@type":"ListItem","position":3,"name":"Bouteille shaker H2O Active\u00ae Bop 500\u00a0ml"}]},{"@type":"WebSite","@id":"https:\/\/perle-in.com\/#website","url":"https:\/\/perle-in.com\/","name":"PERLE IN","description":"","publisher":{"@id":"https:\/\/perle-in.com\/#organization"},"potentialAction":[{"@type":"SearchAction","target":{"@type":"EntryPoint","urlTemplate":"https:\/\/perle-in.com\/?s={search_term_string}"},"query-input":{"@type":"PropertyValueSpecification","valueRequired":true,"valueName":"search_term_string"}}],"inLanguage":"en-CA"},{"@type":"Organization","@id":"https:\/\/perle-in.com\/#organization","name":"PERLE IN","url":"https:\/\/perle-in.com\/","logo":{"@type":"ImageObject","inLanguage":"en-CA","@id":"https:\/\/perle-in.com\/#\/schema\/logo\/image\/","url":"https:\/\/perle-in.com\/wp-content\/uploads\/2022\/12\/LOGO-PERLE-IN-COULEUR@3x.webp","contentUrl":"https:\/\/perle-in.com\/wp-content\/uploads\/2022\/12\/LOGO-PERLE-IN-COULEUR@3x.webp","width":1600,"height":490,"caption":"PERLE IN"},"image":{"@id":"https:\/\/perle-in.com\/#\/schema\/logo\/image\/"}}]}},"jetpack_sharing_enabled":true,"_links":{"self":[{"href":"https:\/\/perle-in.com\/en\/wp-json\/wp\/v2\/product\/530203","targetHints":{"allow":["GET"]}}],"collection":[{"href":"https:\/\/perle-in.com\/en\/wp-json\/wp\/v2\/product"}],"about":[{"href":"https:\/\/perle-in.com\/en\/wp-json\/wp\/v2\/types\/product"}],"version-history":[{"count":0,"href":"https:\/\/perle-in.com\/en\/wp-json\/wp\/v2\/product\/530203\/revisions"}],"wp:featuredmedia":[{"embeddable":true,"href":"https:\/\/perle-in.com\/en\/wp-json\/wp\/v2\/media\/530189"}],"wp:attachment":[{"href":"https:\/\/perle-in.com\/en\/wp-json\/wp\/v2\/media?parent=530203"}],"wp:term":[{"taxonomy":"product_brand","embeddable":true,"href":"https:\/\/perle-in.com\/en\/wp-json\/wp\/v2\/product_brand?post=530203"},{"taxonomy":"product_cat","embeddable":true,"href":"https:\/\/perle-in.com\/en\/wp-json\/wp\/v2\/product_cat?post=530203"},{"taxonomy":"product_tag","embeddable":true,"href":"https:\/\/perle-in.com\/en\/wp-json\/wp\/v2\/product_tag?post=530203"}],"curies":[{"name":"wp","href":"https:\/\/api.w.org\/{rel}","templated":true}]}}