{"id":529923,"date":"2025-10-14T09:53:06","date_gmt":"2025-10-14T07:53:06","guid":{"rendered":"https:\/\/perle-in.com\/produit\/carnet-fabia-a-couverture-en-papier-crush\/"},"modified":"2025-10-14T09:53:09","modified_gmt":"2025-10-14T07:53:09","slug":"carnet-fabia-a-couverture-en-papier-crush","status":"publish","type":"product","link":"https:\/\/perle-in.com\/en\/product\/carnet-fabia-a-couverture-en-papier-crush\/","title":{"rendered":"Carnet Fabia \u00e0 couverture en papier Crush"},"content":{"rendered":"","protected":false},"excerpt":{"rendered":"<p>Carnet l\u00e9ger et flexible pour la prise de notes quotidienne. La couverture est  fabriqu\u00e9e \u00e0 partir de mat\u00e9riaux sourc\u00e9s de mani\u00e8re responsable. La couverture marron contient des r\u00e9sidus de caf\u00e9 (15\u00a0%), alors que la couverture verte contient des r\u00e9sidus d\u2019olives (15\u00a0%) , tous les deux combin\u00e9s avec 40\u00a0% de d\u00e9chets recycl\u00e9s post-consommation. Reliure cousue visible. Comprend 40 feuilles lign\u00e9es, en papier blanc recycl\u00e9 70 g\/m\u00b2, sourc\u00e9 de mani\u00e8re responsable. Fabriqu\u00e9 en Italie. <\/p>","protected":false},"featured_media":529914,"template":"","meta":{"_eb_attr":""},"product_brand":[],"product_cat":[587,4196],"product_tag":[601,599,2706,946,2717,836],"class_list":{"0":"post-529923","1":"product","2":"type-product","3":"status-publish","4":"has-post-thumbnail","6":"product_cat-bloc-notes-couverture-rigide","7":"product_cat-blocs-notes-et-papeterie-personnalisee","8":"product_tag-bloc-note","9":"product_tag-bloc-notes","10":"product_tag-carton","11":"product_tag-green-concept","12":"product_tag-papier-crush","13":"product_tag-recycle","14":"pa_couleurs-blanc","15":"pa_couleurs-olive","16":"pa_green-points-2680","17":"pa_matiere-papier-crush-papier-recycle","18":"pa_pays-d-origine-italie","20":"first","21":"instock","22":"shipping-taxable","23":"purchasable","24":"product-type-variable"},"yoast_head":"<!-- This site is optimized with the Yoast SEO plugin v27.4 - https:\/\/yoast.com\/product\/yoast-seo-wordpress\/ -->\n<title>Carnet Fabia \u00e0 couverture en papier Crush - PERLE IN<\/title>\n<meta name=\"robots\" content=\"noindex, follow, max-snippet:-1, max-image-preview:large, max-video-preview:-1\" \/>\n<meta property=\"og:locale\" content=\"en_US\" \/>\n<meta property=\"og:type\" content=\"article\" \/>\n<meta property=\"og:title\" content=\"Carnet Fabia \u00e0 couverture en papier Crush - PERLE IN\" \/>\n<meta property=\"og:description\" content=\"Carnet l\u00e9ger et flexible pour la prise de notes quotidienne. La couverture est fabriqu\u00e9e \u00e0 partir de mat\u00e9riaux sourc\u00e9s de mani\u00e8re responsable. La couverture marron contient des r\u00e9sidus de caf\u00e9 (15\u00a0%), alors que la couverture verte contient des r\u00e9sidus d\u2019olives (15\u00a0%) , tous les deux combin\u00e9s avec 40\u00a0% de d\u00e9chets recycl\u00e9s post-consommation. Reliure cousue visible. Comprend 40 feuilles lign\u00e9es, en papier blanc recycl\u00e9 70 g\/m\u00b2, sourc\u00e9 de mani\u00e8re responsable. Fabriqu\u00e9 en Italie.\" \/>\n<meta property=\"og:url\" content=\"https:\/\/perle-in.com\/en\/product\/carnet-fabia-a-couverture-en-papier-crush\/\" \/>\n<meta property=\"og:site_name\" content=\"PERLE IN\" \/>\n<meta property=\"article:modified_time\" content=\"2025-10-14T07:53:09+00:00\" \/>\n<meta property=\"og:image\" content=\"https:\/\/perle-in.com\/wp-content\/uploads\/2025\/10\/10774901-1.jpg\" \/>\n\t<meta property=\"og:image:width\" content=\"1600\" \/>\n\t<meta property=\"og:image:height\" content=\"1600\" \/>\n\t<meta property=\"og:image:type\" content=\"image\/jpeg\" \/>\n<meta name=\"twitter:card\" content=\"summary_large_image\" \/>\n<script type=\"application\/ld+json\" class=\"yoast-schema-graph\">{\"@context\":\"https:\\\/\\\/schema.org\",\"@graph\":[{\"@type\":\"WebPage\",\"@id\":\"https:\\\/\\\/perle-in.com\\\/produit\\\/carnet-fabia-a-couverture-en-papier-crush\\\/\",\"url\":\"https:\\\/\\\/perle-in.com\\\/produit\\\/carnet-fabia-a-couverture-en-papier-crush\\\/\",\"name\":\"Carnet Fabia \u00e0 couverture en papier Crush - PERLE IN\",\"isPartOf\":{\"@id\":\"https:\\\/\\\/perle-in.com\\\/#website\"},\"primaryImageOfPage\":{\"@id\":\"https:\\\/\\\/perle-in.com\\\/produit\\\/carnet-fabia-a-couverture-en-papier-crush\\\/#primaryimage\"},\"image\":{\"@id\":\"https:\\\/\\\/perle-in.com\\\/produit\\\/carnet-fabia-a-couverture-en-papier-crush\\\/#primaryimage\"},\"thumbnailUrl\":\"https:\\\/\\\/perle-in.com\\\/wp-content\\\/uploads\\\/2025\\\/10\\\/10774901-1.jpg\",\"datePublished\":\"2025-10-14T07:53:06+00:00\",\"dateModified\":\"2025-10-14T07:53:09+00:00\",\"breadcrumb\":{\"@id\":\"https:\\\/\\\/perle-in.com\\\/produit\\\/carnet-fabia-a-couverture-en-papier-crush\\\/#breadcrumb\"},\"inLanguage\":\"en-CA\",\"potentialAction\":[{\"@type\":\"ReadAction\",\"target\":[\"https:\\\/\\\/perle-in.com\\\/produit\\\/carnet-fabia-a-couverture-en-papier-crush\\\/\"]}]},{\"@type\":\"ImageObject\",\"inLanguage\":\"en-CA\",\"@id\":\"https:\\\/\\\/perle-in.com\\\/produit\\\/carnet-fabia-a-couverture-en-papier-crush\\\/#primaryimage\",\"url\":\"https:\\\/\\\/perle-in.com\\\/wp-content\\\/uploads\\\/2025\\\/10\\\/10774901-1.jpg\",\"contentUrl\":\"https:\\\/\\\/perle-in.com\\\/wp-content\\\/uploads\\\/2025\\\/10\\\/10774901-1.jpg\",\"width\":1600,\"height\":1600},{\"@type\":\"BreadcrumbList\",\"@id\":\"https:\\\/\\\/perle-in.com\\\/produit\\\/carnet-fabia-a-couverture-en-papier-crush\\\/#breadcrumb\",\"itemListElement\":[{\"@type\":\"ListItem\",\"position\":1,\"name\":\"Accueil\",\"item\":\"https:\\\/\\\/perle-in.com\\\/\"},{\"@type\":\"ListItem\",\"position\":2,\"name\":\"Boutique\",\"item\":\"https:\\\/\\\/perle-in.com\\\/boutique\\\/\"},{\"@type\":\"ListItem\",\"position\":3,\"name\":\"Carnet Fabia \u00e0 couverture en papier Crush\"}]},{\"@type\":\"WebSite\",\"@id\":\"https:\\\/\\\/perle-in.com\\\/#website\",\"url\":\"https:\\\/\\\/perle-in.com\\\/\",\"name\":\"PERLE IN\",\"description\":\"\",\"publisher\":{\"@id\":\"https:\\\/\\\/perle-in.com\\\/#organization\"},\"potentialAction\":[{\"@type\":\"SearchAction\",\"target\":{\"@type\":\"EntryPoint\",\"urlTemplate\":\"https:\\\/\\\/perle-in.com\\\/?s={search_term_string}\"},\"query-input\":{\"@type\":\"PropertyValueSpecification\",\"valueRequired\":true,\"valueName\":\"search_term_string\"}}],\"inLanguage\":\"en-CA\"},{\"@type\":\"Organization\",\"@id\":\"https:\\\/\\\/perle-in.com\\\/#organization\",\"name\":\"PERLE IN\",\"url\":\"https:\\\/\\\/perle-in.com\\\/\",\"logo\":{\"@type\":\"ImageObject\",\"inLanguage\":\"en-CA\",\"@id\":\"https:\\\/\\\/perle-in.com\\\/#\\\/schema\\\/logo\\\/image\\\/\",\"url\":\"https:\\\/\\\/perle-in.com\\\/wp-content\\\/uploads\\\/2022\\\/12\\\/LOGO-PERLE-IN-COULEUR@3x.webp\",\"contentUrl\":\"https:\\\/\\\/perle-in.com\\\/wp-content\\\/uploads\\\/2022\\\/12\\\/LOGO-PERLE-IN-COULEUR@3x.webp\",\"width\":1600,\"height\":490,\"caption\":\"PERLE IN\"},\"image\":{\"@id\":\"https:\\\/\\\/perle-in.com\\\/#\\\/schema\\\/logo\\\/image\\\/\"}}]}<\/script>\n<!-- \/ Yoast SEO plugin. -->","yoast_head_json":{"title":"Carnet Fabia \u00e0 couverture en papier Crush - PERLE IN","robots":{"index":"noindex","follow":"follow","max-snippet":"max-snippet:-1","max-image-preview":"max-image-preview:large","max-video-preview":"max-video-preview:-1"},"og_locale":"en_US","og_type":"article","og_title":"Carnet Fabia \u00e0 couverture en papier Crush - PERLE IN","og_description":"Carnet l\u00e9ger et flexible pour la prise de notes quotidienne. La couverture est fabriqu\u00e9e \u00e0 partir de mat\u00e9riaux sourc\u00e9s de mani\u00e8re responsable. La couverture marron contient des r\u00e9sidus de caf\u00e9 (15\u00a0%), alors que la couverture verte contient des r\u00e9sidus d\u2019olives (15\u00a0%) , tous les deux combin\u00e9s avec 40\u00a0% de d\u00e9chets recycl\u00e9s post-consommation. Reliure cousue visible. Comprend 40 feuilles lign\u00e9es, en papier blanc recycl\u00e9 70 g\/m\u00b2, sourc\u00e9 de mani\u00e8re responsable. Fabriqu\u00e9 en Italie.","og_url":"https:\/\/perle-in.com\/en\/product\/carnet-fabia-a-couverture-en-papier-crush\/","og_site_name":"PERLE IN","article_modified_time":"2025-10-14T07:53:09+00:00","og_image":[{"width":1600,"height":1600,"url":"https:\/\/perle-in.com\/wp-content\/uploads\/2025\/10\/10774901-1.jpg","type":"image\/jpeg"}],"twitter_card":"summary_large_image","schema":{"@context":"https:\/\/schema.org","@graph":[{"@type":"WebPage","@id":"https:\/\/perle-in.com\/produit\/carnet-fabia-a-couverture-en-papier-crush\/","url":"https:\/\/perle-in.com\/produit\/carnet-fabia-a-couverture-en-papier-crush\/","name":"Carnet Fabia \u00e0 couverture en papier Crush - PERLE IN","isPartOf":{"@id":"https:\/\/perle-in.com\/#website"},"primaryImageOfPage":{"@id":"https:\/\/perle-in.com\/produit\/carnet-fabia-a-couverture-en-papier-crush\/#primaryimage"},"image":{"@id":"https:\/\/perle-in.com\/produit\/carnet-fabia-a-couverture-en-papier-crush\/#primaryimage"},"thumbnailUrl":"https:\/\/perle-in.com\/wp-content\/uploads\/2025\/10\/10774901-1.jpg","datePublished":"2025-10-14T07:53:06+00:00","dateModified":"2025-10-14T07:53:09+00:00","breadcrumb":{"@id":"https:\/\/perle-in.com\/produit\/carnet-fabia-a-couverture-en-papier-crush\/#breadcrumb"},"inLanguage":"en-CA","potentialAction":[{"@type":"ReadAction","target":["https:\/\/perle-in.com\/produit\/carnet-fabia-a-couverture-en-papier-crush\/"]}]},{"@type":"ImageObject","inLanguage":"en-CA","@id":"https:\/\/perle-in.com\/produit\/carnet-fabia-a-couverture-en-papier-crush\/#primaryimage","url":"https:\/\/perle-in.com\/wp-content\/uploads\/2025\/10\/10774901-1.jpg","contentUrl":"https:\/\/perle-in.com\/wp-content\/uploads\/2025\/10\/10774901-1.jpg","width":1600,"height":1600},{"@type":"BreadcrumbList","@id":"https:\/\/perle-in.com\/produit\/carnet-fabia-a-couverture-en-papier-crush\/#breadcrumb","itemListElement":[{"@type":"ListItem","position":1,"name":"Accueil","item":"https:\/\/perle-in.com\/"},{"@type":"ListItem","position":2,"name":"Boutique","item":"https:\/\/perle-in.com\/boutique\/"},{"@type":"ListItem","position":3,"name":"Carnet Fabia \u00e0 couverture en papier Crush"}]},{"@type":"WebSite","@id":"https:\/\/perle-in.com\/#website","url":"https:\/\/perle-in.com\/","name":"PERLE IN","description":"","publisher":{"@id":"https:\/\/perle-in.com\/#organization"},"potentialAction":[{"@type":"SearchAction","target":{"@type":"EntryPoint","urlTemplate":"https:\/\/perle-in.com\/?s={search_term_string}"},"query-input":{"@type":"PropertyValueSpecification","valueRequired":true,"valueName":"search_term_string"}}],"inLanguage":"en-CA"},{"@type":"Organization","@id":"https:\/\/perle-in.com\/#organization","name":"PERLE IN","url":"https:\/\/perle-in.com\/","logo":{"@type":"ImageObject","inLanguage":"en-CA","@id":"https:\/\/perle-in.com\/#\/schema\/logo\/image\/","url":"https:\/\/perle-in.com\/wp-content\/uploads\/2022\/12\/LOGO-PERLE-IN-COULEUR@3x.webp","contentUrl":"https:\/\/perle-in.com\/wp-content\/uploads\/2022\/12\/LOGO-PERLE-IN-COULEUR@3x.webp","width":1600,"height":490,"caption":"PERLE IN"},"image":{"@id":"https:\/\/perle-in.com\/#\/schema\/logo\/image\/"}}]}},"jetpack_sharing_enabled":true,"_links":{"self":[{"href":"https:\/\/perle-in.com\/en\/wp-json\/wp\/v2\/product\/529923","targetHints":{"allow":["GET"]}}],"collection":[{"href":"https:\/\/perle-in.com\/en\/wp-json\/wp\/v2\/product"}],"about":[{"href":"https:\/\/perle-in.com\/en\/wp-json\/wp\/v2\/types\/product"}],"version-history":[{"count":0,"href":"https:\/\/perle-in.com\/en\/wp-json\/wp\/v2\/product\/529923\/revisions"}],"wp:featuredmedia":[{"embeddable":true,"href":"https:\/\/perle-in.com\/en\/wp-json\/wp\/v2\/media\/529914"}],"wp:attachment":[{"href":"https:\/\/perle-in.com\/en\/wp-json\/wp\/v2\/media?parent=529923"}],"wp:term":[{"taxonomy":"product_brand","embeddable":true,"href":"https:\/\/perle-in.com\/en\/wp-json\/wp\/v2\/product_brand?post=529923"},{"taxonomy":"product_cat","embeddable":true,"href":"https:\/\/perle-in.com\/en\/wp-json\/wp\/v2\/product_cat?post=529923"},{"taxonomy":"product_tag","embeddable":true,"href":"https:\/\/perle-in.com\/en\/wp-json\/wp\/v2\/product_tag?post=529923"}],"curies":[{"name":"wp","href":"https:\/\/api.w.org\/{rel}","templated":true}]}}