{"id":529910,"date":"2025-10-14T09:51:43","date_gmt":"2025-10-14T07:51:43","guid":{"rendered":"https:\/\/perle-in.com\/produit\/stylo-bille-terra-en-plastique-de-mais-encre-bleue\/"},"modified":"2025-10-14T09:51:44","modified_gmt":"2025-10-14T07:51:44","slug":"stylo-bille-terra-en-plastique-de-mais-encre-bleue","status":"publish","type":"product","link":"https:\/\/perle-in.com\/en\/product\/stylo-bille-terra-en-plastique-de-mais-encre-bleue\/","title":{"rendered":"Stylo bille Terra en plastique de ma\u00efs (encre bleue)"},"content":{"rendered":"","protected":false},"excerpt":{"rendered":"<p>Stylo bille r\u00e9sistant et rechargeable avec pointe r\u00e9tractable, fabriqu\u00e9 en 100\u00a0% PLA (plastique de ma\u00efs), ce qui r\u00e9duit la quantit\u00e9 de plastique utilis\u00e9. Comprend une recharge permettant environ 2\u00a0000\u00a0m\u00e8tres d&#8217;\u00e9criture. Le stylo est livr\u00e9 avec une recharge d\u2019encre bleue. Emball\u00e9 dans une pochette en carton.<\/p>","protected":false},"featured_media":529863,"template":"","meta":{"_eb_attr":""},"product_brand":[],"product_cat":[552,568],"product_tag":[554,946,2713,2712,1411],"class_list":{"0":"post-529910","1":"product","2":"type-product","3":"status-publish","4":"has-post-thumbnail","6":"product_cat-stylos-et-ecriture","7":"product_cat-stylos-bille","8":"product_tag-crayon","9":"product_tag-green-concept","10":"product_tag-plastique-de-mais","11":"product_tag-plastique-mais","12":"product_tag-stylo-a-bille","13":"pa_couleurs-blanc","14":"pa_marque-marksman","15":"pa_matiere-plastique-pla","17":"first","18":"instock","19":"shipping-taxable","20":"purchasable","21":"product-type-variable"},"yoast_head":"<!-- This site is optimized with the Yoast SEO plugin v27.4 - https:\/\/yoast.com\/product\/yoast-seo-wordpress\/ -->\n<title>Stylo bille Terra en plastique de ma\u00efs (encre bleue) - PERLE IN<\/title>\n<meta name=\"robots\" content=\"noindex, follow, max-snippet:-1, max-image-preview:large, max-video-preview:-1\" \/>\n<meta property=\"og:locale\" content=\"en_US\" \/>\n<meta property=\"og:type\" content=\"article\" \/>\n<meta property=\"og:title\" content=\"Stylo bille Terra en plastique de ma\u00efs (encre bleue) - PERLE IN\" \/>\n<meta property=\"og:description\" content=\"Stylo bille r\u00e9sistant et rechargeable avec pointe r\u00e9tractable, fabriqu\u00e9 en 100\u00a0% PLA (plastique de ma\u00efs), ce qui r\u00e9duit la quantit\u00e9 de plastique utilis\u00e9. Comprend une recharge permettant environ 2\u00a0000\u00a0m\u00e8tres d&#039;\u00e9criture. Le stylo est livr\u00e9 avec une recharge d\u2019encre bleue. Emball\u00e9 dans une pochette en carton.\" \/>\n<meta property=\"og:url\" content=\"https:\/\/perle-in.com\/en\/product\/stylo-bille-terra-en-plastique-de-mais-encre-bleue\/\" \/>\n<meta property=\"og:site_name\" content=\"PERLE IN\" \/>\n<meta property=\"article:modified_time\" content=\"2025-10-14T07:51:44+00:00\" \/>\n<meta property=\"og:image\" content=\"https:\/\/perle-in.com\/wp-content\/uploads\/2025\/10\/10774301-1.jpg\" \/>\n\t<meta property=\"og:image:width\" content=\"1600\" \/>\n\t<meta property=\"og:image:height\" content=\"1600\" \/>\n\t<meta property=\"og:image:type\" content=\"image\/jpeg\" \/>\n<meta name=\"twitter:card\" content=\"summary_large_image\" \/>\n<script type=\"application\/ld+json\" class=\"yoast-schema-graph\">{\"@context\":\"https:\\\/\\\/schema.org\",\"@graph\":[{\"@type\":\"WebPage\",\"@id\":\"https:\\\/\\\/perle-in.com\\\/produit\\\/stylo-bille-terra-en-plastique-de-mais-encre-bleue\\\/\",\"url\":\"https:\\\/\\\/perle-in.com\\\/produit\\\/stylo-bille-terra-en-plastique-de-mais-encre-bleue\\\/\",\"name\":\"Stylo bille Terra en plastique de ma\u00efs (encre bleue) - PERLE IN\",\"isPartOf\":{\"@id\":\"https:\\\/\\\/perle-in.com\\\/#website\"},\"primaryImageOfPage\":{\"@id\":\"https:\\\/\\\/perle-in.com\\\/produit\\\/stylo-bille-terra-en-plastique-de-mais-encre-bleue\\\/#primaryimage\"},\"image\":{\"@id\":\"https:\\\/\\\/perle-in.com\\\/produit\\\/stylo-bille-terra-en-plastique-de-mais-encre-bleue\\\/#primaryimage\"},\"thumbnailUrl\":\"https:\\\/\\\/perle-in.com\\\/wp-content\\\/uploads\\\/2025\\\/10\\\/10774301-1.jpg\",\"datePublished\":\"2025-10-14T07:51:43+00:00\",\"dateModified\":\"2025-10-14T07:51:44+00:00\",\"breadcrumb\":{\"@id\":\"https:\\\/\\\/perle-in.com\\\/produit\\\/stylo-bille-terra-en-plastique-de-mais-encre-bleue\\\/#breadcrumb\"},\"inLanguage\":\"en-CA\",\"potentialAction\":[{\"@type\":\"ReadAction\",\"target\":[\"https:\\\/\\\/perle-in.com\\\/produit\\\/stylo-bille-terra-en-plastique-de-mais-encre-bleue\\\/\"]}]},{\"@type\":\"ImageObject\",\"inLanguage\":\"en-CA\",\"@id\":\"https:\\\/\\\/perle-in.com\\\/produit\\\/stylo-bille-terra-en-plastique-de-mais-encre-bleue\\\/#primaryimage\",\"url\":\"https:\\\/\\\/perle-in.com\\\/wp-content\\\/uploads\\\/2025\\\/10\\\/10774301-1.jpg\",\"contentUrl\":\"https:\\\/\\\/perle-in.com\\\/wp-content\\\/uploads\\\/2025\\\/10\\\/10774301-1.jpg\",\"width\":1600,\"height\":1600},{\"@type\":\"BreadcrumbList\",\"@id\":\"https:\\\/\\\/perle-in.com\\\/produit\\\/stylo-bille-terra-en-plastique-de-mais-encre-bleue\\\/#breadcrumb\",\"itemListElement\":[{\"@type\":\"ListItem\",\"position\":1,\"name\":\"Accueil\",\"item\":\"https:\\\/\\\/perle-in.com\\\/\"},{\"@type\":\"ListItem\",\"position\":2,\"name\":\"Boutique\",\"item\":\"https:\\\/\\\/perle-in.com\\\/boutique\\\/\"},{\"@type\":\"ListItem\",\"position\":3,\"name\":\"Stylo bille Terra en plastique de ma\u00efs (encre bleue)\"}]},{\"@type\":\"WebSite\",\"@id\":\"https:\\\/\\\/perle-in.com\\\/#website\",\"url\":\"https:\\\/\\\/perle-in.com\\\/\",\"name\":\"PERLE IN\",\"description\":\"\",\"publisher\":{\"@id\":\"https:\\\/\\\/perle-in.com\\\/#organization\"},\"potentialAction\":[{\"@type\":\"SearchAction\",\"target\":{\"@type\":\"EntryPoint\",\"urlTemplate\":\"https:\\\/\\\/perle-in.com\\\/?s={search_term_string}\"},\"query-input\":{\"@type\":\"PropertyValueSpecification\",\"valueRequired\":true,\"valueName\":\"search_term_string\"}}],\"inLanguage\":\"en-CA\"},{\"@type\":\"Organization\",\"@id\":\"https:\\\/\\\/perle-in.com\\\/#organization\",\"name\":\"PERLE IN\",\"url\":\"https:\\\/\\\/perle-in.com\\\/\",\"logo\":{\"@type\":\"ImageObject\",\"inLanguage\":\"en-CA\",\"@id\":\"https:\\\/\\\/perle-in.com\\\/#\\\/schema\\\/logo\\\/image\\\/\",\"url\":\"https:\\\/\\\/perle-in.com\\\/wp-content\\\/uploads\\\/2022\\\/12\\\/LOGO-PERLE-IN-COULEUR@3x.webp\",\"contentUrl\":\"https:\\\/\\\/perle-in.com\\\/wp-content\\\/uploads\\\/2022\\\/12\\\/LOGO-PERLE-IN-COULEUR@3x.webp\",\"width\":1600,\"height\":490,\"caption\":\"PERLE IN\"},\"image\":{\"@id\":\"https:\\\/\\\/perle-in.com\\\/#\\\/schema\\\/logo\\\/image\\\/\"}}]}<\/script>\n<!-- \/ Yoast SEO plugin. -->","yoast_head_json":{"title":"Stylo bille Terra en plastique de ma\u00efs (encre bleue) - PERLE IN","robots":{"index":"noindex","follow":"follow","max-snippet":"max-snippet:-1","max-image-preview":"max-image-preview:large","max-video-preview":"max-video-preview:-1"},"og_locale":"en_US","og_type":"article","og_title":"Stylo bille Terra en plastique de ma\u00efs (encre bleue) - PERLE IN","og_description":"Stylo bille r\u00e9sistant et rechargeable avec pointe r\u00e9tractable, fabriqu\u00e9 en 100\u00a0% PLA (plastique de ma\u00efs), ce qui r\u00e9duit la quantit\u00e9 de plastique utilis\u00e9. Comprend une recharge permettant environ 2\u00a0000\u00a0m\u00e8tres d'\u00e9criture. Le stylo est livr\u00e9 avec une recharge d\u2019encre bleue. Emball\u00e9 dans une pochette en carton.","og_url":"https:\/\/perle-in.com\/en\/product\/stylo-bille-terra-en-plastique-de-mais-encre-bleue\/","og_site_name":"PERLE IN","article_modified_time":"2025-10-14T07:51:44+00:00","og_image":[{"width":1600,"height":1600,"url":"https:\/\/perle-in.com\/wp-content\/uploads\/2025\/10\/10774301-1.jpg","type":"image\/jpeg"}],"twitter_card":"summary_large_image","schema":{"@context":"https:\/\/schema.org","@graph":[{"@type":"WebPage","@id":"https:\/\/perle-in.com\/produit\/stylo-bille-terra-en-plastique-de-mais-encre-bleue\/","url":"https:\/\/perle-in.com\/produit\/stylo-bille-terra-en-plastique-de-mais-encre-bleue\/","name":"Stylo bille Terra en plastique de ma\u00efs (encre bleue) - PERLE IN","isPartOf":{"@id":"https:\/\/perle-in.com\/#website"},"primaryImageOfPage":{"@id":"https:\/\/perle-in.com\/produit\/stylo-bille-terra-en-plastique-de-mais-encre-bleue\/#primaryimage"},"image":{"@id":"https:\/\/perle-in.com\/produit\/stylo-bille-terra-en-plastique-de-mais-encre-bleue\/#primaryimage"},"thumbnailUrl":"https:\/\/perle-in.com\/wp-content\/uploads\/2025\/10\/10774301-1.jpg","datePublished":"2025-10-14T07:51:43+00:00","dateModified":"2025-10-14T07:51:44+00:00","breadcrumb":{"@id":"https:\/\/perle-in.com\/produit\/stylo-bille-terra-en-plastique-de-mais-encre-bleue\/#breadcrumb"},"inLanguage":"en-CA","potentialAction":[{"@type":"ReadAction","target":["https:\/\/perle-in.com\/produit\/stylo-bille-terra-en-plastique-de-mais-encre-bleue\/"]}]},{"@type":"ImageObject","inLanguage":"en-CA","@id":"https:\/\/perle-in.com\/produit\/stylo-bille-terra-en-plastique-de-mais-encre-bleue\/#primaryimage","url":"https:\/\/perle-in.com\/wp-content\/uploads\/2025\/10\/10774301-1.jpg","contentUrl":"https:\/\/perle-in.com\/wp-content\/uploads\/2025\/10\/10774301-1.jpg","width":1600,"height":1600},{"@type":"BreadcrumbList","@id":"https:\/\/perle-in.com\/produit\/stylo-bille-terra-en-plastique-de-mais-encre-bleue\/#breadcrumb","itemListElement":[{"@type":"ListItem","position":1,"name":"Accueil","item":"https:\/\/perle-in.com\/"},{"@type":"ListItem","position":2,"name":"Boutique","item":"https:\/\/perle-in.com\/boutique\/"},{"@type":"ListItem","position":3,"name":"Stylo bille Terra en plastique de ma\u00efs (encre bleue)"}]},{"@type":"WebSite","@id":"https:\/\/perle-in.com\/#website","url":"https:\/\/perle-in.com\/","name":"PERLE IN","description":"","publisher":{"@id":"https:\/\/perle-in.com\/#organization"},"potentialAction":[{"@type":"SearchAction","target":{"@type":"EntryPoint","urlTemplate":"https:\/\/perle-in.com\/?s={search_term_string}"},"query-input":{"@type":"PropertyValueSpecification","valueRequired":true,"valueName":"search_term_string"}}],"inLanguage":"en-CA"},{"@type":"Organization","@id":"https:\/\/perle-in.com\/#organization","name":"PERLE IN","url":"https:\/\/perle-in.com\/","logo":{"@type":"ImageObject","inLanguage":"en-CA","@id":"https:\/\/perle-in.com\/#\/schema\/logo\/image\/","url":"https:\/\/perle-in.com\/wp-content\/uploads\/2022\/12\/LOGO-PERLE-IN-COULEUR@3x.webp","contentUrl":"https:\/\/perle-in.com\/wp-content\/uploads\/2022\/12\/LOGO-PERLE-IN-COULEUR@3x.webp","width":1600,"height":490,"caption":"PERLE IN"},"image":{"@id":"https:\/\/perle-in.com\/#\/schema\/logo\/image\/"}}]}},"jetpack_sharing_enabled":true,"_links":{"self":[{"href":"https:\/\/perle-in.com\/en\/wp-json\/wp\/v2\/product\/529910","targetHints":{"allow":["GET"]}}],"collection":[{"href":"https:\/\/perle-in.com\/en\/wp-json\/wp\/v2\/product"}],"about":[{"href":"https:\/\/perle-in.com\/en\/wp-json\/wp\/v2\/types\/product"}],"version-history":[{"count":0,"href":"https:\/\/perle-in.com\/en\/wp-json\/wp\/v2\/product\/529910\/revisions"}],"wp:featuredmedia":[{"embeddable":true,"href":"https:\/\/perle-in.com\/en\/wp-json\/wp\/v2\/media\/529863"}],"wp:attachment":[{"href":"https:\/\/perle-in.com\/en\/wp-json\/wp\/v2\/media?parent=529910"}],"wp:term":[{"taxonomy":"product_brand","embeddable":true,"href":"https:\/\/perle-in.com\/en\/wp-json\/wp\/v2\/product_brand?post=529910"},{"taxonomy":"product_cat","embeddable":true,"href":"https:\/\/perle-in.com\/en\/wp-json\/wp\/v2\/product_cat?post=529910"},{"taxonomy":"product_tag","embeddable":true,"href":"https:\/\/perle-in.com\/en\/wp-json\/wp\/v2\/product_tag?post=529910"}],"curies":[{"name":"wp","href":"https:\/\/api.w.org\/{rel}","templated":true}]}}