{"id":529904,"date":"2025-10-14T09:51:25","date_gmt":"2025-10-14T07:51:25","guid":{"rendered":"https:\/\/perle-in.com\/produit\/sac-a-dos-notion-pour-ordinateur-portable-de-173-29l\/"},"modified":"2025-10-14T09:51:26","modified_gmt":"2025-10-14T07:51:26","slug":"sac-a-dos-notion-pour-ordinateur-portable-de-173-29l","status":"publish","type":"product","link":"https:\/\/perle-in.com\/en\/product\/sac-a-dos-notion-pour-ordinateur-portable-de-173-29l\/","title":{"rendered":"Sac \u00e0 dos Notion pour ordinateur portable de 17,3&#8243; 29L"},"content":{"rendered":"","protected":false},"excerpt":{"rendered":"<p>Dispose d\u2019un grand compartiment principal zipp\u00e9 avec un logement matelass\u00e9 pour ordinateur portable de 17,3&#8243; et tablette de 10,1&#8243;, ainsi que d&#8217;une pochette en maille filet zipp\u00e9e pour les c\u00e2bles et accessoires. Comprend un panneau d\u2019organisation avant pour le stockage de petits appareils \u00e9lectroniques, c\u00e2bles, accessoires, cartes de visite et cl\u00e9s. Avec poches lat\u00e9rales extensibles pour bouteille d\u2019eau ou batterie externe, bretelles rembourr\u00e9es, panneau arri\u00e8re matelass\u00e9 en maille respirante, une poign\u00e9e souple et un passant trolley. Garantie Case Logic\u00a0: 25\u00a0ans.<\/p>","protected":false},"featured_media":529819,"template":"","meta":{"_eb_attr":""},"product_brand":[],"product_cat":[1214,159],"product_tag":[1861,1862,786,1832,1347,1348],"class_list":{"0":"post-529904","1":"product","2":"type-product","3":"status-publish","4":"has-post-thumbnail","6":"product_cat-sac-a-dos-pour-ordinateur","7":"product_cat-sacs","8":"product_tag-case-logic","9":"product_tag-caselogic","10":"product_tag-ordinateur","11":"product_tag-ordinateurs","12":"product_tag-sac-a-dos","13":"product_tag-sacs-a-dos","14":"pa_couleurs-noir","15":"pa_marque-case-logic","16":"pa_pays-d-origine-vietnam","18":"first","19":"instock","20":"shipping-taxable","21":"purchasable","22":"product-type-variable"},"yoast_head":"<!-- This site is optimized with the Yoast SEO plugin v27.4 - https:\/\/yoast.com\/product\/yoast-seo-wordpress\/ -->\n<title>Sac \u00e0 dos Notion pour ordinateur portable de 17,3&quot; 29L - PERLE IN<\/title>\n<meta name=\"robots\" content=\"noindex, follow, max-snippet:-1, max-image-preview:large, max-video-preview:-1\" \/>\n<meta property=\"og:locale\" content=\"en_US\" \/>\n<meta property=\"og:type\" content=\"article\" \/>\n<meta property=\"og:title\" content=\"Sac \u00e0 dos Notion pour ordinateur portable de 17,3&quot; 29L - PERLE IN\" \/>\n<meta property=\"og:description\" content=\"Dispose d\u2019un grand compartiment principal zipp\u00e9 avec un logement matelass\u00e9 pour ordinateur portable de 17,3&quot; et tablette de 10,1&quot;, ainsi que d&#039;une pochette en maille filet zipp\u00e9e pour les c\u00e2bles et accessoires. Comprend un panneau d\u2019organisation avant pour le stockage de petits appareils \u00e9lectroniques, c\u00e2bles, accessoires, cartes de visite et cl\u00e9s. Avec poches lat\u00e9rales extensibles pour bouteille d\u2019eau ou batterie externe, bretelles rembourr\u00e9es, panneau arri\u00e8re matelass\u00e9 en maille respirante, une poign\u00e9e souple et un passant trolley. Garantie Case Logic\u00a0: 25\u00a0ans.\" \/>\n<meta property=\"og:url\" content=\"https:\/\/perle-in.com\/en\/product\/sac-a-dos-notion-pour-ordinateur-portable-de-173-29l\/\" \/>\n<meta property=\"og:site_name\" content=\"PERLE IN\" \/>\n<meta property=\"article:modified_time\" content=\"2025-10-14T07:51:26+00:00\" \/>\n<meta property=\"og:image\" content=\"https:\/\/perle-in.com\/wp-content\/uploads\/2025\/10\/12055690-1.jpg\" \/>\n\t<meta property=\"og:image:width\" content=\"1600\" \/>\n\t<meta property=\"og:image:height\" content=\"1600\" \/>\n\t<meta property=\"og:image:type\" content=\"image\/jpeg\" \/>\n<meta name=\"twitter:card\" content=\"summary_large_image\" \/>\n<script type=\"application\/ld+json\" class=\"yoast-schema-graph\">{\"@context\":\"https:\\\/\\\/schema.org\",\"@graph\":[{\"@type\":\"WebPage\",\"@id\":\"https:\\\/\\\/perle-in.com\\\/produit\\\/sac-a-dos-notion-pour-ordinateur-portable-de-173-29l\\\/\",\"url\":\"https:\\\/\\\/perle-in.com\\\/produit\\\/sac-a-dos-notion-pour-ordinateur-portable-de-173-29l\\\/\",\"name\":\"Sac \u00e0 dos Notion pour ordinateur portable de 17,3\\\" 29L - PERLE IN\",\"isPartOf\":{\"@id\":\"https:\\\/\\\/perle-in.com\\\/#website\"},\"primaryImageOfPage\":{\"@id\":\"https:\\\/\\\/perle-in.com\\\/produit\\\/sac-a-dos-notion-pour-ordinateur-portable-de-173-29l\\\/#primaryimage\"},\"image\":{\"@id\":\"https:\\\/\\\/perle-in.com\\\/produit\\\/sac-a-dos-notion-pour-ordinateur-portable-de-173-29l\\\/#primaryimage\"},\"thumbnailUrl\":\"https:\\\/\\\/perle-in.com\\\/wp-content\\\/uploads\\\/2025\\\/10\\\/12055690-1.jpg\",\"datePublished\":\"2025-10-14T07:51:25+00:00\",\"dateModified\":\"2025-10-14T07:51:26+00:00\",\"breadcrumb\":{\"@id\":\"https:\\\/\\\/perle-in.com\\\/produit\\\/sac-a-dos-notion-pour-ordinateur-portable-de-173-29l\\\/#breadcrumb\"},\"inLanguage\":\"en-CA\",\"potentialAction\":[{\"@type\":\"ReadAction\",\"target\":[\"https:\\\/\\\/perle-in.com\\\/produit\\\/sac-a-dos-notion-pour-ordinateur-portable-de-173-29l\\\/\"]}]},{\"@type\":\"ImageObject\",\"inLanguage\":\"en-CA\",\"@id\":\"https:\\\/\\\/perle-in.com\\\/produit\\\/sac-a-dos-notion-pour-ordinateur-portable-de-173-29l\\\/#primaryimage\",\"url\":\"https:\\\/\\\/perle-in.com\\\/wp-content\\\/uploads\\\/2025\\\/10\\\/12055690-1.jpg\",\"contentUrl\":\"https:\\\/\\\/perle-in.com\\\/wp-content\\\/uploads\\\/2025\\\/10\\\/12055690-1.jpg\",\"width\":1600,\"height\":1600},{\"@type\":\"BreadcrumbList\",\"@id\":\"https:\\\/\\\/perle-in.com\\\/produit\\\/sac-a-dos-notion-pour-ordinateur-portable-de-173-29l\\\/#breadcrumb\",\"itemListElement\":[{\"@type\":\"ListItem\",\"position\":1,\"name\":\"Accueil\",\"item\":\"https:\\\/\\\/perle-in.com\\\/\"},{\"@type\":\"ListItem\",\"position\":2,\"name\":\"Boutique\",\"item\":\"https:\\\/\\\/perle-in.com\\\/boutique\\\/\"},{\"@type\":\"ListItem\",\"position\":3,\"name\":\"Sac \u00e0 dos Notion pour ordinateur portable de 17,3&#8243; 29L\"}]},{\"@type\":\"WebSite\",\"@id\":\"https:\\\/\\\/perle-in.com\\\/#website\",\"url\":\"https:\\\/\\\/perle-in.com\\\/\",\"name\":\"PERLE IN\",\"description\":\"\",\"publisher\":{\"@id\":\"https:\\\/\\\/perle-in.com\\\/#organization\"},\"potentialAction\":[{\"@type\":\"SearchAction\",\"target\":{\"@type\":\"EntryPoint\",\"urlTemplate\":\"https:\\\/\\\/perle-in.com\\\/?s={search_term_string}\"},\"query-input\":{\"@type\":\"PropertyValueSpecification\",\"valueRequired\":true,\"valueName\":\"search_term_string\"}}],\"inLanguage\":\"en-CA\"},{\"@type\":\"Organization\",\"@id\":\"https:\\\/\\\/perle-in.com\\\/#organization\",\"name\":\"PERLE IN\",\"url\":\"https:\\\/\\\/perle-in.com\\\/\",\"logo\":{\"@type\":\"ImageObject\",\"inLanguage\":\"en-CA\",\"@id\":\"https:\\\/\\\/perle-in.com\\\/#\\\/schema\\\/logo\\\/image\\\/\",\"url\":\"https:\\\/\\\/perle-in.com\\\/wp-content\\\/uploads\\\/2022\\\/12\\\/LOGO-PERLE-IN-COULEUR@3x.webp\",\"contentUrl\":\"https:\\\/\\\/perle-in.com\\\/wp-content\\\/uploads\\\/2022\\\/12\\\/LOGO-PERLE-IN-COULEUR@3x.webp\",\"width\":1600,\"height\":490,\"caption\":\"PERLE IN\"},\"image\":{\"@id\":\"https:\\\/\\\/perle-in.com\\\/#\\\/schema\\\/logo\\\/image\\\/\"}}]}<\/script>\n<!-- \/ Yoast SEO plugin. -->","yoast_head_json":{"title":"Sac \u00e0 dos Notion pour ordinateur portable de 17,3\" 29L - PERLE IN","robots":{"index":"noindex","follow":"follow","max-snippet":"max-snippet:-1","max-image-preview":"max-image-preview:large","max-video-preview":"max-video-preview:-1"},"og_locale":"en_US","og_type":"article","og_title":"Sac \u00e0 dos Notion pour ordinateur portable de 17,3\" 29L - PERLE IN","og_description":"Dispose d\u2019un grand compartiment principal zipp\u00e9 avec un logement matelass\u00e9 pour ordinateur portable de 17,3\" et tablette de 10,1\", ainsi que d'une pochette en maille filet zipp\u00e9e pour les c\u00e2bles et accessoires. Comprend un panneau d\u2019organisation avant pour le stockage de petits appareils \u00e9lectroniques, c\u00e2bles, accessoires, cartes de visite et cl\u00e9s. Avec poches lat\u00e9rales extensibles pour bouteille d\u2019eau ou batterie externe, bretelles rembourr\u00e9es, panneau arri\u00e8re matelass\u00e9 en maille respirante, une poign\u00e9e souple et un passant trolley. Garantie Case Logic\u00a0: 25\u00a0ans.","og_url":"https:\/\/perle-in.com\/en\/product\/sac-a-dos-notion-pour-ordinateur-portable-de-173-29l\/","og_site_name":"PERLE IN","article_modified_time":"2025-10-14T07:51:26+00:00","og_image":[{"width":1600,"height":1600,"url":"https:\/\/perle-in.com\/wp-content\/uploads\/2025\/10\/12055690-1.jpg","type":"image\/jpeg"}],"twitter_card":"summary_large_image","schema":{"@context":"https:\/\/schema.org","@graph":[{"@type":"WebPage","@id":"https:\/\/perle-in.com\/produit\/sac-a-dos-notion-pour-ordinateur-portable-de-173-29l\/","url":"https:\/\/perle-in.com\/produit\/sac-a-dos-notion-pour-ordinateur-portable-de-173-29l\/","name":"Sac \u00e0 dos Notion pour ordinateur portable de 17,3\" 29L - PERLE IN","isPartOf":{"@id":"https:\/\/perle-in.com\/#website"},"primaryImageOfPage":{"@id":"https:\/\/perle-in.com\/produit\/sac-a-dos-notion-pour-ordinateur-portable-de-173-29l\/#primaryimage"},"image":{"@id":"https:\/\/perle-in.com\/produit\/sac-a-dos-notion-pour-ordinateur-portable-de-173-29l\/#primaryimage"},"thumbnailUrl":"https:\/\/perle-in.com\/wp-content\/uploads\/2025\/10\/12055690-1.jpg","datePublished":"2025-10-14T07:51:25+00:00","dateModified":"2025-10-14T07:51:26+00:00","breadcrumb":{"@id":"https:\/\/perle-in.com\/produit\/sac-a-dos-notion-pour-ordinateur-portable-de-173-29l\/#breadcrumb"},"inLanguage":"en-CA","potentialAction":[{"@type":"ReadAction","target":["https:\/\/perle-in.com\/produit\/sac-a-dos-notion-pour-ordinateur-portable-de-173-29l\/"]}]},{"@type":"ImageObject","inLanguage":"en-CA","@id":"https:\/\/perle-in.com\/produit\/sac-a-dos-notion-pour-ordinateur-portable-de-173-29l\/#primaryimage","url":"https:\/\/perle-in.com\/wp-content\/uploads\/2025\/10\/12055690-1.jpg","contentUrl":"https:\/\/perle-in.com\/wp-content\/uploads\/2025\/10\/12055690-1.jpg","width":1600,"height":1600},{"@type":"BreadcrumbList","@id":"https:\/\/perle-in.com\/produit\/sac-a-dos-notion-pour-ordinateur-portable-de-173-29l\/#breadcrumb","itemListElement":[{"@type":"ListItem","position":1,"name":"Accueil","item":"https:\/\/perle-in.com\/"},{"@type":"ListItem","position":2,"name":"Boutique","item":"https:\/\/perle-in.com\/boutique\/"},{"@type":"ListItem","position":3,"name":"Sac \u00e0 dos Notion pour ordinateur portable de 17,3&#8243; 29L"}]},{"@type":"WebSite","@id":"https:\/\/perle-in.com\/#website","url":"https:\/\/perle-in.com\/","name":"PERLE IN","description":"","publisher":{"@id":"https:\/\/perle-in.com\/#organization"},"potentialAction":[{"@type":"SearchAction","target":{"@type":"EntryPoint","urlTemplate":"https:\/\/perle-in.com\/?s={search_term_string}"},"query-input":{"@type":"PropertyValueSpecification","valueRequired":true,"valueName":"search_term_string"}}],"inLanguage":"en-CA"},{"@type":"Organization","@id":"https:\/\/perle-in.com\/#organization","name":"PERLE IN","url":"https:\/\/perle-in.com\/","logo":{"@type":"ImageObject","inLanguage":"en-CA","@id":"https:\/\/perle-in.com\/#\/schema\/logo\/image\/","url":"https:\/\/perle-in.com\/wp-content\/uploads\/2022\/12\/LOGO-PERLE-IN-COULEUR@3x.webp","contentUrl":"https:\/\/perle-in.com\/wp-content\/uploads\/2022\/12\/LOGO-PERLE-IN-COULEUR@3x.webp","width":1600,"height":490,"caption":"PERLE IN"},"image":{"@id":"https:\/\/perle-in.com\/#\/schema\/logo\/image\/"}}]}},"jetpack_sharing_enabled":true,"_links":{"self":[{"href":"https:\/\/perle-in.com\/en\/wp-json\/wp\/v2\/product\/529904","targetHints":{"allow":["GET"]}}],"collection":[{"href":"https:\/\/perle-in.com\/en\/wp-json\/wp\/v2\/product"}],"about":[{"href":"https:\/\/perle-in.com\/en\/wp-json\/wp\/v2\/types\/product"}],"version-history":[{"count":0,"href":"https:\/\/perle-in.com\/en\/wp-json\/wp\/v2\/product\/529904\/revisions"}],"wp:featuredmedia":[{"embeddable":true,"href":"https:\/\/perle-in.com\/en\/wp-json\/wp\/v2\/media\/529819"}],"wp:attachment":[{"href":"https:\/\/perle-in.com\/en\/wp-json\/wp\/v2\/media?parent=529904"}],"wp:term":[{"taxonomy":"product_brand","embeddable":true,"href":"https:\/\/perle-in.com\/en\/wp-json\/wp\/v2\/product_brand?post=529904"},{"taxonomy":"product_cat","embeddable":true,"href":"https:\/\/perle-in.com\/en\/wp-json\/wp\/v2\/product_cat?post=529904"},{"taxonomy":"product_tag","embeddable":true,"href":"https:\/\/perle-in.com\/en\/wp-json\/wp\/v2\/product_tag?post=529904"}],"curies":[{"name":"wp","href":"https:\/\/api.w.org\/{rel}","templated":true}]}}