{"id":529849,"date":"2025-10-14T09:43:23","date_gmt":"2025-10-14T07:43:23","guid":{"rendered":"https:\/\/perle-in.com\/produit\/carnet-cobble-a6-a-spirales-en-carton-recycle-avec-papier-de-pierre\/"},"modified":"2025-10-14T09:43:25","modified_gmt":"2025-10-14T07:43:25","slug":"carnet-cobble-a6-a-spirales-en-carton-recycle-avec-papier-de-pierre","status":"publish","type":"product","link":"https:\/\/perle-in.com\/en\/product\/carnet-cobble-a6-a-spirales-en-carton-recycle-avec-papier-de-pierre\/","title":{"rendered":"Carnet Cobble\u00a0A6 \u00e0 spirales en carton recycl\u00e9 avec papier de pierre"},"content":{"rendered":"","protected":false},"excerpt":{"rendered":"<p>Carnet A6 \u00e0 spirale avec couverture en carton recycl\u00e9 et boucle pour stylo. Contient 70\u00a0feuilles lign\u00e9es de 60\u00a0g\/m\u00b2 fabriqu\u00e9es en pierre. Le papier de pierre n&#8217;utilise aucun arbre et le processus de production consomme moins d\u2019\u00e9nergie que celui du papier recycl\u00e9 ou de nouvelle p\u00e2te \u00e0 papier. Ce papier est r\u00e9sistant \u00e0 l\u2019eau et aux d\u00e9chirures et se caract\u00e9rise par une couleur blanche naturelle (pas de blanchiment). <\/p>","protected":false},"featured_media":529843,"template":"","meta":{"_eb_attr":""},"product_brand":[],"product_cat":[1224,4196],"product_tag":[599,2704,2706,946,2705,836],"class_list":{"0":"post-529849","1":"product","2":"type-product","3":"status-publish","4":"has-post-thumbnail","6":"product_cat-bloc-notes-couverture-souple","7":"product_cat-blocs-notes-et-papeterie-personnalisee","8":"product_tag-bloc-notes","9":"product_tag-blocnote","10":"product_tag-carton","11":"product_tag-green-concept","12":"product_tag-papier-pierre","13":"product_tag-recycle","14":"pa_couleurs-naturel","15":"pa_matiere-carton-recycle-papier-de-pierre","17":"first","18":"instock","19":"shipping-taxable","20":"purchasable","21":"product-type-variable"},"yoast_head":"<!-- This site is optimized with the Yoast SEO plugin v27.4 - https:\/\/yoast.com\/product\/yoast-seo-wordpress\/ -->\n<title>Carnet Cobble\u00a0A6 \u00e0 spirales en carton recycl\u00e9 avec papier de pierre - PERLE IN<\/title>\n<meta name=\"robots\" content=\"noindex, follow, max-snippet:-1, max-image-preview:large, max-video-preview:-1\" \/>\n<meta property=\"og:locale\" content=\"en_US\" \/>\n<meta property=\"og:type\" content=\"article\" \/>\n<meta property=\"og:title\" content=\"Carnet Cobble\u00a0A6 \u00e0 spirales en carton recycl\u00e9 avec papier de pierre - PERLE IN\" \/>\n<meta property=\"og:description\" content=\"Carnet A6 \u00e0 spirale avec couverture en carton recycl\u00e9 et boucle pour stylo. Contient 70\u00a0feuilles lign\u00e9es de 60\u00a0g\/m\u00b2 fabriqu\u00e9es en pierre. Le papier de pierre n&#039;utilise aucun arbre et le processus de production consomme moins d\u2019\u00e9nergie que celui du papier recycl\u00e9 ou de nouvelle p\u00e2te \u00e0 papier. Ce papier est r\u00e9sistant \u00e0 l\u2019eau et aux d\u00e9chirures et se caract\u00e9rise par une couleur blanche naturelle (pas de blanchiment).\" \/>\n<meta property=\"og:url\" content=\"https:\/\/perle-in.com\/en\/product\/carnet-cobble-a6-a-spirales-en-carton-recycle-avec-papier-de-pierre\/\" \/>\n<meta property=\"og:site_name\" content=\"PERLE IN\" \/>\n<meta property=\"article:modified_time\" content=\"2025-10-14T07:43:25+00:00\" \/>\n<meta property=\"og:image\" content=\"https:\/\/perle-in.com\/wp-content\/uploads\/2025\/10\/10773306-1.jpg\" \/>\n\t<meta property=\"og:image:width\" content=\"1600\" \/>\n\t<meta property=\"og:image:height\" content=\"1600\" \/>\n\t<meta property=\"og:image:type\" content=\"image\/jpeg\" \/>\n<meta name=\"twitter:card\" content=\"summary_large_image\" \/>\n<script type=\"application\/ld+json\" class=\"yoast-schema-graph\">{\"@context\":\"https:\\\/\\\/schema.org\",\"@graph\":[{\"@type\":\"WebPage\",\"@id\":\"https:\\\/\\\/perle-in.com\\\/produit\\\/carnet-cobble-a6-a-spirales-en-carton-recycle-avec-papier-de-pierre\\\/\",\"url\":\"https:\\\/\\\/perle-in.com\\\/produit\\\/carnet-cobble-a6-a-spirales-en-carton-recycle-avec-papier-de-pierre\\\/\",\"name\":\"Carnet Cobble\u00a0A6 \u00e0 spirales en carton recycl\u00e9 avec papier de pierre - PERLE IN\",\"isPartOf\":{\"@id\":\"https:\\\/\\\/perle-in.com\\\/#website\"},\"primaryImageOfPage\":{\"@id\":\"https:\\\/\\\/perle-in.com\\\/produit\\\/carnet-cobble-a6-a-spirales-en-carton-recycle-avec-papier-de-pierre\\\/#primaryimage\"},\"image\":{\"@id\":\"https:\\\/\\\/perle-in.com\\\/produit\\\/carnet-cobble-a6-a-spirales-en-carton-recycle-avec-papier-de-pierre\\\/#primaryimage\"},\"thumbnailUrl\":\"https:\\\/\\\/perle-in.com\\\/wp-content\\\/uploads\\\/2025\\\/10\\\/10773306-1.jpg\",\"datePublished\":\"2025-10-14T07:43:23+00:00\",\"dateModified\":\"2025-10-14T07:43:25+00:00\",\"breadcrumb\":{\"@id\":\"https:\\\/\\\/perle-in.com\\\/produit\\\/carnet-cobble-a6-a-spirales-en-carton-recycle-avec-papier-de-pierre\\\/#breadcrumb\"},\"inLanguage\":\"en-CA\",\"potentialAction\":[{\"@type\":\"ReadAction\",\"target\":[\"https:\\\/\\\/perle-in.com\\\/produit\\\/carnet-cobble-a6-a-spirales-en-carton-recycle-avec-papier-de-pierre\\\/\"]}]},{\"@type\":\"ImageObject\",\"inLanguage\":\"en-CA\",\"@id\":\"https:\\\/\\\/perle-in.com\\\/produit\\\/carnet-cobble-a6-a-spirales-en-carton-recycle-avec-papier-de-pierre\\\/#primaryimage\",\"url\":\"https:\\\/\\\/perle-in.com\\\/wp-content\\\/uploads\\\/2025\\\/10\\\/10773306-1.jpg\",\"contentUrl\":\"https:\\\/\\\/perle-in.com\\\/wp-content\\\/uploads\\\/2025\\\/10\\\/10773306-1.jpg\",\"width\":1600,\"height\":1600},{\"@type\":\"BreadcrumbList\",\"@id\":\"https:\\\/\\\/perle-in.com\\\/produit\\\/carnet-cobble-a6-a-spirales-en-carton-recycle-avec-papier-de-pierre\\\/#breadcrumb\",\"itemListElement\":[{\"@type\":\"ListItem\",\"position\":1,\"name\":\"Accueil\",\"item\":\"https:\\\/\\\/perle-in.com\\\/\"},{\"@type\":\"ListItem\",\"position\":2,\"name\":\"Boutique\",\"item\":\"https:\\\/\\\/perle-in.com\\\/boutique\\\/\"},{\"@type\":\"ListItem\",\"position\":3,\"name\":\"Carnet Cobble\u00a0A6 \u00e0 spirales en carton recycl\u00e9 avec papier de pierre\"}]},{\"@type\":\"WebSite\",\"@id\":\"https:\\\/\\\/perle-in.com\\\/#website\",\"url\":\"https:\\\/\\\/perle-in.com\\\/\",\"name\":\"PERLE IN\",\"description\":\"\",\"publisher\":{\"@id\":\"https:\\\/\\\/perle-in.com\\\/#organization\"},\"potentialAction\":[{\"@type\":\"SearchAction\",\"target\":{\"@type\":\"EntryPoint\",\"urlTemplate\":\"https:\\\/\\\/perle-in.com\\\/?s={search_term_string}\"},\"query-input\":{\"@type\":\"PropertyValueSpecification\",\"valueRequired\":true,\"valueName\":\"search_term_string\"}}],\"inLanguage\":\"en-CA\"},{\"@type\":\"Organization\",\"@id\":\"https:\\\/\\\/perle-in.com\\\/#organization\",\"name\":\"PERLE IN\",\"url\":\"https:\\\/\\\/perle-in.com\\\/\",\"logo\":{\"@type\":\"ImageObject\",\"inLanguage\":\"en-CA\",\"@id\":\"https:\\\/\\\/perle-in.com\\\/#\\\/schema\\\/logo\\\/image\\\/\",\"url\":\"https:\\\/\\\/perle-in.com\\\/wp-content\\\/uploads\\\/2022\\\/12\\\/LOGO-PERLE-IN-COULEUR@3x.webp\",\"contentUrl\":\"https:\\\/\\\/perle-in.com\\\/wp-content\\\/uploads\\\/2022\\\/12\\\/LOGO-PERLE-IN-COULEUR@3x.webp\",\"width\":1600,\"height\":490,\"caption\":\"PERLE IN\"},\"image\":{\"@id\":\"https:\\\/\\\/perle-in.com\\\/#\\\/schema\\\/logo\\\/image\\\/\"}}]}<\/script>\n<!-- \/ Yoast SEO plugin. -->","yoast_head_json":{"title":"Carnet Cobble\u00a0A6 \u00e0 spirales en carton recycl\u00e9 avec papier de pierre - PERLE IN","robots":{"index":"noindex","follow":"follow","max-snippet":"max-snippet:-1","max-image-preview":"max-image-preview:large","max-video-preview":"max-video-preview:-1"},"og_locale":"en_US","og_type":"article","og_title":"Carnet Cobble\u00a0A6 \u00e0 spirales en carton recycl\u00e9 avec papier de pierre - PERLE IN","og_description":"Carnet A6 \u00e0 spirale avec couverture en carton recycl\u00e9 et boucle pour stylo. Contient 70\u00a0feuilles lign\u00e9es de 60\u00a0g\/m\u00b2 fabriqu\u00e9es en pierre. Le papier de pierre n'utilise aucun arbre et le processus de production consomme moins d\u2019\u00e9nergie que celui du papier recycl\u00e9 ou de nouvelle p\u00e2te \u00e0 papier. Ce papier est r\u00e9sistant \u00e0 l\u2019eau et aux d\u00e9chirures et se caract\u00e9rise par une couleur blanche naturelle (pas de blanchiment).","og_url":"https:\/\/perle-in.com\/en\/product\/carnet-cobble-a6-a-spirales-en-carton-recycle-avec-papier-de-pierre\/","og_site_name":"PERLE IN","article_modified_time":"2025-10-14T07:43:25+00:00","og_image":[{"width":1600,"height":1600,"url":"https:\/\/perle-in.com\/wp-content\/uploads\/2025\/10\/10773306-1.jpg","type":"image\/jpeg"}],"twitter_card":"summary_large_image","schema":{"@context":"https:\/\/schema.org","@graph":[{"@type":"WebPage","@id":"https:\/\/perle-in.com\/produit\/carnet-cobble-a6-a-spirales-en-carton-recycle-avec-papier-de-pierre\/","url":"https:\/\/perle-in.com\/produit\/carnet-cobble-a6-a-spirales-en-carton-recycle-avec-papier-de-pierre\/","name":"Carnet Cobble\u00a0A6 \u00e0 spirales en carton recycl\u00e9 avec papier de pierre - PERLE IN","isPartOf":{"@id":"https:\/\/perle-in.com\/#website"},"primaryImageOfPage":{"@id":"https:\/\/perle-in.com\/produit\/carnet-cobble-a6-a-spirales-en-carton-recycle-avec-papier-de-pierre\/#primaryimage"},"image":{"@id":"https:\/\/perle-in.com\/produit\/carnet-cobble-a6-a-spirales-en-carton-recycle-avec-papier-de-pierre\/#primaryimage"},"thumbnailUrl":"https:\/\/perle-in.com\/wp-content\/uploads\/2025\/10\/10773306-1.jpg","datePublished":"2025-10-14T07:43:23+00:00","dateModified":"2025-10-14T07:43:25+00:00","breadcrumb":{"@id":"https:\/\/perle-in.com\/produit\/carnet-cobble-a6-a-spirales-en-carton-recycle-avec-papier-de-pierre\/#breadcrumb"},"inLanguage":"en-CA","potentialAction":[{"@type":"ReadAction","target":["https:\/\/perle-in.com\/produit\/carnet-cobble-a6-a-spirales-en-carton-recycle-avec-papier-de-pierre\/"]}]},{"@type":"ImageObject","inLanguage":"en-CA","@id":"https:\/\/perle-in.com\/produit\/carnet-cobble-a6-a-spirales-en-carton-recycle-avec-papier-de-pierre\/#primaryimage","url":"https:\/\/perle-in.com\/wp-content\/uploads\/2025\/10\/10773306-1.jpg","contentUrl":"https:\/\/perle-in.com\/wp-content\/uploads\/2025\/10\/10773306-1.jpg","width":1600,"height":1600},{"@type":"BreadcrumbList","@id":"https:\/\/perle-in.com\/produit\/carnet-cobble-a6-a-spirales-en-carton-recycle-avec-papier-de-pierre\/#breadcrumb","itemListElement":[{"@type":"ListItem","position":1,"name":"Accueil","item":"https:\/\/perle-in.com\/"},{"@type":"ListItem","position":2,"name":"Boutique","item":"https:\/\/perle-in.com\/boutique\/"},{"@type":"ListItem","position":3,"name":"Carnet Cobble\u00a0A6 \u00e0 spirales en carton recycl\u00e9 avec papier de pierre"}]},{"@type":"WebSite","@id":"https:\/\/perle-in.com\/#website","url":"https:\/\/perle-in.com\/","name":"PERLE IN","description":"","publisher":{"@id":"https:\/\/perle-in.com\/#organization"},"potentialAction":[{"@type":"SearchAction","target":{"@type":"EntryPoint","urlTemplate":"https:\/\/perle-in.com\/?s={search_term_string}"},"query-input":{"@type":"PropertyValueSpecification","valueRequired":true,"valueName":"search_term_string"}}],"inLanguage":"en-CA"},{"@type":"Organization","@id":"https:\/\/perle-in.com\/#organization","name":"PERLE IN","url":"https:\/\/perle-in.com\/","logo":{"@type":"ImageObject","inLanguage":"en-CA","@id":"https:\/\/perle-in.com\/#\/schema\/logo\/image\/","url":"https:\/\/perle-in.com\/wp-content\/uploads\/2022\/12\/LOGO-PERLE-IN-COULEUR@3x.webp","contentUrl":"https:\/\/perle-in.com\/wp-content\/uploads\/2022\/12\/LOGO-PERLE-IN-COULEUR@3x.webp","width":1600,"height":490,"caption":"PERLE IN"},"image":{"@id":"https:\/\/perle-in.com\/#\/schema\/logo\/image\/"}}]}},"jetpack_sharing_enabled":true,"_links":{"self":[{"href":"https:\/\/perle-in.com\/en\/wp-json\/wp\/v2\/product\/529849","targetHints":{"allow":["GET"]}}],"collection":[{"href":"https:\/\/perle-in.com\/en\/wp-json\/wp\/v2\/product"}],"about":[{"href":"https:\/\/perle-in.com\/en\/wp-json\/wp\/v2\/types\/product"}],"version-history":[{"count":0,"href":"https:\/\/perle-in.com\/en\/wp-json\/wp\/v2\/product\/529849\/revisions"}],"wp:featuredmedia":[{"embeddable":true,"href":"https:\/\/perle-in.com\/en\/wp-json\/wp\/v2\/media\/529843"}],"wp:attachment":[{"href":"https:\/\/perle-in.com\/en\/wp-json\/wp\/v2\/media?parent=529849"}],"wp:term":[{"taxonomy":"product_brand","embeddable":true,"href":"https:\/\/perle-in.com\/en\/wp-json\/wp\/v2\/product_brand?post=529849"},{"taxonomy":"product_cat","embeddable":true,"href":"https:\/\/perle-in.com\/en\/wp-json\/wp\/v2\/product_cat?post=529849"},{"taxonomy":"product_tag","embeddable":true,"href":"https:\/\/perle-in.com\/en\/wp-json\/wp\/v2\/product_tag?post=529849"}],"curies":[{"name":"wp","href":"https:\/\/api.w.org\/{rel}","templated":true}]}}