{"id":529672,"date":"2025-10-14T09:00:11","date_gmt":"2025-10-14T07:00:11","guid":{"rendered":"https:\/\/perle-in.com\/produit\/gobelet-isolant-brite-americano-pure-de-350ml\/"},"modified":"2025-10-14T09:00:15","modified_gmt":"2025-10-14T07:00:15","slug":"gobelet-isolant-brite-americano-pure-de-350ml","status":"publish","type":"product","link":"https:\/\/perle-in.com\/en\/product\/gobelet-isolant-brite-americano-pure-de-350ml\/","title":{"rendered":"Gobelet isolant Brite-Americano\u00ae Pure de 350ml"},"content":{"rendered":"","protected":false},"excerpt":{"rendered":"<p>Gobelet isotherme \u00e0 double paroi avec couvercle \u00e0 visser. Pr\u00e9sente un design enveloppant en couleur moul\u00e9 sur le produit. Le couvercle et l\u2019int\u00e8rieur du mug contiennent la technologie antimicrobienne Biomaster qui offre une protection contre la croissance des micro-organismes nocifs \u00e0 la surface du mug. Cette mesure est efficace pendant toute la dur\u00e9e de vie du produit et n&#8217;affecte pas la recyclabilit\u00e9. Passe au lave-vaisselle et au micro-ondes. Capacit\u00e9 de 350 ml. Fabriqu\u00e9 au Royaume-Uni. Le tout emball\u00e9 dans un sac \u00e0 compostage domestique. Sans BPA.<\/p>","protected":false},"featured_media":529667,"template":"","meta":{"_eb_attr":""},"product_brand":[],"product_cat":[173,189],"product_tag":[2670,2669,315,225,190,917,230],"class_list":{"0":"post-529672","1":"product","2":"type-product","3":"status-publish","4":"has-post-thumbnail","6":"product_cat-drinkware","7":"product_cat-mugs-isothermes","8":"product_tag-antimicrobien","9":"product_tag-biomaster","10":"product_tag-boisson","11":"product_tag-cafe","12":"product_tag-mug","13":"product_tag-protection","14":"product_tag-tasse","15":"pa_couleurs-blanc","16":"pa_matiere-plastique-pp-additif-antibacterien","17":"pa_pays-d-origine-angleterre","19":"first","20":"instock","21":"shipping-taxable","22":"purchasable","23":"product-type-variable"},"yoast_head":"<!-- This site is optimized with the Yoast SEO plugin v27.4 - https:\/\/yoast.com\/product\/yoast-seo-wordpress\/ -->\n<title>Gobelet isolant Brite-Americano\u00ae Pure de 350ml - PERLE IN<\/title>\n<meta name=\"robots\" content=\"noindex, follow, max-snippet:-1, max-image-preview:large, max-video-preview:-1\" \/>\n<meta property=\"og:locale\" content=\"en_US\" \/>\n<meta property=\"og:type\" content=\"article\" \/>\n<meta property=\"og:title\" content=\"Gobelet isolant Brite-Americano\u00ae Pure de 350ml - PERLE IN\" \/>\n<meta property=\"og:description\" content=\"Gobelet isotherme \u00e0 double paroi avec couvercle \u00e0 visser. Pr\u00e9sente un design enveloppant en couleur moul\u00e9 sur le produit. Le couvercle et l\u2019int\u00e8rieur du mug contiennent la technologie antimicrobienne Biomaster qui offre une protection contre la croissance des micro-organismes nocifs \u00e0 la surface du mug. Cette mesure est efficace pendant toute la dur\u00e9e de vie du produit et n&#039;affecte pas la recyclabilit\u00e9. Passe au lave-vaisselle et au micro-ondes. Capacit\u00e9 de 350 ml. Fabriqu\u00e9 au Royaume-Uni. Le tout emball\u00e9 dans un sac \u00e0 compostage domestique. Sans BPA.\" \/>\n<meta property=\"og:url\" content=\"https:\/\/perle-in.com\/en\/product\/gobelet-isolant-brite-americano-pure-de-350ml\/\" \/>\n<meta property=\"og:site_name\" content=\"PERLE IN\" \/>\n<meta property=\"article:modified_time\" content=\"2025-10-14T07:00:15+00:00\" \/>\n<meta property=\"og:image\" content=\"https:\/\/perle-in.com\/wp-content\/uploads\/2025\/10\/21042401-1.jpg\" \/>\n\t<meta property=\"og:image:width\" content=\"1600\" \/>\n\t<meta property=\"og:image:height\" content=\"1600\" \/>\n\t<meta property=\"og:image:type\" content=\"image\/jpeg\" \/>\n<meta name=\"twitter:card\" content=\"summary_large_image\" \/>\n<script type=\"application\/ld+json\" class=\"yoast-schema-graph\">{\"@context\":\"https:\\\/\\\/schema.org\",\"@graph\":[{\"@type\":\"WebPage\",\"@id\":\"https:\\\/\\\/perle-in.com\\\/produit\\\/gobelet-isolant-brite-americano-pure-de-350ml\\\/\",\"url\":\"https:\\\/\\\/perle-in.com\\\/produit\\\/gobelet-isolant-brite-americano-pure-de-350ml\\\/\",\"name\":\"Gobelet isolant Brite-Americano\u00ae Pure de 350ml - PERLE IN\",\"isPartOf\":{\"@id\":\"https:\\\/\\\/perle-in.com\\\/#website\"},\"primaryImageOfPage\":{\"@id\":\"https:\\\/\\\/perle-in.com\\\/produit\\\/gobelet-isolant-brite-americano-pure-de-350ml\\\/#primaryimage\"},\"image\":{\"@id\":\"https:\\\/\\\/perle-in.com\\\/produit\\\/gobelet-isolant-brite-americano-pure-de-350ml\\\/#primaryimage\"},\"thumbnailUrl\":\"https:\\\/\\\/perle-in.com\\\/wp-content\\\/uploads\\\/2025\\\/10\\\/21042401-1.jpg\",\"datePublished\":\"2025-10-14T07:00:11+00:00\",\"dateModified\":\"2025-10-14T07:00:15+00:00\",\"breadcrumb\":{\"@id\":\"https:\\\/\\\/perle-in.com\\\/produit\\\/gobelet-isolant-brite-americano-pure-de-350ml\\\/#breadcrumb\"},\"inLanguage\":\"en-CA\",\"potentialAction\":[{\"@type\":\"ReadAction\",\"target\":[\"https:\\\/\\\/perle-in.com\\\/produit\\\/gobelet-isolant-brite-americano-pure-de-350ml\\\/\"]}]},{\"@type\":\"ImageObject\",\"inLanguage\":\"en-CA\",\"@id\":\"https:\\\/\\\/perle-in.com\\\/produit\\\/gobelet-isolant-brite-americano-pure-de-350ml\\\/#primaryimage\",\"url\":\"https:\\\/\\\/perle-in.com\\\/wp-content\\\/uploads\\\/2025\\\/10\\\/21042401-1.jpg\",\"contentUrl\":\"https:\\\/\\\/perle-in.com\\\/wp-content\\\/uploads\\\/2025\\\/10\\\/21042401-1.jpg\",\"width\":1600,\"height\":1600},{\"@type\":\"BreadcrumbList\",\"@id\":\"https:\\\/\\\/perle-in.com\\\/produit\\\/gobelet-isolant-brite-americano-pure-de-350ml\\\/#breadcrumb\",\"itemListElement\":[{\"@type\":\"ListItem\",\"position\":1,\"name\":\"Accueil\",\"item\":\"https:\\\/\\\/perle-in.com\\\/\"},{\"@type\":\"ListItem\",\"position\":2,\"name\":\"Boutique\",\"item\":\"https:\\\/\\\/perle-in.com\\\/boutique\\\/\"},{\"@type\":\"ListItem\",\"position\":3,\"name\":\"Gobelet isolant Brite-Americano\u00ae Pure de 350ml\"}]},{\"@type\":\"WebSite\",\"@id\":\"https:\\\/\\\/perle-in.com\\\/#website\",\"url\":\"https:\\\/\\\/perle-in.com\\\/\",\"name\":\"PERLE IN\",\"description\":\"\",\"publisher\":{\"@id\":\"https:\\\/\\\/perle-in.com\\\/#organization\"},\"potentialAction\":[{\"@type\":\"SearchAction\",\"target\":{\"@type\":\"EntryPoint\",\"urlTemplate\":\"https:\\\/\\\/perle-in.com\\\/?s={search_term_string}\"},\"query-input\":{\"@type\":\"PropertyValueSpecification\",\"valueRequired\":true,\"valueName\":\"search_term_string\"}}],\"inLanguage\":\"en-CA\"},{\"@type\":\"Organization\",\"@id\":\"https:\\\/\\\/perle-in.com\\\/#organization\",\"name\":\"PERLE IN\",\"url\":\"https:\\\/\\\/perle-in.com\\\/\",\"logo\":{\"@type\":\"ImageObject\",\"inLanguage\":\"en-CA\",\"@id\":\"https:\\\/\\\/perle-in.com\\\/#\\\/schema\\\/logo\\\/image\\\/\",\"url\":\"https:\\\/\\\/perle-in.com\\\/wp-content\\\/uploads\\\/2022\\\/12\\\/LOGO-PERLE-IN-COULEUR@3x.webp\",\"contentUrl\":\"https:\\\/\\\/perle-in.com\\\/wp-content\\\/uploads\\\/2022\\\/12\\\/LOGO-PERLE-IN-COULEUR@3x.webp\",\"width\":1600,\"height\":490,\"caption\":\"PERLE IN\"},\"image\":{\"@id\":\"https:\\\/\\\/perle-in.com\\\/#\\\/schema\\\/logo\\\/image\\\/\"}}]}<\/script>\n<!-- \/ Yoast SEO plugin. -->","yoast_head_json":{"title":"Gobelet isolant Brite-Americano\u00ae Pure de 350ml - PERLE IN","robots":{"index":"noindex","follow":"follow","max-snippet":"max-snippet:-1","max-image-preview":"max-image-preview:large","max-video-preview":"max-video-preview:-1"},"og_locale":"en_US","og_type":"article","og_title":"Gobelet isolant Brite-Americano\u00ae Pure de 350ml - PERLE IN","og_description":"Gobelet isotherme \u00e0 double paroi avec couvercle \u00e0 visser. Pr\u00e9sente un design enveloppant en couleur moul\u00e9 sur le produit. Le couvercle et l\u2019int\u00e8rieur du mug contiennent la technologie antimicrobienne Biomaster qui offre une protection contre la croissance des micro-organismes nocifs \u00e0 la surface du mug. Cette mesure est efficace pendant toute la dur\u00e9e de vie du produit et n'affecte pas la recyclabilit\u00e9. Passe au lave-vaisselle et au micro-ondes. Capacit\u00e9 de 350 ml. Fabriqu\u00e9 au Royaume-Uni. Le tout emball\u00e9 dans un sac \u00e0 compostage domestique. Sans BPA.","og_url":"https:\/\/perle-in.com\/en\/product\/gobelet-isolant-brite-americano-pure-de-350ml\/","og_site_name":"PERLE IN","article_modified_time":"2025-10-14T07:00:15+00:00","og_image":[{"width":1600,"height":1600,"url":"https:\/\/perle-in.com\/wp-content\/uploads\/2025\/10\/21042401-1.jpg","type":"image\/jpeg"}],"twitter_card":"summary_large_image","schema":{"@context":"https:\/\/schema.org","@graph":[{"@type":"WebPage","@id":"https:\/\/perle-in.com\/produit\/gobelet-isolant-brite-americano-pure-de-350ml\/","url":"https:\/\/perle-in.com\/produit\/gobelet-isolant-brite-americano-pure-de-350ml\/","name":"Gobelet isolant Brite-Americano\u00ae Pure de 350ml - PERLE IN","isPartOf":{"@id":"https:\/\/perle-in.com\/#website"},"primaryImageOfPage":{"@id":"https:\/\/perle-in.com\/produit\/gobelet-isolant-brite-americano-pure-de-350ml\/#primaryimage"},"image":{"@id":"https:\/\/perle-in.com\/produit\/gobelet-isolant-brite-americano-pure-de-350ml\/#primaryimage"},"thumbnailUrl":"https:\/\/perle-in.com\/wp-content\/uploads\/2025\/10\/21042401-1.jpg","datePublished":"2025-10-14T07:00:11+00:00","dateModified":"2025-10-14T07:00:15+00:00","breadcrumb":{"@id":"https:\/\/perle-in.com\/produit\/gobelet-isolant-brite-americano-pure-de-350ml\/#breadcrumb"},"inLanguage":"en-CA","potentialAction":[{"@type":"ReadAction","target":["https:\/\/perle-in.com\/produit\/gobelet-isolant-brite-americano-pure-de-350ml\/"]}]},{"@type":"ImageObject","inLanguage":"en-CA","@id":"https:\/\/perle-in.com\/produit\/gobelet-isolant-brite-americano-pure-de-350ml\/#primaryimage","url":"https:\/\/perle-in.com\/wp-content\/uploads\/2025\/10\/21042401-1.jpg","contentUrl":"https:\/\/perle-in.com\/wp-content\/uploads\/2025\/10\/21042401-1.jpg","width":1600,"height":1600},{"@type":"BreadcrumbList","@id":"https:\/\/perle-in.com\/produit\/gobelet-isolant-brite-americano-pure-de-350ml\/#breadcrumb","itemListElement":[{"@type":"ListItem","position":1,"name":"Accueil","item":"https:\/\/perle-in.com\/"},{"@type":"ListItem","position":2,"name":"Boutique","item":"https:\/\/perle-in.com\/boutique\/"},{"@type":"ListItem","position":3,"name":"Gobelet isolant Brite-Americano\u00ae Pure de 350ml"}]},{"@type":"WebSite","@id":"https:\/\/perle-in.com\/#website","url":"https:\/\/perle-in.com\/","name":"PERLE IN","description":"","publisher":{"@id":"https:\/\/perle-in.com\/#organization"},"potentialAction":[{"@type":"SearchAction","target":{"@type":"EntryPoint","urlTemplate":"https:\/\/perle-in.com\/?s={search_term_string}"},"query-input":{"@type":"PropertyValueSpecification","valueRequired":true,"valueName":"search_term_string"}}],"inLanguage":"en-CA"},{"@type":"Organization","@id":"https:\/\/perle-in.com\/#organization","name":"PERLE IN","url":"https:\/\/perle-in.com\/","logo":{"@type":"ImageObject","inLanguage":"en-CA","@id":"https:\/\/perle-in.com\/#\/schema\/logo\/image\/","url":"https:\/\/perle-in.com\/wp-content\/uploads\/2022\/12\/LOGO-PERLE-IN-COULEUR@3x.webp","contentUrl":"https:\/\/perle-in.com\/wp-content\/uploads\/2022\/12\/LOGO-PERLE-IN-COULEUR@3x.webp","width":1600,"height":490,"caption":"PERLE IN"},"image":{"@id":"https:\/\/perle-in.com\/#\/schema\/logo\/image\/"}}]}},"jetpack_sharing_enabled":true,"_links":{"self":[{"href":"https:\/\/perle-in.com\/en\/wp-json\/wp\/v2\/product\/529672","targetHints":{"allow":["GET"]}}],"collection":[{"href":"https:\/\/perle-in.com\/en\/wp-json\/wp\/v2\/product"}],"about":[{"href":"https:\/\/perle-in.com\/en\/wp-json\/wp\/v2\/types\/product"}],"version-history":[{"count":0,"href":"https:\/\/perle-in.com\/en\/wp-json\/wp\/v2\/product\/529672\/revisions"}],"wp:featuredmedia":[{"embeddable":true,"href":"https:\/\/perle-in.com\/en\/wp-json\/wp\/v2\/media\/529667"}],"wp:attachment":[{"href":"https:\/\/perle-in.com\/en\/wp-json\/wp\/v2\/media?parent=529672"}],"wp:term":[{"taxonomy":"product_brand","embeddable":true,"href":"https:\/\/perle-in.com\/en\/wp-json\/wp\/v2\/product_brand?post=529672"},{"taxonomy":"product_cat","embeddable":true,"href":"https:\/\/perle-in.com\/en\/wp-json\/wp\/v2\/product_cat?post=529672"},{"taxonomy":"product_tag","embeddable":true,"href":"https:\/\/perle-in.com\/en\/wp-json\/wp\/v2\/product_tag?post=529672"}],"curies":[{"name":"wp","href":"https:\/\/api.w.org\/{rel}","templated":true}]}}