{"id":529612,"date":"2025-10-14T08:44:30","date_gmt":"2025-10-14T06:44:30","guid":{"rendered":"https:\/\/perle-in.com\/produit\/tapis-de-charge-a-induction-naka-de-5-w-en-paille-de-ble\/"},"modified":"2025-10-14T08:44:31","modified_gmt":"2025-10-14T06:44:31","slug":"tapis-de-charge-a-induction-naka-de-5-w-en-paille-de-ble","status":"publish","type":"product","link":"https:\/\/perle-in.com\/en\/product\/tapis-de-charge-a-induction-naka-de-5-w-en-paille-de-ble\/","title":{"rendered":"Tapis de charge \u00e0 induction Naka de 5 W en paille de bl\u00e9"},"content":{"rendered":"","protected":false},"excerpt":{"rendered":"<p>Tapis de charge \u00e0 induction 5 W fabriqu\u00e9 dans un m\u00e9lange de mat\u00e9riaux plastiques et de paille de bl\u00e9, ce qui r\u00e9duit la quantit\u00e9 de plastique n\u00e9cessaire. Si vous souhaitez recharger un appareil ne disposant pas de la technologie sans fil, un r\u00e9cepteur de charge sans fil ou un bo\u00eetier r\u00e9cepteur est n\u00e9cessaire. Emball\u00e9 dans une bo\u00eete cadeau et livr\u00e9 avec un manuel d&#8217;instructions (tous deux fabriqu\u00e9s \u00e0 partir de mat\u00e9riaux durables). Un c\u00e2ble de chargement de type C est inclus.<\/p>","protected":false},"featured_media":529602,"template":"","meta":{"_eb_attr":""},"product_brand":[],"product_cat":[1205,667],"product_tag":[815,2686,946,2685,1019],"class_list":{"0":"post-529612","1":"product","2":"type-product","3":"status-publish","4":"has-post-thumbnail","6":"product_cat-chargeurs-sans-fil","7":"product_cat-technologie","8":"product_tag-chargeur","9":"product_tag-chargeur-induction","10":"product_tag-green-concept","11":"product_tag-induction","12":"product_tag-sans-fil","13":"pa_couleurs-beige","14":"pa_matiere-paille-de-ble-plastique-pp","16":"first","17":"instock","18":"shipping-taxable","19":"purchasable","20":"product-type-variable"},"yoast_head":"<!-- This site is optimized with the Yoast SEO plugin v27.4 - https:\/\/yoast.com\/product\/yoast-seo-wordpress\/ -->\n<title>Tapis de charge \u00e0 induction Naka de 5 W en paille de bl\u00e9 - PERLE IN<\/title>\n<meta name=\"robots\" content=\"noindex, follow, max-snippet:-1, max-image-preview:large, max-video-preview:-1\" \/>\n<meta property=\"og:locale\" content=\"en_US\" \/>\n<meta property=\"og:type\" content=\"article\" \/>\n<meta property=\"og:title\" content=\"Tapis de charge \u00e0 induction Naka de 5 W en paille de bl\u00e9 - PERLE IN\" \/>\n<meta property=\"og:description\" content=\"Tapis de charge \u00e0 induction 5 W fabriqu\u00e9 dans un m\u00e9lange de mat\u00e9riaux plastiques et de paille de bl\u00e9, ce qui r\u00e9duit la quantit\u00e9 de plastique n\u00e9cessaire. Si vous souhaitez recharger un appareil ne disposant pas de la technologie sans fil, un r\u00e9cepteur de charge sans fil ou un bo\u00eetier r\u00e9cepteur est n\u00e9cessaire. Emball\u00e9 dans une bo\u00eete cadeau et livr\u00e9 avec un manuel d&#039;instructions (tous deux fabriqu\u00e9s \u00e0 partir de mat\u00e9riaux durables). Un c\u00e2ble de chargement de type C est inclus.\" \/>\n<meta property=\"og:url\" content=\"https:\/\/perle-in.com\/en\/product\/tapis-de-charge-a-induction-naka-de-5-w-en-paille-de-ble\/\" \/>\n<meta property=\"og:site_name\" content=\"PERLE IN\" \/>\n<meta property=\"article:modified_time\" content=\"2025-10-14T06:44:31+00:00\" \/>\n<meta property=\"og:image\" content=\"https:\/\/perle-in.com\/wp-content\/uploads\/2025\/10\/12413602-1.jpg\" \/>\n\t<meta property=\"og:image:width\" content=\"1600\" \/>\n\t<meta property=\"og:image:height\" content=\"1600\" \/>\n\t<meta property=\"og:image:type\" content=\"image\/jpeg\" \/>\n<meta name=\"twitter:card\" content=\"summary_large_image\" \/>\n<script type=\"application\/ld+json\" class=\"yoast-schema-graph\">{\"@context\":\"https:\\\/\\\/schema.org\",\"@graph\":[{\"@type\":\"WebPage\",\"@id\":\"https:\\\/\\\/perle-in.com\\\/produit\\\/tapis-de-charge-a-induction-naka-de-5-w-en-paille-de-ble\\\/\",\"url\":\"https:\\\/\\\/perle-in.com\\\/produit\\\/tapis-de-charge-a-induction-naka-de-5-w-en-paille-de-ble\\\/\",\"name\":\"Tapis de charge \u00e0 induction Naka de 5 W en paille de bl\u00e9 - PERLE IN\",\"isPartOf\":{\"@id\":\"https:\\\/\\\/perle-in.com\\\/#website\"},\"primaryImageOfPage\":{\"@id\":\"https:\\\/\\\/perle-in.com\\\/produit\\\/tapis-de-charge-a-induction-naka-de-5-w-en-paille-de-ble\\\/#primaryimage\"},\"image\":{\"@id\":\"https:\\\/\\\/perle-in.com\\\/produit\\\/tapis-de-charge-a-induction-naka-de-5-w-en-paille-de-ble\\\/#primaryimage\"},\"thumbnailUrl\":\"https:\\\/\\\/perle-in.com\\\/wp-content\\\/uploads\\\/2025\\\/10\\\/12413602-1.jpg\",\"datePublished\":\"2025-10-14T06:44:30+00:00\",\"dateModified\":\"2025-10-14T06:44:31+00:00\",\"breadcrumb\":{\"@id\":\"https:\\\/\\\/perle-in.com\\\/produit\\\/tapis-de-charge-a-induction-naka-de-5-w-en-paille-de-ble\\\/#breadcrumb\"},\"inLanguage\":\"en-CA\",\"potentialAction\":[{\"@type\":\"ReadAction\",\"target\":[\"https:\\\/\\\/perle-in.com\\\/produit\\\/tapis-de-charge-a-induction-naka-de-5-w-en-paille-de-ble\\\/\"]}]},{\"@type\":\"ImageObject\",\"inLanguage\":\"en-CA\",\"@id\":\"https:\\\/\\\/perle-in.com\\\/produit\\\/tapis-de-charge-a-induction-naka-de-5-w-en-paille-de-ble\\\/#primaryimage\",\"url\":\"https:\\\/\\\/perle-in.com\\\/wp-content\\\/uploads\\\/2025\\\/10\\\/12413602-1.jpg\",\"contentUrl\":\"https:\\\/\\\/perle-in.com\\\/wp-content\\\/uploads\\\/2025\\\/10\\\/12413602-1.jpg\",\"width\":1600,\"height\":1600},{\"@type\":\"BreadcrumbList\",\"@id\":\"https:\\\/\\\/perle-in.com\\\/produit\\\/tapis-de-charge-a-induction-naka-de-5-w-en-paille-de-ble\\\/#breadcrumb\",\"itemListElement\":[{\"@type\":\"ListItem\",\"position\":1,\"name\":\"Accueil\",\"item\":\"https:\\\/\\\/perle-in.com\\\/\"},{\"@type\":\"ListItem\",\"position\":2,\"name\":\"Boutique\",\"item\":\"https:\\\/\\\/perle-in.com\\\/boutique\\\/\"},{\"@type\":\"ListItem\",\"position\":3,\"name\":\"Tapis de charge \u00e0 induction Naka de 5 W en paille de bl\u00e9\"}]},{\"@type\":\"WebSite\",\"@id\":\"https:\\\/\\\/perle-in.com\\\/#website\",\"url\":\"https:\\\/\\\/perle-in.com\\\/\",\"name\":\"PERLE IN\",\"description\":\"\",\"publisher\":{\"@id\":\"https:\\\/\\\/perle-in.com\\\/#organization\"},\"potentialAction\":[{\"@type\":\"SearchAction\",\"target\":{\"@type\":\"EntryPoint\",\"urlTemplate\":\"https:\\\/\\\/perle-in.com\\\/?s={search_term_string}\"},\"query-input\":{\"@type\":\"PropertyValueSpecification\",\"valueRequired\":true,\"valueName\":\"search_term_string\"}}],\"inLanguage\":\"en-CA\"},{\"@type\":\"Organization\",\"@id\":\"https:\\\/\\\/perle-in.com\\\/#organization\",\"name\":\"PERLE IN\",\"url\":\"https:\\\/\\\/perle-in.com\\\/\",\"logo\":{\"@type\":\"ImageObject\",\"inLanguage\":\"en-CA\",\"@id\":\"https:\\\/\\\/perle-in.com\\\/#\\\/schema\\\/logo\\\/image\\\/\",\"url\":\"https:\\\/\\\/perle-in.com\\\/wp-content\\\/uploads\\\/2022\\\/12\\\/LOGO-PERLE-IN-COULEUR@3x.webp\",\"contentUrl\":\"https:\\\/\\\/perle-in.com\\\/wp-content\\\/uploads\\\/2022\\\/12\\\/LOGO-PERLE-IN-COULEUR@3x.webp\",\"width\":1600,\"height\":490,\"caption\":\"PERLE IN\"},\"image\":{\"@id\":\"https:\\\/\\\/perle-in.com\\\/#\\\/schema\\\/logo\\\/image\\\/\"}}]}<\/script>\n<!-- \/ Yoast SEO plugin. -->","yoast_head_json":{"title":"Tapis de charge \u00e0 induction Naka de 5 W en paille de bl\u00e9 - PERLE IN","robots":{"index":"noindex","follow":"follow","max-snippet":"max-snippet:-1","max-image-preview":"max-image-preview:large","max-video-preview":"max-video-preview:-1"},"og_locale":"en_US","og_type":"article","og_title":"Tapis de charge \u00e0 induction Naka de 5 W en paille de bl\u00e9 - PERLE IN","og_description":"Tapis de charge \u00e0 induction 5 W fabriqu\u00e9 dans un m\u00e9lange de mat\u00e9riaux plastiques et de paille de bl\u00e9, ce qui r\u00e9duit la quantit\u00e9 de plastique n\u00e9cessaire. Si vous souhaitez recharger un appareil ne disposant pas de la technologie sans fil, un r\u00e9cepteur de charge sans fil ou un bo\u00eetier r\u00e9cepteur est n\u00e9cessaire. Emball\u00e9 dans une bo\u00eete cadeau et livr\u00e9 avec un manuel d'instructions (tous deux fabriqu\u00e9s \u00e0 partir de mat\u00e9riaux durables). Un c\u00e2ble de chargement de type C est inclus.","og_url":"https:\/\/perle-in.com\/en\/product\/tapis-de-charge-a-induction-naka-de-5-w-en-paille-de-ble\/","og_site_name":"PERLE IN","article_modified_time":"2025-10-14T06:44:31+00:00","og_image":[{"width":1600,"height":1600,"url":"https:\/\/perle-in.com\/wp-content\/uploads\/2025\/10\/12413602-1.jpg","type":"image\/jpeg"}],"twitter_card":"summary_large_image","schema":{"@context":"https:\/\/schema.org","@graph":[{"@type":"WebPage","@id":"https:\/\/perle-in.com\/produit\/tapis-de-charge-a-induction-naka-de-5-w-en-paille-de-ble\/","url":"https:\/\/perle-in.com\/produit\/tapis-de-charge-a-induction-naka-de-5-w-en-paille-de-ble\/","name":"Tapis de charge \u00e0 induction Naka de 5 W en paille de bl\u00e9 - PERLE IN","isPartOf":{"@id":"https:\/\/perle-in.com\/#website"},"primaryImageOfPage":{"@id":"https:\/\/perle-in.com\/produit\/tapis-de-charge-a-induction-naka-de-5-w-en-paille-de-ble\/#primaryimage"},"image":{"@id":"https:\/\/perle-in.com\/produit\/tapis-de-charge-a-induction-naka-de-5-w-en-paille-de-ble\/#primaryimage"},"thumbnailUrl":"https:\/\/perle-in.com\/wp-content\/uploads\/2025\/10\/12413602-1.jpg","datePublished":"2025-10-14T06:44:30+00:00","dateModified":"2025-10-14T06:44:31+00:00","breadcrumb":{"@id":"https:\/\/perle-in.com\/produit\/tapis-de-charge-a-induction-naka-de-5-w-en-paille-de-ble\/#breadcrumb"},"inLanguage":"en-CA","potentialAction":[{"@type":"ReadAction","target":["https:\/\/perle-in.com\/produit\/tapis-de-charge-a-induction-naka-de-5-w-en-paille-de-ble\/"]}]},{"@type":"ImageObject","inLanguage":"en-CA","@id":"https:\/\/perle-in.com\/produit\/tapis-de-charge-a-induction-naka-de-5-w-en-paille-de-ble\/#primaryimage","url":"https:\/\/perle-in.com\/wp-content\/uploads\/2025\/10\/12413602-1.jpg","contentUrl":"https:\/\/perle-in.com\/wp-content\/uploads\/2025\/10\/12413602-1.jpg","width":1600,"height":1600},{"@type":"BreadcrumbList","@id":"https:\/\/perle-in.com\/produit\/tapis-de-charge-a-induction-naka-de-5-w-en-paille-de-ble\/#breadcrumb","itemListElement":[{"@type":"ListItem","position":1,"name":"Accueil","item":"https:\/\/perle-in.com\/"},{"@type":"ListItem","position":2,"name":"Boutique","item":"https:\/\/perle-in.com\/boutique\/"},{"@type":"ListItem","position":3,"name":"Tapis de charge \u00e0 induction Naka de 5 W en paille de bl\u00e9"}]},{"@type":"WebSite","@id":"https:\/\/perle-in.com\/#website","url":"https:\/\/perle-in.com\/","name":"PERLE IN","description":"","publisher":{"@id":"https:\/\/perle-in.com\/#organization"},"potentialAction":[{"@type":"SearchAction","target":{"@type":"EntryPoint","urlTemplate":"https:\/\/perle-in.com\/?s={search_term_string}"},"query-input":{"@type":"PropertyValueSpecification","valueRequired":true,"valueName":"search_term_string"}}],"inLanguage":"en-CA"},{"@type":"Organization","@id":"https:\/\/perle-in.com\/#organization","name":"PERLE IN","url":"https:\/\/perle-in.com\/","logo":{"@type":"ImageObject","inLanguage":"en-CA","@id":"https:\/\/perle-in.com\/#\/schema\/logo\/image\/","url":"https:\/\/perle-in.com\/wp-content\/uploads\/2022\/12\/LOGO-PERLE-IN-COULEUR@3x.webp","contentUrl":"https:\/\/perle-in.com\/wp-content\/uploads\/2022\/12\/LOGO-PERLE-IN-COULEUR@3x.webp","width":1600,"height":490,"caption":"PERLE IN"},"image":{"@id":"https:\/\/perle-in.com\/#\/schema\/logo\/image\/"}}]}},"jetpack_sharing_enabled":true,"_links":{"self":[{"href":"https:\/\/perle-in.com\/en\/wp-json\/wp\/v2\/product\/529612","targetHints":{"allow":["GET"]}}],"collection":[{"href":"https:\/\/perle-in.com\/en\/wp-json\/wp\/v2\/product"}],"about":[{"href":"https:\/\/perle-in.com\/en\/wp-json\/wp\/v2\/types\/product"}],"version-history":[{"count":0,"href":"https:\/\/perle-in.com\/en\/wp-json\/wp\/v2\/product\/529612\/revisions"}],"wp:featuredmedia":[{"embeddable":true,"href":"https:\/\/perle-in.com\/en\/wp-json\/wp\/v2\/media\/529602"}],"wp:attachment":[{"href":"https:\/\/perle-in.com\/en\/wp-json\/wp\/v2\/media?parent=529612"}],"wp:term":[{"taxonomy":"product_brand","embeddable":true,"href":"https:\/\/perle-in.com\/en\/wp-json\/wp\/v2\/product_brand?post=529612"},{"taxonomy":"product_cat","embeddable":true,"href":"https:\/\/perle-in.com\/en\/wp-json\/wp\/v2\/product_cat?post=529612"},{"taxonomy":"product_tag","embeddable":true,"href":"https:\/\/perle-in.com\/en\/wp-json\/wp\/v2\/product_tag?post=529612"}],"curies":[{"name":"wp","href":"https:\/\/api.w.org\/{rel}","templated":true}]}}