{"id":529560,"date":"2025-10-14T08:39:27","date_gmt":"2025-10-14T06:39:27","guid":{"rendered":"https:\/\/perle-in.com\/produit\/sac-shopping-recycle-210-gr-m%c2%b2-pheebs-7l\/"},"modified":"2025-10-14T08:39:33","modified_gmt":"2025-10-14T06:39:33","slug":"sac-shopping-recycle-210-gr-m%c2%b2-pheebs-7l","status":"publish","type":"product","link":"https:\/\/perle-in.com\/en\/product\/sac-shopping-recycle-210-gr-m%c2%b2-pheebs-7l\/","title":{"rendered":"Sac shopping recycl\u00e9 210 gr\/m\u00b2 Pheebs 7L"},"content":{"rendered":"","protected":false},"excerpt":{"rendered":"<p>Sac shopping en m\u00e9lange de coton et polyester recycl\u00e9 210 g\/m\u00b2. Le coton recycl\u00e9 est fabriqu\u00e9 \u00e0 partir de d\u00e9chets de pr\u00e9-consommation g\u00e9n\u00e9r\u00e9s par les usines textiles pendant le processus de coupe. Ce sac se plie facilement pour tenir dans un espace r\u00e9duit. Le compagnon id\u00e9al d&#8217;un grand nombre d&#8217;activit\u00e9s comme les courses, les excursions d&#8217;une journ\u00e9e ou les projets d&#8217;artisanat. Il peut y avoir des variations mineures dans la couleur du produit en raison de la nature du processus de production. Cette caract\u00e9ristique contribue incontestablement \u00e0 une apparence plus authentique. Longueur de poign\u00e9e 31\u00a0cm. Peut supporter jusqu&#8217;\u00e0 5 kg. <\/p>","protected":false},"featured_media":529553,"template":"","meta":{"_eb_attr":""},"product_brand":[],"product_cat":[159,959],"product_tag":[946,836,282,283,904,1935,1779,2677],"class_list":{"0":"post-529560","1":"product","2":"type-product","3":"status-publish","4":"has-post-thumbnail","6":"product_cat-sacs","7":"product_cat-sacs-de-shopping","8":"product_tag-green-concept","9":"product_tag-recycle","10":"product_tag-sac","11":"product_tag-sacs","12":"product_tag-shopping","13":"product_tag-tote","14":"product_tag-totebag","15":"product_tag-totes","16":"pa_couleurs-bleu-bruyere","17":"pa_couleurs-naturel","18":"pa_couleurs-noir-chine","19":"pa_matiere-coton-recycle-polyester-recycle-210-g-m2-polyester-recycle","20":"pa_pays-d-origine-inde","22":"first","23":"instock","24":"shipping-taxable","25":"purchasable","26":"product-type-variable"},"yoast_head":"<!-- This site is optimized with the Yoast SEO plugin v27.4 - https:\/\/yoast.com\/product\/yoast-seo-wordpress\/ -->\n<title>Sac shopping recycl\u00e9 210 gr\/m\u00b2 Pheebs 7L - PERLE IN<\/title>\n<meta name=\"robots\" content=\"noindex, follow, max-snippet:-1, max-image-preview:large, max-video-preview:-1\" \/>\n<meta property=\"og:locale\" content=\"en_US\" \/>\n<meta property=\"og:type\" content=\"article\" \/>\n<meta property=\"og:title\" content=\"Sac shopping recycl\u00e9 210 gr\/m\u00b2 Pheebs 7L - PERLE IN\" \/>\n<meta property=\"og:description\" content=\"Sac shopping en m\u00e9lange de coton et polyester recycl\u00e9 210 g\/m\u00b2. Le coton recycl\u00e9 est fabriqu\u00e9 \u00e0 partir de d\u00e9chets de pr\u00e9-consommation g\u00e9n\u00e9r\u00e9s par les usines textiles pendant le processus de coupe. Ce sac se plie facilement pour tenir dans un espace r\u00e9duit. Le compagnon id\u00e9al d&#039;un grand nombre d&#039;activit\u00e9s comme les courses, les excursions d&#039;une journ\u00e9e ou les projets d&#039;artisanat. Il peut y avoir des variations mineures dans la couleur du produit en raison de la nature du processus de production. Cette caract\u00e9ristique contribue incontestablement \u00e0 une apparence plus authentique. Longueur de poign\u00e9e 31\u00a0cm. Peut supporter jusqu&#039;\u00e0 5 kg.\" \/>\n<meta property=\"og:url\" content=\"https:\/\/perle-in.com\/en\/product\/sac-shopping-recycle-210-gr-m\u00b2-pheebs-7l\/\" \/>\n<meta property=\"og:site_name\" content=\"PERLE IN\" \/>\n<meta property=\"article:modified_time\" content=\"2025-10-14T06:39:33+00:00\" \/>\n<meta property=\"og:image\" content=\"https:\/\/perle-in.com\/wp-content\/uploads\/2025\/10\/12052150-1.jpg\" \/>\n\t<meta property=\"og:image:width\" content=\"1600\" \/>\n\t<meta property=\"og:image:height\" content=\"1600\" \/>\n\t<meta property=\"og:image:type\" content=\"image\/jpeg\" \/>\n<meta name=\"twitter:card\" content=\"summary_large_image\" \/>\n<script type=\"application\/ld+json\" class=\"yoast-schema-graph\">{\"@context\":\"https:\\\/\\\/schema.org\",\"@graph\":[{\"@type\":\"WebPage\",\"@id\":\"https:\\\/\\\/perle-in.com\\\/produit\\\/sac-shopping-recycle-210-gr-m%c2%b2-pheebs-7l\\\/\",\"url\":\"https:\\\/\\\/perle-in.com\\\/produit\\\/sac-shopping-recycle-210-gr-m%c2%b2-pheebs-7l\\\/\",\"name\":\"Sac shopping recycl\u00e9 210 gr\\\/m\u00b2 Pheebs 7L - PERLE IN\",\"isPartOf\":{\"@id\":\"https:\\\/\\\/perle-in.com\\\/#website\"},\"primaryImageOfPage\":{\"@id\":\"https:\\\/\\\/perle-in.com\\\/produit\\\/sac-shopping-recycle-210-gr-m%c2%b2-pheebs-7l\\\/#primaryimage\"},\"image\":{\"@id\":\"https:\\\/\\\/perle-in.com\\\/produit\\\/sac-shopping-recycle-210-gr-m%c2%b2-pheebs-7l\\\/#primaryimage\"},\"thumbnailUrl\":\"https:\\\/\\\/perle-in.com\\\/wp-content\\\/uploads\\\/2025\\\/10\\\/12052150-1.jpg\",\"datePublished\":\"2025-10-14T06:39:27+00:00\",\"dateModified\":\"2025-10-14T06:39:33+00:00\",\"breadcrumb\":{\"@id\":\"https:\\\/\\\/perle-in.com\\\/produit\\\/sac-shopping-recycle-210-gr-m%c2%b2-pheebs-7l\\\/#breadcrumb\"},\"inLanguage\":\"en-CA\",\"potentialAction\":[{\"@type\":\"ReadAction\",\"target\":[\"https:\\\/\\\/perle-in.com\\\/produit\\\/sac-shopping-recycle-210-gr-m%c2%b2-pheebs-7l\\\/\"]}]},{\"@type\":\"ImageObject\",\"inLanguage\":\"en-CA\",\"@id\":\"https:\\\/\\\/perle-in.com\\\/produit\\\/sac-shopping-recycle-210-gr-m%c2%b2-pheebs-7l\\\/#primaryimage\",\"url\":\"https:\\\/\\\/perle-in.com\\\/wp-content\\\/uploads\\\/2025\\\/10\\\/12052150-1.jpg\",\"contentUrl\":\"https:\\\/\\\/perle-in.com\\\/wp-content\\\/uploads\\\/2025\\\/10\\\/12052150-1.jpg\",\"width\":1600,\"height\":1600},{\"@type\":\"BreadcrumbList\",\"@id\":\"https:\\\/\\\/perle-in.com\\\/produit\\\/sac-shopping-recycle-210-gr-m%c2%b2-pheebs-7l\\\/#breadcrumb\",\"itemListElement\":[{\"@type\":\"ListItem\",\"position\":1,\"name\":\"Accueil\",\"item\":\"https:\\\/\\\/perle-in.com\\\/\"},{\"@type\":\"ListItem\",\"position\":2,\"name\":\"Boutique\",\"item\":\"https:\\\/\\\/perle-in.com\\\/boutique\\\/\"},{\"@type\":\"ListItem\",\"position\":3,\"name\":\"Sac shopping recycl\u00e9 210 gr\\\/m\u00b2 Pheebs 7L\"}]},{\"@type\":\"WebSite\",\"@id\":\"https:\\\/\\\/perle-in.com\\\/#website\",\"url\":\"https:\\\/\\\/perle-in.com\\\/\",\"name\":\"PERLE IN\",\"description\":\"\",\"publisher\":{\"@id\":\"https:\\\/\\\/perle-in.com\\\/#organization\"},\"potentialAction\":[{\"@type\":\"SearchAction\",\"target\":{\"@type\":\"EntryPoint\",\"urlTemplate\":\"https:\\\/\\\/perle-in.com\\\/?s={search_term_string}\"},\"query-input\":{\"@type\":\"PropertyValueSpecification\",\"valueRequired\":true,\"valueName\":\"search_term_string\"}}],\"inLanguage\":\"en-CA\"},{\"@type\":\"Organization\",\"@id\":\"https:\\\/\\\/perle-in.com\\\/#organization\",\"name\":\"PERLE IN\",\"url\":\"https:\\\/\\\/perle-in.com\\\/\",\"logo\":{\"@type\":\"ImageObject\",\"inLanguage\":\"en-CA\",\"@id\":\"https:\\\/\\\/perle-in.com\\\/#\\\/schema\\\/logo\\\/image\\\/\",\"url\":\"https:\\\/\\\/perle-in.com\\\/wp-content\\\/uploads\\\/2022\\\/12\\\/LOGO-PERLE-IN-COULEUR@3x.webp\",\"contentUrl\":\"https:\\\/\\\/perle-in.com\\\/wp-content\\\/uploads\\\/2022\\\/12\\\/LOGO-PERLE-IN-COULEUR@3x.webp\",\"width\":1600,\"height\":490,\"caption\":\"PERLE IN\"},\"image\":{\"@id\":\"https:\\\/\\\/perle-in.com\\\/#\\\/schema\\\/logo\\\/image\\\/\"}}]}<\/script>\n<!-- \/ Yoast SEO plugin. -->","yoast_head_json":{"title":"Sac shopping recycl\u00e9 210 gr\/m\u00b2 Pheebs 7L - PERLE IN","robots":{"index":"noindex","follow":"follow","max-snippet":"max-snippet:-1","max-image-preview":"max-image-preview:large","max-video-preview":"max-video-preview:-1"},"og_locale":"en_US","og_type":"article","og_title":"Sac shopping recycl\u00e9 210 gr\/m\u00b2 Pheebs 7L - PERLE IN","og_description":"Sac shopping en m\u00e9lange de coton et polyester recycl\u00e9 210 g\/m\u00b2. Le coton recycl\u00e9 est fabriqu\u00e9 \u00e0 partir de d\u00e9chets de pr\u00e9-consommation g\u00e9n\u00e9r\u00e9s par les usines textiles pendant le processus de coupe. Ce sac se plie facilement pour tenir dans un espace r\u00e9duit. Le compagnon id\u00e9al d'un grand nombre d'activit\u00e9s comme les courses, les excursions d'une journ\u00e9e ou les projets d'artisanat. Il peut y avoir des variations mineures dans la couleur du produit en raison de la nature du processus de production. Cette caract\u00e9ristique contribue incontestablement \u00e0 une apparence plus authentique. Longueur de poign\u00e9e 31\u00a0cm. Peut supporter jusqu'\u00e0 5 kg.","og_url":"https:\/\/perle-in.com\/en\/product\/sac-shopping-recycle-210-gr-m\u00b2-pheebs-7l\/","og_site_name":"PERLE IN","article_modified_time":"2025-10-14T06:39:33+00:00","og_image":[{"width":1600,"height":1600,"url":"https:\/\/perle-in.com\/wp-content\/uploads\/2025\/10\/12052150-1.jpg","type":"image\/jpeg"}],"twitter_card":"summary_large_image","schema":{"@context":"https:\/\/schema.org","@graph":[{"@type":"WebPage","@id":"https:\/\/perle-in.com\/produit\/sac-shopping-recycle-210-gr-m%c2%b2-pheebs-7l\/","url":"https:\/\/perle-in.com\/produit\/sac-shopping-recycle-210-gr-m%c2%b2-pheebs-7l\/","name":"Sac shopping recycl\u00e9 210 gr\/m\u00b2 Pheebs 7L - PERLE IN","isPartOf":{"@id":"https:\/\/perle-in.com\/#website"},"primaryImageOfPage":{"@id":"https:\/\/perle-in.com\/produit\/sac-shopping-recycle-210-gr-m%c2%b2-pheebs-7l\/#primaryimage"},"image":{"@id":"https:\/\/perle-in.com\/produit\/sac-shopping-recycle-210-gr-m%c2%b2-pheebs-7l\/#primaryimage"},"thumbnailUrl":"https:\/\/perle-in.com\/wp-content\/uploads\/2025\/10\/12052150-1.jpg","datePublished":"2025-10-14T06:39:27+00:00","dateModified":"2025-10-14T06:39:33+00:00","breadcrumb":{"@id":"https:\/\/perle-in.com\/produit\/sac-shopping-recycle-210-gr-m%c2%b2-pheebs-7l\/#breadcrumb"},"inLanguage":"en-CA","potentialAction":[{"@type":"ReadAction","target":["https:\/\/perle-in.com\/produit\/sac-shopping-recycle-210-gr-m%c2%b2-pheebs-7l\/"]}]},{"@type":"ImageObject","inLanguage":"en-CA","@id":"https:\/\/perle-in.com\/produit\/sac-shopping-recycle-210-gr-m%c2%b2-pheebs-7l\/#primaryimage","url":"https:\/\/perle-in.com\/wp-content\/uploads\/2025\/10\/12052150-1.jpg","contentUrl":"https:\/\/perle-in.com\/wp-content\/uploads\/2025\/10\/12052150-1.jpg","width":1600,"height":1600},{"@type":"BreadcrumbList","@id":"https:\/\/perle-in.com\/produit\/sac-shopping-recycle-210-gr-m%c2%b2-pheebs-7l\/#breadcrumb","itemListElement":[{"@type":"ListItem","position":1,"name":"Accueil","item":"https:\/\/perle-in.com\/"},{"@type":"ListItem","position":2,"name":"Boutique","item":"https:\/\/perle-in.com\/boutique\/"},{"@type":"ListItem","position":3,"name":"Sac shopping recycl\u00e9 210 gr\/m\u00b2 Pheebs 7L"}]},{"@type":"WebSite","@id":"https:\/\/perle-in.com\/#website","url":"https:\/\/perle-in.com\/","name":"PERLE IN","description":"","publisher":{"@id":"https:\/\/perle-in.com\/#organization"},"potentialAction":[{"@type":"SearchAction","target":{"@type":"EntryPoint","urlTemplate":"https:\/\/perle-in.com\/?s={search_term_string}"},"query-input":{"@type":"PropertyValueSpecification","valueRequired":true,"valueName":"search_term_string"}}],"inLanguage":"en-CA"},{"@type":"Organization","@id":"https:\/\/perle-in.com\/#organization","name":"PERLE IN","url":"https:\/\/perle-in.com\/","logo":{"@type":"ImageObject","inLanguage":"en-CA","@id":"https:\/\/perle-in.com\/#\/schema\/logo\/image\/","url":"https:\/\/perle-in.com\/wp-content\/uploads\/2022\/12\/LOGO-PERLE-IN-COULEUR@3x.webp","contentUrl":"https:\/\/perle-in.com\/wp-content\/uploads\/2022\/12\/LOGO-PERLE-IN-COULEUR@3x.webp","width":1600,"height":490,"caption":"PERLE IN"},"image":{"@id":"https:\/\/perle-in.com\/#\/schema\/logo\/image\/"}}]}},"jetpack_sharing_enabled":true,"_links":{"self":[{"href":"https:\/\/perle-in.com\/en\/wp-json\/wp\/v2\/product\/529560","targetHints":{"allow":["GET"]}}],"collection":[{"href":"https:\/\/perle-in.com\/en\/wp-json\/wp\/v2\/product"}],"about":[{"href":"https:\/\/perle-in.com\/en\/wp-json\/wp\/v2\/types\/product"}],"version-history":[{"count":0,"href":"https:\/\/perle-in.com\/en\/wp-json\/wp\/v2\/product\/529560\/revisions"}],"wp:featuredmedia":[{"embeddable":true,"href":"https:\/\/perle-in.com\/en\/wp-json\/wp\/v2\/media\/529553"}],"wp:attachment":[{"href":"https:\/\/perle-in.com\/en\/wp-json\/wp\/v2\/media?parent=529560"}],"wp:term":[{"taxonomy":"product_brand","embeddable":true,"href":"https:\/\/perle-in.com\/en\/wp-json\/wp\/v2\/product_brand?post=529560"},{"taxonomy":"product_cat","embeddable":true,"href":"https:\/\/perle-in.com\/en\/wp-json\/wp\/v2\/product_cat?post=529560"},{"taxonomy":"product_tag","embeddable":true,"href":"https:\/\/perle-in.com\/en\/wp-json\/wp\/v2\/product_tag?post=529560"}],"curies":[{"name":"wp","href":"https:\/\/api.w.org\/{rel}","templated":true}]}}