{"id":529539,"date":"2025-10-14T08:37:03","date_gmt":"2025-10-14T06:37:03","guid":{"rendered":"https:\/\/perle-in.com\/produit\/masque-de-type-iir-moore\/"},"modified":"2025-10-14T08:37:08","modified_gmt":"2025-10-14T06:37:08","slug":"masque-de-type-iir-moore","status":"publish","type":"product","link":"https:\/\/perle-in.com\/en\/product\/masque-de-type-iir-moore\/","title":{"rendered":"Masque de type IIR Moore"},"content":{"rendered":"","protected":false},"excerpt":{"rendered":"<p>Graid Protection. Masque de type IIR avec 3 couches. Masque avec attaches \u00e9lastiques solides et agr\u00e9ables \u00e0 porter, ainsi qu&#8217;un pince-nez permettant un bon maintien. Ce masque a une filtration anti bact\u00e9rienne importante. Le port d&#8217;un masque jetable est recommand\u00e9 par les professionnels de sant\u00e9 et les autorit\u00e9s afin de r\u00e9duire le risque de contamination et d&#8217;infection. Ce masque est confortable et n&#8217;irrite pas la peau. Il a le marquage CE en conformit\u00e9 avec la directive europ\u00e9enne sur les produits m\u00e9dicaux  93\/42\/EEC, Annex V.3&amp;Vii, Class 1 rule 1. Ce masque Type IIR est approuv\u00e9 en conformit\u00e9 avec la norme EN 14683:2019. Il r\u00e9siste aux \u00e9claboussures et garantit un taux de filtration des bact\u00e9ries (BFE) \u2265 98%. Biocompatibilit\u00e9 test\u00e9e. Uniquement disponible par s\u00e9ries de 50 (quantit\u00e9 minimale de commande de 50 pi\u00e8ces). Livr\u00e9es sous boite carton 10 x 8 x 19 cms.<\/p>","protected":false},"featured_media":529534,"template":"","meta":{"_eb_attr":""},"product_brand":[],"product_cat":[791,390],"product_tag":[919,920,1038,916,922,1178,917,918],"class_list":{"0":"post-529539","1":"product","2":"type-product","3":"status-publish","4":"has-post-thumbnail","6":"product_cat-protection","7":"product_cat-sant-et-hygine-personnelle","8":"product_tag-corona","9":"product_tag-covid","10":"product_tag-graid","11":"product_tag-hygiene","12":"product_tag-masque","13":"product_tag-medical","14":"product_tag-protection","15":"product_tag-virus","16":"pa_couleurs-bleu-clair","17":"pa_matiere-polypropylene-non-tisse","19":"first","20":"outofstock","21":"shipping-taxable","22":"purchasable","23":"product-type-variable"},"yoast_head":"<!-- This site is optimized with the Yoast SEO plugin v27.4 - https:\/\/yoast.com\/product\/yoast-seo-wordpress\/ -->\n<title>Masque de type IIR Moore - PERLE IN<\/title>\n<meta name=\"robots\" content=\"noindex, follow, max-snippet:-1, max-image-preview:large, max-video-preview:-1\" \/>\n<meta property=\"og:locale\" content=\"en_US\" \/>\n<meta property=\"og:type\" content=\"article\" \/>\n<meta property=\"og:title\" content=\"Masque de type IIR Moore - PERLE IN\" \/>\n<meta property=\"og:description\" content=\"Graid Protection. Masque de type IIR avec 3 couches. Masque avec attaches \u00e9lastiques solides et agr\u00e9ables \u00e0 porter, ainsi qu&#039;un pince-nez permettant un bon maintien. Ce masque a une filtration anti bact\u00e9rienne importante. Le port d&#039;un masque jetable est recommand\u00e9 par les professionnels de sant\u00e9 et les autorit\u00e9s afin de r\u00e9duire le risque de contamination et d&#039;infection. Ce masque est confortable et n&#039;irrite pas la peau. Il a le marquage CE en conformit\u00e9 avec la directive europ\u00e9enne sur les produits m\u00e9dicaux 93\/42\/EEC, Annex V.3&amp;Vii, Class 1 rule 1. Ce masque Type IIR est approuv\u00e9 en conformit\u00e9 avec la norme EN 14683:2019. Il r\u00e9siste aux \u00e9claboussures et garantit un taux de filtration des bact\u00e9ries (BFE) \u2265 98%. Biocompatibilit\u00e9 test\u00e9e. Uniquement disponible par s\u00e9ries de 50 (quantit\u00e9 minimale de commande de 50 pi\u00e8ces). Livr\u00e9es sous boite carton 10 x 8 x 19 cms.\" \/>\n<meta property=\"og:url\" content=\"https:\/\/perle-in.com\/en\/product\/masque-de-type-iir-moore\/\" \/>\n<meta property=\"og:site_name\" content=\"PERLE IN\" \/>\n<meta property=\"article:modified_time\" content=\"2025-10-14T06:37:08+00:00\" \/>\n<meta property=\"og:image\" content=\"https:\/\/perle-in.com\/wp-content\/uploads\/2025\/10\/12202650-1.jpg\" \/>\n\t<meta property=\"og:image:width\" content=\"1600\" \/>\n\t<meta property=\"og:image:height\" content=\"1600\" \/>\n\t<meta property=\"og:image:type\" content=\"image\/jpeg\" \/>\n<meta name=\"twitter:card\" content=\"summary_large_image\" \/>\n<script type=\"application\/ld+json\" class=\"yoast-schema-graph\">{\"@context\":\"https:\\\/\\\/schema.org\",\"@graph\":[{\"@type\":\"WebPage\",\"@id\":\"https:\\\/\\\/perle-in.com\\\/produit\\\/masque-de-type-iir-moore\\\/\",\"url\":\"https:\\\/\\\/perle-in.com\\\/produit\\\/masque-de-type-iir-moore\\\/\",\"name\":\"Masque de type IIR Moore - PERLE IN\",\"isPartOf\":{\"@id\":\"https:\\\/\\\/perle-in.com\\\/#website\"},\"primaryImageOfPage\":{\"@id\":\"https:\\\/\\\/perle-in.com\\\/produit\\\/masque-de-type-iir-moore\\\/#primaryimage\"},\"image\":{\"@id\":\"https:\\\/\\\/perle-in.com\\\/produit\\\/masque-de-type-iir-moore\\\/#primaryimage\"},\"thumbnailUrl\":\"https:\\\/\\\/perle-in.com\\\/wp-content\\\/uploads\\\/2025\\\/10\\\/12202650-1.jpg\",\"datePublished\":\"2025-10-14T06:37:03+00:00\",\"dateModified\":\"2025-10-14T06:37:08+00:00\",\"breadcrumb\":{\"@id\":\"https:\\\/\\\/perle-in.com\\\/produit\\\/masque-de-type-iir-moore\\\/#breadcrumb\"},\"inLanguage\":\"en-CA\",\"potentialAction\":[{\"@type\":\"ReadAction\",\"target\":[\"https:\\\/\\\/perle-in.com\\\/produit\\\/masque-de-type-iir-moore\\\/\"]}]},{\"@type\":\"ImageObject\",\"inLanguage\":\"en-CA\",\"@id\":\"https:\\\/\\\/perle-in.com\\\/produit\\\/masque-de-type-iir-moore\\\/#primaryimage\",\"url\":\"https:\\\/\\\/perle-in.com\\\/wp-content\\\/uploads\\\/2025\\\/10\\\/12202650-1.jpg\",\"contentUrl\":\"https:\\\/\\\/perle-in.com\\\/wp-content\\\/uploads\\\/2025\\\/10\\\/12202650-1.jpg\",\"width\":1600,\"height\":1600},{\"@type\":\"BreadcrumbList\",\"@id\":\"https:\\\/\\\/perle-in.com\\\/produit\\\/masque-de-type-iir-moore\\\/#breadcrumb\",\"itemListElement\":[{\"@type\":\"ListItem\",\"position\":1,\"name\":\"Accueil\",\"item\":\"https:\\\/\\\/perle-in.com\\\/\"},{\"@type\":\"ListItem\",\"position\":2,\"name\":\"Boutique\",\"item\":\"https:\\\/\\\/perle-in.com\\\/boutique\\\/\"},{\"@type\":\"ListItem\",\"position\":3,\"name\":\"Masque de type IIR Moore\"}]},{\"@type\":\"WebSite\",\"@id\":\"https:\\\/\\\/perle-in.com\\\/#website\",\"url\":\"https:\\\/\\\/perle-in.com\\\/\",\"name\":\"PERLE IN\",\"description\":\"\",\"publisher\":{\"@id\":\"https:\\\/\\\/perle-in.com\\\/#organization\"},\"potentialAction\":[{\"@type\":\"SearchAction\",\"target\":{\"@type\":\"EntryPoint\",\"urlTemplate\":\"https:\\\/\\\/perle-in.com\\\/?s={search_term_string}\"},\"query-input\":{\"@type\":\"PropertyValueSpecification\",\"valueRequired\":true,\"valueName\":\"search_term_string\"}}],\"inLanguage\":\"en-CA\"},{\"@type\":\"Organization\",\"@id\":\"https:\\\/\\\/perle-in.com\\\/#organization\",\"name\":\"PERLE IN\",\"url\":\"https:\\\/\\\/perle-in.com\\\/\",\"logo\":{\"@type\":\"ImageObject\",\"inLanguage\":\"en-CA\",\"@id\":\"https:\\\/\\\/perle-in.com\\\/#\\\/schema\\\/logo\\\/image\\\/\",\"url\":\"https:\\\/\\\/perle-in.com\\\/wp-content\\\/uploads\\\/2022\\\/12\\\/LOGO-PERLE-IN-COULEUR@3x.webp\",\"contentUrl\":\"https:\\\/\\\/perle-in.com\\\/wp-content\\\/uploads\\\/2022\\\/12\\\/LOGO-PERLE-IN-COULEUR@3x.webp\",\"width\":1600,\"height\":490,\"caption\":\"PERLE IN\"},\"image\":{\"@id\":\"https:\\\/\\\/perle-in.com\\\/#\\\/schema\\\/logo\\\/image\\\/\"}}]}<\/script>\n<!-- \/ Yoast SEO plugin. -->","yoast_head_json":{"title":"Masque de type IIR Moore - PERLE IN","robots":{"index":"noindex","follow":"follow","max-snippet":"max-snippet:-1","max-image-preview":"max-image-preview:large","max-video-preview":"max-video-preview:-1"},"og_locale":"en_US","og_type":"article","og_title":"Masque de type IIR Moore - PERLE IN","og_description":"Graid Protection. Masque de type IIR avec 3 couches. Masque avec attaches \u00e9lastiques solides et agr\u00e9ables \u00e0 porter, ainsi qu'un pince-nez permettant un bon maintien. Ce masque a une filtration anti bact\u00e9rienne importante. Le port d'un masque jetable est recommand\u00e9 par les professionnels de sant\u00e9 et les autorit\u00e9s afin de r\u00e9duire le risque de contamination et d'infection. Ce masque est confortable et n'irrite pas la peau. Il a le marquage CE en conformit\u00e9 avec la directive europ\u00e9enne sur les produits m\u00e9dicaux 93\/42\/EEC, Annex V.3&amp;Vii, Class 1 rule 1. Ce masque Type IIR est approuv\u00e9 en conformit\u00e9 avec la norme EN 14683:2019. Il r\u00e9siste aux \u00e9claboussures et garantit un taux de filtration des bact\u00e9ries (BFE) \u2265 98%. Biocompatibilit\u00e9 test\u00e9e. Uniquement disponible par s\u00e9ries de 50 (quantit\u00e9 minimale de commande de 50 pi\u00e8ces). Livr\u00e9es sous boite carton 10 x 8 x 19 cms.","og_url":"https:\/\/perle-in.com\/en\/product\/masque-de-type-iir-moore\/","og_site_name":"PERLE IN","article_modified_time":"2025-10-14T06:37:08+00:00","og_image":[{"width":1600,"height":1600,"url":"https:\/\/perle-in.com\/wp-content\/uploads\/2025\/10\/12202650-1.jpg","type":"image\/jpeg"}],"twitter_card":"summary_large_image","schema":{"@context":"https:\/\/schema.org","@graph":[{"@type":"WebPage","@id":"https:\/\/perle-in.com\/produit\/masque-de-type-iir-moore\/","url":"https:\/\/perle-in.com\/produit\/masque-de-type-iir-moore\/","name":"Masque de type IIR Moore - PERLE IN","isPartOf":{"@id":"https:\/\/perle-in.com\/#website"},"primaryImageOfPage":{"@id":"https:\/\/perle-in.com\/produit\/masque-de-type-iir-moore\/#primaryimage"},"image":{"@id":"https:\/\/perle-in.com\/produit\/masque-de-type-iir-moore\/#primaryimage"},"thumbnailUrl":"https:\/\/perle-in.com\/wp-content\/uploads\/2025\/10\/12202650-1.jpg","datePublished":"2025-10-14T06:37:03+00:00","dateModified":"2025-10-14T06:37:08+00:00","breadcrumb":{"@id":"https:\/\/perle-in.com\/produit\/masque-de-type-iir-moore\/#breadcrumb"},"inLanguage":"en-CA","potentialAction":[{"@type":"ReadAction","target":["https:\/\/perle-in.com\/produit\/masque-de-type-iir-moore\/"]}]},{"@type":"ImageObject","inLanguage":"en-CA","@id":"https:\/\/perle-in.com\/produit\/masque-de-type-iir-moore\/#primaryimage","url":"https:\/\/perle-in.com\/wp-content\/uploads\/2025\/10\/12202650-1.jpg","contentUrl":"https:\/\/perle-in.com\/wp-content\/uploads\/2025\/10\/12202650-1.jpg","width":1600,"height":1600},{"@type":"BreadcrumbList","@id":"https:\/\/perle-in.com\/produit\/masque-de-type-iir-moore\/#breadcrumb","itemListElement":[{"@type":"ListItem","position":1,"name":"Accueil","item":"https:\/\/perle-in.com\/"},{"@type":"ListItem","position":2,"name":"Boutique","item":"https:\/\/perle-in.com\/boutique\/"},{"@type":"ListItem","position":3,"name":"Masque de type IIR Moore"}]},{"@type":"WebSite","@id":"https:\/\/perle-in.com\/#website","url":"https:\/\/perle-in.com\/","name":"PERLE IN","description":"","publisher":{"@id":"https:\/\/perle-in.com\/#organization"},"potentialAction":[{"@type":"SearchAction","target":{"@type":"EntryPoint","urlTemplate":"https:\/\/perle-in.com\/?s={search_term_string}"},"query-input":{"@type":"PropertyValueSpecification","valueRequired":true,"valueName":"search_term_string"}}],"inLanguage":"en-CA"},{"@type":"Organization","@id":"https:\/\/perle-in.com\/#organization","name":"PERLE IN","url":"https:\/\/perle-in.com\/","logo":{"@type":"ImageObject","inLanguage":"en-CA","@id":"https:\/\/perle-in.com\/#\/schema\/logo\/image\/","url":"https:\/\/perle-in.com\/wp-content\/uploads\/2022\/12\/LOGO-PERLE-IN-COULEUR@3x.webp","contentUrl":"https:\/\/perle-in.com\/wp-content\/uploads\/2022\/12\/LOGO-PERLE-IN-COULEUR@3x.webp","width":1600,"height":490,"caption":"PERLE IN"},"image":{"@id":"https:\/\/perle-in.com\/#\/schema\/logo\/image\/"}}]}},"jetpack_sharing_enabled":true,"_links":{"self":[{"href":"https:\/\/perle-in.com\/en\/wp-json\/wp\/v2\/product\/529539","targetHints":{"allow":["GET"]}}],"collection":[{"href":"https:\/\/perle-in.com\/en\/wp-json\/wp\/v2\/product"}],"about":[{"href":"https:\/\/perle-in.com\/en\/wp-json\/wp\/v2\/types\/product"}],"version-history":[{"count":0,"href":"https:\/\/perle-in.com\/en\/wp-json\/wp\/v2\/product\/529539\/revisions"}],"wp:featuredmedia":[{"embeddable":true,"href":"https:\/\/perle-in.com\/en\/wp-json\/wp\/v2\/media\/529534"}],"wp:attachment":[{"href":"https:\/\/perle-in.com\/en\/wp-json\/wp\/v2\/media?parent=529539"}],"wp:term":[{"taxonomy":"product_brand","embeddable":true,"href":"https:\/\/perle-in.com\/en\/wp-json\/wp\/v2\/product_brand?post=529539"},{"taxonomy":"product_cat","embeddable":true,"href":"https:\/\/perle-in.com\/en\/wp-json\/wp\/v2\/product_cat?post=529539"},{"taxonomy":"product_tag","embeddable":true,"href":"https:\/\/perle-in.com\/en\/wp-json\/wp\/v2\/product_tag?post=529539"}],"curies":[{"name":"wp","href":"https:\/\/api.w.org\/{rel}","templated":true}]}}