{"id":529532,"date":"2025-10-14T08:35:20","date_gmt":"2025-10-14T06:35:20","guid":{"rendered":"https:\/\/perle-in.com\/produit\/mug-americano-pure-isolant-350ml-anti-microbien\/"},"modified":"2025-10-14T08:35:21","modified_gmt":"2025-10-14T06:35:21","slug":"mug-americano-pure-isolant-350ml-anti-microbien","status":"publish","type":"product","link":"https:\/\/perle-in.com\/en\/product\/mug-americano-pure-isolant-350ml-anti-microbien\/","title":{"rendered":"Mug Americano\u00ae Pure isolant 350ml anti-microbien"},"content":{"rendered":"","protected":false},"excerpt":{"rendered":"<p>Mug avec isolation double paroi et capacit\u00e9 350ml. Il dispose de la technologie anti-microbienne Biomaster qui prot\u00e8ge contre la croissance de micro organismes nocifs sur la surface. Cette protection est effective pendant toute la dur\u00e9e de vie du produit et n&#8217;affecte pas la capacit\u00e9 de recyclage du mug. Fabriqu\u00e9 au Royaune Uni. Emball\u00e9 dans un sac en plastique PE recycl\u00e9. Sans BPA. Conforme \u00e0 la norme EN12875-1. Peut aller au lave-vaisselle et au micro-ondes.<\/p>","protected":false},"featured_media":529526,"template":"","meta":{"_eb_attr":""},"product_brand":[],"product_cat":[173,189],"product_tag":[2061,2671,2670,2669,225,2672,308,2646,190,230,227],"class_list":{"0":"post-529532","1":"product","2":"type-product","3":"status-publish","4":"has-post-thumbnail","6":"product_cat-drinkware","7":"product_cat-mugs-isothermes","8":"product_tag-americano","9":"product_tag-anti-microbien","10":"product_tag-antimicrobien","11":"product_tag-biomaster","12":"product_tag-cafe","13":"product_tag-deplacement","14":"product_tag-gobelet","15":"product_tag-isolation","16":"product_tag-mug","17":"product_tag-tasse","18":"product_tag-the","19":"pa_couleurs-blanc","20":"pa_green-points-2036","21":"pa_matiere-plastique-pp-additif-antibacterien","22":"pa_pays-d-origine-angleterre","24":"first","25":"instock","26":"shipping-taxable","27":"purchasable","28":"product-type-variable"},"yoast_head":"<!-- This site is optimized with the Yoast SEO plugin v27.4 - https:\/\/yoast.com\/product\/yoast-seo-wordpress\/ -->\n<title>Mug Americano\u00ae Pure isolant 350ml anti-microbien - PERLE IN<\/title>\n<meta name=\"robots\" content=\"noindex, follow, max-snippet:-1, max-image-preview:large, max-video-preview:-1\" \/>\n<meta property=\"og:locale\" content=\"en_US\" \/>\n<meta property=\"og:type\" content=\"article\" \/>\n<meta property=\"og:title\" content=\"Mug Americano\u00ae Pure isolant 350ml anti-microbien - PERLE IN\" \/>\n<meta property=\"og:description\" content=\"Mug avec isolation double paroi et capacit\u00e9 350ml. Il dispose de la technologie anti-microbienne Biomaster qui prot\u00e8ge contre la croissance de micro organismes nocifs sur la surface. Cette protection est effective pendant toute la dur\u00e9e de vie du produit et n&#039;affecte pas la capacit\u00e9 de recyclage du mug. Fabriqu\u00e9 au Royaune Uni. Emball\u00e9 dans un sac en plastique PE recycl\u00e9. Sans BPA. Conforme \u00e0 la norme EN12875-1. Peut aller au lave-vaisselle et au micro-ondes.\" \/>\n<meta property=\"og:url\" content=\"https:\/\/perle-in.com\/en\/product\/mug-americano-pure-isolant-350ml-anti-microbien\/\" \/>\n<meta property=\"og:site_name\" content=\"PERLE IN\" \/>\n<meta property=\"article:modified_time\" content=\"2025-10-14T06:35:21+00:00\" \/>\n<meta property=\"og:image\" content=\"https:\/\/perle-in.com\/wp-content\/uploads\/2025\/10\/21016601-1.jpg\" \/>\n\t<meta property=\"og:image:width\" content=\"1600\" \/>\n\t<meta property=\"og:image:height\" content=\"1600\" \/>\n\t<meta property=\"og:image:type\" content=\"image\/jpeg\" \/>\n<meta name=\"twitter:card\" content=\"summary_large_image\" \/>\n<script type=\"application\/ld+json\" class=\"yoast-schema-graph\">{\"@context\":\"https:\\\/\\\/schema.org\",\"@graph\":[{\"@type\":\"WebPage\",\"@id\":\"https:\\\/\\\/perle-in.com\\\/produit\\\/mug-americano-pure-isolant-350ml-anti-microbien\\\/\",\"url\":\"https:\\\/\\\/perle-in.com\\\/produit\\\/mug-americano-pure-isolant-350ml-anti-microbien\\\/\",\"name\":\"Mug Americano\u00ae Pure isolant 350ml anti-microbien - PERLE IN\",\"isPartOf\":{\"@id\":\"https:\\\/\\\/perle-in.com\\\/#website\"},\"primaryImageOfPage\":{\"@id\":\"https:\\\/\\\/perle-in.com\\\/produit\\\/mug-americano-pure-isolant-350ml-anti-microbien\\\/#primaryimage\"},\"image\":{\"@id\":\"https:\\\/\\\/perle-in.com\\\/produit\\\/mug-americano-pure-isolant-350ml-anti-microbien\\\/#primaryimage\"},\"thumbnailUrl\":\"https:\\\/\\\/perle-in.com\\\/wp-content\\\/uploads\\\/2025\\\/10\\\/21016601-1.jpg\",\"datePublished\":\"2025-10-14T06:35:20+00:00\",\"dateModified\":\"2025-10-14T06:35:21+00:00\",\"breadcrumb\":{\"@id\":\"https:\\\/\\\/perle-in.com\\\/produit\\\/mug-americano-pure-isolant-350ml-anti-microbien\\\/#breadcrumb\"},\"inLanguage\":\"en-CA\",\"potentialAction\":[{\"@type\":\"ReadAction\",\"target\":[\"https:\\\/\\\/perle-in.com\\\/produit\\\/mug-americano-pure-isolant-350ml-anti-microbien\\\/\"]}]},{\"@type\":\"ImageObject\",\"inLanguage\":\"en-CA\",\"@id\":\"https:\\\/\\\/perle-in.com\\\/produit\\\/mug-americano-pure-isolant-350ml-anti-microbien\\\/#primaryimage\",\"url\":\"https:\\\/\\\/perle-in.com\\\/wp-content\\\/uploads\\\/2025\\\/10\\\/21016601-1.jpg\",\"contentUrl\":\"https:\\\/\\\/perle-in.com\\\/wp-content\\\/uploads\\\/2025\\\/10\\\/21016601-1.jpg\",\"width\":1600,\"height\":1600},{\"@type\":\"BreadcrumbList\",\"@id\":\"https:\\\/\\\/perle-in.com\\\/produit\\\/mug-americano-pure-isolant-350ml-anti-microbien\\\/#breadcrumb\",\"itemListElement\":[{\"@type\":\"ListItem\",\"position\":1,\"name\":\"Accueil\",\"item\":\"https:\\\/\\\/perle-in.com\\\/\"},{\"@type\":\"ListItem\",\"position\":2,\"name\":\"Boutique\",\"item\":\"https:\\\/\\\/perle-in.com\\\/boutique\\\/\"},{\"@type\":\"ListItem\",\"position\":3,\"name\":\"Mug Americano\u00ae Pure isolant 350ml anti-microbien\"}]},{\"@type\":\"WebSite\",\"@id\":\"https:\\\/\\\/perle-in.com\\\/#website\",\"url\":\"https:\\\/\\\/perle-in.com\\\/\",\"name\":\"PERLE IN\",\"description\":\"\",\"publisher\":{\"@id\":\"https:\\\/\\\/perle-in.com\\\/#organization\"},\"potentialAction\":[{\"@type\":\"SearchAction\",\"target\":{\"@type\":\"EntryPoint\",\"urlTemplate\":\"https:\\\/\\\/perle-in.com\\\/?s={search_term_string}\"},\"query-input\":{\"@type\":\"PropertyValueSpecification\",\"valueRequired\":true,\"valueName\":\"search_term_string\"}}],\"inLanguage\":\"en-CA\"},{\"@type\":\"Organization\",\"@id\":\"https:\\\/\\\/perle-in.com\\\/#organization\",\"name\":\"PERLE IN\",\"url\":\"https:\\\/\\\/perle-in.com\\\/\",\"logo\":{\"@type\":\"ImageObject\",\"inLanguage\":\"en-CA\",\"@id\":\"https:\\\/\\\/perle-in.com\\\/#\\\/schema\\\/logo\\\/image\\\/\",\"url\":\"https:\\\/\\\/perle-in.com\\\/wp-content\\\/uploads\\\/2022\\\/12\\\/LOGO-PERLE-IN-COULEUR@3x.webp\",\"contentUrl\":\"https:\\\/\\\/perle-in.com\\\/wp-content\\\/uploads\\\/2022\\\/12\\\/LOGO-PERLE-IN-COULEUR@3x.webp\",\"width\":1600,\"height\":490,\"caption\":\"PERLE IN\"},\"image\":{\"@id\":\"https:\\\/\\\/perle-in.com\\\/#\\\/schema\\\/logo\\\/image\\\/\"}}]}<\/script>\n<!-- \/ Yoast SEO plugin. -->","yoast_head_json":{"title":"Mug Americano\u00ae Pure isolant 350ml anti-microbien - PERLE IN","robots":{"index":"noindex","follow":"follow","max-snippet":"max-snippet:-1","max-image-preview":"max-image-preview:large","max-video-preview":"max-video-preview:-1"},"og_locale":"en_US","og_type":"article","og_title":"Mug Americano\u00ae Pure isolant 350ml anti-microbien - PERLE IN","og_description":"Mug avec isolation double paroi et capacit\u00e9 350ml. Il dispose de la technologie anti-microbienne Biomaster qui prot\u00e8ge contre la croissance de micro organismes nocifs sur la surface. Cette protection est effective pendant toute la dur\u00e9e de vie du produit et n'affecte pas la capacit\u00e9 de recyclage du mug. Fabriqu\u00e9 au Royaune Uni. Emball\u00e9 dans un sac en plastique PE recycl\u00e9. Sans BPA. Conforme \u00e0 la norme EN12875-1. Peut aller au lave-vaisselle et au micro-ondes.","og_url":"https:\/\/perle-in.com\/en\/product\/mug-americano-pure-isolant-350ml-anti-microbien\/","og_site_name":"PERLE IN","article_modified_time":"2025-10-14T06:35:21+00:00","og_image":[{"width":1600,"height":1600,"url":"https:\/\/perle-in.com\/wp-content\/uploads\/2025\/10\/21016601-1.jpg","type":"image\/jpeg"}],"twitter_card":"summary_large_image","schema":{"@context":"https:\/\/schema.org","@graph":[{"@type":"WebPage","@id":"https:\/\/perle-in.com\/produit\/mug-americano-pure-isolant-350ml-anti-microbien\/","url":"https:\/\/perle-in.com\/produit\/mug-americano-pure-isolant-350ml-anti-microbien\/","name":"Mug Americano\u00ae Pure isolant 350ml anti-microbien - PERLE IN","isPartOf":{"@id":"https:\/\/perle-in.com\/#website"},"primaryImageOfPage":{"@id":"https:\/\/perle-in.com\/produit\/mug-americano-pure-isolant-350ml-anti-microbien\/#primaryimage"},"image":{"@id":"https:\/\/perle-in.com\/produit\/mug-americano-pure-isolant-350ml-anti-microbien\/#primaryimage"},"thumbnailUrl":"https:\/\/perle-in.com\/wp-content\/uploads\/2025\/10\/21016601-1.jpg","datePublished":"2025-10-14T06:35:20+00:00","dateModified":"2025-10-14T06:35:21+00:00","breadcrumb":{"@id":"https:\/\/perle-in.com\/produit\/mug-americano-pure-isolant-350ml-anti-microbien\/#breadcrumb"},"inLanguage":"en-CA","potentialAction":[{"@type":"ReadAction","target":["https:\/\/perle-in.com\/produit\/mug-americano-pure-isolant-350ml-anti-microbien\/"]}]},{"@type":"ImageObject","inLanguage":"en-CA","@id":"https:\/\/perle-in.com\/produit\/mug-americano-pure-isolant-350ml-anti-microbien\/#primaryimage","url":"https:\/\/perle-in.com\/wp-content\/uploads\/2025\/10\/21016601-1.jpg","contentUrl":"https:\/\/perle-in.com\/wp-content\/uploads\/2025\/10\/21016601-1.jpg","width":1600,"height":1600},{"@type":"BreadcrumbList","@id":"https:\/\/perle-in.com\/produit\/mug-americano-pure-isolant-350ml-anti-microbien\/#breadcrumb","itemListElement":[{"@type":"ListItem","position":1,"name":"Accueil","item":"https:\/\/perle-in.com\/"},{"@type":"ListItem","position":2,"name":"Boutique","item":"https:\/\/perle-in.com\/boutique\/"},{"@type":"ListItem","position":3,"name":"Mug Americano\u00ae Pure isolant 350ml anti-microbien"}]},{"@type":"WebSite","@id":"https:\/\/perle-in.com\/#website","url":"https:\/\/perle-in.com\/","name":"PERLE IN","description":"","publisher":{"@id":"https:\/\/perle-in.com\/#organization"},"potentialAction":[{"@type":"SearchAction","target":{"@type":"EntryPoint","urlTemplate":"https:\/\/perle-in.com\/?s={search_term_string}"},"query-input":{"@type":"PropertyValueSpecification","valueRequired":true,"valueName":"search_term_string"}}],"inLanguage":"en-CA"},{"@type":"Organization","@id":"https:\/\/perle-in.com\/#organization","name":"PERLE IN","url":"https:\/\/perle-in.com\/","logo":{"@type":"ImageObject","inLanguage":"en-CA","@id":"https:\/\/perle-in.com\/#\/schema\/logo\/image\/","url":"https:\/\/perle-in.com\/wp-content\/uploads\/2022\/12\/LOGO-PERLE-IN-COULEUR@3x.webp","contentUrl":"https:\/\/perle-in.com\/wp-content\/uploads\/2022\/12\/LOGO-PERLE-IN-COULEUR@3x.webp","width":1600,"height":490,"caption":"PERLE IN"},"image":{"@id":"https:\/\/perle-in.com\/#\/schema\/logo\/image\/"}}]}},"jetpack_sharing_enabled":true,"_links":{"self":[{"href":"https:\/\/perle-in.com\/en\/wp-json\/wp\/v2\/product\/529532","targetHints":{"allow":["GET"]}}],"collection":[{"href":"https:\/\/perle-in.com\/en\/wp-json\/wp\/v2\/product"}],"about":[{"href":"https:\/\/perle-in.com\/en\/wp-json\/wp\/v2\/types\/product"}],"version-history":[{"count":0,"href":"https:\/\/perle-in.com\/en\/wp-json\/wp\/v2\/product\/529532\/revisions"}],"wp:featuredmedia":[{"embeddable":true,"href":"https:\/\/perle-in.com\/en\/wp-json\/wp\/v2\/media\/529526"}],"wp:attachment":[{"href":"https:\/\/perle-in.com\/en\/wp-json\/wp\/v2\/media?parent=529532"}],"wp:term":[{"taxonomy":"product_brand","embeddable":true,"href":"https:\/\/perle-in.com\/en\/wp-json\/wp\/v2\/product_brand?post=529532"},{"taxonomy":"product_cat","embeddable":true,"href":"https:\/\/perle-in.com\/en\/wp-json\/wp\/v2\/product_cat?post=529532"},{"taxonomy":"product_tag","embeddable":true,"href":"https:\/\/perle-in.com\/en\/wp-json\/wp\/v2\/product_tag?post=529532"}],"curies":[{"name":"wp","href":"https:\/\/api.w.org\/{rel}","templated":true}]}}