{"id":529410,"date":"2025-10-14T08:28:17","date_gmt":"2025-10-14T06:28:17","guid":{"rendered":"https:\/\/perle-in.com\/produit\/casquette-davis-6-panneaux\/"},"modified":"2025-10-14T08:28:35","modified_gmt":"2025-10-14T06:28:35","slug":"casquette-davis-6-panneaux","status":"publish","type":"product","link":"https:\/\/perle-in.com\/en\/product\/casquette-davis-6-panneaux\/","title":{"rendered":"Casquette Davis 6\u00a0panneaux"},"content":{"rendered":"","protected":false},"excerpt":{"rendered":"<p>La casquette Davis \u00e0 6 panneaux est dot\u00e9e d&#8217;une visi\u00e8re pr\u00e9-courb\u00e9e, alliant une esth\u00e9tique classique \u00e0 une protection solaire essentielle. Les \u0153illets brod\u00e9s de la casquette offrent une ventilation optimale, vous permettant de rester frais et serein lors de vos activit\u00e9s de plein air. Con\u00e7ue pour s&#8217;adapter confortablement \u00e0 un tour de t\u00eate de 58 cm, la fermeture \u00e0 boucle m\u00e9tallique permet des ajustements faciles et s\u00fbrs. Fabriqu\u00e9e en serg\u00e9 de coton bross\u00e9 \u00e9pais de 260 g\/m\u00b2.<\/p>","protected":false},"featured_media":529391,"template":"","meta":{"_eb_attr":""},"product_brand":[],"product_cat":[1259,1024],"product_tag":[1699,1700],"class_list":{"0":"post-529410","1":"product","2":"type-product","3":"status-publish","4":"has-post-thumbnail","6":"product_cat-casquettes-et-chapeaux","7":"product_cat-vetements","8":"product_tag-casquette","9":"product_tag-casquettes","10":"pa_couleurs-blanc","11":"pa_couleurs-bleu","12":"pa_couleurs-bleu-clair","13":"pa_couleurs-bleu-hale","14":"pa_couleurs-brique","15":"pa_couleurs-flocons-davoine","16":"pa_couleurs-gris","17":"pa_couleurs-gris-storm","18":"pa_couleurs-lilas","19":"pa_couleurs-marine","20":"pa_couleurs-noir","21":"pa_couleurs-rouge","22":"pa_couleurs-vert-foret","23":"pa_genre-unisex","24":"pa_green-points-1692","25":"pa_marque-elevate-life","26":"pa_matiere-coton-twill-lourd-brosse-coton-260-g-m2","28":"first","29":"instock","30":"shipping-taxable","31":"purchasable","32":"product-type-variable"},"yoast_head":"<!-- This site is optimized with the Yoast SEO plugin v27.4 - https:\/\/yoast.com\/product\/yoast-seo-wordpress\/ -->\n<title>Casquette Davis 6\u00a0panneaux - PERLE IN<\/title>\n<meta name=\"robots\" content=\"noindex, follow, max-snippet:-1, max-image-preview:large, max-video-preview:-1\" \/>\n<meta property=\"og:locale\" content=\"en_US\" \/>\n<meta property=\"og:type\" content=\"article\" \/>\n<meta property=\"og:title\" content=\"Casquette Davis 6\u00a0panneaux - PERLE IN\" \/>\n<meta property=\"og:description\" content=\"La casquette Davis \u00e0 6 panneaux est dot\u00e9e d&#039;une visi\u00e8re pr\u00e9-courb\u00e9e, alliant une esth\u00e9tique classique \u00e0 une protection solaire essentielle. Les \u0153illets brod\u00e9s de la casquette offrent une ventilation optimale, vous permettant de rester frais et serein lors de vos activit\u00e9s de plein air. Con\u00e7ue pour s&#039;adapter confortablement \u00e0 un tour de t\u00eate de 58 cm, la fermeture \u00e0 boucle m\u00e9tallique permet des ajustements faciles et s\u00fbrs. Fabriqu\u00e9e en serg\u00e9 de coton bross\u00e9 \u00e9pais de 260 g\/m\u00b2.\" \/>\n<meta property=\"og:url\" content=\"https:\/\/perle-in.com\/en\/product\/casquette-davis-6-panneaux\/\" \/>\n<meta property=\"og:site_name\" content=\"PERLE IN\" \/>\n<meta property=\"article:modified_time\" content=\"2025-10-14T06:28:35+00:00\" \/>\n<meta property=\"og:image\" content=\"https:\/\/perle-in.com\/wp-content\/uploads\/2025\/10\/38678010-1.jpg\" \/>\n\t<meta property=\"og:image:width\" content=\"1600\" \/>\n\t<meta property=\"og:image:height\" content=\"1600\" \/>\n\t<meta property=\"og:image:type\" content=\"image\/jpeg\" \/>\n<meta name=\"twitter:card\" content=\"summary_large_image\" \/>\n<script type=\"application\/ld+json\" class=\"yoast-schema-graph\">{\"@context\":\"https:\\\/\\\/schema.org\",\"@graph\":[{\"@type\":\"WebPage\",\"@id\":\"https:\\\/\\\/perle-in.com\\\/produit\\\/casquette-davis-6-panneaux\\\/\",\"url\":\"https:\\\/\\\/perle-in.com\\\/produit\\\/casquette-davis-6-panneaux\\\/\",\"name\":\"Casquette Davis 6\u00a0panneaux - PERLE IN\",\"isPartOf\":{\"@id\":\"https:\\\/\\\/perle-in.com\\\/#website\"},\"primaryImageOfPage\":{\"@id\":\"https:\\\/\\\/perle-in.com\\\/produit\\\/casquette-davis-6-panneaux\\\/#primaryimage\"},\"image\":{\"@id\":\"https:\\\/\\\/perle-in.com\\\/produit\\\/casquette-davis-6-panneaux\\\/#primaryimage\"},\"thumbnailUrl\":\"https:\\\/\\\/perle-in.com\\\/wp-content\\\/uploads\\\/2025\\\/10\\\/38678010-1.jpg\",\"datePublished\":\"2025-10-14T06:28:17+00:00\",\"dateModified\":\"2025-10-14T06:28:35+00:00\",\"breadcrumb\":{\"@id\":\"https:\\\/\\\/perle-in.com\\\/produit\\\/casquette-davis-6-panneaux\\\/#breadcrumb\"},\"inLanguage\":\"en-CA\",\"potentialAction\":[{\"@type\":\"ReadAction\",\"target\":[\"https:\\\/\\\/perle-in.com\\\/produit\\\/casquette-davis-6-panneaux\\\/\"]}]},{\"@type\":\"ImageObject\",\"inLanguage\":\"en-CA\",\"@id\":\"https:\\\/\\\/perle-in.com\\\/produit\\\/casquette-davis-6-panneaux\\\/#primaryimage\",\"url\":\"https:\\\/\\\/perle-in.com\\\/wp-content\\\/uploads\\\/2025\\\/10\\\/38678010-1.jpg\",\"contentUrl\":\"https:\\\/\\\/perle-in.com\\\/wp-content\\\/uploads\\\/2025\\\/10\\\/38678010-1.jpg\",\"width\":1600,\"height\":1600},{\"@type\":\"BreadcrumbList\",\"@id\":\"https:\\\/\\\/perle-in.com\\\/produit\\\/casquette-davis-6-panneaux\\\/#breadcrumb\",\"itemListElement\":[{\"@type\":\"ListItem\",\"position\":1,\"name\":\"Accueil\",\"item\":\"https:\\\/\\\/perle-in.com\\\/\"},{\"@type\":\"ListItem\",\"position\":2,\"name\":\"Boutique\",\"item\":\"https:\\\/\\\/perle-in.com\\\/boutique\\\/\"},{\"@type\":\"ListItem\",\"position\":3,\"name\":\"Casquette Davis 6\u00a0panneaux\"}]},{\"@type\":\"WebSite\",\"@id\":\"https:\\\/\\\/perle-in.com\\\/#website\",\"url\":\"https:\\\/\\\/perle-in.com\\\/\",\"name\":\"PERLE IN\",\"description\":\"\",\"publisher\":{\"@id\":\"https:\\\/\\\/perle-in.com\\\/#organization\"},\"potentialAction\":[{\"@type\":\"SearchAction\",\"target\":{\"@type\":\"EntryPoint\",\"urlTemplate\":\"https:\\\/\\\/perle-in.com\\\/?s={search_term_string}\"},\"query-input\":{\"@type\":\"PropertyValueSpecification\",\"valueRequired\":true,\"valueName\":\"search_term_string\"}}],\"inLanguage\":\"en-CA\"},{\"@type\":\"Organization\",\"@id\":\"https:\\\/\\\/perle-in.com\\\/#organization\",\"name\":\"PERLE IN\",\"url\":\"https:\\\/\\\/perle-in.com\\\/\",\"logo\":{\"@type\":\"ImageObject\",\"inLanguage\":\"en-CA\",\"@id\":\"https:\\\/\\\/perle-in.com\\\/#\\\/schema\\\/logo\\\/image\\\/\",\"url\":\"https:\\\/\\\/perle-in.com\\\/wp-content\\\/uploads\\\/2022\\\/12\\\/LOGO-PERLE-IN-COULEUR@3x.webp\",\"contentUrl\":\"https:\\\/\\\/perle-in.com\\\/wp-content\\\/uploads\\\/2022\\\/12\\\/LOGO-PERLE-IN-COULEUR@3x.webp\",\"width\":1600,\"height\":490,\"caption\":\"PERLE IN\"},\"image\":{\"@id\":\"https:\\\/\\\/perle-in.com\\\/#\\\/schema\\\/logo\\\/image\\\/\"}}]}<\/script>\n<!-- \/ Yoast SEO plugin. -->","yoast_head_json":{"title":"Casquette Davis 6\u00a0panneaux - PERLE IN","robots":{"index":"noindex","follow":"follow","max-snippet":"max-snippet:-1","max-image-preview":"max-image-preview:large","max-video-preview":"max-video-preview:-1"},"og_locale":"en_US","og_type":"article","og_title":"Casquette Davis 6\u00a0panneaux - PERLE IN","og_description":"La casquette Davis \u00e0 6 panneaux est dot\u00e9e d'une visi\u00e8re pr\u00e9-courb\u00e9e, alliant une esth\u00e9tique classique \u00e0 une protection solaire essentielle. Les \u0153illets brod\u00e9s de la casquette offrent une ventilation optimale, vous permettant de rester frais et serein lors de vos activit\u00e9s de plein air. Con\u00e7ue pour s'adapter confortablement \u00e0 un tour de t\u00eate de 58 cm, la fermeture \u00e0 boucle m\u00e9tallique permet des ajustements faciles et s\u00fbrs. Fabriqu\u00e9e en serg\u00e9 de coton bross\u00e9 \u00e9pais de 260 g\/m\u00b2.","og_url":"https:\/\/perle-in.com\/en\/product\/casquette-davis-6-panneaux\/","og_site_name":"PERLE IN","article_modified_time":"2025-10-14T06:28:35+00:00","og_image":[{"width":1600,"height":1600,"url":"https:\/\/perle-in.com\/wp-content\/uploads\/2025\/10\/38678010-1.jpg","type":"image\/jpeg"}],"twitter_card":"summary_large_image","schema":{"@context":"https:\/\/schema.org","@graph":[{"@type":"WebPage","@id":"https:\/\/perle-in.com\/produit\/casquette-davis-6-panneaux\/","url":"https:\/\/perle-in.com\/produit\/casquette-davis-6-panneaux\/","name":"Casquette Davis 6\u00a0panneaux - PERLE IN","isPartOf":{"@id":"https:\/\/perle-in.com\/#website"},"primaryImageOfPage":{"@id":"https:\/\/perle-in.com\/produit\/casquette-davis-6-panneaux\/#primaryimage"},"image":{"@id":"https:\/\/perle-in.com\/produit\/casquette-davis-6-panneaux\/#primaryimage"},"thumbnailUrl":"https:\/\/perle-in.com\/wp-content\/uploads\/2025\/10\/38678010-1.jpg","datePublished":"2025-10-14T06:28:17+00:00","dateModified":"2025-10-14T06:28:35+00:00","breadcrumb":{"@id":"https:\/\/perle-in.com\/produit\/casquette-davis-6-panneaux\/#breadcrumb"},"inLanguage":"en-CA","potentialAction":[{"@type":"ReadAction","target":["https:\/\/perle-in.com\/produit\/casquette-davis-6-panneaux\/"]}]},{"@type":"ImageObject","inLanguage":"en-CA","@id":"https:\/\/perle-in.com\/produit\/casquette-davis-6-panneaux\/#primaryimage","url":"https:\/\/perle-in.com\/wp-content\/uploads\/2025\/10\/38678010-1.jpg","contentUrl":"https:\/\/perle-in.com\/wp-content\/uploads\/2025\/10\/38678010-1.jpg","width":1600,"height":1600},{"@type":"BreadcrumbList","@id":"https:\/\/perle-in.com\/produit\/casquette-davis-6-panneaux\/#breadcrumb","itemListElement":[{"@type":"ListItem","position":1,"name":"Accueil","item":"https:\/\/perle-in.com\/"},{"@type":"ListItem","position":2,"name":"Boutique","item":"https:\/\/perle-in.com\/boutique\/"},{"@type":"ListItem","position":3,"name":"Casquette Davis 6\u00a0panneaux"}]},{"@type":"WebSite","@id":"https:\/\/perle-in.com\/#website","url":"https:\/\/perle-in.com\/","name":"PERLE IN","description":"","publisher":{"@id":"https:\/\/perle-in.com\/#organization"},"potentialAction":[{"@type":"SearchAction","target":{"@type":"EntryPoint","urlTemplate":"https:\/\/perle-in.com\/?s={search_term_string}"},"query-input":{"@type":"PropertyValueSpecification","valueRequired":true,"valueName":"search_term_string"}}],"inLanguage":"en-CA"},{"@type":"Organization","@id":"https:\/\/perle-in.com\/#organization","name":"PERLE IN","url":"https:\/\/perle-in.com\/","logo":{"@type":"ImageObject","inLanguage":"en-CA","@id":"https:\/\/perle-in.com\/#\/schema\/logo\/image\/","url":"https:\/\/perle-in.com\/wp-content\/uploads\/2022\/12\/LOGO-PERLE-IN-COULEUR@3x.webp","contentUrl":"https:\/\/perle-in.com\/wp-content\/uploads\/2022\/12\/LOGO-PERLE-IN-COULEUR@3x.webp","width":1600,"height":490,"caption":"PERLE IN"},"image":{"@id":"https:\/\/perle-in.com\/#\/schema\/logo\/image\/"}}]}},"jetpack_sharing_enabled":true,"_links":{"self":[{"href":"https:\/\/perle-in.com\/en\/wp-json\/wp\/v2\/product\/529410","targetHints":{"allow":["GET"]}}],"collection":[{"href":"https:\/\/perle-in.com\/en\/wp-json\/wp\/v2\/product"}],"about":[{"href":"https:\/\/perle-in.com\/en\/wp-json\/wp\/v2\/types\/product"}],"version-history":[{"count":0,"href":"https:\/\/perle-in.com\/en\/wp-json\/wp\/v2\/product\/529410\/revisions"}],"wp:featuredmedia":[{"embeddable":true,"href":"https:\/\/perle-in.com\/en\/wp-json\/wp\/v2\/media\/529391"}],"wp:attachment":[{"href":"https:\/\/perle-in.com\/en\/wp-json\/wp\/v2\/media?parent=529410"}],"wp:term":[{"taxonomy":"product_brand","embeddable":true,"href":"https:\/\/perle-in.com\/en\/wp-json\/wp\/v2\/product_brand?post=529410"},{"taxonomy":"product_cat","embeddable":true,"href":"https:\/\/perle-in.com\/en\/wp-json\/wp\/v2\/product_cat?post=529410"},{"taxonomy":"product_tag","embeddable":true,"href":"https:\/\/perle-in.com\/en\/wp-json\/wp\/v2\/product_tag?post=529410"}],"curies":[{"name":"wp","href":"https:\/\/api.w.org\/{rel}","templated":true}]}}