{"id":529291,"date":"2025-10-14T08:19:55","date_gmt":"2025-10-14T06:19:55","guid":{"rendered":"https:\/\/perle-in.com\/produit\/pull-ras-de-cou-zenon-pour-femme\/"},"modified":"2025-10-14T22:31:08","modified_gmt":"2025-10-14T20:31:08","slug":"pull-ras-de-cou-zenon-pour-femme","status":"publish","type":"product","link":"https:\/\/perle-in.com\/en\/product\/pull-ras-de-cou-zenon-pour-femme\/","title":{"rendered":"Pull ras de cou Zenon pour femme"},"content":{"rendered":"","protected":false},"excerpt":{"rendered":"<p>Le pull \u00e0 col roul\u00e9 Zenon pour femme allie confort et design classique. Il est fabriqu\u00e9 \u00e0 partir d&#8217;un m\u00e9lange de coton et de polyester de 240 g\/m\u00b2. Le design classique \u00e0 col ras du cou est accentu\u00e9 par des d\u00e9tails en tricot plat sur le col, les poignets et l&#8217;ourlet du bas, offrant une coupe ajust\u00e9e et une touche de sophistication. De plus, les options de marquage personnalis\u00e9 \u00e0 l&#8217;int\u00e9rieur du pull permettent de personnaliser le marquage ou la personnalisation \u00e0 l&#8217;int\u00e9rieur du pull. L&#8217;int\u00e9rieur bross\u00e9 ajoute une couche suppl\u00e9mentaire de confort, ce qui le rend parfait pour les jours plus froids. Avec son design bien pens\u00e9 et ses mat\u00e9riaux de qualit\u00e9, le pull Zenon est un essentiel polyvalent qui ajoute une touche d&#8217;individualit\u00e9 \u00e0 votre look tout en vous assurant un maximum de confort. Ce pull est con\u00e7u avec une forme ajust\u00e9e pour un look f\u00e9minin. <\/p>","protected":false},"featured_media":529238,"template":"","meta":{"_eb_attr":""},"product_brand":[],"product_cat":[1262,1024],"product_tag":[2451,2661,2424,2420,2433],"class_list":{"0":"post-529291","1":"product","2":"type-product","3":"status-publish","4":"has-post-thumbnail","6":"product_cat-sweat","7":"product_cat-vetements","8":"product_tag-pull","9":"product_tag-pulls","10":"product_tag-super-heroes","11":"product_tag-superheroes","12":"product_tag-sweat","13":"pa_couleurs-blanc","14":"pa_couleurs-gris","15":"pa_couleurs-gris-storm","16":"pa_couleurs-marine","17":"pa_couleurs-noir","18":"pa_couleurs-orange","19":"pa_couleurs-rouge","20":"pa_genre-female","21":"pa_marque-elevate-essentials","22":"pa_matiere-tricot-50-coton-et-50-polyester-240-g-m2","23":"pa_pays-d-origine-bengladesh","24":"pa_taille-2xl","25":"pa_taille-3xl","26":"pa_taille-4xl","27":"pa_taille-l","28":"pa_taille-m","29":"pa_taille-s","30":"pa_taille-xl","31":"pa_taille-xs","33":"first","34":"instock","35":"sale","36":"shipping-taxable","37":"purchasable","38":"product-type-variable"},"yoast_head":"<!-- This site is optimized with the Yoast SEO plugin v27.4 - https:\/\/yoast.com\/product\/yoast-seo-wordpress\/ -->\n<title>Pull ras de cou Zenon pour femme - PERLE IN<\/title>\n<meta name=\"robots\" content=\"noindex, follow, max-snippet:-1, max-image-preview:large, max-video-preview:-1\" \/>\n<meta property=\"og:locale\" content=\"en_US\" \/>\n<meta property=\"og:type\" content=\"article\" \/>\n<meta property=\"og:title\" content=\"Pull ras de cou Zenon pour femme - PERLE IN\" \/>\n<meta property=\"og:description\" content=\"Le pull \u00e0 col roul\u00e9 Zenon pour femme allie confort et design classique. Il est fabriqu\u00e9 \u00e0 partir d&#039;un m\u00e9lange de coton et de polyester de 240 g\/m\u00b2. Le design classique \u00e0 col ras du cou est accentu\u00e9 par des d\u00e9tails en tricot plat sur le col, les poignets et l&#039;ourlet du bas, offrant une coupe ajust\u00e9e et une touche de sophistication. De plus, les options de marquage personnalis\u00e9 \u00e0 l&#039;int\u00e9rieur du pull permettent de personnaliser le marquage ou la personnalisation \u00e0 l&#039;int\u00e9rieur du pull. L&#039;int\u00e9rieur bross\u00e9 ajoute une couche suppl\u00e9mentaire de confort, ce qui le rend parfait pour les jours plus froids. Avec son design bien pens\u00e9 et ses mat\u00e9riaux de qualit\u00e9, le pull Zenon est un essentiel polyvalent qui ajoute une touche d&#039;individualit\u00e9 \u00e0 votre look tout en vous assurant un maximum de confort. Ce pull est con\u00e7u avec une forme ajust\u00e9e pour un look f\u00e9minin.\" \/>\n<meta property=\"og:url\" content=\"https:\/\/perle-in.com\/en\/product\/pull-ras-de-cou-zenon-pour-femme\/\" \/>\n<meta property=\"og:site_name\" content=\"PERLE IN\" \/>\n<meta property=\"article:modified_time\" content=\"2025-10-14T20:31:08+00:00\" \/>\n<meta property=\"og:image\" content=\"https:\/\/perle-in.com\/wp-content\/uploads\/2025\/10\/3823201-1.jpg\" \/>\n\t<meta property=\"og:image:width\" content=\"1600\" \/>\n\t<meta property=\"og:image:height\" content=\"1600\" \/>\n\t<meta property=\"og:image:type\" content=\"image\/jpeg\" \/>\n<meta name=\"twitter:card\" content=\"summary_large_image\" \/>\n<script type=\"application\/ld+json\" class=\"yoast-schema-graph\">{\"@context\":\"https:\\\/\\\/schema.org\",\"@graph\":[{\"@type\":\"WebPage\",\"@id\":\"https:\\\/\\\/perle-in.com\\\/produit\\\/pull-ras-de-cou-zenon-pour-femme\\\/\",\"url\":\"https:\\\/\\\/perle-in.com\\\/produit\\\/pull-ras-de-cou-zenon-pour-femme\\\/\",\"name\":\"Pull ras de cou Zenon pour femme - PERLE IN\",\"isPartOf\":{\"@id\":\"https:\\\/\\\/perle-in.com\\\/#website\"},\"primaryImageOfPage\":{\"@id\":\"https:\\\/\\\/perle-in.com\\\/produit\\\/pull-ras-de-cou-zenon-pour-femme\\\/#primaryimage\"},\"image\":{\"@id\":\"https:\\\/\\\/perle-in.com\\\/produit\\\/pull-ras-de-cou-zenon-pour-femme\\\/#primaryimage\"},\"thumbnailUrl\":\"https:\\\/\\\/perle-in.com\\\/wp-content\\\/uploads\\\/2025\\\/10\\\/3823201-1.jpg\",\"datePublished\":\"2025-10-14T06:19:55+00:00\",\"dateModified\":\"2025-10-14T20:31:08+00:00\",\"breadcrumb\":{\"@id\":\"https:\\\/\\\/perle-in.com\\\/produit\\\/pull-ras-de-cou-zenon-pour-femme\\\/#breadcrumb\"},\"inLanguage\":\"en-CA\",\"potentialAction\":[{\"@type\":\"ReadAction\",\"target\":[\"https:\\\/\\\/perle-in.com\\\/produit\\\/pull-ras-de-cou-zenon-pour-femme\\\/\"]}]},{\"@type\":\"ImageObject\",\"inLanguage\":\"en-CA\",\"@id\":\"https:\\\/\\\/perle-in.com\\\/produit\\\/pull-ras-de-cou-zenon-pour-femme\\\/#primaryimage\",\"url\":\"https:\\\/\\\/perle-in.com\\\/wp-content\\\/uploads\\\/2025\\\/10\\\/3823201-1.jpg\",\"contentUrl\":\"https:\\\/\\\/perle-in.com\\\/wp-content\\\/uploads\\\/2025\\\/10\\\/3823201-1.jpg\",\"width\":1600,\"height\":1600},{\"@type\":\"BreadcrumbList\",\"@id\":\"https:\\\/\\\/perle-in.com\\\/produit\\\/pull-ras-de-cou-zenon-pour-femme\\\/#breadcrumb\",\"itemListElement\":[{\"@type\":\"ListItem\",\"position\":1,\"name\":\"Accueil\",\"item\":\"https:\\\/\\\/perle-in.com\\\/\"},{\"@type\":\"ListItem\",\"position\":2,\"name\":\"Boutique\",\"item\":\"https:\\\/\\\/perle-in.com\\\/boutique\\\/\"},{\"@type\":\"ListItem\",\"position\":3,\"name\":\"Pull ras de cou Zenon pour femme\"}]},{\"@type\":\"WebSite\",\"@id\":\"https:\\\/\\\/perle-in.com\\\/#website\",\"url\":\"https:\\\/\\\/perle-in.com\\\/\",\"name\":\"PERLE IN\",\"description\":\"\",\"publisher\":{\"@id\":\"https:\\\/\\\/perle-in.com\\\/#organization\"},\"potentialAction\":[{\"@type\":\"SearchAction\",\"target\":{\"@type\":\"EntryPoint\",\"urlTemplate\":\"https:\\\/\\\/perle-in.com\\\/?s={search_term_string}\"},\"query-input\":{\"@type\":\"PropertyValueSpecification\",\"valueRequired\":true,\"valueName\":\"search_term_string\"}}],\"inLanguage\":\"en-CA\"},{\"@type\":\"Organization\",\"@id\":\"https:\\\/\\\/perle-in.com\\\/#organization\",\"name\":\"PERLE IN\",\"url\":\"https:\\\/\\\/perle-in.com\\\/\",\"logo\":{\"@type\":\"ImageObject\",\"inLanguage\":\"en-CA\",\"@id\":\"https:\\\/\\\/perle-in.com\\\/#\\\/schema\\\/logo\\\/image\\\/\",\"url\":\"https:\\\/\\\/perle-in.com\\\/wp-content\\\/uploads\\\/2022\\\/12\\\/LOGO-PERLE-IN-COULEUR@3x.webp\",\"contentUrl\":\"https:\\\/\\\/perle-in.com\\\/wp-content\\\/uploads\\\/2022\\\/12\\\/LOGO-PERLE-IN-COULEUR@3x.webp\",\"width\":1600,\"height\":490,\"caption\":\"PERLE IN\"},\"image\":{\"@id\":\"https:\\\/\\\/perle-in.com\\\/#\\\/schema\\\/logo\\\/image\\\/\"}}]}<\/script>\n<!-- \/ Yoast SEO plugin. -->","yoast_head_json":{"title":"Pull ras de cou Zenon pour femme - PERLE IN","robots":{"index":"noindex","follow":"follow","max-snippet":"max-snippet:-1","max-image-preview":"max-image-preview:large","max-video-preview":"max-video-preview:-1"},"og_locale":"en_US","og_type":"article","og_title":"Pull ras de cou Zenon pour femme - PERLE IN","og_description":"Le pull \u00e0 col roul\u00e9 Zenon pour femme allie confort et design classique. Il est fabriqu\u00e9 \u00e0 partir d'un m\u00e9lange de coton et de polyester de 240 g\/m\u00b2. Le design classique \u00e0 col ras du cou est accentu\u00e9 par des d\u00e9tails en tricot plat sur le col, les poignets et l'ourlet du bas, offrant une coupe ajust\u00e9e et une touche de sophistication. De plus, les options de marquage personnalis\u00e9 \u00e0 l'int\u00e9rieur du pull permettent de personnaliser le marquage ou la personnalisation \u00e0 l'int\u00e9rieur du pull. L'int\u00e9rieur bross\u00e9 ajoute une couche suppl\u00e9mentaire de confort, ce qui le rend parfait pour les jours plus froids. Avec son design bien pens\u00e9 et ses mat\u00e9riaux de qualit\u00e9, le pull Zenon est un essentiel polyvalent qui ajoute une touche d'individualit\u00e9 \u00e0 votre look tout en vous assurant un maximum de confort. Ce pull est con\u00e7u avec une forme ajust\u00e9e pour un look f\u00e9minin.","og_url":"https:\/\/perle-in.com\/en\/product\/pull-ras-de-cou-zenon-pour-femme\/","og_site_name":"PERLE IN","article_modified_time":"2025-10-14T20:31:08+00:00","og_image":[{"width":1600,"height":1600,"url":"https:\/\/perle-in.com\/wp-content\/uploads\/2025\/10\/3823201-1.jpg","type":"image\/jpeg"}],"twitter_card":"summary_large_image","schema":{"@context":"https:\/\/schema.org","@graph":[{"@type":"WebPage","@id":"https:\/\/perle-in.com\/produit\/pull-ras-de-cou-zenon-pour-femme\/","url":"https:\/\/perle-in.com\/produit\/pull-ras-de-cou-zenon-pour-femme\/","name":"Pull ras de cou Zenon pour femme - PERLE IN","isPartOf":{"@id":"https:\/\/perle-in.com\/#website"},"primaryImageOfPage":{"@id":"https:\/\/perle-in.com\/produit\/pull-ras-de-cou-zenon-pour-femme\/#primaryimage"},"image":{"@id":"https:\/\/perle-in.com\/produit\/pull-ras-de-cou-zenon-pour-femme\/#primaryimage"},"thumbnailUrl":"https:\/\/perle-in.com\/wp-content\/uploads\/2025\/10\/3823201-1.jpg","datePublished":"2025-10-14T06:19:55+00:00","dateModified":"2025-10-14T20:31:08+00:00","breadcrumb":{"@id":"https:\/\/perle-in.com\/produit\/pull-ras-de-cou-zenon-pour-femme\/#breadcrumb"},"inLanguage":"en-CA","potentialAction":[{"@type":"ReadAction","target":["https:\/\/perle-in.com\/produit\/pull-ras-de-cou-zenon-pour-femme\/"]}]},{"@type":"ImageObject","inLanguage":"en-CA","@id":"https:\/\/perle-in.com\/produit\/pull-ras-de-cou-zenon-pour-femme\/#primaryimage","url":"https:\/\/perle-in.com\/wp-content\/uploads\/2025\/10\/3823201-1.jpg","contentUrl":"https:\/\/perle-in.com\/wp-content\/uploads\/2025\/10\/3823201-1.jpg","width":1600,"height":1600},{"@type":"BreadcrumbList","@id":"https:\/\/perle-in.com\/produit\/pull-ras-de-cou-zenon-pour-femme\/#breadcrumb","itemListElement":[{"@type":"ListItem","position":1,"name":"Accueil","item":"https:\/\/perle-in.com\/"},{"@type":"ListItem","position":2,"name":"Boutique","item":"https:\/\/perle-in.com\/boutique\/"},{"@type":"ListItem","position":3,"name":"Pull ras de cou Zenon pour femme"}]},{"@type":"WebSite","@id":"https:\/\/perle-in.com\/#website","url":"https:\/\/perle-in.com\/","name":"PERLE IN","description":"","publisher":{"@id":"https:\/\/perle-in.com\/#organization"},"potentialAction":[{"@type":"SearchAction","target":{"@type":"EntryPoint","urlTemplate":"https:\/\/perle-in.com\/?s={search_term_string}"},"query-input":{"@type":"PropertyValueSpecification","valueRequired":true,"valueName":"search_term_string"}}],"inLanguage":"en-CA"},{"@type":"Organization","@id":"https:\/\/perle-in.com\/#organization","name":"PERLE IN","url":"https:\/\/perle-in.com\/","logo":{"@type":"ImageObject","inLanguage":"en-CA","@id":"https:\/\/perle-in.com\/#\/schema\/logo\/image\/","url":"https:\/\/perle-in.com\/wp-content\/uploads\/2022\/12\/LOGO-PERLE-IN-COULEUR@3x.webp","contentUrl":"https:\/\/perle-in.com\/wp-content\/uploads\/2022\/12\/LOGO-PERLE-IN-COULEUR@3x.webp","width":1600,"height":490,"caption":"PERLE IN"},"image":{"@id":"https:\/\/perle-in.com\/#\/schema\/logo\/image\/"}}]}},"jetpack_sharing_enabled":true,"_links":{"self":[{"href":"https:\/\/perle-in.com\/en\/wp-json\/wp\/v2\/product\/529291","targetHints":{"allow":["GET"]}}],"collection":[{"href":"https:\/\/perle-in.com\/en\/wp-json\/wp\/v2\/product"}],"about":[{"href":"https:\/\/perle-in.com\/en\/wp-json\/wp\/v2\/types\/product"}],"version-history":[{"count":0,"href":"https:\/\/perle-in.com\/en\/wp-json\/wp\/v2\/product\/529291\/revisions"}],"wp:featuredmedia":[{"embeddable":true,"href":"https:\/\/perle-in.com\/en\/wp-json\/wp\/v2\/media\/529238"}],"wp:attachment":[{"href":"https:\/\/perle-in.com\/en\/wp-json\/wp\/v2\/media?parent=529291"}],"wp:term":[{"taxonomy":"product_brand","embeddable":true,"href":"https:\/\/perle-in.com\/en\/wp-json\/wp\/v2\/product_brand?post=529291"},{"taxonomy":"product_cat","embeddable":true,"href":"https:\/\/perle-in.com\/en\/wp-json\/wp\/v2\/product_cat?post=529291"},{"taxonomy":"product_tag","embeddable":true,"href":"https:\/\/perle-in.com\/en\/wp-json\/wp\/v2\/product_tag?post=529291"}],"curies":[{"name":"wp","href":"https:\/\/api.w.org\/{rel}","templated":true}]}}