{"id":528555,"date":"2025-10-14T07:59:16","date_gmt":"2025-10-14T05:59:16","guid":{"rendered":"https:\/\/perle-in.com\/produit\/sweat-a-col-rond-jasper-bio-homme\/"},"modified":"2025-10-14T22:31:07","modified_gmt":"2025-10-14T20:31:07","slug":"sweat-a-col-rond-jasper-bio-homme","status":"publish","type":"product","link":"https:\/\/perle-in.com\/en\/product\/sweat-a-col-rond-jasper-bio-homme\/","title":{"rendered":"Sweat \u00e0 col rond Jasper bio homme"},"content":{"rendered":"","protected":false},"excerpt":{"rendered":"<p>Le pull \u00e0 col ras du cou Jasper pour homme, en tissu biologique, est la fusion du style et de la durabilit\u00e9. Ce pull allie mode \u00e9cologique et confort, avec un empi\u00e8cement en V en tricot plat au centre du devant. Avec un int\u00e9rieur doux et bross\u00e9, il assure une sensation de confort. Il est fabriqu\u00e9 \u00e0 partir d&#8217;un m\u00e9lange de 280 g\/m\u00b2 de coton biologique et de polyester recycl\u00e9.<\/p>","protected":false},"featured_media":528492,"template":"","meta":{"_eb_attr":""},"product_brand":[],"product_cat":[1262,1024],"product_tag":[2654,1936,836,2433,2659],"class_list":{"0":"post-528555","1":"product","2":"type-product","3":"status-publish","4":"has-post-thumbnail","6":"product_cat-sweat","7":"product_cat-vetements","8":"product_tag-grs","9":"product_tag-organique","10":"product_tag-recycle","11":"product_tag-sweat","12":"product_tag-sweater","13":"pa_couleurs-blanc","14":"pa_couleurs-gris-storm","15":"pa_couleurs-marine","16":"pa_couleurs-noir","17":"pa_couleurs-rouge","18":"pa_genre-male","19":"pa_green-points-1931","20":"pa_marque-elevate-nxt","21":"pa_matiere-tricot-80-coton-organique-et-20-polyester-recycle-280-g-m2","22":"pa_pays-d-origine-bengladesh","23":"pa_taille-2xl","24":"pa_taille-3xl","25":"pa_taille-l","26":"pa_taille-m","27":"pa_taille-s","28":"pa_taille-xl","29":"pa_taille-xs","31":"first","32":"instock","33":"sale","34":"shipping-taxable","35":"purchasable","36":"product-type-variable"},"yoast_head":"<!-- This site is optimized with the Yoast SEO plugin v27.4 - https:\/\/yoast.com\/product\/yoast-seo-wordpress\/ -->\n<title>Sweat \u00e0 col rond Jasper bio homme - PERLE IN<\/title>\n<meta name=\"robots\" content=\"noindex, follow, max-snippet:-1, max-image-preview:large, max-video-preview:-1\" \/>\n<meta property=\"og:locale\" content=\"en_US\" \/>\n<meta property=\"og:type\" content=\"article\" \/>\n<meta property=\"og:title\" content=\"Sweat \u00e0 col rond Jasper bio homme - PERLE IN\" \/>\n<meta property=\"og:description\" content=\"Le pull \u00e0 col ras du cou Jasper pour homme, en tissu biologique, est la fusion du style et de la durabilit\u00e9. Ce pull allie mode \u00e9cologique et confort, avec un empi\u00e8cement en V en tricot plat au centre du devant. Avec un int\u00e9rieur doux et bross\u00e9, il assure une sensation de confort. Il est fabriqu\u00e9 \u00e0 partir d&#039;un m\u00e9lange de 280 g\/m\u00b2 de coton biologique et de polyester recycl\u00e9.\" \/>\n<meta property=\"og:url\" content=\"https:\/\/perle-in.com\/en\/product\/sweat-a-col-rond-jasper-bio-homme\/\" \/>\n<meta property=\"og:site_name\" content=\"PERLE IN\" \/>\n<meta property=\"article:modified_time\" content=\"2025-10-14T20:31:07+00:00\" \/>\n<meta property=\"og:image\" content=\"https:\/\/perle-in.com\/wp-content\/uploads\/2025\/10\/3751201-1.jpg\" \/>\n\t<meta property=\"og:image:width\" content=\"1600\" \/>\n\t<meta property=\"og:image:height\" content=\"1600\" \/>\n\t<meta property=\"og:image:type\" content=\"image\/jpeg\" \/>\n<meta name=\"twitter:card\" content=\"summary_large_image\" \/>\n<script type=\"application\/ld+json\" class=\"yoast-schema-graph\">{\"@context\":\"https:\\\/\\\/schema.org\",\"@graph\":[{\"@type\":\"WebPage\",\"@id\":\"https:\\\/\\\/perle-in.com\\\/produit\\\/sweat-a-col-rond-jasper-bio-homme\\\/\",\"url\":\"https:\\\/\\\/perle-in.com\\\/produit\\\/sweat-a-col-rond-jasper-bio-homme\\\/\",\"name\":\"Sweat \u00e0 col rond Jasper bio homme - PERLE IN\",\"isPartOf\":{\"@id\":\"https:\\\/\\\/perle-in.com\\\/#website\"},\"primaryImageOfPage\":{\"@id\":\"https:\\\/\\\/perle-in.com\\\/produit\\\/sweat-a-col-rond-jasper-bio-homme\\\/#primaryimage\"},\"image\":{\"@id\":\"https:\\\/\\\/perle-in.com\\\/produit\\\/sweat-a-col-rond-jasper-bio-homme\\\/#primaryimage\"},\"thumbnailUrl\":\"https:\\\/\\\/perle-in.com\\\/wp-content\\\/uploads\\\/2025\\\/10\\\/3751201-1.jpg\",\"datePublished\":\"2025-10-14T05:59:16+00:00\",\"dateModified\":\"2025-10-14T20:31:07+00:00\",\"breadcrumb\":{\"@id\":\"https:\\\/\\\/perle-in.com\\\/produit\\\/sweat-a-col-rond-jasper-bio-homme\\\/#breadcrumb\"},\"inLanguage\":\"en-CA\",\"potentialAction\":[{\"@type\":\"ReadAction\",\"target\":[\"https:\\\/\\\/perle-in.com\\\/produit\\\/sweat-a-col-rond-jasper-bio-homme\\\/\"]}]},{\"@type\":\"ImageObject\",\"inLanguage\":\"en-CA\",\"@id\":\"https:\\\/\\\/perle-in.com\\\/produit\\\/sweat-a-col-rond-jasper-bio-homme\\\/#primaryimage\",\"url\":\"https:\\\/\\\/perle-in.com\\\/wp-content\\\/uploads\\\/2025\\\/10\\\/3751201-1.jpg\",\"contentUrl\":\"https:\\\/\\\/perle-in.com\\\/wp-content\\\/uploads\\\/2025\\\/10\\\/3751201-1.jpg\",\"width\":1600,\"height\":1600},{\"@type\":\"BreadcrumbList\",\"@id\":\"https:\\\/\\\/perle-in.com\\\/produit\\\/sweat-a-col-rond-jasper-bio-homme\\\/#breadcrumb\",\"itemListElement\":[{\"@type\":\"ListItem\",\"position\":1,\"name\":\"Accueil\",\"item\":\"https:\\\/\\\/perle-in.com\\\/\"},{\"@type\":\"ListItem\",\"position\":2,\"name\":\"Boutique\",\"item\":\"https:\\\/\\\/perle-in.com\\\/boutique\\\/\"},{\"@type\":\"ListItem\",\"position\":3,\"name\":\"Sweat \u00e0 col rond Jasper bio homme\"}]},{\"@type\":\"WebSite\",\"@id\":\"https:\\\/\\\/perle-in.com\\\/#website\",\"url\":\"https:\\\/\\\/perle-in.com\\\/\",\"name\":\"PERLE IN\",\"description\":\"\",\"publisher\":{\"@id\":\"https:\\\/\\\/perle-in.com\\\/#organization\"},\"potentialAction\":[{\"@type\":\"SearchAction\",\"target\":{\"@type\":\"EntryPoint\",\"urlTemplate\":\"https:\\\/\\\/perle-in.com\\\/?s={search_term_string}\"},\"query-input\":{\"@type\":\"PropertyValueSpecification\",\"valueRequired\":true,\"valueName\":\"search_term_string\"}}],\"inLanguage\":\"en-CA\"},{\"@type\":\"Organization\",\"@id\":\"https:\\\/\\\/perle-in.com\\\/#organization\",\"name\":\"PERLE IN\",\"url\":\"https:\\\/\\\/perle-in.com\\\/\",\"logo\":{\"@type\":\"ImageObject\",\"inLanguage\":\"en-CA\",\"@id\":\"https:\\\/\\\/perle-in.com\\\/#\\\/schema\\\/logo\\\/image\\\/\",\"url\":\"https:\\\/\\\/perle-in.com\\\/wp-content\\\/uploads\\\/2022\\\/12\\\/LOGO-PERLE-IN-COULEUR@3x.webp\",\"contentUrl\":\"https:\\\/\\\/perle-in.com\\\/wp-content\\\/uploads\\\/2022\\\/12\\\/LOGO-PERLE-IN-COULEUR@3x.webp\",\"width\":1600,\"height\":490,\"caption\":\"PERLE IN\"},\"image\":{\"@id\":\"https:\\\/\\\/perle-in.com\\\/#\\\/schema\\\/logo\\\/image\\\/\"}}]}<\/script>\n<!-- \/ Yoast SEO plugin. -->","yoast_head_json":{"title":"Sweat \u00e0 col rond Jasper bio homme - PERLE IN","robots":{"index":"noindex","follow":"follow","max-snippet":"max-snippet:-1","max-image-preview":"max-image-preview:large","max-video-preview":"max-video-preview:-1"},"og_locale":"en_US","og_type":"article","og_title":"Sweat \u00e0 col rond Jasper bio homme - PERLE IN","og_description":"Le pull \u00e0 col ras du cou Jasper pour homme, en tissu biologique, est la fusion du style et de la durabilit\u00e9. Ce pull allie mode \u00e9cologique et confort, avec un empi\u00e8cement en V en tricot plat au centre du devant. Avec un int\u00e9rieur doux et bross\u00e9, il assure une sensation de confort. Il est fabriqu\u00e9 \u00e0 partir d'un m\u00e9lange de 280 g\/m\u00b2 de coton biologique et de polyester recycl\u00e9.","og_url":"https:\/\/perle-in.com\/en\/product\/sweat-a-col-rond-jasper-bio-homme\/","og_site_name":"PERLE IN","article_modified_time":"2025-10-14T20:31:07+00:00","og_image":[{"width":1600,"height":1600,"url":"https:\/\/perle-in.com\/wp-content\/uploads\/2025\/10\/3751201-1.jpg","type":"image\/jpeg"}],"twitter_card":"summary_large_image","schema":{"@context":"https:\/\/schema.org","@graph":[{"@type":"WebPage","@id":"https:\/\/perle-in.com\/produit\/sweat-a-col-rond-jasper-bio-homme\/","url":"https:\/\/perle-in.com\/produit\/sweat-a-col-rond-jasper-bio-homme\/","name":"Sweat \u00e0 col rond Jasper bio homme - PERLE IN","isPartOf":{"@id":"https:\/\/perle-in.com\/#website"},"primaryImageOfPage":{"@id":"https:\/\/perle-in.com\/produit\/sweat-a-col-rond-jasper-bio-homme\/#primaryimage"},"image":{"@id":"https:\/\/perle-in.com\/produit\/sweat-a-col-rond-jasper-bio-homme\/#primaryimage"},"thumbnailUrl":"https:\/\/perle-in.com\/wp-content\/uploads\/2025\/10\/3751201-1.jpg","datePublished":"2025-10-14T05:59:16+00:00","dateModified":"2025-10-14T20:31:07+00:00","breadcrumb":{"@id":"https:\/\/perle-in.com\/produit\/sweat-a-col-rond-jasper-bio-homme\/#breadcrumb"},"inLanguage":"en-CA","potentialAction":[{"@type":"ReadAction","target":["https:\/\/perle-in.com\/produit\/sweat-a-col-rond-jasper-bio-homme\/"]}]},{"@type":"ImageObject","inLanguage":"en-CA","@id":"https:\/\/perle-in.com\/produit\/sweat-a-col-rond-jasper-bio-homme\/#primaryimage","url":"https:\/\/perle-in.com\/wp-content\/uploads\/2025\/10\/3751201-1.jpg","contentUrl":"https:\/\/perle-in.com\/wp-content\/uploads\/2025\/10\/3751201-1.jpg","width":1600,"height":1600},{"@type":"BreadcrumbList","@id":"https:\/\/perle-in.com\/produit\/sweat-a-col-rond-jasper-bio-homme\/#breadcrumb","itemListElement":[{"@type":"ListItem","position":1,"name":"Accueil","item":"https:\/\/perle-in.com\/"},{"@type":"ListItem","position":2,"name":"Boutique","item":"https:\/\/perle-in.com\/boutique\/"},{"@type":"ListItem","position":3,"name":"Sweat \u00e0 col rond Jasper bio homme"}]},{"@type":"WebSite","@id":"https:\/\/perle-in.com\/#website","url":"https:\/\/perle-in.com\/","name":"PERLE IN","description":"","publisher":{"@id":"https:\/\/perle-in.com\/#organization"},"potentialAction":[{"@type":"SearchAction","target":{"@type":"EntryPoint","urlTemplate":"https:\/\/perle-in.com\/?s={search_term_string}"},"query-input":{"@type":"PropertyValueSpecification","valueRequired":true,"valueName":"search_term_string"}}],"inLanguage":"en-CA"},{"@type":"Organization","@id":"https:\/\/perle-in.com\/#organization","name":"PERLE IN","url":"https:\/\/perle-in.com\/","logo":{"@type":"ImageObject","inLanguage":"en-CA","@id":"https:\/\/perle-in.com\/#\/schema\/logo\/image\/","url":"https:\/\/perle-in.com\/wp-content\/uploads\/2022\/12\/LOGO-PERLE-IN-COULEUR@3x.webp","contentUrl":"https:\/\/perle-in.com\/wp-content\/uploads\/2022\/12\/LOGO-PERLE-IN-COULEUR@3x.webp","width":1600,"height":490,"caption":"PERLE IN"},"image":{"@id":"https:\/\/perle-in.com\/#\/schema\/logo\/image\/"}}]}},"jetpack_sharing_enabled":true,"_links":{"self":[{"href":"https:\/\/perle-in.com\/en\/wp-json\/wp\/v2\/product\/528555","targetHints":{"allow":["GET"]}}],"collection":[{"href":"https:\/\/perle-in.com\/en\/wp-json\/wp\/v2\/product"}],"about":[{"href":"https:\/\/perle-in.com\/en\/wp-json\/wp\/v2\/types\/product"}],"version-history":[{"count":0,"href":"https:\/\/perle-in.com\/en\/wp-json\/wp\/v2\/product\/528555\/revisions"}],"wp:featuredmedia":[{"embeddable":true,"href":"https:\/\/perle-in.com\/en\/wp-json\/wp\/v2\/media\/528492"}],"wp:attachment":[{"href":"https:\/\/perle-in.com\/en\/wp-json\/wp\/v2\/media?parent=528555"}],"wp:term":[{"taxonomy":"product_brand","embeddable":true,"href":"https:\/\/perle-in.com\/en\/wp-json\/wp\/v2\/product_brand?post=528555"},{"taxonomy":"product_cat","embeddable":true,"href":"https:\/\/perle-in.com\/en\/wp-json\/wp\/v2\/product_cat?post=528555"},{"taxonomy":"product_tag","embeddable":true,"href":"https:\/\/perle-in.com\/en\/wp-json\/wp\/v2\/product_tag?post=528555"}],"curies":[{"name":"wp","href":"https:\/\/api.w.org\/{rel}","templated":true}]}}