{"id":526263,"date":"2025-10-14T07:08:37","date_gmt":"2025-10-14T05:08:37","guid":{"rendered":"https:\/\/perle-in.com\/produit\/gobelet-isolant-americano-350ml-avec-bandeau-antiderapant-et-couvercle-anti-fuite\/"},"modified":"2025-10-14T07:08:50","modified_gmt":"2025-10-14T05:08:50","slug":"gobelet-isolant-americano-350ml-avec-bandeau-antiderapant-et-couvercle-anti-fuite","status":"publish","type":"product","link":"https:\/\/perle-in.com\/en\/product\/gobelet-isolant-americano-350ml-avec-bandeau-antiderapant-et-couvercle-anti-fuite\/","title":{"rendered":"Gobelet isolant Americano\u00ae 350ml avec bandeau antid\u00e9rapant et couvercle anti-fuite"},"content":{"rendered":"","protected":false},"excerpt":{"rendered":"<p>Gobelet isotherme \u00e0 double paroi avec couvercle \u00e0 visser et bandeau antid\u00e9rapant en silicone. Le couvercle permet d&#8217;\u00e9viter les fuites et est propos\u00e9 sans silicone. Capacit\u00e9 de 350 ml. Couleurs \u00e0 m\u00e9langer et \u00e0 assortir pour cr\u00e9er le mug parfait. Fabriqu\u00e9 au Royaume-Uni. Sans BPA. Emball\u00e9 dans un sac en plastique PE recycl\u00e9.<\/p>","protected":false},"featured_media":526213,"template":"","meta":{"_eb_attr":""},"product_brand":[],"product_cat":[173,1209],"product_tag":[2244,1374,308,196,2646,190,230,197,291],"class_list":{"0":"post-526263","1":"product","2":"type-product","3":"status-publish","4":"has-post-thumbnail","6":"product_cat-drinkware","7":"product_cat-mugs-pour-voyager","8":"product_tag-drinkware","9":"product_tag-etanche","10":"product_tag-gobelet","11":"product_tag-isolant","12":"product_tag-isolation","13":"product_tag-mug","14":"product_tag-tasse","15":"product_tag-thermos","16":"product_tag-voyage","17":"pa_couleurs-argent-noir","18":"pa_couleurs-blanc","19":"pa_couleurs-blanc-bleu","20":"pa_couleurs-blanc-bleu-mineral","21":"pa_couleurs-blanc-citron-vert","22":"pa_couleurs-blanc-gris","23":"pa_couleurs-blanc-noir","24":"pa_couleurs-blanc-rouge","25":"pa_couleurs-blanc-vert-eau","26":"pa_couleurs-blanc-violet","27":"pa_couleurs-bleu","28":"pa_couleurs-bleu-blanc","29":"pa_couleurs-noir-blanc","30":"pa_couleurs-rouge-blanc","31":"pa_couleurs-rouge-noir","32":"pa_green-points-2036","33":"pa_matiere-plastique-pp-silicone","34":"pa_pays-d-origine-angleterre","36":"first","37":"instock","38":"shipping-taxable","39":"purchasable","40":"product-type-variable"},"yoast_head":"<!-- This site is optimized with the Yoast SEO plugin v27.4 - https:\/\/yoast.com\/product\/yoast-seo-wordpress\/ -->\n<title>Gobelet isolant Americano\u00ae 350ml avec bandeau antid\u00e9rapant et couvercle anti-fuite - PERLE IN<\/title>\n<meta name=\"robots\" content=\"noindex, follow, max-snippet:-1, max-image-preview:large, max-video-preview:-1\" \/>\n<meta property=\"og:locale\" content=\"en_US\" \/>\n<meta property=\"og:type\" content=\"article\" \/>\n<meta property=\"og:title\" content=\"Gobelet isolant Americano\u00ae 350ml avec bandeau antid\u00e9rapant et couvercle anti-fuite - PERLE IN\" \/>\n<meta property=\"og:description\" content=\"Gobelet isotherme \u00e0 double paroi avec couvercle \u00e0 visser et bandeau antid\u00e9rapant en silicone. Le couvercle permet d&#039;\u00e9viter les fuites et est propos\u00e9 sans silicone. Capacit\u00e9 de 350 ml. Couleurs \u00e0 m\u00e9langer et \u00e0 assortir pour cr\u00e9er le mug parfait. Fabriqu\u00e9 au Royaume-Uni. Sans BPA. Emball\u00e9 dans un sac en plastique PE recycl\u00e9.\" \/>\n<meta property=\"og:url\" content=\"https:\/\/perle-in.com\/en\/product\/gobelet-isolant-americano-350ml-avec-bandeau-antiderapant-et-couvercle-anti-fuite\/\" \/>\n<meta property=\"og:site_name\" content=\"PERLE IN\" \/>\n<meta property=\"article:modified_time\" content=\"2025-10-14T05:08:50+00:00\" \/>\n<meta property=\"og:image\" content=\"https:\/\/perle-in.com\/wp-content\/uploads\/2025\/10\/21069600-1.jpg\" \/>\n\t<meta property=\"og:image:width\" content=\"1600\" \/>\n\t<meta property=\"og:image:height\" content=\"1600\" \/>\n\t<meta property=\"og:image:type\" content=\"image\/jpeg\" \/>\n<meta name=\"twitter:card\" content=\"summary_large_image\" \/>\n<script type=\"application\/ld+json\" class=\"yoast-schema-graph\">{\"@context\":\"https:\\\/\\\/schema.org\",\"@graph\":[{\"@type\":\"WebPage\",\"@id\":\"https:\\\/\\\/perle-in.com\\\/produit\\\/gobelet-isolant-americano-350ml-avec-bandeau-antiderapant-et-couvercle-anti-fuite\\\/\",\"url\":\"https:\\\/\\\/perle-in.com\\\/produit\\\/gobelet-isolant-americano-350ml-avec-bandeau-antiderapant-et-couvercle-anti-fuite\\\/\",\"name\":\"Gobelet isolant Americano\u00ae 350ml avec bandeau antid\u00e9rapant et couvercle anti-fuite - PERLE IN\",\"isPartOf\":{\"@id\":\"https:\\\/\\\/perle-in.com\\\/#website\"},\"primaryImageOfPage\":{\"@id\":\"https:\\\/\\\/perle-in.com\\\/produit\\\/gobelet-isolant-americano-350ml-avec-bandeau-antiderapant-et-couvercle-anti-fuite\\\/#primaryimage\"},\"image\":{\"@id\":\"https:\\\/\\\/perle-in.com\\\/produit\\\/gobelet-isolant-americano-350ml-avec-bandeau-antiderapant-et-couvercle-anti-fuite\\\/#primaryimage\"},\"thumbnailUrl\":\"https:\\\/\\\/perle-in.com\\\/wp-content\\\/uploads\\\/2025\\\/10\\\/21069600-1.jpg\",\"datePublished\":\"2025-10-14T05:08:37+00:00\",\"dateModified\":\"2025-10-14T05:08:50+00:00\",\"breadcrumb\":{\"@id\":\"https:\\\/\\\/perle-in.com\\\/produit\\\/gobelet-isolant-americano-350ml-avec-bandeau-antiderapant-et-couvercle-anti-fuite\\\/#breadcrumb\"},\"inLanguage\":\"en-CA\",\"potentialAction\":[{\"@type\":\"ReadAction\",\"target\":[\"https:\\\/\\\/perle-in.com\\\/produit\\\/gobelet-isolant-americano-350ml-avec-bandeau-antiderapant-et-couvercle-anti-fuite\\\/\"]}]},{\"@type\":\"ImageObject\",\"inLanguage\":\"en-CA\",\"@id\":\"https:\\\/\\\/perle-in.com\\\/produit\\\/gobelet-isolant-americano-350ml-avec-bandeau-antiderapant-et-couvercle-anti-fuite\\\/#primaryimage\",\"url\":\"https:\\\/\\\/perle-in.com\\\/wp-content\\\/uploads\\\/2025\\\/10\\\/21069600-1.jpg\",\"contentUrl\":\"https:\\\/\\\/perle-in.com\\\/wp-content\\\/uploads\\\/2025\\\/10\\\/21069600-1.jpg\",\"width\":1600,\"height\":1600},{\"@type\":\"BreadcrumbList\",\"@id\":\"https:\\\/\\\/perle-in.com\\\/produit\\\/gobelet-isolant-americano-350ml-avec-bandeau-antiderapant-et-couvercle-anti-fuite\\\/#breadcrumb\",\"itemListElement\":[{\"@type\":\"ListItem\",\"position\":1,\"name\":\"Accueil\",\"item\":\"https:\\\/\\\/perle-in.com\\\/\"},{\"@type\":\"ListItem\",\"position\":2,\"name\":\"Boutique\",\"item\":\"https:\\\/\\\/perle-in.com\\\/boutique\\\/\"},{\"@type\":\"ListItem\",\"position\":3,\"name\":\"Gobelet isolant Americano\u00ae 350ml avec bandeau antid\u00e9rapant et couvercle anti-fuite\"}]},{\"@type\":\"WebSite\",\"@id\":\"https:\\\/\\\/perle-in.com\\\/#website\",\"url\":\"https:\\\/\\\/perle-in.com\\\/\",\"name\":\"PERLE IN\",\"description\":\"\",\"publisher\":{\"@id\":\"https:\\\/\\\/perle-in.com\\\/#organization\"},\"potentialAction\":[{\"@type\":\"SearchAction\",\"target\":{\"@type\":\"EntryPoint\",\"urlTemplate\":\"https:\\\/\\\/perle-in.com\\\/?s={search_term_string}\"},\"query-input\":{\"@type\":\"PropertyValueSpecification\",\"valueRequired\":true,\"valueName\":\"search_term_string\"}}],\"inLanguage\":\"en-CA\"},{\"@type\":\"Organization\",\"@id\":\"https:\\\/\\\/perle-in.com\\\/#organization\",\"name\":\"PERLE IN\",\"url\":\"https:\\\/\\\/perle-in.com\\\/\",\"logo\":{\"@type\":\"ImageObject\",\"inLanguage\":\"en-CA\",\"@id\":\"https:\\\/\\\/perle-in.com\\\/#\\\/schema\\\/logo\\\/image\\\/\",\"url\":\"https:\\\/\\\/perle-in.com\\\/wp-content\\\/uploads\\\/2022\\\/12\\\/LOGO-PERLE-IN-COULEUR@3x.webp\",\"contentUrl\":\"https:\\\/\\\/perle-in.com\\\/wp-content\\\/uploads\\\/2022\\\/12\\\/LOGO-PERLE-IN-COULEUR@3x.webp\",\"width\":1600,\"height\":490,\"caption\":\"PERLE IN\"},\"image\":{\"@id\":\"https:\\\/\\\/perle-in.com\\\/#\\\/schema\\\/logo\\\/image\\\/\"}}]}<\/script>\n<!-- \/ Yoast SEO plugin. -->","yoast_head_json":{"title":"Gobelet isolant Americano\u00ae 350ml avec bandeau antid\u00e9rapant et couvercle anti-fuite - PERLE IN","robots":{"index":"noindex","follow":"follow","max-snippet":"max-snippet:-1","max-image-preview":"max-image-preview:large","max-video-preview":"max-video-preview:-1"},"og_locale":"en_US","og_type":"article","og_title":"Gobelet isolant Americano\u00ae 350ml avec bandeau antid\u00e9rapant et couvercle anti-fuite - PERLE IN","og_description":"Gobelet isotherme \u00e0 double paroi avec couvercle \u00e0 visser et bandeau antid\u00e9rapant en silicone. Le couvercle permet d'\u00e9viter les fuites et est propos\u00e9 sans silicone. Capacit\u00e9 de 350 ml. Couleurs \u00e0 m\u00e9langer et \u00e0 assortir pour cr\u00e9er le mug parfait. Fabriqu\u00e9 au Royaume-Uni. Sans BPA. Emball\u00e9 dans un sac en plastique PE recycl\u00e9.","og_url":"https:\/\/perle-in.com\/en\/product\/gobelet-isolant-americano-350ml-avec-bandeau-antiderapant-et-couvercle-anti-fuite\/","og_site_name":"PERLE IN","article_modified_time":"2025-10-14T05:08:50+00:00","og_image":[{"width":1600,"height":1600,"url":"https:\/\/perle-in.com\/wp-content\/uploads\/2025\/10\/21069600-1.jpg","type":"image\/jpeg"}],"twitter_card":"summary_large_image","schema":{"@context":"https:\/\/schema.org","@graph":[{"@type":"WebPage","@id":"https:\/\/perle-in.com\/produit\/gobelet-isolant-americano-350ml-avec-bandeau-antiderapant-et-couvercle-anti-fuite\/","url":"https:\/\/perle-in.com\/produit\/gobelet-isolant-americano-350ml-avec-bandeau-antiderapant-et-couvercle-anti-fuite\/","name":"Gobelet isolant Americano\u00ae 350ml avec bandeau antid\u00e9rapant et couvercle anti-fuite - PERLE IN","isPartOf":{"@id":"https:\/\/perle-in.com\/#website"},"primaryImageOfPage":{"@id":"https:\/\/perle-in.com\/produit\/gobelet-isolant-americano-350ml-avec-bandeau-antiderapant-et-couvercle-anti-fuite\/#primaryimage"},"image":{"@id":"https:\/\/perle-in.com\/produit\/gobelet-isolant-americano-350ml-avec-bandeau-antiderapant-et-couvercle-anti-fuite\/#primaryimage"},"thumbnailUrl":"https:\/\/perle-in.com\/wp-content\/uploads\/2025\/10\/21069600-1.jpg","datePublished":"2025-10-14T05:08:37+00:00","dateModified":"2025-10-14T05:08:50+00:00","breadcrumb":{"@id":"https:\/\/perle-in.com\/produit\/gobelet-isolant-americano-350ml-avec-bandeau-antiderapant-et-couvercle-anti-fuite\/#breadcrumb"},"inLanguage":"en-CA","potentialAction":[{"@type":"ReadAction","target":["https:\/\/perle-in.com\/produit\/gobelet-isolant-americano-350ml-avec-bandeau-antiderapant-et-couvercle-anti-fuite\/"]}]},{"@type":"ImageObject","inLanguage":"en-CA","@id":"https:\/\/perle-in.com\/produit\/gobelet-isolant-americano-350ml-avec-bandeau-antiderapant-et-couvercle-anti-fuite\/#primaryimage","url":"https:\/\/perle-in.com\/wp-content\/uploads\/2025\/10\/21069600-1.jpg","contentUrl":"https:\/\/perle-in.com\/wp-content\/uploads\/2025\/10\/21069600-1.jpg","width":1600,"height":1600},{"@type":"BreadcrumbList","@id":"https:\/\/perle-in.com\/produit\/gobelet-isolant-americano-350ml-avec-bandeau-antiderapant-et-couvercle-anti-fuite\/#breadcrumb","itemListElement":[{"@type":"ListItem","position":1,"name":"Accueil","item":"https:\/\/perle-in.com\/"},{"@type":"ListItem","position":2,"name":"Boutique","item":"https:\/\/perle-in.com\/boutique\/"},{"@type":"ListItem","position":3,"name":"Gobelet isolant Americano\u00ae 350ml avec bandeau antid\u00e9rapant et couvercle anti-fuite"}]},{"@type":"WebSite","@id":"https:\/\/perle-in.com\/#website","url":"https:\/\/perle-in.com\/","name":"PERLE IN","description":"","publisher":{"@id":"https:\/\/perle-in.com\/#organization"},"potentialAction":[{"@type":"SearchAction","target":{"@type":"EntryPoint","urlTemplate":"https:\/\/perle-in.com\/?s={search_term_string}"},"query-input":{"@type":"PropertyValueSpecification","valueRequired":true,"valueName":"search_term_string"}}],"inLanguage":"en-CA"},{"@type":"Organization","@id":"https:\/\/perle-in.com\/#organization","name":"PERLE IN","url":"https:\/\/perle-in.com\/","logo":{"@type":"ImageObject","inLanguage":"en-CA","@id":"https:\/\/perle-in.com\/#\/schema\/logo\/image\/","url":"https:\/\/perle-in.com\/wp-content\/uploads\/2022\/12\/LOGO-PERLE-IN-COULEUR@3x.webp","contentUrl":"https:\/\/perle-in.com\/wp-content\/uploads\/2022\/12\/LOGO-PERLE-IN-COULEUR@3x.webp","width":1600,"height":490,"caption":"PERLE IN"},"image":{"@id":"https:\/\/perle-in.com\/#\/schema\/logo\/image\/"}}]}},"jetpack_sharing_enabled":true,"_links":{"self":[{"href":"https:\/\/perle-in.com\/en\/wp-json\/wp\/v2\/product\/526263","targetHints":{"allow":["GET"]}}],"collection":[{"href":"https:\/\/perle-in.com\/en\/wp-json\/wp\/v2\/product"}],"about":[{"href":"https:\/\/perle-in.com\/en\/wp-json\/wp\/v2\/types\/product"}],"version-history":[{"count":0,"href":"https:\/\/perle-in.com\/en\/wp-json\/wp\/v2\/product\/526263\/revisions"}],"wp:featuredmedia":[{"embeddable":true,"href":"https:\/\/perle-in.com\/en\/wp-json\/wp\/v2\/media\/526213"}],"wp:attachment":[{"href":"https:\/\/perle-in.com\/en\/wp-json\/wp\/v2\/media?parent=526263"}],"wp:term":[{"taxonomy":"product_brand","embeddable":true,"href":"https:\/\/perle-in.com\/en\/wp-json\/wp\/v2\/product_brand?post=526263"},{"taxonomy":"product_cat","embeddable":true,"href":"https:\/\/perle-in.com\/en\/wp-json\/wp\/v2\/product_cat?post=526263"},{"taxonomy":"product_tag","embeddable":true,"href":"https:\/\/perle-in.com\/en\/wp-json\/wp\/v2\/product_tag?post=526263"}],"curies":[{"name":"wp","href":"https:\/\/api.w.org\/{rel}","templated":true}]}}