{"id":525729,"date":"2025-10-14T07:03:08","date_gmt":"2025-10-14T05:03:08","guid":{"rendered":"https:\/\/perle-in.com\/produit\/gobelet-recycle-isolant-de-350ml-americano-eco\/"},"modified":"2025-10-14T07:04:03","modified_gmt":"2025-10-14T05:04:03","slug":"gobelet-recycle-isolant-de-350ml-americano-eco","status":"publish","type":"product","link":"https:\/\/perle-in.com\/en\/product\/gobelet-recycle-isolant-de-350ml-americano-eco\/","title":{"rendered":"Gobelet recycl\u00e9 isolant de 350ml Americano\u00ae Eco"},"content":{"rendered":"","protected":false},"excerpt":{"rendered":"<p>Gobelet isotherme \u00e0 double paroi avec couvercle \u00e0 visser. Le gobelet est fabriqu\u00e9 en plastique recycl\u00e9 \u00e0 75% au total, avec un corps reycl\u00e9 et un couvercle standard. En raison de la nature du mat\u00e9riau recycl\u00e9, de petites marques ou des teintes de couleur peuvent exister. Capacit\u00e9 de 350 ml. Fabriqu\u00e9 au Royaume-Uni. Emball\u00e9 dans un sac en plastique PE recycl\u00e9. Sans BPA.<\/p>","protected":false},"featured_media":525591,"template":"","meta":{"_eb_attr":""},"product_brand":[],"product_cat":[173,189],"product_tag":[225,308,319,946,165,836,227],"class_list":{"0":"post-525729","1":"product","2":"type-product","3":"status-publish","4":"has-post-thumbnail","6":"product_cat-drinkware","7":"product_cat-mugs-isothermes","8":"product_tag-cafe","9":"product_tag-gobelet","10":"product_tag-gobelets","11":"product_tag-green-concept","12":"product_tag-isotherme","13":"product_tag-recycle","14":"product_tag-the","15":"pa_couleurs-blanc","16":"pa_couleurs-blanc-bleu","17":"pa_couleurs-blanc-bleu-aqua","18":"pa_couleurs-blanc-bleu-mineral","19":"pa_couleurs-blanc-citron-vert","20":"pa_couleurs-blanc-gris","21":"pa_couleurs-blanc-jaune","22":"pa_couleurs-blanc-marron","23":"pa_couleurs-blanc-noir","24":"pa_couleurs-blanc-orange","25":"pa_couleurs-blanc-rose","26":"pa_couleurs-blanc-rouge","27":"pa_couleurs-blanc-vert","28":"pa_couleurs-blanc-violet","29":"pa_couleurs-bleu","30":"pa_couleurs-bleu-blanc","31":"pa_couleurs-citron-vert","32":"pa_couleurs-gris","33":"pa_couleurs-noir-blanc","34":"pa_couleurs-noir-bleu","35":"pa_couleurs-noir-bleu-aqua","36":"pa_couleurs-noir-bleu-mineral","37":"pa_couleurs-noir-citron-vert","38":"pa_couleurs-noir-gris","39":"pa_couleurs-noir-jaune","40":"pa_couleurs-noir-marron","41":"pa_couleurs-noir-orange","42":"pa_couleurs-noir-rose","43":"pa_couleurs-noir-rouge","44":"pa_couleurs-noir-vert","45":"pa_couleurs-noir-violet","46":"pa_couleurs-orange","47":"pa_couleurs-rouge","48":"pa_couleurs-rouge-blanc","49":"pa_couleurs-violet","50":"pa_couleurs-violet-blanc","51":"pa_green-points-2239","52":"pa_matiere-plastique-pp-recycle-plastique-pp","53":"pa_pays-d-origine-angleterre","55":"first","56":"instock","57":"shipping-taxable","58":"purchasable","59":"product-type-variable"},"yoast_head":"<!-- This site is optimized with the Yoast SEO plugin v27.4 - https:\/\/yoast.com\/product\/yoast-seo-wordpress\/ -->\n<title>Gobelet recycl\u00e9 isolant de 350ml Americano\u00ae Eco - PERLE IN<\/title>\n<meta name=\"robots\" content=\"noindex, follow, max-snippet:-1, max-image-preview:large, max-video-preview:-1\" \/>\n<meta property=\"og:locale\" content=\"en_US\" \/>\n<meta property=\"og:type\" content=\"article\" \/>\n<meta property=\"og:title\" content=\"Gobelet recycl\u00e9 isolant de 350ml Americano\u00ae Eco - PERLE IN\" \/>\n<meta property=\"og:description\" content=\"Gobelet isotherme \u00e0 double paroi avec couvercle \u00e0 visser. Le gobelet est fabriqu\u00e9 en plastique recycl\u00e9 \u00e0 75% au total, avec un corps reycl\u00e9 et un couvercle standard. En raison de la nature du mat\u00e9riau recycl\u00e9, de petites marques ou des teintes de couleur peuvent exister. Capacit\u00e9 de 350 ml. Fabriqu\u00e9 au Royaume-Uni. Emball\u00e9 dans un sac en plastique PE recycl\u00e9. Sans BPA.\" \/>\n<meta property=\"og:url\" content=\"https:\/\/perle-in.com\/en\/product\/gobelet-recycle-isolant-de-350ml-americano-eco\/\" \/>\n<meta property=\"og:site_name\" content=\"PERLE IN\" \/>\n<meta property=\"article:modified_time\" content=\"2025-10-14T05:04:03+00:00\" \/>\n<meta property=\"og:image\" content=\"https:\/\/perle-in.com\/wp-content\/uploads\/2025\/10\/21042200-1.jpg\" \/>\n\t<meta property=\"og:image:width\" content=\"1600\" \/>\n\t<meta property=\"og:image:height\" content=\"1600\" \/>\n\t<meta property=\"og:image:type\" content=\"image\/jpeg\" \/>\n<meta name=\"twitter:card\" content=\"summary_large_image\" \/>\n<script type=\"application\/ld+json\" class=\"yoast-schema-graph\">{\"@context\":\"https:\\\/\\\/schema.org\",\"@graph\":[{\"@type\":\"WebPage\",\"@id\":\"https:\\\/\\\/perle-in.com\\\/produit\\\/gobelet-recycle-isolant-de-350ml-americano-eco\\\/\",\"url\":\"https:\\\/\\\/perle-in.com\\\/produit\\\/gobelet-recycle-isolant-de-350ml-americano-eco\\\/\",\"name\":\"Gobelet recycl\u00e9 isolant de 350ml Americano\u00ae Eco - PERLE IN\",\"isPartOf\":{\"@id\":\"https:\\\/\\\/perle-in.com\\\/#website\"},\"primaryImageOfPage\":{\"@id\":\"https:\\\/\\\/perle-in.com\\\/produit\\\/gobelet-recycle-isolant-de-350ml-americano-eco\\\/#primaryimage\"},\"image\":{\"@id\":\"https:\\\/\\\/perle-in.com\\\/produit\\\/gobelet-recycle-isolant-de-350ml-americano-eco\\\/#primaryimage\"},\"thumbnailUrl\":\"https:\\\/\\\/perle-in.com\\\/wp-content\\\/uploads\\\/2025\\\/10\\\/21042200-1.jpg\",\"datePublished\":\"2025-10-14T05:03:08+00:00\",\"dateModified\":\"2025-10-14T05:04:03+00:00\",\"breadcrumb\":{\"@id\":\"https:\\\/\\\/perle-in.com\\\/produit\\\/gobelet-recycle-isolant-de-350ml-americano-eco\\\/#breadcrumb\"},\"inLanguage\":\"en-CA\",\"potentialAction\":[{\"@type\":\"ReadAction\",\"target\":[\"https:\\\/\\\/perle-in.com\\\/produit\\\/gobelet-recycle-isolant-de-350ml-americano-eco\\\/\"]}]},{\"@type\":\"ImageObject\",\"inLanguage\":\"en-CA\",\"@id\":\"https:\\\/\\\/perle-in.com\\\/produit\\\/gobelet-recycle-isolant-de-350ml-americano-eco\\\/#primaryimage\",\"url\":\"https:\\\/\\\/perle-in.com\\\/wp-content\\\/uploads\\\/2025\\\/10\\\/21042200-1.jpg\",\"contentUrl\":\"https:\\\/\\\/perle-in.com\\\/wp-content\\\/uploads\\\/2025\\\/10\\\/21042200-1.jpg\",\"width\":1600,\"height\":1600},{\"@type\":\"BreadcrumbList\",\"@id\":\"https:\\\/\\\/perle-in.com\\\/produit\\\/gobelet-recycle-isolant-de-350ml-americano-eco\\\/#breadcrumb\",\"itemListElement\":[{\"@type\":\"ListItem\",\"position\":1,\"name\":\"Accueil\",\"item\":\"https:\\\/\\\/perle-in.com\\\/\"},{\"@type\":\"ListItem\",\"position\":2,\"name\":\"Boutique\",\"item\":\"https:\\\/\\\/perle-in.com\\\/boutique\\\/\"},{\"@type\":\"ListItem\",\"position\":3,\"name\":\"Gobelet recycl\u00e9 isolant de 350ml Americano\u00ae Eco\"}]},{\"@type\":\"WebSite\",\"@id\":\"https:\\\/\\\/perle-in.com\\\/#website\",\"url\":\"https:\\\/\\\/perle-in.com\\\/\",\"name\":\"PERLE IN\",\"description\":\"\",\"publisher\":{\"@id\":\"https:\\\/\\\/perle-in.com\\\/#organization\"},\"potentialAction\":[{\"@type\":\"SearchAction\",\"target\":{\"@type\":\"EntryPoint\",\"urlTemplate\":\"https:\\\/\\\/perle-in.com\\\/?s={search_term_string}\"},\"query-input\":{\"@type\":\"PropertyValueSpecification\",\"valueRequired\":true,\"valueName\":\"search_term_string\"}}],\"inLanguage\":\"en-CA\"},{\"@type\":\"Organization\",\"@id\":\"https:\\\/\\\/perle-in.com\\\/#organization\",\"name\":\"PERLE IN\",\"url\":\"https:\\\/\\\/perle-in.com\\\/\",\"logo\":{\"@type\":\"ImageObject\",\"inLanguage\":\"en-CA\",\"@id\":\"https:\\\/\\\/perle-in.com\\\/#\\\/schema\\\/logo\\\/image\\\/\",\"url\":\"https:\\\/\\\/perle-in.com\\\/wp-content\\\/uploads\\\/2022\\\/12\\\/LOGO-PERLE-IN-COULEUR@3x.webp\",\"contentUrl\":\"https:\\\/\\\/perle-in.com\\\/wp-content\\\/uploads\\\/2022\\\/12\\\/LOGO-PERLE-IN-COULEUR@3x.webp\",\"width\":1600,\"height\":490,\"caption\":\"PERLE IN\"},\"image\":{\"@id\":\"https:\\\/\\\/perle-in.com\\\/#\\\/schema\\\/logo\\\/image\\\/\"}}]}<\/script>\n<!-- \/ Yoast SEO plugin. -->","yoast_head_json":{"title":"Gobelet recycl\u00e9 isolant de 350ml Americano\u00ae Eco - PERLE IN","robots":{"index":"noindex","follow":"follow","max-snippet":"max-snippet:-1","max-image-preview":"max-image-preview:large","max-video-preview":"max-video-preview:-1"},"og_locale":"en_US","og_type":"article","og_title":"Gobelet recycl\u00e9 isolant de 350ml Americano\u00ae Eco - PERLE IN","og_description":"Gobelet isotherme \u00e0 double paroi avec couvercle \u00e0 visser. Le gobelet est fabriqu\u00e9 en plastique recycl\u00e9 \u00e0 75% au total, avec un corps reycl\u00e9 et un couvercle standard. En raison de la nature du mat\u00e9riau recycl\u00e9, de petites marques ou des teintes de couleur peuvent exister. Capacit\u00e9 de 350 ml. Fabriqu\u00e9 au Royaume-Uni. Emball\u00e9 dans un sac en plastique PE recycl\u00e9. Sans BPA.","og_url":"https:\/\/perle-in.com\/en\/product\/gobelet-recycle-isolant-de-350ml-americano-eco\/","og_site_name":"PERLE IN","article_modified_time":"2025-10-14T05:04:03+00:00","og_image":[{"width":1600,"height":1600,"url":"https:\/\/perle-in.com\/wp-content\/uploads\/2025\/10\/21042200-1.jpg","type":"image\/jpeg"}],"twitter_card":"summary_large_image","schema":{"@context":"https:\/\/schema.org","@graph":[{"@type":"WebPage","@id":"https:\/\/perle-in.com\/produit\/gobelet-recycle-isolant-de-350ml-americano-eco\/","url":"https:\/\/perle-in.com\/produit\/gobelet-recycle-isolant-de-350ml-americano-eco\/","name":"Gobelet recycl\u00e9 isolant de 350ml Americano\u00ae Eco - PERLE IN","isPartOf":{"@id":"https:\/\/perle-in.com\/#website"},"primaryImageOfPage":{"@id":"https:\/\/perle-in.com\/produit\/gobelet-recycle-isolant-de-350ml-americano-eco\/#primaryimage"},"image":{"@id":"https:\/\/perle-in.com\/produit\/gobelet-recycle-isolant-de-350ml-americano-eco\/#primaryimage"},"thumbnailUrl":"https:\/\/perle-in.com\/wp-content\/uploads\/2025\/10\/21042200-1.jpg","datePublished":"2025-10-14T05:03:08+00:00","dateModified":"2025-10-14T05:04:03+00:00","breadcrumb":{"@id":"https:\/\/perle-in.com\/produit\/gobelet-recycle-isolant-de-350ml-americano-eco\/#breadcrumb"},"inLanguage":"en-CA","potentialAction":[{"@type":"ReadAction","target":["https:\/\/perle-in.com\/produit\/gobelet-recycle-isolant-de-350ml-americano-eco\/"]}]},{"@type":"ImageObject","inLanguage":"en-CA","@id":"https:\/\/perle-in.com\/produit\/gobelet-recycle-isolant-de-350ml-americano-eco\/#primaryimage","url":"https:\/\/perle-in.com\/wp-content\/uploads\/2025\/10\/21042200-1.jpg","contentUrl":"https:\/\/perle-in.com\/wp-content\/uploads\/2025\/10\/21042200-1.jpg","width":1600,"height":1600},{"@type":"BreadcrumbList","@id":"https:\/\/perle-in.com\/produit\/gobelet-recycle-isolant-de-350ml-americano-eco\/#breadcrumb","itemListElement":[{"@type":"ListItem","position":1,"name":"Accueil","item":"https:\/\/perle-in.com\/"},{"@type":"ListItem","position":2,"name":"Boutique","item":"https:\/\/perle-in.com\/boutique\/"},{"@type":"ListItem","position":3,"name":"Gobelet recycl\u00e9 isolant de 350ml Americano\u00ae Eco"}]},{"@type":"WebSite","@id":"https:\/\/perle-in.com\/#website","url":"https:\/\/perle-in.com\/","name":"PERLE IN","description":"","publisher":{"@id":"https:\/\/perle-in.com\/#organization"},"potentialAction":[{"@type":"SearchAction","target":{"@type":"EntryPoint","urlTemplate":"https:\/\/perle-in.com\/?s={search_term_string}"},"query-input":{"@type":"PropertyValueSpecification","valueRequired":true,"valueName":"search_term_string"}}],"inLanguage":"en-CA"},{"@type":"Organization","@id":"https:\/\/perle-in.com\/#organization","name":"PERLE IN","url":"https:\/\/perle-in.com\/","logo":{"@type":"ImageObject","inLanguage":"en-CA","@id":"https:\/\/perle-in.com\/#\/schema\/logo\/image\/","url":"https:\/\/perle-in.com\/wp-content\/uploads\/2022\/12\/LOGO-PERLE-IN-COULEUR@3x.webp","contentUrl":"https:\/\/perle-in.com\/wp-content\/uploads\/2022\/12\/LOGO-PERLE-IN-COULEUR@3x.webp","width":1600,"height":490,"caption":"PERLE IN"},"image":{"@id":"https:\/\/perle-in.com\/#\/schema\/logo\/image\/"}}]}},"jetpack_sharing_enabled":true,"_links":{"self":[{"href":"https:\/\/perle-in.com\/en\/wp-json\/wp\/v2\/product\/525729","targetHints":{"allow":["GET"]}}],"collection":[{"href":"https:\/\/perle-in.com\/en\/wp-json\/wp\/v2\/product"}],"about":[{"href":"https:\/\/perle-in.com\/en\/wp-json\/wp\/v2\/types\/product"}],"version-history":[{"count":0,"href":"https:\/\/perle-in.com\/en\/wp-json\/wp\/v2\/product\/525729\/revisions"}],"wp:featuredmedia":[{"embeddable":true,"href":"https:\/\/perle-in.com\/en\/wp-json\/wp\/v2\/media\/525591"}],"wp:attachment":[{"href":"https:\/\/perle-in.com\/en\/wp-json\/wp\/v2\/media?parent=525729"}],"wp:term":[{"taxonomy":"product_brand","embeddable":true,"href":"https:\/\/perle-in.com\/en\/wp-json\/wp\/v2\/product_brand?post=525729"},{"taxonomy":"product_cat","embeddable":true,"href":"https:\/\/perle-in.com\/en\/wp-json\/wp\/v2\/product_cat?post=525729"},{"taxonomy":"product_tag","embeddable":true,"href":"https:\/\/perle-in.com\/en\/wp-json\/wp\/v2\/product_tag?post=525729"}],"curies":[{"name":"wp","href":"https:\/\/api.w.org\/{rel}","templated":true}]}}