{"id":525216,"date":"2025-10-14T06:48:59","date_gmt":"2025-10-14T04:48:59","guid":{"rendered":"https:\/\/perle-in.com\/produit\/mug-isolant-americano-grande-350ml-avec-couvercle-anti-fuites\/"},"modified":"2025-10-14T06:49:12","modified_gmt":"2025-10-14T04:49:12","slug":"mug-isolant-americano-grande-350ml-avec-couvercle-anti-fuites","status":"publish","type":"product","link":"https:\/\/perle-in.com\/en\/product\/mug-isolant-americano-grande-350ml-avec-couvercle-anti-fuites\/","title":{"rendered":"Mug isolant Americano\u00ae Grande 350ml avec couvercle anti fuites"},"content":{"rendered":"","protected":false},"excerpt":{"rendered":"<p>Mug isotherme \u00e0 double paroi avec couvercle anti fuites \u00e0 visser. Le couvercle permet d&#8217;\u00e9viter les fuites et se fixe sans silicone. Vous pouvez m\u00e9langer et assortir les couleurs pour cr\u00e9er le mug parfait. Fabriqu\u00e9 au Royaume-Uni. Livr\u00e9 dans une bo\u00eete cadeau blanche. Emball\u00e9 dans un sac en plastique PE recycl\u00e9. Sans BPA. Conforme \u00e0 la norme EN12875-1. Peut aller au lave-vaisselle et au micro-ondes.<\/p>","protected":false},"featured_media":525194,"template":"","meta":{"_eb_attr":""},"product_brand":[],"product_cat":[173,1209],"product_tag":[2244,1374,308,196,2646,190,230,197,291],"class_list":{"0":"post-525216","1":"product","2":"type-product","3":"status-publish","4":"has-post-thumbnail","6":"product_cat-drinkware","7":"product_cat-mugs-pour-voyager","8":"product_tag-drinkware","9":"product_tag-etanche","10":"product_tag-gobelet","11":"product_tag-isolant","12":"product_tag-isolation","13":"product_tag-mug","14":"product_tag-tasse","15":"product_tag-thermos","16":"product_tag-voyage","17":"pa_couleurs-blanc","18":"pa_couleurs-blanc-bleu","19":"pa_couleurs-blanc-noir","20":"pa_couleurs-blanc-rouge","21":"pa_couleurs-blanc-violet","22":"pa_couleurs-bleu-blanc","23":"pa_couleurs-bleu-noir","24":"pa_couleurs-bleu-aqua-blanc","25":"pa_couleurs-gris","26":"pa_couleurs-gris-blanc","27":"pa_couleurs-noir-blanc","28":"pa_couleurs-noir-noir","29":"pa_couleurs-noir-rouge","30":"pa_couleurs-orange-noir","31":"pa_couleurs-vert-eau","32":"pa_green-points-2036","33":"pa_pays-d-origine-angleterre","35":"first","36":"instock","37":"shipping-taxable","38":"purchasable","39":"product-type-variable"},"yoast_head":"<!-- This site is optimized with the Yoast SEO plugin v27.4 - https:\/\/yoast.com\/product\/yoast-seo-wordpress\/ -->\n<title>Mug isolant Americano\u00ae Grande 350ml avec couvercle anti fuites - PERLE IN<\/title>\n<meta name=\"robots\" content=\"noindex, follow, max-snippet:-1, max-image-preview:large, max-video-preview:-1\" \/>\n<meta property=\"og:locale\" content=\"en_US\" \/>\n<meta property=\"og:type\" content=\"article\" \/>\n<meta property=\"og:title\" content=\"Mug isolant Americano\u00ae Grande 350ml avec couvercle anti fuites - PERLE IN\" \/>\n<meta property=\"og:description\" content=\"Mug isotherme \u00e0 double paroi avec couvercle anti fuites \u00e0 visser. Le couvercle permet d&#039;\u00e9viter les fuites et se fixe sans silicone. Vous pouvez m\u00e9langer et assortir les couleurs pour cr\u00e9er le mug parfait. Fabriqu\u00e9 au Royaume-Uni. Livr\u00e9 dans une bo\u00eete cadeau blanche. Emball\u00e9 dans un sac en plastique PE recycl\u00e9. Sans BPA. Conforme \u00e0 la norme EN12875-1. Peut aller au lave-vaisselle et au micro-ondes.\" \/>\n<meta property=\"og:url\" content=\"https:\/\/perle-in.com\/en\/product\/mug-isolant-americano-grande-350ml-avec-couvercle-anti-fuites\/\" \/>\n<meta property=\"og:site_name\" content=\"PERLE IN\" \/>\n<meta property=\"article:modified_time\" content=\"2025-10-14T04:49:12+00:00\" \/>\n<meta property=\"og:image\" content=\"https:\/\/perle-in.com\/wp-content\/uploads\/2025\/10\/21042100-1.jpg\" \/>\n\t<meta property=\"og:image:width\" content=\"1600\" \/>\n\t<meta property=\"og:image:height\" content=\"1600\" \/>\n\t<meta property=\"og:image:type\" content=\"image\/jpeg\" \/>\n<meta name=\"twitter:card\" content=\"summary_large_image\" \/>\n<script type=\"application\/ld+json\" class=\"yoast-schema-graph\">{\"@context\":\"https:\\\/\\\/schema.org\",\"@graph\":[{\"@type\":\"WebPage\",\"@id\":\"https:\\\/\\\/perle-in.com\\\/produit\\\/mug-isolant-americano-grande-350ml-avec-couvercle-anti-fuites\\\/\",\"url\":\"https:\\\/\\\/perle-in.com\\\/produit\\\/mug-isolant-americano-grande-350ml-avec-couvercle-anti-fuites\\\/\",\"name\":\"Mug isolant Americano\u00ae Grande 350ml avec couvercle anti fuites - PERLE IN\",\"isPartOf\":{\"@id\":\"https:\\\/\\\/perle-in.com\\\/#website\"},\"primaryImageOfPage\":{\"@id\":\"https:\\\/\\\/perle-in.com\\\/produit\\\/mug-isolant-americano-grande-350ml-avec-couvercle-anti-fuites\\\/#primaryimage\"},\"image\":{\"@id\":\"https:\\\/\\\/perle-in.com\\\/produit\\\/mug-isolant-americano-grande-350ml-avec-couvercle-anti-fuites\\\/#primaryimage\"},\"thumbnailUrl\":\"https:\\\/\\\/perle-in.com\\\/wp-content\\\/uploads\\\/2025\\\/10\\\/21042100-1.jpg\",\"datePublished\":\"2025-10-14T04:48:59+00:00\",\"dateModified\":\"2025-10-14T04:49:12+00:00\",\"breadcrumb\":{\"@id\":\"https:\\\/\\\/perle-in.com\\\/produit\\\/mug-isolant-americano-grande-350ml-avec-couvercle-anti-fuites\\\/#breadcrumb\"},\"inLanguage\":\"en-CA\",\"potentialAction\":[{\"@type\":\"ReadAction\",\"target\":[\"https:\\\/\\\/perle-in.com\\\/produit\\\/mug-isolant-americano-grande-350ml-avec-couvercle-anti-fuites\\\/\"]}]},{\"@type\":\"ImageObject\",\"inLanguage\":\"en-CA\",\"@id\":\"https:\\\/\\\/perle-in.com\\\/produit\\\/mug-isolant-americano-grande-350ml-avec-couvercle-anti-fuites\\\/#primaryimage\",\"url\":\"https:\\\/\\\/perle-in.com\\\/wp-content\\\/uploads\\\/2025\\\/10\\\/21042100-1.jpg\",\"contentUrl\":\"https:\\\/\\\/perle-in.com\\\/wp-content\\\/uploads\\\/2025\\\/10\\\/21042100-1.jpg\",\"width\":1600,\"height\":1600},{\"@type\":\"BreadcrumbList\",\"@id\":\"https:\\\/\\\/perle-in.com\\\/produit\\\/mug-isolant-americano-grande-350ml-avec-couvercle-anti-fuites\\\/#breadcrumb\",\"itemListElement\":[{\"@type\":\"ListItem\",\"position\":1,\"name\":\"Accueil\",\"item\":\"https:\\\/\\\/perle-in.com\\\/\"},{\"@type\":\"ListItem\",\"position\":2,\"name\":\"Boutique\",\"item\":\"https:\\\/\\\/perle-in.com\\\/boutique\\\/\"},{\"@type\":\"ListItem\",\"position\":3,\"name\":\"Mug isolant Americano\u00ae Grande 350ml avec couvercle anti fuites\"}]},{\"@type\":\"WebSite\",\"@id\":\"https:\\\/\\\/perle-in.com\\\/#website\",\"url\":\"https:\\\/\\\/perle-in.com\\\/\",\"name\":\"PERLE IN\",\"description\":\"\",\"publisher\":{\"@id\":\"https:\\\/\\\/perle-in.com\\\/#organization\"},\"potentialAction\":[{\"@type\":\"SearchAction\",\"target\":{\"@type\":\"EntryPoint\",\"urlTemplate\":\"https:\\\/\\\/perle-in.com\\\/?s={search_term_string}\"},\"query-input\":{\"@type\":\"PropertyValueSpecification\",\"valueRequired\":true,\"valueName\":\"search_term_string\"}}],\"inLanguage\":\"en-CA\"},{\"@type\":\"Organization\",\"@id\":\"https:\\\/\\\/perle-in.com\\\/#organization\",\"name\":\"PERLE IN\",\"url\":\"https:\\\/\\\/perle-in.com\\\/\",\"logo\":{\"@type\":\"ImageObject\",\"inLanguage\":\"en-CA\",\"@id\":\"https:\\\/\\\/perle-in.com\\\/#\\\/schema\\\/logo\\\/image\\\/\",\"url\":\"https:\\\/\\\/perle-in.com\\\/wp-content\\\/uploads\\\/2022\\\/12\\\/LOGO-PERLE-IN-COULEUR@3x.webp\",\"contentUrl\":\"https:\\\/\\\/perle-in.com\\\/wp-content\\\/uploads\\\/2022\\\/12\\\/LOGO-PERLE-IN-COULEUR@3x.webp\",\"width\":1600,\"height\":490,\"caption\":\"PERLE IN\"},\"image\":{\"@id\":\"https:\\\/\\\/perle-in.com\\\/#\\\/schema\\\/logo\\\/image\\\/\"}}]}<\/script>\n<!-- \/ Yoast SEO plugin. -->","yoast_head_json":{"title":"Mug isolant Americano\u00ae Grande 350ml avec couvercle anti fuites - PERLE IN","robots":{"index":"noindex","follow":"follow","max-snippet":"max-snippet:-1","max-image-preview":"max-image-preview:large","max-video-preview":"max-video-preview:-1"},"og_locale":"en_US","og_type":"article","og_title":"Mug isolant Americano\u00ae Grande 350ml avec couvercle anti fuites - PERLE IN","og_description":"Mug isotherme \u00e0 double paroi avec couvercle anti fuites \u00e0 visser. Le couvercle permet d'\u00e9viter les fuites et se fixe sans silicone. Vous pouvez m\u00e9langer et assortir les couleurs pour cr\u00e9er le mug parfait. Fabriqu\u00e9 au Royaume-Uni. Livr\u00e9 dans une bo\u00eete cadeau blanche. Emball\u00e9 dans un sac en plastique PE recycl\u00e9. Sans BPA. Conforme \u00e0 la norme EN12875-1. Peut aller au lave-vaisselle et au micro-ondes.","og_url":"https:\/\/perle-in.com\/en\/product\/mug-isolant-americano-grande-350ml-avec-couvercle-anti-fuites\/","og_site_name":"PERLE IN","article_modified_time":"2025-10-14T04:49:12+00:00","og_image":[{"width":1600,"height":1600,"url":"https:\/\/perle-in.com\/wp-content\/uploads\/2025\/10\/21042100-1.jpg","type":"image\/jpeg"}],"twitter_card":"summary_large_image","schema":{"@context":"https:\/\/schema.org","@graph":[{"@type":"WebPage","@id":"https:\/\/perle-in.com\/produit\/mug-isolant-americano-grande-350ml-avec-couvercle-anti-fuites\/","url":"https:\/\/perle-in.com\/produit\/mug-isolant-americano-grande-350ml-avec-couvercle-anti-fuites\/","name":"Mug isolant Americano\u00ae Grande 350ml avec couvercle anti fuites - PERLE IN","isPartOf":{"@id":"https:\/\/perle-in.com\/#website"},"primaryImageOfPage":{"@id":"https:\/\/perle-in.com\/produit\/mug-isolant-americano-grande-350ml-avec-couvercle-anti-fuites\/#primaryimage"},"image":{"@id":"https:\/\/perle-in.com\/produit\/mug-isolant-americano-grande-350ml-avec-couvercle-anti-fuites\/#primaryimage"},"thumbnailUrl":"https:\/\/perle-in.com\/wp-content\/uploads\/2025\/10\/21042100-1.jpg","datePublished":"2025-10-14T04:48:59+00:00","dateModified":"2025-10-14T04:49:12+00:00","breadcrumb":{"@id":"https:\/\/perle-in.com\/produit\/mug-isolant-americano-grande-350ml-avec-couvercle-anti-fuites\/#breadcrumb"},"inLanguage":"en-CA","potentialAction":[{"@type":"ReadAction","target":["https:\/\/perle-in.com\/produit\/mug-isolant-americano-grande-350ml-avec-couvercle-anti-fuites\/"]}]},{"@type":"ImageObject","inLanguage":"en-CA","@id":"https:\/\/perle-in.com\/produit\/mug-isolant-americano-grande-350ml-avec-couvercle-anti-fuites\/#primaryimage","url":"https:\/\/perle-in.com\/wp-content\/uploads\/2025\/10\/21042100-1.jpg","contentUrl":"https:\/\/perle-in.com\/wp-content\/uploads\/2025\/10\/21042100-1.jpg","width":1600,"height":1600},{"@type":"BreadcrumbList","@id":"https:\/\/perle-in.com\/produit\/mug-isolant-americano-grande-350ml-avec-couvercle-anti-fuites\/#breadcrumb","itemListElement":[{"@type":"ListItem","position":1,"name":"Accueil","item":"https:\/\/perle-in.com\/"},{"@type":"ListItem","position":2,"name":"Boutique","item":"https:\/\/perle-in.com\/boutique\/"},{"@type":"ListItem","position":3,"name":"Mug isolant Americano\u00ae Grande 350ml avec couvercle anti fuites"}]},{"@type":"WebSite","@id":"https:\/\/perle-in.com\/#website","url":"https:\/\/perle-in.com\/","name":"PERLE IN","description":"","publisher":{"@id":"https:\/\/perle-in.com\/#organization"},"potentialAction":[{"@type":"SearchAction","target":{"@type":"EntryPoint","urlTemplate":"https:\/\/perle-in.com\/?s={search_term_string}"},"query-input":{"@type":"PropertyValueSpecification","valueRequired":true,"valueName":"search_term_string"}}],"inLanguage":"en-CA"},{"@type":"Organization","@id":"https:\/\/perle-in.com\/#organization","name":"PERLE IN","url":"https:\/\/perle-in.com\/","logo":{"@type":"ImageObject","inLanguage":"en-CA","@id":"https:\/\/perle-in.com\/#\/schema\/logo\/image\/","url":"https:\/\/perle-in.com\/wp-content\/uploads\/2022\/12\/LOGO-PERLE-IN-COULEUR@3x.webp","contentUrl":"https:\/\/perle-in.com\/wp-content\/uploads\/2022\/12\/LOGO-PERLE-IN-COULEUR@3x.webp","width":1600,"height":490,"caption":"PERLE IN"},"image":{"@id":"https:\/\/perle-in.com\/#\/schema\/logo\/image\/"}}]}},"jetpack_sharing_enabled":true,"_links":{"self":[{"href":"https:\/\/perle-in.com\/en\/wp-json\/wp\/v2\/product\/525216","targetHints":{"allow":["GET"]}}],"collection":[{"href":"https:\/\/perle-in.com\/en\/wp-json\/wp\/v2\/product"}],"about":[{"href":"https:\/\/perle-in.com\/en\/wp-json\/wp\/v2\/types\/product"}],"version-history":[{"count":0,"href":"https:\/\/perle-in.com\/en\/wp-json\/wp\/v2\/product\/525216\/revisions"}],"wp:featuredmedia":[{"embeddable":true,"href":"https:\/\/perle-in.com\/en\/wp-json\/wp\/v2\/media\/525194"}],"wp:attachment":[{"href":"https:\/\/perle-in.com\/en\/wp-json\/wp\/v2\/media?parent=525216"}],"wp:term":[{"taxonomy":"product_brand","embeddable":true,"href":"https:\/\/perle-in.com\/en\/wp-json\/wp\/v2\/product_brand?post=525216"},{"taxonomy":"product_cat","embeddable":true,"href":"https:\/\/perle-in.com\/en\/wp-json\/wp\/v2\/product_cat?post=525216"},{"taxonomy":"product_tag","embeddable":true,"href":"https:\/\/perle-in.com\/en\/wp-json\/wp\/v2\/product_tag?post=525216"}],"curies":[{"name":"wp","href":"https:\/\/api.w.org\/{rel}","templated":true}]}}