{"id":524217,"date":"2025-10-14T06:29:16","date_gmt":"2025-10-14T04:29:16","guid":{"rendered":"https:\/\/perle-in.com\/produit\/bouteille-de-sport-h2o-active-eco-base-650ml-avec-couvercle-a-bascule\/"},"modified":"2025-10-14T06:31:01","modified_gmt":"2025-10-14T04:31:01","slug":"bouteille-de-sport-h2o-active-eco-base-650ml-avec-couvercle-a-bascule","status":"publish","type":"product","link":"https:\/\/perle-in.com\/en\/product\/bouteille-de-sport-h2o-active-eco-base-650ml-avec-couvercle-a-bascule\/","title":{"rendered":"Bouteille de sport H2O Active\u00ae\u00a0Eco Base 650ml avec couvercle \u00e0 bascule"},"content":{"rendered":"","protected":false},"excerpt":{"rendered":"<p>Bouteille de sport \u00e0 simple paroi avec design ergonomique. La bouteille est faite \u00e0 partir de plastique provenant de l&#8217;organisation Prevented Ocean Plastic. Le plastique est collect\u00e9 \u00e0 moins de 50 km d&#8217;un littoral oc\u00e9anique ou d&#8217;une voie navigable importante qui se jette dans l&#8217;oc\u00e9an. Il est ensuite tri\u00e9 et transform\u00e9 en plastique recycl\u00e9 de grande qualit\u00e9 et qui peut \u00eatre en contact avec la nourriture en toute s\u00e9curit\u00e9. La bouteille dispose d\u2019un couvercle anti-d\u00e9versement avec dessus \u00e0 bascule, en plusieurs couleurs. Capacit\u00e9 de 650 ml. Couleurs \u00e0 m\u00e9langer et assortir pour cr\u00e9er la bouteille parfaite. Pour plus de couleurs, contactez-nous. Fabriqu\u00e9 au Royaume-Uni. Emball\u00e9e dans un sac en plastique PE recycl\u00e9. En raison de la nature du mat\u00e9riau recycl\u00e9, il peut y avoir quelques petites marques sur le corps de la bouteille.<\/p>","protected":false},"featured_media":524062,"template":"","meta":{"_eb_attr":""},"product_brand":[],"product_cat":[202,173],"product_tag":[2078,366,2101,175,2081,274,2079,203],"class_list":{"0":"post-524217","1":"product","2":"type-product","3":"status-publish","4":"has-post-thumbnail","6":"product_cat-bouteilles-de-sport","7":"product_cat-drinkware","8":"product_tag-anti-deversement","9":"product_tag-anti-fuite","10":"product_tag-base","11":"product_tag-bouteille","12":"product_tag-couvercle-a-clapet","13":"product_tag-eau","14":"product_tag-h2o","15":"product_tag-sport","16":"pa_couleurs-bleu","17":"pa_couleurs-bleu-blanc","18":"pa_couleurs-bleu-noir","19":"pa_couleurs-bleu-royal-rouge","20":"pa_couleurs-charbon-blanc","21":"pa_couleurs-charbon-bleu-royal","22":"pa_couleurs-charbon-citron-vert","23":"pa_couleurs-charbon-jaune","24":"pa_couleurs-charbon-magenta","25":"pa_couleurs-charbon-noir","26":"pa_couleurs-charbon-orange","27":"pa_couleurs-charbon-rouge","28":"pa_couleurs-charbon-vert-eau","29":"pa_couleurs-charbon-vert-vif","30":"pa_couleurs-charbon-violet","31":"pa_couleurs-ivoire-bleu","32":"pa_couleurs-ivoire-noir","33":"pa_couleurs-ivoire-rouge","34":"pa_couleurs-orange-blanc","35":"pa_couleurs-orange-orange","36":"pa_couleurs-rouge-blanc","37":"pa_couleurs-rouge-rouge","38":"pa_couleurs-translucide-blanc","39":"pa_couleurs-translucide-bleu","40":"pa_couleurs-translucide-bleu-aqua","41":"pa_couleurs-translucide-noir","42":"pa_couleurs-translucide-rouge","43":"pa_couleurs-translucide-violet","44":"pa_couleurs-violet-blanc","45":"pa_couleurs-violet-violet","46":"pa_green-points-2239","47":"pa_matiere-plastique-pcr-plastique-pp","48":"pa_pays-d-origine-angleterre","50":"first","51":"instock","52":"shipping-taxable","53":"purchasable","54":"product-type-variable"},"yoast_head":"<!-- This site is optimized with the Yoast SEO plugin v27.4 - https:\/\/yoast.com\/product\/yoast-seo-wordpress\/ -->\n<title>Bouteille de sport H2O Active\u00ae\u00a0Eco Base 650ml avec couvercle \u00e0 bascule - PERLE IN<\/title>\n<meta name=\"robots\" content=\"noindex, follow, max-snippet:-1, max-image-preview:large, max-video-preview:-1\" \/>\n<meta property=\"og:locale\" content=\"en_US\" \/>\n<meta property=\"og:type\" content=\"article\" \/>\n<meta property=\"og:title\" content=\"Bouteille de sport H2O Active\u00ae\u00a0Eco Base 650ml avec couvercle \u00e0 bascule - PERLE IN\" \/>\n<meta property=\"og:description\" content=\"Bouteille de sport \u00e0 simple paroi avec design ergonomique. La bouteille est faite \u00e0 partir de plastique provenant de l&#039;organisation Prevented Ocean Plastic. Le plastique est collect\u00e9 \u00e0 moins de 50 km d&#039;un littoral oc\u00e9anique ou d&#039;une voie navigable importante qui se jette dans l&#039;oc\u00e9an. Il est ensuite tri\u00e9 et transform\u00e9 en plastique recycl\u00e9 de grande qualit\u00e9 et qui peut \u00eatre en contact avec la nourriture en toute s\u00e9curit\u00e9. La bouteille dispose d\u2019un couvercle anti-d\u00e9versement avec dessus \u00e0 bascule, en plusieurs couleurs. Capacit\u00e9 de 650 ml. Couleurs \u00e0 m\u00e9langer et assortir pour cr\u00e9er la bouteille parfaite. Pour plus de couleurs, contactez-nous. Fabriqu\u00e9 au Royaume-Uni. Emball\u00e9e dans un sac en plastique PE recycl\u00e9. En raison de la nature du mat\u00e9riau recycl\u00e9, il peut y avoir quelques petites marques sur le corps de la bouteille.\" \/>\n<meta property=\"og:url\" content=\"https:\/\/perle-in.com\/en\/product\/bouteille-de-sport-h2o-active-eco-base-650ml-avec-couvercle-a-bascule\/\" \/>\n<meta property=\"og:site_name\" content=\"PERLE IN\" \/>\n<meta property=\"article:modified_time\" content=\"2025-10-14T04:31:01+00:00\" \/>\n<meta property=\"og:image\" content=\"https:\/\/perle-in.com\/wp-content\/uploads\/2025\/10\/21009700-1.jpg\" \/>\n\t<meta property=\"og:image:width\" content=\"1600\" \/>\n\t<meta property=\"og:image:height\" content=\"1600\" \/>\n\t<meta property=\"og:image:type\" content=\"image\/jpeg\" \/>\n<meta name=\"twitter:card\" content=\"summary_large_image\" \/>\n<script type=\"application\/ld+json\" class=\"yoast-schema-graph\">{\"@context\":\"https:\\\/\\\/schema.org\",\"@graph\":[{\"@type\":\"WebPage\",\"@id\":\"https:\\\/\\\/perle-in.com\\\/produit\\\/bouteille-de-sport-h2o-active-eco-base-650ml-avec-couvercle-a-bascule\\\/\",\"url\":\"https:\\\/\\\/perle-in.com\\\/produit\\\/bouteille-de-sport-h2o-active-eco-base-650ml-avec-couvercle-a-bascule\\\/\",\"name\":\"Bouteille de sport H2O Active\u00ae\u00a0Eco Base 650ml avec couvercle \u00e0 bascule - PERLE IN\",\"isPartOf\":{\"@id\":\"https:\\\/\\\/perle-in.com\\\/#website\"},\"primaryImageOfPage\":{\"@id\":\"https:\\\/\\\/perle-in.com\\\/produit\\\/bouteille-de-sport-h2o-active-eco-base-650ml-avec-couvercle-a-bascule\\\/#primaryimage\"},\"image\":{\"@id\":\"https:\\\/\\\/perle-in.com\\\/produit\\\/bouteille-de-sport-h2o-active-eco-base-650ml-avec-couvercle-a-bascule\\\/#primaryimage\"},\"thumbnailUrl\":\"https:\\\/\\\/perle-in.com\\\/wp-content\\\/uploads\\\/2025\\\/10\\\/21009700-1.jpg\",\"datePublished\":\"2025-10-14T04:29:16+00:00\",\"dateModified\":\"2025-10-14T04:31:01+00:00\",\"breadcrumb\":{\"@id\":\"https:\\\/\\\/perle-in.com\\\/produit\\\/bouteille-de-sport-h2o-active-eco-base-650ml-avec-couvercle-a-bascule\\\/#breadcrumb\"},\"inLanguage\":\"en-CA\",\"potentialAction\":[{\"@type\":\"ReadAction\",\"target\":[\"https:\\\/\\\/perle-in.com\\\/produit\\\/bouteille-de-sport-h2o-active-eco-base-650ml-avec-couvercle-a-bascule\\\/\"]}]},{\"@type\":\"ImageObject\",\"inLanguage\":\"en-CA\",\"@id\":\"https:\\\/\\\/perle-in.com\\\/produit\\\/bouteille-de-sport-h2o-active-eco-base-650ml-avec-couvercle-a-bascule\\\/#primaryimage\",\"url\":\"https:\\\/\\\/perle-in.com\\\/wp-content\\\/uploads\\\/2025\\\/10\\\/21009700-1.jpg\",\"contentUrl\":\"https:\\\/\\\/perle-in.com\\\/wp-content\\\/uploads\\\/2025\\\/10\\\/21009700-1.jpg\",\"width\":1600,\"height\":1600},{\"@type\":\"BreadcrumbList\",\"@id\":\"https:\\\/\\\/perle-in.com\\\/produit\\\/bouteille-de-sport-h2o-active-eco-base-650ml-avec-couvercle-a-bascule\\\/#breadcrumb\",\"itemListElement\":[{\"@type\":\"ListItem\",\"position\":1,\"name\":\"Accueil\",\"item\":\"https:\\\/\\\/perle-in.com\\\/\"},{\"@type\":\"ListItem\",\"position\":2,\"name\":\"Boutique\",\"item\":\"https:\\\/\\\/perle-in.com\\\/boutique\\\/\"},{\"@type\":\"ListItem\",\"position\":3,\"name\":\"Bouteille de sport H2O Active\u00ae\u00a0Eco Base 650ml avec couvercle \u00e0 bascule\"}]},{\"@type\":\"WebSite\",\"@id\":\"https:\\\/\\\/perle-in.com\\\/#website\",\"url\":\"https:\\\/\\\/perle-in.com\\\/\",\"name\":\"PERLE IN\",\"description\":\"\",\"publisher\":{\"@id\":\"https:\\\/\\\/perle-in.com\\\/#organization\"},\"potentialAction\":[{\"@type\":\"SearchAction\",\"target\":{\"@type\":\"EntryPoint\",\"urlTemplate\":\"https:\\\/\\\/perle-in.com\\\/?s={search_term_string}\"},\"query-input\":{\"@type\":\"PropertyValueSpecification\",\"valueRequired\":true,\"valueName\":\"search_term_string\"}}],\"inLanguage\":\"en-CA\"},{\"@type\":\"Organization\",\"@id\":\"https:\\\/\\\/perle-in.com\\\/#organization\",\"name\":\"PERLE IN\",\"url\":\"https:\\\/\\\/perle-in.com\\\/\",\"logo\":{\"@type\":\"ImageObject\",\"inLanguage\":\"en-CA\",\"@id\":\"https:\\\/\\\/perle-in.com\\\/#\\\/schema\\\/logo\\\/image\\\/\",\"url\":\"https:\\\/\\\/perle-in.com\\\/wp-content\\\/uploads\\\/2022\\\/12\\\/LOGO-PERLE-IN-COULEUR@3x.webp\",\"contentUrl\":\"https:\\\/\\\/perle-in.com\\\/wp-content\\\/uploads\\\/2022\\\/12\\\/LOGO-PERLE-IN-COULEUR@3x.webp\",\"width\":1600,\"height\":490,\"caption\":\"PERLE IN\"},\"image\":{\"@id\":\"https:\\\/\\\/perle-in.com\\\/#\\\/schema\\\/logo\\\/image\\\/\"}}]}<\/script>\n<!-- \/ Yoast SEO plugin. -->","yoast_head_json":{"title":"Bouteille de sport H2O Active\u00ae\u00a0Eco Base 650ml avec couvercle \u00e0 bascule - PERLE IN","robots":{"index":"noindex","follow":"follow","max-snippet":"max-snippet:-1","max-image-preview":"max-image-preview:large","max-video-preview":"max-video-preview:-1"},"og_locale":"en_US","og_type":"article","og_title":"Bouteille de sport H2O Active\u00ae\u00a0Eco Base 650ml avec couvercle \u00e0 bascule - PERLE IN","og_description":"Bouteille de sport \u00e0 simple paroi avec design ergonomique. La bouteille est faite \u00e0 partir de plastique provenant de l'organisation Prevented Ocean Plastic. Le plastique est collect\u00e9 \u00e0 moins de 50 km d'un littoral oc\u00e9anique ou d'une voie navigable importante qui se jette dans l'oc\u00e9an. Il est ensuite tri\u00e9 et transform\u00e9 en plastique recycl\u00e9 de grande qualit\u00e9 et qui peut \u00eatre en contact avec la nourriture en toute s\u00e9curit\u00e9. La bouteille dispose d\u2019un couvercle anti-d\u00e9versement avec dessus \u00e0 bascule, en plusieurs couleurs. Capacit\u00e9 de 650 ml. Couleurs \u00e0 m\u00e9langer et assortir pour cr\u00e9er la bouteille parfaite. Pour plus de couleurs, contactez-nous. Fabriqu\u00e9 au Royaume-Uni. Emball\u00e9e dans un sac en plastique PE recycl\u00e9. En raison de la nature du mat\u00e9riau recycl\u00e9, il peut y avoir quelques petites marques sur le corps de la bouteille.","og_url":"https:\/\/perle-in.com\/en\/product\/bouteille-de-sport-h2o-active-eco-base-650ml-avec-couvercle-a-bascule\/","og_site_name":"PERLE IN","article_modified_time":"2025-10-14T04:31:01+00:00","og_image":[{"width":1600,"height":1600,"url":"https:\/\/perle-in.com\/wp-content\/uploads\/2025\/10\/21009700-1.jpg","type":"image\/jpeg"}],"twitter_card":"summary_large_image","schema":{"@context":"https:\/\/schema.org","@graph":[{"@type":"WebPage","@id":"https:\/\/perle-in.com\/produit\/bouteille-de-sport-h2o-active-eco-base-650ml-avec-couvercle-a-bascule\/","url":"https:\/\/perle-in.com\/produit\/bouteille-de-sport-h2o-active-eco-base-650ml-avec-couvercle-a-bascule\/","name":"Bouteille de sport H2O Active\u00ae\u00a0Eco Base 650ml avec couvercle \u00e0 bascule - PERLE IN","isPartOf":{"@id":"https:\/\/perle-in.com\/#website"},"primaryImageOfPage":{"@id":"https:\/\/perle-in.com\/produit\/bouteille-de-sport-h2o-active-eco-base-650ml-avec-couvercle-a-bascule\/#primaryimage"},"image":{"@id":"https:\/\/perle-in.com\/produit\/bouteille-de-sport-h2o-active-eco-base-650ml-avec-couvercle-a-bascule\/#primaryimage"},"thumbnailUrl":"https:\/\/perle-in.com\/wp-content\/uploads\/2025\/10\/21009700-1.jpg","datePublished":"2025-10-14T04:29:16+00:00","dateModified":"2025-10-14T04:31:01+00:00","breadcrumb":{"@id":"https:\/\/perle-in.com\/produit\/bouteille-de-sport-h2o-active-eco-base-650ml-avec-couvercle-a-bascule\/#breadcrumb"},"inLanguage":"en-CA","potentialAction":[{"@type":"ReadAction","target":["https:\/\/perle-in.com\/produit\/bouteille-de-sport-h2o-active-eco-base-650ml-avec-couvercle-a-bascule\/"]}]},{"@type":"ImageObject","inLanguage":"en-CA","@id":"https:\/\/perle-in.com\/produit\/bouteille-de-sport-h2o-active-eco-base-650ml-avec-couvercle-a-bascule\/#primaryimage","url":"https:\/\/perle-in.com\/wp-content\/uploads\/2025\/10\/21009700-1.jpg","contentUrl":"https:\/\/perle-in.com\/wp-content\/uploads\/2025\/10\/21009700-1.jpg","width":1600,"height":1600},{"@type":"BreadcrumbList","@id":"https:\/\/perle-in.com\/produit\/bouteille-de-sport-h2o-active-eco-base-650ml-avec-couvercle-a-bascule\/#breadcrumb","itemListElement":[{"@type":"ListItem","position":1,"name":"Accueil","item":"https:\/\/perle-in.com\/"},{"@type":"ListItem","position":2,"name":"Boutique","item":"https:\/\/perle-in.com\/boutique\/"},{"@type":"ListItem","position":3,"name":"Bouteille de sport H2O Active\u00ae\u00a0Eco Base 650ml avec couvercle \u00e0 bascule"}]},{"@type":"WebSite","@id":"https:\/\/perle-in.com\/#website","url":"https:\/\/perle-in.com\/","name":"PERLE IN","description":"","publisher":{"@id":"https:\/\/perle-in.com\/#organization"},"potentialAction":[{"@type":"SearchAction","target":{"@type":"EntryPoint","urlTemplate":"https:\/\/perle-in.com\/?s={search_term_string}"},"query-input":{"@type":"PropertyValueSpecification","valueRequired":true,"valueName":"search_term_string"}}],"inLanguage":"en-CA"},{"@type":"Organization","@id":"https:\/\/perle-in.com\/#organization","name":"PERLE IN","url":"https:\/\/perle-in.com\/","logo":{"@type":"ImageObject","inLanguage":"en-CA","@id":"https:\/\/perle-in.com\/#\/schema\/logo\/image\/","url":"https:\/\/perle-in.com\/wp-content\/uploads\/2022\/12\/LOGO-PERLE-IN-COULEUR@3x.webp","contentUrl":"https:\/\/perle-in.com\/wp-content\/uploads\/2022\/12\/LOGO-PERLE-IN-COULEUR@3x.webp","width":1600,"height":490,"caption":"PERLE IN"},"image":{"@id":"https:\/\/perle-in.com\/#\/schema\/logo\/image\/"}}]}},"jetpack_sharing_enabled":true,"_links":{"self":[{"href":"https:\/\/perle-in.com\/en\/wp-json\/wp\/v2\/product\/524217","targetHints":{"allow":["GET"]}}],"collection":[{"href":"https:\/\/perle-in.com\/en\/wp-json\/wp\/v2\/product"}],"about":[{"href":"https:\/\/perle-in.com\/en\/wp-json\/wp\/v2\/types\/product"}],"version-history":[{"count":0,"href":"https:\/\/perle-in.com\/en\/wp-json\/wp\/v2\/product\/524217\/revisions"}],"wp:featuredmedia":[{"embeddable":true,"href":"https:\/\/perle-in.com\/en\/wp-json\/wp\/v2\/media\/524062"}],"wp:attachment":[{"href":"https:\/\/perle-in.com\/en\/wp-json\/wp\/v2\/media?parent=524217"}],"wp:term":[{"taxonomy":"product_brand","embeddable":true,"href":"https:\/\/perle-in.com\/en\/wp-json\/wp\/v2\/product_brand?post=524217"},{"taxonomy":"product_cat","embeddable":true,"href":"https:\/\/perle-in.com\/en\/wp-json\/wp\/v2\/product_cat?post=524217"},{"taxonomy":"product_tag","embeddable":true,"href":"https:\/\/perle-in.com\/en\/wp-json\/wp\/v2\/product_tag?post=524217"}],"curies":[{"name":"wp","href":"https:\/\/api.w.org\/{rel}","templated":true}]}}