{"id":521073,"date":"2025-10-14T05:28:51","date_gmt":"2025-10-14T03:28:51","guid":{"rendered":"https:\/\/perle-in.com\/produit\/bodywarmer-duvet-leger-femme-fairview\/"},"modified":"2025-10-14T05:29:14","modified_gmt":"2025-10-14T03:29:14","slug":"bodywarmer-duvet-leger-femme-fairview","status":"publish","type":"product","link":"https:\/\/perle-in.com\/en\/product\/bodywarmer-duvet-leger-femme-fairview\/","title":{"rendered":"Bodywarmer duvet l\u00e9ger femme Fairview"},"content":{"rendered":"","protected":false},"excerpt":{"rendered":"<p>Le bodywarmer l\u00e9ger en duvet Fairview pour femme &#8211; une fonctionnalit\u00e9 parfaite pour rehausser votre tenue de plein air. Ce bodywarmer est dot\u00e9 d&#8217;un \u00e9lastique sur le bas, offrant un ajustement confortable et l\u00e9g\u00e8rement serr\u00e9 qui ajoute une protection contre les vents froids. Le tissu ext\u00e9rieur est en nylon dull cire 20D tiss\u00e9 avec une finition d\u00e9perlante, garantissant une durabilit\u00e9 exceptionnelle et une bonne protection contre les \u00e9l\u00e9ments. Le mat\u00e9riau l\u00e9ger permet de se d\u00e9placer facilement et de porter le v\u00eatement sans effort tout au long de la journ\u00e9e. Le tissu press\u00e9 imperm\u00e9able au duvet emp\u00eache le duvet et les plumes de s&#8217;\u00e9chapper, ce qui garantit une chaleur durable et un niveau de durabilit\u00e9 suppl\u00e9mentaire. L&#8217;isolation en duvet est certifi\u00e9e RDS (Responsible Down Standard) et se compose de duvet et de plumes, offrant une chaleur l\u00e9g\u00e8re sans compromettre les normes \u00e9thiques. Un compagnon fiable pour toutes les aventures en plein air. Ce bodywarmer est con\u00e7u avec une forme ajust\u00e9e pour un look f\u00e9minin.<\/p>","protected":false},"featured_media":521005,"template":"","meta":{"_eb_attr":""},"product_brand":[],"product_cat":[1250,1024],"product_tag":[2573,2574,2572,1960,2445],"class_list":{"0":"post-521073","1":"product","2":"type-product","3":"status-publish","4":"has-post-thumbnail","6":"product_cat-bodywarmers","7":"product_cat-vetements","8":"product_tag-bodywarmer","9":"product_tag-bodywarmers","10":"product_tag-fairview-bodywarmer","11":"product_tag-gilet","12":"product_tag-gilets","13":"pa_couleurs-marine","14":"pa_couleurs-noir","15":"pa_genre-female","16":"pa_marque-elevate-life","17":"pa_matiere-tisse-dull-cire-20d-avec-une-finition-hydrofuge-nylon-37-g-m2-padding-filling-down-insu","18":"pa_taille-2xl","19":"pa_taille-l","20":"pa_taille-m","21":"pa_taille-s","22":"pa_taille-xl","23":"pa_taille-xs","25":"first","26":"instock","27":"shipping-taxable","28":"purchasable","29":"product-type-variable"},"yoast_head":"<!-- This site is optimized with the Yoast SEO plugin v27.4 - https:\/\/yoast.com\/product\/yoast-seo-wordpress\/ -->\n<title>Bodywarmer duvet l\u00e9ger femme Fairview - PERLE IN<\/title>\n<meta name=\"robots\" content=\"noindex, follow, max-snippet:-1, max-image-preview:large, max-video-preview:-1\" \/>\n<meta property=\"og:locale\" content=\"en_US\" \/>\n<meta property=\"og:type\" content=\"article\" \/>\n<meta property=\"og:title\" content=\"Bodywarmer duvet l\u00e9ger femme Fairview - PERLE IN\" \/>\n<meta property=\"og:description\" content=\"Le bodywarmer l\u00e9ger en duvet Fairview pour femme - une fonctionnalit\u00e9 parfaite pour rehausser votre tenue de plein air. Ce bodywarmer est dot\u00e9 d&#039;un \u00e9lastique sur le bas, offrant un ajustement confortable et l\u00e9g\u00e8rement serr\u00e9 qui ajoute une protection contre les vents froids. Le tissu ext\u00e9rieur est en nylon dull cire 20D tiss\u00e9 avec une finition d\u00e9perlante, garantissant une durabilit\u00e9 exceptionnelle et une bonne protection contre les \u00e9l\u00e9ments. Le mat\u00e9riau l\u00e9ger permet de se d\u00e9placer facilement et de porter le v\u00eatement sans effort tout au long de la journ\u00e9e. Le tissu press\u00e9 imperm\u00e9able au duvet emp\u00eache le duvet et les plumes de s&#039;\u00e9chapper, ce qui garantit une chaleur durable et un niveau de durabilit\u00e9 suppl\u00e9mentaire. L&#039;isolation en duvet est certifi\u00e9e RDS (Responsible Down Standard) et se compose de duvet et de plumes, offrant une chaleur l\u00e9g\u00e8re sans compromettre les normes \u00e9thiques. Un compagnon fiable pour toutes les aventures en plein air. Ce bodywarmer est con\u00e7u avec une forme ajust\u00e9e pour un look f\u00e9minin.\" \/>\n<meta property=\"og:url\" content=\"https:\/\/perle-in.com\/en\/product\/bodywarmer-duvet-leger-femme-fairview\/\" \/>\n<meta property=\"og:site_name\" content=\"PERLE IN\" \/>\n<meta property=\"article:modified_time\" content=\"2025-10-14T03:29:14+00:00\" \/>\n<meta property=\"og:image\" content=\"https:\/\/perle-in.com\/wp-content\/uploads\/2025\/10\/3942149-1.jpg\" \/>\n\t<meta property=\"og:image:width\" content=\"1600\" \/>\n\t<meta property=\"og:image:height\" content=\"1600\" \/>\n\t<meta property=\"og:image:type\" content=\"image\/jpeg\" \/>\n<meta name=\"twitter:card\" content=\"summary_large_image\" \/>\n<script type=\"application\/ld+json\" class=\"yoast-schema-graph\">{\"@context\":\"https:\\\/\\\/schema.org\",\"@graph\":[{\"@type\":\"WebPage\",\"@id\":\"https:\\\/\\\/perle-in.com\\\/produit\\\/bodywarmer-duvet-leger-femme-fairview\\\/\",\"url\":\"https:\\\/\\\/perle-in.com\\\/produit\\\/bodywarmer-duvet-leger-femme-fairview\\\/\",\"name\":\"Bodywarmer duvet l\u00e9ger femme Fairview - PERLE IN\",\"isPartOf\":{\"@id\":\"https:\\\/\\\/perle-in.com\\\/#website\"},\"primaryImageOfPage\":{\"@id\":\"https:\\\/\\\/perle-in.com\\\/produit\\\/bodywarmer-duvet-leger-femme-fairview\\\/#primaryimage\"},\"image\":{\"@id\":\"https:\\\/\\\/perle-in.com\\\/produit\\\/bodywarmer-duvet-leger-femme-fairview\\\/#primaryimage\"},\"thumbnailUrl\":\"https:\\\/\\\/perle-in.com\\\/wp-content\\\/uploads\\\/2025\\\/10\\\/3942149-1.jpg\",\"datePublished\":\"2025-10-14T03:28:51+00:00\",\"dateModified\":\"2025-10-14T03:29:14+00:00\",\"breadcrumb\":{\"@id\":\"https:\\\/\\\/perle-in.com\\\/produit\\\/bodywarmer-duvet-leger-femme-fairview\\\/#breadcrumb\"},\"inLanguage\":\"en-CA\",\"potentialAction\":[{\"@type\":\"ReadAction\",\"target\":[\"https:\\\/\\\/perle-in.com\\\/produit\\\/bodywarmer-duvet-leger-femme-fairview\\\/\"]}]},{\"@type\":\"ImageObject\",\"inLanguage\":\"en-CA\",\"@id\":\"https:\\\/\\\/perle-in.com\\\/produit\\\/bodywarmer-duvet-leger-femme-fairview\\\/#primaryimage\",\"url\":\"https:\\\/\\\/perle-in.com\\\/wp-content\\\/uploads\\\/2025\\\/10\\\/3942149-1.jpg\",\"contentUrl\":\"https:\\\/\\\/perle-in.com\\\/wp-content\\\/uploads\\\/2025\\\/10\\\/3942149-1.jpg\",\"width\":1600,\"height\":1600},{\"@type\":\"BreadcrumbList\",\"@id\":\"https:\\\/\\\/perle-in.com\\\/produit\\\/bodywarmer-duvet-leger-femme-fairview\\\/#breadcrumb\",\"itemListElement\":[{\"@type\":\"ListItem\",\"position\":1,\"name\":\"Accueil\",\"item\":\"https:\\\/\\\/perle-in.com\\\/\"},{\"@type\":\"ListItem\",\"position\":2,\"name\":\"Boutique\",\"item\":\"https:\\\/\\\/perle-in.com\\\/boutique\\\/\"},{\"@type\":\"ListItem\",\"position\":3,\"name\":\"Bodywarmer duvet l\u00e9ger femme Fairview\"}]},{\"@type\":\"WebSite\",\"@id\":\"https:\\\/\\\/perle-in.com\\\/#website\",\"url\":\"https:\\\/\\\/perle-in.com\\\/\",\"name\":\"PERLE IN\",\"description\":\"\",\"publisher\":{\"@id\":\"https:\\\/\\\/perle-in.com\\\/#organization\"},\"potentialAction\":[{\"@type\":\"SearchAction\",\"target\":{\"@type\":\"EntryPoint\",\"urlTemplate\":\"https:\\\/\\\/perle-in.com\\\/?s={search_term_string}\"},\"query-input\":{\"@type\":\"PropertyValueSpecification\",\"valueRequired\":true,\"valueName\":\"search_term_string\"}}],\"inLanguage\":\"en-CA\"},{\"@type\":\"Organization\",\"@id\":\"https:\\\/\\\/perle-in.com\\\/#organization\",\"name\":\"PERLE IN\",\"url\":\"https:\\\/\\\/perle-in.com\\\/\",\"logo\":{\"@type\":\"ImageObject\",\"inLanguage\":\"en-CA\",\"@id\":\"https:\\\/\\\/perle-in.com\\\/#\\\/schema\\\/logo\\\/image\\\/\",\"url\":\"https:\\\/\\\/perle-in.com\\\/wp-content\\\/uploads\\\/2022\\\/12\\\/LOGO-PERLE-IN-COULEUR@3x.webp\",\"contentUrl\":\"https:\\\/\\\/perle-in.com\\\/wp-content\\\/uploads\\\/2022\\\/12\\\/LOGO-PERLE-IN-COULEUR@3x.webp\",\"width\":1600,\"height\":490,\"caption\":\"PERLE IN\"},\"image\":{\"@id\":\"https:\\\/\\\/perle-in.com\\\/#\\\/schema\\\/logo\\\/image\\\/\"}}]}<\/script>\n<!-- \/ Yoast SEO plugin. -->","yoast_head_json":{"title":"Bodywarmer duvet l\u00e9ger femme Fairview - PERLE IN","robots":{"index":"noindex","follow":"follow","max-snippet":"max-snippet:-1","max-image-preview":"max-image-preview:large","max-video-preview":"max-video-preview:-1"},"og_locale":"en_US","og_type":"article","og_title":"Bodywarmer duvet l\u00e9ger femme Fairview - PERLE IN","og_description":"Le bodywarmer l\u00e9ger en duvet Fairview pour femme - une fonctionnalit\u00e9 parfaite pour rehausser votre tenue de plein air. Ce bodywarmer est dot\u00e9 d'un \u00e9lastique sur le bas, offrant un ajustement confortable et l\u00e9g\u00e8rement serr\u00e9 qui ajoute une protection contre les vents froids. Le tissu ext\u00e9rieur est en nylon dull cire 20D tiss\u00e9 avec une finition d\u00e9perlante, garantissant une durabilit\u00e9 exceptionnelle et une bonne protection contre les \u00e9l\u00e9ments. Le mat\u00e9riau l\u00e9ger permet de se d\u00e9placer facilement et de porter le v\u00eatement sans effort tout au long de la journ\u00e9e. Le tissu press\u00e9 imperm\u00e9able au duvet emp\u00eache le duvet et les plumes de s'\u00e9chapper, ce qui garantit une chaleur durable et un niveau de durabilit\u00e9 suppl\u00e9mentaire. L'isolation en duvet est certifi\u00e9e RDS (Responsible Down Standard) et se compose de duvet et de plumes, offrant une chaleur l\u00e9g\u00e8re sans compromettre les normes \u00e9thiques. Un compagnon fiable pour toutes les aventures en plein air. Ce bodywarmer est con\u00e7u avec une forme ajust\u00e9e pour un look f\u00e9minin.","og_url":"https:\/\/perle-in.com\/en\/product\/bodywarmer-duvet-leger-femme-fairview\/","og_site_name":"PERLE IN","article_modified_time":"2025-10-14T03:29:14+00:00","og_image":[{"width":1600,"height":1600,"url":"https:\/\/perle-in.com\/wp-content\/uploads\/2025\/10\/3942149-1.jpg","type":"image\/jpeg"}],"twitter_card":"summary_large_image","schema":{"@context":"https:\/\/schema.org","@graph":[{"@type":"WebPage","@id":"https:\/\/perle-in.com\/produit\/bodywarmer-duvet-leger-femme-fairview\/","url":"https:\/\/perle-in.com\/produit\/bodywarmer-duvet-leger-femme-fairview\/","name":"Bodywarmer duvet l\u00e9ger femme Fairview - PERLE IN","isPartOf":{"@id":"https:\/\/perle-in.com\/#website"},"primaryImageOfPage":{"@id":"https:\/\/perle-in.com\/produit\/bodywarmer-duvet-leger-femme-fairview\/#primaryimage"},"image":{"@id":"https:\/\/perle-in.com\/produit\/bodywarmer-duvet-leger-femme-fairview\/#primaryimage"},"thumbnailUrl":"https:\/\/perle-in.com\/wp-content\/uploads\/2025\/10\/3942149-1.jpg","datePublished":"2025-10-14T03:28:51+00:00","dateModified":"2025-10-14T03:29:14+00:00","breadcrumb":{"@id":"https:\/\/perle-in.com\/produit\/bodywarmer-duvet-leger-femme-fairview\/#breadcrumb"},"inLanguage":"en-CA","potentialAction":[{"@type":"ReadAction","target":["https:\/\/perle-in.com\/produit\/bodywarmer-duvet-leger-femme-fairview\/"]}]},{"@type":"ImageObject","inLanguage":"en-CA","@id":"https:\/\/perle-in.com\/produit\/bodywarmer-duvet-leger-femme-fairview\/#primaryimage","url":"https:\/\/perle-in.com\/wp-content\/uploads\/2025\/10\/3942149-1.jpg","contentUrl":"https:\/\/perle-in.com\/wp-content\/uploads\/2025\/10\/3942149-1.jpg","width":1600,"height":1600},{"@type":"BreadcrumbList","@id":"https:\/\/perle-in.com\/produit\/bodywarmer-duvet-leger-femme-fairview\/#breadcrumb","itemListElement":[{"@type":"ListItem","position":1,"name":"Accueil","item":"https:\/\/perle-in.com\/"},{"@type":"ListItem","position":2,"name":"Boutique","item":"https:\/\/perle-in.com\/boutique\/"},{"@type":"ListItem","position":3,"name":"Bodywarmer duvet l\u00e9ger femme Fairview"}]},{"@type":"WebSite","@id":"https:\/\/perle-in.com\/#website","url":"https:\/\/perle-in.com\/","name":"PERLE IN","description":"","publisher":{"@id":"https:\/\/perle-in.com\/#organization"},"potentialAction":[{"@type":"SearchAction","target":{"@type":"EntryPoint","urlTemplate":"https:\/\/perle-in.com\/?s={search_term_string}"},"query-input":{"@type":"PropertyValueSpecification","valueRequired":true,"valueName":"search_term_string"}}],"inLanguage":"en-CA"},{"@type":"Organization","@id":"https:\/\/perle-in.com\/#organization","name":"PERLE IN","url":"https:\/\/perle-in.com\/","logo":{"@type":"ImageObject","inLanguage":"en-CA","@id":"https:\/\/perle-in.com\/#\/schema\/logo\/image\/","url":"https:\/\/perle-in.com\/wp-content\/uploads\/2022\/12\/LOGO-PERLE-IN-COULEUR@3x.webp","contentUrl":"https:\/\/perle-in.com\/wp-content\/uploads\/2022\/12\/LOGO-PERLE-IN-COULEUR@3x.webp","width":1600,"height":490,"caption":"PERLE IN"},"image":{"@id":"https:\/\/perle-in.com\/#\/schema\/logo\/image\/"}}]}},"jetpack_sharing_enabled":true,"_links":{"self":[{"href":"https:\/\/perle-in.com\/en\/wp-json\/wp\/v2\/product\/521073","targetHints":{"allow":["GET"]}}],"collection":[{"href":"https:\/\/perle-in.com\/en\/wp-json\/wp\/v2\/product"}],"about":[{"href":"https:\/\/perle-in.com\/en\/wp-json\/wp\/v2\/types\/product"}],"version-history":[{"count":0,"href":"https:\/\/perle-in.com\/en\/wp-json\/wp\/v2\/product\/521073\/revisions"}],"wp:featuredmedia":[{"embeddable":true,"href":"https:\/\/perle-in.com\/en\/wp-json\/wp\/v2\/media\/521005"}],"wp:attachment":[{"href":"https:\/\/perle-in.com\/en\/wp-json\/wp\/v2\/media?parent=521073"}],"wp:term":[{"taxonomy":"product_brand","embeddable":true,"href":"https:\/\/perle-in.com\/en\/wp-json\/wp\/v2\/product_brand?post=521073"},{"taxonomy":"product_cat","embeddable":true,"href":"https:\/\/perle-in.com\/en\/wp-json\/wp\/v2\/product_cat?post=521073"},{"taxonomy":"product_tag","embeddable":true,"href":"https:\/\/perle-in.com\/en\/wp-json\/wp\/v2\/product_tag?post=521073"}],"curies":[{"name":"wp","href":"https:\/\/api.w.org\/{rel}","templated":true}]}}