{"id":519580,"date":"2025-10-14T04:49:45","date_gmt":"2025-10-14T02:49:45","guid":{"rendered":"https:\/\/perle-in.com\/produit\/t-shirt-cool-fit-manches-courtes-femme-niagara\/"},"modified":"2025-10-14T04:50:50","modified_gmt":"2025-10-14T02:50:50","slug":"t-shirt-cool-fit-manches-courtes-femme-niagara","status":"publish","type":"product","link":"https:\/\/perle-in.com\/en\/product\/t-shirt-cool-fit-manches-courtes-femme-niagara\/","title":{"rendered":"T-shirt cool fit manches courtes femme Niagara"},"content":{"rendered":"","protected":false},"excerpt":{"rendered":"<p>Le t-shirt Niagara \u00e0 manches courtes pour femmes est parfait pour toutes les occasions de pratiquer une activit\u00e9 physique. Fabriqu\u00e9 en tissu 100 % polyester respirant et \u00e9vacuant l&#8217;humidit\u00e9 (145 g\/m\u00b2), ce t-shirt vous aide \u00e0 rester au frais et au sec. Les manches raglan et l&#8217;\u00e9tiquette de col \u00e0 transfert thermique offrent une plus grande libert\u00e9 de mouvement sans irriter la peau. Pour votre s\u00e9curit\u00e9, des d\u00e9tails r\u00e9fl\u00e9chissants ont \u00e9t\u00e9 ajout\u00e9s pour une meilleure visibilit\u00e9.<\/p>","protected":false},"featured_media":519435,"template":"","meta":{"_eb_attr":""},"product_brand":[],"product_cat":[1258,1024],"product_tag":[2380,2381,2537,2538,2539,2382,2383,2542,2376,2536,2543,2377,2378,2379,2540,2541],"class_list":{"0":"post-519580","1":"product","2":"type-product","3":"status-publish","4":"has-post-thumbnail","6":"product_cat-t-shirts","7":"product_cat-vetements","8":"product_tag-chemise","9":"product_tag-chemises","10":"product_tag-cool-fit","11":"product_tag-coolfit","12":"product_tag-coolfits","13":"product_tag-haut","14":"product_tag-hauts","15":"product_tag-respirant","16":"product_tag-t-shirt","17":"product_tag-t-shirt-cool-fit","18":"product_tag-t-shirt-respirant","19":"product_tag-t-shirts","20":"product_tag-tshirt","21":"product_tag-tshirts","22":"product_tag-vetement-de-sport","23":"product_tag-vetements-de-sport","24":"pa_couleurs-blanc","25":"pa_couleurs-bleu","26":"pa_couleurs-marine","27":"pa_couleurs-noir","28":"pa_couleurs-orange","29":"pa_couleurs-rouge","30":"pa_genre-female","31":"pa_marque-elevate-life","32":"pa_matiere-maille-finition-cool-fit-100-polyester-145-g-m2","33":"pa_taille-2xl","34":"pa_taille-l","35":"pa_taille-m","36":"pa_taille-s","37":"pa_taille-xl","38":"pa_taille-xs","40":"first","41":"instock","42":"shipping-taxable","43":"purchasable","44":"product-type-variable"},"yoast_head":"<!-- This site is optimized with the Yoast SEO plugin v27.4 - https:\/\/yoast.com\/product\/yoast-seo-wordpress\/ -->\n<title>T-shirt cool fit manches courtes femme Niagara - PERLE IN<\/title>\n<meta name=\"robots\" content=\"noindex, follow, max-snippet:-1, max-image-preview:large, max-video-preview:-1\" \/>\n<meta property=\"og:locale\" content=\"en_US\" \/>\n<meta property=\"og:type\" content=\"article\" \/>\n<meta property=\"og:title\" content=\"T-shirt cool fit manches courtes femme Niagara - PERLE IN\" \/>\n<meta property=\"og:description\" content=\"Le t-shirt Niagara \u00e0 manches courtes pour femmes est parfait pour toutes les occasions de pratiquer une activit\u00e9 physique. Fabriqu\u00e9 en tissu 100 % polyester respirant et \u00e9vacuant l&#039;humidit\u00e9 (145 g\/m\u00b2), ce t-shirt vous aide \u00e0 rester au frais et au sec. Les manches raglan et l&#039;\u00e9tiquette de col \u00e0 transfert thermique offrent une plus grande libert\u00e9 de mouvement sans irriter la peau. Pour votre s\u00e9curit\u00e9, des d\u00e9tails r\u00e9fl\u00e9chissants ont \u00e9t\u00e9 ajout\u00e9s pour une meilleure visibilit\u00e9.\" \/>\n<meta property=\"og:url\" content=\"https:\/\/perle-in.com\/en\/product\/t-shirt-cool-fit-manches-courtes-femme-niagara\/\" \/>\n<meta property=\"og:site_name\" content=\"PERLE IN\" \/>\n<meta property=\"article:modified_time\" content=\"2025-10-14T02:50:50+00:00\" \/>\n<meta property=\"og:image\" content=\"https:\/\/perle-in.com\/wp-content\/uploads\/2025\/10\/3901101-1.jpg\" \/>\n\t<meta property=\"og:image:width\" content=\"1600\" \/>\n\t<meta property=\"og:image:height\" content=\"1600\" \/>\n\t<meta property=\"og:image:type\" content=\"image\/jpeg\" \/>\n<meta name=\"twitter:card\" content=\"summary_large_image\" \/>\n<script type=\"application\/ld+json\" class=\"yoast-schema-graph\">{\"@context\":\"https:\\\/\\\/schema.org\",\"@graph\":[{\"@type\":\"WebPage\",\"@id\":\"https:\\\/\\\/perle-in.com\\\/produit\\\/t-shirt-cool-fit-manches-courtes-femme-niagara\\\/\",\"url\":\"https:\\\/\\\/perle-in.com\\\/produit\\\/t-shirt-cool-fit-manches-courtes-femme-niagara\\\/\",\"name\":\"T-shirt cool fit manches courtes femme Niagara - PERLE IN\",\"isPartOf\":{\"@id\":\"https:\\\/\\\/perle-in.com\\\/#website\"},\"primaryImageOfPage\":{\"@id\":\"https:\\\/\\\/perle-in.com\\\/produit\\\/t-shirt-cool-fit-manches-courtes-femme-niagara\\\/#primaryimage\"},\"image\":{\"@id\":\"https:\\\/\\\/perle-in.com\\\/produit\\\/t-shirt-cool-fit-manches-courtes-femme-niagara\\\/#primaryimage\"},\"thumbnailUrl\":\"https:\\\/\\\/perle-in.com\\\/wp-content\\\/uploads\\\/2025\\\/10\\\/3901101-1.jpg\",\"datePublished\":\"2025-10-14T02:49:45+00:00\",\"dateModified\":\"2025-10-14T02:50:50+00:00\",\"breadcrumb\":{\"@id\":\"https:\\\/\\\/perle-in.com\\\/produit\\\/t-shirt-cool-fit-manches-courtes-femme-niagara\\\/#breadcrumb\"},\"inLanguage\":\"en-CA\",\"potentialAction\":[{\"@type\":\"ReadAction\",\"target\":[\"https:\\\/\\\/perle-in.com\\\/produit\\\/t-shirt-cool-fit-manches-courtes-femme-niagara\\\/\"]}]},{\"@type\":\"ImageObject\",\"inLanguage\":\"en-CA\",\"@id\":\"https:\\\/\\\/perle-in.com\\\/produit\\\/t-shirt-cool-fit-manches-courtes-femme-niagara\\\/#primaryimage\",\"url\":\"https:\\\/\\\/perle-in.com\\\/wp-content\\\/uploads\\\/2025\\\/10\\\/3901101-1.jpg\",\"contentUrl\":\"https:\\\/\\\/perle-in.com\\\/wp-content\\\/uploads\\\/2025\\\/10\\\/3901101-1.jpg\",\"width\":1600,\"height\":1600},{\"@type\":\"BreadcrumbList\",\"@id\":\"https:\\\/\\\/perle-in.com\\\/produit\\\/t-shirt-cool-fit-manches-courtes-femme-niagara\\\/#breadcrumb\",\"itemListElement\":[{\"@type\":\"ListItem\",\"position\":1,\"name\":\"Accueil\",\"item\":\"https:\\\/\\\/perle-in.com\\\/\"},{\"@type\":\"ListItem\",\"position\":2,\"name\":\"Boutique\",\"item\":\"https:\\\/\\\/perle-in.com\\\/boutique\\\/\"},{\"@type\":\"ListItem\",\"position\":3,\"name\":\"T-shirt cool fit manches courtes femme Niagara\"}]},{\"@type\":\"WebSite\",\"@id\":\"https:\\\/\\\/perle-in.com\\\/#website\",\"url\":\"https:\\\/\\\/perle-in.com\\\/\",\"name\":\"PERLE IN\",\"description\":\"\",\"publisher\":{\"@id\":\"https:\\\/\\\/perle-in.com\\\/#organization\"},\"potentialAction\":[{\"@type\":\"SearchAction\",\"target\":{\"@type\":\"EntryPoint\",\"urlTemplate\":\"https:\\\/\\\/perle-in.com\\\/?s={search_term_string}\"},\"query-input\":{\"@type\":\"PropertyValueSpecification\",\"valueRequired\":true,\"valueName\":\"search_term_string\"}}],\"inLanguage\":\"en-CA\"},{\"@type\":\"Organization\",\"@id\":\"https:\\\/\\\/perle-in.com\\\/#organization\",\"name\":\"PERLE IN\",\"url\":\"https:\\\/\\\/perle-in.com\\\/\",\"logo\":{\"@type\":\"ImageObject\",\"inLanguage\":\"en-CA\",\"@id\":\"https:\\\/\\\/perle-in.com\\\/#\\\/schema\\\/logo\\\/image\\\/\",\"url\":\"https:\\\/\\\/perle-in.com\\\/wp-content\\\/uploads\\\/2022\\\/12\\\/LOGO-PERLE-IN-COULEUR@3x.webp\",\"contentUrl\":\"https:\\\/\\\/perle-in.com\\\/wp-content\\\/uploads\\\/2022\\\/12\\\/LOGO-PERLE-IN-COULEUR@3x.webp\",\"width\":1600,\"height\":490,\"caption\":\"PERLE IN\"},\"image\":{\"@id\":\"https:\\\/\\\/perle-in.com\\\/#\\\/schema\\\/logo\\\/image\\\/\"}}]}<\/script>\n<!-- \/ Yoast SEO plugin. -->","yoast_head_json":{"title":"T-shirt cool fit manches courtes femme Niagara - PERLE IN","robots":{"index":"noindex","follow":"follow","max-snippet":"max-snippet:-1","max-image-preview":"max-image-preview:large","max-video-preview":"max-video-preview:-1"},"og_locale":"en_US","og_type":"article","og_title":"T-shirt cool fit manches courtes femme Niagara - PERLE IN","og_description":"Le t-shirt Niagara \u00e0 manches courtes pour femmes est parfait pour toutes les occasions de pratiquer une activit\u00e9 physique. Fabriqu\u00e9 en tissu 100 % polyester respirant et \u00e9vacuant l'humidit\u00e9 (145 g\/m\u00b2), ce t-shirt vous aide \u00e0 rester au frais et au sec. Les manches raglan et l'\u00e9tiquette de col \u00e0 transfert thermique offrent une plus grande libert\u00e9 de mouvement sans irriter la peau. Pour votre s\u00e9curit\u00e9, des d\u00e9tails r\u00e9fl\u00e9chissants ont \u00e9t\u00e9 ajout\u00e9s pour une meilleure visibilit\u00e9.","og_url":"https:\/\/perle-in.com\/en\/product\/t-shirt-cool-fit-manches-courtes-femme-niagara\/","og_site_name":"PERLE IN","article_modified_time":"2025-10-14T02:50:50+00:00","og_image":[{"width":1600,"height":1600,"url":"https:\/\/perle-in.com\/wp-content\/uploads\/2025\/10\/3901101-1.jpg","type":"image\/jpeg"}],"twitter_card":"summary_large_image","schema":{"@context":"https:\/\/schema.org","@graph":[{"@type":"WebPage","@id":"https:\/\/perle-in.com\/produit\/t-shirt-cool-fit-manches-courtes-femme-niagara\/","url":"https:\/\/perle-in.com\/produit\/t-shirt-cool-fit-manches-courtes-femme-niagara\/","name":"T-shirt cool fit manches courtes femme Niagara - PERLE IN","isPartOf":{"@id":"https:\/\/perle-in.com\/#website"},"primaryImageOfPage":{"@id":"https:\/\/perle-in.com\/produit\/t-shirt-cool-fit-manches-courtes-femme-niagara\/#primaryimage"},"image":{"@id":"https:\/\/perle-in.com\/produit\/t-shirt-cool-fit-manches-courtes-femme-niagara\/#primaryimage"},"thumbnailUrl":"https:\/\/perle-in.com\/wp-content\/uploads\/2025\/10\/3901101-1.jpg","datePublished":"2025-10-14T02:49:45+00:00","dateModified":"2025-10-14T02:50:50+00:00","breadcrumb":{"@id":"https:\/\/perle-in.com\/produit\/t-shirt-cool-fit-manches-courtes-femme-niagara\/#breadcrumb"},"inLanguage":"en-CA","potentialAction":[{"@type":"ReadAction","target":["https:\/\/perle-in.com\/produit\/t-shirt-cool-fit-manches-courtes-femme-niagara\/"]}]},{"@type":"ImageObject","inLanguage":"en-CA","@id":"https:\/\/perle-in.com\/produit\/t-shirt-cool-fit-manches-courtes-femme-niagara\/#primaryimage","url":"https:\/\/perle-in.com\/wp-content\/uploads\/2025\/10\/3901101-1.jpg","contentUrl":"https:\/\/perle-in.com\/wp-content\/uploads\/2025\/10\/3901101-1.jpg","width":1600,"height":1600},{"@type":"BreadcrumbList","@id":"https:\/\/perle-in.com\/produit\/t-shirt-cool-fit-manches-courtes-femme-niagara\/#breadcrumb","itemListElement":[{"@type":"ListItem","position":1,"name":"Accueil","item":"https:\/\/perle-in.com\/"},{"@type":"ListItem","position":2,"name":"Boutique","item":"https:\/\/perle-in.com\/boutique\/"},{"@type":"ListItem","position":3,"name":"T-shirt cool fit manches courtes femme Niagara"}]},{"@type":"WebSite","@id":"https:\/\/perle-in.com\/#website","url":"https:\/\/perle-in.com\/","name":"PERLE IN","description":"","publisher":{"@id":"https:\/\/perle-in.com\/#organization"},"potentialAction":[{"@type":"SearchAction","target":{"@type":"EntryPoint","urlTemplate":"https:\/\/perle-in.com\/?s={search_term_string}"},"query-input":{"@type":"PropertyValueSpecification","valueRequired":true,"valueName":"search_term_string"}}],"inLanguage":"en-CA"},{"@type":"Organization","@id":"https:\/\/perle-in.com\/#organization","name":"PERLE IN","url":"https:\/\/perle-in.com\/","logo":{"@type":"ImageObject","inLanguage":"en-CA","@id":"https:\/\/perle-in.com\/#\/schema\/logo\/image\/","url":"https:\/\/perle-in.com\/wp-content\/uploads\/2022\/12\/LOGO-PERLE-IN-COULEUR@3x.webp","contentUrl":"https:\/\/perle-in.com\/wp-content\/uploads\/2022\/12\/LOGO-PERLE-IN-COULEUR@3x.webp","width":1600,"height":490,"caption":"PERLE IN"},"image":{"@id":"https:\/\/perle-in.com\/#\/schema\/logo\/image\/"}}]}},"jetpack_sharing_enabled":true,"_links":{"self":[{"href":"https:\/\/perle-in.com\/en\/wp-json\/wp\/v2\/product\/519580","targetHints":{"allow":["GET"]}}],"collection":[{"href":"https:\/\/perle-in.com\/en\/wp-json\/wp\/v2\/product"}],"about":[{"href":"https:\/\/perle-in.com\/en\/wp-json\/wp\/v2\/types\/product"}],"version-history":[{"count":0,"href":"https:\/\/perle-in.com\/en\/wp-json\/wp\/v2\/product\/519580\/revisions"}],"wp:featuredmedia":[{"embeddable":true,"href":"https:\/\/perle-in.com\/en\/wp-json\/wp\/v2\/media\/519435"}],"wp:attachment":[{"href":"https:\/\/perle-in.com\/en\/wp-json\/wp\/v2\/media?parent=519580"}],"wp:term":[{"taxonomy":"product_brand","embeddable":true,"href":"https:\/\/perle-in.com\/en\/wp-json\/wp\/v2\/product_brand?post=519580"},{"taxonomy":"product_cat","embeddable":true,"href":"https:\/\/perle-in.com\/en\/wp-json\/wp\/v2\/product_cat?post=519580"},{"taxonomy":"product_tag","embeddable":true,"href":"https:\/\/perle-in.com\/en\/wp-json\/wp\/v2\/product_tag?post=519580"}],"curies":[{"name":"wp","href":"https:\/\/api.w.org\/{rel}","templated":true}]}}