{"id":518996,"date":"2025-10-14T04:42:09","date_gmt":"2025-10-14T02:42:09","guid":{"rendered":"https:\/\/perle-in.com\/produit\/bonnet-avec-patch-boreas\/"},"modified":"2025-10-14T04:42:20","modified_gmt":"2025-10-14T02:42:20","slug":"bonnet-avec-patch-boreas","status":"publish","type":"product","link":"https:\/\/perle-in.com\/en\/product\/bonnet-avec-patch-boreas\/","title":{"rendered":"Bonnet avec patch Boreas"},"content":{"rendered":"","protected":false},"excerpt":{"rendered":"<p>Le bonnet Boreas avec \u00e9cusson ne se contente pas de vous tenir au chaud, il vous offre \u00e9galement une toile pour votre marque personnelle. Fabriqu\u00e9 en tricot c\u00f4tel\u00e9 1&#215;1 en acrylique, le bonnet est chaud et durable. L&#8217;\u00e9cusson en tissu contrast\u00e9, tiss\u00e9 en polyester, offre une excellente occasion de pr\u00e9senter votre logo ou d&#8217;autres marques. Adoptez le confort, l&#8217;individualit\u00e9 et la praticit\u00e9 avec le bonnet Boreas.<\/p>","protected":false},"featured_media":518941,"template":"","meta":{"_eb_attr":""},"product_brand":[],"product_cat":[1025,1024],"product_tag":[1029,2533,1697,2418,2414,2419,2534,2422,2423,2424,2421,2420],"class_list":{"0":"post-518996","1":"product","2":"type-product","3":"status-publish","4":"has-post-thumbnail","6":"product_cat-bonnets","7":"product_cat-vetements","8":"product_tag-bonnet","9":"product_tag-boreas","10":"product_tag-chapeau","11":"product_tag-hero","12":"product_tag-heros","13":"product_tag-heroes","14":"product_tag-patch","15":"product_tag-super","16":"product_tag-super-hero","17":"product_tag-super-heroes","18":"product_tag-superhero","19":"product_tag-superheroes","20":"pa_couleurs-blanc","21":"pa_couleurs-bleu","22":"pa_couleurs-bleu-hale","23":"pa_couleurs-gres","24":"pa_couleurs-gris-storm","25":"pa_couleurs-marine","26":"pa_couleurs-noir","27":"pa_couleurs-orange","28":"pa_couleurs-rouge","29":"pa_couleurs-vert","30":"pa_couleurs-vert-fougere","31":"pa_genre-unisex","32":"pa_green-points-1692","33":"pa_marque-elevate-essentials","34":"pa_matiere-tricot-cotele-1x1-100-acrylique-contrast-fabric-tisse-100-polyester","36":"first","37":"instock","38":"shipping-taxable","39":"purchasable","40":"product-type-variable"},"yoast_head":"<!-- This site is optimized with the Yoast SEO plugin v27.4 - https:\/\/yoast.com\/product\/yoast-seo-wordpress\/ -->\n<title>Bonnet avec patch Boreas - PERLE IN<\/title>\n<meta name=\"robots\" content=\"noindex, follow, max-snippet:-1, max-image-preview:large, max-video-preview:-1\" \/>\n<meta property=\"og:locale\" content=\"en_US\" \/>\n<meta property=\"og:type\" content=\"article\" \/>\n<meta property=\"og:title\" content=\"Bonnet avec patch Boreas - PERLE IN\" \/>\n<meta property=\"og:description\" content=\"Le bonnet Boreas avec \u00e9cusson ne se contente pas de vous tenir au chaud, il vous offre \u00e9galement une toile pour votre marque personnelle. Fabriqu\u00e9 en tricot c\u00f4tel\u00e9 1x1 en acrylique, le bonnet est chaud et durable. L&#039;\u00e9cusson en tissu contrast\u00e9, tiss\u00e9 en polyester, offre une excellente occasion de pr\u00e9senter votre logo ou d&#039;autres marques. Adoptez le confort, l&#039;individualit\u00e9 et la praticit\u00e9 avec le bonnet Boreas.\" \/>\n<meta property=\"og:url\" content=\"https:\/\/perle-in.com\/en\/product\/bonnet-avec-patch-boreas\/\" \/>\n<meta property=\"og:site_name\" content=\"PERLE IN\" \/>\n<meta property=\"article:modified_time\" content=\"2025-10-14T02:42:20+00:00\" \/>\n<meta property=\"og:image\" content=\"https:\/\/perle-in.com\/wp-content\/uploads\/2025\/10\/38676010-1.jpg\" \/>\n\t<meta property=\"og:image:width\" content=\"1600\" \/>\n\t<meta property=\"og:image:height\" content=\"1600\" \/>\n\t<meta property=\"og:image:type\" content=\"image\/jpeg\" \/>\n<meta name=\"twitter:card\" content=\"summary_large_image\" \/>\n<script type=\"application\/ld+json\" class=\"yoast-schema-graph\">{\"@context\":\"https:\\\/\\\/schema.org\",\"@graph\":[{\"@type\":\"WebPage\",\"@id\":\"https:\\\/\\\/perle-in.com\\\/produit\\\/bonnet-avec-patch-boreas\\\/\",\"url\":\"https:\\\/\\\/perle-in.com\\\/produit\\\/bonnet-avec-patch-boreas\\\/\",\"name\":\"Bonnet avec patch Boreas - PERLE IN\",\"isPartOf\":{\"@id\":\"https:\\\/\\\/perle-in.com\\\/#website\"},\"primaryImageOfPage\":{\"@id\":\"https:\\\/\\\/perle-in.com\\\/produit\\\/bonnet-avec-patch-boreas\\\/#primaryimage\"},\"image\":{\"@id\":\"https:\\\/\\\/perle-in.com\\\/produit\\\/bonnet-avec-patch-boreas\\\/#primaryimage\"},\"thumbnailUrl\":\"https:\\\/\\\/perle-in.com\\\/wp-content\\\/uploads\\\/2025\\\/10\\\/38676010-1.jpg\",\"datePublished\":\"2025-10-14T02:42:09+00:00\",\"dateModified\":\"2025-10-14T02:42:20+00:00\",\"breadcrumb\":{\"@id\":\"https:\\\/\\\/perle-in.com\\\/produit\\\/bonnet-avec-patch-boreas\\\/#breadcrumb\"},\"inLanguage\":\"en-CA\",\"potentialAction\":[{\"@type\":\"ReadAction\",\"target\":[\"https:\\\/\\\/perle-in.com\\\/produit\\\/bonnet-avec-patch-boreas\\\/\"]}]},{\"@type\":\"ImageObject\",\"inLanguage\":\"en-CA\",\"@id\":\"https:\\\/\\\/perle-in.com\\\/produit\\\/bonnet-avec-patch-boreas\\\/#primaryimage\",\"url\":\"https:\\\/\\\/perle-in.com\\\/wp-content\\\/uploads\\\/2025\\\/10\\\/38676010-1.jpg\",\"contentUrl\":\"https:\\\/\\\/perle-in.com\\\/wp-content\\\/uploads\\\/2025\\\/10\\\/38676010-1.jpg\",\"width\":1600,\"height\":1600},{\"@type\":\"BreadcrumbList\",\"@id\":\"https:\\\/\\\/perle-in.com\\\/produit\\\/bonnet-avec-patch-boreas\\\/#breadcrumb\",\"itemListElement\":[{\"@type\":\"ListItem\",\"position\":1,\"name\":\"Accueil\",\"item\":\"https:\\\/\\\/perle-in.com\\\/\"},{\"@type\":\"ListItem\",\"position\":2,\"name\":\"Boutique\",\"item\":\"https:\\\/\\\/perle-in.com\\\/boutique\\\/\"},{\"@type\":\"ListItem\",\"position\":3,\"name\":\"Bonnet avec patch Boreas\"}]},{\"@type\":\"WebSite\",\"@id\":\"https:\\\/\\\/perle-in.com\\\/#website\",\"url\":\"https:\\\/\\\/perle-in.com\\\/\",\"name\":\"PERLE IN\",\"description\":\"\",\"publisher\":{\"@id\":\"https:\\\/\\\/perle-in.com\\\/#organization\"},\"potentialAction\":[{\"@type\":\"SearchAction\",\"target\":{\"@type\":\"EntryPoint\",\"urlTemplate\":\"https:\\\/\\\/perle-in.com\\\/?s={search_term_string}\"},\"query-input\":{\"@type\":\"PropertyValueSpecification\",\"valueRequired\":true,\"valueName\":\"search_term_string\"}}],\"inLanguage\":\"en-CA\"},{\"@type\":\"Organization\",\"@id\":\"https:\\\/\\\/perle-in.com\\\/#organization\",\"name\":\"PERLE IN\",\"url\":\"https:\\\/\\\/perle-in.com\\\/\",\"logo\":{\"@type\":\"ImageObject\",\"inLanguage\":\"en-CA\",\"@id\":\"https:\\\/\\\/perle-in.com\\\/#\\\/schema\\\/logo\\\/image\\\/\",\"url\":\"https:\\\/\\\/perle-in.com\\\/wp-content\\\/uploads\\\/2022\\\/12\\\/LOGO-PERLE-IN-COULEUR@3x.webp\",\"contentUrl\":\"https:\\\/\\\/perle-in.com\\\/wp-content\\\/uploads\\\/2022\\\/12\\\/LOGO-PERLE-IN-COULEUR@3x.webp\",\"width\":1600,\"height\":490,\"caption\":\"PERLE IN\"},\"image\":{\"@id\":\"https:\\\/\\\/perle-in.com\\\/#\\\/schema\\\/logo\\\/image\\\/\"}}]}<\/script>\n<!-- \/ Yoast SEO plugin. -->","yoast_head_json":{"title":"Bonnet avec patch Boreas - PERLE IN","robots":{"index":"noindex","follow":"follow","max-snippet":"max-snippet:-1","max-image-preview":"max-image-preview:large","max-video-preview":"max-video-preview:-1"},"og_locale":"en_US","og_type":"article","og_title":"Bonnet avec patch Boreas - PERLE IN","og_description":"Le bonnet Boreas avec \u00e9cusson ne se contente pas de vous tenir au chaud, il vous offre \u00e9galement une toile pour votre marque personnelle. Fabriqu\u00e9 en tricot c\u00f4tel\u00e9 1x1 en acrylique, le bonnet est chaud et durable. L'\u00e9cusson en tissu contrast\u00e9, tiss\u00e9 en polyester, offre une excellente occasion de pr\u00e9senter votre logo ou d'autres marques. Adoptez le confort, l'individualit\u00e9 et la praticit\u00e9 avec le bonnet Boreas.","og_url":"https:\/\/perle-in.com\/en\/product\/bonnet-avec-patch-boreas\/","og_site_name":"PERLE IN","article_modified_time":"2025-10-14T02:42:20+00:00","og_image":[{"width":1600,"height":1600,"url":"https:\/\/perle-in.com\/wp-content\/uploads\/2025\/10\/38676010-1.jpg","type":"image\/jpeg"}],"twitter_card":"summary_large_image","schema":{"@context":"https:\/\/schema.org","@graph":[{"@type":"WebPage","@id":"https:\/\/perle-in.com\/produit\/bonnet-avec-patch-boreas\/","url":"https:\/\/perle-in.com\/produit\/bonnet-avec-patch-boreas\/","name":"Bonnet avec patch Boreas - PERLE IN","isPartOf":{"@id":"https:\/\/perle-in.com\/#website"},"primaryImageOfPage":{"@id":"https:\/\/perle-in.com\/produit\/bonnet-avec-patch-boreas\/#primaryimage"},"image":{"@id":"https:\/\/perle-in.com\/produit\/bonnet-avec-patch-boreas\/#primaryimage"},"thumbnailUrl":"https:\/\/perle-in.com\/wp-content\/uploads\/2025\/10\/38676010-1.jpg","datePublished":"2025-10-14T02:42:09+00:00","dateModified":"2025-10-14T02:42:20+00:00","breadcrumb":{"@id":"https:\/\/perle-in.com\/produit\/bonnet-avec-patch-boreas\/#breadcrumb"},"inLanguage":"en-CA","potentialAction":[{"@type":"ReadAction","target":["https:\/\/perle-in.com\/produit\/bonnet-avec-patch-boreas\/"]}]},{"@type":"ImageObject","inLanguage":"en-CA","@id":"https:\/\/perle-in.com\/produit\/bonnet-avec-patch-boreas\/#primaryimage","url":"https:\/\/perle-in.com\/wp-content\/uploads\/2025\/10\/38676010-1.jpg","contentUrl":"https:\/\/perle-in.com\/wp-content\/uploads\/2025\/10\/38676010-1.jpg","width":1600,"height":1600},{"@type":"BreadcrumbList","@id":"https:\/\/perle-in.com\/produit\/bonnet-avec-patch-boreas\/#breadcrumb","itemListElement":[{"@type":"ListItem","position":1,"name":"Accueil","item":"https:\/\/perle-in.com\/"},{"@type":"ListItem","position":2,"name":"Boutique","item":"https:\/\/perle-in.com\/boutique\/"},{"@type":"ListItem","position":3,"name":"Bonnet avec patch Boreas"}]},{"@type":"WebSite","@id":"https:\/\/perle-in.com\/#website","url":"https:\/\/perle-in.com\/","name":"PERLE IN","description":"","publisher":{"@id":"https:\/\/perle-in.com\/#organization"},"potentialAction":[{"@type":"SearchAction","target":{"@type":"EntryPoint","urlTemplate":"https:\/\/perle-in.com\/?s={search_term_string}"},"query-input":{"@type":"PropertyValueSpecification","valueRequired":true,"valueName":"search_term_string"}}],"inLanguage":"en-CA"},{"@type":"Organization","@id":"https:\/\/perle-in.com\/#organization","name":"PERLE IN","url":"https:\/\/perle-in.com\/","logo":{"@type":"ImageObject","inLanguage":"en-CA","@id":"https:\/\/perle-in.com\/#\/schema\/logo\/image\/","url":"https:\/\/perle-in.com\/wp-content\/uploads\/2022\/12\/LOGO-PERLE-IN-COULEUR@3x.webp","contentUrl":"https:\/\/perle-in.com\/wp-content\/uploads\/2022\/12\/LOGO-PERLE-IN-COULEUR@3x.webp","width":1600,"height":490,"caption":"PERLE IN"},"image":{"@id":"https:\/\/perle-in.com\/#\/schema\/logo\/image\/"}}]}},"jetpack_sharing_enabled":true,"_links":{"self":[{"href":"https:\/\/perle-in.com\/en\/wp-json\/wp\/v2\/product\/518996","targetHints":{"allow":["GET"]}}],"collection":[{"href":"https:\/\/perle-in.com\/en\/wp-json\/wp\/v2\/product"}],"about":[{"href":"https:\/\/perle-in.com\/en\/wp-json\/wp\/v2\/types\/product"}],"version-history":[{"count":0,"href":"https:\/\/perle-in.com\/en\/wp-json\/wp\/v2\/product\/518996\/revisions"}],"wp:featuredmedia":[{"embeddable":true,"href":"https:\/\/perle-in.com\/en\/wp-json\/wp\/v2\/media\/518941"}],"wp:attachment":[{"href":"https:\/\/perle-in.com\/en\/wp-json\/wp\/v2\/media?parent=518996"}],"wp:term":[{"taxonomy":"product_brand","embeddable":true,"href":"https:\/\/perle-in.com\/en\/wp-json\/wp\/v2\/product_brand?post=518996"},{"taxonomy":"product_cat","embeddable":true,"href":"https:\/\/perle-in.com\/en\/wp-json\/wp\/v2\/product_cat?post=518996"},{"taxonomy":"product_tag","embeddable":true,"href":"https:\/\/perle-in.com\/en\/wp-json\/wp\/v2\/product_tag?post=518996"}],"curies":[{"name":"wp","href":"https:\/\/api.w.org\/{rel}","templated":true}]}}