{"id":518335,"date":"2025-10-14T04:26:13","date_gmt":"2025-10-14T02:26:13","guid":{"rendered":"https:\/\/perle-in.com\/produit\/bob-solaris\/"},"modified":"2025-10-14T04:26:32","modified_gmt":"2025-10-14T02:26:32","slug":"bob-solaris","status":"publish","type":"product","link":"https:\/\/perle-in.com\/en\/product\/bob-solaris\/","title":{"rendered":"Bob Solaris"},"content":{"rendered":"","protected":false},"excerpt":{"rendered":"<p>Le chapeau Solaris est parfait pour les journ\u00e9es ensoleill\u00e9es et les aventures en plein air. Con\u00e7u pour s&#8217;adapter confortablement \u00e0 un tour de t\u00eate de 58 cm, ce chapeau offre \u00e0 la fois style et protection solaire. Fabriqu\u00e9 en serg\u00e9 de coton 175 g\/m\u00b2, il offre une sensation de l\u00e9g\u00e8ret\u00e9 et de respirabilit\u00e9, ce qui vous permet de rester au frais m\u00eame par les temps les plus chauds. Son design classique et ses mat\u00e9riaux de qualit\u00e9 en font un accessoire polyvalent pour toutes les occasions en plein air. Prot\u00e9gez-vous des rayons du soleil tout en restant \u00e9l\u00e9gant avec le chapeau Solaris, le m\u00e9lange ultime de la mode et de la fonction.<\/p>","protected":false},"featured_media":518325,"template":"","meta":{"_eb_attr":""},"product_brand":[],"product_cat":[1259,1024],"product_tag":[1697,2487,2488,2486,2484,1031,1320,2485],"class_list":{"0":"post-518335","1":"product","2":"type-product","3":"status-publish","4":"has-post-thumbnail","6":"product_cat-casquettes-et-chapeaux","7":"product_cat-vetements","8":"product_tag-chapeau","9":"product_tag-chapeau-dete","10":"product_tag-chapeau-ete","11":"product_tag-chapeau-solaris","12":"product_tag-couvre-chefs","13":"product_tag-couvre-chef","14":"product_tag-ete","15":"product_tag-solaris","16":"pa_couleurs-blanc","17":"pa_couleurs-bleu","18":"pa_couleurs-magenta","19":"pa_couleurs-marine","20":"pa_couleurs-noir","21":"pa_couleurs-rouge","22":"pa_genre-unisex","23":"pa_green-points-1692","24":"pa_marque-elevate-essentials","25":"pa_matiere-coton-twill-100-coton-175-g-m2","27":"first","28":"instock","29":"shipping-taxable","30":"purchasable","31":"product-type-variable"},"yoast_head":"<!-- This site is optimized with the Yoast SEO plugin v27.4 - https:\/\/yoast.com\/product\/yoast-seo-wordpress\/ -->\n<title>Bob Solaris - PERLE IN<\/title>\n<meta name=\"robots\" content=\"noindex, follow, max-snippet:-1, max-image-preview:large, max-video-preview:-1\" \/>\n<meta property=\"og:locale\" content=\"en_US\" \/>\n<meta property=\"og:type\" content=\"article\" \/>\n<meta property=\"og:title\" content=\"Bob Solaris - PERLE IN\" \/>\n<meta property=\"og:description\" content=\"Le chapeau Solaris est parfait pour les journ\u00e9es ensoleill\u00e9es et les aventures en plein air. Con\u00e7u pour s&#039;adapter confortablement \u00e0 un tour de t\u00eate de 58 cm, ce chapeau offre \u00e0 la fois style et protection solaire. Fabriqu\u00e9 en serg\u00e9 de coton 175 g\/m\u00b2, il offre une sensation de l\u00e9g\u00e8ret\u00e9 et de respirabilit\u00e9, ce qui vous permet de rester au frais m\u00eame par les temps les plus chauds. Son design classique et ses mat\u00e9riaux de qualit\u00e9 en font un accessoire polyvalent pour toutes les occasions en plein air. Prot\u00e9gez-vous des rayons du soleil tout en restant \u00e9l\u00e9gant avec le chapeau Solaris, le m\u00e9lange ultime de la mode et de la fonction.\" \/>\n<meta property=\"og:url\" content=\"https:\/\/perle-in.com\/en\/product\/bob-solaris\/\" \/>\n<meta property=\"og:site_name\" content=\"PERLE IN\" \/>\n<meta property=\"article:modified_time\" content=\"2025-10-14T02:26:32+00:00\" \/>\n<meta property=\"og:image\" content=\"https:\/\/perle-in.com\/wp-content\/uploads\/2025\/10\/38662010-1.jpg\" \/>\n\t<meta property=\"og:image:width\" content=\"1600\" \/>\n\t<meta property=\"og:image:height\" content=\"1600\" \/>\n\t<meta property=\"og:image:type\" content=\"image\/jpeg\" \/>\n<meta name=\"twitter:card\" content=\"summary_large_image\" \/>\n<script type=\"application\/ld+json\" class=\"yoast-schema-graph\">{\"@context\":\"https:\\\/\\\/schema.org\",\"@graph\":[{\"@type\":\"WebPage\",\"@id\":\"https:\\\/\\\/perle-in.com\\\/produit\\\/bob-solaris\\\/\",\"url\":\"https:\\\/\\\/perle-in.com\\\/produit\\\/bob-solaris\\\/\",\"name\":\"Bob Solaris - PERLE IN\",\"isPartOf\":{\"@id\":\"https:\\\/\\\/perle-in.com\\\/#website\"},\"primaryImageOfPage\":{\"@id\":\"https:\\\/\\\/perle-in.com\\\/produit\\\/bob-solaris\\\/#primaryimage\"},\"image\":{\"@id\":\"https:\\\/\\\/perle-in.com\\\/produit\\\/bob-solaris\\\/#primaryimage\"},\"thumbnailUrl\":\"https:\\\/\\\/perle-in.com\\\/wp-content\\\/uploads\\\/2025\\\/10\\\/38662010-1.jpg\",\"datePublished\":\"2025-10-14T02:26:13+00:00\",\"dateModified\":\"2025-10-14T02:26:32+00:00\",\"breadcrumb\":{\"@id\":\"https:\\\/\\\/perle-in.com\\\/produit\\\/bob-solaris\\\/#breadcrumb\"},\"inLanguage\":\"en-CA\",\"potentialAction\":[{\"@type\":\"ReadAction\",\"target\":[\"https:\\\/\\\/perle-in.com\\\/produit\\\/bob-solaris\\\/\"]}]},{\"@type\":\"ImageObject\",\"inLanguage\":\"en-CA\",\"@id\":\"https:\\\/\\\/perle-in.com\\\/produit\\\/bob-solaris\\\/#primaryimage\",\"url\":\"https:\\\/\\\/perle-in.com\\\/wp-content\\\/uploads\\\/2025\\\/10\\\/38662010-1.jpg\",\"contentUrl\":\"https:\\\/\\\/perle-in.com\\\/wp-content\\\/uploads\\\/2025\\\/10\\\/38662010-1.jpg\",\"width\":1600,\"height\":1600},{\"@type\":\"BreadcrumbList\",\"@id\":\"https:\\\/\\\/perle-in.com\\\/produit\\\/bob-solaris\\\/#breadcrumb\",\"itemListElement\":[{\"@type\":\"ListItem\",\"position\":1,\"name\":\"Accueil\",\"item\":\"https:\\\/\\\/perle-in.com\\\/\"},{\"@type\":\"ListItem\",\"position\":2,\"name\":\"Boutique\",\"item\":\"https:\\\/\\\/perle-in.com\\\/boutique\\\/\"},{\"@type\":\"ListItem\",\"position\":3,\"name\":\"Bob Solaris\"}]},{\"@type\":\"WebSite\",\"@id\":\"https:\\\/\\\/perle-in.com\\\/#website\",\"url\":\"https:\\\/\\\/perle-in.com\\\/\",\"name\":\"PERLE IN\",\"description\":\"\",\"publisher\":{\"@id\":\"https:\\\/\\\/perle-in.com\\\/#organization\"},\"potentialAction\":[{\"@type\":\"SearchAction\",\"target\":{\"@type\":\"EntryPoint\",\"urlTemplate\":\"https:\\\/\\\/perle-in.com\\\/?s={search_term_string}\"},\"query-input\":{\"@type\":\"PropertyValueSpecification\",\"valueRequired\":true,\"valueName\":\"search_term_string\"}}],\"inLanguage\":\"en-CA\"},{\"@type\":\"Organization\",\"@id\":\"https:\\\/\\\/perle-in.com\\\/#organization\",\"name\":\"PERLE IN\",\"url\":\"https:\\\/\\\/perle-in.com\\\/\",\"logo\":{\"@type\":\"ImageObject\",\"inLanguage\":\"en-CA\",\"@id\":\"https:\\\/\\\/perle-in.com\\\/#\\\/schema\\\/logo\\\/image\\\/\",\"url\":\"https:\\\/\\\/perle-in.com\\\/wp-content\\\/uploads\\\/2022\\\/12\\\/LOGO-PERLE-IN-COULEUR@3x.webp\",\"contentUrl\":\"https:\\\/\\\/perle-in.com\\\/wp-content\\\/uploads\\\/2022\\\/12\\\/LOGO-PERLE-IN-COULEUR@3x.webp\",\"width\":1600,\"height\":490,\"caption\":\"PERLE IN\"},\"image\":{\"@id\":\"https:\\\/\\\/perle-in.com\\\/#\\\/schema\\\/logo\\\/image\\\/\"}}]}<\/script>\n<!-- \/ Yoast SEO plugin. -->","yoast_head_json":{"title":"Bob Solaris - PERLE IN","robots":{"index":"noindex","follow":"follow","max-snippet":"max-snippet:-1","max-image-preview":"max-image-preview:large","max-video-preview":"max-video-preview:-1"},"og_locale":"en_US","og_type":"article","og_title":"Bob Solaris - PERLE IN","og_description":"Le chapeau Solaris est parfait pour les journ\u00e9es ensoleill\u00e9es et les aventures en plein air. Con\u00e7u pour s'adapter confortablement \u00e0 un tour de t\u00eate de 58 cm, ce chapeau offre \u00e0 la fois style et protection solaire. Fabriqu\u00e9 en serg\u00e9 de coton 175 g\/m\u00b2, il offre une sensation de l\u00e9g\u00e8ret\u00e9 et de respirabilit\u00e9, ce qui vous permet de rester au frais m\u00eame par les temps les plus chauds. Son design classique et ses mat\u00e9riaux de qualit\u00e9 en font un accessoire polyvalent pour toutes les occasions en plein air. Prot\u00e9gez-vous des rayons du soleil tout en restant \u00e9l\u00e9gant avec le chapeau Solaris, le m\u00e9lange ultime de la mode et de la fonction.","og_url":"https:\/\/perle-in.com\/en\/product\/bob-solaris\/","og_site_name":"PERLE IN","article_modified_time":"2025-10-14T02:26:32+00:00","og_image":[{"width":1600,"height":1600,"url":"https:\/\/perle-in.com\/wp-content\/uploads\/2025\/10\/38662010-1.jpg","type":"image\/jpeg"}],"twitter_card":"summary_large_image","schema":{"@context":"https:\/\/schema.org","@graph":[{"@type":"WebPage","@id":"https:\/\/perle-in.com\/produit\/bob-solaris\/","url":"https:\/\/perle-in.com\/produit\/bob-solaris\/","name":"Bob Solaris - PERLE IN","isPartOf":{"@id":"https:\/\/perle-in.com\/#website"},"primaryImageOfPage":{"@id":"https:\/\/perle-in.com\/produit\/bob-solaris\/#primaryimage"},"image":{"@id":"https:\/\/perle-in.com\/produit\/bob-solaris\/#primaryimage"},"thumbnailUrl":"https:\/\/perle-in.com\/wp-content\/uploads\/2025\/10\/38662010-1.jpg","datePublished":"2025-10-14T02:26:13+00:00","dateModified":"2025-10-14T02:26:32+00:00","breadcrumb":{"@id":"https:\/\/perle-in.com\/produit\/bob-solaris\/#breadcrumb"},"inLanguage":"en-CA","potentialAction":[{"@type":"ReadAction","target":["https:\/\/perle-in.com\/produit\/bob-solaris\/"]}]},{"@type":"ImageObject","inLanguage":"en-CA","@id":"https:\/\/perle-in.com\/produit\/bob-solaris\/#primaryimage","url":"https:\/\/perle-in.com\/wp-content\/uploads\/2025\/10\/38662010-1.jpg","contentUrl":"https:\/\/perle-in.com\/wp-content\/uploads\/2025\/10\/38662010-1.jpg","width":1600,"height":1600},{"@type":"BreadcrumbList","@id":"https:\/\/perle-in.com\/produit\/bob-solaris\/#breadcrumb","itemListElement":[{"@type":"ListItem","position":1,"name":"Accueil","item":"https:\/\/perle-in.com\/"},{"@type":"ListItem","position":2,"name":"Boutique","item":"https:\/\/perle-in.com\/boutique\/"},{"@type":"ListItem","position":3,"name":"Bob Solaris"}]},{"@type":"WebSite","@id":"https:\/\/perle-in.com\/#website","url":"https:\/\/perle-in.com\/","name":"PERLE IN","description":"","publisher":{"@id":"https:\/\/perle-in.com\/#organization"},"potentialAction":[{"@type":"SearchAction","target":{"@type":"EntryPoint","urlTemplate":"https:\/\/perle-in.com\/?s={search_term_string}"},"query-input":{"@type":"PropertyValueSpecification","valueRequired":true,"valueName":"search_term_string"}}],"inLanguage":"en-CA"},{"@type":"Organization","@id":"https:\/\/perle-in.com\/#organization","name":"PERLE IN","url":"https:\/\/perle-in.com\/","logo":{"@type":"ImageObject","inLanguage":"en-CA","@id":"https:\/\/perle-in.com\/#\/schema\/logo\/image\/","url":"https:\/\/perle-in.com\/wp-content\/uploads\/2022\/12\/LOGO-PERLE-IN-COULEUR@3x.webp","contentUrl":"https:\/\/perle-in.com\/wp-content\/uploads\/2022\/12\/LOGO-PERLE-IN-COULEUR@3x.webp","width":1600,"height":490,"caption":"PERLE IN"},"image":{"@id":"https:\/\/perle-in.com\/#\/schema\/logo\/image\/"}}]}},"jetpack_sharing_enabled":true,"_links":{"self":[{"href":"https:\/\/perle-in.com\/en\/wp-json\/wp\/v2\/product\/518335","targetHints":{"allow":["GET"]}}],"collection":[{"href":"https:\/\/perle-in.com\/en\/wp-json\/wp\/v2\/product"}],"about":[{"href":"https:\/\/perle-in.com\/en\/wp-json\/wp\/v2\/types\/product"}],"version-history":[{"count":0,"href":"https:\/\/perle-in.com\/en\/wp-json\/wp\/v2\/product\/518335\/revisions"}],"wp:featuredmedia":[{"embeddable":true,"href":"https:\/\/perle-in.com\/en\/wp-json\/wp\/v2\/media\/518325"}],"wp:attachment":[{"href":"https:\/\/perle-in.com\/en\/wp-json\/wp\/v2\/media?parent=518335"}],"wp:term":[{"taxonomy":"product_brand","embeddable":true,"href":"https:\/\/perle-in.com\/en\/wp-json\/wp\/v2\/product_brand?post=518335"},{"taxonomy":"product_cat","embeddable":true,"href":"https:\/\/perle-in.com\/en\/wp-json\/wp\/v2\/product_cat?post=518335"},{"taxonomy":"product_tag","embeddable":true,"href":"https:\/\/perle-in.com\/en\/wp-json\/wp\/v2\/product_tag?post=518335"}],"curies":[{"name":"wp","href":"https:\/\/api.w.org\/{rel}","templated":true}]}}