{"id":518323,"date":"2025-10-14T04:24:06","date_gmt":"2025-10-14T02:24:06","guid":{"rendered":"https:\/\/perle-in.com\/produit\/mighty-led-bonnet-en-tricot\/"},"modified":"2025-10-14T04:24:07","modified_gmt":"2025-10-14T02:24:07","slug":"mighty-led-bonnet-en-tricot","status":"publish","type":"product","link":"https:\/\/perle-in.com\/en\/product\/mighty-led-bonnet-en-tricot\/","title":{"rendered":"Mighty LED bonnet en tricot"},"content":{"rendered":"","protected":false},"excerpt":{"rendered":"<p>Le bonnet en tricot Mighty LED &#8211; une combinaison parfaite de chaleur et de praticit\u00e9. Fabriqu\u00e9 en acrylique \u00e9pais en tricot c\u00f4tel\u00e9 1&#215;1, ce bonnet \u00e0 double couche offre \u00e0 la fois confort et chaleur. Mais ce qui distingue ce bonnet, c&#8217;est son phare LED amovible innovant, dot\u00e9 de trois niveaux de luminosit\u00e9. Bien rang\u00e9e dans le revers de la manche, elle peut \u00eatre facilement retir\u00e9e pour \u00eatre lav\u00e9e et recharg\u00e9e \u00e0 l&#8217;aide d&#8217;un c\u00e2ble USB-A (non fourni). Que vous braviez le froid ou que vous ayez besoin d&#8217;une visibilit\u00e9 accrue dans l&#8217;obscurit\u00e9, ce bonnet est votre compagnon fiable pour toutes les aventures. Rehaussez votre garde-robe hivernale avec le bonnet tricot\u00e9 Mighty LED, o\u00f9 la mode se marie parfaitement \u00e0 la fonction.<\/p>","protected":false},"featured_media":518318,"template":"","meta":{"_eb_attr":""},"product_brand":[],"product_cat":[1025,1024],"product_tag":[1029,2481,1030,1031,2482,1402],"class_list":{"0":"post-518323","1":"product","2":"type-product","3":"status-publish","4":"has-post-thumbnail","6":"product_cat-bonnets","7":"product_cat-vetements","8":"product_tag-bonnet","9":"product_tag-bonnet-en-tricot","10":"product_tag-bonnets","11":"product_tag-couvre-chef","12":"product_tag-lampe-frontale-led","13":"product_tag-lumiere-led","14":"pa_couleurs-noir","15":"pa_genre-unisex","16":"pa_marque-elevate-life","17":"pa_matiere-tricot-cotele-1x1-acrylique-92-g-m2","19":"first","20":"instock","21":"shipping-taxable","22":"purchasable","23":"product-type-variable"},"yoast_head":"<!-- This site is optimized with the Yoast SEO plugin v27.4 - https:\/\/yoast.com\/product\/yoast-seo-wordpress\/ -->\n<title>Mighty LED bonnet en tricot - PERLE IN<\/title>\n<meta name=\"robots\" content=\"noindex, follow, max-snippet:-1, max-image-preview:large, max-video-preview:-1\" \/>\n<meta property=\"og:locale\" content=\"en_US\" \/>\n<meta property=\"og:type\" content=\"article\" \/>\n<meta property=\"og:title\" content=\"Mighty LED bonnet en tricot - PERLE IN\" \/>\n<meta property=\"og:description\" content=\"Le bonnet en tricot Mighty LED - une combinaison parfaite de chaleur et de praticit\u00e9. Fabriqu\u00e9 en acrylique \u00e9pais en tricot c\u00f4tel\u00e9 1x1, ce bonnet \u00e0 double couche offre \u00e0 la fois confort et chaleur. Mais ce qui distingue ce bonnet, c&#039;est son phare LED amovible innovant, dot\u00e9 de trois niveaux de luminosit\u00e9. Bien rang\u00e9e dans le revers de la manche, elle peut \u00eatre facilement retir\u00e9e pour \u00eatre lav\u00e9e et recharg\u00e9e \u00e0 l&#039;aide d&#039;un c\u00e2ble USB-A (non fourni). Que vous braviez le froid ou que vous ayez besoin d&#039;une visibilit\u00e9 accrue dans l&#039;obscurit\u00e9, ce bonnet est votre compagnon fiable pour toutes les aventures. Rehaussez votre garde-robe hivernale avec le bonnet tricot\u00e9 Mighty LED, o\u00f9 la mode se marie parfaitement \u00e0 la fonction.\" \/>\n<meta property=\"og:url\" content=\"https:\/\/perle-in.com\/en\/product\/mighty-led-bonnet-en-tricot\/\" \/>\n<meta property=\"og:site_name\" content=\"PERLE IN\" \/>\n<meta property=\"article:modified_time\" content=\"2025-10-14T02:24:07+00:00\" \/>\n<meta property=\"og:image\" content=\"https:\/\/perle-in.com\/wp-content\/uploads\/2025\/10\/38661990-1.jpg\" \/>\n\t<meta property=\"og:image:width\" content=\"1600\" \/>\n\t<meta property=\"og:image:height\" content=\"1600\" \/>\n\t<meta property=\"og:image:type\" content=\"image\/jpeg\" \/>\n<meta name=\"twitter:card\" content=\"summary_large_image\" \/>\n<script type=\"application\/ld+json\" class=\"yoast-schema-graph\">{\"@context\":\"https:\\\/\\\/schema.org\",\"@graph\":[{\"@type\":\"WebPage\",\"@id\":\"https:\\\/\\\/perle-in.com\\\/produit\\\/mighty-led-bonnet-en-tricot\\\/\",\"url\":\"https:\\\/\\\/perle-in.com\\\/produit\\\/mighty-led-bonnet-en-tricot\\\/\",\"name\":\"Mighty LED bonnet en tricot - PERLE IN\",\"isPartOf\":{\"@id\":\"https:\\\/\\\/perle-in.com\\\/#website\"},\"primaryImageOfPage\":{\"@id\":\"https:\\\/\\\/perle-in.com\\\/produit\\\/mighty-led-bonnet-en-tricot\\\/#primaryimage\"},\"image\":{\"@id\":\"https:\\\/\\\/perle-in.com\\\/produit\\\/mighty-led-bonnet-en-tricot\\\/#primaryimage\"},\"thumbnailUrl\":\"https:\\\/\\\/perle-in.com\\\/wp-content\\\/uploads\\\/2025\\\/10\\\/38661990-1.jpg\",\"datePublished\":\"2025-10-14T02:24:06+00:00\",\"dateModified\":\"2025-10-14T02:24:07+00:00\",\"breadcrumb\":{\"@id\":\"https:\\\/\\\/perle-in.com\\\/produit\\\/mighty-led-bonnet-en-tricot\\\/#breadcrumb\"},\"inLanguage\":\"en-CA\",\"potentialAction\":[{\"@type\":\"ReadAction\",\"target\":[\"https:\\\/\\\/perle-in.com\\\/produit\\\/mighty-led-bonnet-en-tricot\\\/\"]}]},{\"@type\":\"ImageObject\",\"inLanguage\":\"en-CA\",\"@id\":\"https:\\\/\\\/perle-in.com\\\/produit\\\/mighty-led-bonnet-en-tricot\\\/#primaryimage\",\"url\":\"https:\\\/\\\/perle-in.com\\\/wp-content\\\/uploads\\\/2025\\\/10\\\/38661990-1.jpg\",\"contentUrl\":\"https:\\\/\\\/perle-in.com\\\/wp-content\\\/uploads\\\/2025\\\/10\\\/38661990-1.jpg\",\"width\":1600,\"height\":1600},{\"@type\":\"BreadcrumbList\",\"@id\":\"https:\\\/\\\/perle-in.com\\\/produit\\\/mighty-led-bonnet-en-tricot\\\/#breadcrumb\",\"itemListElement\":[{\"@type\":\"ListItem\",\"position\":1,\"name\":\"Accueil\",\"item\":\"https:\\\/\\\/perle-in.com\\\/\"},{\"@type\":\"ListItem\",\"position\":2,\"name\":\"Boutique\",\"item\":\"https:\\\/\\\/perle-in.com\\\/boutique\\\/\"},{\"@type\":\"ListItem\",\"position\":3,\"name\":\"Mighty LED bonnet en tricot\"}]},{\"@type\":\"WebSite\",\"@id\":\"https:\\\/\\\/perle-in.com\\\/#website\",\"url\":\"https:\\\/\\\/perle-in.com\\\/\",\"name\":\"PERLE IN\",\"description\":\"\",\"publisher\":{\"@id\":\"https:\\\/\\\/perle-in.com\\\/#organization\"},\"potentialAction\":[{\"@type\":\"SearchAction\",\"target\":{\"@type\":\"EntryPoint\",\"urlTemplate\":\"https:\\\/\\\/perle-in.com\\\/?s={search_term_string}\"},\"query-input\":{\"@type\":\"PropertyValueSpecification\",\"valueRequired\":true,\"valueName\":\"search_term_string\"}}],\"inLanguage\":\"en-CA\"},{\"@type\":\"Organization\",\"@id\":\"https:\\\/\\\/perle-in.com\\\/#organization\",\"name\":\"PERLE IN\",\"url\":\"https:\\\/\\\/perle-in.com\\\/\",\"logo\":{\"@type\":\"ImageObject\",\"inLanguage\":\"en-CA\",\"@id\":\"https:\\\/\\\/perle-in.com\\\/#\\\/schema\\\/logo\\\/image\\\/\",\"url\":\"https:\\\/\\\/perle-in.com\\\/wp-content\\\/uploads\\\/2022\\\/12\\\/LOGO-PERLE-IN-COULEUR@3x.webp\",\"contentUrl\":\"https:\\\/\\\/perle-in.com\\\/wp-content\\\/uploads\\\/2022\\\/12\\\/LOGO-PERLE-IN-COULEUR@3x.webp\",\"width\":1600,\"height\":490,\"caption\":\"PERLE IN\"},\"image\":{\"@id\":\"https:\\\/\\\/perle-in.com\\\/#\\\/schema\\\/logo\\\/image\\\/\"}}]}<\/script>\n<!-- \/ Yoast SEO plugin. -->","yoast_head_json":{"title":"Mighty LED bonnet en tricot - PERLE IN","robots":{"index":"noindex","follow":"follow","max-snippet":"max-snippet:-1","max-image-preview":"max-image-preview:large","max-video-preview":"max-video-preview:-1"},"og_locale":"en_US","og_type":"article","og_title":"Mighty LED bonnet en tricot - PERLE IN","og_description":"Le bonnet en tricot Mighty LED - une combinaison parfaite de chaleur et de praticit\u00e9. Fabriqu\u00e9 en acrylique \u00e9pais en tricot c\u00f4tel\u00e9 1x1, ce bonnet \u00e0 double couche offre \u00e0 la fois confort et chaleur. Mais ce qui distingue ce bonnet, c'est son phare LED amovible innovant, dot\u00e9 de trois niveaux de luminosit\u00e9. Bien rang\u00e9e dans le revers de la manche, elle peut \u00eatre facilement retir\u00e9e pour \u00eatre lav\u00e9e et recharg\u00e9e \u00e0 l'aide d'un c\u00e2ble USB-A (non fourni). Que vous braviez le froid ou que vous ayez besoin d'une visibilit\u00e9 accrue dans l'obscurit\u00e9, ce bonnet est votre compagnon fiable pour toutes les aventures. Rehaussez votre garde-robe hivernale avec le bonnet tricot\u00e9 Mighty LED, o\u00f9 la mode se marie parfaitement \u00e0 la fonction.","og_url":"https:\/\/perle-in.com\/en\/product\/mighty-led-bonnet-en-tricot\/","og_site_name":"PERLE IN","article_modified_time":"2025-10-14T02:24:07+00:00","og_image":[{"width":1600,"height":1600,"url":"https:\/\/perle-in.com\/wp-content\/uploads\/2025\/10\/38661990-1.jpg","type":"image\/jpeg"}],"twitter_card":"summary_large_image","schema":{"@context":"https:\/\/schema.org","@graph":[{"@type":"WebPage","@id":"https:\/\/perle-in.com\/produit\/mighty-led-bonnet-en-tricot\/","url":"https:\/\/perle-in.com\/produit\/mighty-led-bonnet-en-tricot\/","name":"Mighty LED bonnet en tricot - PERLE IN","isPartOf":{"@id":"https:\/\/perle-in.com\/#website"},"primaryImageOfPage":{"@id":"https:\/\/perle-in.com\/produit\/mighty-led-bonnet-en-tricot\/#primaryimage"},"image":{"@id":"https:\/\/perle-in.com\/produit\/mighty-led-bonnet-en-tricot\/#primaryimage"},"thumbnailUrl":"https:\/\/perle-in.com\/wp-content\/uploads\/2025\/10\/38661990-1.jpg","datePublished":"2025-10-14T02:24:06+00:00","dateModified":"2025-10-14T02:24:07+00:00","breadcrumb":{"@id":"https:\/\/perle-in.com\/produit\/mighty-led-bonnet-en-tricot\/#breadcrumb"},"inLanguage":"en-CA","potentialAction":[{"@type":"ReadAction","target":["https:\/\/perle-in.com\/produit\/mighty-led-bonnet-en-tricot\/"]}]},{"@type":"ImageObject","inLanguage":"en-CA","@id":"https:\/\/perle-in.com\/produit\/mighty-led-bonnet-en-tricot\/#primaryimage","url":"https:\/\/perle-in.com\/wp-content\/uploads\/2025\/10\/38661990-1.jpg","contentUrl":"https:\/\/perle-in.com\/wp-content\/uploads\/2025\/10\/38661990-1.jpg","width":1600,"height":1600},{"@type":"BreadcrumbList","@id":"https:\/\/perle-in.com\/produit\/mighty-led-bonnet-en-tricot\/#breadcrumb","itemListElement":[{"@type":"ListItem","position":1,"name":"Accueil","item":"https:\/\/perle-in.com\/"},{"@type":"ListItem","position":2,"name":"Boutique","item":"https:\/\/perle-in.com\/boutique\/"},{"@type":"ListItem","position":3,"name":"Mighty LED bonnet en tricot"}]},{"@type":"WebSite","@id":"https:\/\/perle-in.com\/#website","url":"https:\/\/perle-in.com\/","name":"PERLE IN","description":"","publisher":{"@id":"https:\/\/perle-in.com\/#organization"},"potentialAction":[{"@type":"SearchAction","target":{"@type":"EntryPoint","urlTemplate":"https:\/\/perle-in.com\/?s={search_term_string}"},"query-input":{"@type":"PropertyValueSpecification","valueRequired":true,"valueName":"search_term_string"}}],"inLanguage":"en-CA"},{"@type":"Organization","@id":"https:\/\/perle-in.com\/#organization","name":"PERLE IN","url":"https:\/\/perle-in.com\/","logo":{"@type":"ImageObject","inLanguage":"en-CA","@id":"https:\/\/perle-in.com\/#\/schema\/logo\/image\/","url":"https:\/\/perle-in.com\/wp-content\/uploads\/2022\/12\/LOGO-PERLE-IN-COULEUR@3x.webp","contentUrl":"https:\/\/perle-in.com\/wp-content\/uploads\/2022\/12\/LOGO-PERLE-IN-COULEUR@3x.webp","width":1600,"height":490,"caption":"PERLE IN"},"image":{"@id":"https:\/\/perle-in.com\/#\/schema\/logo\/image\/"}}]}},"jetpack_sharing_enabled":true,"_links":{"self":[{"href":"https:\/\/perle-in.com\/en\/wp-json\/wp\/v2\/product\/518323","targetHints":{"allow":["GET"]}}],"collection":[{"href":"https:\/\/perle-in.com\/en\/wp-json\/wp\/v2\/product"}],"about":[{"href":"https:\/\/perle-in.com\/en\/wp-json\/wp\/v2\/types\/product"}],"version-history":[{"count":0,"href":"https:\/\/perle-in.com\/en\/wp-json\/wp\/v2\/product\/518323\/revisions"}],"wp:featuredmedia":[{"embeddable":true,"href":"https:\/\/perle-in.com\/en\/wp-json\/wp\/v2\/media\/518318"}],"wp:attachment":[{"href":"https:\/\/perle-in.com\/en\/wp-json\/wp\/v2\/media?parent=518323"}],"wp:term":[{"taxonomy":"product_brand","embeddable":true,"href":"https:\/\/perle-in.com\/en\/wp-json\/wp\/v2\/product_brand?post=518323"},{"taxonomy":"product_cat","embeddable":true,"href":"https:\/\/perle-in.com\/en\/wp-json\/wp\/v2\/product_cat?post=518323"},{"taxonomy":"product_tag","embeddable":true,"href":"https:\/\/perle-in.com\/en\/wp-json\/wp\/v2\/product_tag?post=518323"}],"curies":[{"name":"wp","href":"https:\/\/api.w.org\/{rel}","templated":true}]}}