{"id":517982,"date":"2025-10-14T04:18:37","date_gmt":"2025-10-14T02:18:37","guid":{"rendered":"https:\/\/perle-in.com\/produit\/veste-softshell-femme-maxson\/"},"modified":"2025-10-14T22:31:06","modified_gmt":"2025-10-14T20:31:06","slug":"veste-softshell-femme-maxson","status":"publish","type":"product","link":"https:\/\/perle-in.com\/en\/product\/veste-softshell-femme-maxson\/","title":{"rendered":"Veste softshell femme Maxson"},"content":{"rendered":"","protected":false},"excerpt":{"rendered":"<p>La veste softshell Maxson pour femme est le m\u00e9lange ultime de style et de performance pour vos aventures en plein air. Fabriqu\u00e9e en polyester 270 g\/m\u00b2 avec finition d\u00e9perlante, cette veste softshell \u00e0 trois couches offre une protection imperm\u00e9able de 8000 mm et une respirabilit\u00e9 de 400 g\/m\u00b2. Son tissu extensible m\u00e9canique garantit des mouvements sans restriction, tandis que la doublure en micropolaire vous garde bien au chaud. Qu&#8217;il s&#8217;agisse d&#8217;affronter la pluie ou de rester actif, cette veste polyvalente vous permet de rester \u00e0 l&#8217;aise et au sec. Les poches zipp\u00e9es pratiques pour les mains vous permettent de ranger vos objets essentiels en toute s\u00e9curit\u00e9. Les poignets r\u00e9glables avec fermeture auto-agrippante permettent un ajustement personnalis\u00e9. La veste Maxson est le compagnon id\u00e9al pour vos activit\u00e9s de plein air. Elle allie fonctionnalit\u00e9 et style sans effort. Cette veste est con\u00e7ue avec une forme ajust\u00e9e pour un look f\u00e9minin.<\/p>","protected":false},"featured_media":517410,"template":"","meta":{"_eb_attr":""},"product_brand":[],"product_cat":[1260,1024],"product_tag":[2471,2472,2469,2470,2459,2468,2460,2461,2464,2465,2466,2467,2462,2463],"class_list":{"0":"post-517982","1":"product","2":"type-product","3":"status-publish","4":"has-post-thumbnail","6":"product_cat-jackets","7":"product_cat-vetements","8":"product_tag-coat","9":"product_tag-coats","10":"product_tag-jacket","11":"product_tag-jackets","12":"product_tag-maxon-jacket","13":"product_tag-rain","14":"product_tag-softshell","15":"product_tag-softshells","16":"product_tag-sport-jacket","17":"product_tag-sport-jackets","18":"product_tag-waterproof-jacket","19":"product_tag-waterproof-jackets","20":"product_tag-windbreaker","21":"product_tag-windbreakers","22":"pa_couleurs-gris-storm","23":"pa_couleurs-marine","24":"pa_couleurs-noir","25":"pa_couleurs-orange","26":"pa_couleurs-rouge","27":"pa_genre-female","28":"pa_marque-elevate-life","29":"pa_matiere-tissu-extensible-mecaniquement-avec-membrane-impermeable-et-respirante-et-finition-hydrofu","30":"pa_taille-l","31":"pa_taille-m","32":"pa_taille-s","33":"pa_taille-xl","34":"pa_taille-xs","36":"first","37":"instock","38":"sale","39":"shipping-taxable","40":"purchasable","41":"product-type-variable"},"yoast_head":"<!-- This site is optimized with the Yoast SEO plugin v27.4 - https:\/\/yoast.com\/product\/yoast-seo-wordpress\/ -->\n<title>Veste softshell femme Maxson - PERLE IN<\/title>\n<meta name=\"robots\" content=\"noindex, follow, max-snippet:-1, max-image-preview:large, max-video-preview:-1\" \/>\n<meta property=\"og:locale\" content=\"en_US\" \/>\n<meta property=\"og:type\" content=\"article\" \/>\n<meta property=\"og:title\" content=\"Veste softshell femme Maxson - PERLE IN\" \/>\n<meta property=\"og:description\" content=\"La veste softshell Maxson pour femme est le m\u00e9lange ultime de style et de performance pour vos aventures en plein air. Fabriqu\u00e9e en polyester 270 g\/m\u00b2 avec finition d\u00e9perlante, cette veste softshell \u00e0 trois couches offre une protection imperm\u00e9able de 8000 mm et une respirabilit\u00e9 de 400 g\/m\u00b2. Son tissu extensible m\u00e9canique garantit des mouvements sans restriction, tandis que la doublure en micropolaire vous garde bien au chaud. Qu&#039;il s&#039;agisse d&#039;affronter la pluie ou de rester actif, cette veste polyvalente vous permet de rester \u00e0 l&#039;aise et au sec. Les poches zipp\u00e9es pratiques pour les mains vous permettent de ranger vos objets essentiels en toute s\u00e9curit\u00e9. Les poignets r\u00e9glables avec fermeture auto-agrippante permettent un ajustement personnalis\u00e9. La veste Maxson est le compagnon id\u00e9al pour vos activit\u00e9s de plein air. Elle allie fonctionnalit\u00e9 et style sans effort. Cette veste est con\u00e7ue avec une forme ajust\u00e9e pour un look f\u00e9minin.\" \/>\n<meta property=\"og:url\" content=\"https:\/\/perle-in.com\/en\/product\/veste-softshell-femme-maxson\/\" \/>\n<meta property=\"og:site_name\" content=\"PERLE IN\" \/>\n<meta property=\"article:modified_time\" content=\"2025-10-14T20:31:06+00:00\" \/>\n<meta property=\"og:image\" content=\"https:\/\/perle-in.com\/wp-content\/uploads\/2025\/10\/3832025-1.jpg\" \/>\n\t<meta property=\"og:image:width\" content=\"1600\" \/>\n\t<meta property=\"og:image:height\" content=\"1600\" \/>\n\t<meta property=\"og:image:type\" content=\"image\/jpeg\" \/>\n<meta name=\"twitter:card\" content=\"summary_large_image\" \/>\n<script type=\"application\/ld+json\" class=\"yoast-schema-graph\">{\"@context\":\"https:\\\/\\\/schema.org\",\"@graph\":[{\"@type\":\"WebPage\",\"@id\":\"https:\\\/\\\/perle-in.com\\\/produit\\\/veste-softshell-femme-maxson\\\/\",\"url\":\"https:\\\/\\\/perle-in.com\\\/produit\\\/veste-softshell-femme-maxson\\\/\",\"name\":\"Veste softshell femme Maxson - PERLE IN\",\"isPartOf\":{\"@id\":\"https:\\\/\\\/perle-in.com\\\/#website\"},\"primaryImageOfPage\":{\"@id\":\"https:\\\/\\\/perle-in.com\\\/produit\\\/veste-softshell-femme-maxson\\\/#primaryimage\"},\"image\":{\"@id\":\"https:\\\/\\\/perle-in.com\\\/produit\\\/veste-softshell-femme-maxson\\\/#primaryimage\"},\"thumbnailUrl\":\"https:\\\/\\\/perle-in.com\\\/wp-content\\\/uploads\\\/2025\\\/10\\\/3832025-1.jpg\",\"datePublished\":\"2025-10-14T02:18:37+00:00\",\"dateModified\":\"2025-10-14T20:31:06+00:00\",\"breadcrumb\":{\"@id\":\"https:\\\/\\\/perle-in.com\\\/produit\\\/veste-softshell-femme-maxson\\\/#breadcrumb\"},\"inLanguage\":\"en-CA\",\"potentialAction\":[{\"@type\":\"ReadAction\",\"target\":[\"https:\\\/\\\/perle-in.com\\\/produit\\\/veste-softshell-femme-maxson\\\/\"]}]},{\"@type\":\"ImageObject\",\"inLanguage\":\"en-CA\",\"@id\":\"https:\\\/\\\/perle-in.com\\\/produit\\\/veste-softshell-femme-maxson\\\/#primaryimage\",\"url\":\"https:\\\/\\\/perle-in.com\\\/wp-content\\\/uploads\\\/2025\\\/10\\\/3832025-1.jpg\",\"contentUrl\":\"https:\\\/\\\/perle-in.com\\\/wp-content\\\/uploads\\\/2025\\\/10\\\/3832025-1.jpg\",\"width\":1600,\"height\":1600},{\"@type\":\"BreadcrumbList\",\"@id\":\"https:\\\/\\\/perle-in.com\\\/produit\\\/veste-softshell-femme-maxson\\\/#breadcrumb\",\"itemListElement\":[{\"@type\":\"ListItem\",\"position\":1,\"name\":\"Accueil\",\"item\":\"https:\\\/\\\/perle-in.com\\\/\"},{\"@type\":\"ListItem\",\"position\":2,\"name\":\"Boutique\",\"item\":\"https:\\\/\\\/perle-in.com\\\/boutique\\\/\"},{\"@type\":\"ListItem\",\"position\":3,\"name\":\"Veste softshell femme Maxson\"}]},{\"@type\":\"WebSite\",\"@id\":\"https:\\\/\\\/perle-in.com\\\/#website\",\"url\":\"https:\\\/\\\/perle-in.com\\\/\",\"name\":\"PERLE IN\",\"description\":\"\",\"publisher\":{\"@id\":\"https:\\\/\\\/perle-in.com\\\/#organization\"},\"potentialAction\":[{\"@type\":\"SearchAction\",\"target\":{\"@type\":\"EntryPoint\",\"urlTemplate\":\"https:\\\/\\\/perle-in.com\\\/?s={search_term_string}\"},\"query-input\":{\"@type\":\"PropertyValueSpecification\",\"valueRequired\":true,\"valueName\":\"search_term_string\"}}],\"inLanguage\":\"en-CA\"},{\"@type\":\"Organization\",\"@id\":\"https:\\\/\\\/perle-in.com\\\/#organization\",\"name\":\"PERLE IN\",\"url\":\"https:\\\/\\\/perle-in.com\\\/\",\"logo\":{\"@type\":\"ImageObject\",\"inLanguage\":\"en-CA\",\"@id\":\"https:\\\/\\\/perle-in.com\\\/#\\\/schema\\\/logo\\\/image\\\/\",\"url\":\"https:\\\/\\\/perle-in.com\\\/wp-content\\\/uploads\\\/2022\\\/12\\\/LOGO-PERLE-IN-COULEUR@3x.webp\",\"contentUrl\":\"https:\\\/\\\/perle-in.com\\\/wp-content\\\/uploads\\\/2022\\\/12\\\/LOGO-PERLE-IN-COULEUR@3x.webp\",\"width\":1600,\"height\":490,\"caption\":\"PERLE IN\"},\"image\":{\"@id\":\"https:\\\/\\\/perle-in.com\\\/#\\\/schema\\\/logo\\\/image\\\/\"}}]}<\/script>\n<!-- \/ Yoast SEO plugin. -->","yoast_head_json":{"title":"Veste softshell femme Maxson - PERLE IN","robots":{"index":"noindex","follow":"follow","max-snippet":"max-snippet:-1","max-image-preview":"max-image-preview:large","max-video-preview":"max-video-preview:-1"},"og_locale":"en_US","og_type":"article","og_title":"Veste softshell femme Maxson - PERLE IN","og_description":"La veste softshell Maxson pour femme est le m\u00e9lange ultime de style et de performance pour vos aventures en plein air. Fabriqu\u00e9e en polyester 270 g\/m\u00b2 avec finition d\u00e9perlante, cette veste softshell \u00e0 trois couches offre une protection imperm\u00e9able de 8000 mm et une respirabilit\u00e9 de 400 g\/m\u00b2. Son tissu extensible m\u00e9canique garantit des mouvements sans restriction, tandis que la doublure en micropolaire vous garde bien au chaud. Qu'il s'agisse d'affronter la pluie ou de rester actif, cette veste polyvalente vous permet de rester \u00e0 l'aise et au sec. Les poches zipp\u00e9es pratiques pour les mains vous permettent de ranger vos objets essentiels en toute s\u00e9curit\u00e9. Les poignets r\u00e9glables avec fermeture auto-agrippante permettent un ajustement personnalis\u00e9. La veste Maxson est le compagnon id\u00e9al pour vos activit\u00e9s de plein air. Elle allie fonctionnalit\u00e9 et style sans effort. Cette veste est con\u00e7ue avec une forme ajust\u00e9e pour un look f\u00e9minin.","og_url":"https:\/\/perle-in.com\/en\/product\/veste-softshell-femme-maxson\/","og_site_name":"PERLE IN","article_modified_time":"2025-10-14T20:31:06+00:00","og_image":[{"width":1600,"height":1600,"url":"https:\/\/perle-in.com\/wp-content\/uploads\/2025\/10\/3832025-1.jpg","type":"image\/jpeg"}],"twitter_card":"summary_large_image","schema":{"@context":"https:\/\/schema.org","@graph":[{"@type":"WebPage","@id":"https:\/\/perle-in.com\/produit\/veste-softshell-femme-maxson\/","url":"https:\/\/perle-in.com\/produit\/veste-softshell-femme-maxson\/","name":"Veste softshell femme Maxson - PERLE IN","isPartOf":{"@id":"https:\/\/perle-in.com\/#website"},"primaryImageOfPage":{"@id":"https:\/\/perle-in.com\/produit\/veste-softshell-femme-maxson\/#primaryimage"},"image":{"@id":"https:\/\/perle-in.com\/produit\/veste-softshell-femme-maxson\/#primaryimage"},"thumbnailUrl":"https:\/\/perle-in.com\/wp-content\/uploads\/2025\/10\/3832025-1.jpg","datePublished":"2025-10-14T02:18:37+00:00","dateModified":"2025-10-14T20:31:06+00:00","breadcrumb":{"@id":"https:\/\/perle-in.com\/produit\/veste-softshell-femme-maxson\/#breadcrumb"},"inLanguage":"en-CA","potentialAction":[{"@type":"ReadAction","target":["https:\/\/perle-in.com\/produit\/veste-softshell-femme-maxson\/"]}]},{"@type":"ImageObject","inLanguage":"en-CA","@id":"https:\/\/perle-in.com\/produit\/veste-softshell-femme-maxson\/#primaryimage","url":"https:\/\/perle-in.com\/wp-content\/uploads\/2025\/10\/3832025-1.jpg","contentUrl":"https:\/\/perle-in.com\/wp-content\/uploads\/2025\/10\/3832025-1.jpg","width":1600,"height":1600},{"@type":"BreadcrumbList","@id":"https:\/\/perle-in.com\/produit\/veste-softshell-femme-maxson\/#breadcrumb","itemListElement":[{"@type":"ListItem","position":1,"name":"Accueil","item":"https:\/\/perle-in.com\/"},{"@type":"ListItem","position":2,"name":"Boutique","item":"https:\/\/perle-in.com\/boutique\/"},{"@type":"ListItem","position":3,"name":"Veste softshell femme Maxson"}]},{"@type":"WebSite","@id":"https:\/\/perle-in.com\/#website","url":"https:\/\/perle-in.com\/","name":"PERLE IN","description":"","publisher":{"@id":"https:\/\/perle-in.com\/#organization"},"potentialAction":[{"@type":"SearchAction","target":{"@type":"EntryPoint","urlTemplate":"https:\/\/perle-in.com\/?s={search_term_string}"},"query-input":{"@type":"PropertyValueSpecification","valueRequired":true,"valueName":"search_term_string"}}],"inLanguage":"en-CA"},{"@type":"Organization","@id":"https:\/\/perle-in.com\/#organization","name":"PERLE IN","url":"https:\/\/perle-in.com\/","logo":{"@type":"ImageObject","inLanguage":"en-CA","@id":"https:\/\/perle-in.com\/#\/schema\/logo\/image\/","url":"https:\/\/perle-in.com\/wp-content\/uploads\/2022\/12\/LOGO-PERLE-IN-COULEUR@3x.webp","contentUrl":"https:\/\/perle-in.com\/wp-content\/uploads\/2022\/12\/LOGO-PERLE-IN-COULEUR@3x.webp","width":1600,"height":490,"caption":"PERLE IN"},"image":{"@id":"https:\/\/perle-in.com\/#\/schema\/logo\/image\/"}}]}},"jetpack_sharing_enabled":true,"_links":{"self":[{"href":"https:\/\/perle-in.com\/en\/wp-json\/wp\/v2\/product\/517982","targetHints":{"allow":["GET"]}}],"collection":[{"href":"https:\/\/perle-in.com\/en\/wp-json\/wp\/v2\/product"}],"about":[{"href":"https:\/\/perle-in.com\/en\/wp-json\/wp\/v2\/types\/product"}],"version-history":[{"count":0,"href":"https:\/\/perle-in.com\/en\/wp-json\/wp\/v2\/product\/517982\/revisions"}],"wp:featuredmedia":[{"embeddable":true,"href":"https:\/\/perle-in.com\/en\/wp-json\/wp\/v2\/media\/517410"}],"wp:attachment":[{"href":"https:\/\/perle-in.com\/en\/wp-json\/wp\/v2\/media?parent=517982"}],"wp:term":[{"taxonomy":"product_brand","embeddable":true,"href":"https:\/\/perle-in.com\/en\/wp-json\/wp\/v2\/product_brand?post=517982"},{"taxonomy":"product_cat","embeddable":true,"href":"https:\/\/perle-in.com\/en\/wp-json\/wp\/v2\/product_cat?post=517982"},{"taxonomy":"product_tag","embeddable":true,"href":"https:\/\/perle-in.com\/en\/wp-json\/wp\/v2\/product_tag?post=517982"}],"curies":[{"name":"wp","href":"https:\/\/api.w.org\/{rel}","templated":true}]}}