{"id":517849,"date":"2025-10-14T04:12:48","date_gmt":"2025-10-14T02:12:48","guid":{"rendered":"https:\/\/perle-in.com\/produit\/polo-manches-longues-homme-oakville\/"},"modified":"2025-10-14T04:13:46","modified_gmt":"2025-10-14T02:13:46","slug":"polo-manches-longues-homme-oakville","status":"publish","type":"product","link":"https:\/\/perle-in.com\/en\/product\/polo-manches-longues-homme-oakville\/","title":{"rendered":"Polo manches longues homme Oakville"},"content":{"rendered":"","protected":false},"excerpt":{"rendered":"<p>Le polo Oakville \u00e0 manches longues pour homme offre un look classique et sophistiqu\u00e9. Il est fabriqu\u00e9 en tricot piqu\u00e9 200 g\/m\u00b2 100 % coton, ce qui le rend parfait pour \u00eatre port\u00e9 tout au long de l&#8217;ann\u00e9e. Ce polo est con\u00e7u avec des d\u00e9tails de piq\u00fbre pour une touche raffin\u00e9e. La bande de satin au niveau de l&#8217;encolure rend le polo durable, les fentes lat\u00e9rales en satin ajoutent \u00e0 la mobilit\u00e9, et l&#8217;\u00e9tiquette principale thermo-transfert assure un confort sans \u00e9tiquette.<\/p>","protected":false},"featured_media":511283,"template":"","meta":{"_eb_attr":""},"product_brand":[],"product_cat":[1256,1024],"product_tag":[2367,2368,2457,2366],"class_list":{"0":"post-517849","1":"product","2":"type-product","3":"status-publish","4":"has-post-thumbnail","6":"product_cat-polos","7":"product_cat-vetements","8":"product_tag-chemise-polo","9":"product_tag-chemises-polo","10":"product_tag-polo-manches-longues","11":"product_tag-polos","12":"pa_couleurs-blanc","13":"pa_couleurs-gris-melange","14":"pa_couleurs-marine","15":"pa_couleurs-noir","16":"pa_genre-male","17":"pa_marque-elevate-life","18":"pa_matiere-maille-piquee-coton-bci-200-g-m2","19":"pa_pays-d-origine-bengladesh","20":"pa_taille-2xl","21":"pa_taille-3xl","22":"pa_taille-l","23":"pa_taille-m","24":"pa_taille-s","25":"pa_taille-xl","26":"pa_taille-xs","28":"first","29":"instock","30":"shipping-taxable","31":"purchasable","32":"product-type-variable"},"yoast_head":"<!-- This site is optimized with the Yoast SEO plugin v27.4 - https:\/\/yoast.com\/product\/yoast-seo-wordpress\/ -->\n<title>Polo manches longues homme Oakville - PERLE IN<\/title>\n<meta name=\"robots\" content=\"noindex, follow, max-snippet:-1, max-image-preview:large, max-video-preview:-1\" \/>\n<meta property=\"og:locale\" content=\"en_US\" \/>\n<meta property=\"og:type\" content=\"article\" \/>\n<meta property=\"og:title\" content=\"Polo manches longues homme Oakville - PERLE IN\" \/>\n<meta property=\"og:description\" content=\"Le polo Oakville \u00e0 manches longues pour homme offre un look classique et sophistiqu\u00e9. Il est fabriqu\u00e9 en tricot piqu\u00e9 200 g\/m\u00b2 100 % coton, ce qui le rend parfait pour \u00eatre port\u00e9 tout au long de l&#039;ann\u00e9e. Ce polo est con\u00e7u avec des d\u00e9tails de piq\u00fbre pour une touche raffin\u00e9e. La bande de satin au niveau de l&#039;encolure rend le polo durable, les fentes lat\u00e9rales en satin ajoutent \u00e0 la mobilit\u00e9, et l&#039;\u00e9tiquette principale thermo-transfert assure un confort sans \u00e9tiquette.\" \/>\n<meta property=\"og:url\" content=\"https:\/\/perle-in.com\/en\/product\/polo-manches-longues-homme-oakville\/\" \/>\n<meta property=\"og:site_name\" content=\"PERLE IN\" \/>\n<meta property=\"article:modified_time\" content=\"2025-10-14T02:13:46+00:00\" \/>\n<meta property=\"og:image\" content=\"https:\/\/perle-in.com\/wp-content\/uploads\/2025\/10\/3808601-4.jpg\" \/>\n\t<meta property=\"og:image:width\" content=\"1600\" \/>\n\t<meta property=\"og:image:height\" content=\"1600\" \/>\n\t<meta property=\"og:image:type\" content=\"image\/jpeg\" \/>\n<meta name=\"twitter:card\" content=\"summary_large_image\" \/>\n<script type=\"application\/ld+json\" class=\"yoast-schema-graph\">{\"@context\":\"https:\\\/\\\/schema.org\",\"@graph\":[{\"@type\":\"WebPage\",\"@id\":\"https:\\\/\\\/perle-in.com\\\/en\\\/product\\\/polo-manches-longues-homme-oakville\\\/\",\"url\":\"https:\\\/\\\/perle-in.com\\\/en\\\/product\\\/polo-manches-longues-homme-oakville\\\/\",\"name\":\"Polo manches longues homme Oakville - PERLE IN\",\"isPartOf\":{\"@id\":\"https:\\\/\\\/perle-in.com\\\/#website\"},\"primaryImageOfPage\":{\"@id\":\"https:\\\/\\\/perle-in.com\\\/en\\\/product\\\/polo-manches-longues-homme-oakville\\\/#primaryimage\"},\"image\":{\"@id\":\"https:\\\/\\\/perle-in.com\\\/en\\\/product\\\/polo-manches-longues-homme-oakville\\\/#primaryimage\"},\"thumbnailUrl\":\"https:\\\/\\\/perle-in.com\\\/wp-content\\\/uploads\\\/2025\\\/10\\\/3808601-4.jpg\",\"datePublished\":\"2025-10-14T02:12:48+00:00\",\"dateModified\":\"2025-10-14T02:13:46+00:00\",\"breadcrumb\":{\"@id\":\"https:\\\/\\\/perle-in.com\\\/en\\\/product\\\/polo-manches-longues-homme-oakville\\\/#breadcrumb\"},\"inLanguage\":\"en-CA\",\"potentialAction\":[{\"@type\":\"ReadAction\",\"target\":[\"https:\\\/\\\/perle-in.com\\\/en\\\/product\\\/polo-manches-longues-homme-oakville\\\/\"]}]},{\"@type\":\"ImageObject\",\"inLanguage\":\"en-CA\",\"@id\":\"https:\\\/\\\/perle-in.com\\\/en\\\/product\\\/polo-manches-longues-homme-oakville\\\/#primaryimage\",\"url\":\"https:\\\/\\\/perle-in.com\\\/wp-content\\\/uploads\\\/2025\\\/10\\\/3808601-4.jpg\",\"contentUrl\":\"https:\\\/\\\/perle-in.com\\\/wp-content\\\/uploads\\\/2025\\\/10\\\/3808601-4.jpg\",\"width\":1600,\"height\":1600},{\"@type\":\"BreadcrumbList\",\"@id\":\"https:\\\/\\\/perle-in.com\\\/en\\\/product\\\/polo-manches-longues-homme-oakville\\\/#breadcrumb\",\"itemListElement\":[{\"@type\":\"ListItem\",\"position\":1,\"name\":\"Accueil\",\"item\":\"https:\\\/\\\/perle-in.com\\\/\"},{\"@type\":\"ListItem\",\"position\":2,\"name\":\"Boutique\",\"item\":\"https:\\\/\\\/perle-in.com\\\/boutique\\\/\"},{\"@type\":\"ListItem\",\"position\":3,\"name\":\"Polo manches longues homme Oakville\"}]},{\"@type\":\"WebSite\",\"@id\":\"https:\\\/\\\/perle-in.com\\\/#website\",\"url\":\"https:\\\/\\\/perle-in.com\\\/\",\"name\":\"PERLE IN\",\"description\":\"\",\"publisher\":{\"@id\":\"https:\\\/\\\/perle-in.com\\\/#organization\"},\"potentialAction\":[{\"@type\":\"SearchAction\",\"target\":{\"@type\":\"EntryPoint\",\"urlTemplate\":\"https:\\\/\\\/perle-in.com\\\/?s={search_term_string}\"},\"query-input\":{\"@type\":\"PropertyValueSpecification\",\"valueRequired\":true,\"valueName\":\"search_term_string\"}}],\"inLanguage\":\"en-CA\"},{\"@type\":\"Organization\",\"@id\":\"https:\\\/\\\/perle-in.com\\\/#organization\",\"name\":\"PERLE IN\",\"url\":\"https:\\\/\\\/perle-in.com\\\/\",\"logo\":{\"@type\":\"ImageObject\",\"inLanguage\":\"en-CA\",\"@id\":\"https:\\\/\\\/perle-in.com\\\/#\\\/schema\\\/logo\\\/image\\\/\",\"url\":\"https:\\\/\\\/perle-in.com\\\/wp-content\\\/uploads\\\/2022\\\/12\\\/LOGO-PERLE-IN-COULEUR@3x.webp\",\"contentUrl\":\"https:\\\/\\\/perle-in.com\\\/wp-content\\\/uploads\\\/2022\\\/12\\\/LOGO-PERLE-IN-COULEUR@3x.webp\",\"width\":1600,\"height\":490,\"caption\":\"PERLE IN\"},\"image\":{\"@id\":\"https:\\\/\\\/perle-in.com\\\/#\\\/schema\\\/logo\\\/image\\\/\"}}]}<\/script>\n<!-- \/ Yoast SEO plugin. -->","yoast_head_json":{"title":"Polo manches longues homme Oakville - PERLE IN","robots":{"index":"noindex","follow":"follow","max-snippet":"max-snippet:-1","max-image-preview":"max-image-preview:large","max-video-preview":"max-video-preview:-1"},"og_locale":"en_US","og_type":"article","og_title":"Polo manches longues homme Oakville - PERLE IN","og_description":"Le polo Oakville \u00e0 manches longues pour homme offre un look classique et sophistiqu\u00e9. Il est fabriqu\u00e9 en tricot piqu\u00e9 200 g\/m\u00b2 100 % coton, ce qui le rend parfait pour \u00eatre port\u00e9 tout au long de l'ann\u00e9e. Ce polo est con\u00e7u avec des d\u00e9tails de piq\u00fbre pour une touche raffin\u00e9e. La bande de satin au niveau de l'encolure rend le polo durable, les fentes lat\u00e9rales en satin ajoutent \u00e0 la mobilit\u00e9, et l'\u00e9tiquette principale thermo-transfert assure un confort sans \u00e9tiquette.","og_url":"https:\/\/perle-in.com\/en\/product\/polo-manches-longues-homme-oakville\/","og_site_name":"PERLE IN","article_modified_time":"2025-10-14T02:13:46+00:00","og_image":[{"width":1600,"height":1600,"url":"https:\/\/perle-in.com\/wp-content\/uploads\/2025\/10\/3808601-4.jpg","type":"image\/jpeg"}],"twitter_card":"summary_large_image","schema":{"@context":"https:\/\/schema.org","@graph":[{"@type":"WebPage","@id":"https:\/\/perle-in.com\/en\/product\/polo-manches-longues-homme-oakville\/","url":"https:\/\/perle-in.com\/en\/product\/polo-manches-longues-homme-oakville\/","name":"Polo manches longues homme Oakville - PERLE IN","isPartOf":{"@id":"https:\/\/perle-in.com\/#website"},"primaryImageOfPage":{"@id":"https:\/\/perle-in.com\/en\/product\/polo-manches-longues-homme-oakville\/#primaryimage"},"image":{"@id":"https:\/\/perle-in.com\/en\/product\/polo-manches-longues-homme-oakville\/#primaryimage"},"thumbnailUrl":"https:\/\/perle-in.com\/wp-content\/uploads\/2025\/10\/3808601-4.jpg","datePublished":"2025-10-14T02:12:48+00:00","dateModified":"2025-10-14T02:13:46+00:00","breadcrumb":{"@id":"https:\/\/perle-in.com\/en\/product\/polo-manches-longues-homme-oakville\/#breadcrumb"},"inLanguage":"en-CA","potentialAction":[{"@type":"ReadAction","target":["https:\/\/perle-in.com\/en\/product\/polo-manches-longues-homme-oakville\/"]}]},{"@type":"ImageObject","inLanguage":"en-CA","@id":"https:\/\/perle-in.com\/en\/product\/polo-manches-longues-homme-oakville\/#primaryimage","url":"https:\/\/perle-in.com\/wp-content\/uploads\/2025\/10\/3808601-4.jpg","contentUrl":"https:\/\/perle-in.com\/wp-content\/uploads\/2025\/10\/3808601-4.jpg","width":1600,"height":1600},{"@type":"BreadcrumbList","@id":"https:\/\/perle-in.com\/en\/product\/polo-manches-longues-homme-oakville\/#breadcrumb","itemListElement":[{"@type":"ListItem","position":1,"name":"Accueil","item":"https:\/\/perle-in.com\/"},{"@type":"ListItem","position":2,"name":"Boutique","item":"https:\/\/perle-in.com\/boutique\/"},{"@type":"ListItem","position":3,"name":"Polo manches longues homme Oakville"}]},{"@type":"WebSite","@id":"https:\/\/perle-in.com\/#website","url":"https:\/\/perle-in.com\/","name":"PERLE IN","description":"","publisher":{"@id":"https:\/\/perle-in.com\/#organization"},"potentialAction":[{"@type":"SearchAction","target":{"@type":"EntryPoint","urlTemplate":"https:\/\/perle-in.com\/?s={search_term_string}"},"query-input":{"@type":"PropertyValueSpecification","valueRequired":true,"valueName":"search_term_string"}}],"inLanguage":"en-CA"},{"@type":"Organization","@id":"https:\/\/perle-in.com\/#organization","name":"PERLE IN","url":"https:\/\/perle-in.com\/","logo":{"@type":"ImageObject","inLanguage":"en-CA","@id":"https:\/\/perle-in.com\/#\/schema\/logo\/image\/","url":"https:\/\/perle-in.com\/wp-content\/uploads\/2022\/12\/LOGO-PERLE-IN-COULEUR@3x.webp","contentUrl":"https:\/\/perle-in.com\/wp-content\/uploads\/2022\/12\/LOGO-PERLE-IN-COULEUR@3x.webp","width":1600,"height":490,"caption":"PERLE IN"},"image":{"@id":"https:\/\/perle-in.com\/#\/schema\/logo\/image\/"}}]}},"jetpack_sharing_enabled":true,"_links":{"self":[{"href":"https:\/\/perle-in.com\/en\/wp-json\/wp\/v2\/product\/517849","targetHints":{"allow":["GET"]}}],"collection":[{"href":"https:\/\/perle-in.com\/en\/wp-json\/wp\/v2\/product"}],"about":[{"href":"https:\/\/perle-in.com\/en\/wp-json\/wp\/v2\/types\/product"}],"version-history":[{"count":0,"href":"https:\/\/perle-in.com\/en\/wp-json\/wp\/v2\/product\/517849\/revisions"}],"wp:featuredmedia":[{"embeddable":true,"href":"https:\/\/perle-in.com\/en\/wp-json\/wp\/v2\/media\/511283"}],"wp:attachment":[{"href":"https:\/\/perle-in.com\/en\/wp-json\/wp\/v2\/media?parent=517849"}],"wp:term":[{"taxonomy":"product_brand","embeddable":true,"href":"https:\/\/perle-in.com\/en\/wp-json\/wp\/v2\/product_brand?post=517849"},{"taxonomy":"product_cat","embeddable":true,"href":"https:\/\/perle-in.com\/en\/wp-json\/wp\/v2\/product_cat?post=517849"},{"taxonomy":"product_tag","embeddable":true,"href":"https:\/\/perle-in.com\/en\/wp-json\/wp\/v2\/product_tag?post=517849"}],"curies":[{"name":"wp","href":"https:\/\/api.w.org\/{rel}","templated":true}]}}