{"id":517564,"date":"2025-10-14T04:08:15","date_gmt":"2025-10-14T02:08:15","guid":{"rendered":"https:\/\/perle-in.com\/produit\/polo-stretch-manches-courtes-homme-markham\/"},"modified":"2025-10-14T22:31:06","modified_gmt":"2025-10-14T20:31:06","slug":"polo-stretch-manches-courtes-homme-markham","status":"publish","type":"product","link":"https:\/\/perle-in.com\/en\/product\/polo-stretch-manches-courtes-homme-markham\/","title":{"rendered":"Polo stretch manches courtes homme Markham"},"content":{"rendered":"","protected":false},"excerpt":{"rendered":"<p>Le polo extensible \u00e0 manches courtes Markham pour homme est un m\u00e9lange parfait de style, de confort et de polyvalence. Fabriqu\u00e9 \u00e0 partir d&#8217;un tricot double piqu\u00e9 de haute qualit\u00e9 de 200 g\/m\u00b2, ce polo offre un toucher luxueux et une durabilit\u00e9 exceptionnelle. Le m\u00e9lange haut de gamme de 95 % de coton et de 5 % d&#8217;\u00e9lasthanne offre un \u00e9quilibre optimal entre respirabilit\u00e9, douceur et \u00e9lasticit\u00e9. L&#8217;ajout d&#8217;\u00e9lasthanne et le col en tissu assurent un ajustement confortable et flexible, permettant des mouvements sans restriction tout au long de la journ\u00e9e. Que vous alliez au bureau ou que vous sortiez pour une sortie d\u00e9contract\u00e9e, ce polo vous permet de vous sentir au mieux de votre forme.<\/p>","protected":false},"featured_media":511008,"template":"","meta":{"_eb_attr":""},"product_brand":[],"product_cat":[1256,1024],"product_tag":[2367,2368,2456,2404,2366],"class_list":{"0":"post-517564","1":"product","2":"type-product","3":"status-publish","4":"has-post-thumbnail","6":"product_cat-polos","7":"product_cat-vetements","8":"product_tag-chemise-polo","9":"product_tag-chemises-polo","10":"product_tag-markham-polo","11":"product_tag-polo-manches-courtes","12":"product_tag-polos","13":"pa_couleurs-anthracite","14":"pa_couleurs-blanc","15":"pa_couleurs-bleu-clair","16":"pa_couleurs-gris-melange","17":"pa_couleurs-marine","18":"pa_couleurs-noir","19":"pa_couleurs-rouge","20":"pa_genre-male","21":"pa_marque-elevate-life","22":"pa_matiere-double-pique-5-elasthanne-et-95-coton-bci-200-g-m2","23":"pa_pays-d-origine-bengladesh","24":"pa_taille-2xl","25":"pa_taille-3xl","26":"pa_taille-l","27":"pa_taille-m","28":"pa_taille-s","29":"pa_taille-xl","30":"pa_taille-xs","32":"first","33":"instock","34":"sale","35":"shipping-taxable","36":"purchasable","37":"product-type-variable"},"yoast_head":"<!-- This site is optimized with the Yoast SEO plugin v27.4 - https:\/\/yoast.com\/product\/yoast-seo-wordpress\/ -->\n<title>Polo stretch manches courtes homme Markham - PERLE IN<\/title>\n<meta name=\"robots\" content=\"noindex, follow, max-snippet:-1, max-image-preview:large, max-video-preview:-1\" \/>\n<meta property=\"og:locale\" content=\"en_US\" \/>\n<meta property=\"og:type\" content=\"article\" \/>\n<meta property=\"og:title\" content=\"Polo stretch manches courtes homme Markham - PERLE IN\" \/>\n<meta property=\"og:description\" content=\"Le polo extensible \u00e0 manches courtes Markham pour homme est un m\u00e9lange parfait de style, de confort et de polyvalence. Fabriqu\u00e9 \u00e0 partir d&#039;un tricot double piqu\u00e9 de haute qualit\u00e9 de 200 g\/m\u00b2, ce polo offre un toucher luxueux et une durabilit\u00e9 exceptionnelle. Le m\u00e9lange haut de gamme de 95 % de coton et de 5 % d&#039;\u00e9lasthanne offre un \u00e9quilibre optimal entre respirabilit\u00e9, douceur et \u00e9lasticit\u00e9. L&#039;ajout d&#039;\u00e9lasthanne et le col en tissu assurent un ajustement confortable et flexible, permettant des mouvements sans restriction tout au long de la journ\u00e9e. Que vous alliez au bureau ou que vous sortiez pour une sortie d\u00e9contract\u00e9e, ce polo vous permet de vous sentir au mieux de votre forme.\" \/>\n<meta property=\"og:url\" content=\"https:\/\/perle-in.com\/en\/product\/polo-stretch-manches-courtes-homme-markham\/\" \/>\n<meta property=\"og:site_name\" content=\"PERLE IN\" \/>\n<meta property=\"article:modified_time\" content=\"2025-10-14T20:31:06+00:00\" \/>\n<meta property=\"og:image\" content=\"https:\/\/perle-in.com\/wp-content\/uploads\/2025\/10\/3808401-3.jpg\" \/>\n\t<meta property=\"og:image:width\" content=\"1600\" \/>\n\t<meta property=\"og:image:height\" content=\"1600\" \/>\n\t<meta property=\"og:image:type\" content=\"image\/jpeg\" \/>\n<meta name=\"twitter:card\" content=\"summary_large_image\" \/>\n<script type=\"application\/ld+json\" class=\"yoast-schema-graph\">{\"@context\":\"https:\\\/\\\/schema.org\",\"@graph\":[{\"@type\":\"WebPage\",\"@id\":\"https:\\\/\\\/perle-in.com\\\/produit\\\/polo-stretch-manches-courtes-homme-markham\\\/\",\"url\":\"https:\\\/\\\/perle-in.com\\\/produit\\\/polo-stretch-manches-courtes-homme-markham\\\/\",\"name\":\"Polo stretch manches courtes homme Markham - PERLE IN\",\"isPartOf\":{\"@id\":\"https:\\\/\\\/perle-in.com\\\/#website\"},\"primaryImageOfPage\":{\"@id\":\"https:\\\/\\\/perle-in.com\\\/produit\\\/polo-stretch-manches-courtes-homme-markham\\\/#primaryimage\"},\"image\":{\"@id\":\"https:\\\/\\\/perle-in.com\\\/produit\\\/polo-stretch-manches-courtes-homme-markham\\\/#primaryimage\"},\"thumbnailUrl\":\"https:\\\/\\\/perle-in.com\\\/wp-content\\\/uploads\\\/2025\\\/10\\\/3808401-3.jpg\",\"datePublished\":\"2025-10-14T02:08:15+00:00\",\"dateModified\":\"2025-10-14T20:31:06+00:00\",\"breadcrumb\":{\"@id\":\"https:\\\/\\\/perle-in.com\\\/produit\\\/polo-stretch-manches-courtes-homme-markham\\\/#breadcrumb\"},\"inLanguage\":\"en-CA\",\"potentialAction\":[{\"@type\":\"ReadAction\",\"target\":[\"https:\\\/\\\/perle-in.com\\\/produit\\\/polo-stretch-manches-courtes-homme-markham\\\/\"]}]},{\"@type\":\"ImageObject\",\"inLanguage\":\"en-CA\",\"@id\":\"https:\\\/\\\/perle-in.com\\\/produit\\\/polo-stretch-manches-courtes-homme-markham\\\/#primaryimage\",\"url\":\"https:\\\/\\\/perle-in.com\\\/wp-content\\\/uploads\\\/2025\\\/10\\\/3808401-3.jpg\",\"contentUrl\":\"https:\\\/\\\/perle-in.com\\\/wp-content\\\/uploads\\\/2025\\\/10\\\/3808401-3.jpg\",\"width\":1600,\"height\":1600},{\"@type\":\"BreadcrumbList\",\"@id\":\"https:\\\/\\\/perle-in.com\\\/produit\\\/polo-stretch-manches-courtes-homme-markham\\\/#breadcrumb\",\"itemListElement\":[{\"@type\":\"ListItem\",\"position\":1,\"name\":\"Accueil\",\"item\":\"https:\\\/\\\/perle-in.com\\\/\"},{\"@type\":\"ListItem\",\"position\":2,\"name\":\"Boutique\",\"item\":\"https:\\\/\\\/perle-in.com\\\/boutique\\\/\"},{\"@type\":\"ListItem\",\"position\":3,\"name\":\"Polo stretch manches courtes homme Markham\"}]},{\"@type\":\"WebSite\",\"@id\":\"https:\\\/\\\/perle-in.com\\\/#website\",\"url\":\"https:\\\/\\\/perle-in.com\\\/\",\"name\":\"PERLE IN\",\"description\":\"\",\"publisher\":{\"@id\":\"https:\\\/\\\/perle-in.com\\\/#organization\"},\"potentialAction\":[{\"@type\":\"SearchAction\",\"target\":{\"@type\":\"EntryPoint\",\"urlTemplate\":\"https:\\\/\\\/perle-in.com\\\/?s={search_term_string}\"},\"query-input\":{\"@type\":\"PropertyValueSpecification\",\"valueRequired\":true,\"valueName\":\"search_term_string\"}}],\"inLanguage\":\"en-CA\"},{\"@type\":\"Organization\",\"@id\":\"https:\\\/\\\/perle-in.com\\\/#organization\",\"name\":\"PERLE IN\",\"url\":\"https:\\\/\\\/perle-in.com\\\/\",\"logo\":{\"@type\":\"ImageObject\",\"inLanguage\":\"en-CA\",\"@id\":\"https:\\\/\\\/perle-in.com\\\/#\\\/schema\\\/logo\\\/image\\\/\",\"url\":\"https:\\\/\\\/perle-in.com\\\/wp-content\\\/uploads\\\/2022\\\/12\\\/LOGO-PERLE-IN-COULEUR@3x.webp\",\"contentUrl\":\"https:\\\/\\\/perle-in.com\\\/wp-content\\\/uploads\\\/2022\\\/12\\\/LOGO-PERLE-IN-COULEUR@3x.webp\",\"width\":1600,\"height\":490,\"caption\":\"PERLE IN\"},\"image\":{\"@id\":\"https:\\\/\\\/perle-in.com\\\/#\\\/schema\\\/logo\\\/image\\\/\"}}]}<\/script>\n<!-- \/ Yoast SEO plugin. -->","yoast_head_json":{"title":"Polo stretch manches courtes homme Markham - PERLE IN","robots":{"index":"noindex","follow":"follow","max-snippet":"max-snippet:-1","max-image-preview":"max-image-preview:large","max-video-preview":"max-video-preview:-1"},"og_locale":"en_US","og_type":"article","og_title":"Polo stretch manches courtes homme Markham - PERLE IN","og_description":"Le polo extensible \u00e0 manches courtes Markham pour homme est un m\u00e9lange parfait de style, de confort et de polyvalence. Fabriqu\u00e9 \u00e0 partir d'un tricot double piqu\u00e9 de haute qualit\u00e9 de 200 g\/m\u00b2, ce polo offre un toucher luxueux et une durabilit\u00e9 exceptionnelle. Le m\u00e9lange haut de gamme de 95 % de coton et de 5 % d'\u00e9lasthanne offre un \u00e9quilibre optimal entre respirabilit\u00e9, douceur et \u00e9lasticit\u00e9. L'ajout d'\u00e9lasthanne et le col en tissu assurent un ajustement confortable et flexible, permettant des mouvements sans restriction tout au long de la journ\u00e9e. Que vous alliez au bureau ou que vous sortiez pour une sortie d\u00e9contract\u00e9e, ce polo vous permet de vous sentir au mieux de votre forme.","og_url":"https:\/\/perle-in.com\/en\/product\/polo-stretch-manches-courtes-homme-markham\/","og_site_name":"PERLE IN","article_modified_time":"2025-10-14T20:31:06+00:00","og_image":[{"width":1600,"height":1600,"url":"https:\/\/perle-in.com\/wp-content\/uploads\/2025\/10\/3808401-3.jpg","type":"image\/jpeg"}],"twitter_card":"summary_large_image","schema":{"@context":"https:\/\/schema.org","@graph":[{"@type":"WebPage","@id":"https:\/\/perle-in.com\/produit\/polo-stretch-manches-courtes-homme-markham\/","url":"https:\/\/perle-in.com\/produit\/polo-stretch-manches-courtes-homme-markham\/","name":"Polo stretch manches courtes homme Markham - PERLE IN","isPartOf":{"@id":"https:\/\/perle-in.com\/#website"},"primaryImageOfPage":{"@id":"https:\/\/perle-in.com\/produit\/polo-stretch-manches-courtes-homme-markham\/#primaryimage"},"image":{"@id":"https:\/\/perle-in.com\/produit\/polo-stretch-manches-courtes-homme-markham\/#primaryimage"},"thumbnailUrl":"https:\/\/perle-in.com\/wp-content\/uploads\/2025\/10\/3808401-3.jpg","datePublished":"2025-10-14T02:08:15+00:00","dateModified":"2025-10-14T20:31:06+00:00","breadcrumb":{"@id":"https:\/\/perle-in.com\/produit\/polo-stretch-manches-courtes-homme-markham\/#breadcrumb"},"inLanguage":"en-CA","potentialAction":[{"@type":"ReadAction","target":["https:\/\/perle-in.com\/produit\/polo-stretch-manches-courtes-homme-markham\/"]}]},{"@type":"ImageObject","inLanguage":"en-CA","@id":"https:\/\/perle-in.com\/produit\/polo-stretch-manches-courtes-homme-markham\/#primaryimage","url":"https:\/\/perle-in.com\/wp-content\/uploads\/2025\/10\/3808401-3.jpg","contentUrl":"https:\/\/perle-in.com\/wp-content\/uploads\/2025\/10\/3808401-3.jpg","width":1600,"height":1600},{"@type":"BreadcrumbList","@id":"https:\/\/perle-in.com\/produit\/polo-stretch-manches-courtes-homme-markham\/#breadcrumb","itemListElement":[{"@type":"ListItem","position":1,"name":"Accueil","item":"https:\/\/perle-in.com\/"},{"@type":"ListItem","position":2,"name":"Boutique","item":"https:\/\/perle-in.com\/boutique\/"},{"@type":"ListItem","position":3,"name":"Polo stretch manches courtes homme Markham"}]},{"@type":"WebSite","@id":"https:\/\/perle-in.com\/#website","url":"https:\/\/perle-in.com\/","name":"PERLE IN","description":"","publisher":{"@id":"https:\/\/perle-in.com\/#organization"},"potentialAction":[{"@type":"SearchAction","target":{"@type":"EntryPoint","urlTemplate":"https:\/\/perle-in.com\/?s={search_term_string}"},"query-input":{"@type":"PropertyValueSpecification","valueRequired":true,"valueName":"search_term_string"}}],"inLanguage":"en-CA"},{"@type":"Organization","@id":"https:\/\/perle-in.com\/#organization","name":"PERLE IN","url":"https:\/\/perle-in.com\/","logo":{"@type":"ImageObject","inLanguage":"en-CA","@id":"https:\/\/perle-in.com\/#\/schema\/logo\/image\/","url":"https:\/\/perle-in.com\/wp-content\/uploads\/2022\/12\/LOGO-PERLE-IN-COULEUR@3x.webp","contentUrl":"https:\/\/perle-in.com\/wp-content\/uploads\/2022\/12\/LOGO-PERLE-IN-COULEUR@3x.webp","width":1600,"height":490,"caption":"PERLE IN"},"image":{"@id":"https:\/\/perle-in.com\/#\/schema\/logo\/image\/"}}]}},"jetpack_sharing_enabled":true,"_links":{"self":[{"href":"https:\/\/perle-in.com\/en\/wp-json\/wp\/v2\/product\/517564","targetHints":{"allow":["GET"]}}],"collection":[{"href":"https:\/\/perle-in.com\/en\/wp-json\/wp\/v2\/product"}],"about":[{"href":"https:\/\/perle-in.com\/en\/wp-json\/wp\/v2\/types\/product"}],"version-history":[{"count":0,"href":"https:\/\/perle-in.com\/en\/wp-json\/wp\/v2\/product\/517564\/revisions"}],"wp:featuredmedia":[{"embeddable":true,"href":"https:\/\/perle-in.com\/en\/wp-json\/wp\/v2\/media\/511008"}],"wp:attachment":[{"href":"https:\/\/perle-in.com\/en\/wp-json\/wp\/v2\/media?parent=517564"}],"wp:term":[{"taxonomy":"product_brand","embeddable":true,"href":"https:\/\/perle-in.com\/en\/wp-json\/wp\/v2\/product_brand?post=517564"},{"taxonomy":"product_cat","embeddable":true,"href":"https:\/\/perle-in.com\/en\/wp-json\/wp\/v2\/product_cat?post=517564"},{"taxonomy":"product_tag","embeddable":true,"href":"https:\/\/perle-in.com\/en\/wp-json\/wp\/v2\/product_tag?post=517564"}],"curies":[{"name":"wp","href":"https:\/\/api.w.org\/{rel}","templated":true}]}}