{"id":517031,"date":"2025-10-14T04:02:52","date_gmt":"2025-10-14T02:02:52","guid":{"rendered":"https:\/\/perle-in.com\/produit\/t-shirt-femme-manches-courtes-heros\/"},"modified":"2025-10-14T22:31:05","modified_gmt":"2025-10-14T20:31:05","slug":"t-shirt-femme-manches-courtes-heros","status":"publish","type":"product","link":"https:\/\/perle-in.com\/en\/product\/t-shirt-femme-manches-courtes-heros\/","title":{"rendered":"T-shirt femme manches courtes Heros"},"content":{"rendered":"","protected":false},"excerpt":{"rendered":"<p>Le t-shirt \u00e0 manches courtes pour femmes Heros est parfait pour tous les \u00e9v\u00e9nements. Les coutures lat\u00e9rales ajust\u00e9es, les manches plus courtes et l&#8217;encolure plus basse ont \u00e9t\u00e9 soigneusement \u00e9tudi\u00e9es pour cr\u00e9er une coupe et un design f\u00e9minins. Fabriqu\u00e9 en coton 150 g\/m\u00b2, il est l\u00e9ger et agr\u00e9able \u00e0 porter. En outre, le coton est doux au toucher et id\u00e9al pour un marquage de haute qualit\u00e9. Gr\u00e2ce \u00e0 l&#8217;\u00e9tiquette int\u00e9rieure du col qui peut \u00eatre facilement retir\u00e9e en deux segments, le design laisse de l&#8217;espace pour un marquage int\u00e9rieur personnalis\u00e9 tout en conservant les informations relatives \u00e0 la taille.  <\/p>","protected":false},"featured_media":509538,"template":"","meta":{"_eb_attr":""},"product_brand":[],"product_cat":[1258,1024],"product_tag":[2380,2381,2382,2383,2424,2420,2376,2377,2378,2379],"class_list":{"0":"post-517031","1":"product","2":"type-product","3":"status-publish","4":"has-post-thumbnail","6":"product_cat-t-shirts","7":"product_cat-vetements","8":"product_tag-chemise","9":"product_tag-chemises","10":"product_tag-haut","11":"product_tag-hauts","12":"product_tag-super-heroes","13":"product_tag-superheroes","14":"product_tag-t-shirt","15":"product_tag-t-shirts","16":"product_tag-tshirt","17":"product_tag-tshirts","18":"pa_couleurs-bleu","19":"pa_couleurs-bleu-clair","20":"pa_couleurs-bordeaux","21":"pa_couleurs-charbon","22":"pa_couleurs-gris","23":"pa_couleurs-gris-clair","24":"pa_couleurs-jaune","25":"pa_couleurs-magenta","26":"pa_couleurs-marine","27":"pa_couleurs-noir","28":"pa_couleurs-rose-clair","29":"pa_couleurs-vert-eau","30":"pa_couleurs-vert-foret","31":"pa_couleurs-vert-fougere","32":"pa_couleurs-vert-pomme","33":"pa_genre-female","34":"pa_marque-elevate-essentials","35":"pa_matiere-maille-jersey-simple-100-coton-bci-150-g-m2","36":"pa_pays-d-origine-bengladesh","37":"pa_taille-2xl","38":"pa_taille-3xl","39":"pa_taille-4xl","40":"pa_taille-l","41":"pa_taille-m","42":"pa_taille-s","43":"pa_taille-xl","44":"pa_taille-xs","46":"first","47":"instock","48":"sale","49":"shipping-taxable","50":"purchasable","51":"product-type-variable"},"yoast_head":"<!-- This site is optimized with the Yoast SEO plugin v27.4 - https:\/\/yoast.com\/product\/yoast-seo-wordpress\/ -->\n<title>T-shirt femme manches courtes Heros - PERLE IN<\/title>\n<meta name=\"robots\" content=\"noindex, follow, max-snippet:-1, max-image-preview:large, max-video-preview:-1\" \/>\n<meta property=\"og:locale\" content=\"en_US\" \/>\n<meta property=\"og:type\" content=\"article\" \/>\n<meta property=\"og:title\" content=\"T-shirt femme manches courtes Heros - PERLE IN\" \/>\n<meta property=\"og:description\" content=\"Le t-shirt \u00e0 manches courtes pour femmes Heros est parfait pour tous les \u00e9v\u00e9nements. Les coutures lat\u00e9rales ajust\u00e9es, les manches plus courtes et l&#039;encolure plus basse ont \u00e9t\u00e9 soigneusement \u00e9tudi\u00e9es pour cr\u00e9er une coupe et un design f\u00e9minins. Fabriqu\u00e9 en coton 150 g\/m\u00b2, il est l\u00e9ger et agr\u00e9able \u00e0 porter. En outre, le coton est doux au toucher et id\u00e9al pour un marquage de haute qualit\u00e9. Gr\u00e2ce \u00e0 l&#039;\u00e9tiquette int\u00e9rieure du col qui peut \u00eatre facilement retir\u00e9e en deux segments, le design laisse de l&#039;espace pour un marquage int\u00e9rieur personnalis\u00e9 tout en conservant les informations relatives \u00e0 la taille.\" \/>\n<meta property=\"og:url\" content=\"https:\/\/perle-in.com\/en\/product\/t-shirt-femme-manches-courtes-heros\/\" \/>\n<meta property=\"og:site_name\" content=\"PERLE IN\" \/>\n<meta property=\"article:modified_time\" content=\"2025-10-14T20:31:05+00:00\" \/>\n<meta property=\"og:image\" content=\"https:\/\/perle-in.com\/wp-content\/uploads\/2025\/10\/3802910-4.jpg\" \/>\n\t<meta property=\"og:image:width\" content=\"1600\" \/>\n\t<meta property=\"og:image:height\" content=\"1600\" \/>\n\t<meta property=\"og:image:type\" content=\"image\/jpeg\" \/>\n<meta name=\"twitter:card\" content=\"summary_large_image\" \/>\n<script type=\"application\/ld+json\" class=\"yoast-schema-graph\">{\"@context\":\"https:\\\/\\\/schema.org\",\"@graph\":[{\"@type\":\"WebPage\",\"@id\":\"https:\\\/\\\/perle-in.com\\\/produit\\\/t-shirt-femme-manches-courtes-heros\\\/\",\"url\":\"https:\\\/\\\/perle-in.com\\\/produit\\\/t-shirt-femme-manches-courtes-heros\\\/\",\"name\":\"T-shirt femme manches courtes Heros - PERLE IN\",\"isPartOf\":{\"@id\":\"https:\\\/\\\/perle-in.com\\\/#website\"},\"primaryImageOfPage\":{\"@id\":\"https:\\\/\\\/perle-in.com\\\/produit\\\/t-shirt-femme-manches-courtes-heros\\\/#primaryimage\"},\"image\":{\"@id\":\"https:\\\/\\\/perle-in.com\\\/produit\\\/t-shirt-femme-manches-courtes-heros\\\/#primaryimage\"},\"thumbnailUrl\":\"https:\\\/\\\/perle-in.com\\\/wp-content\\\/uploads\\\/2025\\\/10\\\/3802910-4.jpg\",\"datePublished\":\"2025-10-14T02:02:52+00:00\",\"dateModified\":\"2025-10-14T20:31:05+00:00\",\"breadcrumb\":{\"@id\":\"https:\\\/\\\/perle-in.com\\\/produit\\\/t-shirt-femme-manches-courtes-heros\\\/#breadcrumb\"},\"inLanguage\":\"en-CA\",\"potentialAction\":[{\"@type\":\"ReadAction\",\"target\":[\"https:\\\/\\\/perle-in.com\\\/produit\\\/t-shirt-femme-manches-courtes-heros\\\/\"]}]},{\"@type\":\"ImageObject\",\"inLanguage\":\"en-CA\",\"@id\":\"https:\\\/\\\/perle-in.com\\\/produit\\\/t-shirt-femme-manches-courtes-heros\\\/#primaryimage\",\"url\":\"https:\\\/\\\/perle-in.com\\\/wp-content\\\/uploads\\\/2025\\\/10\\\/3802910-4.jpg\",\"contentUrl\":\"https:\\\/\\\/perle-in.com\\\/wp-content\\\/uploads\\\/2025\\\/10\\\/3802910-4.jpg\",\"width\":1600,\"height\":1600},{\"@type\":\"BreadcrumbList\",\"@id\":\"https:\\\/\\\/perle-in.com\\\/produit\\\/t-shirt-femme-manches-courtes-heros\\\/#breadcrumb\",\"itemListElement\":[{\"@type\":\"ListItem\",\"position\":1,\"name\":\"Accueil\",\"item\":\"https:\\\/\\\/perle-in.com\\\/\"},{\"@type\":\"ListItem\",\"position\":2,\"name\":\"Boutique\",\"item\":\"https:\\\/\\\/perle-in.com\\\/boutique\\\/\"},{\"@type\":\"ListItem\",\"position\":3,\"name\":\"T-shirt femme manches courtes Heros\"}]},{\"@type\":\"WebSite\",\"@id\":\"https:\\\/\\\/perle-in.com\\\/#website\",\"url\":\"https:\\\/\\\/perle-in.com\\\/\",\"name\":\"PERLE IN\",\"description\":\"\",\"publisher\":{\"@id\":\"https:\\\/\\\/perle-in.com\\\/#organization\"},\"potentialAction\":[{\"@type\":\"SearchAction\",\"target\":{\"@type\":\"EntryPoint\",\"urlTemplate\":\"https:\\\/\\\/perle-in.com\\\/?s={search_term_string}\"},\"query-input\":{\"@type\":\"PropertyValueSpecification\",\"valueRequired\":true,\"valueName\":\"search_term_string\"}}],\"inLanguage\":\"en-CA\"},{\"@type\":\"Organization\",\"@id\":\"https:\\\/\\\/perle-in.com\\\/#organization\",\"name\":\"PERLE IN\",\"url\":\"https:\\\/\\\/perle-in.com\\\/\",\"logo\":{\"@type\":\"ImageObject\",\"inLanguage\":\"en-CA\",\"@id\":\"https:\\\/\\\/perle-in.com\\\/#\\\/schema\\\/logo\\\/image\\\/\",\"url\":\"https:\\\/\\\/perle-in.com\\\/wp-content\\\/uploads\\\/2022\\\/12\\\/LOGO-PERLE-IN-COULEUR@3x.webp\",\"contentUrl\":\"https:\\\/\\\/perle-in.com\\\/wp-content\\\/uploads\\\/2022\\\/12\\\/LOGO-PERLE-IN-COULEUR@3x.webp\",\"width\":1600,\"height\":490,\"caption\":\"PERLE IN\"},\"image\":{\"@id\":\"https:\\\/\\\/perle-in.com\\\/#\\\/schema\\\/logo\\\/image\\\/\"}}]}<\/script>\n<!-- \/ Yoast SEO plugin. -->","yoast_head_json":{"title":"T-shirt femme manches courtes Heros - PERLE IN","robots":{"index":"noindex","follow":"follow","max-snippet":"max-snippet:-1","max-image-preview":"max-image-preview:large","max-video-preview":"max-video-preview:-1"},"og_locale":"en_US","og_type":"article","og_title":"T-shirt femme manches courtes Heros - PERLE IN","og_description":"Le t-shirt \u00e0 manches courtes pour femmes Heros est parfait pour tous les \u00e9v\u00e9nements. Les coutures lat\u00e9rales ajust\u00e9es, les manches plus courtes et l'encolure plus basse ont \u00e9t\u00e9 soigneusement \u00e9tudi\u00e9es pour cr\u00e9er une coupe et un design f\u00e9minins. Fabriqu\u00e9 en coton 150 g\/m\u00b2, il est l\u00e9ger et agr\u00e9able \u00e0 porter. En outre, le coton est doux au toucher et id\u00e9al pour un marquage de haute qualit\u00e9. Gr\u00e2ce \u00e0 l'\u00e9tiquette int\u00e9rieure du col qui peut \u00eatre facilement retir\u00e9e en deux segments, le design laisse de l'espace pour un marquage int\u00e9rieur personnalis\u00e9 tout en conservant les informations relatives \u00e0 la taille.","og_url":"https:\/\/perle-in.com\/en\/product\/t-shirt-femme-manches-courtes-heros\/","og_site_name":"PERLE IN","article_modified_time":"2025-10-14T20:31:05+00:00","og_image":[{"width":1600,"height":1600,"url":"https:\/\/perle-in.com\/wp-content\/uploads\/2025\/10\/3802910-4.jpg","type":"image\/jpeg"}],"twitter_card":"summary_large_image","schema":{"@context":"https:\/\/schema.org","@graph":[{"@type":"WebPage","@id":"https:\/\/perle-in.com\/produit\/t-shirt-femme-manches-courtes-heros\/","url":"https:\/\/perle-in.com\/produit\/t-shirt-femme-manches-courtes-heros\/","name":"T-shirt femme manches courtes Heros - PERLE IN","isPartOf":{"@id":"https:\/\/perle-in.com\/#website"},"primaryImageOfPage":{"@id":"https:\/\/perle-in.com\/produit\/t-shirt-femme-manches-courtes-heros\/#primaryimage"},"image":{"@id":"https:\/\/perle-in.com\/produit\/t-shirt-femme-manches-courtes-heros\/#primaryimage"},"thumbnailUrl":"https:\/\/perle-in.com\/wp-content\/uploads\/2025\/10\/3802910-4.jpg","datePublished":"2025-10-14T02:02:52+00:00","dateModified":"2025-10-14T20:31:05+00:00","breadcrumb":{"@id":"https:\/\/perle-in.com\/produit\/t-shirt-femme-manches-courtes-heros\/#breadcrumb"},"inLanguage":"en-CA","potentialAction":[{"@type":"ReadAction","target":["https:\/\/perle-in.com\/produit\/t-shirt-femme-manches-courtes-heros\/"]}]},{"@type":"ImageObject","inLanguage":"en-CA","@id":"https:\/\/perle-in.com\/produit\/t-shirt-femme-manches-courtes-heros\/#primaryimage","url":"https:\/\/perle-in.com\/wp-content\/uploads\/2025\/10\/3802910-4.jpg","contentUrl":"https:\/\/perle-in.com\/wp-content\/uploads\/2025\/10\/3802910-4.jpg","width":1600,"height":1600},{"@type":"BreadcrumbList","@id":"https:\/\/perle-in.com\/produit\/t-shirt-femme-manches-courtes-heros\/#breadcrumb","itemListElement":[{"@type":"ListItem","position":1,"name":"Accueil","item":"https:\/\/perle-in.com\/"},{"@type":"ListItem","position":2,"name":"Boutique","item":"https:\/\/perle-in.com\/boutique\/"},{"@type":"ListItem","position":3,"name":"T-shirt femme manches courtes Heros"}]},{"@type":"WebSite","@id":"https:\/\/perle-in.com\/#website","url":"https:\/\/perle-in.com\/","name":"PERLE IN","description":"","publisher":{"@id":"https:\/\/perle-in.com\/#organization"},"potentialAction":[{"@type":"SearchAction","target":{"@type":"EntryPoint","urlTemplate":"https:\/\/perle-in.com\/?s={search_term_string}"},"query-input":{"@type":"PropertyValueSpecification","valueRequired":true,"valueName":"search_term_string"}}],"inLanguage":"en-CA"},{"@type":"Organization","@id":"https:\/\/perle-in.com\/#organization","name":"PERLE IN","url":"https:\/\/perle-in.com\/","logo":{"@type":"ImageObject","inLanguage":"en-CA","@id":"https:\/\/perle-in.com\/#\/schema\/logo\/image\/","url":"https:\/\/perle-in.com\/wp-content\/uploads\/2022\/12\/LOGO-PERLE-IN-COULEUR@3x.webp","contentUrl":"https:\/\/perle-in.com\/wp-content\/uploads\/2022\/12\/LOGO-PERLE-IN-COULEUR@3x.webp","width":1600,"height":490,"caption":"PERLE IN"},"image":{"@id":"https:\/\/perle-in.com\/#\/schema\/logo\/image\/"}}]}},"jetpack_sharing_enabled":true,"_links":{"self":[{"href":"https:\/\/perle-in.com\/en\/wp-json\/wp\/v2\/product\/517031","targetHints":{"allow":["GET"]}}],"collection":[{"href":"https:\/\/perle-in.com\/en\/wp-json\/wp\/v2\/product"}],"about":[{"href":"https:\/\/perle-in.com\/en\/wp-json\/wp\/v2\/types\/product"}],"version-history":[{"count":0,"href":"https:\/\/perle-in.com\/en\/wp-json\/wp\/v2\/product\/517031\/revisions"}],"wp:featuredmedia":[{"embeddable":true,"href":"https:\/\/perle-in.com\/en\/wp-json\/wp\/v2\/media\/509538"}],"wp:attachment":[{"href":"https:\/\/perle-in.com\/en\/wp-json\/wp\/v2\/media?parent=517031"}],"wp:term":[{"taxonomy":"product_brand","embeddable":true,"href":"https:\/\/perle-in.com\/en\/wp-json\/wp\/v2\/product_brand?post=517031"},{"taxonomy":"product_cat","embeddable":true,"href":"https:\/\/perle-in.com\/en\/wp-json\/wp\/v2\/product_cat?post=517031"},{"taxonomy":"product_tag","embeddable":true,"href":"https:\/\/perle-in.com\/en\/wp-json\/wp\/v2\/product_tag?post=517031"}],"curies":[{"name":"wp","href":"https:\/\/api.w.org\/{rel}","templated":true}]}}