{"id":516149,"date":"2025-10-14T03:46:56","date_gmt":"2025-10-14T01:46:56","guid":{"rendered":"https:\/\/perle-in.com\/produit\/sweater-capuche-full-zip-homme-arora\/"},"modified":"2025-10-14T03:48:15","modified_gmt":"2025-10-14T01:48:15","slug":"sweater-capuche-full-zip-homme-arora","status":"publish","type":"product","link":"https:\/\/perle-in.com\/en\/product\/sweater-capuche-full-zip-homme-arora\/","title":{"rendered":"Sweater capuche full zip homme Arora"},"content":{"rendered":"","protected":false},"excerpt":{"rendered":"<p>Le sweat \u00e0 capuche enti\u00e8rement zipp\u00e9 Arora pour homme &#8211; un m\u00e9lange parfait de style et de fonctionnalit\u00e9. Fabriqu\u00e9 avec le souci du d\u00e9tail, ce sweat \u00e0 capuche allie sans effort le confort \u00e0 une touche contemporaine. Dot\u00e9 d&#8217;empi\u00e8cements lat\u00e9raux, de poignets et d&#8217;un ourlet en tricot plat, ce sweat \u00e0 capuche offre une coupe ajust\u00e9e \u00e0 la fois confortable et flatteuse. La doublure en jersey simple \u00e0 l&#8217;int\u00e9rieur de la capuche assure un confort suppl\u00e9mentaire. Les \u0153illets grav\u00e9s en argent antique et la bande \u00e0 chevrons de couleur contrast\u00e9e contribuent \u00e0 l&#8217;esth\u00e9tique unique de ce sweat \u00e0 capuche. Fabriqu\u00e9 \u00e0 partir d&#8217;un m\u00e9lange de polyester et de coton BCI de 300 g\/m\u00b2, ce sweat \u00e0 capuche offre un \u00e9quilibre parfait entre chaleur et style. Le coton BCI (Better Cotton Initiative) t\u00e9moigne de notre engagement en faveur d&#8217;un approvisionnement responsable et d&#8217;une production respectueuse de l&#8217;environnement. En choisissant l&#8217;Arora, vous faites un choix plus durable.<\/p>","protected":false},"featured_media":516009,"template":"","meta":{"_eb_attr":""},"product_brand":[],"product_cat":[1254,1024],"product_tag":[2444,2435,2446,2447,1960,2445,2433,2439,2448,2434,2440,2449,2441,2442],"class_list":{"0":"post-516149","1":"product","2":"type-product","3":"status-publish","4":"has-post-thumbnail","6":"product_cat-sweaters-a-capuche","7":"product_cat-vetements","8":"product_tag-arora-sweat","9":"product_tag-capuche","10":"product_tag-cardigan","11":"product_tag-cardigans","12":"product_tag-gilet","13":"product_tag-gilets","14":"product_tag-sweat","15":"product_tag-sweat-a-capuche","16":"product_tag-sweat-zip-complet","17":"product_tag-sweats","18":"product_tag-sweats-a-capuche","19":"product_tag-sweats-zip-complet","20":"product_tag-tricot","21":"product_tag-tricots","22":"pa_couleurs-bleu-hale","23":"pa_couleurs-gres","24":"pa_couleurs-gris-melange","25":"pa_couleurs-marine","26":"pa_couleurs-noir","27":"pa_couleurs-vert-foret","28":"pa_genre-male","29":"pa_marque-elevate-life","30":"pa_matiere-tricot-polyester-coton-bci-300-g-m2","31":"pa_pays-d-origine-bengladesh","32":"pa_taille-2xl","33":"pa_taille-3xl","34":"pa_taille-l","35":"pa_taille-m","36":"pa_taille-s","37":"pa_taille-xl","38":"pa_taille-xs","39":"pa_taille-xxl","41":"first","42":"instock","43":"shipping-taxable","44":"purchasable","45":"product-type-variable"},"yoast_head":"<!-- This site is optimized with the Yoast SEO plugin v27.4 - https:\/\/yoast.com\/product\/yoast-seo-wordpress\/ -->\n<title>Sweater capuche full zip homme Arora - PERLE IN<\/title>\n<meta name=\"robots\" content=\"noindex, follow, max-snippet:-1, max-image-preview:large, max-video-preview:-1\" \/>\n<meta property=\"og:locale\" content=\"en_US\" \/>\n<meta property=\"og:type\" content=\"article\" \/>\n<meta property=\"og:title\" content=\"Sweater capuche full zip homme Arora - PERLE IN\" \/>\n<meta property=\"og:description\" content=\"Le sweat \u00e0 capuche enti\u00e8rement zipp\u00e9 Arora pour homme - un m\u00e9lange parfait de style et de fonctionnalit\u00e9. Fabriqu\u00e9 avec le souci du d\u00e9tail, ce sweat \u00e0 capuche allie sans effort le confort \u00e0 une touche contemporaine. Dot\u00e9 d&#039;empi\u00e8cements lat\u00e9raux, de poignets et d&#039;un ourlet en tricot plat, ce sweat \u00e0 capuche offre une coupe ajust\u00e9e \u00e0 la fois confortable et flatteuse. La doublure en jersey simple \u00e0 l&#039;int\u00e9rieur de la capuche assure un confort suppl\u00e9mentaire. Les \u0153illets grav\u00e9s en argent antique et la bande \u00e0 chevrons de couleur contrast\u00e9e contribuent \u00e0 l&#039;esth\u00e9tique unique de ce sweat \u00e0 capuche. Fabriqu\u00e9 \u00e0 partir d&#039;un m\u00e9lange de polyester et de coton BCI de 300 g\/m\u00b2, ce sweat \u00e0 capuche offre un \u00e9quilibre parfait entre chaleur et style. Le coton BCI (Better Cotton Initiative) t\u00e9moigne de notre engagement en faveur d&#039;un approvisionnement responsable et d&#039;une production respectueuse de l&#039;environnement. En choisissant l&#039;Arora, vous faites un choix plus durable.\" \/>\n<meta property=\"og:url\" content=\"https:\/\/perle-in.com\/en\/product\/sweater-capuche-full-zip-homme-arora\/\" \/>\n<meta property=\"og:site_name\" content=\"PERLE IN\" \/>\n<meta property=\"article:modified_time\" content=\"2025-10-14T01:48:15+00:00\" \/>\n<meta property=\"og:image\" content=\"https:\/\/perle-in.com\/wp-content\/uploads\/2025\/10\/3821106-1.jpg\" \/>\n\t<meta property=\"og:image:width\" content=\"1600\" \/>\n\t<meta property=\"og:image:height\" content=\"1600\" \/>\n\t<meta property=\"og:image:type\" content=\"image\/jpeg\" \/>\n<meta name=\"twitter:card\" content=\"summary_large_image\" \/>\n<script type=\"application\/ld+json\" class=\"yoast-schema-graph\">{\"@context\":\"https:\\\/\\\/schema.org\",\"@graph\":[{\"@type\":\"WebPage\",\"@id\":\"https:\\\/\\\/perle-in.com\\\/produit\\\/sweater-capuche-full-zip-homme-arora\\\/\",\"url\":\"https:\\\/\\\/perle-in.com\\\/produit\\\/sweater-capuche-full-zip-homme-arora\\\/\",\"name\":\"Sweater capuche full zip homme Arora - PERLE IN\",\"isPartOf\":{\"@id\":\"https:\\\/\\\/perle-in.com\\\/#website\"},\"primaryImageOfPage\":{\"@id\":\"https:\\\/\\\/perle-in.com\\\/produit\\\/sweater-capuche-full-zip-homme-arora\\\/#primaryimage\"},\"image\":{\"@id\":\"https:\\\/\\\/perle-in.com\\\/produit\\\/sweater-capuche-full-zip-homme-arora\\\/#primaryimage\"},\"thumbnailUrl\":\"https:\\\/\\\/perle-in.com\\\/wp-content\\\/uploads\\\/2025\\\/10\\\/3821106-1.jpg\",\"datePublished\":\"2025-10-14T01:46:56+00:00\",\"dateModified\":\"2025-10-14T01:48:15+00:00\",\"breadcrumb\":{\"@id\":\"https:\\\/\\\/perle-in.com\\\/produit\\\/sweater-capuche-full-zip-homme-arora\\\/#breadcrumb\"},\"inLanguage\":\"en-CA\",\"potentialAction\":[{\"@type\":\"ReadAction\",\"target\":[\"https:\\\/\\\/perle-in.com\\\/produit\\\/sweater-capuche-full-zip-homme-arora\\\/\"]}]},{\"@type\":\"ImageObject\",\"inLanguage\":\"en-CA\",\"@id\":\"https:\\\/\\\/perle-in.com\\\/produit\\\/sweater-capuche-full-zip-homme-arora\\\/#primaryimage\",\"url\":\"https:\\\/\\\/perle-in.com\\\/wp-content\\\/uploads\\\/2025\\\/10\\\/3821106-1.jpg\",\"contentUrl\":\"https:\\\/\\\/perle-in.com\\\/wp-content\\\/uploads\\\/2025\\\/10\\\/3821106-1.jpg\",\"width\":1600,\"height\":1600},{\"@type\":\"BreadcrumbList\",\"@id\":\"https:\\\/\\\/perle-in.com\\\/produit\\\/sweater-capuche-full-zip-homme-arora\\\/#breadcrumb\",\"itemListElement\":[{\"@type\":\"ListItem\",\"position\":1,\"name\":\"Accueil\",\"item\":\"https:\\\/\\\/perle-in.com\\\/\"},{\"@type\":\"ListItem\",\"position\":2,\"name\":\"Boutique\",\"item\":\"https:\\\/\\\/perle-in.com\\\/boutique\\\/\"},{\"@type\":\"ListItem\",\"position\":3,\"name\":\"Sweater capuche full zip homme Arora\"}]},{\"@type\":\"WebSite\",\"@id\":\"https:\\\/\\\/perle-in.com\\\/#website\",\"url\":\"https:\\\/\\\/perle-in.com\\\/\",\"name\":\"PERLE IN\",\"description\":\"\",\"publisher\":{\"@id\":\"https:\\\/\\\/perle-in.com\\\/#organization\"},\"potentialAction\":[{\"@type\":\"SearchAction\",\"target\":{\"@type\":\"EntryPoint\",\"urlTemplate\":\"https:\\\/\\\/perle-in.com\\\/?s={search_term_string}\"},\"query-input\":{\"@type\":\"PropertyValueSpecification\",\"valueRequired\":true,\"valueName\":\"search_term_string\"}}],\"inLanguage\":\"en-CA\"},{\"@type\":\"Organization\",\"@id\":\"https:\\\/\\\/perle-in.com\\\/#organization\",\"name\":\"PERLE IN\",\"url\":\"https:\\\/\\\/perle-in.com\\\/\",\"logo\":{\"@type\":\"ImageObject\",\"inLanguage\":\"en-CA\",\"@id\":\"https:\\\/\\\/perle-in.com\\\/#\\\/schema\\\/logo\\\/image\\\/\",\"url\":\"https:\\\/\\\/perle-in.com\\\/wp-content\\\/uploads\\\/2022\\\/12\\\/LOGO-PERLE-IN-COULEUR@3x.webp\",\"contentUrl\":\"https:\\\/\\\/perle-in.com\\\/wp-content\\\/uploads\\\/2022\\\/12\\\/LOGO-PERLE-IN-COULEUR@3x.webp\",\"width\":1600,\"height\":490,\"caption\":\"PERLE IN\"},\"image\":{\"@id\":\"https:\\\/\\\/perle-in.com\\\/#\\\/schema\\\/logo\\\/image\\\/\"}}]}<\/script>\n<!-- \/ Yoast SEO plugin. -->","yoast_head_json":{"title":"Sweater capuche full zip homme Arora - PERLE IN","robots":{"index":"noindex","follow":"follow","max-snippet":"max-snippet:-1","max-image-preview":"max-image-preview:large","max-video-preview":"max-video-preview:-1"},"og_locale":"en_US","og_type":"article","og_title":"Sweater capuche full zip homme Arora - PERLE IN","og_description":"Le sweat \u00e0 capuche enti\u00e8rement zipp\u00e9 Arora pour homme - un m\u00e9lange parfait de style et de fonctionnalit\u00e9. Fabriqu\u00e9 avec le souci du d\u00e9tail, ce sweat \u00e0 capuche allie sans effort le confort \u00e0 une touche contemporaine. Dot\u00e9 d'empi\u00e8cements lat\u00e9raux, de poignets et d'un ourlet en tricot plat, ce sweat \u00e0 capuche offre une coupe ajust\u00e9e \u00e0 la fois confortable et flatteuse. La doublure en jersey simple \u00e0 l'int\u00e9rieur de la capuche assure un confort suppl\u00e9mentaire. Les \u0153illets grav\u00e9s en argent antique et la bande \u00e0 chevrons de couleur contrast\u00e9e contribuent \u00e0 l'esth\u00e9tique unique de ce sweat \u00e0 capuche. Fabriqu\u00e9 \u00e0 partir d'un m\u00e9lange de polyester et de coton BCI de 300 g\/m\u00b2, ce sweat \u00e0 capuche offre un \u00e9quilibre parfait entre chaleur et style. Le coton BCI (Better Cotton Initiative) t\u00e9moigne de notre engagement en faveur d'un approvisionnement responsable et d'une production respectueuse de l'environnement. En choisissant l'Arora, vous faites un choix plus durable.","og_url":"https:\/\/perle-in.com\/en\/product\/sweater-capuche-full-zip-homme-arora\/","og_site_name":"PERLE IN","article_modified_time":"2025-10-14T01:48:15+00:00","og_image":[{"width":1600,"height":1600,"url":"https:\/\/perle-in.com\/wp-content\/uploads\/2025\/10\/3821106-1.jpg","type":"image\/jpeg"}],"twitter_card":"summary_large_image","schema":{"@context":"https:\/\/schema.org","@graph":[{"@type":"WebPage","@id":"https:\/\/perle-in.com\/produit\/sweater-capuche-full-zip-homme-arora\/","url":"https:\/\/perle-in.com\/produit\/sweater-capuche-full-zip-homme-arora\/","name":"Sweater capuche full zip homme Arora - PERLE IN","isPartOf":{"@id":"https:\/\/perle-in.com\/#website"},"primaryImageOfPage":{"@id":"https:\/\/perle-in.com\/produit\/sweater-capuche-full-zip-homme-arora\/#primaryimage"},"image":{"@id":"https:\/\/perle-in.com\/produit\/sweater-capuche-full-zip-homme-arora\/#primaryimage"},"thumbnailUrl":"https:\/\/perle-in.com\/wp-content\/uploads\/2025\/10\/3821106-1.jpg","datePublished":"2025-10-14T01:46:56+00:00","dateModified":"2025-10-14T01:48:15+00:00","breadcrumb":{"@id":"https:\/\/perle-in.com\/produit\/sweater-capuche-full-zip-homme-arora\/#breadcrumb"},"inLanguage":"en-CA","potentialAction":[{"@type":"ReadAction","target":["https:\/\/perle-in.com\/produit\/sweater-capuche-full-zip-homme-arora\/"]}]},{"@type":"ImageObject","inLanguage":"en-CA","@id":"https:\/\/perle-in.com\/produit\/sweater-capuche-full-zip-homme-arora\/#primaryimage","url":"https:\/\/perle-in.com\/wp-content\/uploads\/2025\/10\/3821106-1.jpg","contentUrl":"https:\/\/perle-in.com\/wp-content\/uploads\/2025\/10\/3821106-1.jpg","width":1600,"height":1600},{"@type":"BreadcrumbList","@id":"https:\/\/perle-in.com\/produit\/sweater-capuche-full-zip-homme-arora\/#breadcrumb","itemListElement":[{"@type":"ListItem","position":1,"name":"Accueil","item":"https:\/\/perle-in.com\/"},{"@type":"ListItem","position":2,"name":"Boutique","item":"https:\/\/perle-in.com\/boutique\/"},{"@type":"ListItem","position":3,"name":"Sweater capuche full zip homme Arora"}]},{"@type":"WebSite","@id":"https:\/\/perle-in.com\/#website","url":"https:\/\/perle-in.com\/","name":"PERLE IN","description":"","publisher":{"@id":"https:\/\/perle-in.com\/#organization"},"potentialAction":[{"@type":"SearchAction","target":{"@type":"EntryPoint","urlTemplate":"https:\/\/perle-in.com\/?s={search_term_string}"},"query-input":{"@type":"PropertyValueSpecification","valueRequired":true,"valueName":"search_term_string"}}],"inLanguage":"en-CA"},{"@type":"Organization","@id":"https:\/\/perle-in.com\/#organization","name":"PERLE IN","url":"https:\/\/perle-in.com\/","logo":{"@type":"ImageObject","inLanguage":"en-CA","@id":"https:\/\/perle-in.com\/#\/schema\/logo\/image\/","url":"https:\/\/perle-in.com\/wp-content\/uploads\/2022\/12\/LOGO-PERLE-IN-COULEUR@3x.webp","contentUrl":"https:\/\/perle-in.com\/wp-content\/uploads\/2022\/12\/LOGO-PERLE-IN-COULEUR@3x.webp","width":1600,"height":490,"caption":"PERLE IN"},"image":{"@id":"https:\/\/perle-in.com\/#\/schema\/logo\/image\/"}}]}},"jetpack_sharing_enabled":true,"_links":{"self":[{"href":"https:\/\/perle-in.com\/en\/wp-json\/wp\/v2\/product\/516149","targetHints":{"allow":["GET"]}}],"collection":[{"href":"https:\/\/perle-in.com\/en\/wp-json\/wp\/v2\/product"}],"about":[{"href":"https:\/\/perle-in.com\/en\/wp-json\/wp\/v2\/types\/product"}],"version-history":[{"count":0,"href":"https:\/\/perle-in.com\/en\/wp-json\/wp\/v2\/product\/516149\/revisions"}],"wp:featuredmedia":[{"embeddable":true,"href":"https:\/\/perle-in.com\/en\/wp-json\/wp\/v2\/media\/516009"}],"wp:attachment":[{"href":"https:\/\/perle-in.com\/en\/wp-json\/wp\/v2\/media?parent=516149"}],"wp:term":[{"taxonomy":"product_brand","embeddable":true,"href":"https:\/\/perle-in.com\/en\/wp-json\/wp\/v2\/product_brand?post=516149"},{"taxonomy":"product_cat","embeddable":true,"href":"https:\/\/perle-in.com\/en\/wp-json\/wp\/v2\/product_cat?post=516149"},{"taxonomy":"product_tag","embeddable":true,"href":"https:\/\/perle-in.com\/en\/wp-json\/wp\/v2\/product_tag?post=516149"}],"curies":[{"name":"wp","href":"https:\/\/api.w.org\/{rel}","templated":true}]}}