{"id":515984,"date":"2025-10-14T03:43:12","date_gmt":"2025-10-14T01:43:12","guid":{"rendered":"https:\/\/perle-in.com\/produit\/sweater-ras-du-cou-unisexe-surrey\/"},"modified":"2025-10-14T03:44:19","modified_gmt":"2025-10-14T01:44:19","slug":"sweater-ras-du-cou-unisexe-surrey","status":"publish","type":"product","link":"https:\/\/perle-in.com\/en\/product\/sweater-ras-du-cou-unisexe-surrey\/","title":{"rendered":"Sweater ras du cou unisexe Surrey"},"content":{"rendered":"","protected":false},"excerpt":{"rendered":"<p>Le pull unisexe \u00e0 col ras du cou de Surrey &#8211; un m\u00e9lange harmonieux de style et de confort. Le col ras du cou classique est rehauss\u00e9 d&#8217;un empi\u00e8cement en V en tricot plat au centre du devant, ce qui ajoute une touche contemporaine \u00e0 son attrait intemporel. L&#8217;int\u00e9rieur bross\u00e9 garantit un toucher exceptionnellement doux, chaud et douillet. La bande de satin d&#8217;une \u00e9paule \u00e0 l&#8217;autre renforce non seulement la durabilit\u00e9, mais ajoute \u00e9galement une touche subtile de sophistication. Fabriqu\u00e9 \u00e0 partir d&#8217;une combinaison de qualit\u00e9 de coton et de polyester, avec un poids de 300 g\/m\u00b2, ce pull garantit \u00e0 la fois le style et le confort pour diverses occasions. Gr\u00e2ce \u00e0 l&#8217;int\u00e9gration du coton BCI, ce pull ne se contente pas de vous envelopper de confort, il s&#8217;inscrit \u00e9galement dans une d\u00e9marche de d\u00e9veloppement durable. Le coton BCI (Better Cotton Initiative) t\u00e9moigne de notre engagement en faveur d&#8217;un approvisionnement responsable et d&#8217;une production respectueuse de l&#8217;environnement. En choisissant le pull Surrey, vous faites un choix plus durable.<\/p>","protected":false},"featured_media":515951,"template":"","meta":{"_eb_attr":""},"product_brand":[],"product_cat":[1262,1024],"product_tag":[2435,2436,2433,2439,2443,2437,2438,2434,2440,2441,2442],"class_list":{"0":"post-515984","1":"product","2":"type-product","3":"status-publish","4":"has-post-thumbnail","6":"product_cat-sweat","7":"product_cat-vetements","8":"product_tag-capuche","9":"product_tag-capuches","10":"product_tag-sweat","11":"product_tag-sweat-a-capuche","12":"product_tag-sweat-capuche","13":"product_tag-sweat-shirt","14":"product_tag-sweat-shirts","15":"product_tag-sweats","16":"product_tag-sweats-a-capuche","17":"product_tag-tricot","18":"product_tag-tricots","19":"pa_couleurs-gris-melange","20":"pa_couleurs-marine","21":"pa_couleurs-noir","22":"pa_genre-unisex","23":"pa_marque-elevate-life","24":"pa_matiere-tricot-polyester-coton-bci-300-g-m2","25":"pa_pays-d-origine-bengladesh","26":"pa_taille-2xl","27":"pa_taille-2xs","28":"pa_taille-3xl","29":"pa_taille-l","30":"pa_taille-m","31":"pa_taille-s","32":"pa_taille-xl","33":"pa_taille-xs","35":"first","36":"instock","37":"shipping-taxable","38":"purchasable","39":"product-type-variable"},"yoast_head":"<!-- This site is optimized with the Yoast SEO plugin v27.4 - https:\/\/yoast.com\/product\/yoast-seo-wordpress\/ -->\n<title>Sweater ras du cou unisexe Surrey - PERLE IN<\/title>\n<meta name=\"robots\" content=\"noindex, follow, max-snippet:-1, max-image-preview:large, max-video-preview:-1\" \/>\n<meta property=\"og:locale\" content=\"en_US\" \/>\n<meta property=\"og:type\" content=\"article\" \/>\n<meta property=\"og:title\" content=\"Sweater ras du cou unisexe Surrey - PERLE IN\" \/>\n<meta property=\"og:description\" content=\"Le pull unisexe \u00e0 col ras du cou de Surrey - un m\u00e9lange harmonieux de style et de confort. Le col ras du cou classique est rehauss\u00e9 d&#039;un empi\u00e8cement en V en tricot plat au centre du devant, ce qui ajoute une touche contemporaine \u00e0 son attrait intemporel. L&#039;int\u00e9rieur bross\u00e9 garantit un toucher exceptionnellement doux, chaud et douillet. La bande de satin d&#039;une \u00e9paule \u00e0 l&#039;autre renforce non seulement la durabilit\u00e9, mais ajoute \u00e9galement une touche subtile de sophistication. Fabriqu\u00e9 \u00e0 partir d&#039;une combinaison de qualit\u00e9 de coton et de polyester, avec un poids de 300 g\/m\u00b2, ce pull garantit \u00e0 la fois le style et le confort pour diverses occasions. Gr\u00e2ce \u00e0 l&#039;int\u00e9gration du coton BCI, ce pull ne se contente pas de vous envelopper de confort, il s&#039;inscrit \u00e9galement dans une d\u00e9marche de d\u00e9veloppement durable. Le coton BCI (Better Cotton Initiative) t\u00e9moigne de notre engagement en faveur d&#039;un approvisionnement responsable et d&#039;une production respectueuse de l&#039;environnement. En choisissant le pull Surrey, vous faites un choix plus durable.\" \/>\n<meta property=\"og:url\" content=\"https:\/\/perle-in.com\/en\/product\/sweater-ras-du-cou-unisexe-surrey\/\" \/>\n<meta property=\"og:site_name\" content=\"PERLE IN\" \/>\n<meta property=\"article:modified_time\" content=\"2025-10-14T01:44:19+00:00\" \/>\n<meta property=\"og:image\" content=\"https:\/\/perle-in.com\/wp-content\/uploads\/2025\/10\/3821049-1.jpg\" \/>\n\t<meta property=\"og:image:width\" content=\"1600\" \/>\n\t<meta property=\"og:image:height\" content=\"1600\" \/>\n\t<meta property=\"og:image:type\" content=\"image\/jpeg\" \/>\n<meta name=\"twitter:card\" content=\"summary_large_image\" \/>\n<script type=\"application\/ld+json\" class=\"yoast-schema-graph\">{\"@context\":\"https:\\\/\\\/schema.org\",\"@graph\":[{\"@type\":\"WebPage\",\"@id\":\"https:\\\/\\\/perle-in.com\\\/produit\\\/sweater-ras-du-cou-unisexe-surrey\\\/\",\"url\":\"https:\\\/\\\/perle-in.com\\\/produit\\\/sweater-ras-du-cou-unisexe-surrey\\\/\",\"name\":\"Sweater ras du cou unisexe Surrey - PERLE IN\",\"isPartOf\":{\"@id\":\"https:\\\/\\\/perle-in.com\\\/#website\"},\"primaryImageOfPage\":{\"@id\":\"https:\\\/\\\/perle-in.com\\\/produit\\\/sweater-ras-du-cou-unisexe-surrey\\\/#primaryimage\"},\"image\":{\"@id\":\"https:\\\/\\\/perle-in.com\\\/produit\\\/sweater-ras-du-cou-unisexe-surrey\\\/#primaryimage\"},\"thumbnailUrl\":\"https:\\\/\\\/perle-in.com\\\/wp-content\\\/uploads\\\/2025\\\/10\\\/3821049-1.jpg\",\"datePublished\":\"2025-10-14T01:43:12+00:00\",\"dateModified\":\"2025-10-14T01:44:19+00:00\",\"breadcrumb\":{\"@id\":\"https:\\\/\\\/perle-in.com\\\/produit\\\/sweater-ras-du-cou-unisexe-surrey\\\/#breadcrumb\"},\"inLanguage\":\"en-CA\",\"potentialAction\":[{\"@type\":\"ReadAction\",\"target\":[\"https:\\\/\\\/perle-in.com\\\/produit\\\/sweater-ras-du-cou-unisexe-surrey\\\/\"]}]},{\"@type\":\"ImageObject\",\"inLanguage\":\"en-CA\",\"@id\":\"https:\\\/\\\/perle-in.com\\\/produit\\\/sweater-ras-du-cou-unisexe-surrey\\\/#primaryimage\",\"url\":\"https:\\\/\\\/perle-in.com\\\/wp-content\\\/uploads\\\/2025\\\/10\\\/3821049-1.jpg\",\"contentUrl\":\"https:\\\/\\\/perle-in.com\\\/wp-content\\\/uploads\\\/2025\\\/10\\\/3821049-1.jpg\",\"width\":1600,\"height\":1600},{\"@type\":\"BreadcrumbList\",\"@id\":\"https:\\\/\\\/perle-in.com\\\/produit\\\/sweater-ras-du-cou-unisexe-surrey\\\/#breadcrumb\",\"itemListElement\":[{\"@type\":\"ListItem\",\"position\":1,\"name\":\"Accueil\",\"item\":\"https:\\\/\\\/perle-in.com\\\/\"},{\"@type\":\"ListItem\",\"position\":2,\"name\":\"Boutique\",\"item\":\"https:\\\/\\\/perle-in.com\\\/boutique\\\/\"},{\"@type\":\"ListItem\",\"position\":3,\"name\":\"Sweater ras du cou unisexe Surrey\"}]},{\"@type\":\"WebSite\",\"@id\":\"https:\\\/\\\/perle-in.com\\\/#website\",\"url\":\"https:\\\/\\\/perle-in.com\\\/\",\"name\":\"PERLE IN\",\"description\":\"\",\"publisher\":{\"@id\":\"https:\\\/\\\/perle-in.com\\\/#organization\"},\"potentialAction\":[{\"@type\":\"SearchAction\",\"target\":{\"@type\":\"EntryPoint\",\"urlTemplate\":\"https:\\\/\\\/perle-in.com\\\/?s={search_term_string}\"},\"query-input\":{\"@type\":\"PropertyValueSpecification\",\"valueRequired\":true,\"valueName\":\"search_term_string\"}}],\"inLanguage\":\"en-CA\"},{\"@type\":\"Organization\",\"@id\":\"https:\\\/\\\/perle-in.com\\\/#organization\",\"name\":\"PERLE IN\",\"url\":\"https:\\\/\\\/perle-in.com\\\/\",\"logo\":{\"@type\":\"ImageObject\",\"inLanguage\":\"en-CA\",\"@id\":\"https:\\\/\\\/perle-in.com\\\/#\\\/schema\\\/logo\\\/image\\\/\",\"url\":\"https:\\\/\\\/perle-in.com\\\/wp-content\\\/uploads\\\/2022\\\/12\\\/LOGO-PERLE-IN-COULEUR@3x.webp\",\"contentUrl\":\"https:\\\/\\\/perle-in.com\\\/wp-content\\\/uploads\\\/2022\\\/12\\\/LOGO-PERLE-IN-COULEUR@3x.webp\",\"width\":1600,\"height\":490,\"caption\":\"PERLE IN\"},\"image\":{\"@id\":\"https:\\\/\\\/perle-in.com\\\/#\\\/schema\\\/logo\\\/image\\\/\"}}]}<\/script>\n<!-- \/ Yoast SEO plugin. -->","yoast_head_json":{"title":"Sweater ras du cou unisexe Surrey - PERLE IN","robots":{"index":"noindex","follow":"follow","max-snippet":"max-snippet:-1","max-image-preview":"max-image-preview:large","max-video-preview":"max-video-preview:-1"},"og_locale":"en_US","og_type":"article","og_title":"Sweater ras du cou unisexe Surrey - PERLE IN","og_description":"Le pull unisexe \u00e0 col ras du cou de Surrey - un m\u00e9lange harmonieux de style et de confort. Le col ras du cou classique est rehauss\u00e9 d'un empi\u00e8cement en V en tricot plat au centre du devant, ce qui ajoute une touche contemporaine \u00e0 son attrait intemporel. L'int\u00e9rieur bross\u00e9 garantit un toucher exceptionnellement doux, chaud et douillet. La bande de satin d'une \u00e9paule \u00e0 l'autre renforce non seulement la durabilit\u00e9, mais ajoute \u00e9galement une touche subtile de sophistication. Fabriqu\u00e9 \u00e0 partir d'une combinaison de qualit\u00e9 de coton et de polyester, avec un poids de 300 g\/m\u00b2, ce pull garantit \u00e0 la fois le style et le confort pour diverses occasions. Gr\u00e2ce \u00e0 l'int\u00e9gration du coton BCI, ce pull ne se contente pas de vous envelopper de confort, il s'inscrit \u00e9galement dans une d\u00e9marche de d\u00e9veloppement durable. Le coton BCI (Better Cotton Initiative) t\u00e9moigne de notre engagement en faveur d'un approvisionnement responsable et d'une production respectueuse de l'environnement. En choisissant le pull Surrey, vous faites un choix plus durable.","og_url":"https:\/\/perle-in.com\/en\/product\/sweater-ras-du-cou-unisexe-surrey\/","og_site_name":"PERLE IN","article_modified_time":"2025-10-14T01:44:19+00:00","og_image":[{"width":1600,"height":1600,"url":"https:\/\/perle-in.com\/wp-content\/uploads\/2025\/10\/3821049-1.jpg","type":"image\/jpeg"}],"twitter_card":"summary_large_image","schema":{"@context":"https:\/\/schema.org","@graph":[{"@type":"WebPage","@id":"https:\/\/perle-in.com\/produit\/sweater-ras-du-cou-unisexe-surrey\/","url":"https:\/\/perle-in.com\/produit\/sweater-ras-du-cou-unisexe-surrey\/","name":"Sweater ras du cou unisexe Surrey - PERLE IN","isPartOf":{"@id":"https:\/\/perle-in.com\/#website"},"primaryImageOfPage":{"@id":"https:\/\/perle-in.com\/produit\/sweater-ras-du-cou-unisexe-surrey\/#primaryimage"},"image":{"@id":"https:\/\/perle-in.com\/produit\/sweater-ras-du-cou-unisexe-surrey\/#primaryimage"},"thumbnailUrl":"https:\/\/perle-in.com\/wp-content\/uploads\/2025\/10\/3821049-1.jpg","datePublished":"2025-10-14T01:43:12+00:00","dateModified":"2025-10-14T01:44:19+00:00","breadcrumb":{"@id":"https:\/\/perle-in.com\/produit\/sweater-ras-du-cou-unisexe-surrey\/#breadcrumb"},"inLanguage":"en-CA","potentialAction":[{"@type":"ReadAction","target":["https:\/\/perle-in.com\/produit\/sweater-ras-du-cou-unisexe-surrey\/"]}]},{"@type":"ImageObject","inLanguage":"en-CA","@id":"https:\/\/perle-in.com\/produit\/sweater-ras-du-cou-unisexe-surrey\/#primaryimage","url":"https:\/\/perle-in.com\/wp-content\/uploads\/2025\/10\/3821049-1.jpg","contentUrl":"https:\/\/perle-in.com\/wp-content\/uploads\/2025\/10\/3821049-1.jpg","width":1600,"height":1600},{"@type":"BreadcrumbList","@id":"https:\/\/perle-in.com\/produit\/sweater-ras-du-cou-unisexe-surrey\/#breadcrumb","itemListElement":[{"@type":"ListItem","position":1,"name":"Accueil","item":"https:\/\/perle-in.com\/"},{"@type":"ListItem","position":2,"name":"Boutique","item":"https:\/\/perle-in.com\/boutique\/"},{"@type":"ListItem","position":3,"name":"Sweater ras du cou unisexe Surrey"}]},{"@type":"WebSite","@id":"https:\/\/perle-in.com\/#website","url":"https:\/\/perle-in.com\/","name":"PERLE IN","description":"","publisher":{"@id":"https:\/\/perle-in.com\/#organization"},"potentialAction":[{"@type":"SearchAction","target":{"@type":"EntryPoint","urlTemplate":"https:\/\/perle-in.com\/?s={search_term_string}"},"query-input":{"@type":"PropertyValueSpecification","valueRequired":true,"valueName":"search_term_string"}}],"inLanguage":"en-CA"},{"@type":"Organization","@id":"https:\/\/perle-in.com\/#organization","name":"PERLE IN","url":"https:\/\/perle-in.com\/","logo":{"@type":"ImageObject","inLanguage":"en-CA","@id":"https:\/\/perle-in.com\/#\/schema\/logo\/image\/","url":"https:\/\/perle-in.com\/wp-content\/uploads\/2022\/12\/LOGO-PERLE-IN-COULEUR@3x.webp","contentUrl":"https:\/\/perle-in.com\/wp-content\/uploads\/2022\/12\/LOGO-PERLE-IN-COULEUR@3x.webp","width":1600,"height":490,"caption":"PERLE IN"},"image":{"@id":"https:\/\/perle-in.com\/#\/schema\/logo\/image\/"}}]}},"jetpack_sharing_enabled":true,"_links":{"self":[{"href":"https:\/\/perle-in.com\/en\/wp-json\/wp\/v2\/product\/515984","targetHints":{"allow":["GET"]}}],"collection":[{"href":"https:\/\/perle-in.com\/en\/wp-json\/wp\/v2\/product"}],"about":[{"href":"https:\/\/perle-in.com\/en\/wp-json\/wp\/v2\/types\/product"}],"version-history":[{"count":0,"href":"https:\/\/perle-in.com\/en\/wp-json\/wp\/v2\/product\/515984\/revisions"}],"wp:featuredmedia":[{"embeddable":true,"href":"https:\/\/perle-in.com\/en\/wp-json\/wp\/v2\/media\/515951"}],"wp:attachment":[{"href":"https:\/\/perle-in.com\/en\/wp-json\/wp\/v2\/media?parent=515984"}],"wp:term":[{"taxonomy":"product_brand","embeddable":true,"href":"https:\/\/perle-in.com\/en\/wp-json\/wp\/v2\/product_brand?post=515984"},{"taxonomy":"product_cat","embeddable":true,"href":"https:\/\/perle-in.com\/en\/wp-json\/wp\/v2\/product_cat?post=515984"},{"taxonomy":"product_tag","embeddable":true,"href":"https:\/\/perle-in.com\/en\/wp-json\/wp\/v2\/product_tag?post=515984"}],"curies":[{"name":"wp","href":"https:\/\/api.w.org\/{rel}","templated":true}]}}