{"id":514875,"date":"2025-10-14T03:29:14","date_gmt":"2025-10-14T01:29:14","guid":{"rendered":"https:\/\/perle-in.com\/produit\/chemise-oxford-manches-longues-homme-manitoba\/"},"modified":"2025-10-14T03:29:44","modified_gmt":"2025-10-14T01:29:44","slug":"chemise-oxford-manches-longues-homme-manitoba","status":"publish","type":"product","link":"https:\/\/perle-in.com\/en\/product\/chemise-oxford-manches-longues-homme-manitoba\/","title":{"rendered":"Chemise oxford manches longues homme Manitoba"},"content":{"rendered":"","protected":false},"excerpt":{"rendered":"<p>La chemise oxford \u00e0 manches longues pour homme de Vaillant &#8211; un style intemporel d&#8217;une qualit\u00e9 exceptionnelle. Fabriqu\u00e9e en coton de haute qualit\u00e9, l&#8217;armure oxford classique conf\u00e8re \u00e0 la chemise une texture raffin\u00e9e, ajoutant de la profondeur et du caract\u00e8re \u00e0 son apparence g\u00e9n\u00e9rale. Avec son col boutonn\u00e9, elle passe sans effort des occasions formelles aux occasions d\u00e9contract\u00e9es. Pour ajouter une touche d&#8217;\u00e9l\u00e9gance, la deuxi\u00e8me boutonni\u00e8re en partant du bas est orn\u00e9e d&#8217;une surpiq\u00fbre orange frappante.<\/p>","protected":false},"featured_media":514704,"template":"","meta":{"_eb_attr":""},"product_brand":[],"product_cat":[1255,1024],"product_tag":[2380,2381,2429,2430,2427,2428,2426],"class_list":{"0":"post-514875","1":"product","2":"type-product","3":"status-publish","4":"has-post-thumbnail","6":"product_cat-chemises","7":"product_cat-vetements","8":"product_tag-chemise","9":"product_tag-chemises","10":"product_tag-chemisette","11":"product_tag-chemisettes","12":"product_tag-chemisier","13":"product_tag-chemisiers","14":"product_tag-vaillant-chemise","15":"pa_couleurs-blanc","16":"pa_couleurs-bleu-clair","17":"pa_couleurs-marine","18":"pa_couleurs-noir","19":"pa_genre-male","20":"pa_marque-elevate-life","21":"pa_matiere-oxford-100-coton-142-g-m2","22":"pa_pays-d-origine-bengladesh","23":"pa_taille-2xl","24":"pa_taille-3xl","25":"pa_taille-l","26":"pa_taille-m","27":"pa_taille-s","28":"pa_taille-xl","29":"pa_taille-xs","31":"first","32":"instock","33":"shipping-taxable","34":"purchasable","35":"product-type-variable"},"yoast_head":"<!-- This site is optimized with the Yoast SEO plugin v27.4 - https:\/\/yoast.com\/product\/yoast-seo-wordpress\/ -->\n<title>Chemise oxford manches longues homme Manitoba - PERLE IN<\/title>\n<meta name=\"robots\" content=\"noindex, follow, max-snippet:-1, max-image-preview:large, max-video-preview:-1\" \/>\n<meta property=\"og:locale\" content=\"en_US\" \/>\n<meta property=\"og:type\" content=\"article\" \/>\n<meta property=\"og:title\" content=\"Chemise oxford manches longues homme Manitoba - PERLE IN\" \/>\n<meta property=\"og:description\" content=\"La chemise oxford \u00e0 manches longues pour homme de Vaillant - un style intemporel d&#039;une qualit\u00e9 exceptionnelle. Fabriqu\u00e9e en coton de haute qualit\u00e9, l&#039;armure oxford classique conf\u00e8re \u00e0 la chemise une texture raffin\u00e9e, ajoutant de la profondeur et du caract\u00e8re \u00e0 son apparence g\u00e9n\u00e9rale. Avec son col boutonn\u00e9, elle passe sans effort des occasions formelles aux occasions d\u00e9contract\u00e9es. Pour ajouter une touche d&#039;\u00e9l\u00e9gance, la deuxi\u00e8me boutonni\u00e8re en partant du bas est orn\u00e9e d&#039;une surpiq\u00fbre orange frappante.\" \/>\n<meta property=\"og:url\" content=\"https:\/\/perle-in.com\/en\/product\/chemise-oxford-manches-longues-homme-manitoba\/\" \/>\n<meta property=\"og:site_name\" content=\"PERLE IN\" \/>\n<meta property=\"article:modified_time\" content=\"2025-10-14T01:29:44+00:00\" \/>\n<meta property=\"og:image\" content=\"https:\/\/perle-in.com\/wp-content\/uploads\/2025\/10\/3816201-1.jpg\" \/>\n\t<meta property=\"og:image:width\" content=\"1600\" \/>\n\t<meta property=\"og:image:height\" content=\"1600\" \/>\n\t<meta property=\"og:image:type\" content=\"image\/jpeg\" \/>\n<meta name=\"twitter:card\" content=\"summary_large_image\" \/>\n<script type=\"application\/ld+json\" class=\"yoast-schema-graph\">{\"@context\":\"https:\\\/\\\/schema.org\",\"@graph\":[{\"@type\":\"WebPage\",\"@id\":\"https:\\\/\\\/perle-in.com\\\/produit\\\/chemise-oxford-manches-longues-homme-manitoba\\\/\",\"url\":\"https:\\\/\\\/perle-in.com\\\/produit\\\/chemise-oxford-manches-longues-homme-manitoba\\\/\",\"name\":\"Chemise oxford manches longues homme Manitoba - PERLE IN\",\"isPartOf\":{\"@id\":\"https:\\\/\\\/perle-in.com\\\/#website\"},\"primaryImageOfPage\":{\"@id\":\"https:\\\/\\\/perle-in.com\\\/produit\\\/chemise-oxford-manches-longues-homme-manitoba\\\/#primaryimage\"},\"image\":{\"@id\":\"https:\\\/\\\/perle-in.com\\\/produit\\\/chemise-oxford-manches-longues-homme-manitoba\\\/#primaryimage\"},\"thumbnailUrl\":\"https:\\\/\\\/perle-in.com\\\/wp-content\\\/uploads\\\/2025\\\/10\\\/3816201-1.jpg\",\"datePublished\":\"2025-10-14T01:29:14+00:00\",\"dateModified\":\"2025-10-14T01:29:44+00:00\",\"breadcrumb\":{\"@id\":\"https:\\\/\\\/perle-in.com\\\/produit\\\/chemise-oxford-manches-longues-homme-manitoba\\\/#breadcrumb\"},\"inLanguage\":\"en-CA\",\"potentialAction\":[{\"@type\":\"ReadAction\",\"target\":[\"https:\\\/\\\/perle-in.com\\\/produit\\\/chemise-oxford-manches-longues-homme-manitoba\\\/\"]}]},{\"@type\":\"ImageObject\",\"inLanguage\":\"en-CA\",\"@id\":\"https:\\\/\\\/perle-in.com\\\/produit\\\/chemise-oxford-manches-longues-homme-manitoba\\\/#primaryimage\",\"url\":\"https:\\\/\\\/perle-in.com\\\/wp-content\\\/uploads\\\/2025\\\/10\\\/3816201-1.jpg\",\"contentUrl\":\"https:\\\/\\\/perle-in.com\\\/wp-content\\\/uploads\\\/2025\\\/10\\\/3816201-1.jpg\",\"width\":1600,\"height\":1600},{\"@type\":\"BreadcrumbList\",\"@id\":\"https:\\\/\\\/perle-in.com\\\/produit\\\/chemise-oxford-manches-longues-homme-manitoba\\\/#breadcrumb\",\"itemListElement\":[{\"@type\":\"ListItem\",\"position\":1,\"name\":\"Accueil\",\"item\":\"https:\\\/\\\/perle-in.com\\\/\"},{\"@type\":\"ListItem\",\"position\":2,\"name\":\"Boutique\",\"item\":\"https:\\\/\\\/perle-in.com\\\/boutique\\\/\"},{\"@type\":\"ListItem\",\"position\":3,\"name\":\"Chemise oxford manches longues homme Manitoba\"}]},{\"@type\":\"WebSite\",\"@id\":\"https:\\\/\\\/perle-in.com\\\/#website\",\"url\":\"https:\\\/\\\/perle-in.com\\\/\",\"name\":\"PERLE IN\",\"description\":\"\",\"publisher\":{\"@id\":\"https:\\\/\\\/perle-in.com\\\/#organization\"},\"potentialAction\":[{\"@type\":\"SearchAction\",\"target\":{\"@type\":\"EntryPoint\",\"urlTemplate\":\"https:\\\/\\\/perle-in.com\\\/?s={search_term_string}\"},\"query-input\":{\"@type\":\"PropertyValueSpecification\",\"valueRequired\":true,\"valueName\":\"search_term_string\"}}],\"inLanguage\":\"en-CA\"},{\"@type\":\"Organization\",\"@id\":\"https:\\\/\\\/perle-in.com\\\/#organization\",\"name\":\"PERLE IN\",\"url\":\"https:\\\/\\\/perle-in.com\\\/\",\"logo\":{\"@type\":\"ImageObject\",\"inLanguage\":\"en-CA\",\"@id\":\"https:\\\/\\\/perle-in.com\\\/#\\\/schema\\\/logo\\\/image\\\/\",\"url\":\"https:\\\/\\\/perle-in.com\\\/wp-content\\\/uploads\\\/2022\\\/12\\\/LOGO-PERLE-IN-COULEUR@3x.webp\",\"contentUrl\":\"https:\\\/\\\/perle-in.com\\\/wp-content\\\/uploads\\\/2022\\\/12\\\/LOGO-PERLE-IN-COULEUR@3x.webp\",\"width\":1600,\"height\":490,\"caption\":\"PERLE IN\"},\"image\":{\"@id\":\"https:\\\/\\\/perle-in.com\\\/#\\\/schema\\\/logo\\\/image\\\/\"}}]}<\/script>\n<!-- \/ Yoast SEO plugin. -->","yoast_head_json":{"title":"Chemise oxford manches longues homme Manitoba - PERLE IN","robots":{"index":"noindex","follow":"follow","max-snippet":"max-snippet:-1","max-image-preview":"max-image-preview:large","max-video-preview":"max-video-preview:-1"},"og_locale":"en_US","og_type":"article","og_title":"Chemise oxford manches longues homme Manitoba - PERLE IN","og_description":"La chemise oxford \u00e0 manches longues pour homme de Vaillant - un style intemporel d'une qualit\u00e9 exceptionnelle. Fabriqu\u00e9e en coton de haute qualit\u00e9, l'armure oxford classique conf\u00e8re \u00e0 la chemise une texture raffin\u00e9e, ajoutant de la profondeur et du caract\u00e8re \u00e0 son apparence g\u00e9n\u00e9rale. Avec son col boutonn\u00e9, elle passe sans effort des occasions formelles aux occasions d\u00e9contract\u00e9es. Pour ajouter une touche d'\u00e9l\u00e9gance, la deuxi\u00e8me boutonni\u00e8re en partant du bas est orn\u00e9e d'une surpiq\u00fbre orange frappante.","og_url":"https:\/\/perle-in.com\/en\/product\/chemise-oxford-manches-longues-homme-manitoba\/","og_site_name":"PERLE IN","article_modified_time":"2025-10-14T01:29:44+00:00","og_image":[{"width":1600,"height":1600,"url":"https:\/\/perle-in.com\/wp-content\/uploads\/2025\/10\/3816201-1.jpg","type":"image\/jpeg"}],"twitter_card":"summary_large_image","schema":{"@context":"https:\/\/schema.org","@graph":[{"@type":"WebPage","@id":"https:\/\/perle-in.com\/produit\/chemise-oxford-manches-longues-homme-manitoba\/","url":"https:\/\/perle-in.com\/produit\/chemise-oxford-manches-longues-homme-manitoba\/","name":"Chemise oxford manches longues homme Manitoba - PERLE IN","isPartOf":{"@id":"https:\/\/perle-in.com\/#website"},"primaryImageOfPage":{"@id":"https:\/\/perle-in.com\/produit\/chemise-oxford-manches-longues-homme-manitoba\/#primaryimage"},"image":{"@id":"https:\/\/perle-in.com\/produit\/chemise-oxford-manches-longues-homme-manitoba\/#primaryimage"},"thumbnailUrl":"https:\/\/perle-in.com\/wp-content\/uploads\/2025\/10\/3816201-1.jpg","datePublished":"2025-10-14T01:29:14+00:00","dateModified":"2025-10-14T01:29:44+00:00","breadcrumb":{"@id":"https:\/\/perle-in.com\/produit\/chemise-oxford-manches-longues-homme-manitoba\/#breadcrumb"},"inLanguage":"en-CA","potentialAction":[{"@type":"ReadAction","target":["https:\/\/perle-in.com\/produit\/chemise-oxford-manches-longues-homme-manitoba\/"]}]},{"@type":"ImageObject","inLanguage":"en-CA","@id":"https:\/\/perle-in.com\/produit\/chemise-oxford-manches-longues-homme-manitoba\/#primaryimage","url":"https:\/\/perle-in.com\/wp-content\/uploads\/2025\/10\/3816201-1.jpg","contentUrl":"https:\/\/perle-in.com\/wp-content\/uploads\/2025\/10\/3816201-1.jpg","width":1600,"height":1600},{"@type":"BreadcrumbList","@id":"https:\/\/perle-in.com\/produit\/chemise-oxford-manches-longues-homme-manitoba\/#breadcrumb","itemListElement":[{"@type":"ListItem","position":1,"name":"Accueil","item":"https:\/\/perle-in.com\/"},{"@type":"ListItem","position":2,"name":"Boutique","item":"https:\/\/perle-in.com\/boutique\/"},{"@type":"ListItem","position":3,"name":"Chemise oxford manches longues homme Manitoba"}]},{"@type":"WebSite","@id":"https:\/\/perle-in.com\/#website","url":"https:\/\/perle-in.com\/","name":"PERLE IN","description":"","publisher":{"@id":"https:\/\/perle-in.com\/#organization"},"potentialAction":[{"@type":"SearchAction","target":{"@type":"EntryPoint","urlTemplate":"https:\/\/perle-in.com\/?s={search_term_string}"},"query-input":{"@type":"PropertyValueSpecification","valueRequired":true,"valueName":"search_term_string"}}],"inLanguage":"en-CA"},{"@type":"Organization","@id":"https:\/\/perle-in.com\/#organization","name":"PERLE IN","url":"https:\/\/perle-in.com\/","logo":{"@type":"ImageObject","inLanguage":"en-CA","@id":"https:\/\/perle-in.com\/#\/schema\/logo\/image\/","url":"https:\/\/perle-in.com\/wp-content\/uploads\/2022\/12\/LOGO-PERLE-IN-COULEUR@3x.webp","contentUrl":"https:\/\/perle-in.com\/wp-content\/uploads\/2022\/12\/LOGO-PERLE-IN-COULEUR@3x.webp","width":1600,"height":490,"caption":"PERLE IN"},"image":{"@id":"https:\/\/perle-in.com\/#\/schema\/logo\/image\/"}}]}},"jetpack_sharing_enabled":true,"_links":{"self":[{"href":"https:\/\/perle-in.com\/en\/wp-json\/wp\/v2\/product\/514875","targetHints":{"allow":["GET"]}}],"collection":[{"href":"https:\/\/perle-in.com\/en\/wp-json\/wp\/v2\/product"}],"about":[{"href":"https:\/\/perle-in.com\/en\/wp-json\/wp\/v2\/types\/product"}],"version-history":[{"count":0,"href":"https:\/\/perle-in.com\/en\/wp-json\/wp\/v2\/product\/514875\/revisions"}],"wp:featuredmedia":[{"embeddable":true,"href":"https:\/\/perle-in.com\/en\/wp-json\/wp\/v2\/media\/514704"}],"wp:attachment":[{"href":"https:\/\/perle-in.com\/en\/wp-json\/wp\/v2\/media?parent=514875"}],"wp:term":[{"taxonomy":"product_brand","embeddable":true,"href":"https:\/\/perle-in.com\/en\/wp-json\/wp\/v2\/product_brand?post=514875"},{"taxonomy":"product_cat","embeddable":true,"href":"https:\/\/perle-in.com\/en\/wp-json\/wp\/v2\/product_cat?post=514875"},{"taxonomy":"product_tag","embeddable":true,"href":"https:\/\/perle-in.com\/en\/wp-json\/wp\/v2\/product_tag?post=514875"}],"curies":[{"name":"wp","href":"https:\/\/api.w.org\/{rel}","templated":true}]}}