{"id":514414,"date":"2025-10-14T03:15:36","date_gmt":"2025-10-14T01:15:36","guid":{"rendered":"https:\/\/perle-in.com\/produit\/polo-manches-courtes-homme-calgary\/"},"modified":"2025-10-14T03:15:41","modified_gmt":"2025-10-14T01:15:41","slug":"polo-manches-courtes-homme-calgary","status":"publish","type":"product","link":"https:\/\/perle-in.com\/en\/product\/polo-manches-courtes-homme-calgary\/","title":{"rendered":"Polo manches courtes homme Calgary"},"content":{"rendered":"","protected":false},"excerpt":{"rendered":"<p>Le polo \u00e0 manches courtes pour homme Calgary est un classique essentiel qui allie style et confort sans effort. Fabriqu\u00e9 dans un tissu en maille piqu\u00e9e de 200 g\/m\u00b2 avec une finition pr\u00e9-r\u00e9tr\u00e9cie, il assure un ajustement parfait et durable et convient donc \u00e0 diff\u00e9rentes activit\u00e9s et \u00e9v\u00e9nements. Les poignets en tricot c\u00f4tel\u00e9 plat ajoutent de la sophistication et maintiennent la forme du polo. Les fentes lat\u00e9rales avec finition en ruban de satin et la couture d&#8217;\u00e9paule avant avec points de cha\u00eenette ajoutent \u00e0 la flexibilit\u00e9 et au confort. Disponible dans une gamme de couleurs vives.<\/p>","protected":false},"featured_media":509887,"template":"","meta":{"_eb_attr":""},"product_brand":[],"product_cat":[1256,1024],"product_tag":[2367,2368,1589,1588,1587,1586,1585,1584,2404,2366],"class_list":{"0":"post-514414","1":"product","2":"type-product","3":"status-publish","4":"has-post-thumbnail","6":"product_cat-polos","7":"product_cat-vetements","8":"product_tag-chemise-polo","9":"product_tag-chemises-polo","10":"product_tag-color-lab","11":"product_tag-colorlab","12":"product_tag-colorlab22","13":"product_tag-colour-lab","14":"product_tag-colourlab","15":"product_tag-colourlab22","16":"product_tag-polo-manches-courtes","17":"product_tag-polos","18":"pa_couleurs-anthracite","19":"pa_couleurs-blanc","20":"pa_couleurs-bleu","21":"pa_couleurs-bleu-clair","22":"pa_couleurs-bleu-hale","23":"pa_couleurs-bleu-tech","24":"pa_couleurs-bordeaux","25":"pa_couleurs-gres","26":"pa_couleurs-gris-melange","27":"pa_couleurs-jaune","28":"pa_couleurs-magenta","29":"pa_couleurs-marine","30":"pa_couleurs-noir","31":"pa_couleurs-orange","32":"pa_couleurs-rose-clair","33":"pa_couleurs-rose-pale","34":"pa_couleurs-rouge","35":"pa_couleurs-vert-eau","36":"pa_couleurs-vert-foret","37":"pa_couleurs-vert-fougere","38":"pa_couleurs-vert-militaire","39":"pa_couleurs-vert-pomme","40":"pa_genre-male","41":"pa_marque-elevate-life","42":"pa_matiere-maille-piquee-100-coton-bci-200-g-m2","43":"pa_pays-d-origine-bengladesh","44":"pa_taille-2xl","45":"pa_taille-3xl","46":"pa_taille-l","47":"pa_taille-m","48":"pa_taille-s","49":"pa_taille-xl","50":"pa_taille-xs","51":"pa_taille-xxl","53":"first","54":"instock","55":"shipping-taxable","56":"purchasable","57":"product-type-variable"},"yoast_head":"<!-- This site is optimized with the Yoast SEO plugin v27.4 - https:\/\/yoast.com\/product\/yoast-seo-wordpress\/ -->\n<title>Polo manches courtes homme Calgary - PERLE IN<\/title>\n<meta name=\"robots\" content=\"noindex, follow, max-snippet:-1, max-image-preview:large, max-video-preview:-1\" \/>\n<meta property=\"og:locale\" content=\"en_US\" \/>\n<meta property=\"og:type\" content=\"article\" \/>\n<meta property=\"og:title\" content=\"Polo manches courtes homme Calgary - PERLE IN\" \/>\n<meta property=\"og:description\" content=\"Le polo \u00e0 manches courtes pour homme Calgary est un classique essentiel qui allie style et confort sans effort. Fabriqu\u00e9 dans un tissu en maille piqu\u00e9e de 200 g\/m\u00b2 avec une finition pr\u00e9-r\u00e9tr\u00e9cie, il assure un ajustement parfait et durable et convient donc \u00e0 diff\u00e9rentes activit\u00e9s et \u00e9v\u00e9nements. Les poignets en tricot c\u00f4tel\u00e9 plat ajoutent de la sophistication et maintiennent la forme du polo. Les fentes lat\u00e9rales avec finition en ruban de satin et la couture d&#039;\u00e9paule avant avec points de cha\u00eenette ajoutent \u00e0 la flexibilit\u00e9 et au confort. Disponible dans une gamme de couleurs vives.\" \/>\n<meta property=\"og:url\" content=\"https:\/\/perle-in.com\/en\/product\/polo-manches-courtes-homme-calgary\/\" \/>\n<meta property=\"og:site_name\" content=\"PERLE IN\" \/>\n<meta property=\"article:modified_time\" content=\"2025-10-14T01:15:41+00:00\" \/>\n<meta property=\"og:image\" content=\"https:\/\/perle-in.com\/wp-content\/uploads\/2025\/10\/3808001-4.jpg\" \/>\n\t<meta property=\"og:image:width\" content=\"1600\" \/>\n\t<meta property=\"og:image:height\" content=\"1600\" \/>\n\t<meta property=\"og:image:type\" content=\"image\/jpeg\" \/>\n<meta name=\"twitter:card\" content=\"summary_large_image\" \/>\n<script type=\"application\/ld+json\" class=\"yoast-schema-graph\">{\"@context\":\"https:\\\/\\\/schema.org\",\"@graph\":[{\"@type\":\"WebPage\",\"@id\":\"https:\\\/\\\/perle-in.com\\\/produit\\\/polo-manches-courtes-homme-calgary\\\/\",\"url\":\"https:\\\/\\\/perle-in.com\\\/produit\\\/polo-manches-courtes-homme-calgary\\\/\",\"name\":\"Polo manches courtes homme Calgary - PERLE IN\",\"isPartOf\":{\"@id\":\"https:\\\/\\\/perle-in.com\\\/#website\"},\"primaryImageOfPage\":{\"@id\":\"https:\\\/\\\/perle-in.com\\\/produit\\\/polo-manches-courtes-homme-calgary\\\/#primaryimage\"},\"image\":{\"@id\":\"https:\\\/\\\/perle-in.com\\\/produit\\\/polo-manches-courtes-homme-calgary\\\/#primaryimage\"},\"thumbnailUrl\":\"https:\\\/\\\/perle-in.com\\\/wp-content\\\/uploads\\\/2025\\\/10\\\/3808001-4.jpg\",\"datePublished\":\"2025-10-14T01:15:36+00:00\",\"dateModified\":\"2025-10-14T01:15:41+00:00\",\"breadcrumb\":{\"@id\":\"https:\\\/\\\/perle-in.com\\\/produit\\\/polo-manches-courtes-homme-calgary\\\/#breadcrumb\"},\"inLanguage\":\"en-CA\",\"potentialAction\":[{\"@type\":\"ReadAction\",\"target\":[\"https:\\\/\\\/perle-in.com\\\/produit\\\/polo-manches-courtes-homme-calgary\\\/\"]}]},{\"@type\":\"ImageObject\",\"inLanguage\":\"en-CA\",\"@id\":\"https:\\\/\\\/perle-in.com\\\/produit\\\/polo-manches-courtes-homme-calgary\\\/#primaryimage\",\"url\":\"https:\\\/\\\/perle-in.com\\\/wp-content\\\/uploads\\\/2025\\\/10\\\/3808001-4.jpg\",\"contentUrl\":\"https:\\\/\\\/perle-in.com\\\/wp-content\\\/uploads\\\/2025\\\/10\\\/3808001-4.jpg\",\"width\":1600,\"height\":1600},{\"@type\":\"BreadcrumbList\",\"@id\":\"https:\\\/\\\/perle-in.com\\\/produit\\\/polo-manches-courtes-homme-calgary\\\/#breadcrumb\",\"itemListElement\":[{\"@type\":\"ListItem\",\"position\":1,\"name\":\"Accueil\",\"item\":\"https:\\\/\\\/perle-in.com\\\/\"},{\"@type\":\"ListItem\",\"position\":2,\"name\":\"Boutique\",\"item\":\"https:\\\/\\\/perle-in.com\\\/boutique\\\/\"},{\"@type\":\"ListItem\",\"position\":3,\"name\":\"Polo manches courtes homme Calgary\"}]},{\"@type\":\"WebSite\",\"@id\":\"https:\\\/\\\/perle-in.com\\\/#website\",\"url\":\"https:\\\/\\\/perle-in.com\\\/\",\"name\":\"PERLE IN\",\"description\":\"\",\"publisher\":{\"@id\":\"https:\\\/\\\/perle-in.com\\\/#organization\"},\"potentialAction\":[{\"@type\":\"SearchAction\",\"target\":{\"@type\":\"EntryPoint\",\"urlTemplate\":\"https:\\\/\\\/perle-in.com\\\/?s={search_term_string}\"},\"query-input\":{\"@type\":\"PropertyValueSpecification\",\"valueRequired\":true,\"valueName\":\"search_term_string\"}}],\"inLanguage\":\"en-CA\"},{\"@type\":\"Organization\",\"@id\":\"https:\\\/\\\/perle-in.com\\\/#organization\",\"name\":\"PERLE IN\",\"url\":\"https:\\\/\\\/perle-in.com\\\/\",\"logo\":{\"@type\":\"ImageObject\",\"inLanguage\":\"en-CA\",\"@id\":\"https:\\\/\\\/perle-in.com\\\/#\\\/schema\\\/logo\\\/image\\\/\",\"url\":\"https:\\\/\\\/perle-in.com\\\/wp-content\\\/uploads\\\/2022\\\/12\\\/LOGO-PERLE-IN-COULEUR@3x.webp\",\"contentUrl\":\"https:\\\/\\\/perle-in.com\\\/wp-content\\\/uploads\\\/2022\\\/12\\\/LOGO-PERLE-IN-COULEUR@3x.webp\",\"width\":1600,\"height\":490,\"caption\":\"PERLE IN\"},\"image\":{\"@id\":\"https:\\\/\\\/perle-in.com\\\/#\\\/schema\\\/logo\\\/image\\\/\"}}]}<\/script>\n<!-- \/ Yoast SEO plugin. -->","yoast_head_json":{"title":"Polo manches courtes homme Calgary - PERLE IN","robots":{"index":"noindex","follow":"follow","max-snippet":"max-snippet:-1","max-image-preview":"max-image-preview:large","max-video-preview":"max-video-preview:-1"},"og_locale":"en_US","og_type":"article","og_title":"Polo manches courtes homme Calgary - PERLE IN","og_description":"Le polo \u00e0 manches courtes pour homme Calgary est un classique essentiel qui allie style et confort sans effort. Fabriqu\u00e9 dans un tissu en maille piqu\u00e9e de 200 g\/m\u00b2 avec une finition pr\u00e9-r\u00e9tr\u00e9cie, il assure un ajustement parfait et durable et convient donc \u00e0 diff\u00e9rentes activit\u00e9s et \u00e9v\u00e9nements. Les poignets en tricot c\u00f4tel\u00e9 plat ajoutent de la sophistication et maintiennent la forme du polo. Les fentes lat\u00e9rales avec finition en ruban de satin et la couture d'\u00e9paule avant avec points de cha\u00eenette ajoutent \u00e0 la flexibilit\u00e9 et au confort. Disponible dans une gamme de couleurs vives.","og_url":"https:\/\/perle-in.com\/en\/product\/polo-manches-courtes-homme-calgary\/","og_site_name":"PERLE IN","article_modified_time":"2025-10-14T01:15:41+00:00","og_image":[{"width":1600,"height":1600,"url":"https:\/\/perle-in.com\/wp-content\/uploads\/2025\/10\/3808001-4.jpg","type":"image\/jpeg"}],"twitter_card":"summary_large_image","schema":{"@context":"https:\/\/schema.org","@graph":[{"@type":"WebPage","@id":"https:\/\/perle-in.com\/produit\/polo-manches-courtes-homme-calgary\/","url":"https:\/\/perle-in.com\/produit\/polo-manches-courtes-homme-calgary\/","name":"Polo manches courtes homme Calgary - PERLE IN","isPartOf":{"@id":"https:\/\/perle-in.com\/#website"},"primaryImageOfPage":{"@id":"https:\/\/perle-in.com\/produit\/polo-manches-courtes-homme-calgary\/#primaryimage"},"image":{"@id":"https:\/\/perle-in.com\/produit\/polo-manches-courtes-homme-calgary\/#primaryimage"},"thumbnailUrl":"https:\/\/perle-in.com\/wp-content\/uploads\/2025\/10\/3808001-4.jpg","datePublished":"2025-10-14T01:15:36+00:00","dateModified":"2025-10-14T01:15:41+00:00","breadcrumb":{"@id":"https:\/\/perle-in.com\/produit\/polo-manches-courtes-homme-calgary\/#breadcrumb"},"inLanguage":"en-CA","potentialAction":[{"@type":"ReadAction","target":["https:\/\/perle-in.com\/produit\/polo-manches-courtes-homme-calgary\/"]}]},{"@type":"ImageObject","inLanguage":"en-CA","@id":"https:\/\/perle-in.com\/produit\/polo-manches-courtes-homme-calgary\/#primaryimage","url":"https:\/\/perle-in.com\/wp-content\/uploads\/2025\/10\/3808001-4.jpg","contentUrl":"https:\/\/perle-in.com\/wp-content\/uploads\/2025\/10\/3808001-4.jpg","width":1600,"height":1600},{"@type":"BreadcrumbList","@id":"https:\/\/perle-in.com\/produit\/polo-manches-courtes-homme-calgary\/#breadcrumb","itemListElement":[{"@type":"ListItem","position":1,"name":"Accueil","item":"https:\/\/perle-in.com\/"},{"@type":"ListItem","position":2,"name":"Boutique","item":"https:\/\/perle-in.com\/boutique\/"},{"@type":"ListItem","position":3,"name":"Polo manches courtes homme Calgary"}]},{"@type":"WebSite","@id":"https:\/\/perle-in.com\/#website","url":"https:\/\/perle-in.com\/","name":"PERLE IN","description":"","publisher":{"@id":"https:\/\/perle-in.com\/#organization"},"potentialAction":[{"@type":"SearchAction","target":{"@type":"EntryPoint","urlTemplate":"https:\/\/perle-in.com\/?s={search_term_string}"},"query-input":{"@type":"PropertyValueSpecification","valueRequired":true,"valueName":"search_term_string"}}],"inLanguage":"en-CA"},{"@type":"Organization","@id":"https:\/\/perle-in.com\/#organization","name":"PERLE IN","url":"https:\/\/perle-in.com\/","logo":{"@type":"ImageObject","inLanguage":"en-CA","@id":"https:\/\/perle-in.com\/#\/schema\/logo\/image\/","url":"https:\/\/perle-in.com\/wp-content\/uploads\/2022\/12\/LOGO-PERLE-IN-COULEUR@3x.webp","contentUrl":"https:\/\/perle-in.com\/wp-content\/uploads\/2022\/12\/LOGO-PERLE-IN-COULEUR@3x.webp","width":1600,"height":490,"caption":"PERLE IN"},"image":{"@id":"https:\/\/perle-in.com\/#\/schema\/logo\/image\/"}}]}},"jetpack_sharing_enabled":true,"_links":{"self":[{"href":"https:\/\/perle-in.com\/en\/wp-json\/wp\/v2\/product\/514414","targetHints":{"allow":["GET"]}}],"collection":[{"href":"https:\/\/perle-in.com\/en\/wp-json\/wp\/v2\/product"}],"about":[{"href":"https:\/\/perle-in.com\/en\/wp-json\/wp\/v2\/types\/product"}],"version-history":[{"count":0,"href":"https:\/\/perle-in.com\/en\/wp-json\/wp\/v2\/product\/514414\/revisions"}],"wp:featuredmedia":[{"embeddable":true,"href":"https:\/\/perle-in.com\/en\/wp-json\/wp\/v2\/media\/509887"}],"wp:attachment":[{"href":"https:\/\/perle-in.com\/en\/wp-json\/wp\/v2\/media?parent=514414"}],"wp:term":[{"taxonomy":"product_brand","embeddable":true,"href":"https:\/\/perle-in.com\/en\/wp-json\/wp\/v2\/product_brand?post=514414"},{"taxonomy":"product_cat","embeddable":true,"href":"https:\/\/perle-in.com\/en\/wp-json\/wp\/v2\/product_cat?post=514414"},{"taxonomy":"product_tag","embeddable":true,"href":"https:\/\/perle-in.com\/en\/wp-json\/wp\/v2\/product_tag?post=514414"}],"curies":[{"name":"wp","href":"https:\/\/api.w.org\/{rel}","templated":true}]}}