{"id":513717,"date":"2025-10-14T03:05:01","date_gmt":"2025-10-14T01:05:01","guid":{"rendered":"https:\/\/perle-in.com\/produit\/t-shirt-homme-manches-courtes-heros\/"},"modified":"2025-10-14T03:07:29","modified_gmt":"2025-10-14T01:07:29","slug":"t-shirt-homme-manches-courtes-heros","status":"publish","type":"product","link":"https:\/\/perle-in.com\/en\/product\/t-shirt-homme-manches-courtes-heros\/","title":{"rendered":"T-shirt homme manches courtes Heros"},"content":{"rendered":"","protected":false},"excerpt":{"rendered":"<p>Le t-shirt Heros \u00e0 manches courtes pour homme est parfait pour tous les \u00e9v\u00e9nements. Ses manches courtes et son encolure ras-du-cou lui conf\u00e8rent une coupe polyvalente et r\u00e9guli\u00e8re, ce qui le rend adapt\u00e9 \u00e0 toute une s\u00e9rie d&#8217;activit\u00e9s. Fabriqu\u00e9 en coton de 150 g\/m\u00b2, il est l\u00e9ger et agr\u00e9able \u00e0 porter. De plus, le coton est doux au toucher et id\u00e9al pour un marquage de haute qualit\u00e9. Gr\u00e2ce \u00e0 l&#8217;\u00e9tiquette int\u00e9rieure du col qui peut \u00eatre facilement retir\u00e9e en deux segments, le design laisse de la place pour un marquage int\u00e9rieur personnalis\u00e9 tout en conservant les informations relatives \u00e0 la taille.<\/p>","protected":false},"featured_media":509099,"template":"","meta":{"_eb_attr":""},"product_brand":[],"product_cat":[1258,1024],"product_tag":[2416,2413,2418,2414,2419,2412,2417,2415,2422,2423,2424,2421,2420,2376,2377,2393,2394,2408,2409,2410,2378,2379,2411],"class_list":{"0":"post-513717","1":"product","2":"type-product","3":"status-publish","4":"has-post-thumbnail","6":"product_cat-t-shirts","7":"product_cat-vetements","8":"product_tag-courte","9":"product_tag-femmes","10":"product_tag-hero","11":"product_tag-heros","12":"product_tag-heroes","13":"product_tag-hommes","14":"product_tag-mancheheros","15":"product_tag-manches-courtes","16":"product_tag-super","17":"product_tag-super-hero","18":"product_tag-super-heroes","19":"product_tag-superhero","20":"product_tag-superheroes","21":"product_tag-t-shirt","22":"product_tag-t-shirts","23":"product_tag-tee-shirt","24":"product_tag-tee-shirts","25":"product_tag-tees","26":"product_tag-top","27":"product_tag-tops","28":"product_tag-tshirt","29":"product_tag-tshirts","30":"product_tag-unisexe","31":"pa_couleurs-blanc","32":"pa_couleurs-bleu","33":"pa_couleurs-bleu-clair","34":"pa_couleurs-bordeaux","35":"pa_couleurs-charbon","36":"pa_couleurs-gris","37":"pa_couleurs-gris-clair","38":"pa_couleurs-gris-storm","39":"pa_couleurs-jaune","40":"pa_couleurs-magenta","41":"pa_couleurs-marine","42":"pa_couleurs-noir","43":"pa_couleurs-orange","44":"pa_couleurs-rose-clair","45":"pa_couleurs-rouge","46":"pa_couleurs-vert-eau","47":"pa_couleurs-vert-foret","48":"pa_couleurs-vert-fougere","49":"pa_couleurs-vert-militaire","50":"pa_couleurs-vert-pomme","51":"pa_genre-male","52":"pa_marque-elevate-essentials","53":"pa_matiere-maille-jersey-simple-100-coton-bci-150-g-m2","54":"pa_pays-d-origine-bengladesh","55":"pa_taille-2xl","56":"pa_taille-2xs","57":"pa_taille-3xl","58":"pa_taille-4xl","59":"pa_taille-5xl","60":"pa_taille-l","61":"pa_taille-m","62":"pa_taille-s","63":"pa_taille-xl","64":"pa_taille-xs","66":"first","67":"instock","68":"shipping-taxable","69":"purchasable","70":"product-type-variable"},"yoast_head":"<!-- This site is optimized with the Yoast SEO plugin v27.4 - https:\/\/yoast.com\/product\/yoast-seo-wordpress\/ -->\n<title>T-shirt homme manches courtes Heros - PERLE IN<\/title>\n<meta name=\"robots\" content=\"noindex, follow, max-snippet:-1, max-image-preview:large, max-video-preview:-1\" \/>\n<meta property=\"og:locale\" content=\"en_US\" \/>\n<meta property=\"og:type\" content=\"article\" \/>\n<meta property=\"og:title\" content=\"T-shirt homme manches courtes Heros - PERLE IN\" \/>\n<meta property=\"og:description\" content=\"Le t-shirt Heros \u00e0 manches courtes pour homme est parfait pour tous les \u00e9v\u00e9nements. Ses manches courtes et son encolure ras-du-cou lui conf\u00e8rent une coupe polyvalente et r\u00e9guli\u00e8re, ce qui le rend adapt\u00e9 \u00e0 toute une s\u00e9rie d&#039;activit\u00e9s. Fabriqu\u00e9 en coton de 150 g\/m\u00b2, il est l\u00e9ger et agr\u00e9able \u00e0 porter. De plus, le coton est doux au toucher et id\u00e9al pour un marquage de haute qualit\u00e9. Gr\u00e2ce \u00e0 l&#039;\u00e9tiquette int\u00e9rieure du col qui peut \u00eatre facilement retir\u00e9e en deux segments, le design laisse de la place pour un marquage int\u00e9rieur personnalis\u00e9 tout en conservant les informations relatives \u00e0 la taille.\" \/>\n<meta property=\"og:url\" content=\"https:\/\/perle-in.com\/en\/product\/t-shirt-homme-manches-courtes-heros\/\" \/>\n<meta property=\"og:site_name\" content=\"PERLE IN\" \/>\n<meta property=\"article:modified_time\" content=\"2025-10-14T01:07:29+00:00\" \/>\n<meta property=\"og:image\" content=\"https:\/\/perle-in.com\/wp-content\/uploads\/2025\/10\/3802801-1.jpg\" \/>\n\t<meta property=\"og:image:width\" content=\"1600\" \/>\n\t<meta property=\"og:image:height\" content=\"1600\" \/>\n\t<meta property=\"og:image:type\" content=\"image\/jpeg\" \/>\n<meta name=\"twitter:card\" content=\"summary_large_image\" \/>\n<script type=\"application\/ld+json\" class=\"yoast-schema-graph\">{\"@context\":\"https:\\\/\\\/schema.org\",\"@graph\":[{\"@type\":\"WebPage\",\"@id\":\"https:\\\/\\\/perle-in.com\\\/produit\\\/t-shirt-homme-manches-courtes-heros\\\/\",\"url\":\"https:\\\/\\\/perle-in.com\\\/produit\\\/t-shirt-homme-manches-courtes-heros\\\/\",\"name\":\"T-shirt homme manches courtes Heros - PERLE IN\",\"isPartOf\":{\"@id\":\"https:\\\/\\\/perle-in.com\\\/#website\"},\"primaryImageOfPage\":{\"@id\":\"https:\\\/\\\/perle-in.com\\\/produit\\\/t-shirt-homme-manches-courtes-heros\\\/#primaryimage\"},\"image\":{\"@id\":\"https:\\\/\\\/perle-in.com\\\/produit\\\/t-shirt-homme-manches-courtes-heros\\\/#primaryimage\"},\"thumbnailUrl\":\"https:\\\/\\\/perle-in.com\\\/wp-content\\\/uploads\\\/2025\\\/10\\\/3802801-1.jpg\",\"datePublished\":\"2025-10-14T01:05:01+00:00\",\"dateModified\":\"2025-10-14T01:07:29+00:00\",\"breadcrumb\":{\"@id\":\"https:\\\/\\\/perle-in.com\\\/produit\\\/t-shirt-homme-manches-courtes-heros\\\/#breadcrumb\"},\"inLanguage\":\"en-CA\",\"potentialAction\":[{\"@type\":\"ReadAction\",\"target\":[\"https:\\\/\\\/perle-in.com\\\/produit\\\/t-shirt-homme-manches-courtes-heros\\\/\"]}]},{\"@type\":\"ImageObject\",\"inLanguage\":\"en-CA\",\"@id\":\"https:\\\/\\\/perle-in.com\\\/produit\\\/t-shirt-homme-manches-courtes-heros\\\/#primaryimage\",\"url\":\"https:\\\/\\\/perle-in.com\\\/wp-content\\\/uploads\\\/2025\\\/10\\\/3802801-1.jpg\",\"contentUrl\":\"https:\\\/\\\/perle-in.com\\\/wp-content\\\/uploads\\\/2025\\\/10\\\/3802801-1.jpg\",\"width\":1600,\"height\":1600},{\"@type\":\"BreadcrumbList\",\"@id\":\"https:\\\/\\\/perle-in.com\\\/produit\\\/t-shirt-homme-manches-courtes-heros\\\/#breadcrumb\",\"itemListElement\":[{\"@type\":\"ListItem\",\"position\":1,\"name\":\"Accueil\",\"item\":\"https:\\\/\\\/perle-in.com\\\/\"},{\"@type\":\"ListItem\",\"position\":2,\"name\":\"Boutique\",\"item\":\"https:\\\/\\\/perle-in.com\\\/boutique\\\/\"},{\"@type\":\"ListItem\",\"position\":3,\"name\":\"T-shirt homme manches courtes Heros\"}]},{\"@type\":\"WebSite\",\"@id\":\"https:\\\/\\\/perle-in.com\\\/#website\",\"url\":\"https:\\\/\\\/perle-in.com\\\/\",\"name\":\"PERLE IN\",\"description\":\"\",\"publisher\":{\"@id\":\"https:\\\/\\\/perle-in.com\\\/#organization\"},\"potentialAction\":[{\"@type\":\"SearchAction\",\"target\":{\"@type\":\"EntryPoint\",\"urlTemplate\":\"https:\\\/\\\/perle-in.com\\\/?s={search_term_string}\"},\"query-input\":{\"@type\":\"PropertyValueSpecification\",\"valueRequired\":true,\"valueName\":\"search_term_string\"}}],\"inLanguage\":\"en-CA\"},{\"@type\":\"Organization\",\"@id\":\"https:\\\/\\\/perle-in.com\\\/#organization\",\"name\":\"PERLE IN\",\"url\":\"https:\\\/\\\/perle-in.com\\\/\",\"logo\":{\"@type\":\"ImageObject\",\"inLanguage\":\"en-CA\",\"@id\":\"https:\\\/\\\/perle-in.com\\\/#\\\/schema\\\/logo\\\/image\\\/\",\"url\":\"https:\\\/\\\/perle-in.com\\\/wp-content\\\/uploads\\\/2022\\\/12\\\/LOGO-PERLE-IN-COULEUR@3x.webp\",\"contentUrl\":\"https:\\\/\\\/perle-in.com\\\/wp-content\\\/uploads\\\/2022\\\/12\\\/LOGO-PERLE-IN-COULEUR@3x.webp\",\"width\":1600,\"height\":490,\"caption\":\"PERLE IN\"},\"image\":{\"@id\":\"https:\\\/\\\/perle-in.com\\\/#\\\/schema\\\/logo\\\/image\\\/\"}}]}<\/script>\n<!-- \/ Yoast SEO plugin. -->","yoast_head_json":{"title":"T-shirt homme manches courtes Heros - PERLE IN","robots":{"index":"noindex","follow":"follow","max-snippet":"max-snippet:-1","max-image-preview":"max-image-preview:large","max-video-preview":"max-video-preview:-1"},"og_locale":"en_US","og_type":"article","og_title":"T-shirt homme manches courtes Heros - PERLE IN","og_description":"Le t-shirt Heros \u00e0 manches courtes pour homme est parfait pour tous les \u00e9v\u00e9nements. Ses manches courtes et son encolure ras-du-cou lui conf\u00e8rent une coupe polyvalente et r\u00e9guli\u00e8re, ce qui le rend adapt\u00e9 \u00e0 toute une s\u00e9rie d'activit\u00e9s. Fabriqu\u00e9 en coton de 150 g\/m\u00b2, il est l\u00e9ger et agr\u00e9able \u00e0 porter. De plus, le coton est doux au toucher et id\u00e9al pour un marquage de haute qualit\u00e9. Gr\u00e2ce \u00e0 l'\u00e9tiquette int\u00e9rieure du col qui peut \u00eatre facilement retir\u00e9e en deux segments, le design laisse de la place pour un marquage int\u00e9rieur personnalis\u00e9 tout en conservant les informations relatives \u00e0 la taille.","og_url":"https:\/\/perle-in.com\/en\/product\/t-shirt-homme-manches-courtes-heros\/","og_site_name":"PERLE IN","article_modified_time":"2025-10-14T01:07:29+00:00","og_image":[{"width":1600,"height":1600,"url":"https:\/\/perle-in.com\/wp-content\/uploads\/2025\/10\/3802801-1.jpg","type":"image\/jpeg"}],"twitter_card":"summary_large_image","schema":{"@context":"https:\/\/schema.org","@graph":[{"@type":"WebPage","@id":"https:\/\/perle-in.com\/produit\/t-shirt-homme-manches-courtes-heros\/","url":"https:\/\/perle-in.com\/produit\/t-shirt-homme-manches-courtes-heros\/","name":"T-shirt homme manches courtes Heros - PERLE IN","isPartOf":{"@id":"https:\/\/perle-in.com\/#website"},"primaryImageOfPage":{"@id":"https:\/\/perle-in.com\/produit\/t-shirt-homme-manches-courtes-heros\/#primaryimage"},"image":{"@id":"https:\/\/perle-in.com\/produit\/t-shirt-homme-manches-courtes-heros\/#primaryimage"},"thumbnailUrl":"https:\/\/perle-in.com\/wp-content\/uploads\/2025\/10\/3802801-1.jpg","datePublished":"2025-10-14T01:05:01+00:00","dateModified":"2025-10-14T01:07:29+00:00","breadcrumb":{"@id":"https:\/\/perle-in.com\/produit\/t-shirt-homme-manches-courtes-heros\/#breadcrumb"},"inLanguage":"en-CA","potentialAction":[{"@type":"ReadAction","target":["https:\/\/perle-in.com\/produit\/t-shirt-homme-manches-courtes-heros\/"]}]},{"@type":"ImageObject","inLanguage":"en-CA","@id":"https:\/\/perle-in.com\/produit\/t-shirt-homme-manches-courtes-heros\/#primaryimage","url":"https:\/\/perle-in.com\/wp-content\/uploads\/2025\/10\/3802801-1.jpg","contentUrl":"https:\/\/perle-in.com\/wp-content\/uploads\/2025\/10\/3802801-1.jpg","width":1600,"height":1600},{"@type":"BreadcrumbList","@id":"https:\/\/perle-in.com\/produit\/t-shirt-homme-manches-courtes-heros\/#breadcrumb","itemListElement":[{"@type":"ListItem","position":1,"name":"Accueil","item":"https:\/\/perle-in.com\/"},{"@type":"ListItem","position":2,"name":"Boutique","item":"https:\/\/perle-in.com\/boutique\/"},{"@type":"ListItem","position":3,"name":"T-shirt homme manches courtes Heros"}]},{"@type":"WebSite","@id":"https:\/\/perle-in.com\/#website","url":"https:\/\/perle-in.com\/","name":"PERLE IN","description":"","publisher":{"@id":"https:\/\/perle-in.com\/#organization"},"potentialAction":[{"@type":"SearchAction","target":{"@type":"EntryPoint","urlTemplate":"https:\/\/perle-in.com\/?s={search_term_string}"},"query-input":{"@type":"PropertyValueSpecification","valueRequired":true,"valueName":"search_term_string"}}],"inLanguage":"en-CA"},{"@type":"Organization","@id":"https:\/\/perle-in.com\/#organization","name":"PERLE IN","url":"https:\/\/perle-in.com\/","logo":{"@type":"ImageObject","inLanguage":"en-CA","@id":"https:\/\/perle-in.com\/#\/schema\/logo\/image\/","url":"https:\/\/perle-in.com\/wp-content\/uploads\/2022\/12\/LOGO-PERLE-IN-COULEUR@3x.webp","contentUrl":"https:\/\/perle-in.com\/wp-content\/uploads\/2022\/12\/LOGO-PERLE-IN-COULEUR@3x.webp","width":1600,"height":490,"caption":"PERLE IN"},"image":{"@id":"https:\/\/perle-in.com\/#\/schema\/logo\/image\/"}}]}},"jetpack_sharing_enabled":true,"_links":{"self":[{"href":"https:\/\/perle-in.com\/en\/wp-json\/wp\/v2\/product\/513717","targetHints":{"allow":["GET"]}}],"collection":[{"href":"https:\/\/perle-in.com\/en\/wp-json\/wp\/v2\/product"}],"about":[{"href":"https:\/\/perle-in.com\/en\/wp-json\/wp\/v2\/types\/product"}],"version-history":[{"count":0,"href":"https:\/\/perle-in.com\/en\/wp-json\/wp\/v2\/product\/513717\/revisions"}],"wp:featuredmedia":[{"embeddable":true,"href":"https:\/\/perle-in.com\/en\/wp-json\/wp\/v2\/media\/509099"}],"wp:attachment":[{"href":"https:\/\/perle-in.com\/en\/wp-json\/wp\/v2\/media?parent=513717"}],"wp:term":[{"taxonomy":"product_brand","embeddable":true,"href":"https:\/\/perle-in.com\/en\/wp-json\/wp\/v2\/product_brand?post=513717"},{"taxonomy":"product_cat","embeddable":true,"href":"https:\/\/perle-in.com\/en\/wp-json\/wp\/v2\/product_cat?post=513717"},{"taxonomy":"product_tag","embeddable":true,"href":"https:\/\/perle-in.com\/en\/wp-json\/wp\/v2\/product_tag?post=513717"}],"curies":[{"name":"wp","href":"https:\/\/api.w.org\/{rel}","templated":true}]}}