{"id":508951,"date":"2025-10-14T01:48:15","date_gmt":"2025-10-13T23:48:15","guid":{"rendered":"https:\/\/perle-in.com\/produit\/t-shirt-bio-manches-longues-homme-ponoka\/"},"modified":"2025-10-14T01:50:06","modified_gmt":"2025-10-13T23:50:06","slug":"t-shirt-bio-manches-longues-homme-ponoka","status":"publish","type":"product","link":"https:\/\/perle-in.com\/en\/product\/t-shirt-bio-manches-longues-homme-ponoka\/","title":{"rendered":"T-shirt bio manches longues homme Ponoka"},"content":{"rendered":"","protected":false},"excerpt":{"rendered":"<p>Le t-shirt bio Ponoka \u00e0 manches longues pour homme est un choix moderne et durable. Fabriqu\u00e9 \u00e0 partir de 95 % de coton biologique, ce t-shirt est non seulement respectueux de l&#8217;environnement, mais aussi doux et confortable \u00e0 porter. Les 5 % d&#8217;\u00e9lasthanne garantissent une coupe douce et extensible, et les manches longues offrent une couverture suppl\u00e9mentaire pour les temps plus frais, ce qui permet de le porter tout au long de l&#8217;ann\u00e9e. Avec un poids de tissu de 200 g\/m\u00b2, ce t-shirt est robuste et substantiel, tout en restant respirant et confortable.<\/p>","protected":false},"featured_media":508909,"template":"","meta":{"_eb_attr":""},"product_brand":[],"product_cat":[1258,1024],"product_tag":[2380,2381,2382,2383,2390,2376,2391,2377,2378,2379],"class_list":{"0":"post-508951","1":"product","2":"type-product","3":"status-publish","4":"has-post-thumbnail","6":"product_cat-t-shirts","7":"product_cat-vetements","8":"product_tag-chemise","9":"product_tag-chemises","10":"product_tag-haut","11":"product_tag-hauts","12":"product_tag-ponoka-t-shirt","13":"product_tag-t-shirt","14":"product_tag-t-shirt-manches-longues","15":"product_tag-t-shirts","16":"product_tag-tshirt","17":"product_tag-tshirts","18":"pa_couleurs-blanc","19":"pa_couleurs-bleu","20":"pa_couleurs-gris-storm","21":"pa_couleurs-marine","22":"pa_couleurs-noir","23":"pa_genre-male","24":"pa_green-points-1931","25":"pa_marque-elevate-nxt","26":"pa_matiere-maille-jersey-simple-elasthanne-coton-organique-200-g-m2","27":"pa_pays-d-origine-bengladesh","28":"pa_taille-2xl","29":"pa_taille-3xl","30":"pa_taille-l","31":"pa_taille-m","32":"pa_taille-s","33":"pa_taille-xl","34":"pa_taille-xs","36":"first","37":"instock","38":"shipping-taxable","39":"purchasable","40":"product-type-variable"},"yoast_head":"<!-- This site is optimized with the Yoast SEO plugin v27.4 - https:\/\/yoast.com\/product\/yoast-seo-wordpress\/ -->\n<title>T-shirt bio manches longues homme Ponoka - PERLE IN<\/title>\n<meta name=\"robots\" content=\"noindex, follow, max-snippet:-1, max-image-preview:large, max-video-preview:-1\" \/>\n<meta property=\"og:locale\" content=\"en_US\" \/>\n<meta property=\"og:type\" content=\"article\" \/>\n<meta property=\"og:title\" content=\"T-shirt bio manches longues homme Ponoka - PERLE IN\" \/>\n<meta property=\"og:description\" content=\"Le t-shirt bio Ponoka \u00e0 manches longues pour homme est un choix moderne et durable. Fabriqu\u00e9 \u00e0 partir de 95 % de coton biologique, ce t-shirt est non seulement respectueux de l&#039;environnement, mais aussi doux et confortable \u00e0 porter. Les 5 % d&#039;\u00e9lasthanne garantissent une coupe douce et extensible, et les manches longues offrent une couverture suppl\u00e9mentaire pour les temps plus frais, ce qui permet de le porter tout au long de l&#039;ann\u00e9e. Avec un poids de tissu de 200 g\/m\u00b2, ce t-shirt est robuste et substantiel, tout en restant respirant et confortable.\" \/>\n<meta property=\"og:url\" content=\"https:\/\/perle-in.com\/en\/product\/t-shirt-bio-manches-longues-homme-ponoka\/\" \/>\n<meta property=\"og:site_name\" content=\"PERLE IN\" \/>\n<meta property=\"article:modified_time\" content=\"2025-10-13T23:50:06+00:00\" \/>\n<meta property=\"og:image\" content=\"https:\/\/perle-in.com\/wp-content\/uploads\/2025\/10\/3801801-1.jpg\" \/>\n\t<meta property=\"og:image:width\" content=\"1600\" \/>\n\t<meta property=\"og:image:height\" content=\"1600\" \/>\n\t<meta property=\"og:image:type\" content=\"image\/jpeg\" \/>\n<meta name=\"twitter:card\" content=\"summary_large_image\" \/>\n<script type=\"application\/ld+json\" class=\"yoast-schema-graph\">{\"@context\":\"https:\\\/\\\/schema.org\",\"@graph\":[{\"@type\":\"WebPage\",\"@id\":\"https:\\\/\\\/perle-in.com\\\/produit\\\/t-shirt-bio-manches-longues-homme-ponoka\\\/\",\"url\":\"https:\\\/\\\/perle-in.com\\\/produit\\\/t-shirt-bio-manches-longues-homme-ponoka\\\/\",\"name\":\"T-shirt bio manches longues homme Ponoka - PERLE IN\",\"isPartOf\":{\"@id\":\"https:\\\/\\\/perle-in.com\\\/#website\"},\"primaryImageOfPage\":{\"@id\":\"https:\\\/\\\/perle-in.com\\\/produit\\\/t-shirt-bio-manches-longues-homme-ponoka\\\/#primaryimage\"},\"image\":{\"@id\":\"https:\\\/\\\/perle-in.com\\\/produit\\\/t-shirt-bio-manches-longues-homme-ponoka\\\/#primaryimage\"},\"thumbnailUrl\":\"https:\\\/\\\/perle-in.com\\\/wp-content\\\/uploads\\\/2025\\\/10\\\/3801801-1.jpg\",\"datePublished\":\"2025-10-13T23:48:15+00:00\",\"dateModified\":\"2025-10-13T23:50:06+00:00\",\"breadcrumb\":{\"@id\":\"https:\\\/\\\/perle-in.com\\\/produit\\\/t-shirt-bio-manches-longues-homme-ponoka\\\/#breadcrumb\"},\"inLanguage\":\"en-CA\",\"potentialAction\":[{\"@type\":\"ReadAction\",\"target\":[\"https:\\\/\\\/perle-in.com\\\/produit\\\/t-shirt-bio-manches-longues-homme-ponoka\\\/\"]}]},{\"@type\":\"ImageObject\",\"inLanguage\":\"en-CA\",\"@id\":\"https:\\\/\\\/perle-in.com\\\/produit\\\/t-shirt-bio-manches-longues-homme-ponoka\\\/#primaryimage\",\"url\":\"https:\\\/\\\/perle-in.com\\\/wp-content\\\/uploads\\\/2025\\\/10\\\/3801801-1.jpg\",\"contentUrl\":\"https:\\\/\\\/perle-in.com\\\/wp-content\\\/uploads\\\/2025\\\/10\\\/3801801-1.jpg\",\"width\":1600,\"height\":1600},{\"@type\":\"BreadcrumbList\",\"@id\":\"https:\\\/\\\/perle-in.com\\\/produit\\\/t-shirt-bio-manches-longues-homme-ponoka\\\/#breadcrumb\",\"itemListElement\":[{\"@type\":\"ListItem\",\"position\":1,\"name\":\"Accueil\",\"item\":\"https:\\\/\\\/perle-in.com\\\/\"},{\"@type\":\"ListItem\",\"position\":2,\"name\":\"Boutique\",\"item\":\"https:\\\/\\\/perle-in.com\\\/boutique\\\/\"},{\"@type\":\"ListItem\",\"position\":3,\"name\":\"T-shirt bio manches longues homme Ponoka\"}]},{\"@type\":\"WebSite\",\"@id\":\"https:\\\/\\\/perle-in.com\\\/#website\",\"url\":\"https:\\\/\\\/perle-in.com\\\/\",\"name\":\"PERLE IN\",\"description\":\"\",\"publisher\":{\"@id\":\"https:\\\/\\\/perle-in.com\\\/#organization\"},\"potentialAction\":[{\"@type\":\"SearchAction\",\"target\":{\"@type\":\"EntryPoint\",\"urlTemplate\":\"https:\\\/\\\/perle-in.com\\\/?s={search_term_string}\"},\"query-input\":{\"@type\":\"PropertyValueSpecification\",\"valueRequired\":true,\"valueName\":\"search_term_string\"}}],\"inLanguage\":\"en-CA\"},{\"@type\":\"Organization\",\"@id\":\"https:\\\/\\\/perle-in.com\\\/#organization\",\"name\":\"PERLE IN\",\"url\":\"https:\\\/\\\/perle-in.com\\\/\",\"logo\":{\"@type\":\"ImageObject\",\"inLanguage\":\"en-CA\",\"@id\":\"https:\\\/\\\/perle-in.com\\\/#\\\/schema\\\/logo\\\/image\\\/\",\"url\":\"https:\\\/\\\/perle-in.com\\\/wp-content\\\/uploads\\\/2022\\\/12\\\/LOGO-PERLE-IN-COULEUR@3x.webp\",\"contentUrl\":\"https:\\\/\\\/perle-in.com\\\/wp-content\\\/uploads\\\/2022\\\/12\\\/LOGO-PERLE-IN-COULEUR@3x.webp\",\"width\":1600,\"height\":490,\"caption\":\"PERLE IN\"},\"image\":{\"@id\":\"https:\\\/\\\/perle-in.com\\\/#\\\/schema\\\/logo\\\/image\\\/\"}}]}<\/script>\n<!-- \/ Yoast SEO plugin. -->","yoast_head_json":{"title":"T-shirt bio manches longues homme Ponoka - PERLE IN","robots":{"index":"noindex","follow":"follow","max-snippet":"max-snippet:-1","max-image-preview":"max-image-preview:large","max-video-preview":"max-video-preview:-1"},"og_locale":"en_US","og_type":"article","og_title":"T-shirt bio manches longues homme Ponoka - PERLE IN","og_description":"Le t-shirt bio Ponoka \u00e0 manches longues pour homme est un choix moderne et durable. Fabriqu\u00e9 \u00e0 partir de 95 % de coton biologique, ce t-shirt est non seulement respectueux de l'environnement, mais aussi doux et confortable \u00e0 porter. Les 5 % d'\u00e9lasthanne garantissent une coupe douce et extensible, et les manches longues offrent une couverture suppl\u00e9mentaire pour les temps plus frais, ce qui permet de le porter tout au long de l'ann\u00e9e. Avec un poids de tissu de 200 g\/m\u00b2, ce t-shirt est robuste et substantiel, tout en restant respirant et confortable.","og_url":"https:\/\/perle-in.com\/en\/product\/t-shirt-bio-manches-longues-homme-ponoka\/","og_site_name":"PERLE IN","article_modified_time":"2025-10-13T23:50:06+00:00","og_image":[{"width":1600,"height":1600,"url":"https:\/\/perle-in.com\/wp-content\/uploads\/2025\/10\/3801801-1.jpg","type":"image\/jpeg"}],"twitter_card":"summary_large_image","schema":{"@context":"https:\/\/schema.org","@graph":[{"@type":"WebPage","@id":"https:\/\/perle-in.com\/produit\/t-shirt-bio-manches-longues-homme-ponoka\/","url":"https:\/\/perle-in.com\/produit\/t-shirt-bio-manches-longues-homme-ponoka\/","name":"T-shirt bio manches longues homme Ponoka - PERLE IN","isPartOf":{"@id":"https:\/\/perle-in.com\/#website"},"primaryImageOfPage":{"@id":"https:\/\/perle-in.com\/produit\/t-shirt-bio-manches-longues-homme-ponoka\/#primaryimage"},"image":{"@id":"https:\/\/perle-in.com\/produit\/t-shirt-bio-manches-longues-homme-ponoka\/#primaryimage"},"thumbnailUrl":"https:\/\/perle-in.com\/wp-content\/uploads\/2025\/10\/3801801-1.jpg","datePublished":"2025-10-13T23:48:15+00:00","dateModified":"2025-10-13T23:50:06+00:00","breadcrumb":{"@id":"https:\/\/perle-in.com\/produit\/t-shirt-bio-manches-longues-homme-ponoka\/#breadcrumb"},"inLanguage":"en-CA","potentialAction":[{"@type":"ReadAction","target":["https:\/\/perle-in.com\/produit\/t-shirt-bio-manches-longues-homme-ponoka\/"]}]},{"@type":"ImageObject","inLanguage":"en-CA","@id":"https:\/\/perle-in.com\/produit\/t-shirt-bio-manches-longues-homme-ponoka\/#primaryimage","url":"https:\/\/perle-in.com\/wp-content\/uploads\/2025\/10\/3801801-1.jpg","contentUrl":"https:\/\/perle-in.com\/wp-content\/uploads\/2025\/10\/3801801-1.jpg","width":1600,"height":1600},{"@type":"BreadcrumbList","@id":"https:\/\/perle-in.com\/produit\/t-shirt-bio-manches-longues-homme-ponoka\/#breadcrumb","itemListElement":[{"@type":"ListItem","position":1,"name":"Accueil","item":"https:\/\/perle-in.com\/"},{"@type":"ListItem","position":2,"name":"Boutique","item":"https:\/\/perle-in.com\/boutique\/"},{"@type":"ListItem","position":3,"name":"T-shirt bio manches longues homme Ponoka"}]},{"@type":"WebSite","@id":"https:\/\/perle-in.com\/#website","url":"https:\/\/perle-in.com\/","name":"PERLE IN","description":"","publisher":{"@id":"https:\/\/perle-in.com\/#organization"},"potentialAction":[{"@type":"SearchAction","target":{"@type":"EntryPoint","urlTemplate":"https:\/\/perle-in.com\/?s={search_term_string}"},"query-input":{"@type":"PropertyValueSpecification","valueRequired":true,"valueName":"search_term_string"}}],"inLanguage":"en-CA"},{"@type":"Organization","@id":"https:\/\/perle-in.com\/#organization","name":"PERLE IN","url":"https:\/\/perle-in.com\/","logo":{"@type":"ImageObject","inLanguage":"en-CA","@id":"https:\/\/perle-in.com\/#\/schema\/logo\/image\/","url":"https:\/\/perle-in.com\/wp-content\/uploads\/2022\/12\/LOGO-PERLE-IN-COULEUR@3x.webp","contentUrl":"https:\/\/perle-in.com\/wp-content\/uploads\/2022\/12\/LOGO-PERLE-IN-COULEUR@3x.webp","width":1600,"height":490,"caption":"PERLE IN"},"image":{"@id":"https:\/\/perle-in.com\/#\/schema\/logo\/image\/"}}]}},"jetpack_sharing_enabled":true,"_links":{"self":[{"href":"https:\/\/perle-in.com\/en\/wp-json\/wp\/v2\/product\/508951","targetHints":{"allow":["GET"]}}],"collection":[{"href":"https:\/\/perle-in.com\/en\/wp-json\/wp\/v2\/product"}],"about":[{"href":"https:\/\/perle-in.com\/en\/wp-json\/wp\/v2\/types\/product"}],"version-history":[{"count":0,"href":"https:\/\/perle-in.com\/en\/wp-json\/wp\/v2\/product\/508951\/revisions"}],"wp:featuredmedia":[{"embeddable":true,"href":"https:\/\/perle-in.com\/en\/wp-json\/wp\/v2\/media\/508909"}],"wp:attachment":[{"href":"https:\/\/perle-in.com\/en\/wp-json\/wp\/v2\/media?parent=508951"}],"wp:term":[{"taxonomy":"product_brand","embeddable":true,"href":"https:\/\/perle-in.com\/en\/wp-json\/wp\/v2\/product_brand?post=508951"},{"taxonomy":"product_cat","embeddable":true,"href":"https:\/\/perle-in.com\/en\/wp-json\/wp\/v2\/product_cat?post=508951"},{"taxonomy":"product_tag","embeddable":true,"href":"https:\/\/perle-in.com\/en\/wp-json\/wp\/v2\/product_tag?post=508951"}],"curies":[{"name":"wp","href":"https:\/\/api.w.org\/{rel}","templated":true}]}}