{"id":508129,"date":"2025-10-14T01:25:56","date_gmt":"2025-10-13T23:25:56","guid":{"rendered":"https:\/\/perle-in.com\/produit\/polo-bio-recycle-manches-courtes-homme-beryl\/"},"modified":"2025-10-14T01:26:37","modified_gmt":"2025-10-13T23:26:37","slug":"polo-bio-recycle-manches-courtes-homme-beryl","status":"publish","type":"product","link":"https:\/\/perle-in.com\/en\/product\/polo-bio-recycle-manches-courtes-homme-beryl\/","title":{"rendered":"Polo bio recycl\u00e9 manches courtes homme Beryl"},"content":{"rendered":"","protected":false},"excerpt":{"rendered":"<p>Le polo Beryl \u00e0 manches courtes pour homme est compos\u00e9 de 220 g\/m\u00b2 de coton (70 %) et de 30 % de polyester recycl\u00e9, ce qui en fait une option plus durable convenant \u00e0 une vari\u00e9t\u00e9 d&#8217;occasions et d&#8217;activit\u00e9s. Les poignets en tricot c\u00f4tel\u00e9 plat ajoutent de la sophistication et maintiennent la forme du polo.<\/p>","protected":false},"featured_media":508085,"template":"","meta":{"_eb_attr":""},"product_brand":[],"product_cat":[1256,1024],"product_tag":[2367,2368,2370,2369,2366],"class_list":{"0":"post-508129","1":"product","2":"type-product","3":"status-publish","4":"has-post-thumbnail","6":"product_cat-polos","7":"product_cat-vetements","8":"product_tag-chemise-polo","9":"product_tag-chemises-polo","10":"product_tag-elevate-next","11":"product_tag-elevate-nxt","12":"product_tag-polos","13":"pa_couleurs-blanc","14":"pa_couleurs-gris-storm","15":"pa_couleurs-marine","16":"pa_couleurs-noir","17":"pa_couleurs-rouge","18":"pa_genre-male","19":"pa_green-points-1931","20":"pa_marque-elevate-nxt","21":"pa_matiere-maille-piquee-coton-organique-polyester-recycle-220-g-m2","22":"pa_pays-d-origine-bengladesh","23":"pa_taille-2xl","24":"pa_taille-3xl","25":"pa_taille-l","26":"pa_taille-m","27":"pa_taille-s","28":"pa_taille-xl","29":"pa_taille-xs","31":"first","32":"instock","33":"shipping-taxable","34":"purchasable","35":"product-type-variable"},"yoast_head":"<!-- This site is optimized with the Yoast SEO plugin v27.4 - https:\/\/yoast.com\/product\/yoast-seo-wordpress\/ -->\n<title>Polo bio recycl\u00e9 manches courtes homme Beryl - PERLE IN<\/title>\n<meta name=\"robots\" content=\"noindex, follow, max-snippet:-1, max-image-preview:large, max-video-preview:-1\" \/>\n<meta property=\"og:locale\" content=\"en_US\" \/>\n<meta property=\"og:type\" content=\"article\" \/>\n<meta property=\"og:title\" content=\"Polo bio recycl\u00e9 manches courtes homme Beryl - PERLE IN\" \/>\n<meta property=\"og:description\" content=\"Le polo Beryl \u00e0 manches courtes pour homme est compos\u00e9 de 220 g\/m\u00b2 de coton (70 %) et de 30 % de polyester recycl\u00e9, ce qui en fait une option plus durable convenant \u00e0 une vari\u00e9t\u00e9 d&#039;occasions et d&#039;activit\u00e9s. Les poignets en tricot c\u00f4tel\u00e9 plat ajoutent de la sophistication et maintiennent la forme du polo.\" \/>\n<meta property=\"og:url\" content=\"https:\/\/perle-in.com\/en\/product\/polo-bio-recycle-manches-courtes-homme-beryl\/\" \/>\n<meta property=\"og:site_name\" content=\"PERLE IN\" \/>\n<meta property=\"article:modified_time\" content=\"2025-10-13T23:26:37+00:00\" \/>\n<meta property=\"og:image\" content=\"https:\/\/perle-in.com\/wp-content\/uploads\/2025\/10\/3750201-1.jpg\" \/>\n\t<meta property=\"og:image:width\" content=\"1600\" \/>\n\t<meta property=\"og:image:height\" content=\"1600\" \/>\n\t<meta property=\"og:image:type\" content=\"image\/jpeg\" \/>\n<meta name=\"twitter:card\" content=\"summary_large_image\" \/>\n<script type=\"application\/ld+json\" class=\"yoast-schema-graph\">{\"@context\":\"https:\\\/\\\/schema.org\",\"@graph\":[{\"@type\":\"WebPage\",\"@id\":\"https:\\\/\\\/perle-in.com\\\/produit\\\/polo-bio-recycle-manches-courtes-homme-beryl\\\/\",\"url\":\"https:\\\/\\\/perle-in.com\\\/produit\\\/polo-bio-recycle-manches-courtes-homme-beryl\\\/\",\"name\":\"Polo bio recycl\u00e9 manches courtes homme Beryl - PERLE IN\",\"isPartOf\":{\"@id\":\"https:\\\/\\\/perle-in.com\\\/#website\"},\"primaryImageOfPage\":{\"@id\":\"https:\\\/\\\/perle-in.com\\\/produit\\\/polo-bio-recycle-manches-courtes-homme-beryl\\\/#primaryimage\"},\"image\":{\"@id\":\"https:\\\/\\\/perle-in.com\\\/produit\\\/polo-bio-recycle-manches-courtes-homme-beryl\\\/#primaryimage\"},\"thumbnailUrl\":\"https:\\\/\\\/perle-in.com\\\/wp-content\\\/uploads\\\/2025\\\/10\\\/3750201-1.jpg\",\"datePublished\":\"2025-10-13T23:25:56+00:00\",\"dateModified\":\"2025-10-13T23:26:37+00:00\",\"breadcrumb\":{\"@id\":\"https:\\\/\\\/perle-in.com\\\/produit\\\/polo-bio-recycle-manches-courtes-homme-beryl\\\/#breadcrumb\"},\"inLanguage\":\"en-CA\",\"potentialAction\":[{\"@type\":\"ReadAction\",\"target\":[\"https:\\\/\\\/perle-in.com\\\/produit\\\/polo-bio-recycle-manches-courtes-homme-beryl\\\/\"]}]},{\"@type\":\"ImageObject\",\"inLanguage\":\"en-CA\",\"@id\":\"https:\\\/\\\/perle-in.com\\\/produit\\\/polo-bio-recycle-manches-courtes-homme-beryl\\\/#primaryimage\",\"url\":\"https:\\\/\\\/perle-in.com\\\/wp-content\\\/uploads\\\/2025\\\/10\\\/3750201-1.jpg\",\"contentUrl\":\"https:\\\/\\\/perle-in.com\\\/wp-content\\\/uploads\\\/2025\\\/10\\\/3750201-1.jpg\",\"width\":1600,\"height\":1600},{\"@type\":\"BreadcrumbList\",\"@id\":\"https:\\\/\\\/perle-in.com\\\/produit\\\/polo-bio-recycle-manches-courtes-homme-beryl\\\/#breadcrumb\",\"itemListElement\":[{\"@type\":\"ListItem\",\"position\":1,\"name\":\"Accueil\",\"item\":\"https:\\\/\\\/perle-in.com\\\/\"},{\"@type\":\"ListItem\",\"position\":2,\"name\":\"Boutique\",\"item\":\"https:\\\/\\\/perle-in.com\\\/boutique\\\/\"},{\"@type\":\"ListItem\",\"position\":3,\"name\":\"Polo bio recycl\u00e9 manches courtes homme Beryl\"}]},{\"@type\":\"WebSite\",\"@id\":\"https:\\\/\\\/perle-in.com\\\/#website\",\"url\":\"https:\\\/\\\/perle-in.com\\\/\",\"name\":\"PERLE IN\",\"description\":\"\",\"publisher\":{\"@id\":\"https:\\\/\\\/perle-in.com\\\/#organization\"},\"potentialAction\":[{\"@type\":\"SearchAction\",\"target\":{\"@type\":\"EntryPoint\",\"urlTemplate\":\"https:\\\/\\\/perle-in.com\\\/?s={search_term_string}\"},\"query-input\":{\"@type\":\"PropertyValueSpecification\",\"valueRequired\":true,\"valueName\":\"search_term_string\"}}],\"inLanguage\":\"en-CA\"},{\"@type\":\"Organization\",\"@id\":\"https:\\\/\\\/perle-in.com\\\/#organization\",\"name\":\"PERLE IN\",\"url\":\"https:\\\/\\\/perle-in.com\\\/\",\"logo\":{\"@type\":\"ImageObject\",\"inLanguage\":\"en-CA\",\"@id\":\"https:\\\/\\\/perle-in.com\\\/#\\\/schema\\\/logo\\\/image\\\/\",\"url\":\"https:\\\/\\\/perle-in.com\\\/wp-content\\\/uploads\\\/2022\\\/12\\\/LOGO-PERLE-IN-COULEUR@3x.webp\",\"contentUrl\":\"https:\\\/\\\/perle-in.com\\\/wp-content\\\/uploads\\\/2022\\\/12\\\/LOGO-PERLE-IN-COULEUR@3x.webp\",\"width\":1600,\"height\":490,\"caption\":\"PERLE IN\"},\"image\":{\"@id\":\"https:\\\/\\\/perle-in.com\\\/#\\\/schema\\\/logo\\\/image\\\/\"}}]}<\/script>\n<!-- \/ Yoast SEO plugin. -->","yoast_head_json":{"title":"Polo bio recycl\u00e9 manches courtes homme Beryl - PERLE IN","robots":{"index":"noindex","follow":"follow","max-snippet":"max-snippet:-1","max-image-preview":"max-image-preview:large","max-video-preview":"max-video-preview:-1"},"og_locale":"en_US","og_type":"article","og_title":"Polo bio recycl\u00e9 manches courtes homme Beryl - PERLE IN","og_description":"Le polo Beryl \u00e0 manches courtes pour homme est compos\u00e9 de 220 g\/m\u00b2 de coton (70 %) et de 30 % de polyester recycl\u00e9, ce qui en fait une option plus durable convenant \u00e0 une vari\u00e9t\u00e9 d'occasions et d'activit\u00e9s. Les poignets en tricot c\u00f4tel\u00e9 plat ajoutent de la sophistication et maintiennent la forme du polo.","og_url":"https:\/\/perle-in.com\/en\/product\/polo-bio-recycle-manches-courtes-homme-beryl\/","og_site_name":"PERLE IN","article_modified_time":"2025-10-13T23:26:37+00:00","og_image":[{"width":1600,"height":1600,"url":"https:\/\/perle-in.com\/wp-content\/uploads\/2025\/10\/3750201-1.jpg","type":"image\/jpeg"}],"twitter_card":"summary_large_image","schema":{"@context":"https:\/\/schema.org","@graph":[{"@type":"WebPage","@id":"https:\/\/perle-in.com\/produit\/polo-bio-recycle-manches-courtes-homme-beryl\/","url":"https:\/\/perle-in.com\/produit\/polo-bio-recycle-manches-courtes-homme-beryl\/","name":"Polo bio recycl\u00e9 manches courtes homme Beryl - PERLE IN","isPartOf":{"@id":"https:\/\/perle-in.com\/#website"},"primaryImageOfPage":{"@id":"https:\/\/perle-in.com\/produit\/polo-bio-recycle-manches-courtes-homme-beryl\/#primaryimage"},"image":{"@id":"https:\/\/perle-in.com\/produit\/polo-bio-recycle-manches-courtes-homme-beryl\/#primaryimage"},"thumbnailUrl":"https:\/\/perle-in.com\/wp-content\/uploads\/2025\/10\/3750201-1.jpg","datePublished":"2025-10-13T23:25:56+00:00","dateModified":"2025-10-13T23:26:37+00:00","breadcrumb":{"@id":"https:\/\/perle-in.com\/produit\/polo-bio-recycle-manches-courtes-homme-beryl\/#breadcrumb"},"inLanguage":"en-CA","potentialAction":[{"@type":"ReadAction","target":["https:\/\/perle-in.com\/produit\/polo-bio-recycle-manches-courtes-homme-beryl\/"]}]},{"@type":"ImageObject","inLanguage":"en-CA","@id":"https:\/\/perle-in.com\/produit\/polo-bio-recycle-manches-courtes-homme-beryl\/#primaryimage","url":"https:\/\/perle-in.com\/wp-content\/uploads\/2025\/10\/3750201-1.jpg","contentUrl":"https:\/\/perle-in.com\/wp-content\/uploads\/2025\/10\/3750201-1.jpg","width":1600,"height":1600},{"@type":"BreadcrumbList","@id":"https:\/\/perle-in.com\/produit\/polo-bio-recycle-manches-courtes-homme-beryl\/#breadcrumb","itemListElement":[{"@type":"ListItem","position":1,"name":"Accueil","item":"https:\/\/perle-in.com\/"},{"@type":"ListItem","position":2,"name":"Boutique","item":"https:\/\/perle-in.com\/boutique\/"},{"@type":"ListItem","position":3,"name":"Polo bio recycl\u00e9 manches courtes homme Beryl"}]},{"@type":"WebSite","@id":"https:\/\/perle-in.com\/#website","url":"https:\/\/perle-in.com\/","name":"PERLE IN","description":"","publisher":{"@id":"https:\/\/perle-in.com\/#organization"},"potentialAction":[{"@type":"SearchAction","target":{"@type":"EntryPoint","urlTemplate":"https:\/\/perle-in.com\/?s={search_term_string}"},"query-input":{"@type":"PropertyValueSpecification","valueRequired":true,"valueName":"search_term_string"}}],"inLanguage":"en-CA"},{"@type":"Organization","@id":"https:\/\/perle-in.com\/#organization","name":"PERLE IN","url":"https:\/\/perle-in.com\/","logo":{"@type":"ImageObject","inLanguage":"en-CA","@id":"https:\/\/perle-in.com\/#\/schema\/logo\/image\/","url":"https:\/\/perle-in.com\/wp-content\/uploads\/2022\/12\/LOGO-PERLE-IN-COULEUR@3x.webp","contentUrl":"https:\/\/perle-in.com\/wp-content\/uploads\/2022\/12\/LOGO-PERLE-IN-COULEUR@3x.webp","width":1600,"height":490,"caption":"PERLE IN"},"image":{"@id":"https:\/\/perle-in.com\/#\/schema\/logo\/image\/"}}]}},"jetpack_sharing_enabled":true,"_links":{"self":[{"href":"https:\/\/perle-in.com\/en\/wp-json\/wp\/v2\/product\/508129","targetHints":{"allow":["GET"]}}],"collection":[{"href":"https:\/\/perle-in.com\/en\/wp-json\/wp\/v2\/product"}],"about":[{"href":"https:\/\/perle-in.com\/en\/wp-json\/wp\/v2\/types\/product"}],"version-history":[{"count":0,"href":"https:\/\/perle-in.com\/en\/wp-json\/wp\/v2\/product\/508129\/revisions"}],"wp:featuredmedia":[{"embeddable":true,"href":"https:\/\/perle-in.com\/en\/wp-json\/wp\/v2\/media\/508085"}],"wp:attachment":[{"href":"https:\/\/perle-in.com\/en\/wp-json\/wp\/v2\/media?parent=508129"}],"wp:term":[{"taxonomy":"product_brand","embeddable":true,"href":"https:\/\/perle-in.com\/en\/wp-json\/wp\/v2\/product_brand?post=508129"},{"taxonomy":"product_cat","embeddable":true,"href":"https:\/\/perle-in.com\/en\/wp-json\/wp\/v2\/product_cat?post=508129"},{"taxonomy":"product_tag","embeddable":true,"href":"https:\/\/perle-in.com\/en\/wp-json\/wp\/v2\/product_tag?post=508129"}],"curies":[{"name":"wp","href":"https:\/\/api.w.org\/{rel}","templated":true}]}}