{"id":507934,"date":"2025-10-14T00:58:32","date_gmt":"2025-10-13T22:58:32","guid":{"rendered":"https:\/\/perle-in.com\/produit\/combo-notes-adhesives-avec-couverture-souple\/"},"modified":"2025-10-14T00:58:33","modified_gmt":"2025-10-13T22:58:33","slug":"combo-notes-adhesives-avec-couverture-souple","status":"publish","type":"product","link":"https:\/\/perle-in.com\/en\/product\/combo-notes-adhesives-avec-couverture-souple\/","title":{"rendered":"Combo notes adh\u00e9sives avec couverture souple"},"content":{"rendered":"","protected":false},"excerpt":{"rendered":"<p>La combinaison de notes adh\u00e9sives Sticky-Mate\u00ae et de notes adh\u00e9sives aux couleurs n\u00e9on avec une couverture souple donne un produit utile et un outil promotionnel efficace. Inclut 50\u00a0feuilles (80\u00a0g\/m\u00b2) de notes adh\u00e9sives, dimensions\u00a0: 100\u00a0x\u00a075\u00a0mm, et 25\u00a0feuilles (80\u00a0g\/m\u00b2) de notes adh\u00e9sives, dimensions\u00a0: 50x75mm. Inclut 5\u00a0ensembles de 20\u00a0notes adh\u00e9sives aux couleurs n\u00e9on. La couverture (350\u00a0g\/m\u00b2) est imprim\u00e9e num\u00e9riquement avec une finition lamin\u00e9e mate ou brillante.<\/p>","protected":false},"featured_media":507930,"template":"","meta":{"_eb_attr":""},"product_brand":[],"product_cat":[4196,1269],"product_tag":[2325,1554,1573,2327,2328,2329,2122,2326,593,594],"class_list":{"0":"post-507934","1":"product","2":"type-product","3":"status-publish","4":"has-post-thumbnail","6":"product_cat-blocs-notes-et-papeterie-personnalisee","7":"product_cat-notes-adhesives","8":"product_tag-combi","9":"product_tag-couverture-souple","10":"product_tag-ensemble","11":"product_tag-ensemble-de-marquage","12":"product_tag-ensemble-marquage","13":"product_tag-ensembles-marquage","14":"product_tag-fsc","15":"product_tag-marquage","16":"product_tag-note","17":"product_tag-notes","18":"pa_couleurs-blanc","19":"pa_green-points-2276","20":"pa_matiere-papier-80-g-m2","21":"pa_pays-d-origine-angleterre","23":"first","24":"instock","25":"shipping-taxable","26":"purchasable","27":"product-type-variable"},"yoast_head":"<!-- This site is optimized with the Yoast SEO plugin v27.4 - https:\/\/yoast.com\/product\/yoast-seo-wordpress\/ -->\n<title>Combo notes adh\u00e9sives avec couverture souple - PERLE IN<\/title>\n<meta name=\"robots\" content=\"noindex, follow, max-snippet:-1, max-image-preview:large, max-video-preview:-1\" \/>\n<meta property=\"og:locale\" content=\"en_US\" \/>\n<meta property=\"og:type\" content=\"article\" \/>\n<meta property=\"og:title\" content=\"Combo notes adh\u00e9sives avec couverture souple - PERLE IN\" \/>\n<meta property=\"og:description\" content=\"La combinaison de notes adh\u00e9sives Sticky-Mate\u00ae et de notes adh\u00e9sives aux couleurs n\u00e9on avec une couverture souple donne un produit utile et un outil promotionnel efficace. Inclut 50\u00a0feuilles (80\u00a0g\/m\u00b2) de notes adh\u00e9sives, dimensions\u00a0: 100\u00a0x\u00a075\u00a0mm, et 25\u00a0feuilles (80\u00a0g\/m\u00b2) de notes adh\u00e9sives, dimensions\u00a0: 50x75mm. Inclut 5\u00a0ensembles de 20\u00a0notes adh\u00e9sives aux couleurs n\u00e9on. La couverture (350\u00a0g\/m\u00b2) est imprim\u00e9e num\u00e9riquement avec une finition lamin\u00e9e mate ou brillante.\" \/>\n<meta property=\"og:url\" content=\"https:\/\/perle-in.com\/en\/product\/combo-notes-adhesives-avec-couverture-souple\/\" \/>\n<meta property=\"og:site_name\" content=\"PERLE IN\" \/>\n<meta property=\"article:modified_time\" content=\"2025-10-13T22:58:33+00:00\" \/>\n<meta property=\"og:image\" content=\"https:\/\/perle-in.com\/wp-content\/uploads\/2025\/10\/21239000-1.jpg\" \/>\n\t<meta property=\"og:image:width\" content=\"1600\" \/>\n\t<meta property=\"og:image:height\" content=\"1600\" \/>\n\t<meta property=\"og:image:type\" content=\"image\/jpeg\" \/>\n<meta name=\"twitter:card\" content=\"summary_large_image\" \/>\n<script type=\"application\/ld+json\" class=\"yoast-schema-graph\">{\"@context\":\"https:\\\/\\\/schema.org\",\"@graph\":[{\"@type\":\"WebPage\",\"@id\":\"https:\\\/\\\/perle-in.com\\\/produit\\\/combo-notes-adhesives-avec-couverture-souple\\\/\",\"url\":\"https:\\\/\\\/perle-in.com\\\/produit\\\/combo-notes-adhesives-avec-couverture-souple\\\/\",\"name\":\"Combo notes adh\u00e9sives avec couverture souple - PERLE IN\",\"isPartOf\":{\"@id\":\"https:\\\/\\\/perle-in.com\\\/#website\"},\"primaryImageOfPage\":{\"@id\":\"https:\\\/\\\/perle-in.com\\\/produit\\\/combo-notes-adhesives-avec-couverture-souple\\\/#primaryimage\"},\"image\":{\"@id\":\"https:\\\/\\\/perle-in.com\\\/produit\\\/combo-notes-adhesives-avec-couverture-souple\\\/#primaryimage\"},\"thumbnailUrl\":\"https:\\\/\\\/perle-in.com\\\/wp-content\\\/uploads\\\/2025\\\/10\\\/21239000-1.jpg\",\"datePublished\":\"2025-10-13T22:58:32+00:00\",\"dateModified\":\"2025-10-13T22:58:33+00:00\",\"breadcrumb\":{\"@id\":\"https:\\\/\\\/perle-in.com\\\/produit\\\/combo-notes-adhesives-avec-couverture-souple\\\/#breadcrumb\"},\"inLanguage\":\"en-CA\",\"potentialAction\":[{\"@type\":\"ReadAction\",\"target\":[\"https:\\\/\\\/perle-in.com\\\/produit\\\/combo-notes-adhesives-avec-couverture-souple\\\/\"]}]},{\"@type\":\"ImageObject\",\"inLanguage\":\"en-CA\",\"@id\":\"https:\\\/\\\/perle-in.com\\\/produit\\\/combo-notes-adhesives-avec-couverture-souple\\\/#primaryimage\",\"url\":\"https:\\\/\\\/perle-in.com\\\/wp-content\\\/uploads\\\/2025\\\/10\\\/21239000-1.jpg\",\"contentUrl\":\"https:\\\/\\\/perle-in.com\\\/wp-content\\\/uploads\\\/2025\\\/10\\\/21239000-1.jpg\",\"width\":1600,\"height\":1600},{\"@type\":\"BreadcrumbList\",\"@id\":\"https:\\\/\\\/perle-in.com\\\/produit\\\/combo-notes-adhesives-avec-couverture-souple\\\/#breadcrumb\",\"itemListElement\":[{\"@type\":\"ListItem\",\"position\":1,\"name\":\"Accueil\",\"item\":\"https:\\\/\\\/perle-in.com\\\/\"},{\"@type\":\"ListItem\",\"position\":2,\"name\":\"Boutique\",\"item\":\"https:\\\/\\\/perle-in.com\\\/boutique\\\/\"},{\"@type\":\"ListItem\",\"position\":3,\"name\":\"Combo notes adh\u00e9sives avec couverture souple\"}]},{\"@type\":\"WebSite\",\"@id\":\"https:\\\/\\\/perle-in.com\\\/#website\",\"url\":\"https:\\\/\\\/perle-in.com\\\/\",\"name\":\"PERLE IN\",\"description\":\"\",\"publisher\":{\"@id\":\"https:\\\/\\\/perle-in.com\\\/#organization\"},\"potentialAction\":[{\"@type\":\"SearchAction\",\"target\":{\"@type\":\"EntryPoint\",\"urlTemplate\":\"https:\\\/\\\/perle-in.com\\\/?s={search_term_string}\"},\"query-input\":{\"@type\":\"PropertyValueSpecification\",\"valueRequired\":true,\"valueName\":\"search_term_string\"}}],\"inLanguage\":\"en-CA\"},{\"@type\":\"Organization\",\"@id\":\"https:\\\/\\\/perle-in.com\\\/#organization\",\"name\":\"PERLE IN\",\"url\":\"https:\\\/\\\/perle-in.com\\\/\",\"logo\":{\"@type\":\"ImageObject\",\"inLanguage\":\"en-CA\",\"@id\":\"https:\\\/\\\/perle-in.com\\\/#\\\/schema\\\/logo\\\/image\\\/\",\"url\":\"https:\\\/\\\/perle-in.com\\\/wp-content\\\/uploads\\\/2022\\\/12\\\/LOGO-PERLE-IN-COULEUR@3x.webp\",\"contentUrl\":\"https:\\\/\\\/perle-in.com\\\/wp-content\\\/uploads\\\/2022\\\/12\\\/LOGO-PERLE-IN-COULEUR@3x.webp\",\"width\":1600,\"height\":490,\"caption\":\"PERLE IN\"},\"image\":{\"@id\":\"https:\\\/\\\/perle-in.com\\\/#\\\/schema\\\/logo\\\/image\\\/\"}}]}<\/script>\n<!-- \/ Yoast SEO plugin. -->","yoast_head_json":{"title":"Combo notes adh\u00e9sives avec couverture souple - PERLE IN","robots":{"index":"noindex","follow":"follow","max-snippet":"max-snippet:-1","max-image-preview":"max-image-preview:large","max-video-preview":"max-video-preview:-1"},"og_locale":"en_US","og_type":"article","og_title":"Combo notes adh\u00e9sives avec couverture souple - PERLE IN","og_description":"La combinaison de notes adh\u00e9sives Sticky-Mate\u00ae et de notes adh\u00e9sives aux couleurs n\u00e9on avec une couverture souple donne un produit utile et un outil promotionnel efficace. Inclut 50\u00a0feuilles (80\u00a0g\/m\u00b2) de notes adh\u00e9sives, dimensions\u00a0: 100\u00a0x\u00a075\u00a0mm, et 25\u00a0feuilles (80\u00a0g\/m\u00b2) de notes adh\u00e9sives, dimensions\u00a0: 50x75mm. Inclut 5\u00a0ensembles de 20\u00a0notes adh\u00e9sives aux couleurs n\u00e9on. La couverture (350\u00a0g\/m\u00b2) est imprim\u00e9e num\u00e9riquement avec une finition lamin\u00e9e mate ou brillante.","og_url":"https:\/\/perle-in.com\/en\/product\/combo-notes-adhesives-avec-couverture-souple\/","og_site_name":"PERLE IN","article_modified_time":"2025-10-13T22:58:33+00:00","og_image":[{"width":1600,"height":1600,"url":"https:\/\/perle-in.com\/wp-content\/uploads\/2025\/10\/21239000-1.jpg","type":"image\/jpeg"}],"twitter_card":"summary_large_image","schema":{"@context":"https:\/\/schema.org","@graph":[{"@type":"WebPage","@id":"https:\/\/perle-in.com\/produit\/combo-notes-adhesives-avec-couverture-souple\/","url":"https:\/\/perle-in.com\/produit\/combo-notes-adhesives-avec-couverture-souple\/","name":"Combo notes adh\u00e9sives avec couverture souple - PERLE IN","isPartOf":{"@id":"https:\/\/perle-in.com\/#website"},"primaryImageOfPage":{"@id":"https:\/\/perle-in.com\/produit\/combo-notes-adhesives-avec-couverture-souple\/#primaryimage"},"image":{"@id":"https:\/\/perle-in.com\/produit\/combo-notes-adhesives-avec-couverture-souple\/#primaryimage"},"thumbnailUrl":"https:\/\/perle-in.com\/wp-content\/uploads\/2025\/10\/21239000-1.jpg","datePublished":"2025-10-13T22:58:32+00:00","dateModified":"2025-10-13T22:58:33+00:00","breadcrumb":{"@id":"https:\/\/perle-in.com\/produit\/combo-notes-adhesives-avec-couverture-souple\/#breadcrumb"},"inLanguage":"en-CA","potentialAction":[{"@type":"ReadAction","target":["https:\/\/perle-in.com\/produit\/combo-notes-adhesives-avec-couverture-souple\/"]}]},{"@type":"ImageObject","inLanguage":"en-CA","@id":"https:\/\/perle-in.com\/produit\/combo-notes-adhesives-avec-couverture-souple\/#primaryimage","url":"https:\/\/perle-in.com\/wp-content\/uploads\/2025\/10\/21239000-1.jpg","contentUrl":"https:\/\/perle-in.com\/wp-content\/uploads\/2025\/10\/21239000-1.jpg","width":1600,"height":1600},{"@type":"BreadcrumbList","@id":"https:\/\/perle-in.com\/produit\/combo-notes-adhesives-avec-couverture-souple\/#breadcrumb","itemListElement":[{"@type":"ListItem","position":1,"name":"Accueil","item":"https:\/\/perle-in.com\/"},{"@type":"ListItem","position":2,"name":"Boutique","item":"https:\/\/perle-in.com\/boutique\/"},{"@type":"ListItem","position":3,"name":"Combo notes adh\u00e9sives avec couverture souple"}]},{"@type":"WebSite","@id":"https:\/\/perle-in.com\/#website","url":"https:\/\/perle-in.com\/","name":"PERLE IN","description":"","publisher":{"@id":"https:\/\/perle-in.com\/#organization"},"potentialAction":[{"@type":"SearchAction","target":{"@type":"EntryPoint","urlTemplate":"https:\/\/perle-in.com\/?s={search_term_string}"},"query-input":{"@type":"PropertyValueSpecification","valueRequired":true,"valueName":"search_term_string"}}],"inLanguage":"en-CA"},{"@type":"Organization","@id":"https:\/\/perle-in.com\/#organization","name":"PERLE IN","url":"https:\/\/perle-in.com\/","logo":{"@type":"ImageObject","inLanguage":"en-CA","@id":"https:\/\/perle-in.com\/#\/schema\/logo\/image\/","url":"https:\/\/perle-in.com\/wp-content\/uploads\/2022\/12\/LOGO-PERLE-IN-COULEUR@3x.webp","contentUrl":"https:\/\/perle-in.com\/wp-content\/uploads\/2022\/12\/LOGO-PERLE-IN-COULEUR@3x.webp","width":1600,"height":490,"caption":"PERLE IN"},"image":{"@id":"https:\/\/perle-in.com\/#\/schema\/logo\/image\/"}}]}},"jetpack_sharing_enabled":true,"_links":{"self":[{"href":"https:\/\/perle-in.com\/en\/wp-json\/wp\/v2\/product\/507934","targetHints":{"allow":["GET"]}}],"collection":[{"href":"https:\/\/perle-in.com\/en\/wp-json\/wp\/v2\/product"}],"about":[{"href":"https:\/\/perle-in.com\/en\/wp-json\/wp\/v2\/types\/product"}],"version-history":[{"count":0,"href":"https:\/\/perle-in.com\/en\/wp-json\/wp\/v2\/product\/507934\/revisions"}],"wp:featuredmedia":[{"embeddable":true,"href":"https:\/\/perle-in.com\/en\/wp-json\/wp\/v2\/media\/507930"}],"wp:attachment":[{"href":"https:\/\/perle-in.com\/en\/wp-json\/wp\/v2\/media?parent=507934"}],"wp:term":[{"taxonomy":"product_brand","embeddable":true,"href":"https:\/\/perle-in.com\/en\/wp-json\/wp\/v2\/product_brand?post=507934"},{"taxonomy":"product_cat","embeddable":true,"href":"https:\/\/perle-in.com\/en\/wp-json\/wp\/v2\/product_cat?post=507934"},{"taxonomy":"product_tag","embeddable":true,"href":"https:\/\/perle-in.com\/en\/wp-json\/wp\/v2\/product_tag?post=507934"}],"curies":[{"name":"wp","href":"https:\/\/api.w.org\/{rel}","templated":true}]}}