{"id":507841,"date":"2025-10-14T00:47:41","date_gmt":"2025-10-13T22:47:41","guid":{"rendered":"https:\/\/perle-in.com\/produit\/post-its-sticky-mate-avec-couverture-souple-a7-100-x-75mm\/"},"modified":"2025-10-14T00:47:45","modified_gmt":"2025-10-13T22:47:45","slug":"post-its-sticky-mate-avec-couverture-souple-a7-100-x-75mm","status":"publish","type":"product","link":"https:\/\/perle-in.com\/en\/product\/post-its-sticky-mate-avec-couverture-souple-a7-100-x-75mm\/","title":{"rendered":"Post-its Sticky-Mate\u00ae avec couverture souple A7 100\u00a0x\u00a075mm"},"content":{"rendered":"","protected":false},"excerpt":{"rendered":"<p>Post-its Sticky-Mate\u00ae avec couverture souple pratique en papier. Comprend des feuilles auto-collantes de papier vierge de 80\u00a0g\/m\u00b2. La couverture souple prot\u00e8ge le contenu des d\u00e9g\u00e2ts et offre un espace publicitaire suppl\u00e9mentaire. 3 tailles disponibles : 25 feuilles (21099001), 50 feuilles (21099002), 100 feuilles (21099004).<\/p>","protected":false},"featured_media":507834,"template":"","meta":{"_eb_attr":""},"product_brand":[],"product_cat":[4196,1269],"product_tag":[2288,1554,2122,2286,2299,2287,2289,2290,2300,2284,2285,2298],"class_list":{"0":"post-507841","1":"product","2":"type-product","3":"status-publish","4":"has-post-thumbnail","6":"product_cat-blocs-notes-et-papeterie-personnalisee","7":"product_cat-notes-adhesives","8":"product_tag-autocollante","9":"product_tag-couverture-souple","10":"product_tag-fsc","11":"product_tag-note-autocollante","12":"product_tag-note-notes","13":"product_tag-notes-autocollantes","14":"product_tag-post-it","15":"product_tag-post-its","16":"product_tag-sm00013","17":"product_tag-sticky-mate","18":"product_tag-stickymate","19":"product_tag-stickymates","20":"pa_couleurs-blanc","21":"pa_green-points-2276","22":"pa_matiere-papier-80-g-m2","23":"pa_pays-d-origine-angleterre","24":"pa_taille-100-pages","25":"pa_taille-25-pages","26":"pa_taille-50-pages","28":"first","29":"instock","30":"shipping-taxable","31":"purchasable","32":"product-type-variable"},"yoast_head":"<!-- This site is optimized with the Yoast SEO plugin v27.4 - https:\/\/yoast.com\/product\/yoast-seo-wordpress\/ -->\n<title>Post-its Sticky-Mate\u00ae avec couverture souple A7 100\u00a0x\u00a075mm - PERLE IN<\/title>\n<meta name=\"robots\" content=\"noindex, follow, max-snippet:-1, max-image-preview:large, max-video-preview:-1\" \/>\n<meta property=\"og:locale\" content=\"en_US\" \/>\n<meta property=\"og:type\" content=\"article\" \/>\n<meta property=\"og:title\" content=\"Post-its Sticky-Mate\u00ae avec couverture souple A7 100\u00a0x\u00a075mm - PERLE IN\" \/>\n<meta property=\"og:description\" content=\"Post-its Sticky-Mate\u00ae avec couverture souple pratique en papier. Comprend des feuilles auto-collantes de papier vierge de 80\u00a0g\/m\u00b2. La couverture souple prot\u00e8ge le contenu des d\u00e9g\u00e2ts et offre un espace publicitaire suppl\u00e9mentaire. 3 tailles disponibles : 25 feuilles (21099001), 50 feuilles (21099002), 100 feuilles (21099004).\" \/>\n<meta property=\"og:url\" content=\"https:\/\/perle-in.com\/en\/product\/post-its-sticky-mate-avec-couverture-souple-a7-100-x-75mm\/\" \/>\n<meta property=\"og:site_name\" content=\"PERLE IN\" \/>\n<meta property=\"article:modified_time\" content=\"2025-10-13T22:47:45+00:00\" \/>\n<meta property=\"og:image\" content=\"https:\/\/perle-in.com\/wp-content\/uploads\/2025\/10\/2109900-1.jpg\" \/>\n\t<meta property=\"og:image:width\" content=\"1600\" \/>\n\t<meta property=\"og:image:height\" content=\"1600\" \/>\n\t<meta property=\"og:image:type\" content=\"image\/jpeg\" \/>\n<meta name=\"twitter:card\" content=\"summary_large_image\" \/>\n<script type=\"application\/ld+json\" class=\"yoast-schema-graph\">{\"@context\":\"https:\\\/\\\/schema.org\",\"@graph\":[{\"@type\":\"WebPage\",\"@id\":\"https:\\\/\\\/perle-in.com\\\/produit\\\/post-its-sticky-mate-avec-couverture-souple-a7-100-x-75mm\\\/\",\"url\":\"https:\\\/\\\/perle-in.com\\\/produit\\\/post-its-sticky-mate-avec-couverture-souple-a7-100-x-75mm\\\/\",\"name\":\"Post-its Sticky-Mate\u00ae avec couverture souple A7 100\u00a0x\u00a075mm - PERLE IN\",\"isPartOf\":{\"@id\":\"https:\\\/\\\/perle-in.com\\\/#website\"},\"primaryImageOfPage\":{\"@id\":\"https:\\\/\\\/perle-in.com\\\/produit\\\/post-its-sticky-mate-avec-couverture-souple-a7-100-x-75mm\\\/#primaryimage\"},\"image\":{\"@id\":\"https:\\\/\\\/perle-in.com\\\/produit\\\/post-its-sticky-mate-avec-couverture-souple-a7-100-x-75mm\\\/#primaryimage\"},\"thumbnailUrl\":\"https:\\\/\\\/perle-in.com\\\/wp-content\\\/uploads\\\/2025\\\/10\\\/2109900-1.jpg\",\"datePublished\":\"2025-10-13T22:47:41+00:00\",\"dateModified\":\"2025-10-13T22:47:45+00:00\",\"breadcrumb\":{\"@id\":\"https:\\\/\\\/perle-in.com\\\/produit\\\/post-its-sticky-mate-avec-couverture-souple-a7-100-x-75mm\\\/#breadcrumb\"},\"inLanguage\":\"en-CA\",\"potentialAction\":[{\"@type\":\"ReadAction\",\"target\":[\"https:\\\/\\\/perle-in.com\\\/produit\\\/post-its-sticky-mate-avec-couverture-souple-a7-100-x-75mm\\\/\"]}]},{\"@type\":\"ImageObject\",\"inLanguage\":\"en-CA\",\"@id\":\"https:\\\/\\\/perle-in.com\\\/produit\\\/post-its-sticky-mate-avec-couverture-souple-a7-100-x-75mm\\\/#primaryimage\",\"url\":\"https:\\\/\\\/perle-in.com\\\/wp-content\\\/uploads\\\/2025\\\/10\\\/2109900-1.jpg\",\"contentUrl\":\"https:\\\/\\\/perle-in.com\\\/wp-content\\\/uploads\\\/2025\\\/10\\\/2109900-1.jpg\",\"width\":1600,\"height\":1600},{\"@type\":\"BreadcrumbList\",\"@id\":\"https:\\\/\\\/perle-in.com\\\/produit\\\/post-its-sticky-mate-avec-couverture-souple-a7-100-x-75mm\\\/#breadcrumb\",\"itemListElement\":[{\"@type\":\"ListItem\",\"position\":1,\"name\":\"Accueil\",\"item\":\"https:\\\/\\\/perle-in.com\\\/\"},{\"@type\":\"ListItem\",\"position\":2,\"name\":\"Boutique\",\"item\":\"https:\\\/\\\/perle-in.com\\\/boutique\\\/\"},{\"@type\":\"ListItem\",\"position\":3,\"name\":\"Post-its Sticky-Mate\u00ae avec couverture souple A7 100\u00a0x\u00a075mm\"}]},{\"@type\":\"WebSite\",\"@id\":\"https:\\\/\\\/perle-in.com\\\/#website\",\"url\":\"https:\\\/\\\/perle-in.com\\\/\",\"name\":\"PERLE IN\",\"description\":\"\",\"publisher\":{\"@id\":\"https:\\\/\\\/perle-in.com\\\/#organization\"},\"potentialAction\":[{\"@type\":\"SearchAction\",\"target\":{\"@type\":\"EntryPoint\",\"urlTemplate\":\"https:\\\/\\\/perle-in.com\\\/?s={search_term_string}\"},\"query-input\":{\"@type\":\"PropertyValueSpecification\",\"valueRequired\":true,\"valueName\":\"search_term_string\"}}],\"inLanguage\":\"en-CA\"},{\"@type\":\"Organization\",\"@id\":\"https:\\\/\\\/perle-in.com\\\/#organization\",\"name\":\"PERLE IN\",\"url\":\"https:\\\/\\\/perle-in.com\\\/\",\"logo\":{\"@type\":\"ImageObject\",\"inLanguage\":\"en-CA\",\"@id\":\"https:\\\/\\\/perle-in.com\\\/#\\\/schema\\\/logo\\\/image\\\/\",\"url\":\"https:\\\/\\\/perle-in.com\\\/wp-content\\\/uploads\\\/2022\\\/12\\\/LOGO-PERLE-IN-COULEUR@3x.webp\",\"contentUrl\":\"https:\\\/\\\/perle-in.com\\\/wp-content\\\/uploads\\\/2022\\\/12\\\/LOGO-PERLE-IN-COULEUR@3x.webp\",\"width\":1600,\"height\":490,\"caption\":\"PERLE IN\"},\"image\":{\"@id\":\"https:\\\/\\\/perle-in.com\\\/#\\\/schema\\\/logo\\\/image\\\/\"}}]}<\/script>\n<!-- \/ Yoast SEO plugin. -->","yoast_head_json":{"title":"Post-its Sticky-Mate\u00ae avec couverture souple A7 100\u00a0x\u00a075mm - PERLE IN","robots":{"index":"noindex","follow":"follow","max-snippet":"max-snippet:-1","max-image-preview":"max-image-preview:large","max-video-preview":"max-video-preview:-1"},"og_locale":"en_US","og_type":"article","og_title":"Post-its Sticky-Mate\u00ae avec couverture souple A7 100\u00a0x\u00a075mm - PERLE IN","og_description":"Post-its Sticky-Mate\u00ae avec couverture souple pratique en papier. Comprend des feuilles auto-collantes de papier vierge de 80\u00a0g\/m\u00b2. La couverture souple prot\u00e8ge le contenu des d\u00e9g\u00e2ts et offre un espace publicitaire suppl\u00e9mentaire. 3 tailles disponibles : 25 feuilles (21099001), 50 feuilles (21099002), 100 feuilles (21099004).","og_url":"https:\/\/perle-in.com\/en\/product\/post-its-sticky-mate-avec-couverture-souple-a7-100-x-75mm\/","og_site_name":"PERLE IN","article_modified_time":"2025-10-13T22:47:45+00:00","og_image":[{"width":1600,"height":1600,"url":"https:\/\/perle-in.com\/wp-content\/uploads\/2025\/10\/2109900-1.jpg","type":"image\/jpeg"}],"twitter_card":"summary_large_image","schema":{"@context":"https:\/\/schema.org","@graph":[{"@type":"WebPage","@id":"https:\/\/perle-in.com\/produit\/post-its-sticky-mate-avec-couverture-souple-a7-100-x-75mm\/","url":"https:\/\/perle-in.com\/produit\/post-its-sticky-mate-avec-couverture-souple-a7-100-x-75mm\/","name":"Post-its Sticky-Mate\u00ae avec couverture souple A7 100\u00a0x\u00a075mm - PERLE IN","isPartOf":{"@id":"https:\/\/perle-in.com\/#website"},"primaryImageOfPage":{"@id":"https:\/\/perle-in.com\/produit\/post-its-sticky-mate-avec-couverture-souple-a7-100-x-75mm\/#primaryimage"},"image":{"@id":"https:\/\/perle-in.com\/produit\/post-its-sticky-mate-avec-couverture-souple-a7-100-x-75mm\/#primaryimage"},"thumbnailUrl":"https:\/\/perle-in.com\/wp-content\/uploads\/2025\/10\/2109900-1.jpg","datePublished":"2025-10-13T22:47:41+00:00","dateModified":"2025-10-13T22:47:45+00:00","breadcrumb":{"@id":"https:\/\/perle-in.com\/produit\/post-its-sticky-mate-avec-couverture-souple-a7-100-x-75mm\/#breadcrumb"},"inLanguage":"en-CA","potentialAction":[{"@type":"ReadAction","target":["https:\/\/perle-in.com\/produit\/post-its-sticky-mate-avec-couverture-souple-a7-100-x-75mm\/"]}]},{"@type":"ImageObject","inLanguage":"en-CA","@id":"https:\/\/perle-in.com\/produit\/post-its-sticky-mate-avec-couverture-souple-a7-100-x-75mm\/#primaryimage","url":"https:\/\/perle-in.com\/wp-content\/uploads\/2025\/10\/2109900-1.jpg","contentUrl":"https:\/\/perle-in.com\/wp-content\/uploads\/2025\/10\/2109900-1.jpg","width":1600,"height":1600},{"@type":"BreadcrumbList","@id":"https:\/\/perle-in.com\/produit\/post-its-sticky-mate-avec-couverture-souple-a7-100-x-75mm\/#breadcrumb","itemListElement":[{"@type":"ListItem","position":1,"name":"Accueil","item":"https:\/\/perle-in.com\/"},{"@type":"ListItem","position":2,"name":"Boutique","item":"https:\/\/perle-in.com\/boutique\/"},{"@type":"ListItem","position":3,"name":"Post-its Sticky-Mate\u00ae avec couverture souple A7 100\u00a0x\u00a075mm"}]},{"@type":"WebSite","@id":"https:\/\/perle-in.com\/#website","url":"https:\/\/perle-in.com\/","name":"PERLE IN","description":"","publisher":{"@id":"https:\/\/perle-in.com\/#organization"},"potentialAction":[{"@type":"SearchAction","target":{"@type":"EntryPoint","urlTemplate":"https:\/\/perle-in.com\/?s={search_term_string}"},"query-input":{"@type":"PropertyValueSpecification","valueRequired":true,"valueName":"search_term_string"}}],"inLanguage":"en-CA"},{"@type":"Organization","@id":"https:\/\/perle-in.com\/#organization","name":"PERLE IN","url":"https:\/\/perle-in.com\/","logo":{"@type":"ImageObject","inLanguage":"en-CA","@id":"https:\/\/perle-in.com\/#\/schema\/logo\/image\/","url":"https:\/\/perle-in.com\/wp-content\/uploads\/2022\/12\/LOGO-PERLE-IN-COULEUR@3x.webp","contentUrl":"https:\/\/perle-in.com\/wp-content\/uploads\/2022\/12\/LOGO-PERLE-IN-COULEUR@3x.webp","width":1600,"height":490,"caption":"PERLE IN"},"image":{"@id":"https:\/\/perle-in.com\/#\/schema\/logo\/image\/"}}]}},"jetpack_sharing_enabled":true,"_links":{"self":[{"href":"https:\/\/perle-in.com\/en\/wp-json\/wp\/v2\/product\/507841","targetHints":{"allow":["GET"]}}],"collection":[{"href":"https:\/\/perle-in.com\/en\/wp-json\/wp\/v2\/product"}],"about":[{"href":"https:\/\/perle-in.com\/en\/wp-json\/wp\/v2\/types\/product"}],"version-history":[{"count":0,"href":"https:\/\/perle-in.com\/en\/wp-json\/wp\/v2\/product\/507841\/revisions"}],"wp:featuredmedia":[{"embeddable":true,"href":"https:\/\/perle-in.com\/en\/wp-json\/wp\/v2\/media\/507834"}],"wp:attachment":[{"href":"https:\/\/perle-in.com\/en\/wp-json\/wp\/v2\/media?parent=507841"}],"wp:term":[{"taxonomy":"product_brand","embeddable":true,"href":"https:\/\/perle-in.com\/en\/wp-json\/wp\/v2\/product_brand?post=507841"},{"taxonomy":"product_cat","embeddable":true,"href":"https:\/\/perle-in.com\/en\/wp-json\/wp\/v2\/product_cat?post=507841"},{"taxonomy":"product_tag","embeddable":true,"href":"https:\/\/perle-in.com\/en\/wp-json\/wp\/v2\/product_tag?post=507841"}],"curies":[{"name":"wp","href":"https:\/\/api.w.org\/{rel}","templated":true}]}}