{"id":507189,"date":"2025-10-14T00:15:00","date_gmt":"2025-10-13T22:15:00","guid":{"rendered":"https:\/\/perle-in.com\/produit\/porte-cles-en-forme-de-maison-combo\/"},"modified":"2025-10-14T00:15:01","modified_gmt":"2025-10-13T22:15:01","slug":"porte-cles-en-forme-de-maison-combo","status":"publish","type":"product","link":"https:\/\/perle-in.com\/en\/product\/porte-cles-en-forme-de-maison-combo\/","title":{"rendered":"Porte-cl\u00e9s en forme de maison Combo"},"content":{"rendered":"","protected":false},"excerpt":{"rendered":"<p>Porte-cl\u00e9s transparent en forme de maison avec anneau fendu en m\u00e9tal. L\u2019anneau en forme de boucle m\u00e9tallique pr\u00e9sente un profil plat id\u00e9al pour les envois. Dimensions de l\u2019insert pour impression\u00a0: 5,9 cm x 5,6 cm.<\/p>","protected":false},"featured_media":507186,"template":"","meta":{"_eb_attr":""},"product_brand":[],"product_cat":[400,409],"product_tag":[2159,2199,801,2204,2207,2184,2216,2217,2122,2198,2228,862,1139,2215,1163,1950,416,2201,2202,2212,2230,2200],"class_list":{"0":"post-507189","1":"product","2":"type-product","3":"status-publish","4":"has-post-thumbnail","6":"product_cat-accessoires","7":"product_cat-porte-cls","8":"product_tag-carre","9":"product_tag-clair","10":"product_tag-cle","11":"product_tag-clef","12":"product_tag-clefs","13":"product_tag-encart","14":"product_tag-envoi-postal","15":"product_tag-envois-postaux","16":"product_tag-fsc","17":"product_tag-image","18":"product_tag-ky0008","19":"product_tag-maison","20":"product_tag-photo","21":"product_tag-plat","22":"product_tag-porte","23":"product_tag-porte-clef","24":"product_tag-porte-clefs","25":"product_tag-portecle","26":"product_tag-portecles","27":"product_tag-rectangulaire","28":"product_tag-sh0sa0011ho1zzzz","29":"product_tag-transparent","30":"pa_couleurs-translucide","31":"pa_matiere-plastique-gpps-papier","32":"pa_pays-d-origine-angleterre","34":"first","35":"instock","36":"shipping-taxable","37":"purchasable","38":"product-type-variable"},"yoast_head":"<!-- This site is optimized with the Yoast SEO plugin v27.4 - https:\/\/yoast.com\/product\/yoast-seo-wordpress\/ -->\n<title>Porte-cl\u00e9s en forme de maison Combo - PERLE IN<\/title>\n<meta name=\"robots\" content=\"noindex, follow, max-snippet:-1, max-image-preview:large, max-video-preview:-1\" \/>\n<meta property=\"og:locale\" content=\"en_US\" \/>\n<meta property=\"og:type\" content=\"article\" \/>\n<meta property=\"og:title\" content=\"Porte-cl\u00e9s en forme de maison Combo - PERLE IN\" \/>\n<meta property=\"og:description\" content=\"Porte-cl\u00e9s transparent en forme de maison avec anneau fendu en m\u00e9tal. L\u2019anneau en forme de boucle m\u00e9tallique pr\u00e9sente un profil plat id\u00e9al pour les envois. Dimensions de l\u2019insert pour impression\u00a0: 5,9 cm x 5,6 cm.\" \/>\n<meta property=\"og:url\" content=\"https:\/\/perle-in.com\/en\/product\/porte-cles-en-forme-de-maison-combo\/\" \/>\n<meta property=\"og:site_name\" content=\"PERLE IN\" \/>\n<meta property=\"article:modified_time\" content=\"2025-10-13T22:15:01+00:00\" \/>\n<meta property=\"og:image\" content=\"https:\/\/perle-in.com\/wp-content\/uploads\/2025\/10\/21056600-1.jpg\" \/>\n\t<meta property=\"og:image:width\" content=\"1600\" \/>\n\t<meta property=\"og:image:height\" content=\"1600\" \/>\n\t<meta property=\"og:image:type\" content=\"image\/jpeg\" \/>\n<meta name=\"twitter:card\" content=\"summary_large_image\" \/>\n<script type=\"application\/ld+json\" class=\"yoast-schema-graph\">{\"@context\":\"https:\\\/\\\/schema.org\",\"@graph\":[{\"@type\":\"WebPage\",\"@id\":\"https:\\\/\\\/perle-in.com\\\/produit\\\/porte-cles-en-forme-de-maison-combo\\\/\",\"url\":\"https:\\\/\\\/perle-in.com\\\/produit\\\/porte-cles-en-forme-de-maison-combo\\\/\",\"name\":\"Porte-cl\u00e9s en forme de maison Combo - PERLE IN\",\"isPartOf\":{\"@id\":\"https:\\\/\\\/perle-in.com\\\/#website\"},\"primaryImageOfPage\":{\"@id\":\"https:\\\/\\\/perle-in.com\\\/produit\\\/porte-cles-en-forme-de-maison-combo\\\/#primaryimage\"},\"image\":{\"@id\":\"https:\\\/\\\/perle-in.com\\\/produit\\\/porte-cles-en-forme-de-maison-combo\\\/#primaryimage\"},\"thumbnailUrl\":\"https:\\\/\\\/perle-in.com\\\/wp-content\\\/uploads\\\/2025\\\/10\\\/21056600-1.jpg\",\"datePublished\":\"2025-10-13T22:15:00+00:00\",\"dateModified\":\"2025-10-13T22:15:01+00:00\",\"breadcrumb\":{\"@id\":\"https:\\\/\\\/perle-in.com\\\/produit\\\/porte-cles-en-forme-de-maison-combo\\\/#breadcrumb\"},\"inLanguage\":\"en-CA\",\"potentialAction\":[{\"@type\":\"ReadAction\",\"target\":[\"https:\\\/\\\/perle-in.com\\\/produit\\\/porte-cles-en-forme-de-maison-combo\\\/\"]}]},{\"@type\":\"ImageObject\",\"inLanguage\":\"en-CA\",\"@id\":\"https:\\\/\\\/perle-in.com\\\/produit\\\/porte-cles-en-forme-de-maison-combo\\\/#primaryimage\",\"url\":\"https:\\\/\\\/perle-in.com\\\/wp-content\\\/uploads\\\/2025\\\/10\\\/21056600-1.jpg\",\"contentUrl\":\"https:\\\/\\\/perle-in.com\\\/wp-content\\\/uploads\\\/2025\\\/10\\\/21056600-1.jpg\",\"width\":1600,\"height\":1600},{\"@type\":\"BreadcrumbList\",\"@id\":\"https:\\\/\\\/perle-in.com\\\/produit\\\/porte-cles-en-forme-de-maison-combo\\\/#breadcrumb\",\"itemListElement\":[{\"@type\":\"ListItem\",\"position\":1,\"name\":\"Accueil\",\"item\":\"https:\\\/\\\/perle-in.com\\\/\"},{\"@type\":\"ListItem\",\"position\":2,\"name\":\"Boutique\",\"item\":\"https:\\\/\\\/perle-in.com\\\/boutique\\\/\"},{\"@type\":\"ListItem\",\"position\":3,\"name\":\"Porte-cl\u00e9s en forme de maison Combo\"}]},{\"@type\":\"WebSite\",\"@id\":\"https:\\\/\\\/perle-in.com\\\/#website\",\"url\":\"https:\\\/\\\/perle-in.com\\\/\",\"name\":\"PERLE IN\",\"description\":\"\",\"publisher\":{\"@id\":\"https:\\\/\\\/perle-in.com\\\/#organization\"},\"potentialAction\":[{\"@type\":\"SearchAction\",\"target\":{\"@type\":\"EntryPoint\",\"urlTemplate\":\"https:\\\/\\\/perle-in.com\\\/?s={search_term_string}\"},\"query-input\":{\"@type\":\"PropertyValueSpecification\",\"valueRequired\":true,\"valueName\":\"search_term_string\"}}],\"inLanguage\":\"en-CA\"},{\"@type\":\"Organization\",\"@id\":\"https:\\\/\\\/perle-in.com\\\/#organization\",\"name\":\"PERLE IN\",\"url\":\"https:\\\/\\\/perle-in.com\\\/\",\"logo\":{\"@type\":\"ImageObject\",\"inLanguage\":\"en-CA\",\"@id\":\"https:\\\/\\\/perle-in.com\\\/#\\\/schema\\\/logo\\\/image\\\/\",\"url\":\"https:\\\/\\\/perle-in.com\\\/wp-content\\\/uploads\\\/2022\\\/12\\\/LOGO-PERLE-IN-COULEUR@3x.webp\",\"contentUrl\":\"https:\\\/\\\/perle-in.com\\\/wp-content\\\/uploads\\\/2022\\\/12\\\/LOGO-PERLE-IN-COULEUR@3x.webp\",\"width\":1600,\"height\":490,\"caption\":\"PERLE IN\"},\"image\":{\"@id\":\"https:\\\/\\\/perle-in.com\\\/#\\\/schema\\\/logo\\\/image\\\/\"}}]}<\/script>\n<!-- \/ Yoast SEO plugin. -->","yoast_head_json":{"title":"Porte-cl\u00e9s en forme de maison Combo - PERLE IN","robots":{"index":"noindex","follow":"follow","max-snippet":"max-snippet:-1","max-image-preview":"max-image-preview:large","max-video-preview":"max-video-preview:-1"},"og_locale":"en_US","og_type":"article","og_title":"Porte-cl\u00e9s en forme de maison Combo - PERLE IN","og_description":"Porte-cl\u00e9s transparent en forme de maison avec anneau fendu en m\u00e9tal. L\u2019anneau en forme de boucle m\u00e9tallique pr\u00e9sente un profil plat id\u00e9al pour les envois. Dimensions de l\u2019insert pour impression\u00a0: 5,9 cm x 5,6 cm.","og_url":"https:\/\/perle-in.com\/en\/product\/porte-cles-en-forme-de-maison-combo\/","og_site_name":"PERLE IN","article_modified_time":"2025-10-13T22:15:01+00:00","og_image":[{"width":1600,"height":1600,"url":"https:\/\/perle-in.com\/wp-content\/uploads\/2025\/10\/21056600-1.jpg","type":"image\/jpeg"}],"twitter_card":"summary_large_image","schema":{"@context":"https:\/\/schema.org","@graph":[{"@type":"WebPage","@id":"https:\/\/perle-in.com\/produit\/porte-cles-en-forme-de-maison-combo\/","url":"https:\/\/perle-in.com\/produit\/porte-cles-en-forme-de-maison-combo\/","name":"Porte-cl\u00e9s en forme de maison Combo - PERLE IN","isPartOf":{"@id":"https:\/\/perle-in.com\/#website"},"primaryImageOfPage":{"@id":"https:\/\/perle-in.com\/produit\/porte-cles-en-forme-de-maison-combo\/#primaryimage"},"image":{"@id":"https:\/\/perle-in.com\/produit\/porte-cles-en-forme-de-maison-combo\/#primaryimage"},"thumbnailUrl":"https:\/\/perle-in.com\/wp-content\/uploads\/2025\/10\/21056600-1.jpg","datePublished":"2025-10-13T22:15:00+00:00","dateModified":"2025-10-13T22:15:01+00:00","breadcrumb":{"@id":"https:\/\/perle-in.com\/produit\/porte-cles-en-forme-de-maison-combo\/#breadcrumb"},"inLanguage":"en-CA","potentialAction":[{"@type":"ReadAction","target":["https:\/\/perle-in.com\/produit\/porte-cles-en-forme-de-maison-combo\/"]}]},{"@type":"ImageObject","inLanguage":"en-CA","@id":"https:\/\/perle-in.com\/produit\/porte-cles-en-forme-de-maison-combo\/#primaryimage","url":"https:\/\/perle-in.com\/wp-content\/uploads\/2025\/10\/21056600-1.jpg","contentUrl":"https:\/\/perle-in.com\/wp-content\/uploads\/2025\/10\/21056600-1.jpg","width":1600,"height":1600},{"@type":"BreadcrumbList","@id":"https:\/\/perle-in.com\/produit\/porte-cles-en-forme-de-maison-combo\/#breadcrumb","itemListElement":[{"@type":"ListItem","position":1,"name":"Accueil","item":"https:\/\/perle-in.com\/"},{"@type":"ListItem","position":2,"name":"Boutique","item":"https:\/\/perle-in.com\/boutique\/"},{"@type":"ListItem","position":3,"name":"Porte-cl\u00e9s en forme de maison Combo"}]},{"@type":"WebSite","@id":"https:\/\/perle-in.com\/#website","url":"https:\/\/perle-in.com\/","name":"PERLE IN","description":"","publisher":{"@id":"https:\/\/perle-in.com\/#organization"},"potentialAction":[{"@type":"SearchAction","target":{"@type":"EntryPoint","urlTemplate":"https:\/\/perle-in.com\/?s={search_term_string}"},"query-input":{"@type":"PropertyValueSpecification","valueRequired":true,"valueName":"search_term_string"}}],"inLanguage":"en-CA"},{"@type":"Organization","@id":"https:\/\/perle-in.com\/#organization","name":"PERLE IN","url":"https:\/\/perle-in.com\/","logo":{"@type":"ImageObject","inLanguage":"en-CA","@id":"https:\/\/perle-in.com\/#\/schema\/logo\/image\/","url":"https:\/\/perle-in.com\/wp-content\/uploads\/2022\/12\/LOGO-PERLE-IN-COULEUR@3x.webp","contentUrl":"https:\/\/perle-in.com\/wp-content\/uploads\/2022\/12\/LOGO-PERLE-IN-COULEUR@3x.webp","width":1600,"height":490,"caption":"PERLE IN"},"image":{"@id":"https:\/\/perle-in.com\/#\/schema\/logo\/image\/"}}]}},"jetpack_sharing_enabled":true,"_links":{"self":[{"href":"https:\/\/perle-in.com\/en\/wp-json\/wp\/v2\/product\/507189","targetHints":{"allow":["GET"]}}],"collection":[{"href":"https:\/\/perle-in.com\/en\/wp-json\/wp\/v2\/product"}],"about":[{"href":"https:\/\/perle-in.com\/en\/wp-json\/wp\/v2\/types\/product"}],"version-history":[{"count":0,"href":"https:\/\/perle-in.com\/en\/wp-json\/wp\/v2\/product\/507189\/revisions"}],"wp:featuredmedia":[{"embeddable":true,"href":"https:\/\/perle-in.com\/en\/wp-json\/wp\/v2\/media\/507186"}],"wp:attachment":[{"href":"https:\/\/perle-in.com\/en\/wp-json\/wp\/v2\/media?parent=507189"}],"wp:term":[{"taxonomy":"product_brand","embeddable":true,"href":"https:\/\/perle-in.com\/en\/wp-json\/wp\/v2\/product_brand?post=507189"},{"taxonomy":"product_cat","embeddable":true,"href":"https:\/\/perle-in.com\/en\/wp-json\/wp\/v2\/product_cat?post=507189"},{"taxonomy":"product_tag","embeddable":true,"href":"https:\/\/perle-in.com\/en\/wp-json\/wp\/v2\/product_tag?post=507189"}],"curies":[{"name":"wp","href":"https:\/\/api.w.org\/{rel}","templated":true}]}}