{"id":506764,"date":"2025-10-13T23:32:20","date_gmt":"2025-10-13T21:32:20","guid":{"rendered":"https:\/\/perle-in.com\/produit\/bouteille-baseline-plus-750ml-avec-couvercle-a-clapet\/"},"modified":"2025-10-13T23:32:45","modified_gmt":"2025-10-13T21:32:45","slug":"bouteille-baseline-plus-750ml-avec-couvercle-a-clapet","status":"publish","type":"product","link":"https:\/\/perle-in.com\/en\/product\/bouteille-baseline-plus-750ml-avec-couvercle-a-clapet\/","title":{"rendered":"Bouteille Baseline\u00ae Plus 750ml avec couvercle \u00e0 clapet"},"content":{"rendered":"","protected":false},"excerpt":{"rendered":"<p>Bouteille de sport \u00e0 simple paroi. Dispose d\u2019un couvercle anti-fuite et avec dessus \u00e0 bascule. Capacit\u00e9 de 750 ml. Couleurs \u00e0 m\u00e9langer et \u00e0 assortir pour cr\u00e9er la bouteille parfaite. Pour plus de couleurs, contactez le service client\u00e8le. Fabriqu\u00e9 au Royaume-Uni. Sans BPA. Conforme \u00e0 la norme EN12875-1. Lavable au lave-vaisselle.<\/p>","protected":false},"featured_media":506694,"template":"","meta":{"_eb_attr":""},"product_brand":[],"product_cat":[202,173],"product_tag":[2078,366,2114,175,2081,274,192,203],"class_list":{"0":"post-506764","1":"product","2":"type-product","3":"status-publish","4":"has-post-thumbnail","6":"product_cat-bouteilles-de-sport","7":"product_cat-drinkware","8":"product_tag-anti-deversement","9":"product_tag-anti-fuite","10":"product_tag-baseline","11":"product_tag-bouteille","12":"product_tag-couvercle-a-clapet","13":"product_tag-eau","14":"product_tag-gourde","15":"product_tag-sport","16":"pa_couleurs-blanc","17":"pa_couleurs-blanc-bleu","18":"pa_couleurs-blanc-citron-vert","19":"pa_couleurs-blanc-jaune","20":"pa_couleurs-blanc-noir","21":"pa_couleurs-blanc-orange","22":"pa_couleurs-blanc-rose","23":"pa_couleurs-blanc-rouge","24":"pa_couleurs-blanc-vert","25":"pa_couleurs-blanc-vert-eau","26":"pa_couleurs-blanc-violet","27":"pa_couleurs-bleu","28":"pa_couleurs-noir","29":"pa_couleurs-noir-blanc","30":"pa_couleurs-noir-bleu","31":"pa_couleurs-noir-rouge","32":"pa_couleurs-rouge","33":"pa_couleurs-translucide-blanc","34":"pa_couleurs-translucide-bleu","35":"pa_couleurs-translucide-noir","36":"pa_couleurs-translucide-rouge","37":"pa_matiere-plastique-hdpe-plastique-pp","38":"pa_pays-d-origine-angleterre","40":"first","41":"instock","42":"shipping-taxable","43":"purchasable","44":"product-type-variable"},"yoast_head":"<!-- This site is optimized with the Yoast SEO plugin v27.4 - https:\/\/yoast.com\/product\/yoast-seo-wordpress\/ -->\n<title>Bouteille Baseline\u00ae Plus 750ml avec couvercle \u00e0 clapet - PERLE IN<\/title>\n<meta name=\"robots\" content=\"noindex, follow, max-snippet:-1, max-image-preview:large, max-video-preview:-1\" \/>\n<meta property=\"og:locale\" content=\"en_US\" \/>\n<meta property=\"og:type\" content=\"article\" \/>\n<meta property=\"og:title\" content=\"Bouteille Baseline\u00ae Plus 750ml avec couvercle \u00e0 clapet - PERLE IN\" \/>\n<meta property=\"og:description\" content=\"Bouteille de sport \u00e0 simple paroi. Dispose d\u2019un couvercle anti-fuite et avec dessus \u00e0 bascule. Capacit\u00e9 de 750 ml. Couleurs \u00e0 m\u00e9langer et \u00e0 assortir pour cr\u00e9er la bouteille parfaite. Pour plus de couleurs, contactez le service client\u00e8le. Fabriqu\u00e9 au Royaume-Uni. Sans BPA. Conforme \u00e0 la norme EN12875-1. Lavable au lave-vaisselle.\" \/>\n<meta property=\"og:url\" content=\"https:\/\/perle-in.com\/en\/product\/bouteille-baseline-plus-750ml-avec-couvercle-a-clapet\/\" \/>\n<meta property=\"og:site_name\" content=\"PERLE IN\" \/>\n<meta property=\"article:modified_time\" content=\"2025-10-13T21:32:45+00:00\" \/>\n<meta property=\"og:image\" content=\"https:\/\/perle-in.com\/wp-content\/uploads\/2025\/10\/21007000-1.jpg\" \/>\n\t<meta property=\"og:image:width\" content=\"1600\" \/>\n\t<meta property=\"og:image:height\" content=\"1600\" \/>\n\t<meta property=\"og:image:type\" content=\"image\/jpeg\" \/>\n<meta name=\"twitter:card\" content=\"summary_large_image\" \/>\n<script type=\"application\/ld+json\" class=\"yoast-schema-graph\">{\"@context\":\"https:\\\/\\\/schema.org\",\"@graph\":[{\"@type\":\"WebPage\",\"@id\":\"https:\\\/\\\/perle-in.com\\\/produit\\\/bouteille-baseline-plus-750ml-avec-couvercle-a-clapet\\\/\",\"url\":\"https:\\\/\\\/perle-in.com\\\/produit\\\/bouteille-baseline-plus-750ml-avec-couvercle-a-clapet\\\/\",\"name\":\"Bouteille Baseline\u00ae Plus 750ml avec couvercle \u00e0 clapet - PERLE IN\",\"isPartOf\":{\"@id\":\"https:\\\/\\\/perle-in.com\\\/#website\"},\"primaryImageOfPage\":{\"@id\":\"https:\\\/\\\/perle-in.com\\\/produit\\\/bouteille-baseline-plus-750ml-avec-couvercle-a-clapet\\\/#primaryimage\"},\"image\":{\"@id\":\"https:\\\/\\\/perle-in.com\\\/produit\\\/bouteille-baseline-plus-750ml-avec-couvercle-a-clapet\\\/#primaryimage\"},\"thumbnailUrl\":\"https:\\\/\\\/perle-in.com\\\/wp-content\\\/uploads\\\/2025\\\/10\\\/21007000-1.jpg\",\"datePublished\":\"2025-10-13T21:32:20+00:00\",\"dateModified\":\"2025-10-13T21:32:45+00:00\",\"breadcrumb\":{\"@id\":\"https:\\\/\\\/perle-in.com\\\/produit\\\/bouteille-baseline-plus-750ml-avec-couvercle-a-clapet\\\/#breadcrumb\"},\"inLanguage\":\"en-CA\",\"potentialAction\":[{\"@type\":\"ReadAction\",\"target\":[\"https:\\\/\\\/perle-in.com\\\/produit\\\/bouteille-baseline-plus-750ml-avec-couvercle-a-clapet\\\/\"]}]},{\"@type\":\"ImageObject\",\"inLanguage\":\"en-CA\",\"@id\":\"https:\\\/\\\/perle-in.com\\\/produit\\\/bouteille-baseline-plus-750ml-avec-couvercle-a-clapet\\\/#primaryimage\",\"url\":\"https:\\\/\\\/perle-in.com\\\/wp-content\\\/uploads\\\/2025\\\/10\\\/21007000-1.jpg\",\"contentUrl\":\"https:\\\/\\\/perle-in.com\\\/wp-content\\\/uploads\\\/2025\\\/10\\\/21007000-1.jpg\",\"width\":1600,\"height\":1600},{\"@type\":\"BreadcrumbList\",\"@id\":\"https:\\\/\\\/perle-in.com\\\/produit\\\/bouteille-baseline-plus-750ml-avec-couvercle-a-clapet\\\/#breadcrumb\",\"itemListElement\":[{\"@type\":\"ListItem\",\"position\":1,\"name\":\"Accueil\",\"item\":\"https:\\\/\\\/perle-in.com\\\/\"},{\"@type\":\"ListItem\",\"position\":2,\"name\":\"Boutique\",\"item\":\"https:\\\/\\\/perle-in.com\\\/boutique\\\/\"},{\"@type\":\"ListItem\",\"position\":3,\"name\":\"Bouteille Baseline\u00ae Plus 750ml avec couvercle \u00e0 clapet\"}]},{\"@type\":\"WebSite\",\"@id\":\"https:\\\/\\\/perle-in.com\\\/#website\",\"url\":\"https:\\\/\\\/perle-in.com\\\/\",\"name\":\"PERLE IN\",\"description\":\"\",\"publisher\":{\"@id\":\"https:\\\/\\\/perle-in.com\\\/#organization\"},\"potentialAction\":[{\"@type\":\"SearchAction\",\"target\":{\"@type\":\"EntryPoint\",\"urlTemplate\":\"https:\\\/\\\/perle-in.com\\\/?s={search_term_string}\"},\"query-input\":{\"@type\":\"PropertyValueSpecification\",\"valueRequired\":true,\"valueName\":\"search_term_string\"}}],\"inLanguage\":\"en-CA\"},{\"@type\":\"Organization\",\"@id\":\"https:\\\/\\\/perle-in.com\\\/#organization\",\"name\":\"PERLE IN\",\"url\":\"https:\\\/\\\/perle-in.com\\\/\",\"logo\":{\"@type\":\"ImageObject\",\"inLanguage\":\"en-CA\",\"@id\":\"https:\\\/\\\/perle-in.com\\\/#\\\/schema\\\/logo\\\/image\\\/\",\"url\":\"https:\\\/\\\/perle-in.com\\\/wp-content\\\/uploads\\\/2022\\\/12\\\/LOGO-PERLE-IN-COULEUR@3x.webp\",\"contentUrl\":\"https:\\\/\\\/perle-in.com\\\/wp-content\\\/uploads\\\/2022\\\/12\\\/LOGO-PERLE-IN-COULEUR@3x.webp\",\"width\":1600,\"height\":490,\"caption\":\"PERLE IN\"},\"image\":{\"@id\":\"https:\\\/\\\/perle-in.com\\\/#\\\/schema\\\/logo\\\/image\\\/\"}}]}<\/script>\n<!-- \/ Yoast SEO plugin. -->","yoast_head_json":{"title":"Bouteille Baseline\u00ae Plus 750ml avec couvercle \u00e0 clapet - PERLE IN","robots":{"index":"noindex","follow":"follow","max-snippet":"max-snippet:-1","max-image-preview":"max-image-preview:large","max-video-preview":"max-video-preview:-1"},"og_locale":"en_US","og_type":"article","og_title":"Bouteille Baseline\u00ae Plus 750ml avec couvercle \u00e0 clapet - PERLE IN","og_description":"Bouteille de sport \u00e0 simple paroi. Dispose d\u2019un couvercle anti-fuite et avec dessus \u00e0 bascule. Capacit\u00e9 de 750 ml. Couleurs \u00e0 m\u00e9langer et \u00e0 assortir pour cr\u00e9er la bouteille parfaite. Pour plus de couleurs, contactez le service client\u00e8le. Fabriqu\u00e9 au Royaume-Uni. Sans BPA. Conforme \u00e0 la norme EN12875-1. Lavable au lave-vaisselle.","og_url":"https:\/\/perle-in.com\/en\/product\/bouteille-baseline-plus-750ml-avec-couvercle-a-clapet\/","og_site_name":"PERLE IN","article_modified_time":"2025-10-13T21:32:45+00:00","og_image":[{"width":1600,"height":1600,"url":"https:\/\/perle-in.com\/wp-content\/uploads\/2025\/10\/21007000-1.jpg","type":"image\/jpeg"}],"twitter_card":"summary_large_image","schema":{"@context":"https:\/\/schema.org","@graph":[{"@type":"WebPage","@id":"https:\/\/perle-in.com\/produit\/bouteille-baseline-plus-750ml-avec-couvercle-a-clapet\/","url":"https:\/\/perle-in.com\/produit\/bouteille-baseline-plus-750ml-avec-couvercle-a-clapet\/","name":"Bouteille Baseline\u00ae Plus 750ml avec couvercle \u00e0 clapet - PERLE IN","isPartOf":{"@id":"https:\/\/perle-in.com\/#website"},"primaryImageOfPage":{"@id":"https:\/\/perle-in.com\/produit\/bouteille-baseline-plus-750ml-avec-couvercle-a-clapet\/#primaryimage"},"image":{"@id":"https:\/\/perle-in.com\/produit\/bouteille-baseline-plus-750ml-avec-couvercle-a-clapet\/#primaryimage"},"thumbnailUrl":"https:\/\/perle-in.com\/wp-content\/uploads\/2025\/10\/21007000-1.jpg","datePublished":"2025-10-13T21:32:20+00:00","dateModified":"2025-10-13T21:32:45+00:00","breadcrumb":{"@id":"https:\/\/perle-in.com\/produit\/bouteille-baseline-plus-750ml-avec-couvercle-a-clapet\/#breadcrumb"},"inLanguage":"en-CA","potentialAction":[{"@type":"ReadAction","target":["https:\/\/perle-in.com\/produit\/bouteille-baseline-plus-750ml-avec-couvercle-a-clapet\/"]}]},{"@type":"ImageObject","inLanguage":"en-CA","@id":"https:\/\/perle-in.com\/produit\/bouteille-baseline-plus-750ml-avec-couvercle-a-clapet\/#primaryimage","url":"https:\/\/perle-in.com\/wp-content\/uploads\/2025\/10\/21007000-1.jpg","contentUrl":"https:\/\/perle-in.com\/wp-content\/uploads\/2025\/10\/21007000-1.jpg","width":1600,"height":1600},{"@type":"BreadcrumbList","@id":"https:\/\/perle-in.com\/produit\/bouteille-baseline-plus-750ml-avec-couvercle-a-clapet\/#breadcrumb","itemListElement":[{"@type":"ListItem","position":1,"name":"Accueil","item":"https:\/\/perle-in.com\/"},{"@type":"ListItem","position":2,"name":"Boutique","item":"https:\/\/perle-in.com\/boutique\/"},{"@type":"ListItem","position":3,"name":"Bouteille Baseline\u00ae Plus 750ml avec couvercle \u00e0 clapet"}]},{"@type":"WebSite","@id":"https:\/\/perle-in.com\/#website","url":"https:\/\/perle-in.com\/","name":"PERLE IN","description":"","publisher":{"@id":"https:\/\/perle-in.com\/#organization"},"potentialAction":[{"@type":"SearchAction","target":{"@type":"EntryPoint","urlTemplate":"https:\/\/perle-in.com\/?s={search_term_string}"},"query-input":{"@type":"PropertyValueSpecification","valueRequired":true,"valueName":"search_term_string"}}],"inLanguage":"en-CA"},{"@type":"Organization","@id":"https:\/\/perle-in.com\/#organization","name":"PERLE IN","url":"https:\/\/perle-in.com\/","logo":{"@type":"ImageObject","inLanguage":"en-CA","@id":"https:\/\/perle-in.com\/#\/schema\/logo\/image\/","url":"https:\/\/perle-in.com\/wp-content\/uploads\/2022\/12\/LOGO-PERLE-IN-COULEUR@3x.webp","contentUrl":"https:\/\/perle-in.com\/wp-content\/uploads\/2022\/12\/LOGO-PERLE-IN-COULEUR@3x.webp","width":1600,"height":490,"caption":"PERLE IN"},"image":{"@id":"https:\/\/perle-in.com\/#\/schema\/logo\/image\/"}}]}},"jetpack_sharing_enabled":true,"_links":{"self":[{"href":"https:\/\/perle-in.com\/en\/wp-json\/wp\/v2\/product\/506764","targetHints":{"allow":["GET"]}}],"collection":[{"href":"https:\/\/perle-in.com\/en\/wp-json\/wp\/v2\/product"}],"about":[{"href":"https:\/\/perle-in.com\/en\/wp-json\/wp\/v2\/types\/product"}],"version-history":[{"count":0,"href":"https:\/\/perle-in.com\/en\/wp-json\/wp\/v2\/product\/506764\/revisions"}],"wp:featuredmedia":[{"embeddable":true,"href":"https:\/\/perle-in.com\/en\/wp-json\/wp\/v2\/media\/506694"}],"wp:attachment":[{"href":"https:\/\/perle-in.com\/en\/wp-json\/wp\/v2\/media?parent=506764"}],"wp:term":[{"taxonomy":"product_brand","embeddable":true,"href":"https:\/\/perle-in.com\/en\/wp-json\/wp\/v2\/product_brand?post=506764"},{"taxonomy":"product_cat","embeddable":true,"href":"https:\/\/perle-in.com\/en\/wp-json\/wp\/v2\/product_cat?post=506764"},{"taxonomy":"product_tag","embeddable":true,"href":"https:\/\/perle-in.com\/en\/wp-json\/wp\/v2\/product_tag?post=506764"}],"curies":[{"name":"wp","href":"https:\/\/api.w.org\/{rel}","templated":true}]}}