{"id":506446,"date":"2025-10-13T23:07:37","date_gmt":"2025-10-13T21:07:37","guid":{"rendered":"https:\/\/perle-in.com\/produit\/bouteille-de-sport-et-infuseur-h2o-active-base-650ml\/"},"modified":"2025-10-13T23:07:47","modified_gmt":"2025-10-13T21:07:47","slug":"bouteille-de-sport-et-infuseur-h2o-active-base-650ml","status":"publish","type":"product","link":"https:\/\/perle-in.com\/en\/product\/bouteille-de-sport-et-infuseur-h2o-active-base-650ml\/","title":{"rendered":"Bouteille de sport et infuseur H2O Active\u00ae Base 650ml"},"content":{"rendered":"","protected":false},"excerpt":{"rendered":"<p>Bouteille de sport \u00e0 simple paroi avec design ergonomique. Bouteille fabriqu\u00e9e en PET reyclable. Dispose d\u2019un couvercle anti-fuite avec dessus \u00e0 bascule et infuseur amovible qui permet d\u2019ajouter votre saveur de fruit pr\u00e9f\u00e9r\u00e9e \u00e0 votre boisson. Capacit\u00e9 de 650 ml. Couleurs \u00e0 m\u00e9langer et \u00e0 assortir pour cr\u00e9er la bouteille parfaite. Pour plus de couleurs, contactez le service client\u00e8le. Fabriqu\u00e9 au Royaume-Uni. Emball\u00e9e dans un sac en plastique PE recycl\u00e9. Sans BPA.<\/p>","protected":false},"featured_media":506436,"template":"","meta":{"_eb_attr":""},"product_brand":[],"product_cat":[208,173],"product_tag":[2078,366,2101,175,2081,2102,274,2079,2084,203],"class_list":{"0":"post-506446","1":"product","2":"type-product","3":"status-publish","4":"has-post-thumbnail","6":"product_cat-bouteilles-avec-infuseur","7":"product_cat-drinkware","8":"product_tag-anti-deversement","9":"product_tag-anti-fuite","10":"product_tag-base","11":"product_tag-bouteille","12":"product_tag-couvercle-a-clapet","13":"product_tag-dr1401","14":"product_tag-eau","15":"product_tag-h2o","16":"product_tag-infuseur-a-fruit","17":"product_tag-sport","18":"pa_couleurs-translucide-blanc","19":"pa_couleurs-translucide-bleu","20":"pa_couleurs-translucide-bleu-aqua","21":"pa_couleurs-translucide-citron-vert","22":"pa_couleurs-translucide-rouge","23":"pa_couleurs-translucide-violet","24":"pa_green-points-2036","25":"pa_matiere-plastique-pet-plastique-pp-plastique-pp","26":"pa_pays-d-origine-angleterre","28":"first","29":"instock","30":"shipping-taxable","31":"purchasable","32":"product-type-variable"},"yoast_head":"<!-- This site is optimized with the Yoast SEO plugin v27.4 - https:\/\/yoast.com\/product\/yoast-seo-wordpress\/ -->\n<title>Bouteille de sport et infuseur H2O Active\u00ae Base 650ml - PERLE IN<\/title>\n<meta name=\"robots\" content=\"noindex, follow, max-snippet:-1, max-image-preview:large, max-video-preview:-1\" \/>\n<meta property=\"og:locale\" content=\"en_US\" \/>\n<meta property=\"og:type\" content=\"article\" \/>\n<meta property=\"og:title\" content=\"Bouteille de sport et infuseur H2O Active\u00ae Base 650ml - PERLE IN\" \/>\n<meta property=\"og:description\" content=\"Bouteille de sport \u00e0 simple paroi avec design ergonomique. Bouteille fabriqu\u00e9e en PET reyclable. Dispose d\u2019un couvercle anti-fuite avec dessus \u00e0 bascule et infuseur amovible qui permet d\u2019ajouter votre saveur de fruit pr\u00e9f\u00e9r\u00e9e \u00e0 votre boisson. Capacit\u00e9 de 650 ml. Couleurs \u00e0 m\u00e9langer et \u00e0 assortir pour cr\u00e9er la bouteille parfaite. Pour plus de couleurs, contactez le service client\u00e8le. Fabriqu\u00e9 au Royaume-Uni. Emball\u00e9e dans un sac en plastique PE recycl\u00e9. Sans BPA.\" \/>\n<meta property=\"og:url\" content=\"https:\/\/perle-in.com\/en\/product\/bouteille-de-sport-et-infuseur-h2o-active-base-650ml\/\" \/>\n<meta property=\"og:site_name\" content=\"PERLE IN\" \/>\n<meta property=\"article:modified_time\" content=\"2025-10-13T21:07:47+00:00\" \/>\n<meta property=\"og:image\" content=\"https:\/\/perle-in.com\/wp-content\/uploads\/2025\/10\/21004600-1.jpg\" \/>\n\t<meta property=\"og:image:width\" content=\"1600\" \/>\n\t<meta property=\"og:image:height\" content=\"1600\" \/>\n\t<meta property=\"og:image:type\" content=\"image\/jpeg\" \/>\n<meta name=\"twitter:card\" content=\"summary_large_image\" \/>\n<script type=\"application\/ld+json\" class=\"yoast-schema-graph\">{\"@context\":\"https:\\\/\\\/schema.org\",\"@graph\":[{\"@type\":\"WebPage\",\"@id\":\"https:\\\/\\\/perle-in.com\\\/produit\\\/bouteille-de-sport-et-infuseur-h2o-active-base-650ml\\\/\",\"url\":\"https:\\\/\\\/perle-in.com\\\/produit\\\/bouteille-de-sport-et-infuseur-h2o-active-base-650ml\\\/\",\"name\":\"Bouteille de sport et infuseur H2O Active\u00ae Base 650ml - PERLE IN\",\"isPartOf\":{\"@id\":\"https:\\\/\\\/perle-in.com\\\/#website\"},\"primaryImageOfPage\":{\"@id\":\"https:\\\/\\\/perle-in.com\\\/produit\\\/bouteille-de-sport-et-infuseur-h2o-active-base-650ml\\\/#primaryimage\"},\"image\":{\"@id\":\"https:\\\/\\\/perle-in.com\\\/produit\\\/bouteille-de-sport-et-infuseur-h2o-active-base-650ml\\\/#primaryimage\"},\"thumbnailUrl\":\"https:\\\/\\\/perle-in.com\\\/wp-content\\\/uploads\\\/2025\\\/10\\\/21004600-1.jpg\",\"datePublished\":\"2025-10-13T21:07:37+00:00\",\"dateModified\":\"2025-10-13T21:07:47+00:00\",\"breadcrumb\":{\"@id\":\"https:\\\/\\\/perle-in.com\\\/produit\\\/bouteille-de-sport-et-infuseur-h2o-active-base-650ml\\\/#breadcrumb\"},\"inLanguage\":\"en-CA\",\"potentialAction\":[{\"@type\":\"ReadAction\",\"target\":[\"https:\\\/\\\/perle-in.com\\\/produit\\\/bouteille-de-sport-et-infuseur-h2o-active-base-650ml\\\/\"]}]},{\"@type\":\"ImageObject\",\"inLanguage\":\"en-CA\",\"@id\":\"https:\\\/\\\/perle-in.com\\\/produit\\\/bouteille-de-sport-et-infuseur-h2o-active-base-650ml\\\/#primaryimage\",\"url\":\"https:\\\/\\\/perle-in.com\\\/wp-content\\\/uploads\\\/2025\\\/10\\\/21004600-1.jpg\",\"contentUrl\":\"https:\\\/\\\/perle-in.com\\\/wp-content\\\/uploads\\\/2025\\\/10\\\/21004600-1.jpg\",\"width\":1600,\"height\":1600},{\"@type\":\"BreadcrumbList\",\"@id\":\"https:\\\/\\\/perle-in.com\\\/produit\\\/bouteille-de-sport-et-infuseur-h2o-active-base-650ml\\\/#breadcrumb\",\"itemListElement\":[{\"@type\":\"ListItem\",\"position\":1,\"name\":\"Accueil\",\"item\":\"https:\\\/\\\/perle-in.com\\\/\"},{\"@type\":\"ListItem\",\"position\":2,\"name\":\"Boutique\",\"item\":\"https:\\\/\\\/perle-in.com\\\/boutique\\\/\"},{\"@type\":\"ListItem\",\"position\":3,\"name\":\"Bouteille de sport et infuseur H2O Active\u00ae Base 650ml\"}]},{\"@type\":\"WebSite\",\"@id\":\"https:\\\/\\\/perle-in.com\\\/#website\",\"url\":\"https:\\\/\\\/perle-in.com\\\/\",\"name\":\"PERLE IN\",\"description\":\"\",\"publisher\":{\"@id\":\"https:\\\/\\\/perle-in.com\\\/#organization\"},\"potentialAction\":[{\"@type\":\"SearchAction\",\"target\":{\"@type\":\"EntryPoint\",\"urlTemplate\":\"https:\\\/\\\/perle-in.com\\\/?s={search_term_string}\"},\"query-input\":{\"@type\":\"PropertyValueSpecification\",\"valueRequired\":true,\"valueName\":\"search_term_string\"}}],\"inLanguage\":\"en-CA\"},{\"@type\":\"Organization\",\"@id\":\"https:\\\/\\\/perle-in.com\\\/#organization\",\"name\":\"PERLE IN\",\"url\":\"https:\\\/\\\/perle-in.com\\\/\",\"logo\":{\"@type\":\"ImageObject\",\"inLanguage\":\"en-CA\",\"@id\":\"https:\\\/\\\/perle-in.com\\\/#\\\/schema\\\/logo\\\/image\\\/\",\"url\":\"https:\\\/\\\/perle-in.com\\\/wp-content\\\/uploads\\\/2022\\\/12\\\/LOGO-PERLE-IN-COULEUR@3x.webp\",\"contentUrl\":\"https:\\\/\\\/perle-in.com\\\/wp-content\\\/uploads\\\/2022\\\/12\\\/LOGO-PERLE-IN-COULEUR@3x.webp\",\"width\":1600,\"height\":490,\"caption\":\"PERLE IN\"},\"image\":{\"@id\":\"https:\\\/\\\/perle-in.com\\\/#\\\/schema\\\/logo\\\/image\\\/\"}}]}<\/script>\n<!-- \/ Yoast SEO plugin. -->","yoast_head_json":{"title":"Bouteille de sport et infuseur H2O Active\u00ae Base 650ml - PERLE IN","robots":{"index":"noindex","follow":"follow","max-snippet":"max-snippet:-1","max-image-preview":"max-image-preview:large","max-video-preview":"max-video-preview:-1"},"og_locale":"en_US","og_type":"article","og_title":"Bouteille de sport et infuseur H2O Active\u00ae Base 650ml - PERLE IN","og_description":"Bouteille de sport \u00e0 simple paroi avec design ergonomique. Bouteille fabriqu\u00e9e en PET reyclable. Dispose d\u2019un couvercle anti-fuite avec dessus \u00e0 bascule et infuseur amovible qui permet d\u2019ajouter votre saveur de fruit pr\u00e9f\u00e9r\u00e9e \u00e0 votre boisson. Capacit\u00e9 de 650 ml. Couleurs \u00e0 m\u00e9langer et \u00e0 assortir pour cr\u00e9er la bouteille parfaite. Pour plus de couleurs, contactez le service client\u00e8le. Fabriqu\u00e9 au Royaume-Uni. Emball\u00e9e dans un sac en plastique PE recycl\u00e9. Sans BPA.","og_url":"https:\/\/perle-in.com\/en\/product\/bouteille-de-sport-et-infuseur-h2o-active-base-650ml\/","og_site_name":"PERLE IN","article_modified_time":"2025-10-13T21:07:47+00:00","og_image":[{"width":1600,"height":1600,"url":"https:\/\/perle-in.com\/wp-content\/uploads\/2025\/10\/21004600-1.jpg","type":"image\/jpeg"}],"twitter_card":"summary_large_image","schema":{"@context":"https:\/\/schema.org","@graph":[{"@type":"WebPage","@id":"https:\/\/perle-in.com\/produit\/bouteille-de-sport-et-infuseur-h2o-active-base-650ml\/","url":"https:\/\/perle-in.com\/produit\/bouteille-de-sport-et-infuseur-h2o-active-base-650ml\/","name":"Bouteille de sport et infuseur H2O Active\u00ae Base 650ml - PERLE IN","isPartOf":{"@id":"https:\/\/perle-in.com\/#website"},"primaryImageOfPage":{"@id":"https:\/\/perle-in.com\/produit\/bouteille-de-sport-et-infuseur-h2o-active-base-650ml\/#primaryimage"},"image":{"@id":"https:\/\/perle-in.com\/produit\/bouteille-de-sport-et-infuseur-h2o-active-base-650ml\/#primaryimage"},"thumbnailUrl":"https:\/\/perle-in.com\/wp-content\/uploads\/2025\/10\/21004600-1.jpg","datePublished":"2025-10-13T21:07:37+00:00","dateModified":"2025-10-13T21:07:47+00:00","breadcrumb":{"@id":"https:\/\/perle-in.com\/produit\/bouteille-de-sport-et-infuseur-h2o-active-base-650ml\/#breadcrumb"},"inLanguage":"en-CA","potentialAction":[{"@type":"ReadAction","target":["https:\/\/perle-in.com\/produit\/bouteille-de-sport-et-infuseur-h2o-active-base-650ml\/"]}]},{"@type":"ImageObject","inLanguage":"en-CA","@id":"https:\/\/perle-in.com\/produit\/bouteille-de-sport-et-infuseur-h2o-active-base-650ml\/#primaryimage","url":"https:\/\/perle-in.com\/wp-content\/uploads\/2025\/10\/21004600-1.jpg","contentUrl":"https:\/\/perle-in.com\/wp-content\/uploads\/2025\/10\/21004600-1.jpg","width":1600,"height":1600},{"@type":"BreadcrumbList","@id":"https:\/\/perle-in.com\/produit\/bouteille-de-sport-et-infuseur-h2o-active-base-650ml\/#breadcrumb","itemListElement":[{"@type":"ListItem","position":1,"name":"Accueil","item":"https:\/\/perle-in.com\/"},{"@type":"ListItem","position":2,"name":"Boutique","item":"https:\/\/perle-in.com\/boutique\/"},{"@type":"ListItem","position":3,"name":"Bouteille de sport et infuseur H2O Active\u00ae Base 650ml"}]},{"@type":"WebSite","@id":"https:\/\/perle-in.com\/#website","url":"https:\/\/perle-in.com\/","name":"PERLE IN","description":"","publisher":{"@id":"https:\/\/perle-in.com\/#organization"},"potentialAction":[{"@type":"SearchAction","target":{"@type":"EntryPoint","urlTemplate":"https:\/\/perle-in.com\/?s={search_term_string}"},"query-input":{"@type":"PropertyValueSpecification","valueRequired":true,"valueName":"search_term_string"}}],"inLanguage":"en-CA"},{"@type":"Organization","@id":"https:\/\/perle-in.com\/#organization","name":"PERLE IN","url":"https:\/\/perle-in.com\/","logo":{"@type":"ImageObject","inLanguage":"en-CA","@id":"https:\/\/perle-in.com\/#\/schema\/logo\/image\/","url":"https:\/\/perle-in.com\/wp-content\/uploads\/2022\/12\/LOGO-PERLE-IN-COULEUR@3x.webp","contentUrl":"https:\/\/perle-in.com\/wp-content\/uploads\/2022\/12\/LOGO-PERLE-IN-COULEUR@3x.webp","width":1600,"height":490,"caption":"PERLE IN"},"image":{"@id":"https:\/\/perle-in.com\/#\/schema\/logo\/image\/"}}]}},"jetpack_sharing_enabled":true,"_links":{"self":[{"href":"https:\/\/perle-in.com\/en\/wp-json\/wp\/v2\/product\/506446","targetHints":{"allow":["GET"]}}],"collection":[{"href":"https:\/\/perle-in.com\/en\/wp-json\/wp\/v2\/product"}],"about":[{"href":"https:\/\/perle-in.com\/en\/wp-json\/wp\/v2\/types\/product"}],"version-history":[{"count":0,"href":"https:\/\/perle-in.com\/en\/wp-json\/wp\/v2\/product\/506446\/revisions"}],"wp:featuredmedia":[{"embeddable":true,"href":"https:\/\/perle-in.com\/en\/wp-json\/wp\/v2\/media\/506436"}],"wp:attachment":[{"href":"https:\/\/perle-in.com\/en\/wp-json\/wp\/v2\/media?parent=506446"}],"wp:term":[{"taxonomy":"product_brand","embeddable":true,"href":"https:\/\/perle-in.com\/en\/wp-json\/wp\/v2\/product_brand?post=506446"},{"taxonomy":"product_cat","embeddable":true,"href":"https:\/\/perle-in.com\/en\/wp-json\/wp\/v2\/product_cat?post=506446"},{"taxonomy":"product_tag","embeddable":true,"href":"https:\/\/perle-in.com\/en\/wp-json\/wp\/v2\/product_tag?post=506446"}],"curies":[{"name":"wp","href":"https:\/\/api.w.org\/{rel}","templated":true}]}}