{"id":506131,"date":"2025-10-13T22:41:32","date_gmt":"2025-10-13T20:41:32","guid":{"rendered":"https:\/\/perle-in.com\/produit\/mug-isolant-brite-americano-grande-350ml\/"},"modified":"2025-10-13T22:42:00","modified_gmt":"2025-10-13T20:42:00","slug":"mug-isolant-brite-americano-grande-350ml","status":"publish","type":"product","link":"https:\/\/perle-in.com\/en\/product\/mug-isolant-brite-americano-grande-350ml\/","title":{"rendered":"Mug isolant Brite-Americano\u00ae grande 350ml"},"content":{"rendered":"","protected":false},"excerpt":{"rendered":"<p>Mug isotherme \u00e0 double paroi avec couvercle \u00e0 visser et poign\u00e9e int\u00e9gr\u00e9e. La couche ext\u00e9rieure du mug est fabriqu\u00e9e \u00e0 partir de plastique recycl\u00e9. Mug \u00e9quip\u00e9 d\u2019un design tout en couleur moul\u00e9 sur l\u2019ensemble du produit, ce qui le rend r\u00e9sistant et lui permet de durer plus longtemps. Conforme \u00e0 la norme EN12875-1. Passe au lave-vaisselle et au micro-ondes. Capacit\u00e9 de 350 ml. Couleurs \u00e0 m\u00e9langer et \u00e0 assortir pour cr\u00e9er le mug parfait. Pour plus de couleurs, contactez le service client\u00e8le. Fabriqu\u00e9 au Royaume-Uni. Livr\u00e9 dans une bo\u00eete cadeau blanche. Sans BPA.<\/p>","protected":false},"featured_media":506099,"template":"","meta":{"_eb_attr":""},"product_brand":[],"product_cat":[173,189],"product_tag":[177,178,194,195,192,193,196,191,197],"class_list":{"0":"post-506131","1":"product","2":"type-product","3":"status-publish","4":"has-post-thumbnail","6":"product_cat-drinkware","7":"product_cat-mugs-isothermes","8":"product_tag-bidon","9":"product_tag-bidons","10":"product_tag-contenant","11":"product_tag-contenants","12":"product_tag-gourde","13":"product_tag-gourdes","14":"product_tag-isolant","15":"product_tag-mugs","16":"product_tag-thermos","17":"pa_couleurs-blanc","18":"pa_couleurs-blanc-bleu","19":"pa_couleurs-blanc-bleu-mineral","20":"pa_couleurs-blanc-citron-vert","21":"pa_couleurs-blanc-gris","22":"pa_couleurs-blanc-jaune","23":"pa_couleurs-blanc-marron","24":"pa_couleurs-blanc-noir","25":"pa_couleurs-blanc-orange","26":"pa_couleurs-blanc-rose","27":"pa_couleurs-blanc-rouge","28":"pa_couleurs-blanc-vert","29":"pa_couleurs-blanc-vert-eau","30":"pa_couleurs-blanc-violet","31":"pa_couleurs-noir","32":"pa_couleurs-noir-blanc","33":"pa_couleurs-noir-bleu","34":"pa_couleurs-noir-bleu-aqua","35":"pa_couleurs-noir-bleu-mineral","36":"pa_couleurs-noir-citron-vert","37":"pa_couleurs-noir-gris","38":"pa_couleurs-noir-jaune","39":"pa_couleurs-noir-orange","40":"pa_couleurs-noir-rose","41":"pa_couleurs-noir-rouge","42":"pa_couleurs-noir-vert","43":"pa_couleurs-noir-violet","44":"pa_pays-d-origine-angleterre","46":"first","47":"instock","48":"shipping-taxable","49":"purchasable","50":"product-type-variable"},"yoast_head":"<!-- This site is optimized with the Yoast SEO plugin v27.4 - https:\/\/yoast.com\/product\/yoast-seo-wordpress\/ -->\n<title>Mug isolant Brite-Americano\u00ae grande 350ml - PERLE IN<\/title>\n<meta name=\"robots\" content=\"noindex, follow, max-snippet:-1, max-image-preview:large, max-video-preview:-1\" \/>\n<meta property=\"og:locale\" content=\"en_US\" \/>\n<meta property=\"og:type\" content=\"article\" \/>\n<meta property=\"og:title\" content=\"Mug isolant Brite-Americano\u00ae grande 350ml - PERLE IN\" \/>\n<meta property=\"og:description\" content=\"Mug isotherme \u00e0 double paroi avec couvercle \u00e0 visser et poign\u00e9e int\u00e9gr\u00e9e. La couche ext\u00e9rieure du mug est fabriqu\u00e9e \u00e0 partir de plastique recycl\u00e9. Mug \u00e9quip\u00e9 d\u2019un design tout en couleur moul\u00e9 sur l\u2019ensemble du produit, ce qui le rend r\u00e9sistant et lui permet de durer plus longtemps. Conforme \u00e0 la norme EN12875-1. Passe au lave-vaisselle et au micro-ondes. Capacit\u00e9 de 350 ml. Couleurs \u00e0 m\u00e9langer et \u00e0 assortir pour cr\u00e9er le mug parfait. Pour plus de couleurs, contactez le service client\u00e8le. Fabriqu\u00e9 au Royaume-Uni. Livr\u00e9 dans une bo\u00eete cadeau blanche. Sans BPA.\" \/>\n<meta property=\"og:url\" content=\"https:\/\/perle-in.com\/en\/product\/mug-isolant-brite-americano-grande-350ml\/\" \/>\n<meta property=\"og:site_name\" content=\"PERLE IN\" \/>\n<meta property=\"article:modified_time\" content=\"2025-10-13T20:42:00+00:00\" \/>\n<meta property=\"og:image\" content=\"https:\/\/perle-in.com\/wp-content\/uploads\/2025\/10\/21000600-1.jpg\" \/>\n\t<meta property=\"og:image:width\" content=\"1600\" \/>\n\t<meta property=\"og:image:height\" content=\"1600\" \/>\n\t<meta property=\"og:image:type\" content=\"image\/jpeg\" \/>\n<meta name=\"twitter:card\" content=\"summary_large_image\" \/>\n<script type=\"application\/ld+json\" class=\"yoast-schema-graph\">{\"@context\":\"https:\\\/\\\/schema.org\",\"@graph\":[{\"@type\":\"WebPage\",\"@id\":\"https:\\\/\\\/perle-in.com\\\/produit\\\/mug-isolant-brite-americano-grande-350ml\\\/\",\"url\":\"https:\\\/\\\/perle-in.com\\\/produit\\\/mug-isolant-brite-americano-grande-350ml\\\/\",\"name\":\"Mug isolant Brite-Americano\u00ae grande 350ml - PERLE IN\",\"isPartOf\":{\"@id\":\"https:\\\/\\\/perle-in.com\\\/#website\"},\"primaryImageOfPage\":{\"@id\":\"https:\\\/\\\/perle-in.com\\\/produit\\\/mug-isolant-brite-americano-grande-350ml\\\/#primaryimage\"},\"image\":{\"@id\":\"https:\\\/\\\/perle-in.com\\\/produit\\\/mug-isolant-brite-americano-grande-350ml\\\/#primaryimage\"},\"thumbnailUrl\":\"https:\\\/\\\/perle-in.com\\\/wp-content\\\/uploads\\\/2025\\\/10\\\/21000600-1.jpg\",\"datePublished\":\"2025-10-13T20:41:32+00:00\",\"dateModified\":\"2025-10-13T20:42:00+00:00\",\"breadcrumb\":{\"@id\":\"https:\\\/\\\/perle-in.com\\\/produit\\\/mug-isolant-brite-americano-grande-350ml\\\/#breadcrumb\"},\"inLanguage\":\"en-CA\",\"potentialAction\":[{\"@type\":\"ReadAction\",\"target\":[\"https:\\\/\\\/perle-in.com\\\/produit\\\/mug-isolant-brite-americano-grande-350ml\\\/\"]}]},{\"@type\":\"ImageObject\",\"inLanguage\":\"en-CA\",\"@id\":\"https:\\\/\\\/perle-in.com\\\/produit\\\/mug-isolant-brite-americano-grande-350ml\\\/#primaryimage\",\"url\":\"https:\\\/\\\/perle-in.com\\\/wp-content\\\/uploads\\\/2025\\\/10\\\/21000600-1.jpg\",\"contentUrl\":\"https:\\\/\\\/perle-in.com\\\/wp-content\\\/uploads\\\/2025\\\/10\\\/21000600-1.jpg\",\"width\":1600,\"height\":1600},{\"@type\":\"BreadcrumbList\",\"@id\":\"https:\\\/\\\/perle-in.com\\\/produit\\\/mug-isolant-brite-americano-grande-350ml\\\/#breadcrumb\",\"itemListElement\":[{\"@type\":\"ListItem\",\"position\":1,\"name\":\"Accueil\",\"item\":\"https:\\\/\\\/perle-in.com\\\/\"},{\"@type\":\"ListItem\",\"position\":2,\"name\":\"Boutique\",\"item\":\"https:\\\/\\\/perle-in.com\\\/boutique\\\/\"},{\"@type\":\"ListItem\",\"position\":3,\"name\":\"Mug isolant Brite-Americano\u00ae grande 350ml\"}]},{\"@type\":\"WebSite\",\"@id\":\"https:\\\/\\\/perle-in.com\\\/#website\",\"url\":\"https:\\\/\\\/perle-in.com\\\/\",\"name\":\"PERLE IN\",\"description\":\"\",\"publisher\":{\"@id\":\"https:\\\/\\\/perle-in.com\\\/#organization\"},\"potentialAction\":[{\"@type\":\"SearchAction\",\"target\":{\"@type\":\"EntryPoint\",\"urlTemplate\":\"https:\\\/\\\/perle-in.com\\\/?s={search_term_string}\"},\"query-input\":{\"@type\":\"PropertyValueSpecification\",\"valueRequired\":true,\"valueName\":\"search_term_string\"}}],\"inLanguage\":\"en-CA\"},{\"@type\":\"Organization\",\"@id\":\"https:\\\/\\\/perle-in.com\\\/#organization\",\"name\":\"PERLE IN\",\"url\":\"https:\\\/\\\/perle-in.com\\\/\",\"logo\":{\"@type\":\"ImageObject\",\"inLanguage\":\"en-CA\",\"@id\":\"https:\\\/\\\/perle-in.com\\\/#\\\/schema\\\/logo\\\/image\\\/\",\"url\":\"https:\\\/\\\/perle-in.com\\\/wp-content\\\/uploads\\\/2022\\\/12\\\/LOGO-PERLE-IN-COULEUR@3x.webp\",\"contentUrl\":\"https:\\\/\\\/perle-in.com\\\/wp-content\\\/uploads\\\/2022\\\/12\\\/LOGO-PERLE-IN-COULEUR@3x.webp\",\"width\":1600,\"height\":490,\"caption\":\"PERLE IN\"},\"image\":{\"@id\":\"https:\\\/\\\/perle-in.com\\\/#\\\/schema\\\/logo\\\/image\\\/\"}}]}<\/script>\n<!-- \/ Yoast SEO plugin. -->","yoast_head_json":{"title":"Mug isolant Brite-Americano\u00ae grande 350ml - PERLE IN","robots":{"index":"noindex","follow":"follow","max-snippet":"max-snippet:-1","max-image-preview":"max-image-preview:large","max-video-preview":"max-video-preview:-1"},"og_locale":"en_US","og_type":"article","og_title":"Mug isolant Brite-Americano\u00ae grande 350ml - PERLE IN","og_description":"Mug isotherme \u00e0 double paroi avec couvercle \u00e0 visser et poign\u00e9e int\u00e9gr\u00e9e. La couche ext\u00e9rieure du mug est fabriqu\u00e9e \u00e0 partir de plastique recycl\u00e9. Mug \u00e9quip\u00e9 d\u2019un design tout en couleur moul\u00e9 sur l\u2019ensemble du produit, ce qui le rend r\u00e9sistant et lui permet de durer plus longtemps. Conforme \u00e0 la norme EN12875-1. Passe au lave-vaisselle et au micro-ondes. Capacit\u00e9 de 350 ml. Couleurs \u00e0 m\u00e9langer et \u00e0 assortir pour cr\u00e9er le mug parfait. Pour plus de couleurs, contactez le service client\u00e8le. Fabriqu\u00e9 au Royaume-Uni. Livr\u00e9 dans une bo\u00eete cadeau blanche. Sans BPA.","og_url":"https:\/\/perle-in.com\/en\/product\/mug-isolant-brite-americano-grande-350ml\/","og_site_name":"PERLE IN","article_modified_time":"2025-10-13T20:42:00+00:00","og_image":[{"width":1600,"height":1600,"url":"https:\/\/perle-in.com\/wp-content\/uploads\/2025\/10\/21000600-1.jpg","type":"image\/jpeg"}],"twitter_card":"summary_large_image","schema":{"@context":"https:\/\/schema.org","@graph":[{"@type":"WebPage","@id":"https:\/\/perle-in.com\/produit\/mug-isolant-brite-americano-grande-350ml\/","url":"https:\/\/perle-in.com\/produit\/mug-isolant-brite-americano-grande-350ml\/","name":"Mug isolant Brite-Americano\u00ae grande 350ml - PERLE IN","isPartOf":{"@id":"https:\/\/perle-in.com\/#website"},"primaryImageOfPage":{"@id":"https:\/\/perle-in.com\/produit\/mug-isolant-brite-americano-grande-350ml\/#primaryimage"},"image":{"@id":"https:\/\/perle-in.com\/produit\/mug-isolant-brite-americano-grande-350ml\/#primaryimage"},"thumbnailUrl":"https:\/\/perle-in.com\/wp-content\/uploads\/2025\/10\/21000600-1.jpg","datePublished":"2025-10-13T20:41:32+00:00","dateModified":"2025-10-13T20:42:00+00:00","breadcrumb":{"@id":"https:\/\/perle-in.com\/produit\/mug-isolant-brite-americano-grande-350ml\/#breadcrumb"},"inLanguage":"en-CA","potentialAction":[{"@type":"ReadAction","target":["https:\/\/perle-in.com\/produit\/mug-isolant-brite-americano-grande-350ml\/"]}]},{"@type":"ImageObject","inLanguage":"en-CA","@id":"https:\/\/perle-in.com\/produit\/mug-isolant-brite-americano-grande-350ml\/#primaryimage","url":"https:\/\/perle-in.com\/wp-content\/uploads\/2025\/10\/21000600-1.jpg","contentUrl":"https:\/\/perle-in.com\/wp-content\/uploads\/2025\/10\/21000600-1.jpg","width":1600,"height":1600},{"@type":"BreadcrumbList","@id":"https:\/\/perle-in.com\/produit\/mug-isolant-brite-americano-grande-350ml\/#breadcrumb","itemListElement":[{"@type":"ListItem","position":1,"name":"Accueil","item":"https:\/\/perle-in.com\/"},{"@type":"ListItem","position":2,"name":"Boutique","item":"https:\/\/perle-in.com\/boutique\/"},{"@type":"ListItem","position":3,"name":"Mug isolant Brite-Americano\u00ae grande 350ml"}]},{"@type":"WebSite","@id":"https:\/\/perle-in.com\/#website","url":"https:\/\/perle-in.com\/","name":"PERLE IN","description":"","publisher":{"@id":"https:\/\/perle-in.com\/#organization"},"potentialAction":[{"@type":"SearchAction","target":{"@type":"EntryPoint","urlTemplate":"https:\/\/perle-in.com\/?s={search_term_string}"},"query-input":{"@type":"PropertyValueSpecification","valueRequired":true,"valueName":"search_term_string"}}],"inLanguage":"en-CA"},{"@type":"Organization","@id":"https:\/\/perle-in.com\/#organization","name":"PERLE IN","url":"https:\/\/perle-in.com\/","logo":{"@type":"ImageObject","inLanguage":"en-CA","@id":"https:\/\/perle-in.com\/#\/schema\/logo\/image\/","url":"https:\/\/perle-in.com\/wp-content\/uploads\/2022\/12\/LOGO-PERLE-IN-COULEUR@3x.webp","contentUrl":"https:\/\/perle-in.com\/wp-content\/uploads\/2022\/12\/LOGO-PERLE-IN-COULEUR@3x.webp","width":1600,"height":490,"caption":"PERLE IN"},"image":{"@id":"https:\/\/perle-in.com\/#\/schema\/logo\/image\/"}}]}},"jetpack_sharing_enabled":true,"_links":{"self":[{"href":"https:\/\/perle-in.com\/en\/wp-json\/wp\/v2\/product\/506131","targetHints":{"allow":["GET"]}}],"collection":[{"href":"https:\/\/perle-in.com\/en\/wp-json\/wp\/v2\/product"}],"about":[{"href":"https:\/\/perle-in.com\/en\/wp-json\/wp\/v2\/types\/product"}],"version-history":[{"count":0,"href":"https:\/\/perle-in.com\/en\/wp-json\/wp\/v2\/product\/506131\/revisions"}],"wp:featuredmedia":[{"embeddable":true,"href":"https:\/\/perle-in.com\/en\/wp-json\/wp\/v2\/media\/506099"}],"wp:attachment":[{"href":"https:\/\/perle-in.com\/en\/wp-json\/wp\/v2\/media?parent=506131"}],"wp:term":[{"taxonomy":"product_brand","embeddable":true,"href":"https:\/\/perle-in.com\/en\/wp-json\/wp\/v2\/product_brand?post=506131"},{"taxonomy":"product_cat","embeddable":true,"href":"https:\/\/perle-in.com\/en\/wp-json\/wp\/v2\/product_cat?post=506131"},{"taxonomy":"product_tag","embeddable":true,"href":"https:\/\/perle-in.com\/en\/wp-json\/wp\/v2\/product_tag?post=506131"}],"curies":[{"name":"wp","href":"https:\/\/api.w.org\/{rel}","templated":true}]}}