{"id":505850,"date":"2025-10-13T22:32:05","date_gmt":"2025-10-13T20:32:05","guid":{"rendered":"https:\/\/perle-in.com\/produit\/support-de-telephone-portable-pour-voiture-grip\/"},"modified":"2025-10-13T22:32:09","modified_gmt":"2025-10-13T20:32:09","slug":"support-de-telephone-portable-pour-voiture-grip","status":"publish","type":"product","link":"https:\/\/perle-in.com\/en\/product\/support-de-telephone-portable-pour-voiture-grip\/","title":{"rendered":"Support de t\u00e9l\u00e9phone portable pour voiture Grip"},"content":{"rendered":"","protected":false},"excerpt":{"rendered":"<p>Support de t\u00e9l\u00e9phone qui s&#8217;ins\u00e8re dans la ventilation du tableau de bord d&#8217;une voiture et maintient un t\u00e9l\u00e9phone mobile dans une position pratique et s\u00fbre. Compatible avec tous les t\u00e9l\u00e9phones. Il permet une rotation de 360 degr\u00e9s avec une ouverture bilat\u00e9rale.<\/p>","protected":false},"featured_media":505842,"template":"","meta":{"_eb_attr":""},"product_brand":[],"product_cat":[668,667],"product_tag":[718,2034,2030,2031,815,1967,1439,1442,2033,2032,883,1977,1975,1976,1973,1974,1440,671,670],"class_list":{"0":"post-505850","1":"product","2":"type-product","3":"status-publish","4":"has-post-thumbnail","6":"product_cat-accessoires-pour-telephone-et-tablette","7":"product_cat-technologie","8":"product_tag-bureau","9":"product_tag-bureaux","10":"product_tag-cellulaire","11":"product_tag-cellulaires","12":"product_tag-chargeur","13":"product_tag-chargeurs","14":"product_tag-ipad","15":"product_tag-iphone","16":"product_tag-organisateur-de-bureau","17":"product_tag-organisateurs-de-bureau","18":"product_tag-portable","19":"product_tag-portables","20":"product_tag-porte-telephone","21":"product_tag-porte-telephones","22":"product_tag-support","23":"product_tag-supports","24":"product_tag-tablettes","25":"product_tag-telephone","26":"product_tag-telephones","27":"pa_couleurs-noir","29":"first","30":"instock","31":"shipping-taxable","32":"purchasable","33":"product-type-variable"},"yoast_head":"<!-- This site is optimized with the Yoast SEO plugin v27.4 - https:\/\/yoast.com\/product\/yoast-seo-wordpress\/ -->\n<title>Support de t\u00e9l\u00e9phone portable pour voiture Grip - PERLE IN<\/title>\n<meta name=\"robots\" content=\"noindex, follow, max-snippet:-1, max-image-preview:large, max-video-preview:-1\" \/>\n<meta property=\"og:locale\" content=\"en_US\" \/>\n<meta property=\"og:type\" content=\"article\" \/>\n<meta property=\"og:title\" content=\"Support de t\u00e9l\u00e9phone portable pour voiture Grip - PERLE IN\" \/>\n<meta property=\"og:description\" content=\"Support de t\u00e9l\u00e9phone qui s&#039;ins\u00e8re dans la ventilation du tableau de bord d&#039;une voiture et maintient un t\u00e9l\u00e9phone mobile dans une position pratique et s\u00fbre. Compatible avec tous les t\u00e9l\u00e9phones. Il permet une rotation de 360 degr\u00e9s avec une ouverture bilat\u00e9rale.\" \/>\n<meta property=\"og:url\" content=\"https:\/\/perle-in.com\/en\/product\/support-de-telephone-portable-pour-voiture-grip\/\" \/>\n<meta property=\"og:site_name\" content=\"PERLE IN\" \/>\n<meta property=\"article:modified_time\" content=\"2025-10-13T20:32:09+00:00\" \/>\n<meta property=\"og:image\" content=\"https:\/\/perle-in.com\/wp-content\/uploads\/2025\/10\/13510000-1.jpg\" \/>\n\t<meta property=\"og:image:width\" content=\"1600\" \/>\n\t<meta property=\"og:image:height\" content=\"1600\" \/>\n\t<meta property=\"og:image:type\" content=\"image\/jpeg\" \/>\n<meta name=\"twitter:card\" content=\"summary_large_image\" \/>\n<script type=\"application\/ld+json\" class=\"yoast-schema-graph\">{\"@context\":\"https:\\\/\\\/schema.org\",\"@graph\":[{\"@type\":\"WebPage\",\"@id\":\"https:\\\/\\\/perle-in.com\\\/en\\\/product\\\/support-de-telephone-portable-pour-voiture-grip\\\/\",\"url\":\"https:\\\/\\\/perle-in.com\\\/en\\\/product\\\/support-de-telephone-portable-pour-voiture-grip\\\/\",\"name\":\"Support de t\u00e9l\u00e9phone portable pour voiture Grip - PERLE IN\",\"isPartOf\":{\"@id\":\"https:\\\/\\\/perle-in.com\\\/#website\"},\"primaryImageOfPage\":{\"@id\":\"https:\\\/\\\/perle-in.com\\\/en\\\/product\\\/support-de-telephone-portable-pour-voiture-grip\\\/#primaryimage\"},\"image\":{\"@id\":\"https:\\\/\\\/perle-in.com\\\/en\\\/product\\\/support-de-telephone-portable-pour-voiture-grip\\\/#primaryimage\"},\"thumbnailUrl\":\"https:\\\/\\\/perle-in.com\\\/wp-content\\\/uploads\\\/2025\\\/10\\\/13510000-1.jpg\",\"datePublished\":\"2025-10-13T20:32:05+00:00\",\"dateModified\":\"2025-10-13T20:32:09+00:00\",\"breadcrumb\":{\"@id\":\"https:\\\/\\\/perle-in.com\\\/en\\\/product\\\/support-de-telephone-portable-pour-voiture-grip\\\/#breadcrumb\"},\"inLanguage\":\"en-CA\",\"potentialAction\":[{\"@type\":\"ReadAction\",\"target\":[\"https:\\\/\\\/perle-in.com\\\/en\\\/product\\\/support-de-telephone-portable-pour-voiture-grip\\\/\"]}]},{\"@type\":\"ImageObject\",\"inLanguage\":\"en-CA\",\"@id\":\"https:\\\/\\\/perle-in.com\\\/en\\\/product\\\/support-de-telephone-portable-pour-voiture-grip\\\/#primaryimage\",\"url\":\"https:\\\/\\\/perle-in.com\\\/wp-content\\\/uploads\\\/2025\\\/10\\\/13510000-1.jpg\",\"contentUrl\":\"https:\\\/\\\/perle-in.com\\\/wp-content\\\/uploads\\\/2025\\\/10\\\/13510000-1.jpg\",\"width\":1600,\"height\":1600},{\"@type\":\"BreadcrumbList\",\"@id\":\"https:\\\/\\\/perle-in.com\\\/en\\\/product\\\/support-de-telephone-portable-pour-voiture-grip\\\/#breadcrumb\",\"itemListElement\":[{\"@type\":\"ListItem\",\"position\":1,\"name\":\"Accueil\",\"item\":\"https:\\\/\\\/perle-in.com\\\/\"},{\"@type\":\"ListItem\",\"position\":2,\"name\":\"Boutique\",\"item\":\"https:\\\/\\\/perle-in.com\\\/boutique\\\/\"},{\"@type\":\"ListItem\",\"position\":3,\"name\":\"Support de t\u00e9l\u00e9phone portable pour voiture Grip\"}]},{\"@type\":\"WebSite\",\"@id\":\"https:\\\/\\\/perle-in.com\\\/#website\",\"url\":\"https:\\\/\\\/perle-in.com\\\/\",\"name\":\"PERLE IN\",\"description\":\"\",\"publisher\":{\"@id\":\"https:\\\/\\\/perle-in.com\\\/#organization\"},\"potentialAction\":[{\"@type\":\"SearchAction\",\"target\":{\"@type\":\"EntryPoint\",\"urlTemplate\":\"https:\\\/\\\/perle-in.com\\\/?s={search_term_string}\"},\"query-input\":{\"@type\":\"PropertyValueSpecification\",\"valueRequired\":true,\"valueName\":\"search_term_string\"}}],\"inLanguage\":\"en-CA\"},{\"@type\":\"Organization\",\"@id\":\"https:\\\/\\\/perle-in.com\\\/#organization\",\"name\":\"PERLE IN\",\"url\":\"https:\\\/\\\/perle-in.com\\\/\",\"logo\":{\"@type\":\"ImageObject\",\"inLanguage\":\"en-CA\",\"@id\":\"https:\\\/\\\/perle-in.com\\\/#\\\/schema\\\/logo\\\/image\\\/\",\"url\":\"https:\\\/\\\/perle-in.com\\\/wp-content\\\/uploads\\\/2022\\\/12\\\/LOGO-PERLE-IN-COULEUR@3x.webp\",\"contentUrl\":\"https:\\\/\\\/perle-in.com\\\/wp-content\\\/uploads\\\/2022\\\/12\\\/LOGO-PERLE-IN-COULEUR@3x.webp\",\"width\":1600,\"height\":490,\"caption\":\"PERLE IN\"},\"image\":{\"@id\":\"https:\\\/\\\/perle-in.com\\\/#\\\/schema\\\/logo\\\/image\\\/\"}}]}<\/script>\n<!-- \/ Yoast SEO plugin. -->","yoast_head_json":{"title":"Support de t\u00e9l\u00e9phone portable pour voiture Grip - PERLE IN","robots":{"index":"noindex","follow":"follow","max-snippet":"max-snippet:-1","max-image-preview":"max-image-preview:large","max-video-preview":"max-video-preview:-1"},"og_locale":"en_US","og_type":"article","og_title":"Support de t\u00e9l\u00e9phone portable pour voiture Grip - PERLE IN","og_description":"Support de t\u00e9l\u00e9phone qui s'ins\u00e8re dans la ventilation du tableau de bord d'une voiture et maintient un t\u00e9l\u00e9phone mobile dans une position pratique et s\u00fbre. Compatible avec tous les t\u00e9l\u00e9phones. Il permet une rotation de 360 degr\u00e9s avec une ouverture bilat\u00e9rale.","og_url":"https:\/\/perle-in.com\/en\/product\/support-de-telephone-portable-pour-voiture-grip\/","og_site_name":"PERLE IN","article_modified_time":"2025-10-13T20:32:09+00:00","og_image":[{"width":1600,"height":1600,"url":"https:\/\/perle-in.com\/wp-content\/uploads\/2025\/10\/13510000-1.jpg","type":"image\/jpeg"}],"twitter_card":"summary_large_image","schema":{"@context":"https:\/\/schema.org","@graph":[{"@type":"WebPage","@id":"https:\/\/perle-in.com\/en\/product\/support-de-telephone-portable-pour-voiture-grip\/","url":"https:\/\/perle-in.com\/en\/product\/support-de-telephone-portable-pour-voiture-grip\/","name":"Support de t\u00e9l\u00e9phone portable pour voiture Grip - PERLE IN","isPartOf":{"@id":"https:\/\/perle-in.com\/#website"},"primaryImageOfPage":{"@id":"https:\/\/perle-in.com\/en\/product\/support-de-telephone-portable-pour-voiture-grip\/#primaryimage"},"image":{"@id":"https:\/\/perle-in.com\/en\/product\/support-de-telephone-portable-pour-voiture-grip\/#primaryimage"},"thumbnailUrl":"https:\/\/perle-in.com\/wp-content\/uploads\/2025\/10\/13510000-1.jpg","datePublished":"2025-10-13T20:32:05+00:00","dateModified":"2025-10-13T20:32:09+00:00","breadcrumb":{"@id":"https:\/\/perle-in.com\/en\/product\/support-de-telephone-portable-pour-voiture-grip\/#breadcrumb"},"inLanguage":"en-CA","potentialAction":[{"@type":"ReadAction","target":["https:\/\/perle-in.com\/en\/product\/support-de-telephone-portable-pour-voiture-grip\/"]}]},{"@type":"ImageObject","inLanguage":"en-CA","@id":"https:\/\/perle-in.com\/en\/product\/support-de-telephone-portable-pour-voiture-grip\/#primaryimage","url":"https:\/\/perle-in.com\/wp-content\/uploads\/2025\/10\/13510000-1.jpg","contentUrl":"https:\/\/perle-in.com\/wp-content\/uploads\/2025\/10\/13510000-1.jpg","width":1600,"height":1600},{"@type":"BreadcrumbList","@id":"https:\/\/perle-in.com\/en\/product\/support-de-telephone-portable-pour-voiture-grip\/#breadcrumb","itemListElement":[{"@type":"ListItem","position":1,"name":"Accueil","item":"https:\/\/perle-in.com\/"},{"@type":"ListItem","position":2,"name":"Boutique","item":"https:\/\/perle-in.com\/boutique\/"},{"@type":"ListItem","position":3,"name":"Support de t\u00e9l\u00e9phone portable pour voiture Grip"}]},{"@type":"WebSite","@id":"https:\/\/perle-in.com\/#website","url":"https:\/\/perle-in.com\/","name":"PERLE IN","description":"","publisher":{"@id":"https:\/\/perle-in.com\/#organization"},"potentialAction":[{"@type":"SearchAction","target":{"@type":"EntryPoint","urlTemplate":"https:\/\/perle-in.com\/?s={search_term_string}"},"query-input":{"@type":"PropertyValueSpecification","valueRequired":true,"valueName":"search_term_string"}}],"inLanguage":"en-CA"},{"@type":"Organization","@id":"https:\/\/perle-in.com\/#organization","name":"PERLE IN","url":"https:\/\/perle-in.com\/","logo":{"@type":"ImageObject","inLanguage":"en-CA","@id":"https:\/\/perle-in.com\/#\/schema\/logo\/image\/","url":"https:\/\/perle-in.com\/wp-content\/uploads\/2022\/12\/LOGO-PERLE-IN-COULEUR@3x.webp","contentUrl":"https:\/\/perle-in.com\/wp-content\/uploads\/2022\/12\/LOGO-PERLE-IN-COULEUR@3x.webp","width":1600,"height":490,"caption":"PERLE IN"},"image":{"@id":"https:\/\/perle-in.com\/#\/schema\/logo\/image\/"}}]}},"jetpack_sharing_enabled":true,"_links":{"self":[{"href":"https:\/\/perle-in.com\/en\/wp-json\/wp\/v2\/product\/505850","targetHints":{"allow":["GET"]}}],"collection":[{"href":"https:\/\/perle-in.com\/en\/wp-json\/wp\/v2\/product"}],"about":[{"href":"https:\/\/perle-in.com\/en\/wp-json\/wp\/v2\/types\/product"}],"version-history":[{"count":0,"href":"https:\/\/perle-in.com\/en\/wp-json\/wp\/v2\/product\/505850\/revisions"}],"wp:featuredmedia":[{"embeddable":true,"href":"https:\/\/perle-in.com\/en\/wp-json\/wp\/v2\/media\/505842"}],"wp:attachment":[{"href":"https:\/\/perle-in.com\/en\/wp-json\/wp\/v2\/media?parent=505850"}],"wp:term":[{"taxonomy":"product_brand","embeddable":true,"href":"https:\/\/perle-in.com\/en\/wp-json\/wp\/v2\/product_brand?post=505850"},{"taxonomy":"product_cat","embeddable":true,"href":"https:\/\/perle-in.com\/en\/wp-json\/wp\/v2\/product_cat?post=505850"},{"taxonomy":"product_tag","embeddable":true,"href":"https:\/\/perle-in.com\/en\/wp-json\/wp\/v2\/product_tag?post=505850"}],"curies":[{"name":"wp","href":"https:\/\/api.w.org\/{rel}","templated":true}]}}