{"id":505814,"date":"2025-10-13T22:28:28","date_gmt":"2025-10-13T20:28:28","guid":{"rendered":"https:\/\/perle-in.com\/produit\/cable-de-chargement-3-en-1-avec-porte-cles-metal\/"},"modified":"2025-10-13T22:28:37","modified_gmt":"2025-10-13T20:28:37","slug":"cable-de-chargement-3-en-1-avec-porte-cles-metal","status":"publish","type":"product","link":"https:\/\/perle-in.com\/en\/product\/cable-de-chargement-3-en-1-avec-porte-cles-metal\/","title":{"rendered":"C\u00e2ble de chargement 3-en-1 avec porte-cl\u00e9s Metal"},"content":{"rendered":"","protected":false},"excerpt":{"rendered":"<p>C\u00e2ble de chargement 3-en-1 en m\u00e9tal avec porte-cl\u00e9s. C\u00e2ble de chargement 3-en-1 en m\u00e9tal avec porte-cl\u00e9s disposant d&#8217;un embout de type C, d&#8217;un embout USB de type A et d&#8217;un embout double 2-en-1 pour appareils Apple iOS et Android. Est livr\u00e9 avec un porte-cl\u00e9s. Pour charger des appareils Apple, branchez le c\u00e2ble avec le c\u00f4t\u00e9 qui n\u2019a aucune broche dans l\u2019appareil et pour recharger les appareils Android branchez le c\u00e2ble avec le c\u00f4t\u00e9 qui poss\u00e8de des broches dans l\u2019appareil.<\/p>","protected":false},"featured_media":505805,"template":"","meta":{"_eb_attr":""},"product_brand":[],"product_cat":[1206,667],"product_tag":[1983,2023,1984,2024,1439,1442,883,1977,1189,1440,671,670],"class_list":{"0":"post-505814","1":"product","2":"type-product","3":"status-publish","4":"has-post-thumbnail","6":"product_cat-cables","7":"product_cat-technologie","8":"product_tag-cable","9":"product_tag-cable-mfi","10":"product_tag-cables","11":"product_tag-cables-mfi","12":"product_tag-ipad","13":"product_tag-iphone","14":"product_tag-portable","15":"product_tag-portables","16":"product_tag-tablette","17":"product_tag-tablettes","18":"product_tag-telephone","19":"product_tag-telephones","20":"pa_couleurs-argent","21":"pa_couleurs-bleu-royal","22":"pa_couleurs-noir","23":"pa_couleurs-rouge","25":"first","26":"instock","27":"shipping-taxable","28":"purchasable","29":"product-type-variable"},"yoast_head":"<!-- This site is optimized with the Yoast SEO plugin v27.4 - https:\/\/yoast.com\/product\/yoast-seo-wordpress\/ -->\n<title>C\u00e2ble de chargement 3-en-1 avec porte-cl\u00e9s Metal - PERLE IN<\/title>\n<meta name=\"robots\" content=\"noindex, follow, max-snippet:-1, max-image-preview:large, max-video-preview:-1\" \/>\n<meta property=\"og:locale\" content=\"en_US\" \/>\n<meta property=\"og:type\" content=\"article\" \/>\n<meta property=\"og:title\" content=\"C\u00e2ble de chargement 3-en-1 avec porte-cl\u00e9s Metal - PERLE IN\" \/>\n<meta property=\"og:description\" content=\"C\u00e2ble de chargement 3-en-1 en m\u00e9tal avec porte-cl\u00e9s. C\u00e2ble de chargement 3-en-1 en m\u00e9tal avec porte-cl\u00e9s disposant d&#039;un embout de type C, d&#039;un embout USB de type A et d&#039;un embout double 2-en-1 pour appareils Apple iOS et Android. Est livr\u00e9 avec un porte-cl\u00e9s. Pour charger des appareils Apple, branchez le c\u00e2ble avec le c\u00f4t\u00e9 qui n\u2019a aucune broche dans l\u2019appareil et pour recharger les appareils Android branchez le c\u00e2ble avec le c\u00f4t\u00e9 qui poss\u00e8de des broches dans l\u2019appareil.\" \/>\n<meta property=\"og:url\" content=\"https:\/\/perle-in.com\/en\/product\/cable-de-chargement-3-en-1-avec-porte-cles-metal\/\" \/>\n<meta property=\"og:site_name\" content=\"PERLE IN\" \/>\n<meta property=\"article:modified_time\" content=\"2025-10-13T20:28:37+00:00\" \/>\n<meta property=\"og:image\" content=\"https:\/\/perle-in.com\/wp-content\/uploads\/2025\/10\/13496100-1.jpg\" \/>\n\t<meta property=\"og:image:width\" content=\"1600\" \/>\n\t<meta property=\"og:image:height\" content=\"1600\" \/>\n\t<meta property=\"og:image:type\" content=\"image\/jpeg\" \/>\n<meta name=\"twitter:card\" content=\"summary_large_image\" \/>\n<script type=\"application\/ld+json\" class=\"yoast-schema-graph\">{\"@context\":\"https:\\\/\\\/schema.org\",\"@graph\":[{\"@type\":\"WebPage\",\"@id\":\"https:\\\/\\\/perle-in.com\\\/produit\\\/cable-de-chargement-3-en-1-avec-porte-cles-metal\\\/\",\"url\":\"https:\\\/\\\/perle-in.com\\\/produit\\\/cable-de-chargement-3-en-1-avec-porte-cles-metal\\\/\",\"name\":\"C\u00e2ble de chargement 3-en-1 avec porte-cl\u00e9s Metal - PERLE IN\",\"isPartOf\":{\"@id\":\"https:\\\/\\\/perle-in.com\\\/#website\"},\"primaryImageOfPage\":{\"@id\":\"https:\\\/\\\/perle-in.com\\\/produit\\\/cable-de-chargement-3-en-1-avec-porte-cles-metal\\\/#primaryimage\"},\"image\":{\"@id\":\"https:\\\/\\\/perle-in.com\\\/produit\\\/cable-de-chargement-3-en-1-avec-porte-cles-metal\\\/#primaryimage\"},\"thumbnailUrl\":\"https:\\\/\\\/perle-in.com\\\/wp-content\\\/uploads\\\/2025\\\/10\\\/13496100-1.jpg\",\"datePublished\":\"2025-10-13T20:28:28+00:00\",\"dateModified\":\"2025-10-13T20:28:37+00:00\",\"breadcrumb\":{\"@id\":\"https:\\\/\\\/perle-in.com\\\/produit\\\/cable-de-chargement-3-en-1-avec-porte-cles-metal\\\/#breadcrumb\"},\"inLanguage\":\"en-CA\",\"potentialAction\":[{\"@type\":\"ReadAction\",\"target\":[\"https:\\\/\\\/perle-in.com\\\/produit\\\/cable-de-chargement-3-en-1-avec-porte-cles-metal\\\/\"]}]},{\"@type\":\"ImageObject\",\"inLanguage\":\"en-CA\",\"@id\":\"https:\\\/\\\/perle-in.com\\\/produit\\\/cable-de-chargement-3-en-1-avec-porte-cles-metal\\\/#primaryimage\",\"url\":\"https:\\\/\\\/perle-in.com\\\/wp-content\\\/uploads\\\/2025\\\/10\\\/13496100-1.jpg\",\"contentUrl\":\"https:\\\/\\\/perle-in.com\\\/wp-content\\\/uploads\\\/2025\\\/10\\\/13496100-1.jpg\",\"width\":1600,\"height\":1600},{\"@type\":\"BreadcrumbList\",\"@id\":\"https:\\\/\\\/perle-in.com\\\/produit\\\/cable-de-chargement-3-en-1-avec-porte-cles-metal\\\/#breadcrumb\",\"itemListElement\":[{\"@type\":\"ListItem\",\"position\":1,\"name\":\"Accueil\",\"item\":\"https:\\\/\\\/perle-in.com\\\/\"},{\"@type\":\"ListItem\",\"position\":2,\"name\":\"Boutique\",\"item\":\"https:\\\/\\\/perle-in.com\\\/boutique\\\/\"},{\"@type\":\"ListItem\",\"position\":3,\"name\":\"C\u00e2ble de chargement 3-en-1 avec porte-cl\u00e9s Metal\"}]},{\"@type\":\"WebSite\",\"@id\":\"https:\\\/\\\/perle-in.com\\\/#website\",\"url\":\"https:\\\/\\\/perle-in.com\\\/\",\"name\":\"PERLE IN\",\"description\":\"\",\"publisher\":{\"@id\":\"https:\\\/\\\/perle-in.com\\\/#organization\"},\"potentialAction\":[{\"@type\":\"SearchAction\",\"target\":{\"@type\":\"EntryPoint\",\"urlTemplate\":\"https:\\\/\\\/perle-in.com\\\/?s={search_term_string}\"},\"query-input\":{\"@type\":\"PropertyValueSpecification\",\"valueRequired\":true,\"valueName\":\"search_term_string\"}}],\"inLanguage\":\"en-CA\"},{\"@type\":\"Organization\",\"@id\":\"https:\\\/\\\/perle-in.com\\\/#organization\",\"name\":\"PERLE IN\",\"url\":\"https:\\\/\\\/perle-in.com\\\/\",\"logo\":{\"@type\":\"ImageObject\",\"inLanguage\":\"en-CA\",\"@id\":\"https:\\\/\\\/perle-in.com\\\/#\\\/schema\\\/logo\\\/image\\\/\",\"url\":\"https:\\\/\\\/perle-in.com\\\/wp-content\\\/uploads\\\/2022\\\/12\\\/LOGO-PERLE-IN-COULEUR@3x.webp\",\"contentUrl\":\"https:\\\/\\\/perle-in.com\\\/wp-content\\\/uploads\\\/2022\\\/12\\\/LOGO-PERLE-IN-COULEUR@3x.webp\",\"width\":1600,\"height\":490,\"caption\":\"PERLE IN\"},\"image\":{\"@id\":\"https:\\\/\\\/perle-in.com\\\/#\\\/schema\\\/logo\\\/image\\\/\"}}]}<\/script>\n<!-- \/ Yoast SEO plugin. -->","yoast_head_json":{"title":"C\u00e2ble de chargement 3-en-1 avec porte-cl\u00e9s Metal - PERLE IN","robots":{"index":"noindex","follow":"follow","max-snippet":"max-snippet:-1","max-image-preview":"max-image-preview:large","max-video-preview":"max-video-preview:-1"},"og_locale":"en_US","og_type":"article","og_title":"C\u00e2ble de chargement 3-en-1 avec porte-cl\u00e9s Metal - PERLE IN","og_description":"C\u00e2ble de chargement 3-en-1 en m\u00e9tal avec porte-cl\u00e9s. C\u00e2ble de chargement 3-en-1 en m\u00e9tal avec porte-cl\u00e9s disposant d'un embout de type C, d'un embout USB de type A et d'un embout double 2-en-1 pour appareils Apple iOS et Android. Est livr\u00e9 avec un porte-cl\u00e9s. Pour charger des appareils Apple, branchez le c\u00e2ble avec le c\u00f4t\u00e9 qui n\u2019a aucune broche dans l\u2019appareil et pour recharger les appareils Android branchez le c\u00e2ble avec le c\u00f4t\u00e9 qui poss\u00e8de des broches dans l\u2019appareil.","og_url":"https:\/\/perle-in.com\/en\/product\/cable-de-chargement-3-en-1-avec-porte-cles-metal\/","og_site_name":"PERLE IN","article_modified_time":"2025-10-13T20:28:37+00:00","og_image":[{"width":1600,"height":1600,"url":"https:\/\/perle-in.com\/wp-content\/uploads\/2025\/10\/13496100-1.jpg","type":"image\/jpeg"}],"twitter_card":"summary_large_image","schema":{"@context":"https:\/\/schema.org","@graph":[{"@type":"WebPage","@id":"https:\/\/perle-in.com\/produit\/cable-de-chargement-3-en-1-avec-porte-cles-metal\/","url":"https:\/\/perle-in.com\/produit\/cable-de-chargement-3-en-1-avec-porte-cles-metal\/","name":"C\u00e2ble de chargement 3-en-1 avec porte-cl\u00e9s Metal - PERLE IN","isPartOf":{"@id":"https:\/\/perle-in.com\/#website"},"primaryImageOfPage":{"@id":"https:\/\/perle-in.com\/produit\/cable-de-chargement-3-en-1-avec-porte-cles-metal\/#primaryimage"},"image":{"@id":"https:\/\/perle-in.com\/produit\/cable-de-chargement-3-en-1-avec-porte-cles-metal\/#primaryimage"},"thumbnailUrl":"https:\/\/perle-in.com\/wp-content\/uploads\/2025\/10\/13496100-1.jpg","datePublished":"2025-10-13T20:28:28+00:00","dateModified":"2025-10-13T20:28:37+00:00","breadcrumb":{"@id":"https:\/\/perle-in.com\/produit\/cable-de-chargement-3-en-1-avec-porte-cles-metal\/#breadcrumb"},"inLanguage":"en-CA","potentialAction":[{"@type":"ReadAction","target":["https:\/\/perle-in.com\/produit\/cable-de-chargement-3-en-1-avec-porte-cles-metal\/"]}]},{"@type":"ImageObject","inLanguage":"en-CA","@id":"https:\/\/perle-in.com\/produit\/cable-de-chargement-3-en-1-avec-porte-cles-metal\/#primaryimage","url":"https:\/\/perle-in.com\/wp-content\/uploads\/2025\/10\/13496100-1.jpg","contentUrl":"https:\/\/perle-in.com\/wp-content\/uploads\/2025\/10\/13496100-1.jpg","width":1600,"height":1600},{"@type":"BreadcrumbList","@id":"https:\/\/perle-in.com\/produit\/cable-de-chargement-3-en-1-avec-porte-cles-metal\/#breadcrumb","itemListElement":[{"@type":"ListItem","position":1,"name":"Accueil","item":"https:\/\/perle-in.com\/"},{"@type":"ListItem","position":2,"name":"Boutique","item":"https:\/\/perle-in.com\/boutique\/"},{"@type":"ListItem","position":3,"name":"C\u00e2ble de chargement 3-en-1 avec porte-cl\u00e9s Metal"}]},{"@type":"WebSite","@id":"https:\/\/perle-in.com\/#website","url":"https:\/\/perle-in.com\/","name":"PERLE IN","description":"","publisher":{"@id":"https:\/\/perle-in.com\/#organization"},"potentialAction":[{"@type":"SearchAction","target":{"@type":"EntryPoint","urlTemplate":"https:\/\/perle-in.com\/?s={search_term_string}"},"query-input":{"@type":"PropertyValueSpecification","valueRequired":true,"valueName":"search_term_string"}}],"inLanguage":"en-CA"},{"@type":"Organization","@id":"https:\/\/perle-in.com\/#organization","name":"PERLE IN","url":"https:\/\/perle-in.com\/","logo":{"@type":"ImageObject","inLanguage":"en-CA","@id":"https:\/\/perle-in.com\/#\/schema\/logo\/image\/","url":"https:\/\/perle-in.com\/wp-content\/uploads\/2022\/12\/LOGO-PERLE-IN-COULEUR@3x.webp","contentUrl":"https:\/\/perle-in.com\/wp-content\/uploads\/2022\/12\/LOGO-PERLE-IN-COULEUR@3x.webp","width":1600,"height":490,"caption":"PERLE IN"},"image":{"@id":"https:\/\/perle-in.com\/#\/schema\/logo\/image\/"}}]}},"jetpack_sharing_enabled":true,"_links":{"self":[{"href":"https:\/\/perle-in.com\/en\/wp-json\/wp\/v2\/product\/505814","targetHints":{"allow":["GET"]}}],"collection":[{"href":"https:\/\/perle-in.com\/en\/wp-json\/wp\/v2\/product"}],"about":[{"href":"https:\/\/perle-in.com\/en\/wp-json\/wp\/v2\/types\/product"}],"version-history":[{"count":0,"href":"https:\/\/perle-in.com\/en\/wp-json\/wp\/v2\/product\/505814\/revisions"}],"wp:featuredmedia":[{"embeddable":true,"href":"https:\/\/perle-in.com\/en\/wp-json\/wp\/v2\/media\/505805"}],"wp:attachment":[{"href":"https:\/\/perle-in.com\/en\/wp-json\/wp\/v2\/media?parent=505814"}],"wp:term":[{"taxonomy":"product_brand","embeddable":true,"href":"https:\/\/perle-in.com\/en\/wp-json\/wp\/v2\/product_brand?post=505814"},{"taxonomy":"product_cat","embeddable":true,"href":"https:\/\/perle-in.com\/en\/wp-json\/wp\/v2\/product_cat?post=505814"},{"taxonomy":"product_tag","embeddable":true,"href":"https:\/\/perle-in.com\/en\/wp-json\/wp\/v2\/product_tag?post=505814"}],"curies":[{"name":"wp","href":"https:\/\/api.w.org\/{rel}","templated":true}]}}