{"id":505770,"date":"2025-10-13T22:24:56","date_gmt":"2025-10-13T20:24:56","guid":{"rendered":"https:\/\/perle-in.com\/produit\/batterie-de-secours-en-aluminium-4000-mah-pep\/"},"modified":"2025-10-13T22:25:03","modified_gmt":"2025-10-13T20:25:03","slug":"batterie-de-secours-en-aluminium-4000-mah-pep","status":"publish","type":"product","link":"https:\/\/perle-in.com\/en\/product\/batterie-de-secours-en-aluminium-4000-mah-pep\/","title":{"rendered":"Batterie de secours en aluminium 4000 mAh Pep"},"content":{"rendered":"","protected":false},"excerpt":{"rendered":"<p>Cette batterie de secours l\u00e9g\u00e8re en aluminium contient une batterie lithium polym\u00e8re de qualit\u00e9 sup\u00e9rieure et b\u00e9n\u00e9ficie d\u2019une capacit\u00e9 de 4000\u00a0mAh. Les voyants LED s&#8217;allument pendant la charge et ils affichent le niveau de charge de la batterie dans la batterie de secours. L\u2019entr\u00e9e de la batterie de secours est de 5\u00a0V\/1\u00a0A et la sortie de 5\u00a0V\/1\u00a0A. Fournie avec le c\u00e2ble de recharge Type-C vers USB-A. Livr\u00e9e dans un coffret blanc.<\/p>","protected":false},"featured_media":505756,"template":"","meta":{"_eb_attr":""},"product_brand":[],"product_cat":[811,667],"product_tag":[2019,1146,944,813,812,938,815,1967],"class_list":{"0":"post-505770","1":"product","2":"type-product","3":"status-publish","4":"has-post-thumbnail","6":"product_cat-batteries-externes","7":"product_cat-technologie","8":"product_tag-2019","9":"product_tag-alimentation","10":"product_tag-banque","11":"product_tag-batterie","12":"product_tag-batterie-de-secours","13":"product_tag-batteries-de-secours","14":"product_tag-chargeur","15":"product_tag-chargeurs","16":"pa_couleurs-argent","17":"pa_couleurs-bleu-clair","18":"pa_couleurs-bleu-royal","19":"pa_couleurs-noir","20":"pa_couleurs-rouge","21":"pa_couleurs-titane","23":"first","24":"instock","25":"shipping-taxable","26":"purchasable","27":"product-type-variable"},"yoast_head":"<!-- This site is optimized with the Yoast SEO plugin v27.4 - https:\/\/yoast.com\/product\/yoast-seo-wordpress\/ -->\n<title>Batterie de secours en aluminium 4000 mAh Pep - PERLE IN<\/title>\n<meta name=\"robots\" content=\"noindex, follow, max-snippet:-1, max-image-preview:large, max-video-preview:-1\" \/>\n<meta property=\"og:locale\" content=\"en_US\" \/>\n<meta property=\"og:type\" content=\"article\" \/>\n<meta property=\"og:title\" content=\"Batterie de secours en aluminium 4000 mAh Pep - PERLE IN\" \/>\n<meta property=\"og:description\" content=\"Cette batterie de secours l\u00e9g\u00e8re en aluminium contient une batterie lithium polym\u00e8re de qualit\u00e9 sup\u00e9rieure et b\u00e9n\u00e9ficie d\u2019une capacit\u00e9 de 4000\u00a0mAh. Les voyants LED s&#039;allument pendant la charge et ils affichent le niveau de charge de la batterie dans la batterie de secours. L\u2019entr\u00e9e de la batterie de secours est de 5\u00a0V\/1\u00a0A et la sortie de 5\u00a0V\/1\u00a0A. Fournie avec le c\u00e2ble de recharge Type-C vers USB-A. Livr\u00e9e dans un coffret blanc.\" \/>\n<meta property=\"og:url\" content=\"https:\/\/perle-in.com\/en\/product\/batterie-de-secours-en-aluminium-4000-mah-pep\/\" \/>\n<meta property=\"og:site_name\" content=\"PERLE IN\" \/>\n<meta property=\"article:modified_time\" content=\"2025-10-13T20:25:03+00:00\" \/>\n<meta property=\"og:image\" content=\"https:\/\/perle-in.com\/wp-content\/uploads\/2025\/10\/13424500-1.jpg\" \/>\n\t<meta property=\"og:image:width\" content=\"1600\" \/>\n\t<meta property=\"og:image:height\" content=\"1600\" \/>\n\t<meta property=\"og:image:type\" content=\"image\/jpeg\" \/>\n<meta name=\"twitter:card\" content=\"summary_large_image\" \/>\n<script type=\"application\/ld+json\" class=\"yoast-schema-graph\">{\"@context\":\"https:\\\/\\\/schema.org\",\"@graph\":[{\"@type\":\"WebPage\",\"@id\":\"https:\\\/\\\/perle-in.com\\\/produit\\\/batterie-de-secours-en-aluminium-4000-mah-pep\\\/\",\"url\":\"https:\\\/\\\/perle-in.com\\\/produit\\\/batterie-de-secours-en-aluminium-4000-mah-pep\\\/\",\"name\":\"Batterie de secours en aluminium 4000 mAh Pep - PERLE IN\",\"isPartOf\":{\"@id\":\"https:\\\/\\\/perle-in.com\\\/#website\"},\"primaryImageOfPage\":{\"@id\":\"https:\\\/\\\/perle-in.com\\\/produit\\\/batterie-de-secours-en-aluminium-4000-mah-pep\\\/#primaryimage\"},\"image\":{\"@id\":\"https:\\\/\\\/perle-in.com\\\/produit\\\/batterie-de-secours-en-aluminium-4000-mah-pep\\\/#primaryimage\"},\"thumbnailUrl\":\"https:\\\/\\\/perle-in.com\\\/wp-content\\\/uploads\\\/2025\\\/10\\\/13424500-1.jpg\",\"datePublished\":\"2025-10-13T20:24:56+00:00\",\"dateModified\":\"2025-10-13T20:25:03+00:00\",\"breadcrumb\":{\"@id\":\"https:\\\/\\\/perle-in.com\\\/produit\\\/batterie-de-secours-en-aluminium-4000-mah-pep\\\/#breadcrumb\"},\"inLanguage\":\"en-CA\",\"potentialAction\":[{\"@type\":\"ReadAction\",\"target\":[\"https:\\\/\\\/perle-in.com\\\/produit\\\/batterie-de-secours-en-aluminium-4000-mah-pep\\\/\"]}]},{\"@type\":\"ImageObject\",\"inLanguage\":\"en-CA\",\"@id\":\"https:\\\/\\\/perle-in.com\\\/produit\\\/batterie-de-secours-en-aluminium-4000-mah-pep\\\/#primaryimage\",\"url\":\"https:\\\/\\\/perle-in.com\\\/wp-content\\\/uploads\\\/2025\\\/10\\\/13424500-1.jpg\",\"contentUrl\":\"https:\\\/\\\/perle-in.com\\\/wp-content\\\/uploads\\\/2025\\\/10\\\/13424500-1.jpg\",\"width\":1600,\"height\":1600},{\"@type\":\"BreadcrumbList\",\"@id\":\"https:\\\/\\\/perle-in.com\\\/produit\\\/batterie-de-secours-en-aluminium-4000-mah-pep\\\/#breadcrumb\",\"itemListElement\":[{\"@type\":\"ListItem\",\"position\":1,\"name\":\"Accueil\",\"item\":\"https:\\\/\\\/perle-in.com\\\/\"},{\"@type\":\"ListItem\",\"position\":2,\"name\":\"Boutique\",\"item\":\"https:\\\/\\\/perle-in.com\\\/boutique\\\/\"},{\"@type\":\"ListItem\",\"position\":3,\"name\":\"Batterie de secours en aluminium 4000 mAh Pep\"}]},{\"@type\":\"WebSite\",\"@id\":\"https:\\\/\\\/perle-in.com\\\/#website\",\"url\":\"https:\\\/\\\/perle-in.com\\\/\",\"name\":\"PERLE IN\",\"description\":\"\",\"publisher\":{\"@id\":\"https:\\\/\\\/perle-in.com\\\/#organization\"},\"potentialAction\":[{\"@type\":\"SearchAction\",\"target\":{\"@type\":\"EntryPoint\",\"urlTemplate\":\"https:\\\/\\\/perle-in.com\\\/?s={search_term_string}\"},\"query-input\":{\"@type\":\"PropertyValueSpecification\",\"valueRequired\":true,\"valueName\":\"search_term_string\"}}],\"inLanguage\":\"en-CA\"},{\"@type\":\"Organization\",\"@id\":\"https:\\\/\\\/perle-in.com\\\/#organization\",\"name\":\"PERLE IN\",\"url\":\"https:\\\/\\\/perle-in.com\\\/\",\"logo\":{\"@type\":\"ImageObject\",\"inLanguage\":\"en-CA\",\"@id\":\"https:\\\/\\\/perle-in.com\\\/#\\\/schema\\\/logo\\\/image\\\/\",\"url\":\"https:\\\/\\\/perle-in.com\\\/wp-content\\\/uploads\\\/2022\\\/12\\\/LOGO-PERLE-IN-COULEUR@3x.webp\",\"contentUrl\":\"https:\\\/\\\/perle-in.com\\\/wp-content\\\/uploads\\\/2022\\\/12\\\/LOGO-PERLE-IN-COULEUR@3x.webp\",\"width\":1600,\"height\":490,\"caption\":\"PERLE IN\"},\"image\":{\"@id\":\"https:\\\/\\\/perle-in.com\\\/#\\\/schema\\\/logo\\\/image\\\/\"}}]}<\/script>\n<!-- \/ Yoast SEO plugin. -->","yoast_head_json":{"title":"Batterie de secours en aluminium 4000 mAh Pep - PERLE IN","robots":{"index":"noindex","follow":"follow","max-snippet":"max-snippet:-1","max-image-preview":"max-image-preview:large","max-video-preview":"max-video-preview:-1"},"og_locale":"en_US","og_type":"article","og_title":"Batterie de secours en aluminium 4000 mAh Pep - PERLE IN","og_description":"Cette batterie de secours l\u00e9g\u00e8re en aluminium contient une batterie lithium polym\u00e8re de qualit\u00e9 sup\u00e9rieure et b\u00e9n\u00e9ficie d\u2019une capacit\u00e9 de 4000\u00a0mAh. Les voyants LED s'allument pendant la charge et ils affichent le niveau de charge de la batterie dans la batterie de secours. L\u2019entr\u00e9e de la batterie de secours est de 5\u00a0V\/1\u00a0A et la sortie de 5\u00a0V\/1\u00a0A. Fournie avec le c\u00e2ble de recharge Type-C vers USB-A. Livr\u00e9e dans un coffret blanc.","og_url":"https:\/\/perle-in.com\/en\/product\/batterie-de-secours-en-aluminium-4000-mah-pep\/","og_site_name":"PERLE IN","article_modified_time":"2025-10-13T20:25:03+00:00","og_image":[{"width":1600,"height":1600,"url":"https:\/\/perle-in.com\/wp-content\/uploads\/2025\/10\/13424500-1.jpg","type":"image\/jpeg"}],"twitter_card":"summary_large_image","schema":{"@context":"https:\/\/schema.org","@graph":[{"@type":"WebPage","@id":"https:\/\/perle-in.com\/produit\/batterie-de-secours-en-aluminium-4000-mah-pep\/","url":"https:\/\/perle-in.com\/produit\/batterie-de-secours-en-aluminium-4000-mah-pep\/","name":"Batterie de secours en aluminium 4000 mAh Pep - PERLE IN","isPartOf":{"@id":"https:\/\/perle-in.com\/#website"},"primaryImageOfPage":{"@id":"https:\/\/perle-in.com\/produit\/batterie-de-secours-en-aluminium-4000-mah-pep\/#primaryimage"},"image":{"@id":"https:\/\/perle-in.com\/produit\/batterie-de-secours-en-aluminium-4000-mah-pep\/#primaryimage"},"thumbnailUrl":"https:\/\/perle-in.com\/wp-content\/uploads\/2025\/10\/13424500-1.jpg","datePublished":"2025-10-13T20:24:56+00:00","dateModified":"2025-10-13T20:25:03+00:00","breadcrumb":{"@id":"https:\/\/perle-in.com\/produit\/batterie-de-secours-en-aluminium-4000-mah-pep\/#breadcrumb"},"inLanguage":"en-CA","potentialAction":[{"@type":"ReadAction","target":["https:\/\/perle-in.com\/produit\/batterie-de-secours-en-aluminium-4000-mah-pep\/"]}]},{"@type":"ImageObject","inLanguage":"en-CA","@id":"https:\/\/perle-in.com\/produit\/batterie-de-secours-en-aluminium-4000-mah-pep\/#primaryimage","url":"https:\/\/perle-in.com\/wp-content\/uploads\/2025\/10\/13424500-1.jpg","contentUrl":"https:\/\/perle-in.com\/wp-content\/uploads\/2025\/10\/13424500-1.jpg","width":1600,"height":1600},{"@type":"BreadcrumbList","@id":"https:\/\/perle-in.com\/produit\/batterie-de-secours-en-aluminium-4000-mah-pep\/#breadcrumb","itemListElement":[{"@type":"ListItem","position":1,"name":"Accueil","item":"https:\/\/perle-in.com\/"},{"@type":"ListItem","position":2,"name":"Boutique","item":"https:\/\/perle-in.com\/boutique\/"},{"@type":"ListItem","position":3,"name":"Batterie de secours en aluminium 4000 mAh Pep"}]},{"@type":"WebSite","@id":"https:\/\/perle-in.com\/#website","url":"https:\/\/perle-in.com\/","name":"PERLE IN","description":"","publisher":{"@id":"https:\/\/perle-in.com\/#organization"},"potentialAction":[{"@type":"SearchAction","target":{"@type":"EntryPoint","urlTemplate":"https:\/\/perle-in.com\/?s={search_term_string}"},"query-input":{"@type":"PropertyValueSpecification","valueRequired":true,"valueName":"search_term_string"}}],"inLanguage":"en-CA"},{"@type":"Organization","@id":"https:\/\/perle-in.com\/#organization","name":"PERLE IN","url":"https:\/\/perle-in.com\/","logo":{"@type":"ImageObject","inLanguage":"en-CA","@id":"https:\/\/perle-in.com\/#\/schema\/logo\/image\/","url":"https:\/\/perle-in.com\/wp-content\/uploads\/2022\/12\/LOGO-PERLE-IN-COULEUR@3x.webp","contentUrl":"https:\/\/perle-in.com\/wp-content\/uploads\/2022\/12\/LOGO-PERLE-IN-COULEUR@3x.webp","width":1600,"height":490,"caption":"PERLE IN"},"image":{"@id":"https:\/\/perle-in.com\/#\/schema\/logo\/image\/"}}]}},"jetpack_sharing_enabled":true,"_links":{"self":[{"href":"https:\/\/perle-in.com\/en\/wp-json\/wp\/v2\/product\/505770","targetHints":{"allow":["GET"]}}],"collection":[{"href":"https:\/\/perle-in.com\/en\/wp-json\/wp\/v2\/product"}],"about":[{"href":"https:\/\/perle-in.com\/en\/wp-json\/wp\/v2\/types\/product"}],"version-history":[{"count":0,"href":"https:\/\/perle-in.com\/en\/wp-json\/wp\/v2\/product\/505770\/revisions"}],"wp:featuredmedia":[{"embeddable":true,"href":"https:\/\/perle-in.com\/en\/wp-json\/wp\/v2\/media\/505756"}],"wp:attachment":[{"href":"https:\/\/perle-in.com\/en\/wp-json\/wp\/v2\/media?parent=505770"}],"wp:term":[{"taxonomy":"product_brand","embeddable":true,"href":"https:\/\/perle-in.com\/en\/wp-json\/wp\/v2\/product_brand?post=505770"},{"taxonomy":"product_cat","embeddable":true,"href":"https:\/\/perle-in.com\/en\/wp-json\/wp\/v2\/product_cat?post=505770"},{"taxonomy":"product_tag","embeddable":true,"href":"https:\/\/perle-in.com\/en\/wp-json\/wp\/v2\/product_tag?post=505770"}],"curies":[{"name":"wp","href":"https:\/\/api.w.org\/{rel}","templated":true}]}}