{"id":505721,"date":"2025-10-13T22:22:44","date_gmt":"2025-10-13T20:22:44","guid":{"rendered":"https:\/\/perle-in.com\/produit\/torche-magnetique-28-led-lutz\/"},"modified":"2025-10-13T22:22:46","modified_gmt":"2025-10-13T20:22:46","slug":"torche-magnetique-28-led-lutz","status":"publish","type":"product","link":"https:\/\/perle-in.com\/en\/product\/torche-magnetique-28-led-lutz\/","title":{"rendered":"Torche magn\u00e9tique 28 LED Lutz"},"content":{"rendered":"","protected":false},"excerpt":{"rendered":"<p>Torche magn\u00e9tique \u00e9lanc\u00e9e qui dispose de trois modes. Le premier mode est une lampe de poche \u00e0 4 LED 4, le deuxi\u00e8me mode est une lumi\u00e8re \u00e0 24 LED, et le troisi\u00e8me mode regroupe les deux premiers. Dos magn\u00e9tique pour un rangement facile ou pour un positionnement sur des surfaces m\u00e9talliques lors de l&#8217;utilisation. Bouton-poussoir. Avec dragonne. Pr\u00e9sentation dans un coffret cadeau STAC. Piles fournies et ins\u00e9r\u00e9es. Design Exclusif.<\/p>","protected":false},"featured_media":505715,"template":"","meta":{"_eb_attr":""},"product_brand":[],"product_cat":[532,438],"product_tag":[537,1407,538,1408,536,545],"class_list":{"0":"post-505721","1":"product","2":"type-product","3":"status-publish","4":"has-post-thumbnail","6":"product_cat-lampes","7":"product_cat-outils-et-accessoires-pour-la-voiture","8":"product_tag-lampe-torche","9":"product_tag-lampe-torche-de-securite","10":"product_tag-lampes-torches","11":"product_tag-lampes-torches-de-securite","12":"product_tag-torche","13":"product_tag-torches","14":"pa_couleurs-noir","16":"first","17":"outofstock","18":"shipping-taxable","19":"purchasable","20":"product-type-variable"},"yoast_head":"<!-- This site is optimized with the Yoast SEO plugin v27.4 - https:\/\/yoast.com\/product\/yoast-seo-wordpress\/ -->\n<title>Torche magn\u00e9tique 28 LED Lutz - PERLE IN<\/title>\n<meta name=\"robots\" content=\"noindex, follow, max-snippet:-1, max-image-preview:large, max-video-preview:-1\" \/>\n<meta property=\"og:locale\" content=\"en_US\" \/>\n<meta property=\"og:type\" content=\"article\" \/>\n<meta property=\"og:title\" content=\"Torche magn\u00e9tique 28 LED Lutz - PERLE IN\" \/>\n<meta property=\"og:description\" content=\"Torche magn\u00e9tique \u00e9lanc\u00e9e qui dispose de trois modes. Le premier mode est une lampe de poche \u00e0 4 LED 4, le deuxi\u00e8me mode est une lumi\u00e8re \u00e0 24 LED, et le troisi\u00e8me mode regroupe les deux premiers. Dos magn\u00e9tique pour un rangement facile ou pour un positionnement sur des surfaces m\u00e9talliques lors de l&#039;utilisation. Bouton-poussoir. Avec dragonne. Pr\u00e9sentation dans un coffret cadeau STAC. Piles fournies et ins\u00e9r\u00e9es. Design Exclusif.\" \/>\n<meta property=\"og:url\" content=\"https:\/\/perle-in.com\/en\/product\/torche-magnetique-28-led-lutz\/\" \/>\n<meta property=\"og:site_name\" content=\"PERLE IN\" \/>\n<meta property=\"article:modified_time\" content=\"2025-10-13T20:22:46+00:00\" \/>\n<meta property=\"og:image\" content=\"https:\/\/perle-in.com\/wp-content\/uploads\/2025\/10\/13402700-1.jpg\" \/>\n\t<meta property=\"og:image:width\" content=\"1600\" \/>\n\t<meta property=\"og:image:height\" content=\"1600\" \/>\n\t<meta property=\"og:image:type\" content=\"image\/jpeg\" \/>\n<meta name=\"twitter:card\" content=\"summary_large_image\" \/>\n<script type=\"application\/ld+json\" class=\"yoast-schema-graph\">{\"@context\":\"https:\\\/\\\/schema.org\",\"@graph\":[{\"@type\":\"WebPage\",\"@id\":\"https:\\\/\\\/perle-in.com\\\/en\\\/product\\\/torche-magnetique-28-led-lutz\\\/\",\"url\":\"https:\\\/\\\/perle-in.com\\\/en\\\/product\\\/torche-magnetique-28-led-lutz\\\/\",\"name\":\"Torche magn\u00e9tique 28 LED Lutz - PERLE IN\",\"isPartOf\":{\"@id\":\"https:\\\/\\\/perle-in.com\\\/#website\"},\"primaryImageOfPage\":{\"@id\":\"https:\\\/\\\/perle-in.com\\\/en\\\/product\\\/torche-magnetique-28-led-lutz\\\/#primaryimage\"},\"image\":{\"@id\":\"https:\\\/\\\/perle-in.com\\\/en\\\/product\\\/torche-magnetique-28-led-lutz\\\/#primaryimage\"},\"thumbnailUrl\":\"https:\\\/\\\/perle-in.com\\\/wp-content\\\/uploads\\\/2025\\\/10\\\/13402700-1.jpg\",\"datePublished\":\"2025-10-13T20:22:44+00:00\",\"dateModified\":\"2025-10-13T20:22:46+00:00\",\"breadcrumb\":{\"@id\":\"https:\\\/\\\/perle-in.com\\\/en\\\/product\\\/torche-magnetique-28-led-lutz\\\/#breadcrumb\"},\"inLanguage\":\"en-CA\",\"potentialAction\":[{\"@type\":\"ReadAction\",\"target\":[\"https:\\\/\\\/perle-in.com\\\/en\\\/product\\\/torche-magnetique-28-led-lutz\\\/\"]}]},{\"@type\":\"ImageObject\",\"inLanguage\":\"en-CA\",\"@id\":\"https:\\\/\\\/perle-in.com\\\/en\\\/product\\\/torche-magnetique-28-led-lutz\\\/#primaryimage\",\"url\":\"https:\\\/\\\/perle-in.com\\\/wp-content\\\/uploads\\\/2025\\\/10\\\/13402700-1.jpg\",\"contentUrl\":\"https:\\\/\\\/perle-in.com\\\/wp-content\\\/uploads\\\/2025\\\/10\\\/13402700-1.jpg\",\"width\":1600,\"height\":1600},{\"@type\":\"BreadcrumbList\",\"@id\":\"https:\\\/\\\/perle-in.com\\\/en\\\/product\\\/torche-magnetique-28-led-lutz\\\/#breadcrumb\",\"itemListElement\":[{\"@type\":\"ListItem\",\"position\":1,\"name\":\"Accueil\",\"item\":\"https:\\\/\\\/perle-in.com\\\/\"},{\"@type\":\"ListItem\",\"position\":2,\"name\":\"Boutique\",\"item\":\"https:\\\/\\\/perle-in.com\\\/boutique\\\/\"},{\"@type\":\"ListItem\",\"position\":3,\"name\":\"Torche magn\u00e9tique 28 LED Lutz\"}]},{\"@type\":\"WebSite\",\"@id\":\"https:\\\/\\\/perle-in.com\\\/#website\",\"url\":\"https:\\\/\\\/perle-in.com\\\/\",\"name\":\"PERLE IN\",\"description\":\"\",\"publisher\":{\"@id\":\"https:\\\/\\\/perle-in.com\\\/#organization\"},\"potentialAction\":[{\"@type\":\"SearchAction\",\"target\":{\"@type\":\"EntryPoint\",\"urlTemplate\":\"https:\\\/\\\/perle-in.com\\\/?s={search_term_string}\"},\"query-input\":{\"@type\":\"PropertyValueSpecification\",\"valueRequired\":true,\"valueName\":\"search_term_string\"}}],\"inLanguage\":\"en-CA\"},{\"@type\":\"Organization\",\"@id\":\"https:\\\/\\\/perle-in.com\\\/#organization\",\"name\":\"PERLE IN\",\"url\":\"https:\\\/\\\/perle-in.com\\\/\",\"logo\":{\"@type\":\"ImageObject\",\"inLanguage\":\"en-CA\",\"@id\":\"https:\\\/\\\/perle-in.com\\\/#\\\/schema\\\/logo\\\/image\\\/\",\"url\":\"https:\\\/\\\/perle-in.com\\\/wp-content\\\/uploads\\\/2022\\\/12\\\/LOGO-PERLE-IN-COULEUR@3x.webp\",\"contentUrl\":\"https:\\\/\\\/perle-in.com\\\/wp-content\\\/uploads\\\/2022\\\/12\\\/LOGO-PERLE-IN-COULEUR@3x.webp\",\"width\":1600,\"height\":490,\"caption\":\"PERLE IN\"},\"image\":{\"@id\":\"https:\\\/\\\/perle-in.com\\\/#\\\/schema\\\/logo\\\/image\\\/\"}}]}<\/script>\n<!-- \/ Yoast SEO plugin. -->","yoast_head_json":{"title":"Torche magn\u00e9tique 28 LED Lutz - PERLE IN","robots":{"index":"noindex","follow":"follow","max-snippet":"max-snippet:-1","max-image-preview":"max-image-preview:large","max-video-preview":"max-video-preview:-1"},"og_locale":"en_US","og_type":"article","og_title":"Torche magn\u00e9tique 28 LED Lutz - PERLE IN","og_description":"Torche magn\u00e9tique \u00e9lanc\u00e9e qui dispose de trois modes. Le premier mode est une lampe de poche \u00e0 4 LED 4, le deuxi\u00e8me mode est une lumi\u00e8re \u00e0 24 LED, et le troisi\u00e8me mode regroupe les deux premiers. Dos magn\u00e9tique pour un rangement facile ou pour un positionnement sur des surfaces m\u00e9talliques lors de l'utilisation. Bouton-poussoir. Avec dragonne. Pr\u00e9sentation dans un coffret cadeau STAC. Piles fournies et ins\u00e9r\u00e9es. Design Exclusif.","og_url":"https:\/\/perle-in.com\/en\/product\/torche-magnetique-28-led-lutz\/","og_site_name":"PERLE IN","article_modified_time":"2025-10-13T20:22:46+00:00","og_image":[{"width":1600,"height":1600,"url":"https:\/\/perle-in.com\/wp-content\/uploads\/2025\/10\/13402700-1.jpg","type":"image\/jpeg"}],"twitter_card":"summary_large_image","schema":{"@context":"https:\/\/schema.org","@graph":[{"@type":"WebPage","@id":"https:\/\/perle-in.com\/en\/product\/torche-magnetique-28-led-lutz\/","url":"https:\/\/perle-in.com\/en\/product\/torche-magnetique-28-led-lutz\/","name":"Torche magn\u00e9tique 28 LED Lutz - PERLE IN","isPartOf":{"@id":"https:\/\/perle-in.com\/#website"},"primaryImageOfPage":{"@id":"https:\/\/perle-in.com\/en\/product\/torche-magnetique-28-led-lutz\/#primaryimage"},"image":{"@id":"https:\/\/perle-in.com\/en\/product\/torche-magnetique-28-led-lutz\/#primaryimage"},"thumbnailUrl":"https:\/\/perle-in.com\/wp-content\/uploads\/2025\/10\/13402700-1.jpg","datePublished":"2025-10-13T20:22:44+00:00","dateModified":"2025-10-13T20:22:46+00:00","breadcrumb":{"@id":"https:\/\/perle-in.com\/en\/product\/torche-magnetique-28-led-lutz\/#breadcrumb"},"inLanguage":"en-CA","potentialAction":[{"@type":"ReadAction","target":["https:\/\/perle-in.com\/en\/product\/torche-magnetique-28-led-lutz\/"]}]},{"@type":"ImageObject","inLanguage":"en-CA","@id":"https:\/\/perle-in.com\/en\/product\/torche-magnetique-28-led-lutz\/#primaryimage","url":"https:\/\/perle-in.com\/wp-content\/uploads\/2025\/10\/13402700-1.jpg","contentUrl":"https:\/\/perle-in.com\/wp-content\/uploads\/2025\/10\/13402700-1.jpg","width":1600,"height":1600},{"@type":"BreadcrumbList","@id":"https:\/\/perle-in.com\/en\/product\/torche-magnetique-28-led-lutz\/#breadcrumb","itemListElement":[{"@type":"ListItem","position":1,"name":"Accueil","item":"https:\/\/perle-in.com\/"},{"@type":"ListItem","position":2,"name":"Boutique","item":"https:\/\/perle-in.com\/boutique\/"},{"@type":"ListItem","position":3,"name":"Torche magn\u00e9tique 28 LED Lutz"}]},{"@type":"WebSite","@id":"https:\/\/perle-in.com\/#website","url":"https:\/\/perle-in.com\/","name":"PERLE IN","description":"","publisher":{"@id":"https:\/\/perle-in.com\/#organization"},"potentialAction":[{"@type":"SearchAction","target":{"@type":"EntryPoint","urlTemplate":"https:\/\/perle-in.com\/?s={search_term_string}"},"query-input":{"@type":"PropertyValueSpecification","valueRequired":true,"valueName":"search_term_string"}}],"inLanguage":"en-CA"},{"@type":"Organization","@id":"https:\/\/perle-in.com\/#organization","name":"PERLE IN","url":"https:\/\/perle-in.com\/","logo":{"@type":"ImageObject","inLanguage":"en-CA","@id":"https:\/\/perle-in.com\/#\/schema\/logo\/image\/","url":"https:\/\/perle-in.com\/wp-content\/uploads\/2022\/12\/LOGO-PERLE-IN-COULEUR@3x.webp","contentUrl":"https:\/\/perle-in.com\/wp-content\/uploads\/2022\/12\/LOGO-PERLE-IN-COULEUR@3x.webp","width":1600,"height":490,"caption":"PERLE IN"},"image":{"@id":"https:\/\/perle-in.com\/#\/schema\/logo\/image\/"}}]}},"jetpack_sharing_enabled":true,"_links":{"self":[{"href":"https:\/\/perle-in.com\/en\/wp-json\/wp\/v2\/product\/505721","targetHints":{"allow":["GET"]}}],"collection":[{"href":"https:\/\/perle-in.com\/en\/wp-json\/wp\/v2\/product"}],"about":[{"href":"https:\/\/perle-in.com\/en\/wp-json\/wp\/v2\/types\/product"}],"version-history":[{"count":0,"href":"https:\/\/perle-in.com\/en\/wp-json\/wp\/v2\/product\/505721\/revisions"}],"wp:featuredmedia":[{"embeddable":true,"href":"https:\/\/perle-in.com\/en\/wp-json\/wp\/v2\/media\/505715"}],"wp:attachment":[{"href":"https:\/\/perle-in.com\/en\/wp-json\/wp\/v2\/media?parent=505721"}],"wp:term":[{"taxonomy":"product_brand","embeddable":true,"href":"https:\/\/perle-in.com\/en\/wp-json\/wp\/v2\/product_brand?post=505721"},{"taxonomy":"product_cat","embeddable":true,"href":"https:\/\/perle-in.com\/en\/wp-json\/wp\/v2\/product_cat?post=505721"},{"taxonomy":"product_tag","embeddable":true,"href":"https:\/\/perle-in.com\/en\/wp-json\/wp\/v2\/product_tag?post=505721"}],"curies":[{"name":"wp","href":"https:\/\/api.w.org\/{rel}","templated":true}]}}