{"id":505670,"date":"2025-10-13T22:09:23","date_gmt":"2025-10-13T20:09:23","guid":{"rendered":"https:\/\/perle-in.com\/produit\/set-de-bandes-elastiques-de-fitness-crane\/"},"modified":"2025-10-13T22:29:38","modified_gmt":"2025-10-13T20:29:38","slug":"set-de-bandes-elastiques-de-fitness-crane","status":"publish","type":"product","link":"https:\/\/perle-in.com\/en\/product\/set-de-bandes-elastiques-de-fitness-crane\/","title":{"rendered":"Set de bandes \u00e9lastiques de fitness Crane"},"content":{"rendered":"","protected":false},"excerpt":{"rendered":"<p>Set de 5 bandeaux \u00e9lastiques durables (60x5cms) de diff\u00e9rentes r\u00e9sistances. Chacun d&#8217;entre eux offre une r\u00e9sistance r\u00e9elle qui vous fera travailler vos muscles et vous aidera \u00e0 vous maintenir en forme. Tr\u00e8s utilis\u00e9s dans tous types d&#8217;exercices. Fourni avec pochette de rangement qui peut se marquer.Taille et r\u00e9sistance des diff\u00e9rents \u00e9lastiques: vert 0.35 mm\/4.5 kg\/10 lbs, bleu 0.50 mm\/5.4 kg\/12 lbs, jaune 0.7 mm\/7.2 kg\/16 lbs, rouge 0.9 mm\/8.1 kg\/18 lbs, noir 1.1 mm\/9 kg\/20 lbs.<\/p>","protected":false},"featured_media":505665,"template":"","meta":{"_eb_attr":""},"product_brand":[],"product_cat":[232,129],"product_tag":[1991,1988,1989,1990,203,237],"class_list":{"0":"post-505670","1":"product","2":"type-product","3":"status-publish","4":"has-post-thumbnail","6":"product_cat-articles-de-fitness-et-de-sport","7":"product_cat-sport-et-loisirs","8":"product_tag-gymnastique","9":"product_tag-musculation","10":"product_tag-set-de-gym","11":"product_tag-sets-de-gym","12":"product_tag-sport","13":"product_tag-sports","14":"pa_couleurs-noir","15":"pa_matiere-nylon-latex","17":"first","18":"instock","19":"sale","20":"shipping-taxable","21":"purchasable","22":"product-type-variable"},"yoast_head":"<!-- This site is optimized with the Yoast SEO plugin v27.4 - https:\/\/yoast.com\/product\/yoast-seo-wordpress\/ -->\n<title>Set de bandes \u00e9lastiques de fitness Crane - PERLE IN<\/title>\n<meta name=\"robots\" content=\"noindex, follow, max-snippet:-1, max-image-preview:large, max-video-preview:-1\" \/>\n<meta property=\"og:locale\" content=\"en_US\" \/>\n<meta property=\"og:type\" content=\"article\" \/>\n<meta property=\"og:title\" content=\"Set de bandes \u00e9lastiques de fitness Crane - PERLE IN\" \/>\n<meta property=\"og:description\" content=\"Set de 5 bandeaux \u00e9lastiques durables (60x5cms) de diff\u00e9rentes r\u00e9sistances. Chacun d&#039;entre eux offre une r\u00e9sistance r\u00e9elle qui vous fera travailler vos muscles et vous aidera \u00e0 vous maintenir en forme. Tr\u00e8s utilis\u00e9s dans tous types d&#039;exercices. Fourni avec pochette de rangement qui peut se marquer.Taille et r\u00e9sistance des diff\u00e9rents \u00e9lastiques: vert 0.35 mm\/4.5 kg\/10 lbs, bleu 0.50 mm\/5.4 kg\/12 lbs, jaune 0.7 mm\/7.2 kg\/16 lbs, rouge 0.9 mm\/8.1 kg\/18 lbs, noir 1.1 mm\/9 kg\/20 lbs.\" \/>\n<meta property=\"og:url\" content=\"https:\/\/perle-in.com\/en\/product\/set-de-bandes-elastiques-de-fitness-crane\/\" \/>\n<meta property=\"og:site_name\" content=\"PERLE IN\" \/>\n<meta property=\"article:modified_time\" content=\"2025-10-13T20:29:38+00:00\" \/>\n<meta property=\"og:image\" content=\"https:\/\/perle-in.com\/wp-content\/uploads\/2025\/10\/12612800-1.jpg\" \/>\n\t<meta property=\"og:image:width\" content=\"1600\" \/>\n\t<meta property=\"og:image:height\" content=\"1600\" \/>\n\t<meta property=\"og:image:type\" content=\"image\/jpeg\" \/>\n<meta name=\"twitter:card\" content=\"summary_large_image\" \/>\n<script type=\"application\/ld+json\" class=\"yoast-schema-graph\">{\"@context\":\"https:\\\/\\\/schema.org\",\"@graph\":[{\"@type\":\"WebPage\",\"@id\":\"https:\\\/\\\/perle-in.com\\\/produit\\\/set-de-bandes-elastiques-de-fitness-crane\\\/\",\"url\":\"https:\\\/\\\/perle-in.com\\\/produit\\\/set-de-bandes-elastiques-de-fitness-crane\\\/\",\"name\":\"Set de bandes \u00e9lastiques de fitness Crane - PERLE IN\",\"isPartOf\":{\"@id\":\"https:\\\/\\\/perle-in.com\\\/#website\"},\"primaryImageOfPage\":{\"@id\":\"https:\\\/\\\/perle-in.com\\\/produit\\\/set-de-bandes-elastiques-de-fitness-crane\\\/#primaryimage\"},\"image\":{\"@id\":\"https:\\\/\\\/perle-in.com\\\/produit\\\/set-de-bandes-elastiques-de-fitness-crane\\\/#primaryimage\"},\"thumbnailUrl\":\"https:\\\/\\\/perle-in.com\\\/wp-content\\\/uploads\\\/2025\\\/10\\\/12612800-1.jpg\",\"datePublished\":\"2025-10-13T20:09:23+00:00\",\"dateModified\":\"2025-10-13T20:29:38+00:00\",\"breadcrumb\":{\"@id\":\"https:\\\/\\\/perle-in.com\\\/produit\\\/set-de-bandes-elastiques-de-fitness-crane\\\/#breadcrumb\"},\"inLanguage\":\"en-CA\",\"potentialAction\":[{\"@type\":\"ReadAction\",\"target\":[\"https:\\\/\\\/perle-in.com\\\/produit\\\/set-de-bandes-elastiques-de-fitness-crane\\\/\"]}]},{\"@type\":\"ImageObject\",\"inLanguage\":\"en-CA\",\"@id\":\"https:\\\/\\\/perle-in.com\\\/produit\\\/set-de-bandes-elastiques-de-fitness-crane\\\/#primaryimage\",\"url\":\"https:\\\/\\\/perle-in.com\\\/wp-content\\\/uploads\\\/2025\\\/10\\\/12612800-1.jpg\",\"contentUrl\":\"https:\\\/\\\/perle-in.com\\\/wp-content\\\/uploads\\\/2025\\\/10\\\/12612800-1.jpg\",\"width\":1600,\"height\":1600},{\"@type\":\"BreadcrumbList\",\"@id\":\"https:\\\/\\\/perle-in.com\\\/produit\\\/set-de-bandes-elastiques-de-fitness-crane\\\/#breadcrumb\",\"itemListElement\":[{\"@type\":\"ListItem\",\"position\":1,\"name\":\"Accueil\",\"item\":\"https:\\\/\\\/perle-in.com\\\/\"},{\"@type\":\"ListItem\",\"position\":2,\"name\":\"Boutique\",\"item\":\"https:\\\/\\\/perle-in.com\\\/boutique\\\/\"},{\"@type\":\"ListItem\",\"position\":3,\"name\":\"Set de bandes \u00e9lastiques de fitness Crane\"}]},{\"@type\":\"WebSite\",\"@id\":\"https:\\\/\\\/perle-in.com\\\/#website\",\"url\":\"https:\\\/\\\/perle-in.com\\\/\",\"name\":\"PERLE IN\",\"description\":\"\",\"publisher\":{\"@id\":\"https:\\\/\\\/perle-in.com\\\/#organization\"},\"potentialAction\":[{\"@type\":\"SearchAction\",\"target\":{\"@type\":\"EntryPoint\",\"urlTemplate\":\"https:\\\/\\\/perle-in.com\\\/?s={search_term_string}\"},\"query-input\":{\"@type\":\"PropertyValueSpecification\",\"valueRequired\":true,\"valueName\":\"search_term_string\"}}],\"inLanguage\":\"en-CA\"},{\"@type\":\"Organization\",\"@id\":\"https:\\\/\\\/perle-in.com\\\/#organization\",\"name\":\"PERLE IN\",\"url\":\"https:\\\/\\\/perle-in.com\\\/\",\"logo\":{\"@type\":\"ImageObject\",\"inLanguage\":\"en-CA\",\"@id\":\"https:\\\/\\\/perle-in.com\\\/#\\\/schema\\\/logo\\\/image\\\/\",\"url\":\"https:\\\/\\\/perle-in.com\\\/wp-content\\\/uploads\\\/2022\\\/12\\\/LOGO-PERLE-IN-COULEUR@3x.webp\",\"contentUrl\":\"https:\\\/\\\/perle-in.com\\\/wp-content\\\/uploads\\\/2022\\\/12\\\/LOGO-PERLE-IN-COULEUR@3x.webp\",\"width\":1600,\"height\":490,\"caption\":\"PERLE IN\"},\"image\":{\"@id\":\"https:\\\/\\\/perle-in.com\\\/#\\\/schema\\\/logo\\\/image\\\/\"}}]}<\/script>\n<!-- \/ Yoast SEO plugin. -->","yoast_head_json":{"title":"Set de bandes \u00e9lastiques de fitness Crane - PERLE IN","robots":{"index":"noindex","follow":"follow","max-snippet":"max-snippet:-1","max-image-preview":"max-image-preview:large","max-video-preview":"max-video-preview:-1"},"og_locale":"en_US","og_type":"article","og_title":"Set de bandes \u00e9lastiques de fitness Crane - PERLE IN","og_description":"Set de 5 bandeaux \u00e9lastiques durables (60x5cms) de diff\u00e9rentes r\u00e9sistances. Chacun d'entre eux offre une r\u00e9sistance r\u00e9elle qui vous fera travailler vos muscles et vous aidera \u00e0 vous maintenir en forme. Tr\u00e8s utilis\u00e9s dans tous types d'exercices. Fourni avec pochette de rangement qui peut se marquer.Taille et r\u00e9sistance des diff\u00e9rents \u00e9lastiques: vert 0.35 mm\/4.5 kg\/10 lbs, bleu 0.50 mm\/5.4 kg\/12 lbs, jaune 0.7 mm\/7.2 kg\/16 lbs, rouge 0.9 mm\/8.1 kg\/18 lbs, noir 1.1 mm\/9 kg\/20 lbs.","og_url":"https:\/\/perle-in.com\/en\/product\/set-de-bandes-elastiques-de-fitness-crane\/","og_site_name":"PERLE IN","article_modified_time":"2025-10-13T20:29:38+00:00","og_image":[{"width":1600,"height":1600,"url":"https:\/\/perle-in.com\/wp-content\/uploads\/2025\/10\/12612800-1.jpg","type":"image\/jpeg"}],"twitter_card":"summary_large_image","schema":{"@context":"https:\/\/schema.org","@graph":[{"@type":"WebPage","@id":"https:\/\/perle-in.com\/produit\/set-de-bandes-elastiques-de-fitness-crane\/","url":"https:\/\/perle-in.com\/produit\/set-de-bandes-elastiques-de-fitness-crane\/","name":"Set de bandes \u00e9lastiques de fitness Crane - PERLE IN","isPartOf":{"@id":"https:\/\/perle-in.com\/#website"},"primaryImageOfPage":{"@id":"https:\/\/perle-in.com\/produit\/set-de-bandes-elastiques-de-fitness-crane\/#primaryimage"},"image":{"@id":"https:\/\/perle-in.com\/produit\/set-de-bandes-elastiques-de-fitness-crane\/#primaryimage"},"thumbnailUrl":"https:\/\/perle-in.com\/wp-content\/uploads\/2025\/10\/12612800-1.jpg","datePublished":"2025-10-13T20:09:23+00:00","dateModified":"2025-10-13T20:29:38+00:00","breadcrumb":{"@id":"https:\/\/perle-in.com\/produit\/set-de-bandes-elastiques-de-fitness-crane\/#breadcrumb"},"inLanguage":"en-CA","potentialAction":[{"@type":"ReadAction","target":["https:\/\/perle-in.com\/produit\/set-de-bandes-elastiques-de-fitness-crane\/"]}]},{"@type":"ImageObject","inLanguage":"en-CA","@id":"https:\/\/perle-in.com\/produit\/set-de-bandes-elastiques-de-fitness-crane\/#primaryimage","url":"https:\/\/perle-in.com\/wp-content\/uploads\/2025\/10\/12612800-1.jpg","contentUrl":"https:\/\/perle-in.com\/wp-content\/uploads\/2025\/10\/12612800-1.jpg","width":1600,"height":1600},{"@type":"BreadcrumbList","@id":"https:\/\/perle-in.com\/produit\/set-de-bandes-elastiques-de-fitness-crane\/#breadcrumb","itemListElement":[{"@type":"ListItem","position":1,"name":"Accueil","item":"https:\/\/perle-in.com\/"},{"@type":"ListItem","position":2,"name":"Boutique","item":"https:\/\/perle-in.com\/boutique\/"},{"@type":"ListItem","position":3,"name":"Set de bandes \u00e9lastiques de fitness Crane"}]},{"@type":"WebSite","@id":"https:\/\/perle-in.com\/#website","url":"https:\/\/perle-in.com\/","name":"PERLE IN","description":"","publisher":{"@id":"https:\/\/perle-in.com\/#organization"},"potentialAction":[{"@type":"SearchAction","target":{"@type":"EntryPoint","urlTemplate":"https:\/\/perle-in.com\/?s={search_term_string}"},"query-input":{"@type":"PropertyValueSpecification","valueRequired":true,"valueName":"search_term_string"}}],"inLanguage":"en-CA"},{"@type":"Organization","@id":"https:\/\/perle-in.com\/#organization","name":"PERLE IN","url":"https:\/\/perle-in.com\/","logo":{"@type":"ImageObject","inLanguage":"en-CA","@id":"https:\/\/perle-in.com\/#\/schema\/logo\/image\/","url":"https:\/\/perle-in.com\/wp-content\/uploads\/2022\/12\/LOGO-PERLE-IN-COULEUR@3x.webp","contentUrl":"https:\/\/perle-in.com\/wp-content\/uploads\/2022\/12\/LOGO-PERLE-IN-COULEUR@3x.webp","width":1600,"height":490,"caption":"PERLE IN"},"image":{"@id":"https:\/\/perle-in.com\/#\/schema\/logo\/image\/"}}]}},"jetpack_sharing_enabled":true,"_links":{"self":[{"href":"https:\/\/perle-in.com\/en\/wp-json\/wp\/v2\/product\/505670","targetHints":{"allow":["GET"]}}],"collection":[{"href":"https:\/\/perle-in.com\/en\/wp-json\/wp\/v2\/product"}],"about":[{"href":"https:\/\/perle-in.com\/en\/wp-json\/wp\/v2\/types\/product"}],"version-history":[{"count":0,"href":"https:\/\/perle-in.com\/en\/wp-json\/wp\/v2\/product\/505670\/revisions"}],"wp:featuredmedia":[{"embeddable":true,"href":"https:\/\/perle-in.com\/en\/wp-json\/wp\/v2\/media\/505665"}],"wp:attachment":[{"href":"https:\/\/perle-in.com\/en\/wp-json\/wp\/v2\/media?parent=505670"}],"wp:term":[{"taxonomy":"product_brand","embeddable":true,"href":"https:\/\/perle-in.com\/en\/wp-json\/wp\/v2\/product_brand?post=505670"},{"taxonomy":"product_cat","embeddable":true,"href":"https:\/\/perle-in.com\/en\/wp-json\/wp\/v2\/product_cat?post=505670"},{"taxonomy":"product_tag","embeddable":true,"href":"https:\/\/perle-in.com\/en\/wp-json\/wp\/v2\/product_tag?post=505670"}],"curies":[{"name":"wp","href":"https:\/\/api.w.org\/{rel}","templated":true}]}}