{"id":505654,"date":"2025-10-13T22:07:03","date_gmt":"2025-10-13T20:07:03","guid":{"rendered":"https:\/\/perle-in.com\/produit\/enceinte-bluetooth-en-tissu-fashion\/"},"modified":"2025-10-13T22:07:14","modified_gmt":"2025-10-13T20:07:14","slug":"enceinte-bluetooth-en-tissu-fashion","status":"publish","type":"product","link":"https:\/\/perle-in.com\/en\/product\/enceinte-bluetooth-en-tissu-fashion\/","title":{"rendered":"Enceinte Bluetooth\u00ae en tissu Fashion"},"content":{"rendered":"","protected":false},"excerpt":{"rendered":"<p>L\u2019enceinte Bluetooth\u00ae en tissu Fashion offre un son exceptionnel et un style tendance. La grille de l\u2019enceinte est envelopp\u00e9e d\u2019un tissu tiss\u00e9 et le bo\u00eetier a une finition douce au toucher. Le pilote 3\u00a0watts de l\u2019enceinte a de l\u2019\u00e9nergie \u00e0 revendre, tandis que le contr\u00f4le de la musique et le microphone int\u00e9gr\u00e9s vous permettent de g\u00e9rer la musique et de tenir une conf\u00e9rence t\u00e9l\u00e9phonique \u00e0 partir de n\u2019importe quel endroit sans toucher votre t\u00e9l\u00e9phone. La batterie de 400\u00a0mAh permet de lire de la musique pendant plus de 2\u00a0heures. Port\u00e9e de fonctionnement du Bluetooth\u00ae de 10\u00a0m\u00e8tres. Bluetooth\u00ae version 5.0.<\/p>","protected":false},"featured_media":505646,"template":"","meta":{"_eb_attr":""},"product_brand":[],"product_cat":[817,667],"product_tag":[818,1656,819],"class_list":{"0":"post-505654","1":"product","2":"type-product","3":"status-publish","4":"has-post-thumbnail","6":"product_cat-enceintes","7":"product_cat-technologie","8":"product_tag-bluetooth","9":"product_tag-enceinte","10":"product_tag-haut-parleur","11":"pa_couleurs-bleu-royal","12":"pa_couleurs-gris","13":"pa_couleurs-noir","15":"first","16":"instock","17":"shipping-taxable","18":"purchasable","19":"product-type-variable"},"yoast_head":"<!-- This site is optimized with the Yoast SEO plugin v27.4 - https:\/\/yoast.com\/product\/yoast-seo-wordpress\/ -->\n<title>Enceinte Bluetooth\u00ae en tissu Fashion - PERLE IN<\/title>\n<meta name=\"robots\" content=\"noindex, follow, max-snippet:-1, max-image-preview:large, max-video-preview:-1\" \/>\n<meta property=\"og:locale\" content=\"en_US\" \/>\n<meta property=\"og:type\" content=\"article\" \/>\n<meta property=\"og:title\" content=\"Enceinte Bluetooth\u00ae en tissu Fashion - PERLE IN\" \/>\n<meta property=\"og:description\" content=\"L\u2019enceinte Bluetooth\u00ae en tissu Fashion offre un son exceptionnel et un style tendance. La grille de l\u2019enceinte est envelopp\u00e9e d\u2019un tissu tiss\u00e9 et le bo\u00eetier a une finition douce au toucher. Le pilote 3\u00a0watts de l\u2019enceinte a de l\u2019\u00e9nergie \u00e0 revendre, tandis que le contr\u00f4le de la musique et le microphone int\u00e9gr\u00e9s vous permettent de g\u00e9rer la musique et de tenir une conf\u00e9rence t\u00e9l\u00e9phonique \u00e0 partir de n\u2019importe quel endroit sans toucher votre t\u00e9l\u00e9phone. La batterie de 400\u00a0mAh permet de lire de la musique pendant plus de 2\u00a0heures. Port\u00e9e de fonctionnement du Bluetooth\u00ae de 10\u00a0m\u00e8tres. Bluetooth\u00ae version 5.0.\" \/>\n<meta property=\"og:url\" content=\"https:\/\/perle-in.com\/en\/product\/enceinte-bluetooth-en-tissu-fashion\/\" \/>\n<meta property=\"og:site_name\" content=\"PERLE IN\" \/>\n<meta property=\"article:modified_time\" content=\"2025-10-13T20:07:14+00:00\" \/>\n<meta property=\"og:image\" content=\"https:\/\/perle-in.com\/wp-content\/uploads\/2025\/10\/12413300-1.jpg\" \/>\n\t<meta property=\"og:image:width\" content=\"1600\" \/>\n\t<meta property=\"og:image:height\" content=\"1600\" \/>\n\t<meta property=\"og:image:type\" content=\"image\/jpeg\" \/>\n<meta name=\"twitter:card\" content=\"summary_large_image\" \/>\n<script type=\"application\/ld+json\" class=\"yoast-schema-graph\">{\"@context\":\"https:\\\/\\\/schema.org\",\"@graph\":[{\"@type\":\"WebPage\",\"@id\":\"https:\\\/\\\/perle-in.com\\\/en\\\/product\\\/enceinte-bluetooth-en-tissu-fashion\\\/\",\"url\":\"https:\\\/\\\/perle-in.com\\\/en\\\/product\\\/enceinte-bluetooth-en-tissu-fashion\\\/\",\"name\":\"Enceinte Bluetooth\u00ae en tissu Fashion - PERLE IN\",\"isPartOf\":{\"@id\":\"https:\\\/\\\/perle-in.com\\\/#website\"},\"primaryImageOfPage\":{\"@id\":\"https:\\\/\\\/perle-in.com\\\/en\\\/product\\\/enceinte-bluetooth-en-tissu-fashion\\\/#primaryimage\"},\"image\":{\"@id\":\"https:\\\/\\\/perle-in.com\\\/en\\\/product\\\/enceinte-bluetooth-en-tissu-fashion\\\/#primaryimage\"},\"thumbnailUrl\":\"https:\\\/\\\/perle-in.com\\\/wp-content\\\/uploads\\\/2025\\\/10\\\/12413300-1.jpg\",\"datePublished\":\"2025-10-13T20:07:03+00:00\",\"dateModified\":\"2025-10-13T20:07:14+00:00\",\"breadcrumb\":{\"@id\":\"https:\\\/\\\/perle-in.com\\\/en\\\/product\\\/enceinte-bluetooth-en-tissu-fashion\\\/#breadcrumb\"},\"inLanguage\":\"en-CA\",\"potentialAction\":[{\"@type\":\"ReadAction\",\"target\":[\"https:\\\/\\\/perle-in.com\\\/en\\\/product\\\/enceinte-bluetooth-en-tissu-fashion\\\/\"]}]},{\"@type\":\"ImageObject\",\"inLanguage\":\"en-CA\",\"@id\":\"https:\\\/\\\/perle-in.com\\\/en\\\/product\\\/enceinte-bluetooth-en-tissu-fashion\\\/#primaryimage\",\"url\":\"https:\\\/\\\/perle-in.com\\\/wp-content\\\/uploads\\\/2025\\\/10\\\/12413300-1.jpg\",\"contentUrl\":\"https:\\\/\\\/perle-in.com\\\/wp-content\\\/uploads\\\/2025\\\/10\\\/12413300-1.jpg\",\"width\":1600,\"height\":1600},{\"@type\":\"BreadcrumbList\",\"@id\":\"https:\\\/\\\/perle-in.com\\\/en\\\/product\\\/enceinte-bluetooth-en-tissu-fashion\\\/#breadcrumb\",\"itemListElement\":[{\"@type\":\"ListItem\",\"position\":1,\"name\":\"Accueil\",\"item\":\"https:\\\/\\\/perle-in.com\\\/\"},{\"@type\":\"ListItem\",\"position\":2,\"name\":\"Boutique\",\"item\":\"https:\\\/\\\/perle-in.com\\\/boutique\\\/\"},{\"@type\":\"ListItem\",\"position\":3,\"name\":\"Enceinte Bluetooth\u00ae en tissu Fashion\"}]},{\"@type\":\"WebSite\",\"@id\":\"https:\\\/\\\/perle-in.com\\\/#website\",\"url\":\"https:\\\/\\\/perle-in.com\\\/\",\"name\":\"PERLE IN\",\"description\":\"\",\"publisher\":{\"@id\":\"https:\\\/\\\/perle-in.com\\\/#organization\"},\"potentialAction\":[{\"@type\":\"SearchAction\",\"target\":{\"@type\":\"EntryPoint\",\"urlTemplate\":\"https:\\\/\\\/perle-in.com\\\/?s={search_term_string}\"},\"query-input\":{\"@type\":\"PropertyValueSpecification\",\"valueRequired\":true,\"valueName\":\"search_term_string\"}}],\"inLanguage\":\"en-CA\"},{\"@type\":\"Organization\",\"@id\":\"https:\\\/\\\/perle-in.com\\\/#organization\",\"name\":\"PERLE IN\",\"url\":\"https:\\\/\\\/perle-in.com\\\/\",\"logo\":{\"@type\":\"ImageObject\",\"inLanguage\":\"en-CA\",\"@id\":\"https:\\\/\\\/perle-in.com\\\/#\\\/schema\\\/logo\\\/image\\\/\",\"url\":\"https:\\\/\\\/perle-in.com\\\/wp-content\\\/uploads\\\/2022\\\/12\\\/LOGO-PERLE-IN-COULEUR@3x.webp\",\"contentUrl\":\"https:\\\/\\\/perle-in.com\\\/wp-content\\\/uploads\\\/2022\\\/12\\\/LOGO-PERLE-IN-COULEUR@3x.webp\",\"width\":1600,\"height\":490,\"caption\":\"PERLE IN\"},\"image\":{\"@id\":\"https:\\\/\\\/perle-in.com\\\/#\\\/schema\\\/logo\\\/image\\\/\"}}]}<\/script>\n<!-- \/ Yoast SEO plugin. -->","yoast_head_json":{"title":"Enceinte Bluetooth\u00ae en tissu Fashion - PERLE IN","robots":{"index":"noindex","follow":"follow","max-snippet":"max-snippet:-1","max-image-preview":"max-image-preview:large","max-video-preview":"max-video-preview:-1"},"og_locale":"en_US","og_type":"article","og_title":"Enceinte Bluetooth\u00ae en tissu Fashion - PERLE IN","og_description":"L\u2019enceinte Bluetooth\u00ae en tissu Fashion offre un son exceptionnel et un style tendance. La grille de l\u2019enceinte est envelopp\u00e9e d\u2019un tissu tiss\u00e9 et le bo\u00eetier a une finition douce au toucher. Le pilote 3\u00a0watts de l\u2019enceinte a de l\u2019\u00e9nergie \u00e0 revendre, tandis que le contr\u00f4le de la musique et le microphone int\u00e9gr\u00e9s vous permettent de g\u00e9rer la musique et de tenir une conf\u00e9rence t\u00e9l\u00e9phonique \u00e0 partir de n\u2019importe quel endroit sans toucher votre t\u00e9l\u00e9phone. La batterie de 400\u00a0mAh permet de lire de la musique pendant plus de 2\u00a0heures. Port\u00e9e de fonctionnement du Bluetooth\u00ae de 10\u00a0m\u00e8tres. Bluetooth\u00ae version 5.0.","og_url":"https:\/\/perle-in.com\/en\/product\/enceinte-bluetooth-en-tissu-fashion\/","og_site_name":"PERLE IN","article_modified_time":"2025-10-13T20:07:14+00:00","og_image":[{"width":1600,"height":1600,"url":"https:\/\/perle-in.com\/wp-content\/uploads\/2025\/10\/12413300-1.jpg","type":"image\/jpeg"}],"twitter_card":"summary_large_image","schema":{"@context":"https:\/\/schema.org","@graph":[{"@type":"WebPage","@id":"https:\/\/perle-in.com\/en\/product\/enceinte-bluetooth-en-tissu-fashion\/","url":"https:\/\/perle-in.com\/en\/product\/enceinte-bluetooth-en-tissu-fashion\/","name":"Enceinte Bluetooth\u00ae en tissu Fashion - PERLE IN","isPartOf":{"@id":"https:\/\/perle-in.com\/#website"},"primaryImageOfPage":{"@id":"https:\/\/perle-in.com\/en\/product\/enceinte-bluetooth-en-tissu-fashion\/#primaryimage"},"image":{"@id":"https:\/\/perle-in.com\/en\/product\/enceinte-bluetooth-en-tissu-fashion\/#primaryimage"},"thumbnailUrl":"https:\/\/perle-in.com\/wp-content\/uploads\/2025\/10\/12413300-1.jpg","datePublished":"2025-10-13T20:07:03+00:00","dateModified":"2025-10-13T20:07:14+00:00","breadcrumb":{"@id":"https:\/\/perle-in.com\/en\/product\/enceinte-bluetooth-en-tissu-fashion\/#breadcrumb"},"inLanguage":"en-CA","potentialAction":[{"@type":"ReadAction","target":["https:\/\/perle-in.com\/en\/product\/enceinte-bluetooth-en-tissu-fashion\/"]}]},{"@type":"ImageObject","inLanguage":"en-CA","@id":"https:\/\/perle-in.com\/en\/product\/enceinte-bluetooth-en-tissu-fashion\/#primaryimage","url":"https:\/\/perle-in.com\/wp-content\/uploads\/2025\/10\/12413300-1.jpg","contentUrl":"https:\/\/perle-in.com\/wp-content\/uploads\/2025\/10\/12413300-1.jpg","width":1600,"height":1600},{"@type":"BreadcrumbList","@id":"https:\/\/perle-in.com\/en\/product\/enceinte-bluetooth-en-tissu-fashion\/#breadcrumb","itemListElement":[{"@type":"ListItem","position":1,"name":"Accueil","item":"https:\/\/perle-in.com\/"},{"@type":"ListItem","position":2,"name":"Boutique","item":"https:\/\/perle-in.com\/boutique\/"},{"@type":"ListItem","position":3,"name":"Enceinte Bluetooth\u00ae en tissu Fashion"}]},{"@type":"WebSite","@id":"https:\/\/perle-in.com\/#website","url":"https:\/\/perle-in.com\/","name":"PERLE IN","description":"","publisher":{"@id":"https:\/\/perle-in.com\/#organization"},"potentialAction":[{"@type":"SearchAction","target":{"@type":"EntryPoint","urlTemplate":"https:\/\/perle-in.com\/?s={search_term_string}"},"query-input":{"@type":"PropertyValueSpecification","valueRequired":true,"valueName":"search_term_string"}}],"inLanguage":"en-CA"},{"@type":"Organization","@id":"https:\/\/perle-in.com\/#organization","name":"PERLE IN","url":"https:\/\/perle-in.com\/","logo":{"@type":"ImageObject","inLanguage":"en-CA","@id":"https:\/\/perle-in.com\/#\/schema\/logo\/image\/","url":"https:\/\/perle-in.com\/wp-content\/uploads\/2022\/12\/LOGO-PERLE-IN-COULEUR@3x.webp","contentUrl":"https:\/\/perle-in.com\/wp-content\/uploads\/2022\/12\/LOGO-PERLE-IN-COULEUR@3x.webp","width":1600,"height":490,"caption":"PERLE IN"},"image":{"@id":"https:\/\/perle-in.com\/#\/schema\/logo\/image\/"}}]}},"jetpack_sharing_enabled":true,"_links":{"self":[{"href":"https:\/\/perle-in.com\/en\/wp-json\/wp\/v2\/product\/505654","targetHints":{"allow":["GET"]}}],"collection":[{"href":"https:\/\/perle-in.com\/en\/wp-json\/wp\/v2\/product"}],"about":[{"href":"https:\/\/perle-in.com\/en\/wp-json\/wp\/v2\/types\/product"}],"version-history":[{"count":0,"href":"https:\/\/perle-in.com\/en\/wp-json\/wp\/v2\/product\/505654\/revisions"}],"wp:featuredmedia":[{"embeddable":true,"href":"https:\/\/perle-in.com\/en\/wp-json\/wp\/v2\/media\/505646"}],"wp:attachment":[{"href":"https:\/\/perle-in.com\/en\/wp-json\/wp\/v2\/media?parent=505654"}],"wp:term":[{"taxonomy":"product_brand","embeddable":true,"href":"https:\/\/perle-in.com\/en\/wp-json\/wp\/v2\/product_brand?post=505654"},{"taxonomy":"product_cat","embeddable":true,"href":"https:\/\/perle-in.com\/en\/wp-json\/wp\/v2\/product_cat?post=505654"},{"taxonomy":"product_tag","embeddable":true,"href":"https:\/\/perle-in.com\/en\/wp-json\/wp\/v2\/product_tag?post=505654"}],"curies":[{"name":"wp","href":"https:\/\/api.w.org\/{rel}","templated":true}]}}